{"id":14881,"date":"2021-11-04T10:48:40","date_gmt":"2021-11-04T09:48:40","guid":{"rendered":"https:\/\/hifi-filter.sitendev.com\/cgv-hifi-filter-s-a\/"},"modified":"2021-12-06T09:09:11","modified_gmt":"2021-12-06T08:09:11","slug":"hifi-filter-sa","status":"publish","type":"page","link":"https:\/\/hifi-filter.com\/de\/allgemeine-geschaftsbedingungen\/hifi-filter-sa\/","title":{"rendered":"Allgemeine Gesch\u00e4ftsbedingungen &#8211; HIFI FILTER S.A."},"content":{"rendered":"<div class=\"Text1Column\" data-component-id=\"Text1Column\">\r\n            <div class=\"Text1Column-text AppText\"><strong>1 &#8211; GELTUNGSBEREICH UNSERER ALLGEMEINEN GESCH\u00c4FTS-BEDINGUNGEN<\/strong>\r\n\r\nUnsere Verkaufsgesch\u00e4fte unterliegen allein unseren Allgemeinen Gesch\u00e4ftsbedingungen, und zwar unter Ausschluss der Allgemeinen Einkaufsbedingungen des Kunden sowie aller anderen diesbez\u00fcglichen Schriftst\u00fccke, wobei die darin enthaltenen Bedingungen von Rechts wegen und ohne weitere Formalit\u00e4ten ung\u00fcltig sind. Durch die Warenannahme erkl\u00e4rt der Kunde sein Einverst\u00e4ndnis mit den vorliegenden Gesch\u00e4ftsbedingungen, und jede neue Warenbestellung wird in diesem rechtlichen Rahmen ausgef\u00fchrt.\r\n\r\n<strong>2 &#8211; WARENBESTELLUNGEN<\/strong>\r\n\r\nBei jeder Bestellung m\u00fcssen der Name des Kunden, das Bestelldatum, der Artikel sowie Mengen und Preise genannt werden.\r\nDie Bestellung des K\u00e4ufers wird mit der Annahme durch den Verk\u00e4ufer wirksam, und zwar per Telefon, Telex, Fax oder auf jede andere Art und Weise.\r\nDer Kunde \u00fcbernimmt die Verantwortung f\u00fcr seine Bestellungen, denn er allein kennt den Verwendungszweck sowie die Anwendungsbedingungen, die uns v\u00f6llig unbekannt sind. Im Falle von Bestellungen aufgrund von Unterlagen, die dem Kunden auf CD-ROM oder in Papierform zugegangen sind, stellen Ausk\u00fcnfte, Abbildungen, Fotos oder Anmerkungen Richtwerte dar und k\u00f6nnen bei der n\u00e4chsten Auflage bzw. Ausgabe Ver\u00e4nderungen unterliegen. Diese Informationen ersetzen nicht die \u00dcberpr\u00fcfung der Fabrikationsangaben. Im Zweifelsfalls muss mit uns Verbindung aufgenommen werden.\r\n\r\n<strong>3 &#8211; \u00c4NDERUNG DER SITUATION DES K\u00c4UFERS<\/strong>\r\n\r\nBei \u00c4nderungen der Situation des K\u00e4ufers, vor allem im Todesfall, bei Vergleichsverfahren, Ver\u00e4u\u00dferung des Verm\u00f6gens, Aufl\u00f6sung oder Umwandlung des Unternehmens behalten wir uns das Recht vor, auch nach bereits teilweise erfolgter Auftragserf\u00fcllung, Garantien zu verlangen oder den verbleibenden Teilauftrag zu annulieren.\r\n\r\n<strong>4 &#8211; LIEFERUNGEN<\/strong>\r\n\r\nDie Lieferungen des Verk\u00e4ufers erfolgen mit Fabrikationstoleranzen hinsichtlich aller mit der Herstellung zusammenh\u00e4ngenden Eigenschaften, vor allem hinsichtlich der Abmessungen. Der K\u00e4ufer, der von dieser Vereinbarung Kenntnis hat, ist verpflichtet, sich vor Inbetriebnahme vom zweckdienlichen Zustand des Produkts zu \u00fcberzeugen.\r\nDer Versand unserer Waren, auch der frei Haus gelieferten, erfolgt auf Kosten und Gefahr des Empf\u00e4ngers, der im Streitfall seine Vorbehalte bei Erhalt der Waren gegen\u00fcber dem Transporteur geltend macht. Diese Vorbehalte m\u00fcssen per Einschreiben mit Empfangsbest\u00e4tigung innerhalb von drei Tagen nach Erhalt bescheinigt werden (Art. 105 des franz. Handelsgesetzbuches). Jede unserer Lieferungen erfolgt in Erf\u00fcllung eines separaten Vertrags. Mehrere aufeinanderfolgende Lieferungen stellen keinen fortlaufenden Vertrag dar. Die in unseren Preisbl\u00e4ttern, Katalogen, Rechnungen und Warenbegleitscheinen genannten Ma\u00dfe und Gewichte sind nur Richtwerte und k\u00f6nnen nicht bei Lieferung der Ware reklamiert gemacht werden.\r\n\r\n<strong>5 &#8211; REKLAMATIONEN<\/strong>\r\n\r\nDie Lieferfristen werden im Rahmen des M\u00f6glichen eingehalten, sind jedoch nur Richtdaten, deren Einhaltung vom Verk\u00e4ufer nicht garantiert werden kann. Lieferverz\u00f6gerungen rechtfertigen keinesfalls eine Auftragsannulierung und f\u00fchren auch nicht zu einer Schadenersatzleistung seitens des Verk\u00e4ufers.\r\nReklamationen, die nicht per Einschreiben innerhalb von acht Tagen nach Wareneingangsdatum erfolgen, werden nicht angenommen.\r\nJegliches Auftreten eines den Verk\u00e4ufer, seine Zulieferer oder seine Leistungsschuldner beeintr\u00e4chtigenden Ereignisses, das rechtlich oder auch nicht als h\u00f6here Gewalt oder Zufall angesehen werden kann (vor allem bei jeglicher Art von Arbeitsniederlegung, Aussperrung, Krieg, Hochwasser, Feuer, Sachsch\u00e4den, vollst\u00e4ndigem oder teilweisem Material- oder Leistungsausfall) und den Verk\u00e4ufer oder seinen Lieferanten teilweise oder vollst\u00e4ndig bei der Auftragserf\u00fcllung behindert, entbindet den Verk\u00e4ufer kraft Gesetz und ohne weitere Formalit\u00e4ten von seiner Leistungspflicht, wobei er rechtlich von jeglicher Haftung entbunden ist.\r\n\r\n<strong>6 &#8211; ZAHLUNGEN UND EIGENTUMSVORBEHALTSKLAUSEL<\/strong>\r\n\r\nUnsere Preise gelten f\u00fcr eine Barzahlung rein netto bei Erhalt der Rechnung, au\u00dfer anders lautender schriftlicher Vereinbarung. Unsere Rechnungen sind am Sitz unserer Gesellschaft zahlbar. Die verkauften Waren bleiben bis zur tats\u00e4chlichen Zahlung des Gesamtpreises Eigentum unseres Unternehmens. Eine nicht erfolgte Zahlung kann zur R\u00fcckforderung der Waren auf Gefahr und Kosten des K\u00e4ufers f\u00fchren. Diese Bestimmungen vereiteln nicht, dass das Risiko des Verlusts und der Besch\u00e4digung der verkauften Waren ab dem Zeitpunkt der Anlieferung auf den K\u00e4ufer \u00fcbergehen.\r\nDer K\u00e4ufer tr\u00e4gt alle infolge eines Rechtsstreits entstehenden Gerichts- und Prozesskosten. Auf Rechnungen, die nicht innerhalb der vorgeschriebenen Zahlungsfrist beglichen werden, erheben wir Verzugszinsen, und zwar dreimal so hoch wie der gesetzliche Verzugszins, zuz\u00fcglich 2 %. Ferner berechnen wir einen Pauschalbetrag von 40 Euro f\u00fcr die Eintreibungskosten (Art. D 441-5 des frz.\r\nHandelsgesetzbuchs Code de Commerce). Erfolgt keine Zahlung, sind wir berechtigt, den weiteren Versand einzustellen, wobei Sie uns den Gegenwert der speziell von Ihnen in Auftrag gegebenen Waren und bereits fertiggestellten oder noch in Herstellung befindlichen Produkte schulden. Bei nicht geleisteter Zahlung innerhalb des F\u00e4lligkeitszeitraums werden alle noch offenen Forderungen an Sie sowie die gelieferten, nicht bezahlten Waren beitreibbar.\r\nErfolgt die Beitreibung auf dem Rechtsweg, erh\u00f6hen sich die dem Verk\u00e4ufer geschuldeten Betr\u00e4ge kraft Gesetz um eine Verzugsstrafe von 15% vor Steuern.\r\n\r\n<strong>7 &#8211; PREISE UND \u00c4NDERUNGEN<\/strong>\r\n\r\nEs werden die zum Zeitpunkt des Auftragseingangs f\u00fcr eine unverz\u00fcgliche Lieferung g\u00fcltigen Preise in Rechnung gestellt. Unsere Preise verstehen sich ab Werk, es sei denn, es wurden unsererseits andere schriftliche Vereinbarungen getroffen. Unser Unternehmen beh\u00e4lt sich das Recht vor, seine Preise und Tarife ohne Vorank\u00fcndigung zu \u00e4ndern.\r\n\r\n<strong>8 &#8211; GARANTIE<\/strong>\r\n\r\nWir garantieren die Qualit\u00e4t unseres Materials gegen verborgene Herstellungsm\u00e4ngel f\u00fcr die vom Hersteller des Materials empfohlene Nutzugsdauer, auf jeden Fall jedoch maximal 12 Monate ab dem Lieferdatum und unter der Voraussetzung, dass die folgenden Bedingungen eingehalten werden.\r\nDie Garantie wird sofort und vollst\u00e4ndig aufgehoben, wenn der Verwendungszweck nicht den technischen Spezifikationen entspricht, oder der Kunde das gelieferte bzw. reparierte Material ohne unsere Zustimmung selbst repariert oder reparieren l\u00e4sst. Vor dem Anbringen muss visuell \u00fcberpr\u00fcft werden, ob das neue Teil dem auszutausenden Filter entspricht. Jeder offensichtliche Mangel wird kraft Gesetz durch die vorbehaltlose Annahme der Ware des Verk\u00e4ufers abgedeckt. Nach Anbringen eines neuen Filters m\u00fcssen die Dichte und das richtige Funktionieren des Motors \u00fcberpr\u00fcft werden.\r\nDer Verk\u00e4ufer haftet nicht f\u00fcr den Bestimmungszweck und\/oder bestimmte Anwendungsbedingungen der Ware, wenn diese ihm nicht schriftlich bei der Auftragserteilung zur Kenntnis gebracht wurden.\r\nUnsere Garantien beschr\u00e4nken sich ungeachtet ihrer Art von der Montage auf das alleinige Ersetzen des als fehlerhaft anerkannten Filters und nach der Montage auf die Reparatur der Materiellen Sch\u00e4den oder K\u00f6rperverletzungen, die direkt aufgrund eines verborgenen Mangels des gelieferten Produkts entstehen. Alle Reklamationen abstrakter Art, ob es sich nun um direkte oder Folgesch\u00e4den handelt, sind ausgeschlossen.\r\nEs obliegt dem K\u00e4ufer, den verborgenen Mangel zu beweisen. Die Schadensmeldung muss unserer Gesellschaft sofort nach dem Auftreten des Schadens zugehen. Das betreffende Filter muss uns innerhalb von 15 Tagen begleitet von einer \u00d6lprobe in unsere B\u00fcros geschikt werden.\r\n\r\n<strong>9 &#8211; DEFINITION DER HIFI-GRUPPE UND IHRER UNTERNEHMEN<\/strong>\r\n\r\nHIFI ist ein eingetragenes Warenzeichen; die HIFI-Gruppe umfasst die Unternehmen, denen die Marke HIFI geh\u00f6rt und die sie ohne Zwischenh\u00e4ndler direkt vertreiben. Diese Allgemeinen Gesch\u00e4ftsbedingungen gelten sowohl in unserem Unternehmen als auch in allen Unternehmen unserer Firmengruppe und sind Teil unserer Unterlagen und Rechnungen. Unter Hersteller verstehen wir die Industriebetriebe, die f\u00fcr uns die Filter herstellen, bevor unser Markenzeichen angebracht wird.\r\n\r\n<strong>10 &#8211; PFLICHT ZUR DIREKTEN RECHTSWEGBESCHREITUNG GEGEN DEN HERSTELLER<\/strong>\r\n\r\nDie Beschreitung des Rechtswegs sowie jegliche Beanstandung auf g\u00fctlichem Wege aufgrund eines versteckten Mangels des gelieferten Produkts, der direkt die Qualit\u00e4t der Herstellung des verkauften Produkts betrifft, kann ausschlie\u00dflich gegen den Hersteller des besagten Produkts und seinen Versicherer erfolgen. Nur bei Ausfall desselben kann gegen ein Unternehmen der HIFI-Gruppe und deren Versicherer vorgegangen werden, und zwar gem\u00e4\u00df den unter Punkt 8 genannten Haftungsbedingungen. Bei Nichtbeachtung dieses Art. 10 m\u00fcssen uns die f\u00fcr unsere Verteidigung entstandenen Kosten (vor allem Anwalts-, Sachverst\u00e4ndigen- und Gerichtskosten) sowie eine eventuelle Verurteilung auf der Grundlage des Art. 700 NCPC vollst\u00e4ndig ersetzt werden.\r\n\r\n<strong>11 \u2013 GERICHTSSTAND \u2013 SALVATORISCHE KLAUSEL<\/strong>\r\n\r\nDie Verkaufsgesch\u00e4fte unseres Unternehmens unterliegen allein dem franz\u00f6sischen Recht, mit Ausnahme des Wiener Abkommens \u00fcber internationale Warenverk\u00e4ufe sowie aller Rechtsstreitigkeiten oder anderer Streitigkeiten, die die Anwendung eines anderen als des franz\u00f6sisches Gesetzes nach sich ziehen k\u00f6nnten. Unsere Allgemeinen Gesch\u00e4ftsbedingungen wurden so zuverl\u00e4ssig wie m\u00f6glich \u00fcbersetzt, ma\u00dfgeblich ist jedoch alleine die franz\u00f6sische Version, insbesondere im Falle einer unterschiedlichen Auslegung.\r\nAlle Auseinandersetzungen im Zusammenhang mit unseren Waren oder der Rechnungsbegleichung fallen unter die ausschlie\u00dfliche Zust\u00e4ndigkeit des betreffenden Gerichts am Gesch\u00e4ftssitz unseres Unternehmens ebenso im Falle von mehreren Verteidigern oder bei Gew\u00e4hrleistungsstreitigkeiten. Jeder Auftragserteilung liegt die vorbehaltlose Annahme der vorliegenden Allgemeinen Gesch\u00e4ftsbedingungen zugrunde. Diese \u00e4ndern sich nur durch anders lautende Vereinbarungen, die auf den Auftragsformularen des Kunden oder in seinen Allgemeinen Gesch\u00e4ftsbedingungen ausgewiesen werden.\r\nSollte eine Bestimmung dieser Allgemeinen Gesch\u00e4ftsbedingungen aus irgendeinem Grund f\u00fcr unanwendbar erkl\u00e4rt werden, ber\u00fchrt diese Unanwendbarkeit nicht die Anwendbarkeit der anderen Bestimmungen dieser Allgemeinen Gesch\u00e4ftsbedingungen und die f\u00fcr unanwendbar erkl\u00e4rte Bestimmung wird durch eine solche Bestimmung ersetzt, die ihr in zul\u00e4ssiger Weise am n\u00e4chsten kommt.\r\n\r\n<strong>12 &#8211; PERSONALISIERUNG DES FAHRZEUGS \u2013 VERWENDUNG AUF \u00d6FFENTLICHEN VERKEHRSWEGEN<\/strong>\r\n\r\nDie technischen Filtrationseigenschaften unserer Produktpalette H-AIR FILTER werden auf einem Filtrationspr\u00fcfstand gemessen und bemessen sich nicht nach einer vorbestimmten Nutzung oder Motorisierung. Mechanische Anpassungen unserer Produkte sind deshalb unbedingt unter der Verantwortung eines Fachmannes f\u00fcr Motorisierung vorzunehmen und zu \u00fcberpr\u00fcfen und k\u00f6nnen einer Zulassung unterliegen, wenn es sich um ein Motorlandfahrzeug zur Nutzung auf \u00f6ffentlichen Verkehrswegen handelt.\r\nDie in den Anleitungen und Handb\u00fcchern zu unseren Produkten empfohlenen Wartungsbedingungen sind unbedingt einzuhalten, um eine Verschlechterung der Produktqualit\u00e4t und der in den technischen Spezifikationen beschriebenen Leistung zu vermeiden.\r\nUnsere Gesellschaft kann in keinem Fall verantwortlich gemacht werden f\u00fcr eine Nichteinhaltung der vorstehend beschriebenen Bedingungen und genauso wenig f\u00fcr Sch\u00e4den, die sich aus einer unsachgem\u00e4\u00dfen Verwendung, einer nicht zul\u00e4ssigen \u00c4nderung oder einer Nutzung in einem Rennen oder Wettbewerb oder aus einer Off-Road- oder industriellen oder einer Verwendung zu Wasseroder zu Luft ergeben.        \r\n        <div class=\"Button\" data-component-id=\"Button\">\r\n            <a class=\"Button-component\" href=\"https:\/\/hifi-filter.com\/de\/allgemeine-geschaftsbedingungen\/\" aria-label=\"\" target=\"_self\" data-trk-other-cta=\"Zur\u00fcck\">\r\n                <span class=\"Button-text\">Zur\u00fcck<\/span>\r\n            <\/a>\r\n        <\/div>    <\/div>\r\n<\/div>\r\n\r\n","protected":false},"excerpt":{"rendered":"","protected":false},"author":1,"featured_media":0,"parent":15296,"menu_order":242,"comment_status":"closed","ping_status":"closed","template":"","meta":{"_acf_changed":false,"footnotes":""},"acf":[],"yoast_head":"<!-- This site is optimized with the Yoast SEO plugin v22.2 - https:\/\/yoast.com\/wordpress\/plugins\/seo\/ -->\n<title>Allgemeine Gesch\u00e4ftsbedingungen - HIFI FILTER S.A. | HIFI FILTER<\/title>\n<meta name=\"description\" content=\"Votre partenaire en filtration HIFI FILTER, la marque leader des filtres compatibles\" \/>\n<meta name=\"robots\" content=\"noindex, follow\" \/>\n<script type=\"application\/ld+json\" class=\"yoast-schema-graph\">{\"@context\":\"https:\/\/schema.org\",\"@graph\":[{\"@type\":\"WebPage\",\"@id\":\"https:\/\/hifi-filter.com\/de\/allgemeine-geschaftsbedingungen\/hifi-filter-sa\/\",\"url\":\"https:\/\/hifi-filter.com\/de\/allgemeine-geschaftsbedingungen\/hifi-filter-sa\/\",\"name\":\"Allgemeine Gesch\u00e4ftsbedingungen - HIFI FILTER S.A. | HIFI FILTER\",\"isPartOf\":{\"@id\":\"https:\/\/hifi-filter.com\/de\/#website\"},\"datePublished\":\"2021-11-04T09:48:40+00:00\",\"dateModified\":\"2021-12-06T08:09:11+00:00\",\"breadcrumb\":{\"@id\":\"https:\/\/hifi-filter.com\/de\/allgemeine-geschaftsbedingungen\/hifi-filter-sa\/#breadcrumb\"},\"inLanguage\":\"de-DE\",\"potentialAction\":[{\"@type\":\"ReadAction\",\"target\":[\"https:\/\/hifi-filter.com\/de\/allgemeine-geschaftsbedingungen\/hifi-filter-sa\/\"]}]},{\"@type\":\"BreadcrumbList\",\"@id\":\"https:\/\/hifi-filter.com\/de\/allgemeine-geschaftsbedingungen\/hifi-filter-sa\/#breadcrumb\",\"itemListElement\":[{\"@type\":\"ListItem\",\"position\":1,\"name\":\"Home\",\"item\":\"https:\/\/hifi-filter.com\/de\/\"},{\"@type\":\"ListItem\",\"position\":2,\"name\":\"Allgemeine Gesch\u00e4ftsbedingungen\",\"item\":\"https:\/\/hifi-filter.com\/de\/allgemeine-geschaftsbedingungen\/\"},{\"@type\":\"ListItem\",\"position\":3,\"name\":\"Allgemeine Gesch\u00e4ftsbedingungen &#8211; HIFI FILTER S.A.\"}]},{\"@type\":\"WebSite\",\"@id\":\"https:\/\/hifi-filter.com\/de\/#website\",\"url\":\"https:\/\/hifi-filter.com\/de\/\",\"name\":\"HIFI FILTER\",\"description\":\"Your partner in filtration &amp; separation\",\"publisher\":{\"@id\":\"https:\/\/hifi-filter.com\/de\/#organization\"},\"potentialAction\":[{\"@type\":\"SearchAction\",\"target\":{\"@type\":\"EntryPoint\",\"urlTemplate\":\"https:\/\/hifi-filter.com\/de\/?s={search_term_string}\"},\"query-input\":\"required name=search_term_string\"}],\"inLanguage\":\"de-DE\"},{\"@type\":\"Organization\",\"@id\":\"https:\/\/hifi-filter.com\/de\/#organization\",\"name\":\"HIFI FILTER\",\"url\":\"https:\/\/hifi-filter.com\/de\/\",\"logo\":{\"@type\":\"ImageObject\",\"inLanguage\":\"de-DE\",\"@id\":\"https:\/\/hifi-filter.com\/de\/#\/schema\/logo\/image\/\",\"url\":\"https:\/\/hifi-filter.com\/wp-content\/uploads\/2021\/11\/cropped-Favicon-HIFI-FILTER-1.png\",\"contentUrl\":\"https:\/\/hifi-filter.com\/wp-content\/uploads\/2021\/11\/cropped-Favicon-HIFI-FILTER-1.png\",\"width\":190,\"height\":190,\"caption\":\"HIFI FILTER\"},\"image\":{\"@id\":\"https:\/\/hifi-filter.com\/de\/#\/schema\/logo\/image\/\"},\"sameAs\":[\"https:\/\/www.facebook.com\/hififilter.group\",\"https:\/\/www.linkedin.com\/company\/hififilter\/\"]}]}<\/script>\n<!-- \/ Yoast SEO plugin. -->","yoast_head_json":{"title":"Allgemeine Gesch\u00e4ftsbedingungen - HIFI FILTER S.A. | HIFI FILTER","description":"Votre partenaire en filtration HIFI FILTER, la marque leader des filtres compatibles","robots":{"index":"noindex","follow":"follow"},"schema":{"@context":"https:\/\/schema.org","@graph":[{"@type":"WebPage","@id":"https:\/\/hifi-filter.com\/de\/allgemeine-geschaftsbedingungen\/hifi-filter-sa\/","url":"https:\/\/hifi-filter.com\/de\/allgemeine-geschaftsbedingungen\/hifi-filter-sa\/","name":"Allgemeine Gesch\u00e4ftsbedingungen - HIFI FILTER S.A. | HIFI FILTER","isPartOf":{"@id":"https:\/\/hifi-filter.com\/de\/#website"},"datePublished":"2021-11-04T09:48:40+00:00","dateModified":"2021-12-06T08:09:11+00:00","breadcrumb":{"@id":"https:\/\/hifi-filter.com\/de\/allgemeine-geschaftsbedingungen\/hifi-filter-sa\/#breadcrumb"},"inLanguage":"de-DE","potentialAction":[{"@type":"ReadAction","target":["https:\/\/hifi-filter.com\/de\/allgemeine-geschaftsbedingungen\/hifi-filter-sa\/"]}]},{"@type":"BreadcrumbList","@id":"https:\/\/hifi-filter.com\/de\/allgemeine-geschaftsbedingungen\/hifi-filter-sa\/#breadcrumb","itemListElement":[{"@type":"ListItem","position":1,"name":"Home","item":"https:\/\/hifi-filter.com\/de\/"},{"@type":"ListItem","position":2,"name":"Allgemeine Gesch\u00e4ftsbedingungen","item":"https:\/\/hifi-filter.com\/de\/allgemeine-geschaftsbedingungen\/"},{"@type":"ListItem","position":3,"name":"Allgemeine Gesch\u00e4ftsbedingungen &#8211; HIFI FILTER S.A."}]},{"@type":"WebSite","@id":"https:\/\/hifi-filter.com\/de\/#website","url":"https:\/\/hifi-filter.com\/de\/","name":"HIFI FILTER","description":"Your partner in filtration &amp; separation","publisher":{"@id":"https:\/\/hifi-filter.com\/de\/#organization"},"potentialAction":[{"@type":"SearchAction","target":{"@type":"EntryPoint","urlTemplate":"https:\/\/hifi-filter.com\/de\/?s={search_term_string}"},"query-input":"required name=search_term_string"}],"inLanguage":"de-DE"},{"@type":"Organization","@id":"https:\/\/hifi-filter.com\/de\/#organization","name":"HIFI FILTER","url":"https:\/\/hifi-filter.com\/de\/","logo":{"@type":"ImageObject","inLanguage":"de-DE","@id":"https:\/\/hifi-filter.com\/de\/#\/schema\/logo\/image\/","url":"https:\/\/hifi-filter.com\/wp-content\/uploads\/2021\/11\/cropped-Favicon-HIFI-FILTER-1.png","contentUrl":"https:\/\/hifi-filter.com\/wp-content\/uploads\/2021\/11\/cropped-Favicon-HIFI-FILTER-1.png","width":190,"height":190,"caption":"HIFI FILTER"},"image":{"@id":"https:\/\/hifi-filter.com\/de\/#\/schema\/logo\/image\/"},"sameAs":["https:\/\/www.facebook.com\/hififilter.group","https:\/\/www.linkedin.com\/company\/hififilter\/"]}]}},"_links":{"self":[{"href":"https:\/\/hifi-filter.com\/de\/wp-json\/wp\/v2\/pages\/14881"}],"collection":[{"href":"https:\/\/hifi-filter.com\/de\/wp-json\/wp\/v2\/pages"}],"about":[{"href":"https:\/\/hifi-filter.com\/de\/wp-json\/wp\/v2\/types\/page"}],"author":[{"embeddable":true,"href":"https:\/\/hifi-filter.com\/de\/wp-json\/wp\/v2\/users\/1"}],"replies":[{"embeddable":true,"href":"https:\/\/hifi-filter.com\/de\/wp-json\/wp\/v2\/comments?post=14881"}],"version-history":[{"count":7,"href":"https:\/\/hifi-filter.com\/de\/wp-json\/wp\/v2\/pages\/14881\/revisions"}],"predecessor-version":[{"id":19461,"href":"https:\/\/hifi-filter.com\/de\/wp-json\/wp\/v2\/pages\/14881\/revisions\/19461"}],"up":[{"embeddable":true,"href":"https:\/\/hifi-filter.com\/de\/wp-json\/wp\/v2\/pages\/15296"}],"wp:attachment":[{"href":"https:\/\/hifi-filter.com\/de\/wp-json\/wp\/v2\/media?parent=14881"}],"curies":[{"name":"wp","href":"https:\/\/api.w.org\/{rel}","templated":true}]}}