{"id":17412,"date":"2021-09-05T02:08:14","date_gmt":"2021-09-05T00:08:14","guid":{"rendered":"https:\/\/hifi-filter.sitendev.com\/faq\/"},"modified":"2024-02-13T08:25:48","modified_gmt":"2024-02-13T07:25:48","slug":"faq","status":"publish","type":"page","link":"https:\/\/hifi-filter.com\/de\/faq\/","title":{"rendered":"FAQ"},"content":{"rendered":"\t\t<div class=\"FaqList\" data-component-id=\"FaqList\">\r\n\t\t\t<div class=\"FaqListWrapper\">\r\n\t\t\t\t<h2 class=\"FaqList-title AppTitle h2\">Die <strong>meistgestellten<\/strong>\u00a0Fragen<\/h2>\r\n\t\t\t\t<div class=\"FaqListContainer\">\r\n\t\t\t\t\t<ul class=\"FaqThemeList\">\r\n\t\t\t\t\t\t\t\t\t\t\t\t\t<li class=\"FaqTheme opened\">\r\n\t\t\t\t\t\t\t\t<button class=\"FaqThemeHeading AppTitle h4\" ref=\"themeButton\" aria-label=\"Basculer\"><h3>Kommerzial<\/h3>\r\n\t\t\t\t\t\t\t\t\t<div class=\"FaqHeading-cross\"><\/div>\r\n\t\t\t\t\t\t\t\t<\/button>\r\n\t\t\t\t\t\t\t\t<div class=\"FaqThemeInfosWrapper\">\r\n\t\t\t\t\t\t\t\t\t<ul class=\"FaqThemeInfos\" ref=\"themeContainer\">\r\n\t\t\t\t\t\t\t\t\t\t\t\t\t\t\t\t\t\t\t\t\t\t\t\t\t\t\t\t\t\t\t\t\t<li class=\"FaqInfo opened\">\r\n\t\t\t\t\t\t\t\t\t\t\t\t\t<button class=\"FaqInfoHeading AppTitle h5\" ref=\"infoButton\" aria-label=\"Basculer\"><h4>Kann ich als Privatperson direkt bei HIFI FILTER\u00ae bestellen?<\/h4><\/button>\r\n\t\t\t\t\t\t\t\t\t\t\t\t\t<div class=\"FaqAnswerWrapper AppText\">\r\n\t\t\t\t\t\t\t\t\t\t\t\t\t\t<p>Unser Unternehmen vertreibt seine Produkte ausschlie\u00dflich an Fachleute.<\/p>\r\n\t\t\t\t\t\t\t\t\t\t\t\t\t<\/div>\r\n\t\t\t\t\t\t\t\t\t\t\t\t<\/li>\r\n\t\t\t\t\t\t\t\t\t\t\t\t\t\t\t\t\t\t\t\t\t\t\t\t\t\t\t\t\t\t<\/ul>\r\n\t\t\t\t\t\t\t\t<\/div>\r\n\t\t\t\t\t\t\t<\/li>\r\n\t\t\t\t\t\t\t\t\t\t\t\t\t<li class=\"FaqTheme\">\r\n\t\t\t\t\t\t\t\t<button class=\"FaqThemeHeading AppTitle h4\" ref=\"themeButton\" aria-label=\"Basculer\"><h3>Garantie<\/h3>\r\n\t\t\t\t\t\t\t\t\t<div class=\"FaqHeading-cross\"><\/div>\r\n\t\t\t\t\t\t\t\t<\/button>\r\n\t\t\t\t\t\t\t\t<div class=\"FaqThemeInfosWrapper\">\r\n\t\t\t\t\t\t\t\t\t<ul class=\"FaqThemeInfos\" ref=\"themeContainer\">\r\n\t\t\t\t\t\t\t\t\t\t\t\t\t\t\t\t\t\t\t\t\t\t\t\t\t\t\t\t\t\t\t\t\t<li class=\"FaqInfo\">\r\n\t\t\t\t\t\t\t\t\t\t\t\t\t<button class=\"FaqInfoHeading AppTitle h5\" ref=\"infoButton\" aria-label=\"Basculer\"><h4>Sind Hifi-filterprodukte garantiert?<\/h4><\/button>\r\n\t\t\t\t\t\t\t\t\t\t\t\t\t<div class=\"FaqAnswerWrapper AppText\">\r\n\t\t\t\t\t\t\t\t\t\t\t\t\t\t<p>Ja, die Filter von HIFI FILTER\u00ae werden von einer internationalen Versicherungsgruppe garantiert. Im Falle eines Motor- oder Sachschadens, der durch einen Defekt an unseren Filtern verursacht wird, \u00fcbernehmen wir die Verantwortung unter der Voraussetzung einer korrekten Installation und Verwendung.<\/p>\r\n\t\t\t\t\t\t\t\t\t\t\t\t\t<\/div>\r\n\t\t\t\t\t\t\t\t\t\t\t\t<\/li>\r\n\t\t\t\t\t\t\t\t\t\t\t\t\t\t\t\t\t\t\t\t\t\t\t\t\t\t\t\t\t\t<\/ul>\r\n\t\t\t\t\t\t\t\t<\/div>\r\n\t\t\t\t\t\t\t<\/li>\r\n\t\t\t\t\t\t\t\t\t\t\t\t\t<li class=\"FaqTheme\">\r\n\t\t\t\t\t\t\t\t<button class=\"FaqThemeHeading AppTitle h4\" ref=\"themeButton\" aria-label=\"Basculer\"><h3>Technisch<\/h3>\r\n\t\t\t\t\t\t\t\t\t<div class=\"FaqHeading-cross\"><\/div>\r\n\t\t\t\t\t\t\t\t<\/button>\r\n\t\t\t\t\t\t\t\t<div class=\"FaqThemeInfosWrapper\">\r\n\t\t\t\t\t\t\t\t\t<ul class=\"FaqThemeInfos\" ref=\"themeContainer\">\r\n\t\t\t\t\t\t\t\t\t\t\t\t\t\t\t\t\t\t\t\t\t\t\t\t\t\t\t\t\t\t\t\t\t<li class=\"FaqInfo\">\r\n\t\t\t\t\t\t\t\t\t\t\t\t\t<button class=\"FaqInfoHeading AppTitle h5\" ref=\"infoButton\" aria-label=\"Basculer\"><h4>Wie ein Filter identifiziert Werden kann?<\/h4><\/button>\r\n\t\t\t\t\t\t\t\t\t\t\t\t\t<div class=\"FaqAnswerWrapper AppText\">\r\n\t\t\t\t\t\t\t\t\t\t\t\t\t\t<p>Der HIFI FILTER\u00ae E-Katalog gibt Ihnen die M\u00f6glichkeit, nach Filtern zu suchen, die mit Ihren Ger\u00e4ten kompatibel sind, oder nach der HIFI\u00ae-Referenz, die der Referenz eines Wettbewerbers entspricht. Wenn Sie nicht finden, was Sie suchen, empfehlen wir Ihnen, sich mit uns in Verbindung zu setzen und so viele Informationen wie m\u00f6glich zu notieren (Abmessungen, Anwendungen, Referenzen, Fotos usw.), damit unsere Teams es schnell identifizieren k\u00f6nnen.<\/p>\r\n\t\t\t\t\t\t\t\t\t\t\t\t\t<\/div>\r\n\t\t\t\t\t\t\t\t\t\t\t\t<\/li>\r\n\t\t\t\t\t\t\t\t\t\t\t\t\t\t\t\t\t\t\t\t\t\t\t\t\t\t\t\t\t\t<\/ul>\r\n\t\t\t\t\t\t\t\t<\/div>\r\n\t\t\t\t\t\t\t<\/li>\r\n\t\t\t\t\t\t\t\t\t\t\t\t\t<li class=\"FaqTheme\">\r\n\t\t\t\t\t\t\t\t<button class=\"FaqThemeHeading AppTitle h4\" ref=\"themeButton\" aria-label=\"Basculer\"><h3>Qualit\u00e4t<\/h3>\r\n\t\t\t\t\t\t\t\t\t<div class=\"FaqHeading-cross\"><\/div>\r\n\t\t\t\t\t\t\t\t<\/button>\r\n\t\t\t\t\t\t\t\t<div class=\"FaqThemeInfosWrapper\">\r\n\t\t\t\t\t\t\t\t\t<ul class=\"FaqThemeInfos\" ref=\"themeContainer\">\r\n\t\t\t\t\t\t\t\t\t\t\t\t\t\t\t\t\t\t\t\t\t\t\t\t\t\t\t\t\t\t\t\t\t<li class=\"FaqInfo\">\r\n\t\t\t\t\t\t\t\t\t\t\t\t\t<button class=\"FaqInfoHeading AppTitle h5\" ref=\"infoButton\" aria-label=\"Basculer\"><h4>Was muss ich tun, wenn ich eine nicht-konformit\u00e4t an meinem Produkt feststelle?<\/h4><\/button>\r\n\t\t\t\t\t\t\t\t\t\t\t\t\t<div class=\"FaqAnswerWrapper AppText\">\r\n\t\t\t\t\t\t\t\t\t\t\t\t\t\t<p>Kontaktieren Sie uns bitte \u00fcber das Kontaktformular und geben Sie die Nicht-Konformit\u00e4t detailliert an (Ma\u00dfproblem, Optik, Montage im Gebrauch usw.) und stellen Sie uns die folgenden Informationen zur Verf\u00fcgung:\r\n<ul>\r\n \t<li>Die nicht-konforme HIFI\u00ae-Referenz, die Bezeichnung\/Batchnummer, die betroffene Menge, die Menge im Lager des Kunden, die Anzahl der Betriebsstunden\/km und die urspr\u00fcngliche Referenzmarke.<\/li>\r\n \t<li>Das Ger\u00e4t, auf das sich das Filtersystem bezieht, die Marke, das Jahr, das Fabrikat und die Bezeichnung des Motors sowie die Gesamtzahl der Betriebsstunden\/Kilometer des Ger\u00e4ts.<\/li>\r\n<\/ul>\r\nDas technische Team wird Ihnen so schnell wie m\u00f6glich antworten.<\/p>\r\n\t\t\t\t\t\t\t\t\t\t\t\t\t<\/div>\r\n\t\t\t\t\t\t\t\t\t\t\t\t<\/li>\r\n\t\t\t\t\t\t\t\t\t\t\t\t\t\t\t\t\t\t\t\t\t\t\t<li class=\"FaqInfo\">\r\n\t\t\t\t\t\t\t\t\t\t\t\t\t<button class=\"FaqInfoHeading AppTitle h5\" ref=\"infoButton\" aria-label=\"Basculer\"><h4>Wie kann ich mir der Qualit\u00e4t der HIFI FILTER\u00ae Filter sicher sein?<\/h4><\/button>\r\n\t\t\t\t\t\t\t\t\t\t\t\t\t<div class=\"FaqAnswerWrapper AppText\">\r\n\t\t\t\t\t\t\t\t\t\t\t\t\t\t<p>Unsere Produkte werden im Rahmen des von der Gruppe HIFI FILTER\u00ae eingef\u00fchrten Qualit\u00e4tsprozesses mit gr\u00f6\u00dfter Sorgfalt behandelt. Vom Entwurf des Produkts bis zum Herstellungsprozess, einschlie\u00dflich der Lagerverwaltung, wird nichts dem Zufall \u00fcberlassen, um die Qualit\u00e4t der HIFI\u00ae-Filter zu gew\u00e4hrleisten.<\/p>\r\n\t\t\t\t\t\t\t\t\t\t\t\t\t<\/div>\r\n\t\t\t\t\t\t\t\t\t\t\t\t<\/li>\r\n\t\t\t\t\t\t\t\t\t\t\t\t\t\t\t\t\t\t\t\t\t\t\t\t\t\t\t\t\t\t<\/ul>\r\n\t\t\t\t\t\t\t\t<\/div>\r\n\t\t\t\t\t\t\t<\/li>\r\n\t\t\t\t\t\t\t\t\t\t\t<\/ul>\r\n\t\t\t\t<\/div>\r\n\t\t\t<\/div>\r\n\t\t<\/div>\r\n\t\n\n\r\n    <div class=\"WideTextBanner\" data-component-id=\"WideTextBanner\">\r\n        <div class=\"WideTextBanner-wrapper\">\r\n            <div class=\"WideTextBanner-content\">\r\n                <p class=\"AppTitle h2\">Keine Antwort<\/p>                <p class=\"WideTextBanner-subtitle\">Schreiben Sie uns,\r\nunsere Teams werden Ihnen antworten.<\/p>                                <div class=\"WideTextBanner-buttons\">\r\n                    <div class=\"Button\" data-component-id=\"Button\">\r\n                        <a class=\"Button-component\" href=\"https:\/\/hifi-filter.com\/de\/kontakt\/\" target=\"_self\" aria-label=\"Kontakt\" data-trk-other-cta=\"Kontakt\">\r\n                            <span class=\"Button-text\">Kontakt<\/span>\r\n                        <\/a>\r\n                    <\/div>\r\n                <\/div>\r\n                            <\/div>\r\n        <\/div>\r\n    <\/div>\r\n","protected":false},"excerpt":{"rendered":"","protected":false},"author":1,"featured_media":0,"parent":0,"menu_order":151,"comment_status":"closed","ping_status":"closed","template":"pages\/hero_avec_accroche.php","meta":{"_acf_changed":false,"footnotes":""},"acf":[],"yoast_head":"<!-- This site is optimized with the Yoast SEO plugin v22.2 - https:\/\/yoast.com\/wordpress\/plugins\/seo\/ -->\n<title>Fragen und Antworten zu unserem Filterkatalog und unseren Services | HIFI FILTER<\/title>\n<meta name=\"description\" content=\"Sie haben eine Frage zum Katalog oder zu den HIFI FILTER-Services? Die Antwort finden Sie vielleicht hier.\" \/>\n<meta name=\"robots\" content=\"index, follow, max-snippet:-1, max-image-preview:large, max-video-preview:-1\" \/>\n<link rel=\"canonical\" href=\"https:\/\/hifi-filter.com\/de\/faq\/\" \/>\n<script type=\"application\/ld+json\" class=\"yoast-schema-graph\">{\"@context\":\"https:\/\/schema.org\",\"@graph\":[{\"@type\":\"WebPage\",\"@id\":\"https:\/\/hifi-filter.com\/de\/faq\/\",\"url\":\"https:\/\/hifi-filter.com\/de\/faq\/\",\"name\":\"Fragen und Antworten zu unserem Filterkatalog und unseren Services | HIFI FILTER\",\"isPartOf\":{\"@id\":\"https:\/\/hifi-filter.com\/de\/#website\"},\"datePublished\":\"2021-09-05T00:08:14+00:00\",\"dateModified\":\"2024-02-13T07:25:48+00:00\",\"description\":\"Sie haben eine Frage zum Katalog oder zu den HIFI FILTER-Services? Die Antwort finden Sie vielleicht hier.\",\"breadcrumb\":{\"@id\":\"https:\/\/hifi-filter.com\/de\/faq\/#breadcrumb\"},\"inLanguage\":\"de-DE\",\"potentialAction\":[{\"@type\":\"ReadAction\",\"target\":[\"https:\/\/hifi-filter.com\/de\/faq\/\"]}]},{\"@type\":\"BreadcrumbList\",\"@id\":\"https:\/\/hifi-filter.com\/de\/faq\/#breadcrumb\",\"itemListElement\":[{\"@type\":\"ListItem\",\"position\":1,\"name\":\"Home\",\"item\":\"https:\/\/hifi-filter.com\/de\/\"},{\"@type\":\"ListItem\",\"position\":2,\"name\":\"FAQ\"}]},{\"@type\":\"WebSite\",\"@id\":\"https:\/\/hifi-filter.com\/de\/#website\",\"url\":\"https:\/\/hifi-filter.com\/de\/\",\"name\":\"HIFI FILTER\",\"description\":\"Your partner in filtration &amp; separation\",\"publisher\":{\"@id\":\"https:\/\/hifi-filter.com\/de\/#organization\"},\"potentialAction\":[{\"@type\":\"SearchAction\",\"target\":{\"@type\":\"EntryPoint\",\"urlTemplate\":\"https:\/\/hifi-filter.com\/de\/?s={search_term_string}\"},\"query-input\":\"required name=search_term_string\"}],\"inLanguage\":\"de-DE\"},{\"@type\":\"Organization\",\"@id\":\"https:\/\/hifi-filter.com\/de\/#organization\",\"name\":\"HIFI FILTER\",\"url\":\"https:\/\/hifi-filter.com\/de\/\",\"logo\":{\"@type\":\"ImageObject\",\"inLanguage\":\"de-DE\",\"@id\":\"https:\/\/hifi-filter.com\/de\/#\/schema\/logo\/image\/\",\"url\":\"https:\/\/hifi-filter.com\/wp-content\/uploads\/2021\/11\/cropped-Favicon-HIFI-FILTER-1.png\",\"contentUrl\":\"https:\/\/hifi-filter.com\/wp-content\/uploads\/2021\/11\/cropped-Favicon-HIFI-FILTER-1.png\",\"width\":190,\"height\":190,\"caption\":\"HIFI FILTER\"},\"image\":{\"@id\":\"https:\/\/hifi-filter.com\/de\/#\/schema\/logo\/image\/\"},\"sameAs\":[\"https:\/\/www.facebook.com\/hififilter.group\",\"https:\/\/www.linkedin.com\/company\/hififilter\/\"]}]}<\/script>\n<!-- \/ Yoast SEO plugin. -->","yoast_head_json":{"title":"Fragen und Antworten zu unserem Filterkatalog und unseren Services | HIFI FILTER","description":"Sie haben eine Frage zum Katalog oder zu den HIFI FILTER-Services? Die Antwort finden Sie vielleicht hier.","robots":{"index":"index","follow":"follow","max-snippet":"max-snippet:-1","max-image-preview":"max-image-preview:large","max-video-preview":"max-video-preview:-1"},"canonical":"https:\/\/hifi-filter.com\/de\/faq\/","schema":{"@context":"https:\/\/schema.org","@graph":[{"@type":"WebPage","@id":"https:\/\/hifi-filter.com\/de\/faq\/","url":"https:\/\/hifi-filter.com\/de\/faq\/","name":"Fragen und Antworten zu unserem Filterkatalog und unseren Services | HIFI FILTER","isPartOf":{"@id":"https:\/\/hifi-filter.com\/de\/#website"},"datePublished":"2021-09-05T00:08:14+00:00","dateModified":"2024-02-13T07:25:48+00:00","description":"Sie haben eine Frage zum Katalog oder zu den HIFI FILTER-Services? Die Antwort finden Sie vielleicht hier.","breadcrumb":{"@id":"https:\/\/hifi-filter.com\/de\/faq\/#breadcrumb"},"inLanguage":"de-DE","potentialAction":[{"@type":"ReadAction","target":["https:\/\/hifi-filter.com\/de\/faq\/"]}]},{"@type":"BreadcrumbList","@id":"https:\/\/hifi-filter.com\/de\/faq\/#breadcrumb","itemListElement":[{"@type":"ListItem","position":1,"name":"Home","item":"https:\/\/hifi-filter.com\/de\/"},{"@type":"ListItem","position":2,"name":"FAQ"}]},{"@type":"WebSite","@id":"https:\/\/hifi-filter.com\/de\/#website","url":"https:\/\/hifi-filter.com\/de\/","name":"HIFI FILTER","description":"Your partner in filtration &amp; separation","publisher":{"@id":"https:\/\/hifi-filter.com\/de\/#organization"},"potentialAction":[{"@type":"SearchAction","target":{"@type":"EntryPoint","urlTemplate":"https:\/\/hifi-filter.com\/de\/?s={search_term_string}"},"query-input":"required name=search_term_string"}],"inLanguage":"de-DE"},{"@type":"Organization","@id":"https:\/\/hifi-filter.com\/de\/#organization","name":"HIFI FILTER","url":"https:\/\/hifi-filter.com\/de\/","logo":{"@type":"ImageObject","inLanguage":"de-DE","@id":"https:\/\/hifi-filter.com\/de\/#\/schema\/logo\/image\/","url":"https:\/\/hifi-filter.com\/wp-content\/uploads\/2021\/11\/cropped-Favicon-HIFI-FILTER-1.png","contentUrl":"https:\/\/hifi-filter.com\/wp-content\/uploads\/2021\/11\/cropped-Favicon-HIFI-FILTER-1.png","width":190,"height":190,"caption":"HIFI FILTER"},"image":{"@id":"https:\/\/hifi-filter.com\/de\/#\/schema\/logo\/image\/"},"sameAs":["https:\/\/www.facebook.com\/hififilter.group","https:\/\/www.linkedin.com\/company\/hififilter\/"]}]}},"_links":{"self":[{"href":"https:\/\/hifi-filter.com\/de\/wp-json\/wp\/v2\/pages\/17412"}],"collection":[{"href":"https:\/\/hifi-filter.com\/de\/wp-json\/wp\/v2\/pages"}],"about":[{"href":"https:\/\/hifi-filter.com\/de\/wp-json\/wp\/v2\/types\/page"}],"author":[{"embeddable":true,"href":"https:\/\/hifi-filter.com\/de\/wp-json\/wp\/v2\/users\/1"}],"replies":[{"embeddable":true,"href":"https:\/\/hifi-filter.com\/de\/wp-json\/wp\/v2\/comments?post=17412"}],"version-history":[{"count":7,"href":"https:\/\/hifi-filter.com\/de\/wp-json\/wp\/v2\/pages\/17412\/revisions"}],"predecessor-version":[{"id":25878,"href":"https:\/\/hifi-filter.com\/de\/wp-json\/wp\/v2\/pages\/17412\/revisions\/25878"}],"wp:attachment":[{"href":"https:\/\/hifi-filter.com\/de\/wp-json\/wp\/v2\/media?parent=17412"}],"curies":[{"name":"wp","href":"https:\/\/api.w.org\/{rel}","templated":true}]}}