{"id":17525,"date":"2021-10-18T16:34:45","date_gmt":"2021-10-18T14:34:45","guid":{"rendered":"https:\/\/hifi-filter.sitendev.com\/outils-et-donnees\/"},"modified":"2026-02-09T16:47:02","modified_gmt":"2026-02-09T15:47:02","slug":"tools-und-daten","status":"publish","type":"page","link":"https:\/\/hifi-filter.com\/de\/dienste\/tools-und-daten\/","title":{"rendered":"Tools und Daten"},"content":{"rendered":"<div class=\"Introduction\" data-component-id=\"Introduction\">\n    <h3 class=\"AppTitle h1 theme-reverse\"><\/h3>\n    <h2 class=\"AppTitle h1 theme-highlight\">Mittel, die Ihr Leben Vereinfachen<\/h2>\n    <div class=\"AppText\">Nutzen Sie die auf Sie zugeschnittenen digitalen Tools und Hilfsmittel. Intuitive Suchmaschinen, ein personalisierter Kundenbereich und Produktkataloge sind wertvolle Hilfsmittel, um Ihre Effizienz zu steigern.<\/div>\n<\/div>\n\n<div class=\"ArticleEdito reverse\" data-component-id=\"ArticleEdito\">\r\n    <div class=\"ArticleEdito-content\">\r\n        <h2 class=\"ArticleEdito-title\">Suchn und online-Katalog<\/h2>        <div class=\"ArticleEdito-text AppText AppScrollbar\">Mit dem HIFI\u00ae-E-Katalog haben Sie Zugriff auf eine zuverl\u00e4ssige, aktuelle Datenbank mit mehr als <strong>450.000 Treffern<\/strong> und <strong>100.000 Anwendungen<\/strong>. So finden Sie schnell die richtige L\u00f6sung f\u00fcr Ihr Ger\u00e4t oder Ihren Prozess.<\/div>\r\n        \r\n        <div class=\"Button ArticleEdito-button\" data-component-id=\"Button\">\r\n            <a class=\"Button-component\" href=\"https:\/\/catalog.hifi-filter.com\/de-DE\" aria-label=\"\" target=\"_self\" data-trk-other-cta=\"E-Catalog\">\r\n                <span class=\"Button-text\">E-Catalog<\/span>\r\n            <\/a>\r\n        <\/div>    <\/div>\r\n    <div class=\"Image ArticleEdito-image\" data-component-id=\"image\">\r\n        <picture>\r\n            <img class=\"lazyload\" data-src=\"https:\/\/hifi-filter.com\/wp-content\/uploads\/2021\/10\/Search-E-Catalog-Hifi-Filter.jpg\" width=\"1440\" height=\"800\"\r\n                alt=\"Image non trouv\u00e9e\" draggable=\"false\">\r\n        <\/picture>\r\n    <\/div>\r\n<\/div>\n\n<div class=\"Text1Column\" data-component-id=\"Text1Column\">\r\n    <h2 class=\"Text1Column-title\">My HIFI, ihr Kundenbereich<\/h2>        <div class=\"Text1Column-text AppText\"><p style=\"text-align: left;\">My HIFI ist die Online-Plattform, die Sie f\u00fcr die Verwaltung Ihrer gesamten Filtration ben\u00f6tigen.<\/p>            <\/div>\r\n<\/div>\r\n\r\n\n\n<div class=\"ImageSlider\" data-component-id=\"ImageSlider\">\r\n    <div class=\"ImageSlider-wrapper\" ref=\"container\">\r\n        <div class=\"ImageSlider-images\">\r\n                        <div class=\"ImageSlider-image\" ref=\"images\">\r\n                <div class=\"Image\" data-component-id=\"image\">\r\n                                        <picture>\r\n                        <img class=\"lazyload\" data-src=\"https:\/\/hifi-filter.com\/wp-content\/uploads\/2021\/10\/Customer-portal-screen.jpg\" width=\"1440\"\r\n                            height=\"800\" alt=\"\" draggable=\"false\">\r\n                    <\/picture>\r\n                <\/div>\r\n            <\/div>\r\n                    <\/div>\r\n        <div class=\"ImageSlider-nav\" ref=\"nav\">\r\n            <button class=\"ImageSlider-navButton --is-previous\" ref=\"previousButton\"\r\n                aria-label=\"Pr\u00e9c\u00e9dant\"><\/button>\r\n            <button class=\"ImageSlider-navButton --is-next\" ref=\"nextButton\" aria-label=\"Suivant\"><\/button>\r\n        <\/div>\r\n    <\/div>\r\n<\/div>\r\n\n\n<div class=\"DiptychText\" data-component-id=\"DiptychText\">\r\n    <div class=\"DiptychText-wrapper\">\r\n        <div class=\"DiptychText-content\">\r\n            <h4 class=\"AppTitle\">Die Vorteile<\/h4>\r\n            <div class=\"AppText\"><ul>\r\n \t<li>Alle Filtrationen mit einem Klick<\/li>\r\n \t<li>Einfache, vollst\u00e4ndige und effiziente Suchinstrumente.<\/li>\r\n \t<li>24\/7 verf\u00fcgbar<\/li>\r\n \t<li>Auftragshistorie und -verfolgung<\/li>\r\n \t<li>Alle Produktinformationen (Preise, Verf\u00fcgbarkeit, technische Daten, zugeh\u00f6rige Materialien usw.)<\/li>\r\n \t<li>Hilfe und Unterst\u00fctzung<\/li>\r\n<\/ul><\/div>\r\n        <\/div>\r\n    <\/div>\r\n<\/div>\n\n<div class=\"ArticleEdito --bg\" data-component-id=\"ArticleEdito\">\r\n    <div class=\"ArticleEdito-content\">\r\n        <h2 class=\"ArticleEdito-title\">Das Instrument, das Ihren Filterbedarf inventarisiert.<\/h2>        <div class=\"ArticleEdito-text AppText AppScrollbar\">Dank unseres anpassungsf\u00e4higen Maschinenparks k\u00f6nnen Sie sich schnell ein Bild von den auf den Maschinen oder Fahrzeugen Ihrer Wahl installierten Filterreferenzen machen. Je nach Ihrer Wahl empfehlen wir Ihnen die Produkte, die Sie st\u00e4ndig in Ihren Regalen haben sollten, w\u00e4hrend Sie Ihre Lagerbest\u00e4nde unter Kontrolle halten.<\/div>\r\n            <\/div>\r\n    <div class=\"Image ArticleEdito-image\" data-component-id=\"image\">\r\n        <picture>\r\n            <img class=\"lazyload\" data-src=\"https:\/\/hifi-filter.com\/wp-content\/uploads\/2021\/10\/Applications-Catalog.jpg\" width=\"1440\" height=\"800\"\r\n                alt=\"Image non trouv\u00e9e\" draggable=\"false\">\r\n        <\/picture>\r\n    <\/div>\r\n<\/div>\n\n<div class=\"ArticleEdito reverse --bg\" data-component-id=\"ArticleEdito\">\r\n    <div class=\"ArticleEdito-content\">\r\n        <h2 class=\"ArticleEdito-title\">Produktkataloge<\/h2>        <div class=\"ArticleEdito-text AppText AppScrollbar\">Unsere Kataloge, die online verf\u00fcgbar sind, geben Ihnen einen \u00dcberblick \u00fcber unsere Produkte und sind eine echte Quelle f\u00fcr technische Informationen pro Sortiment.<\/div>\r\n        \r\n        <div class=\"Button ArticleEdito-button\" data-component-id=\"Button\">\r\n            <a class=\"Button-component\" href=\"https:\/\/hifi-filter.com\/de\/dokumentation\/\" aria-label=\"\" target=\"_self\" data-trk-other-cta=\"Dokumentation\">\r\n                <span class=\"Button-text\">Dokumentation<\/span>\r\n            <\/a>\r\n        <\/div>    <\/div>\r\n    <div class=\"Image ArticleEdito-image\" data-component-id=\"image\">\r\n        <picture>\r\n            <img class=\"lazyload\" data-src=\"https:\/\/hifi-filter.com\/wp-content\/uploads\/2021\/10\/Catalogs-LR-3.jpg\" width=\"1440\" height=\"800\"\r\n                alt=\"Image non trouv\u00e9e\" draggable=\"false\">\r\n        <\/picture>\r\n    <\/div>\r\n<\/div>\n\n\n\n<section class=\"KnowMore\" data-component-id=\"KnowMore\">\n    <div class=\"Image\" data-component-id=\"image\">\n        <picture>\n            <img class=\"lazyload\" data-src=\"https:\/\/hifi-filter.com\/wp-content\/uploads\/2021\/10\/CTA-Documentation-1.jpg\" width=\"1920\" height=\"642\" alt=\"\" draggable=\"false\">\n        <\/picture>\n    <\/div>\n    <div class=\"KnowMore-content\">\n        <p class=\"AppTitle h1\">Mehr informationen<\/p>\n        <div class=\"KnowMore-subtitle\">Sie k\u00f6nnen die gew\u00fcnschten Informationen nicht finden?<\/div>\n        <div class=\"KnowMore-buttons\">\n                        <div class=\"ButtonIcon\" data-component-id=\"ButtonIcon\">\n                <a class=\"ButtonIcon-component\" aria-label=\"Dokumentation\" href=\"https:\/\/hifi-filter.com\/de\/dokumentation\/\" target=\"_self\" data-trk-other-cta=\"Dokumentation\">\n                    <div class=\"ButtonIcon-icon\"><svg id=\"Calque_1\" data-name=\"Calque 1\" xmlns=\"http:\/\/www.w3.org\/2000\/svg\" viewBox=\"0 0 283.46 283.46\"><path d=\"M177.83,36.59,224.3,85a5.42,5.42,0,0,1,1.49,3.76V243.1a5.44,5.44,0,0,1-1.5,3.77,5,5,0,0,1-3.62,1.57H67a5.06,5.06,0,0,1-3.63-1.57,5.44,5.44,0,0,1-1.5-3.77V40.36a5.45,5.45,0,0,1,1.5-3.77A5.05,5.05,0,0,1,67,35h107.2A5,5,0,0,1,177.83,36.59Zm2.75-22.9H61.89a20.08,20.08,0,0,0-14.48,6.25,21.8,21.8,0,0,0-6,15.09V248.44a21.8,21.8,0,0,0,6,15.09,20.08,20.08,0,0,0,14.48,6.25h163.9a20.08,20.08,0,0,0,14.49-6.25,21.8,21.8,0,0,0,6-15.09V82.13a10.91,10.91,0,0,0-3-7.55L187.82,16.81A10,10,0,0,0,180.58,13.69Z\"\/><path d=\"M184.82,131.06H92.63a10,10,0,0,1-7.25-3.12,11,11,0,0,1,0-15.09,10.06,10.06,0,0,1,7.25-3.13h92.19a10,10,0,0,1,7.24,3.13,11,11,0,0,1,0,15.09A10,10,0,0,1,184.82,131.06Z\"\/><path d=\"M184.82,173.74H92.63a10,10,0,0,1-7.25-3.12,11,11,0,0,1,0-15.09,10.06,10.06,0,0,1,7.25-3.13h92.19a10,10,0,0,1,7.24,3.13,11,11,0,0,1,0,15.09A10,10,0,0,1,184.82,173.74Z\"\/><path d=\"M138.72,216.43H92.63a10.06,10.06,0,0,1-7.25-3.13,11,11,0,0,1,0-15.09,10,10,0,0,1,7.25-3.12h46.09a10.06,10.06,0,0,1,7.25,3.12,11,11,0,0,1,0,15.09A10.07,10.07,0,0,1,138.72,216.43Z\"\/><\/svg><\/div>                    <span class=\"ButtonIcon-text\">Dokumentation<\/span>\n                <\/a>\n            <\/div>\n                        <div class=\"ButtonIcon\" data-component-id=\"ButtonIcon\">\n                <a class=\"ButtonIcon-component\" aria-label=\"Kontakt\" href=\"https:\/\/hifi-filter.com\/de\/kontakt\/\" target=\"_self\" data-trk-other-cta=\"Kontakt\">\n                    <div class=\"ButtonIcon-icon\"><svg id=\"Calque_1\" data-name=\"Calque 1\" xmlns=\"http:\/\/www.w3.org\/2000\/svg\" viewBox=\"0 0 283.46 283.46\"><path d=\"M112.28,149.62h-5.89a12,12,0,0,0-4.87,1,11.81,11.81,0,0,0-4,2.92L77,176.72V161.19A11.46,11.46,0,0,0,73.5,153a11.9,11.9,0,0,0-8.33-3.39H59.28a35.67,35.67,0,0,1-25-10.16,34.39,34.39,0,0,1-10.35-24.54V68.65A34.37,34.37,0,0,1,34.29,44.11a35.68,35.68,0,0,1,25-10.17h111.9a35.68,35.68,0,0,1,25,10.17,34.41,34.41,0,0,1,10.35,24.54v40.49a11.48,11.48,0,0,0,3.45,8.18,12,12,0,0,0,16.66,0,11.48,11.48,0,0,0,3.45-8.18V68.65a57.39,57.39,0,0,0-17.27-40.88,59.57,59.57,0,0,0-41.63-17H59.28a59.54,59.54,0,0,0-41.63,17A57.39,57.39,0,0,0,.38,68.65v46.27a57.4,57.4,0,0,0,15.24,38.79,59.36,59.36,0,0,0,37.77,18.77v35a11.49,11.49,0,0,0,2.09,6.6A11.78,11.78,0,0,0,61,218.3a11.94,11.94,0,0,0,7,.39,11.8,11.8,0,0,0,6-3.6l37.69-42.33h.55a11.88,11.88,0,0,0,8.33-3.39,11.42,11.42,0,0,0,0-16.36A11.88,11.88,0,0,0,112.28,149.62Z\"\/><path d=\"M247.75,138.06H171.18a35.67,35.67,0,0,0-25,10.16,34.43,34.43,0,0,0-10.35,24.54v34.7A34.41,34.41,0,0,0,146.19,232a35.68,35.68,0,0,0,25,10.17h18.68l31.89,31.32a11.89,11.89,0,0,0,6,3.17,12.09,12.09,0,0,0,6.81-.66,11.71,11.71,0,0,0,5.28-4.27,11.38,11.38,0,0,0,2-6.43V242.17h5.89a35.64,35.64,0,0,0,25-10.17,34.37,34.37,0,0,0,10.35-24.54v-34.7a34.39,34.39,0,0,0-10.35-24.54A35.63,35.63,0,0,0,247.75,138.06Zm11.77,69.4a11.49,11.49,0,0,1-3.44,8.18,11.9,11.9,0,0,1-8.33,3.39H230.08a11.88,11.88,0,0,0-8.33,3.39,11.46,11.46,0,0,0-3.45,8.18v6.78l-15.23-15a11.9,11.9,0,0,0-8.33-3.39H171.18a11.9,11.9,0,0,1-8.33-3.39,11.46,11.46,0,0,1-3.45-8.18v-34.7a11.46,11.46,0,0,1,3.45-8.18,11.9,11.9,0,0,1,8.33-3.39h76.57a11.9,11.9,0,0,1,8.33,3.39,11.49,11.49,0,0,1,3.44,8.18Z\"\/><\/svg><\/div>                    <span class=\"ButtonIcon-text\">Kontakt<\/span>\n                <\/a>\n            <\/div>\n                    <\/div>\n    <\/div>\n<\/section>\n\n\n\r\n<section class=\"LeModole\" data-component-id=\"LeModole\">\r\n    <div class=\"LeModole-container\">\r\n        <div class=\"LeModole-images\">\r\n            <div class=\"LeModole-image\" ref=\"slides\">\r\n                <div class=\"Image\" data-component-id=\"image\">\r\n                    <picture>\r\n                        <img class=\"lazyload\" data-src=\"https:\/\/hifi-filter.com\/wp-content\/uploads\/2021\/10\/Quick-Access-Activities.jpg\" width=\"1440\" height=\"800\" alt=\"Image non trouv\u00e9e\" draggable=\"false\">\r\n                    <\/picture>\r\n                <\/div>\r\n            <\/div><div class=\"LeModole-image\" ref=\"slides\">\r\n                <div class=\"Image\" data-component-id=\"image\">\r\n                    <picture>\r\n                        <img class=\"lazyload\" data-src=\"https:\/\/hifi-filter.com\/wp-content\/uploads\/2021\/10\/Quick-Access-Solutions.jpg\" width=\"1440\" height=\"800\" alt=\"Image non trouv\u00e9e\" draggable=\"false\">\r\n                    <\/picture>\r\n                <\/div>\r\n            <\/div><div class=\"LeModole-image\" ref=\"slides\">\r\n                <div class=\"Image\" data-component-id=\"image\">\r\n                    <picture>\r\n                        <img class=\"lazyload\" data-src=\"https:\/\/hifi-filter.com\/wp-content\/uploads\/2021\/10\/Customer-Service-CTA.jpg\" width=\"1440\" height=\"800\" alt=\"Image non trouv\u00e9e\" draggable=\"false\">\r\n                    <\/picture>\r\n                <\/div>\r\n            <\/div>        <\/div>\r\n        <div class=\"LeModole-listContainer\">\r\n            <ul class=\"LeModole-list\">\r\n                <li class=\"LeModole-listItem AppBorder \" ref=\"titles\">\r\n                <a aria-label=\"Unsere Einsatzgebiete\" href=\"https:\/\/hifi-filter.com\/de\/aktivitaten\/\" target=\"_self\" data-trk-other-cta=\"Unsere Einsatzgebiete\">\r\n                    <div class=\"AppTitle h2\">Unsere Einsatzgebiete<\/div>\r\n                    <div class=\"AppText\">\r\n                        <p><\/p>\r\n                    <\/div>\r\n                <\/a>\r\n            <\/li><li class=\"LeModole-listItem AppBorder \" ref=\"titles\">\r\n                <a aria-label=\"Unsere L\u00f6sungen\" href=\"https:\/\/hifi-filter.com\/de\/losungen\/\" target=\"_self\" data-trk-other-cta=\"Unsere L\u00f6sungen\">\r\n                    <div class=\"AppTitle h2\">Unsere L\u00f6sungen<\/div>\r\n                    <div class=\"AppText\">\r\n                        <p><\/p>\r\n                    <\/div>\r\n                <\/a>\r\n            <\/li><li class=\"LeModole-listItem AppBorder \" ref=\"titles\">\r\n                <a aria-label=\"Unsere Dienste\" href=\"https:\/\/hifi-filter.com\/de\/dienste\/\" target=\"_self\" data-trk-other-cta=\"Unsere Dienste\">\r\n                    <div class=\"AppTitle h2\">Unsere Dienste<\/div>\r\n                    <div class=\"AppText\">\r\n                        <p><\/p>\r\n                    <\/div>\r\n                <\/a>\r\n            <\/li>            <\/ul>\r\n        <\/div>\r\n    <\/div>\r\n<\/section>\r\n","protected":false},"excerpt":{"rendered":"","protected":false},"author":1,"featured_media":6372,"parent":18038,"menu_order":77,"comment_status":"closed","ping_status":"closed","template":"","meta":{"_acf_changed":false,"footnotes":""},"acf":[],"yoast_head":"<!-- This site is optimized with the Yoast SEO plugin v22.2 - https:\/\/yoast.com\/wordpress\/plugins\/seo\/ -->\n<title>Filtersuche: Alle unsere Tools machen Ihnen das Leben leichter | HIFI FILTER<\/title>\n<meta name=\"description\" content=\"Alle unsere Filtrationsl\u00f6sungen sind nur einen Klick entfernt: intuitive Suchsysteme, ein personalisierter Kundenbereich oder Produktkataloge zur Steigerung der Effizienz.\" \/>\n<meta name=\"robots\" content=\"index, follow, max-snippet:-1, max-image-preview:large, max-video-preview:-1\" \/>\n<link rel=\"canonical\" href=\"https:\/\/hifi-filter.com\/de\/dienste\/tools-und-daten\/\" \/>\n<meta name=\"twitter:label1\" content=\"Gesch\u00e4tzte Lesezeit\" \/>\n\t<meta name=\"twitter:data1\" content=\"1 Minute\" \/>\n<script type=\"application\/ld+json\" class=\"yoast-schema-graph\">{\"@context\":\"https:\/\/schema.org\",\"@graph\":[{\"@type\":\"WebPage\",\"@id\":\"https:\/\/hifi-filter.com\/de\/dienste\/tools-und-daten\/\",\"url\":\"https:\/\/hifi-filter.com\/de\/dienste\/tools-und-daten\/\",\"name\":\"Filtersuche: Alle unsere Tools machen Ihnen das Leben leichter | HIFI FILTER\",\"isPartOf\":{\"@id\":\"https:\/\/hifi-filter.com\/de\/#website\"},\"primaryImageOfPage\":{\"@id\":\"https:\/\/hifi-filter.com\/de\/dienste\/tools-und-daten\/#primaryimage\"},\"image\":{\"@id\":\"https:\/\/hifi-filter.com\/de\/dienste\/tools-und-daten\/#primaryimage\"},\"thumbnailUrl\":\"https:\/\/hifi-filter.com\/wp-content\/uploads\/2021\/10\/Banner-Tools-Data-1.jpg\",\"datePublished\":\"2021-10-18T14:34:45+00:00\",\"dateModified\":\"2026-02-09T15:47:02+00:00\",\"description\":\"Alle unsere Filtrationsl\u00f6sungen sind nur einen Klick entfernt: intuitive Suchsysteme, ein personalisierter Kundenbereich oder Produktkataloge zur Steigerung der Effizienz.\",\"breadcrumb\":{\"@id\":\"https:\/\/hifi-filter.com\/de\/dienste\/tools-und-daten\/#breadcrumb\"},\"inLanguage\":\"de-DE\",\"potentialAction\":[{\"@type\":\"ReadAction\",\"target\":[\"https:\/\/hifi-filter.com\/de\/dienste\/tools-und-daten\/\"]}]},{\"@type\":\"ImageObject\",\"inLanguage\":\"de-DE\",\"@id\":\"https:\/\/hifi-filter.com\/de\/dienste\/tools-und-daten\/#primaryimage\",\"url\":\"https:\/\/hifi-filter.com\/wp-content\/uploads\/2021\/10\/Banner-Tools-Data-1.jpg\",\"contentUrl\":\"https:\/\/hifi-filter.com\/wp-content\/uploads\/2021\/10\/Banner-Tools-Data-1.jpg\",\"width\":2560,\"height\":924,\"caption\":\"African Businesswoman Using Analytics Data KPI Dashboard Tech\"},{\"@type\":\"BreadcrumbList\",\"@id\":\"https:\/\/hifi-filter.com\/de\/dienste\/tools-und-daten\/#breadcrumb\",\"itemListElement\":[{\"@type\":\"ListItem\",\"position\":1,\"name\":\"Home\",\"item\":\"https:\/\/hifi-filter.com\/de\/\"},{\"@type\":\"ListItem\",\"position\":2,\"name\":\"Dienste\",\"item\":\"https:\/\/hifi-filter.com\/de\/dienste\/\"},{\"@type\":\"ListItem\",\"position\":3,\"name\":\"Tools und Daten\"}]},{\"@type\":\"WebSite\",\"@id\":\"https:\/\/hifi-filter.com\/de\/#website\",\"url\":\"https:\/\/hifi-filter.com\/de\/\",\"name\":\"HIFI FILTER\",\"description\":\"Your partner in filtration &amp; separation\",\"publisher\":{\"@id\":\"https:\/\/hifi-filter.com\/de\/#organization\"},\"potentialAction\":[{\"@type\":\"SearchAction\",\"target\":{\"@type\":\"EntryPoint\",\"urlTemplate\":\"https:\/\/hifi-filter.com\/de\/?s={search_term_string}\"},\"query-input\":\"required name=search_term_string\"}],\"inLanguage\":\"de-DE\"},{\"@type\":\"Organization\",\"@id\":\"https:\/\/hifi-filter.com\/de\/#organization\",\"name\":\"HIFI FILTER\",\"url\":\"https:\/\/hifi-filter.com\/de\/\",\"logo\":{\"@type\":\"ImageObject\",\"inLanguage\":\"de-DE\",\"@id\":\"https:\/\/hifi-filter.com\/de\/#\/schema\/logo\/image\/\",\"url\":\"https:\/\/hifi-filter.com\/wp-content\/uploads\/2021\/11\/cropped-Favicon-HIFI-FILTER-1.png\",\"contentUrl\":\"https:\/\/hifi-filter.com\/wp-content\/uploads\/2021\/11\/cropped-Favicon-HIFI-FILTER-1.png\",\"width\":190,\"height\":190,\"caption\":\"HIFI FILTER\"},\"image\":{\"@id\":\"https:\/\/hifi-filter.com\/de\/#\/schema\/logo\/image\/\"},\"sameAs\":[\"https:\/\/www.facebook.com\/hififilter.group\",\"https:\/\/www.linkedin.com\/company\/hififilter\/\"]}]}<\/script>\n<!-- \/ Yoast SEO plugin. -->","yoast_head_json":{"title":"Filtersuche: Alle unsere Tools machen Ihnen das Leben leichter | HIFI FILTER","description":"Alle unsere Filtrationsl\u00f6sungen sind nur einen Klick entfernt: intuitive Suchsysteme, ein personalisierter Kundenbereich oder Produktkataloge zur Steigerung der Effizienz.","robots":{"index":"index","follow":"follow","max-snippet":"max-snippet:-1","max-image-preview":"max-image-preview:large","max-video-preview":"max-video-preview:-1"},"canonical":"https:\/\/hifi-filter.com\/de\/dienste\/tools-und-daten\/","twitter_misc":{"Gesch\u00e4tzte Lesezeit":"1 Minute"},"schema":{"@context":"https:\/\/schema.org","@graph":[{"@type":"WebPage","@id":"https:\/\/hifi-filter.com\/de\/dienste\/tools-und-daten\/","url":"https:\/\/hifi-filter.com\/de\/dienste\/tools-und-daten\/","name":"Filtersuche: Alle unsere Tools machen Ihnen das Leben leichter | HIFI FILTER","isPartOf":{"@id":"https:\/\/hifi-filter.com\/de\/#website"},"primaryImageOfPage":{"@id":"https:\/\/hifi-filter.com\/de\/dienste\/tools-und-daten\/#primaryimage"},"image":{"@id":"https:\/\/hifi-filter.com\/de\/dienste\/tools-und-daten\/#primaryimage"},"thumbnailUrl":"https:\/\/hifi-filter.com\/wp-content\/uploads\/2021\/10\/Banner-Tools-Data-1.jpg","datePublished":"2021-10-18T14:34:45+00:00","dateModified":"2026-02-09T15:47:02+00:00","description":"Alle unsere Filtrationsl\u00f6sungen sind nur einen Klick entfernt: intuitive Suchsysteme, ein personalisierter Kundenbereich oder Produktkataloge zur Steigerung der Effizienz.","breadcrumb":{"@id":"https:\/\/hifi-filter.com\/de\/dienste\/tools-und-daten\/#breadcrumb"},"inLanguage":"de-DE","potentialAction":[{"@type":"ReadAction","target":["https:\/\/hifi-filter.com\/de\/dienste\/tools-und-daten\/"]}]},{"@type":"ImageObject","inLanguage":"de-DE","@id":"https:\/\/hifi-filter.com\/de\/dienste\/tools-und-daten\/#primaryimage","url":"https:\/\/hifi-filter.com\/wp-content\/uploads\/2021\/10\/Banner-Tools-Data-1.jpg","contentUrl":"https:\/\/hifi-filter.com\/wp-content\/uploads\/2021\/10\/Banner-Tools-Data-1.jpg","width":2560,"height":924,"caption":"African Businesswoman Using Analytics Data KPI Dashboard Tech"},{"@type":"BreadcrumbList","@id":"https:\/\/hifi-filter.com\/de\/dienste\/tools-und-daten\/#breadcrumb","itemListElement":[{"@type":"ListItem","position":1,"name":"Home","item":"https:\/\/hifi-filter.com\/de\/"},{"@type":"ListItem","position":2,"name":"Dienste","item":"https:\/\/hifi-filter.com\/de\/dienste\/"},{"@type":"ListItem","position":3,"name":"Tools und Daten"}]},{"@type":"WebSite","@id":"https:\/\/hifi-filter.com\/de\/#website","url":"https:\/\/hifi-filter.com\/de\/","name":"HIFI FILTER","description":"Your partner in filtration &amp; separation","publisher":{"@id":"https:\/\/hifi-filter.com\/de\/#organization"},"potentialAction":[{"@type":"SearchAction","target":{"@type":"EntryPoint","urlTemplate":"https:\/\/hifi-filter.com\/de\/?s={search_term_string}"},"query-input":"required name=search_term_string"}],"inLanguage":"de-DE"},{"@type":"Organization","@id":"https:\/\/hifi-filter.com\/de\/#organization","name":"HIFI FILTER","url":"https:\/\/hifi-filter.com\/de\/","logo":{"@type":"ImageObject","inLanguage":"de-DE","@id":"https:\/\/hifi-filter.com\/de\/#\/schema\/logo\/image\/","url":"https:\/\/hifi-filter.com\/wp-content\/uploads\/2021\/11\/cropped-Favicon-HIFI-FILTER-1.png","contentUrl":"https:\/\/hifi-filter.com\/wp-content\/uploads\/2021\/11\/cropped-Favicon-HIFI-FILTER-1.png","width":190,"height":190,"caption":"HIFI FILTER"},"image":{"@id":"https:\/\/hifi-filter.com\/de\/#\/schema\/logo\/image\/"},"sameAs":["https:\/\/www.facebook.com\/hififilter.group","https:\/\/www.linkedin.com\/company\/hififilter\/"]}]}},"_links":{"self":[{"href":"https:\/\/hifi-filter.com\/de\/wp-json\/wp\/v2\/pages\/17525"}],"collection":[{"href":"https:\/\/hifi-filter.com\/de\/wp-json\/wp\/v2\/pages"}],"about":[{"href":"https:\/\/hifi-filter.com\/de\/wp-json\/wp\/v2\/types\/page"}],"author":[{"embeddable":true,"href":"https:\/\/hifi-filter.com\/de\/wp-json\/wp\/v2\/users\/1"}],"replies":[{"embeddable":true,"href":"https:\/\/hifi-filter.com\/de\/wp-json\/wp\/v2\/comments?post=17525"}],"version-history":[{"count":12,"href":"https:\/\/hifi-filter.com\/de\/wp-json\/wp\/v2\/pages\/17525\/revisions"}],"predecessor-version":[{"id":24096,"href":"https:\/\/hifi-filter.com\/de\/wp-json\/wp\/v2\/pages\/17525\/revisions\/24096"}],"up":[{"embeddable":true,"href":"https:\/\/hifi-filter.com\/de\/wp-json\/wp\/v2\/pages\/18038"}],"wp:featuredmedia":[{"embeddable":true,"href":"https:\/\/hifi-filter.com\/de\/wp-json\/wp\/v2\/media\/6372"}],"wp:attachment":[{"href":"https:\/\/hifi-filter.com\/de\/wp-json\/wp\/v2\/media?parent=17525"}],"curies":[{"name":"wp","href":"https:\/\/api.w.org\/{rel}","templated":true}]}}