{"id":18038,"date":"2021-10-18T15:13:08","date_gmt":"2021-10-18T13:13:08","guid":{"rendered":"https:\/\/hifi-filter.sitendev.com\/services\/"},"modified":"2022-05-27T13:32:50","modified_gmt":"2022-05-27T11:32:50","slug":"dienste","status":"publish","type":"page","link":"https:\/\/hifi-filter.com\/de\/dienste\/","title":{"rendered":"Dienste"},"content":{"rendered":"<div class=\"ArticleEdito reverse\" data-component-id=\"ArticleEdito\">\r\n    <div class=\"ArticleEdito-content\">\r\n        <h2 class=\"ArticleEdito-title\">One stop filter shop<\/h2>        <div class=\"ArticleEdito-text AppText AppScrollbar\">Mit HIFI FILTER\u00ae haben Sie einen zuverl\u00e4ssigen Verb\u00fcndeten f\u00fcr das Wartungsmanagement Ihrer Fahrzeuge, Maschinen und Anlagen. Und genie\u00dfen Sie die vielen Vorteile eines einzigen Ansprechpartners und einer einzigen Marke f\u00fcr Ihre gesamte Filtration.<\/div>\r\n        \r\n        <div class=\"Button ArticleEdito-button\" data-component-id=\"Button\">\r\n            <a class=\"Button-component\" href=\"https:\/\/hifi-filter.com\/de\/dienste\/one-stop-filter-shop\/\" aria-label=\"\" target=\"_self\" data-trk-other-cta=\"Entdecken Sie\">\r\n                <span class=\"Button-text\">Entdecken Sie<\/span>\r\n            <\/a>\r\n        <\/div>    <\/div>\r\n    <div class=\"Image ArticleEdito-image\" data-component-id=\"image\">\r\n        <picture>\r\n            <img class=\"lazyload\" data-src=\"https:\/\/hifi-filter.com\/wp-content\/uploads\/2021\/10\/One-Stop-Shop-Filters-LR.jpg\" width=\"1440\" height=\"800\"\r\n                alt=\"Image non trouv\u00e9e\" draggable=\"false\">\r\n        <\/picture>\r\n    <\/div>\r\n<\/div>\n\n<div class=\"ArticleEdito\" data-component-id=\"ArticleEdito\">\r\n    <div class=\"ArticleEdito-content\">\r\n        <h2 class=\"ArticleEdito-title\">Lagerbestand und Verf\u00fcgbarkeit<\/h2>        <div class=\"ArticleEdito-text AppText AppScrollbar\">Wir bei HIFI FILTER\u00ae wissen, welche Konsequenzen Ausfallzeiten f\u00fcr ein Unternehmen haben k\u00f6nnen. Deshalb sichern wir unseren Kunden mit 30.000 aktuellen Referenzen auf Lager und schnellen Lieferungen weltweit.<\/div>\r\n        \r\n        <div class=\"Button ArticleEdito-button\" data-component-id=\"Button\">\r\n            <a class=\"Button-component\" href=\"https:\/\/hifi-filter.com\/de\/dienste\/lager-und-verfugbarkeit\/\" aria-label=\"\" target=\"_self\" data-trk-other-cta=\"Entdecken Sie\">\r\n                <span class=\"Button-text\">Entdecken Sie<\/span>\r\n            <\/a>\r\n        <\/div>    <\/div>\r\n    <div class=\"Image ArticleEdito-image\" data-component-id=\"image\">\r\n        <picture>\r\n            <img class=\"lazyload\" data-src=\"https:\/\/hifi-filter.com\/wp-content\/uploads\/2021\/10\/Stock-LR.jpg\" width=\"1440\" height=\"800\"\r\n                alt=\"Image non trouv\u00e9e\" draggable=\"false\">\r\n        <\/picture>\r\n    <\/div>\r\n<\/div>\n\n<div class=\"ArticleEdito reverse\" data-component-id=\"ArticleEdito\">\r\n    <div class=\"ArticleEdito-content\">\r\n        <h2 class=\"ArticleEdito-title\">Tools und Daten<\/h2>        <div class=\"ArticleEdito-text AppText AppScrollbar\">Nutzen Sie die auf Sie zugeschnittenen digitalen Tools und Hilfsmittel. Intuitive Suchmaschinen, ein personalisierter Kundenbereich und Produktkataloge sind allesamt wertvolle Instrumente zur Verbesserung der Effizienz.<\/div>\r\n        \r\n        <div class=\"Button ArticleEdito-button\" data-component-id=\"Button\">\r\n            <a class=\"Button-component\" href=\"https:\/\/hifi-filter.com\/de\/dienste\/tools-und-daten\/\" aria-label=\"\" target=\"_self\" data-trk-other-cta=\"Entdecken Sie\">\r\n                <span class=\"Button-text\">Entdecken Sie<\/span>\r\n            <\/a>\r\n        <\/div>    <\/div>\r\n    <div class=\"Image ArticleEdito-image\" data-component-id=\"image\">\r\n        <picture>\r\n            <img class=\"lazyload\" data-src=\"https:\/\/hifi-filter.com\/wp-content\/uploads\/2021\/10\/Tool-Data-LR.jpg\" width=\"1440\" height=\"800\"\r\n                alt=\"Image non trouv\u00e9e\" draggable=\"false\">\r\n        <\/picture>\r\n    <\/div>\r\n<\/div>\n\n<div class=\"ArticleEdito\" data-component-id=\"ArticleEdito\">\r\n    <div class=\"ArticleEdito-content\">\r\n        <h2 class=\"ArticleEdito-title\">Betreuung und Beratung<\/h2>        <div class=\"ArticleEdito-text AppText AppScrollbar\">Ihr Partner HIFI FILTER\u00ae stellt Ihnen sein gesamtes Team zur Verf\u00fcgung, um Ihnen eine einzigartige Erfahrung und einen hochwertigen Kundendienst zu bieten. Nutzen Sie den Rat und die Unterst\u00fctzung von Experten, um gemeinsam die f\u00fcr Ihre Bed\u00fcrfnisse geeigneten L\u00f6sungen zu finden.<\/div>\r\n        \r\n        <div class=\"Button ArticleEdito-button\" data-component-id=\"Button\">\r\n            <a class=\"Button-component\" href=\"https:\/\/hifi-filter.com\/de\/dienste\/betreuung-und-beratung\/\" aria-label=\"\" target=\"_self\" data-trk-other-cta=\"Entdecken Sie\">\r\n                <span class=\"Button-text\">Entdecken Sie<\/span>\r\n            <\/a>\r\n        <\/div>    <\/div>\r\n    <div class=\"Image ArticleEdito-image\" data-component-id=\"image\">\r\n        <picture>\r\n            <img class=\"lazyload\" data-src=\"https:\/\/hifi-filter.com\/wp-content\/uploads\/2021\/10\/Support-Advice-LR-1.jpg\" width=\"1440\" height=\"800\"\r\n                alt=\"Image non trouv\u00e9e\" draggable=\"false\">\r\n        <\/picture>\r\n    <\/div>\r\n<\/div>\n\n<div class=\"ArticleEdito reverse\" data-component-id=\"ArticleEdito\">\r\n    <div class=\"ArticleEdito-content\">\r\n        <h2 class=\"ArticleEdito-title\">Qualit\u00e4t<\/h2>        <div class=\"ArticleEdito-text AppText AppScrollbar\">Wenn es um Filtration geht, sind Qualit\u00e4t und Leistung entscheidend f\u00fcr den Schutz von Menschen, Ger\u00e4ten und der Umwelt. Diese Sorge ist die Grundlage f\u00fcr unsere Aktivit\u00e4ten und unseren Ansatz.<\/div>\r\n        \r\n        <div class=\"Button ArticleEdito-button\" data-component-id=\"Button\">\r\n            <a class=\"Button-component\" href=\"https:\/\/hifi-filter.com\/de\/dienste\/qualitat\/\" aria-label=\"\" target=\"_self\" data-trk-other-cta=\"Entdecken Sie\">\r\n                <span class=\"Button-text\">Entdecken Sie<\/span>\r\n            <\/a>\r\n        <\/div>    <\/div>\r\n    <div class=\"Image ArticleEdito-image\" data-component-id=\"image\">\r\n        <picture>\r\n            <img class=\"lazyload\" data-src=\"https:\/\/hifi-filter.com\/wp-content\/uploads\/2021\/10\/Quality-Check-LR.jpg\" width=\"1440\" height=\"800\"\r\n                alt=\"Image non trouv\u00e9e\" draggable=\"false\">\r\n        <\/picture>\r\n    <\/div>\r\n<\/div>\n\n\n<p><\/p>\n","protected":false},"excerpt":{"rendered":"","protected":false},"author":1,"featured_media":0,"parent":0,"menu_order":55,"comment_status":"closed","ping_status":"closed","template":"","meta":{"_acf_changed":false,"footnotes":""},"acf":[],"yoast_head":"<!-- This site is optimized with the Yoast SEO plugin v22.2 - https:\/\/yoast.com\/wordpress\/plugins\/seo\/ -->\n<title>Alle Dienstleistungen von HIFI FILTER: Ihr Partner f\u00fcr Filtration | HIFI FILTER<\/title>\n<meta name=\"description\" content=\"Die geeigneten Werkzeuge und Dienstleistungen, die Verf\u00fcgbarkeit und die Unterst\u00fctzung der Expertenteams, die Sie fachm\u00e4nnisch beraten, machen HIFI FILTER zu Ihrem besten Partner in der Filtration!\" \/>\n<meta name=\"robots\" content=\"index, follow, max-snippet:-1, max-image-preview:large, max-video-preview:-1\" \/>\n<link rel=\"canonical\" href=\"https:\/\/hifi-filter.com\/de\/dienste\/\" \/>\n<script type=\"application\/ld+json\" class=\"yoast-schema-graph\">{\"@context\":\"https:\/\/schema.org\",\"@graph\":[{\"@type\":\"WebPage\",\"@id\":\"https:\/\/hifi-filter.com\/de\/dienste\/\",\"url\":\"https:\/\/hifi-filter.com\/de\/dienste\/\",\"name\":\"Alle Dienstleistungen von HIFI FILTER: Ihr Partner f\u00fcr Filtration | HIFI FILTER\",\"isPartOf\":{\"@id\":\"https:\/\/hifi-filter.com\/de\/#website\"},\"datePublished\":\"2021-10-18T13:13:08+00:00\",\"dateModified\":\"2022-05-27T11:32:50+00:00\",\"description\":\"Die geeigneten Werkzeuge und Dienstleistungen, die Verf\u00fcgbarkeit und die Unterst\u00fctzung der Expertenteams, die Sie fachm\u00e4nnisch beraten, machen HIFI FILTER zu Ihrem besten Partner in der Filtration!\",\"breadcrumb\":{\"@id\":\"https:\/\/hifi-filter.com\/de\/dienste\/#breadcrumb\"},\"inLanguage\":\"de-DE\",\"potentialAction\":[{\"@type\":\"ReadAction\",\"target\":[\"https:\/\/hifi-filter.com\/de\/dienste\/\"]}]},{\"@type\":\"BreadcrumbList\",\"@id\":\"https:\/\/hifi-filter.com\/de\/dienste\/#breadcrumb\",\"itemListElement\":[{\"@type\":\"ListItem\",\"position\":1,\"name\":\"Home\",\"item\":\"https:\/\/hifi-filter.com\/de\/\"},{\"@type\":\"ListItem\",\"position\":2,\"name\":\"Dienste\"}]},{\"@type\":\"WebSite\",\"@id\":\"https:\/\/hifi-filter.com\/de\/#website\",\"url\":\"https:\/\/hifi-filter.com\/de\/\",\"name\":\"HIFI FILTER\",\"description\":\"Your partner in filtration &amp; separation\",\"publisher\":{\"@id\":\"https:\/\/hifi-filter.com\/de\/#organization\"},\"potentialAction\":[{\"@type\":\"SearchAction\",\"target\":{\"@type\":\"EntryPoint\",\"urlTemplate\":\"https:\/\/hifi-filter.com\/de\/?s={search_term_string}\"},\"query-input\":\"required name=search_term_string\"}],\"inLanguage\":\"de-DE\"},{\"@type\":\"Organization\",\"@id\":\"https:\/\/hifi-filter.com\/de\/#organization\",\"name\":\"HIFI FILTER\",\"url\":\"https:\/\/hifi-filter.com\/de\/\",\"logo\":{\"@type\":\"ImageObject\",\"inLanguage\":\"de-DE\",\"@id\":\"https:\/\/hifi-filter.com\/de\/#\/schema\/logo\/image\/\",\"url\":\"https:\/\/hifi-filter.com\/wp-content\/uploads\/2021\/11\/cropped-Favicon-HIFI-FILTER-1.png\",\"contentUrl\":\"https:\/\/hifi-filter.com\/wp-content\/uploads\/2021\/11\/cropped-Favicon-HIFI-FILTER-1.png\",\"width\":190,\"height\":190,\"caption\":\"HIFI FILTER\"},\"image\":{\"@id\":\"https:\/\/hifi-filter.com\/de\/#\/schema\/logo\/image\/\"},\"sameAs\":[\"https:\/\/www.facebook.com\/hififilter.group\",\"https:\/\/www.linkedin.com\/company\/hififilter\/\"]}]}<\/script>\n<!-- \/ Yoast SEO plugin. -->","yoast_head_json":{"title":"Alle Dienstleistungen von HIFI FILTER: Ihr Partner f\u00fcr Filtration | HIFI FILTER","description":"Die geeigneten Werkzeuge und Dienstleistungen, die Verf\u00fcgbarkeit und die Unterst\u00fctzung der Expertenteams, die Sie fachm\u00e4nnisch beraten, machen HIFI FILTER zu Ihrem besten Partner in der Filtration!","robots":{"index":"index","follow":"follow","max-snippet":"max-snippet:-1","max-image-preview":"max-image-preview:large","max-video-preview":"max-video-preview:-1"},"canonical":"https:\/\/hifi-filter.com\/de\/dienste\/","schema":{"@context":"https:\/\/schema.org","@graph":[{"@type":"WebPage","@id":"https:\/\/hifi-filter.com\/de\/dienste\/","url":"https:\/\/hifi-filter.com\/de\/dienste\/","name":"Alle Dienstleistungen von HIFI FILTER: Ihr Partner f\u00fcr Filtration | HIFI FILTER","isPartOf":{"@id":"https:\/\/hifi-filter.com\/de\/#website"},"datePublished":"2021-10-18T13:13:08+00:00","dateModified":"2022-05-27T11:32:50+00:00","description":"Die geeigneten Werkzeuge und Dienstleistungen, die Verf\u00fcgbarkeit und die Unterst\u00fctzung der Expertenteams, die Sie fachm\u00e4nnisch beraten, machen HIFI FILTER zu Ihrem besten Partner in der Filtration!","breadcrumb":{"@id":"https:\/\/hifi-filter.com\/de\/dienste\/#breadcrumb"},"inLanguage":"de-DE","potentialAction":[{"@type":"ReadAction","target":["https:\/\/hifi-filter.com\/de\/dienste\/"]}]},{"@type":"BreadcrumbList","@id":"https:\/\/hifi-filter.com\/de\/dienste\/#breadcrumb","itemListElement":[{"@type":"ListItem","position":1,"name":"Home","item":"https:\/\/hifi-filter.com\/de\/"},{"@type":"ListItem","position":2,"name":"Dienste"}]},{"@type":"WebSite","@id":"https:\/\/hifi-filter.com\/de\/#website","url":"https:\/\/hifi-filter.com\/de\/","name":"HIFI FILTER","description":"Your partner in filtration &amp; separation","publisher":{"@id":"https:\/\/hifi-filter.com\/de\/#organization"},"potentialAction":[{"@type":"SearchAction","target":{"@type":"EntryPoint","urlTemplate":"https:\/\/hifi-filter.com\/de\/?s={search_term_string}"},"query-input":"required name=search_term_string"}],"inLanguage":"de-DE"},{"@type":"Organization","@id":"https:\/\/hifi-filter.com\/de\/#organization","name":"HIFI FILTER","url":"https:\/\/hifi-filter.com\/de\/","logo":{"@type":"ImageObject","inLanguage":"de-DE","@id":"https:\/\/hifi-filter.com\/de\/#\/schema\/logo\/image\/","url":"https:\/\/hifi-filter.com\/wp-content\/uploads\/2021\/11\/cropped-Favicon-HIFI-FILTER-1.png","contentUrl":"https:\/\/hifi-filter.com\/wp-content\/uploads\/2021\/11\/cropped-Favicon-HIFI-FILTER-1.png","width":190,"height":190,"caption":"HIFI FILTER"},"image":{"@id":"https:\/\/hifi-filter.com\/de\/#\/schema\/logo\/image\/"},"sameAs":["https:\/\/www.facebook.com\/hififilter.group","https:\/\/www.linkedin.com\/company\/hififilter\/"]}]}},"_links":{"self":[{"href":"https:\/\/hifi-filter.com\/de\/wp-json\/wp\/v2\/pages\/18038"}],"collection":[{"href":"https:\/\/hifi-filter.com\/de\/wp-json\/wp\/v2\/pages"}],"about":[{"href":"https:\/\/hifi-filter.com\/de\/wp-json\/wp\/v2\/types\/page"}],"author":[{"embeddable":true,"href":"https:\/\/hifi-filter.com\/de\/wp-json\/wp\/v2\/users\/1"}],"replies":[{"embeddable":true,"href":"https:\/\/hifi-filter.com\/de\/wp-json\/wp\/v2\/comments?post=18038"}],"version-history":[{"count":15,"href":"https:\/\/hifi-filter.com\/de\/wp-json\/wp\/v2\/pages\/18038\/revisions"}],"predecessor-version":[{"id":25869,"href":"https:\/\/hifi-filter.com\/de\/wp-json\/wp\/v2\/pages\/18038\/revisions\/25869"}],"wp:attachment":[{"href":"https:\/\/hifi-filter.com\/de\/wp-json\/wp\/v2\/media?parent=18038"}],"curies":[{"name":"wp","href":"https:\/\/api.w.org\/{rel}","templated":true}]}}