{"id":18351,"date":"2021-11-04T13:25:21","date_gmt":"2021-11-04T12:25:21","guid":{"rendered":"https:\/\/hifi-filter.sitendev.com\/mentions-legales\/"},"modified":"2026-02-27T08:11:50","modified_gmt":"2026-02-27T07:11:50","slug":"rechtliche-hinweise","status":"publish","type":"page","link":"https:\/\/hifi-filter.com\/de\/rechtliche-hinweise\/","title":{"rendered":"Rechtliche Hinweise"},"content":{"rendered":"<div class=\"Text1Column\" data-component-id=\"Text1Column\">\r\n            <div class=\"Text1Column-text AppText\"><p><strong>\/\/\/ Hauptsitz :<\/strong><\/p>\r\n<p>HIFI Group S.A.<br \/>\r\nRue Comble-Emine 9 \u2013 CP46<br \/>\r\n2053 Cernier \u2013 SUISSE<br \/>\r\nTel\u00a0: +41 (0)32 854 20 10 \u2013 info@hifi-filter.ch<\/p>\r\n<p>Aktienkapital von 100 000 CHF<br \/>\r\nSteuerliche Identifikationsnummer : CHE-114.945.835<br \/>\r\nEidgen\u00f6ssische Registrierungsnummer : CH-645.4.103.008-4<\/p>\r\n<p>Direktor der Publikation : Herr Pierre Hirschi<\/p>\r\n<p><strong>\u00a0<\/strong><\/p>\r\n<p><strong>\/\/\/ Hosting : <\/strong><\/p>\r\n<p>Die Website hifi-filter.com wird gehostet von<br \/>\r\nInfomaniak<br \/>\r\nRue Eug\u00e8ne-Marziano 25<br \/>\r\n1227 Les Acacias, Switzerland<\/p>\r\n<p>Die Website catalog.hifi-filter.com wird gehostet von<br \/>\r\nAmazon Web Services EMEA SARL<br \/>\r\n5 rue Plaetis<br \/>\r\n2338 Luxembourg &#8211; Luxembourg<\/p>\r\n<p><strong>\u00a0<\/strong><\/p>\r\n<p><strong>\/\/\/ Entwicklung und Wartung :<\/strong><br \/>\r\nDiese Website wurde entwickelt und wird gepflegt von :<br \/>\r\n<a href=\"http:\/\/www.digitz.fr\/#\/\">DIGITZ<\/a><br \/>\r\n73 Cours Albert Thomas,<br \/>\r\n69003 Lyon &#8211; Frankreich<\/p>\r\n<p>Telefon: +33(<a href=\"tel:0484350475\">0)4 82 53 32 01<\/a><\/p>\r\n<p><strong>\u00a0<\/strong><\/p>\r\n<p><strong>\/\/\/ Referenzierung : <\/strong><\/p>\r\n<p>Diese Seite wird gelistet von :<br \/>\r\nYumens<br \/>\r\n8 av. Tony Garnier<br \/>\r\n69007 Lyon &#8211; France<br \/>\r\nTelefon: +33 (0)4 57 70 00 24<\/p>\r\n<p>&nbsp;<\/p>\r\n<p><strong>\/\/\/ Information zur Gestaltung : <\/strong><\/p>\r\n<p>Diese Website wurde entworfen und entwickelt von :<br \/>\r\nAKARU<br \/>\r\n9 Quai Andr\u00e9 Lassagne<br \/>\r\n69007 Lyon &#8211; France<br \/>\r\nTelefon: +33(0)4 82 33 85 10<\/p>\r\n<p>&nbsp;<\/p>\r\n<p><strong>\/\/\/ Eigentumsrechte \/ Copyright<\/strong><\/p>\r\n<p>Die Bilder und Logos der Marken HIFI FILTER\u00ae und H-AIR FILTER\u00ae wurden von der Hifi Group S.A. in zahlreichen L\u00e4ndern registriert. Ihre Erw\u00e4hnung gew\u00e4hrt in keiner Weise eine Lizenz oder ein Recht zur Nutzung dieser Marken, die folglich ohne vorherige schriftliche Zustimmung des Markeninhabers unter Androhung einer Vertragsstrafe nicht verwendet werden d\u00fcrfen.<\/p>\r\n<p>Die 3D-Zeichnungen und Fotos der Filterreihen sind Eigentum der HIFI FILTER Gruppe. Jegliche vollst\u00e4ndige oder teilweise Darstellung dieser Website und dieser Bilder ist ohne die vorherige schriftliche Zustimmung von HIFI FILTER\u00ae strengstens untersagt und stellt eine Verletzung dar, die durch die Artikel L 355-2 und folgende des Gesetzes \u00fcber geistiges Eigentum sanktioniert wird.<\/p>\r\n<p><strong>\u00a0<\/strong><\/p>\r\n<p><strong>\/\/\/ Foto\/Videokredit<\/strong><\/p>\r\n<p>Marc Jardot<br \/>\r\nSmize production<br \/>\r\nAdobe stock<\/p>\r\n<p>&nbsp;<\/p>\r\n<p><strong>\/\/\/ Cookies<\/strong>\u00a0:<\/p>\r\n<p>Wir verwenden verschiedene Cookies auf der Website, um die Interaktivit\u00e4t der Website und unserer Dienste zu verbessern.<\/p>\r\n<p>Was ist ein &#8222;Cookie&#8220;?<br \/>\r\nEin &#8222;Cookie&#8220; ist eine Datei von begrenzter Gr\u00f6\u00dfe, die in der Regel aus Buchstaben und Zahlen besteht und vom Internetserver an die Cookie-Datei des Browsers auf der Festplatte Ihres Computers gesendet wird.<\/p>\r\n<p>Zweck der auf der Website verwendeten Cookies<br \/>\r\nDie Website www.hifi-filter.com verwendet Cookies in erster Linie f\u00fcr die Verfolgung analytischer Daten auf der Website, die Nutzung der Website durch die Benutzer und die Verbesserung der Dienstleistungen der Website.<\/p>\r\n<p>F\u00fcr weitere Informationen besuchen Sie bitte die Seite zum <span style=\"text-decoration: underline;\"><a href=\"https:\/\/hifi-filter.com\/de\/datenschutzpolitik\/\"><strong>Datenschutzpolitik<\/strong><\/a><\/span><\/p>\r\n<p>&nbsp;<\/p>\r\n<p><strong>\/\/\/ Informationen zur Verwendung von Personendaten:<\/strong><\/p>\r\n<p>Die Allgemeine Datenschutzverordnung (DSGVO), die am 25. Mai 2018 in Kraft getreten ist, legt die Grundprinzipien fest, die bei der Erhebung, Verarbeitung und Speicherung personenbezogener Daten zu beachten sind. Sie garantiert auch die Rechte der betroffenen Personen.<\/p>\r\n<p>F\u00fcr weitere Informationen besuchen Sie bitte die Seite zum <span style=\"text-decoration: underline;\"><strong><a href=\"https:\/\/hifi-filter.com\/de\/datenschutzpolitik\/\">Datenschutzpolitik<\/a><\/strong><\/span><\/p>\r\n<p>&nbsp;<\/p>\r\n<p><strong>\/\/\/ \u00dcbersetzung von rechtlichen Hinweise<\/strong><\/p>\r\n<p>Unsere rechtlichen Hinweise werden so zuverl\u00e4ssig wie m\u00f6glich \u00fcbersetzt, aber nur die franz\u00f6sische Fassung ist vertraglich bindend, insbesondere im Falle von Auslegungsunterschieden.<\/p>            <\/div>\r\n<\/div>\r\n\r\n","protected":false},"excerpt":{"rendered":"","protected":false},"author":1,"featured_media":0,"parent":0,"menu_order":195,"comment_status":"closed","ping_status":"closed","template":"","meta":{"_acf_changed":false,"footnotes":""},"acf":[],"yoast_head":"<!-- This site is optimized with the Yoast SEO plugin v22.2 - https:\/\/yoast.com\/wordpress\/plugins\/seo\/ -->\n<title>Rechtliche Hinweise | HIFI FILTER<\/title>\n<meta name=\"description\" content=\"Votre partenaire en filtration HIFI FILTER, la marque leader des filtres compatibles\" \/>\n<meta name=\"robots\" content=\"noindex, nofollow\" \/>\n<script type=\"application\/ld+json\" class=\"yoast-schema-graph\">{\"@context\":\"https:\/\/schema.org\",\"@graph\":[{\"@type\":\"WebPage\",\"@id\":\"https:\/\/hifi-filter.com\/de\/rechtliche-hinweise\/\",\"url\":\"https:\/\/hifi-filter.com\/de\/rechtliche-hinweise\/\",\"name\":\"Rechtliche Hinweise | HIFI FILTER\",\"isPartOf\":{\"@id\":\"https:\/\/hifi-filter.com\/de\/#website\"},\"datePublished\":\"2021-11-04T12:25:21+00:00\",\"dateModified\":\"2026-02-27T07:11:50+00:00\",\"breadcrumb\":{\"@id\":\"https:\/\/hifi-filter.com\/de\/rechtliche-hinweise\/#breadcrumb\"},\"inLanguage\":\"de-DE\",\"potentialAction\":[{\"@type\":\"ReadAction\",\"target\":[\"https:\/\/hifi-filter.com\/de\/rechtliche-hinweise\/\"]}]},{\"@type\":\"BreadcrumbList\",\"@id\":\"https:\/\/hifi-filter.com\/de\/rechtliche-hinweise\/#breadcrumb\",\"itemListElement\":[{\"@type\":\"ListItem\",\"position\":1,\"name\":\"Home\",\"item\":\"https:\/\/hifi-filter.com\/de\/\"},{\"@type\":\"ListItem\",\"position\":2,\"name\":\"Rechtliche Hinweise\"}]},{\"@type\":\"WebSite\",\"@id\":\"https:\/\/hifi-filter.com\/de\/#website\",\"url\":\"https:\/\/hifi-filter.com\/de\/\",\"name\":\"HIFI FILTER\",\"description\":\"Your partner in filtration &amp; separation\",\"publisher\":{\"@id\":\"https:\/\/hifi-filter.com\/de\/#organization\"},\"potentialAction\":[{\"@type\":\"SearchAction\",\"target\":{\"@type\":\"EntryPoint\",\"urlTemplate\":\"https:\/\/hifi-filter.com\/de\/?s={search_term_string}\"},\"query-input\":\"required name=search_term_string\"}],\"inLanguage\":\"de-DE\"},{\"@type\":\"Organization\",\"@id\":\"https:\/\/hifi-filter.com\/de\/#organization\",\"name\":\"HIFI FILTER\",\"url\":\"https:\/\/hifi-filter.com\/de\/\",\"logo\":{\"@type\":\"ImageObject\",\"inLanguage\":\"de-DE\",\"@id\":\"https:\/\/hifi-filter.com\/de\/#\/schema\/logo\/image\/\",\"url\":\"https:\/\/hifi-filter.com\/wp-content\/uploads\/2021\/11\/cropped-Favicon-HIFI-FILTER-1.png\",\"contentUrl\":\"https:\/\/hifi-filter.com\/wp-content\/uploads\/2021\/11\/cropped-Favicon-HIFI-FILTER-1.png\",\"width\":190,\"height\":190,\"caption\":\"HIFI FILTER\"},\"image\":{\"@id\":\"https:\/\/hifi-filter.com\/de\/#\/schema\/logo\/image\/\"},\"sameAs\":[\"https:\/\/www.facebook.com\/hififilter.group\",\"https:\/\/www.linkedin.com\/company\/hififilter\/\"]}]}<\/script>\n<!-- \/ Yoast SEO plugin. -->","yoast_head_json":{"title":"Rechtliche Hinweise | HIFI FILTER","description":"Votre partenaire en filtration HIFI FILTER, la marque leader des filtres compatibles","robots":{"index":"noindex","follow":"nofollow"},"schema":{"@context":"https:\/\/schema.org","@graph":[{"@type":"WebPage","@id":"https:\/\/hifi-filter.com\/de\/rechtliche-hinweise\/","url":"https:\/\/hifi-filter.com\/de\/rechtliche-hinweise\/","name":"Rechtliche Hinweise | HIFI FILTER","isPartOf":{"@id":"https:\/\/hifi-filter.com\/de\/#website"},"datePublished":"2021-11-04T12:25:21+00:00","dateModified":"2026-02-27T07:11:50+00:00","breadcrumb":{"@id":"https:\/\/hifi-filter.com\/de\/rechtliche-hinweise\/#breadcrumb"},"inLanguage":"de-DE","potentialAction":[{"@type":"ReadAction","target":["https:\/\/hifi-filter.com\/de\/rechtliche-hinweise\/"]}]},{"@type":"BreadcrumbList","@id":"https:\/\/hifi-filter.com\/de\/rechtliche-hinweise\/#breadcrumb","itemListElement":[{"@type":"ListItem","position":1,"name":"Home","item":"https:\/\/hifi-filter.com\/de\/"},{"@type":"ListItem","position":2,"name":"Rechtliche Hinweise"}]},{"@type":"WebSite","@id":"https:\/\/hifi-filter.com\/de\/#website","url":"https:\/\/hifi-filter.com\/de\/","name":"HIFI FILTER","description":"Your partner in filtration &amp; separation","publisher":{"@id":"https:\/\/hifi-filter.com\/de\/#organization"},"potentialAction":[{"@type":"SearchAction","target":{"@type":"EntryPoint","urlTemplate":"https:\/\/hifi-filter.com\/de\/?s={search_term_string}"},"query-input":"required name=search_term_string"}],"inLanguage":"de-DE"},{"@type":"Organization","@id":"https:\/\/hifi-filter.com\/de\/#organization","name":"HIFI FILTER","url":"https:\/\/hifi-filter.com\/de\/","logo":{"@type":"ImageObject","inLanguage":"de-DE","@id":"https:\/\/hifi-filter.com\/de\/#\/schema\/logo\/image\/","url":"https:\/\/hifi-filter.com\/wp-content\/uploads\/2021\/11\/cropped-Favicon-HIFI-FILTER-1.png","contentUrl":"https:\/\/hifi-filter.com\/wp-content\/uploads\/2021\/11\/cropped-Favicon-HIFI-FILTER-1.png","width":190,"height":190,"caption":"HIFI FILTER"},"image":{"@id":"https:\/\/hifi-filter.com\/de\/#\/schema\/logo\/image\/"},"sameAs":["https:\/\/www.facebook.com\/hififilter.group","https:\/\/www.linkedin.com\/company\/hififilter\/"]}]}},"_links":{"self":[{"href":"https:\/\/hifi-filter.com\/de\/wp-json\/wp\/v2\/pages\/18351"}],"collection":[{"href":"https:\/\/hifi-filter.com\/de\/wp-json\/wp\/v2\/pages"}],"about":[{"href":"https:\/\/hifi-filter.com\/de\/wp-json\/wp\/v2\/types\/page"}],"author":[{"embeddable":true,"href":"https:\/\/hifi-filter.com\/de\/wp-json\/wp\/v2\/users\/1"}],"replies":[{"embeddable":true,"href":"https:\/\/hifi-filter.com\/de\/wp-json\/wp\/v2\/comments?post=18351"}],"version-history":[{"count":27,"href":"https:\/\/hifi-filter.com\/de\/wp-json\/wp\/v2\/pages\/18351\/revisions"}],"predecessor-version":[{"id":34654,"href":"https:\/\/hifi-filter.com\/de\/wp-json\/wp\/v2\/pages\/18351\/revisions\/34654"}],"wp:attachment":[{"href":"https:\/\/hifi-filter.com\/de\/wp-json\/wp\/v2\/media?parent=18351"}],"curies":[{"name":"wp","href":"https:\/\/api.w.org\/{rel}","templated":true}]}}