{"id":46647,"date":"2025-06-23T15:04:09","date_gmt":"2025-06-23T13:04:09","guid":{"rendered":"https:\/\/hifi-filter.com\/nos-engagements\/"},"modified":"2026-02-25T09:25:46","modified_gmt":"2026-02-25T08:25:46","slug":"unsere-verpflichtungen","status":"publish","type":"page","link":"https:\/\/hifi-filter.com\/de\/unsere-verpflichtungen\/","title":{"rendered":"Unsere Verpflichtungen"},"content":{"rendered":"<div class=\"Quote red-background\" data-component-id=\"Quote\">\n    <div class=\"Quote-text\"><span class=\"Quote-sign\">\u201c<\/span>Kontinuierliche Verbesserung ist das Herzst\u00fcck unserer Arbeit. Sie leitet unsere Organisation, unsere Arbeitsmethoden und unsere Beziehungen zu unseren Kunden.<span class=\"Quote-sign\">\u201c<\/span><\/div>\n    <p class=\"Quote-author\">\/\/\/<\/p>\n<\/div>\n\n<div class=\"Introduction\" data-component-id=\"Introduction\">\n    <h3 class=\"AppTitle h1 theme-reverse\"><\/h3>\n    <h2 class=\"AppTitle h1 theme-highlight\">Qualit\u00e4tsmanagement<\/h2>\n    <div class=\"AppText\">Unsere Organisation basiert auf <strong>klaren, skalierbaren und harmonisierten Prozessen<\/strong>, die an die lokalen Besonderheiten der einzelnen HIFI FILTER\u00ae -Einheiten angepasst sind. Diese Strukturierung erm\u00f6glicht es uns, die <strong>Zuverl\u00e4ssigkeit unserer Dienstleistungen, ein offenes Ohr f\u00fcr unsere Kunden <\/strong>und<strong> eine kontinuierliche Verbesserung unserer Aktivit\u00e4ten zu gew\u00e4hrleisten<\/strong>.<\/div>\n<\/div>\n\n<div class=\"ArticleEdito reverse\" data-component-id=\"ArticleEdito\">\r\n    <div class=\"ArticleEdito-content\">\r\n        <h2 class=\"ArticleEdito-title\">ISO 9001-Zertifizierung<\/h2>        <div class=\"ArticleEdito-text AppText AppScrollbar\">Die Zertifizierung nach ISO 9001 spiegelt unser Bestreben wider, unsere Qualit\u00e4tsverpflichtungen zu formalisieren und kontinuierlich zu verbessern. Sie bescheinigt, dass unsere Organisation die internationalen <strong>Anforderungen an Kundenzufriedenheit, Prozesskontrolle und nachhaltige Leistung erf\u00fcllt<\/strong>.\r\n\r\nWas es Ihnen konkret bringt :\r\n<ul>\r\n \t<li><strong>Zuverl\u00e4ssigkeit:<\/strong> homogene Produkte und Dienstleistungen, die aus kontrollierten Prozessen hervorgehen<\/li>\r\n \t<li><strong>Zuh\u00f6ren:<\/strong> st\u00e4ndige Aufmerksamkeit f\u00fcr Ihr Feedback<\/li>\r\n \t<li><strong>Sicherheit:<\/strong> konforme Lieferungen und strenge Nachverfolgung<\/li>\r\n \t<li><strong>Reaktivit\u00e4t:<\/strong> Teams, die mobilisiert werden, um auf Ihre Bed\u00fcrfnisse zu reagieren<\/li>\r\n<\/ul><\/div>\r\n            <\/div>\r\n    <div class=\"Image ArticleEdito-image\" data-component-id=\"image\">\r\n        <picture>\r\n            <img class=\"lazyload\" data-src=\"https:\/\/hifi-filter.com\/wp-content\/uploads\/2025\/06\/ISO-9001-LR.jpg\" width=\"1440\" height=\"800\"\r\n                alt=\"Image non trouv\u00e9e\" draggable=\"false\">\r\n        <\/picture>\r\n    <\/div>\r\n<\/div>\n\n<div class=\"Text1Column\" data-component-id=\"Text1Column\">\r\n    <h2 class=\"Text1Column-title\">Nach ISO 9001 zertifizierte Standorte<\/h2>        <div class=\"Text1Column-text AppText\"><ul>\r\n \t<li><strong>HIFI GROUP SA<\/strong> \u2013 Hauptsitz der Gruppe (Cernier, Schweiz): <a href=\"https:\/\/hifi-filter.com\/wp-content\/uploads\/2025\/07\/GROUP_Certificat-ISO-9001-2025-2028_EN_with-password.pdf\"><span style=\"text-decoration: underline;\">Zertifikat herunterladen (EN)<\/span><\/a>, <a href=\"https:\/\/hifi-filter.com\/wp-content\/uploads\/2025\/06\/GROUP_Certificat-ISO-9001-2025-2028_FR_-with-password.pdf\"><span style=\"text-decoration: underline;\">Zertifikat herunterladen (FR)<\/span><\/a><\/li>\r\n \t<li><strong>HIFI FILTER SA<\/strong> \u2013 Vertriebseinheit (Cernier, Schweiz): <span style=\"text-decoration: underline;\"><a href=\"https:\/\/hifi-filter.com\/wp-content\/uploads\/2025\/07\/GROUP_Certificat-ISO-9001-2025-2028_EN_with-password.pdf\">Zertifikat herunterladen (EN)<\/a>,<\/span>\u00a0<a href=\"https:\/\/hifi-filter.com\/wp-content\/uploads\/2025\/06\/GROUP_Certificat-ISO-9001-2025-2028_FR_-with-password.pdf\"><span style=\"text-decoration: underline;\">Zertifikat herunterladen (FR)<\/span><\/a><\/li>\r\n \t<li><strong>HIFI FILTER SA<\/strong> \u2013 Vertriebseinheit (Z\u00fcrich, Schweiz): <span style=\"text-decoration: underline;\"><a href=\"https:\/\/hifi-filter.com\/wp-content\/uploads\/2025\/07\/GROUP_Certificat-ISO-9001-2025-2028_EN_with-password.pdf\">Zertifikat herunterladen (EN)<\/a>,<\/span>\u00a0<a href=\"https:\/\/hifi-filter.com\/wp-content\/uploads\/2025\/06\/GROUP_Certificat-ISO-9001-2025-2028_FR_-with-password.pdf\"><span style=\"text-decoration: underline;\">Zertifikat herunterladen (FR)<\/span><\/a><\/li>\r\n \t<li><strong>HIFI FILTER FRANCE SAS<\/strong> \u2013 Vertriebseinheit (Pontarlier, Frankreich): <span style=\"text-decoration: underline;\"><a href=\"https:\/\/hifi-filter.com\/wp-content\/uploads\/2025\/07\/GROUP_Certificat-ISO-9001-2025-2028_EN_with-password.pdf\">Zertifikat herunterladen (EN)<\/a>,<\/span>\u00a0<a href=\"https:\/\/hifi-filter.com\/wp-content\/uploads\/2025\/06\/GROUP_Certificat-ISO-9001-2025-2028_FR_-with-password.pdf\"><span style=\"text-decoration: underline;\">Zertifikat herunterladen (FR)<\/span><\/a><\/li>\r\n \t<li><strong>HIFI FILTER ROM S.R.L<\/strong> \u2013 Vertriebseinheit (Otopeni, Rum\u00e4nien): <a href=\"https:\/\/hifi-filter.com\/wp-content\/uploads\/2025\/06\/RO-ISO-9001_2015_valabil-21.11.2025-with-password.pdf\"><span style=\"text-decoration: underline;\">Zertifikat herunterladen<\/span><\/a><\/li>\r\n \t<li><strong>HIFI FILTER IBERIA S.L.<\/strong> \u2013 Vertriebseinheit (Alcal\u00e1 de Henares, Spanien): <span style=\"text-decoration: underline;\"><a href=\"https:\/\/hifi-filter.com\/wp-content\/uploads\/2025\/06\/ES_ISO9001-with-password.pdf\">Zertifikat herunterladen<\/a><\/span><\/li>\r\n \t<li><strong>HIFI FILTER IBERIA S.L.<\/strong> \u2013 Vertriebseinheit (Calafell, Spanien): <span style=\"text-decoration: underline;\"><a href=\"https:\/\/hifi-filter.com\/wp-content\/uploads\/2025\/06\/ES_ISO9001-with-password.pdf\">Zertifikat herunterladen<\/a><\/span><\/li>\r\n \t<li><b>HIFI FILTER IBERIA S.L.<\/b> \u2013 Qualit\u00e4ts- und Umweltpolitik: <a href=\"https:\/\/hifi-filter.com\/wp-content\/uploads\/2026\/02\/ES_Politica-de-calidad-y-medio-ambiente-with-password.pdf\">Herunterladen<\/a><\/li>\r\n \t<li><strong>FILVENT (PTY) LTD<\/strong> \u2013 Vertriebseinheit (Witbank, S\u00fcdafrika): <a href=\"https:\/\/hifi-filter.com\/wp-content\/uploads\/2025\/06\/ZA-FILVENT_ISO9001-with-password.pdf\"><span style=\"text-decoration: underline;\">Zertifikat herunterladen<\/span><\/a><\/li>\r\n<\/ul>            <\/div>\r\n<\/div>\r\n\r\n\n\n<div class=\"Introduction\" data-component-id=\"Introduction\">\n    <h3 class=\"AppTitle h1 theme-reverse\"><\/h3>\n    <h2 class=\"AppTitle h1 theme-highlight\">Die Umwelt<\/h2>\n    <div class=\"AppText\">Unser Umweltengagement beruht auf <strong>konkreten und messbaren Ma\u00dfnahmen<\/strong>, die in alle unsere Aktivit\u00e4ten integriert sind. Durch die Strukturierung unseres Vorgehens anhand anerkannter Referenzsysteme stellen wir sicher, dass wir zur <strong>Schonung der Ressourcen beitragen<\/strong>, <strong>unseren \u00f6kologischen Fu\u00dfabdruck verringern <\/strong>und<strong> unsere Umweltleistung kontinuierlich verbessern<\/strong>.<\/div>\n<\/div>\n\n<div class=\"ArticleEdito\" data-component-id=\"ArticleEdito\">\r\n    <div class=\"ArticleEdito-content\">\r\n        <h2 class=\"ArticleEdito-title\">ISO 14001-Zertifizierung<\/h2>        <div class=\"ArticleEdito-text AppText AppScrollbar\">Die Zertifizierung nach <strong>ISO 14001<\/strong> zeigt unser Engagement f\u00fcr den Umweltschutz. Sie ist Teil eines strukturierten <strong>Umweltmanagementsystems<\/strong>, das darauf abzielt, unsere \u00f6kologischen Auswirkungen zu verringern und gleichzeitig unsere internen Praktiken kontinuierlich zu verbessern.\r\n\r\nDieser internationale Standard bietet einen klaren Rahmen f\u00fcr :\r\n<ul>\r\n \t<li>Identifizierung und Verringerung der Umweltauswirkungen unserer Aktivit\u00e4ten,<\/li>\r\n \t<li>Ressourcen effektiv nutzen,<\/li>\r\n \t<li>Abfall begrenzen,<\/li>\r\n \t<li>Gesetzliche Entwicklungen antizipieren.<\/li>\r\n<\/ul>\r\nSie zeigt unseren Willen, einen aktiven Beitrag zur Erhaltung der nat\u00fcrlichen Ressourcen, zur Bek\u00e4mpfung des Klimawandels und zum Schutz der biologischen Vielfalt zu leisten.<\/div>\r\n            <\/div>\r\n    <div class=\"Image ArticleEdito-image\" data-component-id=\"image\">\r\n        <picture>\r\n            <img class=\"lazyload\" data-src=\"https:\/\/hifi-filter.com\/wp-content\/uploads\/2025\/06\/ISO-14001-LR.jpg\" width=\"1440\" height=\"800\"\r\n                alt=\"Image non trouv\u00e9e\" draggable=\"false\">\r\n        <\/picture>\r\n    <\/div>\r\n<\/div>\n\n<div class=\"Text1Column\" data-component-id=\"Text1Column\">\r\n    <h2 class=\"Text1Column-title\">Nach ISO 14001 zertifizierte Standorte<\/h2>        <div class=\"Text1Column-text AppText\"><ul>\r\n \t<li><strong>HIFI FILTER ROM S.R.L<\/strong> \u2013 Vertriebseinheit (Otopeni, Rum\u00e4nien): <a href=\"https:\/\/hifi-filter.com\/wp-content\/uploads\/2025\/06\/RO-ISO-14001_2015_valabil-09.11.2025-with-password.pdf\"><span style=\"text-decoration: underline;\">Zertifikat herunterladen<\/span><\/a><\/li>\r\n \t<li><strong>HIFI FILTER IBERIA S.L.<\/strong> \u2013 Vertriebseinheit (Alcal\u00e1 de Henares, Spanien): <a href=\"https:\/\/hifi-filter.com\/wp-content\/uploads\/2025\/06\/ES_ISO14001-with-password.pdf\"><span style=\"text-decoration: underline;\">Zertifikat herunterladen<\/span><\/a><\/li>\r\n \t<li><strong>HIFI FILTER IBERIA S.L.<\/strong> \u2013 Vertriebseinheit (Calafell, Spanien): <a href=\"https:\/\/hifi-filter.com\/wp-content\/uploads\/2025\/06\/ES_ISO14001-with-password.pdf\"><span style=\"text-decoration: underline;\">Zertifikat herunterladen<\/span><\/a><\/li>\r\n \t<li><b>HIFI FILTER IBERIA S.L.<\/b> \u2013 Qualit\u00e4ts- und Umweltpolitik: <a href=\"https:\/\/hifi-filter.com\/wp-content\/uploads\/2026\/02\/ES_Politica-de-calidad-y-medio-ambiente-with-password.pdf\">Herunterladen<\/a><\/li>\r\n<\/ul>            <\/div>\r\n<\/div>\r\n\r\n","protected":false},"excerpt":{"rendered":"","protected":false},"author":7,"featured_media":46488,"parent":0,"menu_order":32,"comment_status":"closed","ping_status":"closed","template":"","meta":{"_acf_changed":false,"footnotes":""},"acf":[],"yoast_head":"<!-- This site is optimized with the Yoast SEO plugin v22.2 - https:\/\/yoast.com\/wordpress\/plugins\/seo\/ -->\n<title>Unsere Verpflichtungen | HIFI FILTER<\/title>\n<meta name=\"description\" content=\"Votre partenaire en filtration HIFI FILTER, la marque leader des filtres compatibles\" \/>\n<meta name=\"robots\" content=\"index, follow, max-snippet:-1, max-image-preview:large, max-video-preview:-1\" \/>\n<link rel=\"canonical\" href=\"https:\/\/hifi-filter.com\/de\/unsere-verpflichtungen\/\" \/>\n<meta name=\"twitter:label1\" content=\"Gesch\u00e4tzte Lesezeit\" \/>\n\t<meta name=\"twitter:data1\" content=\"1 Minute\" \/>\n<script type=\"application\/ld+json\" class=\"yoast-schema-graph\">{\"@context\":\"https:\/\/schema.org\",\"@graph\":[{\"@type\":\"WebPage\",\"@id\":\"https:\/\/hifi-filter.com\/de\/unsere-verpflichtungen\/\",\"url\":\"https:\/\/hifi-filter.com\/de\/unsere-verpflichtungen\/\",\"name\":\"Unsere Verpflichtungen | HIFI FILTER\",\"isPartOf\":{\"@id\":\"https:\/\/hifi-filter.com\/de\/#website\"},\"primaryImageOfPage\":{\"@id\":\"https:\/\/hifi-filter.com\/de\/unsere-verpflichtungen\/#primaryimage\"},\"image\":{\"@id\":\"https:\/\/hifi-filter.com\/de\/unsere-verpflichtungen\/#primaryimage\"},\"thumbnailUrl\":\"https:\/\/hifi-filter.com\/wp-content\/uploads\/2025\/06\/Banner-Our-commitment.jpg\",\"datePublished\":\"2025-06-23T13:04:09+00:00\",\"dateModified\":\"2026-02-25T08:25:46+00:00\",\"breadcrumb\":{\"@id\":\"https:\/\/hifi-filter.com\/de\/unsere-verpflichtungen\/#breadcrumb\"},\"inLanguage\":\"de-DE\",\"potentialAction\":[{\"@type\":\"ReadAction\",\"target\":[\"https:\/\/hifi-filter.com\/de\/unsere-verpflichtungen\/\"]}]},{\"@type\":\"ImageObject\",\"inLanguage\":\"de-DE\",\"@id\":\"https:\/\/hifi-filter.com\/de\/unsere-verpflichtungen\/#primaryimage\",\"url\":\"https:\/\/hifi-filter.com\/wp-content\/uploads\/2025\/06\/Banner-Our-commitment.jpg\",\"contentUrl\":\"https:\/\/hifi-filter.com\/wp-content\/uploads\/2025\/06\/Banner-Our-commitment.jpg\",\"width\":1440,\"height\":520},{\"@type\":\"BreadcrumbList\",\"@id\":\"https:\/\/hifi-filter.com\/de\/unsere-verpflichtungen\/#breadcrumb\",\"itemListElement\":[{\"@type\":\"ListItem\",\"position\":1,\"name\":\"Home\",\"item\":\"https:\/\/hifi-filter.com\/de\/\"},{\"@type\":\"ListItem\",\"position\":2,\"name\":\"Unsere Verpflichtungen\"}]},{\"@type\":\"WebSite\",\"@id\":\"https:\/\/hifi-filter.com\/de\/#website\",\"url\":\"https:\/\/hifi-filter.com\/de\/\",\"name\":\"HIFI FILTER\",\"description\":\"Your partner in filtration &amp; separation\",\"publisher\":{\"@id\":\"https:\/\/hifi-filter.com\/de\/#organization\"},\"potentialAction\":[{\"@type\":\"SearchAction\",\"target\":{\"@type\":\"EntryPoint\",\"urlTemplate\":\"https:\/\/hifi-filter.com\/de\/?s={search_term_string}\"},\"query-input\":\"required name=search_term_string\"}],\"inLanguage\":\"de-DE\"},{\"@type\":\"Organization\",\"@id\":\"https:\/\/hifi-filter.com\/de\/#organization\",\"name\":\"HIFI FILTER\",\"url\":\"https:\/\/hifi-filter.com\/de\/\",\"logo\":{\"@type\":\"ImageObject\",\"inLanguage\":\"de-DE\",\"@id\":\"https:\/\/hifi-filter.com\/de\/#\/schema\/logo\/image\/\",\"url\":\"https:\/\/hifi-filter.com\/wp-content\/uploads\/2021\/11\/cropped-Favicon-HIFI-FILTER-1.png\",\"contentUrl\":\"https:\/\/hifi-filter.com\/wp-content\/uploads\/2021\/11\/cropped-Favicon-HIFI-FILTER-1.png\",\"width\":190,\"height\":190,\"caption\":\"HIFI FILTER\"},\"image\":{\"@id\":\"https:\/\/hifi-filter.com\/de\/#\/schema\/logo\/image\/\"},\"sameAs\":[\"https:\/\/www.facebook.com\/hififilter.group\",\"https:\/\/www.linkedin.com\/company\/hififilter\/\"]}]}<\/script>\n<!-- \/ Yoast SEO plugin. -->","yoast_head_json":{"title":"Unsere Verpflichtungen | HIFI FILTER","description":"Votre partenaire en filtration HIFI FILTER, la marque leader des filtres compatibles","robots":{"index":"index","follow":"follow","max-snippet":"max-snippet:-1","max-image-preview":"max-image-preview:large","max-video-preview":"max-video-preview:-1"},"canonical":"https:\/\/hifi-filter.com\/de\/unsere-verpflichtungen\/","twitter_misc":{"Gesch\u00e4tzte Lesezeit":"1 Minute"},"schema":{"@context":"https:\/\/schema.org","@graph":[{"@type":"WebPage","@id":"https:\/\/hifi-filter.com\/de\/unsere-verpflichtungen\/","url":"https:\/\/hifi-filter.com\/de\/unsere-verpflichtungen\/","name":"Unsere Verpflichtungen | HIFI FILTER","isPartOf":{"@id":"https:\/\/hifi-filter.com\/de\/#website"},"primaryImageOfPage":{"@id":"https:\/\/hifi-filter.com\/de\/unsere-verpflichtungen\/#primaryimage"},"image":{"@id":"https:\/\/hifi-filter.com\/de\/unsere-verpflichtungen\/#primaryimage"},"thumbnailUrl":"https:\/\/hifi-filter.com\/wp-content\/uploads\/2025\/06\/Banner-Our-commitment.jpg","datePublished":"2025-06-23T13:04:09+00:00","dateModified":"2026-02-25T08:25:46+00:00","breadcrumb":{"@id":"https:\/\/hifi-filter.com\/de\/unsere-verpflichtungen\/#breadcrumb"},"inLanguage":"de-DE","potentialAction":[{"@type":"ReadAction","target":["https:\/\/hifi-filter.com\/de\/unsere-verpflichtungen\/"]}]},{"@type":"ImageObject","inLanguage":"de-DE","@id":"https:\/\/hifi-filter.com\/de\/unsere-verpflichtungen\/#primaryimage","url":"https:\/\/hifi-filter.com\/wp-content\/uploads\/2025\/06\/Banner-Our-commitment.jpg","contentUrl":"https:\/\/hifi-filter.com\/wp-content\/uploads\/2025\/06\/Banner-Our-commitment.jpg","width":1440,"height":520},{"@type":"BreadcrumbList","@id":"https:\/\/hifi-filter.com\/de\/unsere-verpflichtungen\/#breadcrumb","itemListElement":[{"@type":"ListItem","position":1,"name":"Home","item":"https:\/\/hifi-filter.com\/de\/"},{"@type":"ListItem","position":2,"name":"Unsere Verpflichtungen"}]},{"@type":"WebSite","@id":"https:\/\/hifi-filter.com\/de\/#website","url":"https:\/\/hifi-filter.com\/de\/","name":"HIFI FILTER","description":"Your partner in filtration &amp; separation","publisher":{"@id":"https:\/\/hifi-filter.com\/de\/#organization"},"potentialAction":[{"@type":"SearchAction","target":{"@type":"EntryPoint","urlTemplate":"https:\/\/hifi-filter.com\/de\/?s={search_term_string}"},"query-input":"required name=search_term_string"}],"inLanguage":"de-DE"},{"@type":"Organization","@id":"https:\/\/hifi-filter.com\/de\/#organization","name":"HIFI FILTER","url":"https:\/\/hifi-filter.com\/de\/","logo":{"@type":"ImageObject","inLanguage":"de-DE","@id":"https:\/\/hifi-filter.com\/de\/#\/schema\/logo\/image\/","url":"https:\/\/hifi-filter.com\/wp-content\/uploads\/2021\/11\/cropped-Favicon-HIFI-FILTER-1.png","contentUrl":"https:\/\/hifi-filter.com\/wp-content\/uploads\/2021\/11\/cropped-Favicon-HIFI-FILTER-1.png","width":190,"height":190,"caption":"HIFI FILTER"},"image":{"@id":"https:\/\/hifi-filter.com\/de\/#\/schema\/logo\/image\/"},"sameAs":["https:\/\/www.facebook.com\/hififilter.group","https:\/\/www.linkedin.com\/company\/hififilter\/"]}]}},"_links":{"self":[{"href":"https:\/\/hifi-filter.com\/de\/wp-json\/wp\/v2\/pages\/46647"}],"collection":[{"href":"https:\/\/hifi-filter.com\/de\/wp-json\/wp\/v2\/pages"}],"about":[{"href":"https:\/\/hifi-filter.com\/de\/wp-json\/wp\/v2\/types\/page"}],"author":[{"embeddable":true,"href":"https:\/\/hifi-filter.com\/de\/wp-json\/wp\/v2\/users\/7"}],"replies":[{"embeddable":true,"href":"https:\/\/hifi-filter.com\/de\/wp-json\/wp\/v2\/comments?post=46647"}],"version-history":[{"count":16,"href":"https:\/\/hifi-filter.com\/de\/wp-json\/wp\/v2\/pages\/46647\/revisions"}],"predecessor-version":[{"id":51642,"href":"https:\/\/hifi-filter.com\/de\/wp-json\/wp\/v2\/pages\/46647\/revisions\/51642"}],"wp:featuredmedia":[{"embeddable":true,"href":"https:\/\/hifi-filter.com\/de\/wp-json\/wp\/v2\/media\/46488"}],"wp:attachment":[{"href":"https:\/\/hifi-filter.com\/de\/wp-json\/wp\/v2\/media?parent=46647"}],"curies":[{"name":"wp","href":"https:\/\/api.w.org\/{rel}","templated":true}]}}