{"id":16041,"date":"2021-10-15T15:58:22","date_gmt":"2021-10-15T13:58:22","guid":{"rendered":"https:\/\/hifi-filter.sitendev.com\/condiciones-generales-de-venta\/cgv-hifi-filter-france\/"},"modified":"2025-08-04T10:24:14","modified_gmt":"2025-08-04T08:24:14","slug":"hifi-filter-france","status":"publish","type":"page","link":"https:\/\/hifi-filter.com\/es\/condiciones-generales-de-venta\/hifi-filter-france\/","title":{"rendered":"Condiciones generales de venta  &#8211; HIFI FILTER France"},"content":{"rendered":"<div class=\"Text1Column\" data-component-id=\"Text1Column\">\r\n            <div class=\"Text1Column-text AppText\"><strong>1 &#8211; CONDICIONES GENERALES DE VENTA<\/strong>\r\n\r\nNuestras condiciones generales de venta ser\u00e1n las \u00fanicas en regular nuestras ventas, excluyendo las condiciones generales de compra del cliente y cualquier otro documento que \u00e9l emitiese, y que se encontrar\u00edan cancelados autom\u00e1ticamente y sin formalidades. La recepci\u00f3n de la mercanc\u00eda implica la aceptaci\u00f3n de estas condiciones; as\u00ed mismo cualquier pedido nuevo se situar\u00e1 en este marco jur\u00eddico.\r\n\r\n<strong>2 &#8211; PEDIDO<\/strong>\r\n\r\nCada pedido debe indicar el nombre del cliente, la fecha, el producto, las cantidades y los precios.\r\nEl pedido del comprador se considera definitivo despu\u00e9s de su aceptaci\u00f3n por el vendedor ya sea, por tel\u00e9fono, por t\u00e9lex, por fax, o de cualquier otra forma.\r\nEl cliente hace los pedidos bajo su propia responsabilidad, siendo \u00e9l el \u00fanico en conocer el destino final del producto y las condiciones de utilizaci\u00f3n que se supone desconocemos en todos los casos de manera irrefragable. Para los pedidos realizados a partir de las documentaciones proporcionadas en soporte CD-ROM o papel, la informaci\u00f3n, im\u00e1genes, fotograf\u00edas o prospectos se dan a t\u00edtulo orientativo y son susceptibles de ser modificados por el fabricante entre dos ediciones o por errores de impresi\u00f3n. Esta informaci\u00f3n no debe substituirse al control de las referencias del fabricante. En caso de duda, es imprescindible contactar con nosotros.\r\n\r\n<strong>3 &#8211; CAMBIO DE SITUACI\u00d3N DEL COMPRADOR<\/strong>\r\n\r\nEn caso de cambio en la situaci\u00f3n del comprador y, en particular, en caso de fallecimiento, liquidaci\u00f3n judicial, liquidaci\u00f3n de bienes, disoluci\u00f3n o modificaci\u00f3n de sociedad, nos reservamos el derecho, incluso despu\u00e9s de la ejecuci\u00f3n parcial de un pedido, a exigir garant\u00edas o a cancelar el saldo de los pedidos a\u00fan no suministrados.\r\n\r\n<strong>4 &#8211; ENTREGA<\/strong>\r\n\r\nLas entregas del vendedor se hacen con las tolerancias de los fabricantes sobre todas las caracter\u00edsticas correspondientes al producto y, en particular, sobre las dimensiones y grosores. El comprador que tiene conocimiento de este principio debe comprobar antes de cualquier instalaci\u00f3n la adaptaci\u00f3n del producto suministrado a su necesidad.\r\nNuestras mercanc\u00edas, incluso las expedidas a portes pagados, viajan por cuenta y riesgo del destinatario que deber\u00e1, para posibles litigios, emitir todas las dudas a los transportistas al recibir las mercanc\u00edas. Estas dudas deber\u00e1n ser confirmadas por carta certificada con acuse de recibo en los tres d\u00edas que siguen la recepci\u00f3n (art\u00edculo 105 del c\u00f3digo del comercio). Cada una de nuestras entregas se considera hecha en ejecuci\u00f3n de un contrato distinto. En ning\u00fan caso una pluralidad de entregas sucesivas constituye un contrato continuo. Las dimensiones y pesos indicados en nuestras tarifas, cat\u00e1logos, facturas y fichas s\u00f3lo tienen un valor orientativo y no pueden ser invocados a la entrega de la mercanc\u00eda.\r\n\r\n<strong>5 &#8211; RECLAMACIONES<\/strong>\r\n\r\nLos plazos de entrega se respetan en la medida de lo posible, pero s\u00f3lo se dan a t\u00edtulo orientativo y sin garant\u00eda del vendedor. Los retrasos no pueden, nunca, justificar la anulaci\u00f3n del pedido, ni el pago de una indemnizaci\u00f3n cualquiera por el vendedor.\r\nLas reclamaciones que no est\u00e9n hechas por carta certificada en el plazo de ocho d\u00edas desde la fecha de recepci\u00f3n de la mercanc\u00eda no se aceptar\u00e1n.\r\nTodos los acontecimientos que afecten al vendedor, sus proveedores o a sus prestadores de servicios, presentando o no los caracteres jur\u00eddicos de fuerza mayor o el caso fortuito tales como en particular: cualquier paro de trabajo, huelga, guerra, inundaci\u00f3n, incendio, accidente material, escasez total o parcial de productos o de servicios, y que ocurran en los locales del vendedor o de sus proveedores y que impidan la ejecuci\u00f3n total o parcial del pedido por parte del vendedor, suspenden autom\u00e1ticamente y sin formalidad las obligaciones del vendedor, dado que se rescinde su responsabilidad autom\u00e1ticamente.\r\n\r\n<strong>6 &#8211; PAGO Y CL\u00c1USULA DE RESERVA DE PROPIEDAD<\/strong>\r\n\r\nNo se conceder\u00e1 ning\u00fan descuento. Nuestros precios se entienden netos, pagaderos al contado a la recepci\u00f3n de la factura, salvo estipulaci\u00f3n contraria por escrito. Nuestras facturas son pagaderas en el domicilio social de nuestra empresa. La propiedad de los bienes vendidos permanece con nuestra empresa hasta el pago \u00edntegro del precio. La falta de pago puede conllevar la devoluci\u00f3n de los bienes por cuenta y riesgo del comprador.\r\nEstas disposiciones no impiden la transferencia al comprador de los riesgos de p\u00e9rdida o deterioro de los bienes vendidos desde el momento de la entrega. El comprador asumir\u00e1 todos los gastos legales y judiciales derivados de cualquier acci\u00f3n contenciosa.\r\nEn caso de retraso o impago, se aplicar\u00e1n penalizaciones a partir del d\u00eda siguiente a la fecha de vencimiento indicada en la factura, calculadas seg\u00fan el tipo de inter\u00e9s aplicado por el Banco Central Europeo en su operaci\u00f3n de refinanciaci\u00f3n m\u00e1s reciente, incrementado en 10 puntos porcentuales, as\u00ed como una indemnizaci\u00f3n por gastos de cobro de 40 euros (Decreto n\u00ba 2012-1115 de 02\/10\/2012), sin necesidad de requerimiento previo (Art. L441-9 del C\u00f3digo de Comercio franc\u00e9s).\r\nEl impago de una entrega nos autoriza a suspender los env\u00edos y hace exigible inmediatamente el valor de los productos especiales encargados, disponibles o en proceso de fabricaci\u00f3n. El impago a su vencimiento hace inmediatamente exigibles todas las dem\u00e1s deudas pendientes y permite la recuperaci\u00f3n de los bienes no pagados.\r\nEn caso de cobro judicial, las cantidades adeudadas al vendedor se incrementar\u00e1n de pleno derecho en un 15\u202f% en concepto de penalizaci\u00f3n, sin perjuicio de impuestos o tasas adicionales.\r\n\r\n<strong>7 &#8211; PRECIO Y MODIFICACIONES<\/strong>\r\n\r\nNuestros precios son los vigentes en el momento de la recepci\u00f3n del pedido para una entrega inmediata. Nuestros precios est\u00e1n acordados desde la salida de nuestros establecimientos, excepto acuerdo contrario por escrito de nuestra parte. Nuestra empresa se reserva el derecho a cambiar sus precios y tarifas sin preaviso.\r\n\r\n<strong>8 &#8211; GARANT\u00cdA<\/strong>\r\n\r\nGarantizamos la calidad de nuestro material contra cualquier defecto oculto de fabricaci\u00f3n durante el per\u00edodo de utilizaci\u00f3n recomendado por el fabricante del material y, en cualquier circunstancia, durante un periodo m\u00e1ximo de 12 meses a partir de su fecha de entrega, con la condici\u00f3n de que se hubiesen respetado las siguientes estipulaciones.\r\nLa garant\u00eda desaparece inmediata y completamente si la utilizaci\u00f3n no se ajusta a las prescripciones t\u00e9cnicas, o si el cliente modifica, repara o hace reparar sin nuestro consentimiento el material proporcionado o reparado. Antes de la instalaci\u00f3n una comprobaci\u00f3n visual es obligatoria para comprobar la similitud con el filtro cambiado. Cualquier defecto aparente est\u00e1 totalmente cubierto por la recepci\u00f3n sin reserva de la mercanc\u00eda por el vendedor. Despu\u00e9s de la instalaci\u00f3n de un nuevo filtro, deben controlarse la estanqueidad y el buen funcionamiento del motor.\r\nEl vendedor no ser\u00e1 responsable del destino y\/o las condiciones de utilizaci\u00f3n espec\u00edficas de la mercanc\u00eda a partir del momento en que tales elementos no hubieran sido indicados por escrito en el pedido.\r\nNuestras garant\u00edas, cualesquiera que sean sus naturalezas se limitan estrictamente, antes del montaje \u00fanicamente al cambio de los filtros reconocidos defectuosos, y despu\u00e9s del montaje, a la reparaci\u00f3n de los da\u00f1os materiales o corporales directamente sobrevenidos a causa de un defecto oculto del producto suministrado, con exclusi\u00f3n de toda reclamaci\u00f3n de \u00edndole inmaterial, indirecta o subsiguiente.\r\nEl comprador ser\u00e1 el encargado de demostrar el defecto oculto. El aviso de siniestro debe remitirse inmediatamente a nuestra Sociedad despu\u00e9s del acaecimiento del siniestro.\r\nEl filtro incriminado deber\u00e1 expedirse a nuestros locales en el plazo de 15 d\u00edas acompa\u00f1ado de un muestreo de aceite.\r\n\r\n<strong>9 &#8211; DEFINICI\u00d3N DEL GRUPO HIFI Y DE LAS EMPRESAS<\/strong>\r\n\r\nHIFI es una marca registrada, se entienden por grupo HIFI las empresas que tienen y\/o comercializan directamente la marca HIFI con exclusi\u00f3n de los minoristas. Estas condiciones generales son aplicables en nuestra empresa y en todas las empresas de nuestro grupo y figuran en nuestra documentaci\u00f3n y facturas. Por fabricante, se entiende las empresas industriales que fabrican los filtros por cuenta de nuestro grupo antes de la aplicaci\u00f3n de nuestra marca.\r\n\r\n<strong>10 &#8211; OBLIGACI\u00d3N DE ACCI\u00d3N DIRECTA PREVIA CONTRA EL FABRICANTE<\/strong>\r\n\r\nCualquier acci\u00f3n judicial o reclamaci\u00f3n amistosa basada en el defecto oculto del producto suministrado y que se refiera directamente a la calidad de fabricaci\u00f3n del producto vendido deber\u00e1 orientarse obligatoriamente contra el fabricante de dicho producto y su aseguradora. S\u00f3lo en caso de fallo de \u00e9ste podr\u00e1 llevarse al cabo una acci\u00f3n contra una empresa del grupo HIFI y de su aseguradora, seg\u00fan las condiciones de responsabilidades descritas en el art\u00edculo 8. En caso de incumplimiento de este art\u00edculo 10, los gastos ocasionados para nuestra defensa (en particular, abogados, expertos, ujieres) as\u00ed como una posible condena sobre las bases del art\u00edculo 700 del NCPC deber\u00e1n reembols\u00e1rsenos \u00edntegramente.\r\n\r\n<strong>11 &#8211; ATRIBUCI\u00d3N DE COMPETENCIA JURISDICCIONAL- DIVISIBILIDAD DE LAS CONDICIONES GENERALES<\/strong>\r\n\r\nEl derecho franc\u00e9s regula \u00fanicamente las ventas de nuestra empresa, excluyendo deliberadamente el convenio de Viena sobre las ventas internacionales de mercanc\u00edas as\u00ed como con exclusi\u00f3n de todas las normas de conflicto de ley u otro que puede implicar la aplicaci\u00f3n de cualquier otra disposici\u00f3n que la ley francesa. Nuestras condiciones generales se traducen con la mayor fiabilidad posible, no obstante, solamente la versi\u00f3n francesa constituye la referencia contractualmente aplicable, en particular, en caso de divergencia de interpretaci\u00f3n.\r\nCualquier conflicto relativo a nuestras mercanc\u00edas o a su Reglamento es de competencia exclusiva del Tribunal correspondiente al domicilio social de nuestra empresa incluso en caso de pluralidad de demandados o llamada en garant\u00eda. Cualquier pedido implica la adhesi\u00f3n sin reserva a las presentes condiciones generales. \u00c9stas no podr\u00edan ser modificadas por cl\u00e1usulas contrarias que figuren en los pedidos del cliente o en sus condiciones generales.\r\nSi por cualquier raz\u00f3n, una de las presentes condiciones generales debiese declararse inaplicable, esta no aplicabilidad no afectar\u00eda la aplicaci\u00f3n de las otras disposiciones de las condiciones generales, aquella que se considerase inaplicable ser\u00e1 reemplazada por la disposici\u00f3n m\u00e1s cercana.\r\n\r\n<strong>12 &#8211; PERSONALIZACI\u00d3N DEL VEH\u00cdCULO &#8211; UTILIZACI\u00d3N EN V\u00cdAS ABIERTAS A LA CIRCULACI\u00d3N<\/strong>\r\n\r\nNuestra gama de productos H-AIR FILTER posee caracter\u00edsticas t\u00e9cnicas de filtraci\u00f3n que se miden en banco de pruebas de filtraci\u00f3n y no en funci\u00f3n de un uso o de una motorizaci\u00f3n predeterminado. Por tanto, las adaptaciones mec\u00e1nicas de nuestros productos deben hacerse y validarse imperativamente bajo la responsabilidad de un profesional de la motorizaci\u00f3n y pueden requerir una homologaci\u00f3n si se trata de un veh\u00edculo terrestre de motor destinado a un uso por carreteras en v\u00edas abiertas a la circulaci\u00f3n.\r\nLas condiciones de mantenimiento preconizadas en los prospectos o manuales que acompa\u00f1an nuestros productos deben cumplirse imperativamente para evitar una degradaci\u00f3n del producto y obtener los resultados descritos en las caracter\u00edsticas t\u00e9cnicas.\r\nNuestra sociedad no podr\u00e1 nunca ser considerada como responsable del incumplimiento de las condiciones mencionadas aqu\u00ed arriba, as\u00ed como de los da\u00f1os que resultaran de una utilizaci\u00f3n incorrecta, de una modificaci\u00f3n no homologada o de un uso para carrera, competici\u00f3n, off-road, n\u00e1utico, a\u00e9reo o industrial.        \r\n        <div class=\"Button\" data-component-id=\"Button\">\r\n            <a class=\"Button-component\" href=\"https:\/\/hifi-filter.com\/es\/condiciones-generales-de-venta\/\" aria-label=\"\" target=\"_self\" data-trk-other-cta=\"Vuelta\">\r\n                <span class=\"Button-text\">Vuelta<\/span>\r\n            <\/a>\r\n        <\/div>    <\/div>\r\n<\/div>\r\n\r\n","protected":false},"excerpt":{"rendered":"","protected":false},"author":1,"featured_media":0,"parent":16035,"menu_order":218,"comment_status":"closed","ping_status":"closed","template":"","meta":{"_acf_changed":false,"footnotes":""},"acf":[],"yoast_head":"<!-- This site is optimized with the Yoast SEO plugin v22.2 - https:\/\/yoast.com\/wordpress\/plugins\/seo\/ -->\n<title>Condiciones generales de venta - HIFI FILTER France | HIFI FILTER<\/title>\n<meta name=\"description\" content=\"Votre partenaire en filtration HIFI FILTER, la marque leader des filtres compatibles\" \/>\n<meta name=\"robots\" content=\"noindex, follow\" \/>\n<script type=\"application\/ld+json\" class=\"yoast-schema-graph\">{\"@context\":\"https:\/\/schema.org\",\"@graph\":[{\"@type\":\"WebPage\",\"@id\":\"https:\/\/hifi-filter.com\/es\/condiciones-generales-de-venta\/hifi-filter-france\/\",\"url\":\"https:\/\/hifi-filter.com\/es\/condiciones-generales-de-venta\/hifi-filter-france\/\",\"name\":\"Condiciones generales de venta - HIFI FILTER France | HIFI FILTER\",\"isPartOf\":{\"@id\":\"https:\/\/hifi-filter.com\/es\/#website\"},\"datePublished\":\"2021-10-15T13:58:22+00:00\",\"dateModified\":\"2025-08-04T08:24:14+00:00\",\"breadcrumb\":{\"@id\":\"https:\/\/hifi-filter.com\/es\/condiciones-generales-de-venta\/hifi-filter-france\/#breadcrumb\"},\"inLanguage\":\"es\",\"potentialAction\":[{\"@type\":\"ReadAction\",\"target\":[\"https:\/\/hifi-filter.com\/es\/condiciones-generales-de-venta\/hifi-filter-france\/\"]}]},{\"@type\":\"BreadcrumbList\",\"@id\":\"https:\/\/hifi-filter.com\/es\/condiciones-generales-de-venta\/hifi-filter-france\/#breadcrumb\",\"itemListElement\":[{\"@type\":\"ListItem\",\"position\":1,\"name\":\"Home\",\"item\":\"https:\/\/hifi-filter.com\/es\/\"},{\"@type\":\"ListItem\",\"position\":2,\"name\":\"Condiciones generales de venta\",\"item\":\"https:\/\/hifi-filter.com\/es\/condiciones-generales-de-venta\/\"},{\"@type\":\"ListItem\",\"position\":3,\"name\":\"Condiciones generales de venta &#8211; HIFI FILTER France\"}]},{\"@type\":\"WebSite\",\"@id\":\"https:\/\/hifi-filter.com\/es\/#website\",\"url\":\"https:\/\/hifi-filter.com\/es\/\",\"name\":\"HIFI FILTER\",\"description\":\"Your partner in filtration &amp; separation\",\"publisher\":{\"@id\":\"https:\/\/hifi-filter.com\/es\/#organization\"},\"potentialAction\":[{\"@type\":\"SearchAction\",\"target\":{\"@type\":\"EntryPoint\",\"urlTemplate\":\"https:\/\/hifi-filter.com\/es\/?s={search_term_string}\"},\"query-input\":\"required name=search_term_string\"}],\"inLanguage\":\"es\"},{\"@type\":\"Organization\",\"@id\":\"https:\/\/hifi-filter.com\/es\/#organization\",\"name\":\"HIFI FILTER\",\"url\":\"https:\/\/hifi-filter.com\/es\/\",\"logo\":{\"@type\":\"ImageObject\",\"inLanguage\":\"es\",\"@id\":\"https:\/\/hifi-filter.com\/es\/#\/schema\/logo\/image\/\",\"url\":\"https:\/\/hifi-filter.com\/wp-content\/uploads\/2021\/11\/cropped-Favicon-HIFI-FILTER-1.png\",\"contentUrl\":\"https:\/\/hifi-filter.com\/wp-content\/uploads\/2021\/11\/cropped-Favicon-HIFI-FILTER-1.png\",\"width\":190,\"height\":190,\"caption\":\"HIFI FILTER\"},\"image\":{\"@id\":\"https:\/\/hifi-filter.com\/es\/#\/schema\/logo\/image\/\"},\"sameAs\":[\"https:\/\/www.facebook.com\/hififilter.group\",\"https:\/\/www.linkedin.com\/company\/hififilter\/\"]}]}<\/script>\n<!-- \/ Yoast SEO plugin. -->","yoast_head_json":{"title":"Condiciones generales de venta - HIFI FILTER France | HIFI FILTER","description":"Votre partenaire en filtration HIFI FILTER, la marque leader des filtres compatibles","robots":{"index":"noindex","follow":"follow"},"schema":{"@context":"https:\/\/schema.org","@graph":[{"@type":"WebPage","@id":"https:\/\/hifi-filter.com\/es\/condiciones-generales-de-venta\/hifi-filter-france\/","url":"https:\/\/hifi-filter.com\/es\/condiciones-generales-de-venta\/hifi-filter-france\/","name":"Condiciones generales de venta - HIFI FILTER France | HIFI FILTER","isPartOf":{"@id":"https:\/\/hifi-filter.com\/es\/#website"},"datePublished":"2021-10-15T13:58:22+00:00","dateModified":"2025-08-04T08:24:14+00:00","breadcrumb":{"@id":"https:\/\/hifi-filter.com\/es\/condiciones-generales-de-venta\/hifi-filter-france\/#breadcrumb"},"inLanguage":"es","potentialAction":[{"@type":"ReadAction","target":["https:\/\/hifi-filter.com\/es\/condiciones-generales-de-venta\/hifi-filter-france\/"]}]},{"@type":"BreadcrumbList","@id":"https:\/\/hifi-filter.com\/es\/condiciones-generales-de-venta\/hifi-filter-france\/#breadcrumb","itemListElement":[{"@type":"ListItem","position":1,"name":"Home","item":"https:\/\/hifi-filter.com\/es\/"},{"@type":"ListItem","position":2,"name":"Condiciones generales de venta","item":"https:\/\/hifi-filter.com\/es\/condiciones-generales-de-venta\/"},{"@type":"ListItem","position":3,"name":"Condiciones generales de venta &#8211; HIFI FILTER France"}]},{"@type":"WebSite","@id":"https:\/\/hifi-filter.com\/es\/#website","url":"https:\/\/hifi-filter.com\/es\/","name":"HIFI FILTER","description":"Your partner in filtration &amp; separation","publisher":{"@id":"https:\/\/hifi-filter.com\/es\/#organization"},"potentialAction":[{"@type":"SearchAction","target":{"@type":"EntryPoint","urlTemplate":"https:\/\/hifi-filter.com\/es\/?s={search_term_string}"},"query-input":"required name=search_term_string"}],"inLanguage":"es"},{"@type":"Organization","@id":"https:\/\/hifi-filter.com\/es\/#organization","name":"HIFI FILTER","url":"https:\/\/hifi-filter.com\/es\/","logo":{"@type":"ImageObject","inLanguage":"es","@id":"https:\/\/hifi-filter.com\/es\/#\/schema\/logo\/image\/","url":"https:\/\/hifi-filter.com\/wp-content\/uploads\/2021\/11\/cropped-Favicon-HIFI-FILTER-1.png","contentUrl":"https:\/\/hifi-filter.com\/wp-content\/uploads\/2021\/11\/cropped-Favicon-HIFI-FILTER-1.png","width":190,"height":190,"caption":"HIFI FILTER"},"image":{"@id":"https:\/\/hifi-filter.com\/es\/#\/schema\/logo\/image\/"},"sameAs":["https:\/\/www.facebook.com\/hififilter.group","https:\/\/www.linkedin.com\/company\/hififilter\/"]}]}},"_links":{"self":[{"href":"https:\/\/hifi-filter.com\/es\/wp-json\/wp\/v2\/pages\/16041"}],"collection":[{"href":"https:\/\/hifi-filter.com\/es\/wp-json\/wp\/v2\/pages"}],"about":[{"href":"https:\/\/hifi-filter.com\/es\/wp-json\/wp\/v2\/types\/page"}],"author":[{"embeddable":true,"href":"https:\/\/hifi-filter.com\/es\/wp-json\/wp\/v2\/users\/1"}],"replies":[{"embeddable":true,"href":"https:\/\/hifi-filter.com\/es\/wp-json\/wp\/v2\/comments?post=16041"}],"version-history":[{"count":13,"href":"https:\/\/hifi-filter.com\/es\/wp-json\/wp\/v2\/pages\/16041\/revisions"}],"predecessor-version":[{"id":46973,"href":"https:\/\/hifi-filter.com\/es\/wp-json\/wp\/v2\/pages\/16041\/revisions\/46973"}],"up":[{"embeddable":true,"href":"https:\/\/hifi-filter.com\/es\/wp-json\/wp\/v2\/pages\/16035"}],"wp:attachment":[{"href":"https:\/\/hifi-filter.com\/es\/wp-json\/wp\/v2\/media?parent=16041"}],"curies":[{"name":"wp","href":"https:\/\/api.w.org\/{rel}","templated":true}]}}