{"id":18046,"date":"2021-10-18T15:13:08","date_gmt":"2021-10-18T13:13:08","guid":{"rendered":"https:\/\/hifi-filter.sitendev.com\/services\/"},"modified":"2022-05-30T11:57:31","modified_gmt":"2022-05-30T09:57:31","slug":"servicios","status":"publish","type":"page","link":"https:\/\/hifi-filter.com\/es\/servicios\/","title":{"rendered":"Servicios"},"content":{"rendered":"<div class=\"ArticleEdito reverse\" data-component-id=\"ArticleEdito\">\r\n    <div class=\"ArticleEdito-content\">\r\n        <h2 class=\"ArticleEdito-title\">One stop filter shop<\/h2>        <div class=\"ArticleEdito-text AppText AppScrollbar\">Con HIFI FILTER\u00ae tiene un aliado de confianza para la gesti\u00f3n del mantenimiento de sus veh\u00edculos, m\u00e1quinas y equipos. Puede disfrutar de las muchas ventajas de tener un s\u00f3lo contacto y una sola marca para satisfacer todas sus necesidades.<\/div>\r\n        \r\n        <div class=\"Button ArticleEdito-button\" data-component-id=\"Button\">\r\n            <a class=\"Button-component\" href=\"https:\/\/hifi-filter.com\/es\/servicios\/one-stop-filter-shop\/\" aria-label=\"\" target=\"_self\" data-trk-other-cta=\"Descubra\">\r\n                <span class=\"Button-text\">Descubra<\/span>\r\n            <\/a>\r\n        <\/div>    <\/div>\r\n    <div class=\"Image ArticleEdito-image\" data-component-id=\"image\">\r\n        <picture>\r\n            <img class=\"lazyload\" data-src=\"https:\/\/hifi-filter.com\/wp-content\/uploads\/2021\/10\/One-Stop-Shop-Filters-LR.jpg\" width=\"1440\" height=\"800\"\r\n                alt=\"Image non trouv\u00e9e\" draggable=\"false\">\r\n        <\/picture>\r\n    <\/div>\r\n<\/div>\n\n<div class=\"ArticleEdito\" data-component-id=\"ArticleEdito\">\r\n    <div class=\"ArticleEdito-content\">\r\n        <h2 class=\"ArticleEdito-title\">Stock y disponibilidad<\/h2>        <div class=\"ArticleEdito-text AppText AppScrollbar\">En HIFI FILTER\u00ae entendemos el impacto que el tiempo de inactividad puede tener en un negocio. Por eso aseguramos la m\u00e1xima disponibilidad para nuestros clientes con 30.000 art\u00edculos actuales en stock y entregas r\u00e1pidas en todo el mundo.<\/div>\r\n        \r\n        <div class=\"Button ArticleEdito-button\" data-component-id=\"Button\">\r\n            <a class=\"Button-component\" href=\"https:\/\/hifi-filter.com\/es\/servicios\/stock-y-disponibilidad\/\" aria-label=\"\" target=\"_self\" data-trk-other-cta=\"Descubra\">\r\n                <span class=\"Button-text\">Descubra<\/span>\r\n            <\/a>\r\n        <\/div>    <\/div>\r\n    <div class=\"Image ArticleEdito-image\" data-component-id=\"image\">\r\n        <picture>\r\n            <img class=\"lazyload\" data-src=\"https:\/\/hifi-filter.com\/wp-content\/uploads\/2021\/10\/Stock-LR.jpg\" width=\"1440\" height=\"800\"\r\n                alt=\"Image non trouv\u00e9e\" draggable=\"false\">\r\n        <\/picture>\r\n    <\/div>\r\n<\/div>\n\n<div class=\"ArticleEdito reverse\" data-component-id=\"ArticleEdito\">\r\n    <div class=\"ArticleEdito-content\">\r\n        <h2 class=\"ArticleEdito-title\">Herramientas y datos<\/h2>        <div class=\"ArticleEdito-text AppText AppScrollbar\">Utiliza herramientas y soportes digitales dise\u00f1ados para ti. Los sistemas de b\u00fasqueda intuitivos, un \u00e1rea de clientes personalizada o los cat\u00e1logos de productos son ayudas valiosas para aumentar la eficacia.<\/div>\r\n        \r\n        <div class=\"Button ArticleEdito-button\" data-component-id=\"Button\">\r\n            <a class=\"Button-component\" href=\"https:\/\/hifi-filter.com\/es\/servicios\/herramientas-y-datos\/\" aria-label=\"\" target=\"_self\" data-trk-other-cta=\"Descubra\">\r\n                <span class=\"Button-text\">Descubra<\/span>\r\n            <\/a>\r\n        <\/div>    <\/div>\r\n    <div class=\"Image ArticleEdito-image\" data-component-id=\"image\">\r\n        <picture>\r\n            <img class=\"lazyload\" data-src=\"https:\/\/hifi-filter.com\/wp-content\/uploads\/2021\/10\/Tool-Data-LR.jpg\" width=\"1440\" height=\"800\"\r\n                alt=\"Image non trouv\u00e9e\" draggable=\"false\">\r\n        <\/picture>\r\n    <\/div>\r\n<\/div>\n\n<div class=\"ArticleEdito\" data-component-id=\"ArticleEdito\">\r\n    <div class=\"ArticleEdito-content\">\r\n        <h2 class=\"ArticleEdito-title\">Apoyo y asesoramiento<\/h2>        <div class=\"ArticleEdito-text AppText AppScrollbar\">Su socio HIFI FILTER\u00ae pone todos sus equipos a su disposici\u00f3n para ofrecerle una experiencia \u00fanica y un servicio al cliente de calidad. Aproveche el asesoramiento y la asistencia de expertos para definir juntos las soluciones adaptadas a sus necesidades.<\/div>\r\n        \r\n        <div class=\"Button ArticleEdito-button\" data-component-id=\"Button\">\r\n            <a class=\"Button-component\" href=\"https:\/\/hifi-filter.com\/es\/servicios\/apoyo-y-asesoramiento\/\" aria-label=\"\" target=\"_self\" data-trk-other-cta=\"Descubra\">\r\n                <span class=\"Button-text\">Descubra<\/span>\r\n            <\/a>\r\n        <\/div>    <\/div>\r\n    <div class=\"Image ArticleEdito-image\" data-component-id=\"image\">\r\n        <picture>\r\n            <img class=\"lazyload\" data-src=\"https:\/\/hifi-filter.com\/wp-content\/uploads\/2021\/10\/Support-Advice-LR-1.jpg\" width=\"1440\" height=\"800\"\r\n                alt=\"Image non trouv\u00e9e\" draggable=\"false\">\r\n        <\/picture>\r\n    <\/div>\r\n<\/div>\n\n<div class=\"ArticleEdito reverse\" data-component-id=\"ArticleEdito\">\r\n    <div class=\"ArticleEdito-content\">\r\n        <h2 class=\"ArticleEdito-title\">Calidad<\/h2>        <div class=\"ArticleEdito-text AppText AppScrollbar\">Cuando se trata de filtraci\u00f3n, la calidad y el rendimiento son esenciales para proteger a las personas, los equipos y el entorno. Estas preocupaciones est\u00e1n en el centro de nuestra actividad y nuestro enfoque.<\/div>\r\n        \r\n        <div class=\"Button ArticleEdito-button\" data-component-id=\"Button\">\r\n            <a class=\"Button-component\" href=\"https:\/\/hifi-filter.com\/es\/servicios\/calidad\/\" aria-label=\"\" target=\"_self\" data-trk-other-cta=\"Descubra\">\r\n                <span class=\"Button-text\">Descubra<\/span>\r\n            <\/a>\r\n        <\/div>    <\/div>\r\n    <div class=\"Image ArticleEdito-image\" data-component-id=\"image\">\r\n        <picture>\r\n            <img class=\"lazyload\" data-src=\"https:\/\/hifi-filter.com\/wp-content\/uploads\/2021\/10\/Quality-Check-LR.jpg\" width=\"1440\" height=\"800\"\r\n                alt=\"Image non trouv\u00e9e\" draggable=\"false\">\r\n        <\/picture>\r\n    <\/div>\r\n<\/div>\n\n\n<p><\/p>\n","protected":false},"excerpt":{"rendered":"","protected":false},"author":1,"featured_media":0,"parent":0,"menu_order":84,"comment_status":"closed","ping_status":"closed","template":"","meta":{"_acf_changed":false,"footnotes":""},"acf":[],"yoast_head":"<!-- This site is optimized with the Yoast SEO plugin v22.2 - https:\/\/yoast.com\/wordpress\/plugins\/seo\/ -->\n<title>Todos los servicios de HIFI FILTER: su aliado en materia de filtros | HIFI FILTER<\/title>\n<meta name=\"description\" content=\"Gracias a sus herramientas y servicios adaptados, as\u00ed como a la ayuda y el asesoramiento de su personal experto, \u00a1HIFI FILTER ser\u00e1 su mejor aliado en materia de filtros!\" \/>\n<meta name=\"robots\" content=\"index, follow, max-snippet:-1, max-image-preview:large, max-video-preview:-1\" \/>\n<link rel=\"canonical\" href=\"https:\/\/hifi-filter.com\/es\/servicios\/\" \/>\n<script type=\"application\/ld+json\" class=\"yoast-schema-graph\">{\"@context\":\"https:\/\/schema.org\",\"@graph\":[{\"@type\":\"WebPage\",\"@id\":\"https:\/\/hifi-filter.com\/es\/servicios\/\",\"url\":\"https:\/\/hifi-filter.com\/es\/servicios\/\",\"name\":\"Todos los servicios de HIFI FILTER: su aliado en materia de filtros | HIFI FILTER\",\"isPartOf\":{\"@id\":\"https:\/\/hifi-filter.com\/es\/#website\"},\"datePublished\":\"2021-10-18T13:13:08+00:00\",\"dateModified\":\"2022-05-30T09:57:31+00:00\",\"description\":\"Gracias a sus herramientas y servicios adaptados, as\u00ed como a la ayuda y el asesoramiento de su personal experto, \u00a1HIFI FILTER ser\u00e1 su mejor aliado en materia de filtros!\",\"breadcrumb\":{\"@id\":\"https:\/\/hifi-filter.com\/es\/servicios\/#breadcrumb\"},\"inLanguage\":\"es\",\"potentialAction\":[{\"@type\":\"ReadAction\",\"target\":[\"https:\/\/hifi-filter.com\/es\/servicios\/\"]}]},{\"@type\":\"BreadcrumbList\",\"@id\":\"https:\/\/hifi-filter.com\/es\/servicios\/#breadcrumb\",\"itemListElement\":[{\"@type\":\"ListItem\",\"position\":1,\"name\":\"Home\",\"item\":\"https:\/\/hifi-filter.com\/es\/\"},{\"@type\":\"ListItem\",\"position\":2,\"name\":\"Servicios\"}]},{\"@type\":\"WebSite\",\"@id\":\"https:\/\/hifi-filter.com\/es\/#website\",\"url\":\"https:\/\/hifi-filter.com\/es\/\",\"name\":\"HIFI FILTER\",\"description\":\"Your partner in filtration &amp; separation\",\"publisher\":{\"@id\":\"https:\/\/hifi-filter.com\/es\/#organization\"},\"potentialAction\":[{\"@type\":\"SearchAction\",\"target\":{\"@type\":\"EntryPoint\",\"urlTemplate\":\"https:\/\/hifi-filter.com\/es\/?s={search_term_string}\"},\"query-input\":\"required name=search_term_string\"}],\"inLanguage\":\"es\"},{\"@type\":\"Organization\",\"@id\":\"https:\/\/hifi-filter.com\/es\/#organization\",\"name\":\"HIFI FILTER\",\"url\":\"https:\/\/hifi-filter.com\/es\/\",\"logo\":{\"@type\":\"ImageObject\",\"inLanguage\":\"es\",\"@id\":\"https:\/\/hifi-filter.com\/es\/#\/schema\/logo\/image\/\",\"url\":\"https:\/\/hifi-filter.com\/wp-content\/uploads\/2021\/11\/cropped-Favicon-HIFI-FILTER-1.png\",\"contentUrl\":\"https:\/\/hifi-filter.com\/wp-content\/uploads\/2021\/11\/cropped-Favicon-HIFI-FILTER-1.png\",\"width\":190,\"height\":190,\"caption\":\"HIFI FILTER\"},\"image\":{\"@id\":\"https:\/\/hifi-filter.com\/es\/#\/schema\/logo\/image\/\"},\"sameAs\":[\"https:\/\/www.facebook.com\/hififilter.group\",\"https:\/\/www.linkedin.com\/company\/hififilter\/\"]}]}<\/script>\n<!-- \/ Yoast SEO plugin. -->","yoast_head_json":{"title":"Todos los servicios de HIFI FILTER: su aliado en materia de filtros | HIFI FILTER","description":"Gracias a sus herramientas y servicios adaptados, as\u00ed como a la ayuda y el asesoramiento de su personal experto, \u00a1HIFI FILTER ser\u00e1 su mejor aliado en materia de filtros!","robots":{"index":"index","follow":"follow","max-snippet":"max-snippet:-1","max-image-preview":"max-image-preview:large","max-video-preview":"max-video-preview:-1"},"canonical":"https:\/\/hifi-filter.com\/es\/servicios\/","schema":{"@context":"https:\/\/schema.org","@graph":[{"@type":"WebPage","@id":"https:\/\/hifi-filter.com\/es\/servicios\/","url":"https:\/\/hifi-filter.com\/es\/servicios\/","name":"Todos los servicios de HIFI FILTER: su aliado en materia de filtros | HIFI FILTER","isPartOf":{"@id":"https:\/\/hifi-filter.com\/es\/#website"},"datePublished":"2021-10-18T13:13:08+00:00","dateModified":"2022-05-30T09:57:31+00:00","description":"Gracias a sus herramientas y servicios adaptados, as\u00ed como a la ayuda y el asesoramiento de su personal experto, \u00a1HIFI FILTER ser\u00e1 su mejor aliado en materia de filtros!","breadcrumb":{"@id":"https:\/\/hifi-filter.com\/es\/servicios\/#breadcrumb"},"inLanguage":"es","potentialAction":[{"@type":"ReadAction","target":["https:\/\/hifi-filter.com\/es\/servicios\/"]}]},{"@type":"BreadcrumbList","@id":"https:\/\/hifi-filter.com\/es\/servicios\/#breadcrumb","itemListElement":[{"@type":"ListItem","position":1,"name":"Home","item":"https:\/\/hifi-filter.com\/es\/"},{"@type":"ListItem","position":2,"name":"Servicios"}]},{"@type":"WebSite","@id":"https:\/\/hifi-filter.com\/es\/#website","url":"https:\/\/hifi-filter.com\/es\/","name":"HIFI FILTER","description":"Your partner in filtration &amp; separation","publisher":{"@id":"https:\/\/hifi-filter.com\/es\/#organization"},"potentialAction":[{"@type":"SearchAction","target":{"@type":"EntryPoint","urlTemplate":"https:\/\/hifi-filter.com\/es\/?s={search_term_string}"},"query-input":"required name=search_term_string"}],"inLanguage":"es"},{"@type":"Organization","@id":"https:\/\/hifi-filter.com\/es\/#organization","name":"HIFI FILTER","url":"https:\/\/hifi-filter.com\/es\/","logo":{"@type":"ImageObject","inLanguage":"es","@id":"https:\/\/hifi-filter.com\/es\/#\/schema\/logo\/image\/","url":"https:\/\/hifi-filter.com\/wp-content\/uploads\/2021\/11\/cropped-Favicon-HIFI-FILTER-1.png","contentUrl":"https:\/\/hifi-filter.com\/wp-content\/uploads\/2021\/11\/cropped-Favicon-HIFI-FILTER-1.png","width":190,"height":190,"caption":"HIFI FILTER"},"image":{"@id":"https:\/\/hifi-filter.com\/es\/#\/schema\/logo\/image\/"},"sameAs":["https:\/\/www.facebook.com\/hififilter.group","https:\/\/www.linkedin.com\/company\/hififilter\/"]}]}},"_links":{"self":[{"href":"https:\/\/hifi-filter.com\/es\/wp-json\/wp\/v2\/pages\/18046"}],"collection":[{"href":"https:\/\/hifi-filter.com\/es\/wp-json\/wp\/v2\/pages"}],"about":[{"href":"https:\/\/hifi-filter.com\/es\/wp-json\/wp\/v2\/types\/page"}],"author":[{"embeddable":true,"href":"https:\/\/hifi-filter.com\/es\/wp-json\/wp\/v2\/users\/1"}],"replies":[{"embeddable":true,"href":"https:\/\/hifi-filter.com\/es\/wp-json\/wp\/v2\/comments?post=18046"}],"version-history":[{"count":9,"href":"https:\/\/hifi-filter.com\/es\/wp-json\/wp\/v2\/pages\/18046\/revisions"}],"predecessor-version":[{"id":25884,"href":"https:\/\/hifi-filter.com\/es\/wp-json\/wp\/v2\/pages\/18046\/revisions\/25884"}],"wp:attachment":[{"href":"https:\/\/hifi-filter.com\/es\/wp-json\/wp\/v2\/media?parent=18046"}],"curies":[{"name":"wp","href":"https:\/\/api.w.org\/{rel}","templated":true}]}}