{"id":18400,"date":"2021-11-04T13:25:21","date_gmt":"2021-11-04T12:25:21","guid":{"rendered":"https:\/\/hifi-filter.sitendev.com\/mentions-legales\/"},"modified":"2026-02-27T08:15:34","modified_gmt":"2026-02-27T07:15:34","slug":"informacion-legal","status":"publish","type":"page","link":"https:\/\/hifi-filter.com\/es\/informacion-legal\/","title":{"rendered":"Informaci\u00f3n legal"},"content":{"rendered":"<div class=\"Text1Column\" data-component-id=\"Text1Column\">\r\n            <div class=\"Text1Column-text AppText\"><p><strong>\/\/\/ Sede central:<\/strong><\/p>\r\n<p>HIFI FILTER S.A.<br \/>\r\nRue Comble-Emine 9 \u2013 CP46<br \/>\r\n2053 Cernier \u2013 SUISSE<br \/>\r\nTel\u00a0: +41 (0)32 854 20 10 \u2013 info@hifi-filter.ch<\/p>\r\n<p>Capital social de 100.000 CHF<br \/>\r\nN\u00famero de identificaci\u00f3n fiscal : CHE-114.945.835<br \/>\r\nN\u00famero de registro federal : CH-645.4.103.008-4<\/p>\r\n<p>Director de Publicaciones : Sr. Pierre Hirschi<\/p>\r\n<p><strong>\u00a0<\/strong><\/p>\r\n<p><strong>\/\/\/ Alojamiento : <\/strong><\/p>\r\n<p>El sitio web hifi-filter.com est\u00e1 alojado en<br \/>\r\nInfomaniak<br \/>\r\nRue Eug\u00e8ne-Marziano 25<br \/>\r\n1227 Les Acacias, Switzerland<\/p>\r\n<p>El sitio web catalog.hifi-filter.com est\u00e1 alojado en<br \/>\r\nAmazon Web Services EMEA SARL<br \/>\r\n5 rue Plaetis<br \/>\r\n2338 Luxembourg &#8211; Luxembourg<\/p>\r\n<p><strong>\u00a0<\/strong><\/p>\r\n<p><strong>\/\/\/ Desarrollo y mantenimiento :<br \/>\r\n<\/strong>Este sitio fue desarrollado y es mantenido por :<br \/>\r\n<a href=\"http:\/\/www.digitz.fr\/\">DIGITZ<\/a><br \/>\r\n73 Cours Albert Thomas,<br \/>\r\n69003 Lyon &#8211; France<br \/>\r\nT\u00e9l. :\u00a0<a href=\"tel:0484350475\">04 82 53 32 01<\/a><\/p>\r\n<p><strong>\u00a0<\/strong><\/p>\r\n<p><strong>\/\/\/ Referenciaci\u00f3n : <\/strong><\/p>\r\n<p>Este sitio est\u00e1 referenciado por\u00a0:<br \/>\r\nYumens<br \/>\r\n8 av. Tony Garnier<br \/>\r\n69007 Lyon &#8211; France<br \/>\r\nTel.\u00a0: 04 57 70 00 24<\/p>\r\n<p>&nbsp;<\/p>\r\n<p><strong>\/\/\/ Informaci\u00f3n sobre el dise\u00f1o : <\/strong><\/p>\r\n<p>Este sitio fue dise\u00f1ado y desarrollado por :<br \/>\r\nAKARU<br \/>\r\n9 Quai Andr\u00e9 Lassagne<br \/>\r\n69007 Lyon &#8211; France<br \/>\r\nTel.\u00a0: 04 82 33 85 10<\/p>\r\n<p>&nbsp;<\/p>\r\n<p><strong>\/\/\/ Derechos de autor \/ Copyright<\/strong><\/p>\r\n<p>Las im\u00e1genes as\u00ed como los logotipos de las marcas HIFI FILTER\u00ae y H-AIR FILTER\u00ae est\u00e1n registrados en numerosos pa\u00edses por Hifi Group S.A. Su menci\u00f3n no concede en ning\u00fan caso una licencia o un derecho de uso de dichas marcas, que no pueden por tanto ser utilizadas sin el consentimiento previo por escrito del propietario de la marca, bajo pena de infracci\u00f3n.<\/p>\r\n<p>Los dibujos en 3D y las fotos de las gamas de filtros son propiedad del grupo HIFI FILTER. Cualquier representaci\u00f3n total o parcial de este sitio y de estas im\u00e1genes, por el medio que sea, est\u00e1 estrictamente prohibida sin la autorizaci\u00f3n previa por escrito de HIFI FILTER\u00ae y constituir\u00eda una infracci\u00f3n sancionada por los art\u00edculos L 355-2 y siguientes del C\u00f3digo de la Propiedad Intelectual.<\/p>\r\n<p><strong>\u00a0<\/strong><\/p>\r\n<p><strong>\/\/\/ Cr\u00e9ditos de foto y v\u00eddeo<\/strong><\/p>\r\n<p>Marc Jardot<br \/>\r\nSmize production<br \/>\r\nAdobe stock<\/p>\r\n<p>&nbsp;<\/p>\r\n<p><strong>\/\/\/ Menci\u00f3n a las cookies<\/strong>\u00a0:<\/p>\r\n<p>Utilizamos varias cookies en el sitio para mejorar la interactividad del sitio y nuestros servicios.<\/p>\r\n<p>\u00bfQu\u00e9 es una \u00abcookie\u00bb?<br \/>\r\nUna \u00abcookie\u00bb es un archivo de tama\u00f1o limitado, normalmente formado por letras y n\u00fameros, que el servidor web env\u00eda al archivo de cookies del navegador situado en el disco duro de su ordenador.<\/p>\r\n<p>Finalidad de las cookies utilizadas en el sitio web<br \/>\r\nEl sitio web www.hifi-filter.com utiliza cookies con el prop\u00f3sito principal de rastrear datos anal\u00edticos sobre el sitio, el uso que hacen los usuarios del mismo y para mejorar los servicios del sitio.<\/p>\r\n<p>Para m\u00e1s informaci\u00f3n, visite nuestra <span style=\"text-decoration: underline;\"><strong><a href=\"https:\/\/hifi-filter.com\/es\/politica-de-privacidad\/\">pol\u00edtica de privacidad<\/a><\/strong><\/span><\/p>\r\n<p>&nbsp;<\/p>\r\n<p><strong>\/\/\/ Informaci\u00f3n sobre el uso de datos personales<\/strong>\u00a0:<\/p>\r\n<p>El Reglamento General de Protecci\u00f3n de Datos (RGPD), que entr\u00f3 en vigor el 25 de mayo de 2018, establece los principios que deben respetarse a la hora de recoger, tratar y almacenar datos personales. Tambi\u00e9n garantiza los derechos de los interesados.<\/p>\r\n<p>Para m\u00e1s informaci\u00f3n, visite nuestra <span style=\"text-decoration: underline;\"><strong><a href=\"https:\/\/hifi-filter.com\/es\/politica-de-privacidad\/\">pol\u00edtica de privacidad<\/a><\/strong><\/span><\/p>\r\n<p>&nbsp;<\/p>\r\n<p><strong>\/\/\/ Traducci\u00f3n de avisos legales<\/strong><\/p>\r\n<p>Nuestros avisos legales se traducen con la mayor fiabilidad posible, pero s\u00f3lo la versi\u00f3n francesa es contractualmente vinculante, especialmente en caso de diferencias de interpretaci\u00f3n.<\/p>            <\/div>\r\n<\/div>\r\n\r\n","protected":false},"excerpt":{"rendered":"","protected":false},"author":1,"featured_media":0,"parent":0,"menu_order":196,"comment_status":"closed","ping_status":"closed","template":"","meta":{"_acf_changed":false,"footnotes":""},"acf":[],"yoast_head":"<!-- This site is optimized with the Yoast SEO plugin v22.2 - https:\/\/yoast.com\/wordpress\/plugins\/seo\/ -->\n<title>Informaci\u00f3n legal | HIFI FILTER<\/title>\n<meta name=\"description\" content=\"Votre partenaire en filtration HIFI FILTER, la marque leader des filtres compatibles\" \/>\n<meta name=\"robots\" content=\"noindex, nofollow\" \/>\n<script type=\"application\/ld+json\" class=\"yoast-schema-graph\">{\"@context\":\"https:\/\/schema.org\",\"@graph\":[{\"@type\":\"WebPage\",\"@id\":\"https:\/\/hifi-filter.com\/es\/informacion-legal\/\",\"url\":\"https:\/\/hifi-filter.com\/es\/informacion-legal\/\",\"name\":\"Informaci\u00f3n legal | HIFI FILTER\",\"isPartOf\":{\"@id\":\"https:\/\/hifi-filter.com\/es\/#website\"},\"datePublished\":\"2021-11-04T12:25:21+00:00\",\"dateModified\":\"2026-02-27T07:15:34+00:00\",\"breadcrumb\":{\"@id\":\"https:\/\/hifi-filter.com\/es\/informacion-legal\/#breadcrumb\"},\"inLanguage\":\"es\",\"potentialAction\":[{\"@type\":\"ReadAction\",\"target\":[\"https:\/\/hifi-filter.com\/es\/informacion-legal\/\"]}]},{\"@type\":\"BreadcrumbList\",\"@id\":\"https:\/\/hifi-filter.com\/es\/informacion-legal\/#breadcrumb\",\"itemListElement\":[{\"@type\":\"ListItem\",\"position\":1,\"name\":\"Home\",\"item\":\"https:\/\/hifi-filter.com\/es\/\"},{\"@type\":\"ListItem\",\"position\":2,\"name\":\"Informaci\u00f3n legal\"}]},{\"@type\":\"WebSite\",\"@id\":\"https:\/\/hifi-filter.com\/es\/#website\",\"url\":\"https:\/\/hifi-filter.com\/es\/\",\"name\":\"HIFI FILTER\",\"description\":\"Your partner in filtration &amp; separation\",\"publisher\":{\"@id\":\"https:\/\/hifi-filter.com\/es\/#organization\"},\"potentialAction\":[{\"@type\":\"SearchAction\",\"target\":{\"@type\":\"EntryPoint\",\"urlTemplate\":\"https:\/\/hifi-filter.com\/es\/?s={search_term_string}\"},\"query-input\":\"required name=search_term_string\"}],\"inLanguage\":\"es\"},{\"@type\":\"Organization\",\"@id\":\"https:\/\/hifi-filter.com\/es\/#organization\",\"name\":\"HIFI FILTER\",\"url\":\"https:\/\/hifi-filter.com\/es\/\",\"logo\":{\"@type\":\"ImageObject\",\"inLanguage\":\"es\",\"@id\":\"https:\/\/hifi-filter.com\/es\/#\/schema\/logo\/image\/\",\"url\":\"https:\/\/hifi-filter.com\/wp-content\/uploads\/2021\/11\/cropped-Favicon-HIFI-FILTER-1.png\",\"contentUrl\":\"https:\/\/hifi-filter.com\/wp-content\/uploads\/2021\/11\/cropped-Favicon-HIFI-FILTER-1.png\",\"width\":190,\"height\":190,\"caption\":\"HIFI FILTER\"},\"image\":{\"@id\":\"https:\/\/hifi-filter.com\/es\/#\/schema\/logo\/image\/\"},\"sameAs\":[\"https:\/\/www.facebook.com\/hififilter.group\",\"https:\/\/www.linkedin.com\/company\/hififilter\/\"]}]}<\/script>\n<!-- \/ Yoast SEO plugin. -->","yoast_head_json":{"title":"Informaci\u00f3n legal | HIFI FILTER","description":"Votre partenaire en filtration HIFI FILTER, la marque leader des filtres compatibles","robots":{"index":"noindex","follow":"nofollow"},"schema":{"@context":"https:\/\/schema.org","@graph":[{"@type":"WebPage","@id":"https:\/\/hifi-filter.com\/es\/informacion-legal\/","url":"https:\/\/hifi-filter.com\/es\/informacion-legal\/","name":"Informaci\u00f3n legal | HIFI FILTER","isPartOf":{"@id":"https:\/\/hifi-filter.com\/es\/#website"},"datePublished":"2021-11-04T12:25:21+00:00","dateModified":"2026-02-27T07:15:34+00:00","breadcrumb":{"@id":"https:\/\/hifi-filter.com\/es\/informacion-legal\/#breadcrumb"},"inLanguage":"es","potentialAction":[{"@type":"ReadAction","target":["https:\/\/hifi-filter.com\/es\/informacion-legal\/"]}]},{"@type":"BreadcrumbList","@id":"https:\/\/hifi-filter.com\/es\/informacion-legal\/#breadcrumb","itemListElement":[{"@type":"ListItem","position":1,"name":"Home","item":"https:\/\/hifi-filter.com\/es\/"},{"@type":"ListItem","position":2,"name":"Informaci\u00f3n legal"}]},{"@type":"WebSite","@id":"https:\/\/hifi-filter.com\/es\/#website","url":"https:\/\/hifi-filter.com\/es\/","name":"HIFI FILTER","description":"Your partner in filtration &amp; separation","publisher":{"@id":"https:\/\/hifi-filter.com\/es\/#organization"},"potentialAction":[{"@type":"SearchAction","target":{"@type":"EntryPoint","urlTemplate":"https:\/\/hifi-filter.com\/es\/?s={search_term_string}"},"query-input":"required name=search_term_string"}],"inLanguage":"es"},{"@type":"Organization","@id":"https:\/\/hifi-filter.com\/es\/#organization","name":"HIFI FILTER","url":"https:\/\/hifi-filter.com\/es\/","logo":{"@type":"ImageObject","inLanguage":"es","@id":"https:\/\/hifi-filter.com\/es\/#\/schema\/logo\/image\/","url":"https:\/\/hifi-filter.com\/wp-content\/uploads\/2021\/11\/cropped-Favicon-HIFI-FILTER-1.png","contentUrl":"https:\/\/hifi-filter.com\/wp-content\/uploads\/2021\/11\/cropped-Favicon-HIFI-FILTER-1.png","width":190,"height":190,"caption":"HIFI FILTER"},"image":{"@id":"https:\/\/hifi-filter.com\/es\/#\/schema\/logo\/image\/"},"sameAs":["https:\/\/www.facebook.com\/hififilter.group","https:\/\/www.linkedin.com\/company\/hififilter\/"]}]}},"_links":{"self":[{"href":"https:\/\/hifi-filter.com\/es\/wp-json\/wp\/v2\/pages\/18400"}],"collection":[{"href":"https:\/\/hifi-filter.com\/es\/wp-json\/wp\/v2\/pages"}],"about":[{"href":"https:\/\/hifi-filter.com\/es\/wp-json\/wp\/v2\/types\/page"}],"author":[{"embeddable":true,"href":"https:\/\/hifi-filter.com\/es\/wp-json\/wp\/v2\/users\/1"}],"replies":[{"embeddable":true,"href":"https:\/\/hifi-filter.com\/es\/wp-json\/wp\/v2\/comments?post=18400"}],"version-history":[{"count":23,"href":"https:\/\/hifi-filter.com\/es\/wp-json\/wp\/v2\/pages\/18400\/revisions"}],"predecessor-version":[{"id":34655,"href":"https:\/\/hifi-filter.com\/es\/wp-json\/wp\/v2\/pages\/18400\/revisions\/34655"}],"wp:attachment":[{"href":"https:\/\/hifi-filter.com\/es\/wp-json\/wp\/v2\/media?parent=18400"}],"curies":[{"name":"wp","href":"https:\/\/api.w.org\/{rel}","templated":true}]}}