{"id":46720,"date":"2025-06-23T15:04:09","date_gmt":"2025-06-23T13:04:09","guid":{"rendered":"https:\/\/hifi-filter.com\/nos-engagements\/"},"modified":"2026-02-25T09:33:18","modified_gmt":"2026-02-25T08:33:18","slug":"nuestros-compromisos","status":"publish","type":"page","link":"https:\/\/hifi-filter.com\/es\/nuestros-compromisos\/","title":{"rendered":"Nuestros compromisos"},"content":{"rendered":"<div class=\"Quote red-background\" data-component-id=\"Quote\">\n    <div class=\"Quote-text\"><span class=\"Quote-sign\">\u201c<\/span>La mejora continua est\u00e1 en el coraz\u00f3n de nuestro negocio. Gu\u00eda nuestra organizaci\u00f3n, nuestros m\u00e9todos de trabajo y nuestras relaciones con nuestros clientes.<span class=\"Quote-sign\">\u201c<\/span><\/div>\n    <p class=\"Quote-author\">\/\/\/<\/p>\n<\/div>\n\n<div class=\"Introduction\" data-component-id=\"Introduction\">\n    <h3 class=\"AppTitle h1 theme-reverse\"><\/h3>\n    <h2 class=\"AppTitle h1 theme-highlight\">Gesti\u00f3n de la calidad<\/h2>\n    <div class=\"AppText\">Nuestra organizaci\u00f3n se basa en <strong>procesos claros, evolutivos y armonizados<\/strong>, adaptados a las especificidades locales de cada entidad HIFI FILTER\u00ae. Esta estructuraci\u00f3n nos permite garantizar la <strong>fiabilidad de nuestros servicios<\/strong>,<strong> un escucha atenta de nuestros clientes <\/strong>y<strong> una mejora continua de continuamente nuestras actividades<\/strong>.<\/div>\n<\/div>\n\n<div class=\"ArticleEdito reverse\" data-component-id=\"ArticleEdito\">\r\n    <div class=\"ArticleEdito-content\">\r\n        <h2 class=\"ArticleEdito-title\">Certificaci\u00f3n ISO 9001<\/h2>        <div class=\"ArticleEdito-text AppText AppScrollbar\">La certificaci\u00f3n<strong> ISO 9001<\/strong> refleja nuestra voluntad de formalizar y mejorar continuamente nuestros compromisos de calidad. Certifica que nuestra organizaci\u00f3n cumple con los requisitos internacionales en materia de <strong>satisfacci\u00f3n del cliente, control de procesos y rendimiento sostenible<\/strong>.\r\n\r\n\u00bfQu\u00e9 le aporta?\r\n<ul>\r\n \t<li><strong>Fiabilidad:<\/strong> productos y servicios coherentes basados en procesos controlados<\/li>\r\n \t<li><strong>Escuchar:<\/strong> atenci\u00f3n constante basada en sus experiencias<\/li>\r\n \t<li><strong>Seguridad:<\/strong> entregas conformes y seguimiento riguroso<\/li>\r\n \t<li><strong>Reactividad:<\/strong> equipos movilizados para responder a sus necesidades<\/li>\r\n<\/ul><\/div>\r\n            <\/div>\r\n    <div class=\"Image ArticleEdito-image\" data-component-id=\"image\">\r\n        <picture>\r\n            <img class=\"lazyload\" data-src=\"https:\/\/hifi-filter.com\/wp-content\/uploads\/2025\/06\/ISO-9001-LR.jpg\" width=\"1440\" height=\"800\"\r\n                alt=\"Image non trouv\u00e9e\" draggable=\"false\">\r\n        <\/picture>\r\n    <\/div>\r\n<\/div>\n\n<div class=\"Text1Column\" data-component-id=\"Text1Column\">\r\n    <h2 class=\"Text1Column-title\">Centros con certificaci\u00f3n ISO 9001<\/h2>        <div class=\"Text1Column-text AppText\"><ul>\r\n \t<li><strong>HIFI GROUP SA<\/strong> \u2013 Sede del Grupo (Cernier, Suiza): <span style=\"text-decoration: underline;\"><a href=\"https:\/\/hifi-filter.com\/wp-content\/uploads\/2025\/07\/GROUP_Certificat-ISO-9001-2025-2028_EN_with-password.pdf\">Descargar el certificado (EN)<\/a>,<\/span> <span style=\"text-decoration: underline;\"><a href=\"https:\/\/hifi-filter.com\/wp-content\/uploads\/2025\/06\/GROUP_Certificat-ISO-9001-2025-2028_FR_-with-password.pdf\">Descargar el certificado (FR)<\/a><\/span><\/li>\r\n \t<li><strong>HIFI FILTER SA<\/strong> \u2013 Entidad de distribuci\u00f3n (Cernier, Suiza): <span style=\"text-decoration: underline;\"><a href=\"https:\/\/hifi-filter.com\/wp-content\/uploads\/2025\/07\/GROUP_Certificat-ISO-9001-2025-2028_EN_with-password.pdf\">Descargar el certificado (EN)<\/a>,<\/span> <span style=\"text-decoration: underline;\"><a href=\"https:\/\/hifi-filter.com\/wp-content\/uploads\/2025\/06\/GROUP_Certificat-ISO-9001-2025-2028_FR_-with-password.pdf\">Descargar el certificado (FR)<\/a><\/span><\/li>\r\n \t<li><strong>HIFI FILTER SA<\/strong> \u2013 Entidad de distribuci\u00f3n (Z\u00farich, Suiza): <span style=\"text-decoration: underline;\"><a href=\"https:\/\/hifi-filter.com\/wp-content\/uploads\/2025\/07\/GROUP_Certificat-ISO-9001-2025-2028_EN_with-password.pdf\">Descargar el certificado (EN)<\/a>,<\/span> <span style=\"text-decoration: underline;\"><a href=\"https:\/\/hifi-filter.com\/wp-content\/uploads\/2025\/06\/GROUP_Certificat-ISO-9001-2025-2028_FR_-with-password.pdf\">Descargar el certificado (FR)<\/a><\/span><\/li>\r\n \t<li><strong>HIFI FILTER FRANCE SAS<\/strong> \u2013 Entidad de distribuci\u00f3n (Pontarlier, Francia): <span style=\"text-decoration: underline;\"><a href=\"https:\/\/hifi-filter.com\/wp-content\/uploads\/2025\/07\/GROUP_Certificat-ISO-9001-2025-2028_EN_with-password.pdf\">Descargar el certificado (EN)<\/a>,<\/span> <a href=\"https:\/\/hifi-filter.com\/wp-content\/uploads\/2025\/06\/GROUP_Certificat-ISO-9001-2025-2028_FR_-with-password.pdf\"><span style=\"text-decoration: underline;\">Descargar el certificado (FR)<\/span><\/a><\/li>\r\n \t<li><strong>HIFI FILTER ROM S.R.L<\/strong> \u2013 Entidad de distribuci\u00f3n (Otopeni, Ruman\u00eda): <a href=\"https:\/\/hifi-filter.com\/wp-content\/uploads\/2025\/06\/RO-ISO-9001_2015_valabil-21.11.2025-with-password.pdf\"><span style=\"text-decoration: underline;\">Descargar el certificado<\/span><\/a><\/li>\r\n \t<li><strong>HIFI FILTER IBERIA S.L.<\/strong> \u2013 Entidad de distribuci\u00f3n (Alcal\u00e1 de Henares, Espa\u00f1a): <span style=\"text-decoration: underline;\"><a href=\"https:\/\/hifi-filter.com\/wp-content\/uploads\/2025\/06\/ES_ISO9001-with-password.pdf\">Descargar el certificado<\/a><\/span><\/li>\r\n \t<li><strong>HIFI FILTER IBERIA S.L.<\/strong> \u2013 Entidad de distribuci\u00f3n (Calafell, Espa\u00f1a): <span style=\"text-decoration: underline;\"><a href=\"https:\/\/hifi-filter.com\/wp-content\/uploads\/2025\/06\/ES_ISO9001-with-password.pdf\">Descargar el certificado<\/a><\/span><\/li>\r\n \t<li><b>HIFI FILTER IBERIA S.L.<\/b> \u2013 Pol\u00edtica de calidad y medio ambiente: <a href=\"https:\/\/hifi-filter.com\/wp-content\/uploads\/2026\/02\/ES_Politica-de-calidad-y-medio-ambiente-with-password.pdf\">Descargar<\/a><\/li>\r\n \t<li><strong>FILVENT (PTY) LTD<\/strong> \u2013 Entidad de distribuci\u00f3n (Witbank, Sud\u00e1frica): <span style=\"text-decoration: underline;\"><a href=\"https:\/\/hifi-filter.com\/wp-content\/uploads\/2025\/06\/ZA-FILVENT_ISO9001-with-password.pdf\">Descargar el certificado<\/a><\/span><\/li>\r\n<\/ul>            <\/div>\r\n<\/div>\r\n\r\n\n\n<div class=\"Introduction\" data-component-id=\"Introduction\">\n    <h3 class=\"AppTitle h1 theme-reverse\"><\/h3>\n    <h2 class=\"AppTitle h1 theme-highlight\">Medio ambiente<\/h2>\n    <div class=\"AppText\">Nuestro compromiso con el medio ambiente se basa en <strong>acciones concretas y mensurables<\/strong> integradas en todas nuestras actividades. Al estructurar nuestro planteamiento en torno a referencias reconocidos, nos aseguramos de contribuir a <strong>preservar los recursos, reducir nuestra huella ecol\u00f3gica y mejorar continuamente nuestro desempe\u00f1o ambiental.<\/strong><\/div>\n<\/div>\n\n<div class=\"ArticleEdito\" data-component-id=\"ArticleEdito\">\r\n    <div class=\"ArticleEdito-content\">\r\n        <h2 class=\"ArticleEdito-title\">Certificaci\u00f3n ISO 14001<\/h2>        <div class=\"ArticleEdito-text AppText AppScrollbar\">La certificaci\u00f3n<strong> ISO 14001<\/strong> demuestra nuestro compromiso con la protecci\u00f3n del medio ambiente. Se inscribe en una <strong>estrategia de gesti\u00f3n medioambiental estructurada\u00a0<\/strong>destinado a reducir nuestro impacto ecol\u00f3gico al tiempo que mejoramos continuamente nuestras pr\u00e1cticas internas.\r\n\r\nEsta norma internacional proporciona un marco claro para :\r\n<ul>\r\n \t<li>Identificar y reducir los impactos ambientales de nuestras actividades,<\/li>\r\n \t<li>Utilizar los recursos de forma eficiente,<\/li>\r\n \t<li>Limitar los residuos,<\/li>\r\n \t<li>Anticiparse a los cambios normativos.<\/li>\r\n<\/ul>\r\nDemuestra nuestra determinaci\u00f3n de contribuir activamente a preservar los recursos naturales, luchar contra el cambio clim\u00e1tico y proteger la biodiversidad.<\/div>\r\n            <\/div>\r\n    <div class=\"Image ArticleEdito-image\" data-component-id=\"image\">\r\n        <picture>\r\n            <img class=\"lazyload\" data-src=\"https:\/\/hifi-filter.com\/wp-content\/uploads\/2025\/06\/ISO-14001-LR.jpg\" width=\"1440\" height=\"800\"\r\n                alt=\"Image non trouv\u00e9e\" draggable=\"false\">\r\n        <\/picture>\r\n    <\/div>\r\n<\/div>\n\n<div class=\"Text1Column\" data-component-id=\"Text1Column\">\r\n    <h2 class=\"Text1Column-title\">Centros con certificaci\u00f3n ISO 14001<\/h2>        <div class=\"Text1Column-text AppText\"><ul>\r\n \t<li><strong>HIFI FILTER ROM S.R.L<\/strong> \u2013 Entidad de distribuci\u00f3n (Otopeni, Ruman\u00eda): <a href=\"https:\/\/hifi-filter.com\/wp-content\/uploads\/2025\/06\/RO-ISO-14001_2015_valabil-09.11.2025-with-password.pdf\"><span style=\"text-decoration: underline;\">Descargar el certificado<\/span><\/a><\/li>\r\n \t<li><strong>HIFI FILTER IBERIA S.L.<\/strong> \u2013 Entidad de distribuci\u00f3n (Alcal\u00e1 de Henares, Espa\u00f1a): <a href=\"https:\/\/hifi-filter.com\/wp-content\/uploads\/2025\/06\/ES_ISO14001-with-password.pdf\"><span style=\"text-decoration: underline;\">Descargar el certificado<\/span><\/a><\/li>\r\n \t<li><strong>HIFI FILTER IBERIA S.L.<\/strong> \u2013 Entidad de distribuci\u00f3n (Calafell, Espa\u00f1a): <a href=\"https:\/\/hifi-filter.com\/wp-content\/uploads\/2025\/06\/ES_ISO14001-with-password.pdf\"><span style=\"text-decoration: underline;\">Descargar el certificado<\/span><\/a><\/li>\r\n \t<li><b>HIFI FILTER IBERIA S.L.<\/b> \u2013 Pol\u00edtica de calidad y medio ambiente: <a href=\"https:\/\/hifi-filter.com\/wp-content\/uploads\/2026\/02\/ES_Politica-de-calidad-y-medio-ambiente-with-password.pdf\">Descargar<\/a><\/li>\r\n<\/ul>            <\/div>\r\n<\/div>\r\n\r\n","protected":false},"excerpt":{"rendered":"","protected":false},"author":7,"featured_media":46488,"parent":0,"menu_order":28,"comment_status":"closed","ping_status":"closed","template":"","meta":{"_acf_changed":false,"footnotes":""},"acf":[],"yoast_head":"<!-- This site is optimized with the Yoast SEO plugin v22.2 - https:\/\/yoast.com\/wordpress\/plugins\/seo\/ -->\n<title>Nuestros compromisos | HIFI FILTER<\/title>\n<meta name=\"description\" content=\"Votre partenaire en filtration HIFI FILTER, la marque leader des filtres compatibles\" \/>\n<meta name=\"robots\" content=\"index, follow, max-snippet:-1, max-image-preview:large, max-video-preview:-1\" \/>\n<link rel=\"canonical\" href=\"https:\/\/hifi-filter.com\/es\/nuestros-compromisos\/\" \/>\n<meta name=\"twitter:label1\" content=\"Tiempo de lectura\" \/>\n\t<meta name=\"twitter:data1\" content=\"1 minuto\" \/>\n<script type=\"application\/ld+json\" class=\"yoast-schema-graph\">{\"@context\":\"https:\/\/schema.org\",\"@graph\":[{\"@type\":\"WebPage\",\"@id\":\"https:\/\/hifi-filter.com\/es\/nuestros-compromisos\/\",\"url\":\"https:\/\/hifi-filter.com\/es\/nuestros-compromisos\/\",\"name\":\"Nuestros compromisos | HIFI FILTER\",\"isPartOf\":{\"@id\":\"https:\/\/hifi-filter.com\/es\/#website\"},\"primaryImageOfPage\":{\"@id\":\"https:\/\/hifi-filter.com\/es\/nuestros-compromisos\/#primaryimage\"},\"image\":{\"@id\":\"https:\/\/hifi-filter.com\/es\/nuestros-compromisos\/#primaryimage\"},\"thumbnailUrl\":\"https:\/\/hifi-filter.com\/wp-content\/uploads\/2025\/06\/Banner-Our-commitment.jpg\",\"datePublished\":\"2025-06-23T13:04:09+00:00\",\"dateModified\":\"2026-02-25T08:33:18+00:00\",\"breadcrumb\":{\"@id\":\"https:\/\/hifi-filter.com\/es\/nuestros-compromisos\/#breadcrumb\"},\"inLanguage\":\"es\",\"potentialAction\":[{\"@type\":\"ReadAction\",\"target\":[\"https:\/\/hifi-filter.com\/es\/nuestros-compromisos\/\"]}]},{\"@type\":\"ImageObject\",\"inLanguage\":\"es\",\"@id\":\"https:\/\/hifi-filter.com\/es\/nuestros-compromisos\/#primaryimage\",\"url\":\"https:\/\/hifi-filter.com\/wp-content\/uploads\/2025\/06\/Banner-Our-commitment.jpg\",\"contentUrl\":\"https:\/\/hifi-filter.com\/wp-content\/uploads\/2025\/06\/Banner-Our-commitment.jpg\",\"width\":1440,\"height\":520},{\"@type\":\"BreadcrumbList\",\"@id\":\"https:\/\/hifi-filter.com\/es\/nuestros-compromisos\/#breadcrumb\",\"itemListElement\":[{\"@type\":\"ListItem\",\"position\":1,\"name\":\"Home\",\"item\":\"https:\/\/hifi-filter.com\/es\/\"},{\"@type\":\"ListItem\",\"position\":2,\"name\":\"Nuestros compromisos\"}]},{\"@type\":\"WebSite\",\"@id\":\"https:\/\/hifi-filter.com\/es\/#website\",\"url\":\"https:\/\/hifi-filter.com\/es\/\",\"name\":\"HIFI FILTER\",\"description\":\"Your partner in filtration &amp; separation\",\"publisher\":{\"@id\":\"https:\/\/hifi-filter.com\/es\/#organization\"},\"potentialAction\":[{\"@type\":\"SearchAction\",\"target\":{\"@type\":\"EntryPoint\",\"urlTemplate\":\"https:\/\/hifi-filter.com\/es\/?s={search_term_string}\"},\"query-input\":\"required name=search_term_string\"}],\"inLanguage\":\"es\"},{\"@type\":\"Organization\",\"@id\":\"https:\/\/hifi-filter.com\/es\/#organization\",\"name\":\"HIFI FILTER\",\"url\":\"https:\/\/hifi-filter.com\/es\/\",\"logo\":{\"@type\":\"ImageObject\",\"inLanguage\":\"es\",\"@id\":\"https:\/\/hifi-filter.com\/es\/#\/schema\/logo\/image\/\",\"url\":\"https:\/\/hifi-filter.com\/wp-content\/uploads\/2021\/11\/cropped-Favicon-HIFI-FILTER-1.png\",\"contentUrl\":\"https:\/\/hifi-filter.com\/wp-content\/uploads\/2021\/11\/cropped-Favicon-HIFI-FILTER-1.png\",\"width\":190,\"height\":190,\"caption\":\"HIFI FILTER\"},\"image\":{\"@id\":\"https:\/\/hifi-filter.com\/es\/#\/schema\/logo\/image\/\"},\"sameAs\":[\"https:\/\/www.facebook.com\/hififilter.group\",\"https:\/\/www.linkedin.com\/company\/hififilter\/\"]}]}<\/script>\n<!-- \/ Yoast SEO plugin. -->","yoast_head_json":{"title":"Nuestros compromisos | HIFI FILTER","description":"Votre partenaire en filtration HIFI FILTER, la marque leader des filtres compatibles","robots":{"index":"index","follow":"follow","max-snippet":"max-snippet:-1","max-image-preview":"max-image-preview:large","max-video-preview":"max-video-preview:-1"},"canonical":"https:\/\/hifi-filter.com\/es\/nuestros-compromisos\/","twitter_misc":{"Tiempo de lectura":"1 minuto"},"schema":{"@context":"https:\/\/schema.org","@graph":[{"@type":"WebPage","@id":"https:\/\/hifi-filter.com\/es\/nuestros-compromisos\/","url":"https:\/\/hifi-filter.com\/es\/nuestros-compromisos\/","name":"Nuestros compromisos | HIFI FILTER","isPartOf":{"@id":"https:\/\/hifi-filter.com\/es\/#website"},"primaryImageOfPage":{"@id":"https:\/\/hifi-filter.com\/es\/nuestros-compromisos\/#primaryimage"},"image":{"@id":"https:\/\/hifi-filter.com\/es\/nuestros-compromisos\/#primaryimage"},"thumbnailUrl":"https:\/\/hifi-filter.com\/wp-content\/uploads\/2025\/06\/Banner-Our-commitment.jpg","datePublished":"2025-06-23T13:04:09+00:00","dateModified":"2026-02-25T08:33:18+00:00","breadcrumb":{"@id":"https:\/\/hifi-filter.com\/es\/nuestros-compromisos\/#breadcrumb"},"inLanguage":"es","potentialAction":[{"@type":"ReadAction","target":["https:\/\/hifi-filter.com\/es\/nuestros-compromisos\/"]}]},{"@type":"ImageObject","inLanguage":"es","@id":"https:\/\/hifi-filter.com\/es\/nuestros-compromisos\/#primaryimage","url":"https:\/\/hifi-filter.com\/wp-content\/uploads\/2025\/06\/Banner-Our-commitment.jpg","contentUrl":"https:\/\/hifi-filter.com\/wp-content\/uploads\/2025\/06\/Banner-Our-commitment.jpg","width":1440,"height":520},{"@type":"BreadcrumbList","@id":"https:\/\/hifi-filter.com\/es\/nuestros-compromisos\/#breadcrumb","itemListElement":[{"@type":"ListItem","position":1,"name":"Home","item":"https:\/\/hifi-filter.com\/es\/"},{"@type":"ListItem","position":2,"name":"Nuestros compromisos"}]},{"@type":"WebSite","@id":"https:\/\/hifi-filter.com\/es\/#website","url":"https:\/\/hifi-filter.com\/es\/","name":"HIFI FILTER","description":"Your partner in filtration &amp; separation","publisher":{"@id":"https:\/\/hifi-filter.com\/es\/#organization"},"potentialAction":[{"@type":"SearchAction","target":{"@type":"EntryPoint","urlTemplate":"https:\/\/hifi-filter.com\/es\/?s={search_term_string}"},"query-input":"required name=search_term_string"}],"inLanguage":"es"},{"@type":"Organization","@id":"https:\/\/hifi-filter.com\/es\/#organization","name":"HIFI FILTER","url":"https:\/\/hifi-filter.com\/es\/","logo":{"@type":"ImageObject","inLanguage":"es","@id":"https:\/\/hifi-filter.com\/es\/#\/schema\/logo\/image\/","url":"https:\/\/hifi-filter.com\/wp-content\/uploads\/2021\/11\/cropped-Favicon-HIFI-FILTER-1.png","contentUrl":"https:\/\/hifi-filter.com\/wp-content\/uploads\/2021\/11\/cropped-Favicon-HIFI-FILTER-1.png","width":190,"height":190,"caption":"HIFI FILTER"},"image":{"@id":"https:\/\/hifi-filter.com\/es\/#\/schema\/logo\/image\/"},"sameAs":["https:\/\/www.facebook.com\/hififilter.group","https:\/\/www.linkedin.com\/company\/hififilter\/"]}]}},"_links":{"self":[{"href":"https:\/\/hifi-filter.com\/es\/wp-json\/wp\/v2\/pages\/46720"}],"collection":[{"href":"https:\/\/hifi-filter.com\/es\/wp-json\/wp\/v2\/pages"}],"about":[{"href":"https:\/\/hifi-filter.com\/es\/wp-json\/wp\/v2\/types\/page"}],"author":[{"embeddable":true,"href":"https:\/\/hifi-filter.com\/es\/wp-json\/wp\/v2\/users\/7"}],"replies":[{"embeddable":true,"href":"https:\/\/hifi-filter.com\/es\/wp-json\/wp\/v2\/comments?post=46720"}],"version-history":[{"count":7,"href":"https:\/\/hifi-filter.com\/es\/wp-json\/wp\/v2\/pages\/46720\/revisions"}],"predecessor-version":[{"id":51638,"href":"https:\/\/hifi-filter.com\/es\/wp-json\/wp\/v2\/pages\/46720\/revisions\/51638"}],"wp:featuredmedia":[{"embeddable":true,"href":"https:\/\/hifi-filter.com\/es\/wp-json\/wp\/v2\/media\/46488"}],"wp:attachment":[{"href":"https:\/\/hifi-filter.com\/es\/wp-json\/wp\/v2\/media?parent=46720"}],"curies":[{"name":"wp","href":"https:\/\/api.w.org\/{rel}","templated":true}]}}