{"id":12998,"date":"2021-11-04T10:48:40","date_gmt":"2021-11-04T09:48:40","guid":{"rendered":"https:\/\/hifi-filter.sitendev.com\/?page_id=12998"},"modified":"2022-01-04T12:34:42","modified_gmt":"2022-01-04T11:34:42","slug":"hifi-filter-sa","status":"publish","type":"page","link":"https:\/\/hifi-filter.com\/fr\/conditions-generales-de-ventes\/hifi-filter-sa\/","title":{"rendered":"CGV &#8211; HIFI FILTER S.A."},"content":{"rendered":"<div class=\"Text1Column\" data-component-id=\"Text1Column\">\r\n            <div class=\"Text1Column-text AppText\"><strong>1 &#8211; OPPOSABILIT\u00c9 DES CONDITIONS G\u00c9N\u00c9RALES DE VENTE<\/strong>\r\n\r\nNos conditions g\u00e9n\u00e9rales de vente r\u00e9giront seules nos ventes, \u00e0 l\u2019exclusion des conditions g\u00e9n\u00e9rales d\u2019achat du client et de tout autre document \u00e9manant de lui, les dispositions y figurant se trouvant annul\u00e9es de plein droit et sans formalit\u00e9. La prise de possession de la marchandise implique l\u2019acceptation de ces conditions, de m\u00eame toute nouvelle commande se situera dans ce\r\ncadre juridique.\r\n\r\n<strong>2 &#8211; COMMANDES<\/strong>\r\n\r\nToute commande doit indiquer le nom du client, la date, le produit, les quantit\u00e9s et les prix.\r\nLa commande de l\u2019acheteur est r\u00e9put\u00e9e d\u00e9finitive apr\u00e8s son acceptation par le vendeur et ce, par t\u00e9l\u00e9phone, par t\u00e9l\u00e9copie, ou sous toute autre forme.\r\nLes commandes faites par le client le sont sous sa responsabilit\u00e9, lui seul connaissant la destination finale du produit et les conditions d\u2019utilisation que nous sommes dans tous les cas r\u00e9put\u00e9s ignorer de fa\u00e7on irr\u00e9fragable. Pour les commandes \u00e0 partir des documentations fournies sur CD-ROM ou papier, les renseignements, images, photographies ou notices sont donn\u00e9s \u00e0 titre indicatif et susceptibles de modifications constructeurs entre deux \u00e9ditions ou d\u2019erreurs d\u2019impression. Ces renseignements ne doivent pas se substituer au contr\u00f4le des r\u00e9f\u00e9rences constructeur. En cas de doute, il est imp\u00e9ratif de nous contacter.\r\n\r\n<strong>3 &#8211; CHANGEMENT DE SITUATION DE L\u2019ACHETEUR<\/strong>\r\n\r\nEn cas de changement dans la situation de l\u2019acheteur et notamment en cas de d\u00e9c\u00e8s, de r\u00e8glement judiciaire, de liquidation de biens, de dissolution ou de modification de soci\u00e9t\u00e9, nous nous r\u00e9servons le droit, m\u00eame apr\u00e8s ex\u00e9cution partielle d\u2019une commande, d\u2019exiger des garanties ou d\u2019annuler le solde des commandes non encore livr\u00e9es.\r\n\r\n<strong>4 &#8211; LIVRAISONS<\/strong>\r\n\r\nLes livraisons du vendeur sont faites avec les tol\u00e9rances des fabricants sur toutes les caract\u00e9ristiques aff\u00e9rentes au produit et notamment sur les dimensions, \u00e9paisseurs.\r\nL\u2019acheteur ayant connaissance de ce principe se doit de v\u00e9rifier avant toute installation l\u2019adaptation du produit livr\u00e9 \u00e0 son besoin.\r\nNos marchandises, m\u00eame exp\u00e9di\u00e9es franco, voyagent aux risques et p\u00e9rils du destinataire qui devra, en cas de litige, prendre toutes les r\u00e9serves aupr\u00e8s des transporteurs \u00e0 r\u00e9ception des\r\nmarchandises. Ces r\u00e9serves devront \u00eatre confirm\u00e9es par lettre recommand\u00e9e avec accus\u00e9 de r\u00e9ception dans les trois jours qui suivent la r\u00e9ception (article 105 du code du commerce). Chacune de nos livraisons est r\u00e9put\u00e9e faite en ex\u00e9cution du contrat distinct. En aucun cas, une pluralit\u00e9 de livraisons successives ne constitue un contrat continu. Les dimensions et poids indiqu\u00e9s sur nos tarifs, catalogues, factures et bordereaux n\u2019ont qu\u2019une valeur indicative et ne peuvent \u00eatre invoqu\u00e9s \u00e0 la livraison de la marchandise.\r\n\r\n<strong>5 &#8211; R\u00c9CLAMATIONS<\/strong>\r\n\r\nLes d\u00e9lais de livraison sont respect\u00e9s dans toute la mesure du possible, mais ne sont donn\u00e9s qu\u2019\u00e0 titre indicatif et sans garantie du vendeur. Les retards ne peuvent, en aucun cas, justifier\r\nl\u2019annulation de la commande, ni le paiement d\u2019une indemnit\u00e9 quelconque par le vendeur.\r\nLes r\u00e9clamations qui ne seront pas faites par lettre recommand\u00e9e dans les huit jours qui suivent la date de r\u00e9ception de la marchandise ne seront pas accept\u00e9es.\r\nTous les \u00e9v\u00e9nements affectant le vendeur, ses fournisseurs ou ses prestataires, pr\u00e9sentant ou non les caract\u00e8res juridiques de la force majeure ou du cas fortuit tels que notamment : arr\u00eat de\r\ntravail quelconque, lock-out, guerre, inondation, incendie, accident mat\u00e9riel, p\u00e9nurie totale ou partielle de produits ou de services, survenant dans les locaux du vendeur ou de ses fournisseurs\r\net emp\u00eachant l\u2019ex\u00e9cution en tout ou partie de la commande par le vendeur, suspendent de plein droit et sans formalit\u00e9 les obligations du vendeur, sa responsabilit\u00e9 \u00e9tant d\u00e9gag\u00e9e de plein droit.\r\n\r\n<strong>6 &#8211; PAIEMENTS ET CLAUSE DE R\u00c9SERVE DE PROPRI\u00c9T\u00c9<\/strong>\r\n\r\nNos prix s\u2019entendent pour le paiement comptant net \u00e0 r\u00e9ception de la facture, sauf stipulation contraire \u00e9crite. Nos factures sont payables au si\u00e8ge social de notre soci\u00e9t\u00e9. Notre soci\u00e9t\u00e9 conserve la propri\u00e9t\u00e9 des marchandises vendues jusqu\u2019au paiement effectif de l\u2019int\u00e9gralit\u00e9 du prix. Le d\u00e9faut de paiement peut entra\u00eener la restitution des marchandises aux risques et p\u00e9rils de l\u2019acheteur.\r\nCes dispositions ne font pas obstacle au transfert \u00e0 l\u2019acheteur des risques de perte et de d\u00e9t\u00e9rioration des marchandises vendues d\u00e8s leur livraison. L\u2019acheteur supportera tous les frais l\u00e9gaux et judiciaires cons\u00e9cutifs \u00e0 une action contentieuse. Toute facture ou relev\u00e9 non r\u00e9gl\u00e9 \u00e0 l\u2019\u00e9ch\u00e9ance aura son montant major\u00e9 d\u2019int\u00e9r\u00eats de retard au taux de trois fois le taux de l\u2019int\u00e9r\u00eat l\u00e9gal, major\u00e9 de deux points. En outre sera \u00e9galement per\u00e7u un montant forfaitaire de 40 \u20ac pour frais de recouvrements (art. D 441-5 du Code du Commerce). Le d\u00e9faut de paiement d\u2019une livraison nous autorise \u00e0 suspendre les exp\u00e9ditions et rend exigible la valeur des produits sp\u00e9ciaux, command\u00e9s, disponibles ou en cours de fabrication. Le d\u00e9faut de paiement \u00e0 \u00e9ch\u00e9ance rend imm\u00e9diatement exigibles toutes autres cr\u00e9ances en cours et la reprise des marchandises non pay\u00e9es.\r\nEn cas de recouvrement par voie contentieuse, les sommes dues au vendeur seront major\u00e9es de plein droit de 15 % au titre de p\u00e9nalit\u00e9, hors tout droit et taxe.\r\n\r\n<strong>7 &#8211; PRIX ET MODIFICATIONS<\/strong>\r\n\r\nNos prix sont ceux en vigueur au moment de la r\u00e9ception de la commande pour une livraison imm\u00e9diate. Nos prix s\u2019entendent d\u00e9part de nos \u00e9tablissements, sauf accord contraire par\r\n\u00e9crit de notre part. Notre soci\u00e9t\u00e9 se r\u00e9serve le droit de changer ses prix et tarifs sans pr\u00e9avis.\r\n\r\n<strong>8 &#8211; GARANTIES<\/strong>\r\n\r\nNous garantissons la qualit\u00e9 de notre mat\u00e9riel contre tout vice cach\u00e9 de fabrication pour la dur\u00e9e d\u2019utilisation recommand\u00e9e par le constructeur du mat\u00e9riel et, dans toute circonstance, au\r\nmaximum de 12 mois \u00e0 dater de sa livraison, en cas de respect des conditions ci-apr\u00e8s.\r\nLa garantie dispara\u00eet imm\u00e9diatement et compl\u00e8tement si l\u2019utilisation n\u2019est pas conforme aux sp\u00e9cifications techniques, ou si le client modifie, r\u00e9pare ou fait r\u00e9parer sans notre consentement le mat\u00e9riel fourni ou r\u00e9par\u00e9. Avant la pose, une v\u00e9rification visuelle est obligatoire pour v\u00e9rifier la similitude avec le filtre chang\u00e9. Tout vice apparent est couvert de plein droit par la r\u00e9ception sans r\u00e9serve de la marchandise du vendeur. Apr\u00e8s la pose d\u2019un nouveau filtre, l\u2019\u00e9tanch\u00e9it\u00e9 et le bon fonctionnement du moteur doivent \u00eatre contr\u00f4l\u00e9s.\r\nLe vendeur ne sera pas responsable de la destination et\/ou des conditions d\u2019utilisations sp\u00e9cifiques de la marchandise d\u00e8s lors que de telles suj\u00e9tions ne lui auront pas \u00e9t\u00e9 soulign\u00e9es par \u00e9crit dans la commande.\r\nNos garanties, quelles que soient leurs natures sont strictement limit\u00e9es, avant montage au seul remplacement des filtres reconnus d\u00e9fectueux, et apr\u00e8s montage, \u00e0 la r\u00e9paration des dommages mat\u00e9riels ou corporels directement survenus du fait d\u2019un vice cach\u00e9 du produit livr\u00e9, \u00e0 l\u2019exclusion de toute r\u00e9clamation de nature immat\u00e9rielle, indirecte ou subs\u00e9quente.\r\nL\u2019acqu\u00e9reur a la charge de prouver le vice cach\u00e9. L\u2019avis de sinistre doit parvenir \u00e0 notre Soci\u00e9t\u00e9 imm\u00e9diatement apr\u00e8s la survenance du sinistre. Le filtre incrimin\u00e9 devant \u00eatre exp\u00e9di\u00e9 \u00e0 nos locaux dans les 15 jours accompagn\u00e9 d\u2019un \u00e9chantillonnage d\u2019huile.\r\n\r\n<strong>9 &#8211; D\u00c9FINITION DU GROUPE HIFI ET DES SOCI\u00c9T\u00c9S<\/strong>\r\n\r\nHIFI est une marque d\u00e9pos\u00e9e, on entend par groupe HIFI les soci\u00e9t\u00e9s qui d\u00e9tiennent et\/ou commercialisent directement la marque HIFI \u00e0 l\u2019exclusion des revendeurs. Ces conditions g\u00e9n\u00e9rales sont applicables dans notre soci\u00e9t\u00e9 comme dans toutes les soci\u00e9t\u00e9s de notre groupe et figurent dans nos documentations et factures. Par fabricant, on entend les soci\u00e9t\u00e9s industrielles qui fabriquent les filtres pour le compte de notre groupe avant apposition de notre marque.\r\n\r\n<strong>10 &#8211; OBLIGATION D\u2019ACTION DIRECTE PR\u00c9ALABLE CONTRE LE FABRICANT<\/strong>\r\n\r\nToute action judiciaire ou r\u00e9clamation amiable bas\u00e9e sur le vice cach\u00e9 du produit livr\u00e9 et concernant directement la qualit\u00e9 de fabrication du produit vendu devra \u00eatre orient\u00e9e obligatoirement contre le fabricant dudit produit et son assureur. Ce n\u2019est qu\u2019en cas de d\u00e9faillance de celui-ci qu\u2019une action pourra \u00eatre intent\u00e9e contre une soci\u00e9t\u00e9 du groupe HIFI et son assureur, selon les conditions de responsabilit\u00e9s d\u00e9crites \u00e0 l\u2019article 8. En cas de non-respect de cet article 10, les frais engag\u00e9s pour notre d\u00e9fense (notamment Avocats, experts, huissiers) ainsi qu\u2019une \u00e9ventuelle condamnation sur les bases de l\u2019article 700 du NCPC devront nous \u00eatre rembours\u00e9s int\u00e9gralement.\r\n\r\n<strong>11 &#8211; ATTRIBUTION DE COMP\u00c9TENCE JURIDICTIONNELLE &#8211; DIVISIBILITE DES CONDITIONS GENERALES<\/strong>\r\n\r\nLe droit fran\u00e7ais r\u00e9git seul les ventes de notre soci\u00e9t\u00e9, \u00e0 l\u2019exclusion expr\u00e8s de la convention de Vienne sur les ventes internationales de marchandises ainsi qu\u2019\u00e0 l\u2019exclusion de toutes r\u00e8gles de\r\nconflit de loi ou autre pouvant entra\u00eener l\u2019application de dispositions quelconques autres que la loi fran\u00e7aise. Nos conditions g\u00e9n\u00e9rales sont traduites avec le plus de fiabilit\u00e9 possible, n\u00e9anmoins seule la version fran\u00e7aise constitue la r\u00e9f\u00e9rence contractuellement applicable, notamment en cas de divergence d\u2019interpr\u00e9tation.\r\nToutes contestations relatives \u00e0 nos marchandises ou \u00e0 leur r\u00e8glement sont de la comp\u00e9tence exclusive du Tribunal du ressort du si\u00e8ge social de notre soci\u00e9t\u00e9, de m\u00eame en cas de pluralit\u00e9 de\r\nd\u00e9fendeurs ou d\u2019appel en garantie. Toute prise de commande implique l\u2019adh\u00e9sion sans r\u00e9serve aux pr\u00e9sentes conditions g\u00e9n\u00e9rales. Celles-ci ne sauraient \u00eatre modifi\u00e9es par des stipulations\r\ncontraires figurant sur les bons de commandes du client ou dans ses conditions g\u00e9n\u00e9rales.\r\nSi pour une quelconque raison, l\u2019une des pr\u00e9sentes conditions g\u00e9n\u00e9rales devait \u00eatre d\u00e9clar\u00e9e inapplicable, cette inapplicabilit\u00e9 n\u2019affecterait pas l\u2019application des autres dispositions des conditions g\u00e9n\u00e9rales, celle jug\u00e9e inapplicable \u00e9tant alors remplac\u00e9e par la disposition la plus proche possible.\r\n\r\n<strong>12 &#8211; PERSONNALISATION DU V\u00c9HICULE &#8211; UTILISATION SUR VOIES OUVERTES \u00c0 LA CIRCULATION<\/strong>\r\n\r\nNotre gamme de produits H-AIR FILTER poss\u00e8de des caract\u00e9ristiques techniques de filtration mesur\u00e9es sur banc d\u2019essai de filtration et non en fonction d\u2019un usage ou d\u2019une motorisation\r\npr\u00e9d\u00e9termin\u00e9. Les adaptations m\u00e9caniques de nos produits doivent donc imp\u00e9rativement \u00eatre faites et valid\u00e9es sous la responsabilit\u00e9 d\u2019un professionnel de la motorisation et peuvent n\u00e9cessiter une homologation s\u2019il s\u2019agit d\u2019un v\u00e9hicule terrestre \u00e0 moteur destin\u00e9 \u00e0 un usage routier sur voies ouvertes \u00e0 la circulation.\r\nLes conditions d\u2018entretien pr\u00e9conis\u00e9es dans les notices ou manuels qui accompagnent nos produits doivent imp\u00e9rativement \u00eatre respect\u00e9es pour \u00e9viter une d\u00e9gradation du produit et des\r\nperformances d\u00e9crites dans les caract\u00e9ristiques techniques.\r\nNotre soci\u00e9t\u00e9 ne pourra en aucun cas \u00eatre tenue pour responsable du non-respect des conditions ci-dessus ainsi que des dommages r\u00e9sultant d\u2019une utilisation incorrecte, d\u2019une modification non homologu\u00e9e ou d\u2019un usage course, comp\u00e9tition, off-road, nautique, a\u00e9rien ou industriel.        \r\n        <div class=\"Button\" data-component-id=\"Button\">\r\n            <a class=\"Button-component\" href=\"https:\/\/hifi-filter.com\/conditions-generales-de-ventes\/\" aria-label=\"\" target=\"_self\" data-trk-other-cta=\"Retour\">\r\n                <span class=\"Button-text\">Retour<\/span>\r\n            <\/a>\r\n        <\/div>    <\/div>\r\n<\/div>\r\n\r\n","protected":false},"excerpt":{"rendered":"","protected":false},"author":1,"featured_media":0,"parent":5152,"menu_order":220,"comment_status":"closed","ping_status":"closed","template":"","meta":{"_acf_changed":false,"footnotes":""},"acf":[],"yoast_head":"<!-- This site is optimized with the Yoast SEO plugin v22.2 - https:\/\/yoast.com\/wordpress\/plugins\/seo\/ -->\n<title>CGV - HIFI FILTER S.A. | HIFI FILTER<\/title>\n<meta name=\"description\" content=\"Votre partenaire en filtration HIFI FILTER, la marque leader des filtres compatibles\" \/>\n<meta name=\"robots\" content=\"noindex, follow\" \/>\n<script type=\"application\/ld+json\" class=\"yoast-schema-graph\">{\"@context\":\"https:\/\/schema.org\",\"@graph\":[{\"@type\":\"WebPage\",\"@id\":\"https:\/\/hifi-filter.com\/fr\/conditions-generales-de-ventes\/hifi-filter-sa\/\",\"url\":\"https:\/\/hifi-filter.com\/fr\/conditions-generales-de-ventes\/hifi-filter-sa\/\",\"name\":\"CGV - HIFI FILTER S.A. | HIFI FILTER\",\"isPartOf\":{\"@id\":\"https:\/\/hifi-filter.com\/fr\/#website\"},\"datePublished\":\"2021-11-04T09:48:40+00:00\",\"dateModified\":\"2022-01-04T11:34:42+00:00\",\"breadcrumb\":{\"@id\":\"https:\/\/hifi-filter.com\/fr\/conditions-generales-de-ventes\/hifi-filter-sa\/#breadcrumb\"},\"inLanguage\":\"fr-FR\",\"potentialAction\":[{\"@type\":\"ReadAction\",\"target\":[\"https:\/\/hifi-filter.com\/fr\/conditions-generales-de-ventes\/hifi-filter-sa\/\"]}]},{\"@type\":\"BreadcrumbList\",\"@id\":\"https:\/\/hifi-filter.com\/fr\/conditions-generales-de-ventes\/hifi-filter-sa\/#breadcrumb\",\"itemListElement\":[{\"@type\":\"ListItem\",\"position\":1,\"name\":\"Home\",\"item\":\"https:\/\/hifi-filter.com\/fr\/\"},{\"@type\":\"ListItem\",\"position\":2,\"name\":\"Conditions g\u00e9n\u00e9rales de ventes\",\"item\":\"https:\/\/hifi-filter.com\/fr\/conditions-generales-de-ventes\/\"},{\"@type\":\"ListItem\",\"position\":3,\"name\":\"CGV &#8211; HIFI FILTER S.A.\"}]},{\"@type\":\"WebSite\",\"@id\":\"https:\/\/hifi-filter.com\/fr\/#website\",\"url\":\"https:\/\/hifi-filter.com\/fr\/\",\"name\":\"HIFI FILTER\",\"description\":\"Your partner in filtration &amp; separation\",\"publisher\":{\"@id\":\"https:\/\/hifi-filter.com\/fr\/#organization\"},\"potentialAction\":[{\"@type\":\"SearchAction\",\"target\":{\"@type\":\"EntryPoint\",\"urlTemplate\":\"https:\/\/hifi-filter.com\/fr\/?s={search_term_string}\"},\"query-input\":\"required name=search_term_string\"}],\"inLanguage\":\"fr-FR\"},{\"@type\":\"Organization\",\"@id\":\"https:\/\/hifi-filter.com\/fr\/#organization\",\"name\":\"HIFI FILTER\",\"url\":\"https:\/\/hifi-filter.com\/fr\/\",\"logo\":{\"@type\":\"ImageObject\",\"inLanguage\":\"fr-FR\",\"@id\":\"https:\/\/hifi-filter.com\/fr\/#\/schema\/logo\/image\/\",\"url\":\"https:\/\/hifi-filter.com\/wp-content\/uploads\/2021\/11\/cropped-Favicon-HIFI-FILTER-1.png\",\"contentUrl\":\"https:\/\/hifi-filter.com\/wp-content\/uploads\/2021\/11\/cropped-Favicon-HIFI-FILTER-1.png\",\"width\":190,\"height\":190,\"caption\":\"HIFI FILTER\"},\"image\":{\"@id\":\"https:\/\/hifi-filter.com\/fr\/#\/schema\/logo\/image\/\"},\"sameAs\":[\"https:\/\/www.facebook.com\/hififilter.group\",\"https:\/\/www.linkedin.com\/company\/hififilter\/\"]}]}<\/script>\n<!-- \/ Yoast SEO plugin. -->","yoast_head_json":{"title":"CGV - HIFI FILTER S.A. | HIFI FILTER","description":"Votre partenaire en filtration HIFI FILTER, la marque leader des filtres compatibles","robots":{"index":"noindex","follow":"follow"},"schema":{"@context":"https:\/\/schema.org","@graph":[{"@type":"WebPage","@id":"https:\/\/hifi-filter.com\/fr\/conditions-generales-de-ventes\/hifi-filter-sa\/","url":"https:\/\/hifi-filter.com\/fr\/conditions-generales-de-ventes\/hifi-filter-sa\/","name":"CGV - HIFI FILTER S.A. | HIFI FILTER","isPartOf":{"@id":"https:\/\/hifi-filter.com\/fr\/#website"},"datePublished":"2021-11-04T09:48:40+00:00","dateModified":"2022-01-04T11:34:42+00:00","breadcrumb":{"@id":"https:\/\/hifi-filter.com\/fr\/conditions-generales-de-ventes\/hifi-filter-sa\/#breadcrumb"},"inLanguage":"fr-FR","potentialAction":[{"@type":"ReadAction","target":["https:\/\/hifi-filter.com\/fr\/conditions-generales-de-ventes\/hifi-filter-sa\/"]}]},{"@type":"BreadcrumbList","@id":"https:\/\/hifi-filter.com\/fr\/conditions-generales-de-ventes\/hifi-filter-sa\/#breadcrumb","itemListElement":[{"@type":"ListItem","position":1,"name":"Home","item":"https:\/\/hifi-filter.com\/fr\/"},{"@type":"ListItem","position":2,"name":"Conditions g\u00e9n\u00e9rales de ventes","item":"https:\/\/hifi-filter.com\/fr\/conditions-generales-de-ventes\/"},{"@type":"ListItem","position":3,"name":"CGV &#8211; HIFI FILTER S.A."}]},{"@type":"WebSite","@id":"https:\/\/hifi-filter.com\/fr\/#website","url":"https:\/\/hifi-filter.com\/fr\/","name":"HIFI FILTER","description":"Your partner in filtration &amp; separation","publisher":{"@id":"https:\/\/hifi-filter.com\/fr\/#organization"},"potentialAction":[{"@type":"SearchAction","target":{"@type":"EntryPoint","urlTemplate":"https:\/\/hifi-filter.com\/fr\/?s={search_term_string}"},"query-input":"required name=search_term_string"}],"inLanguage":"fr-FR"},{"@type":"Organization","@id":"https:\/\/hifi-filter.com\/fr\/#organization","name":"HIFI FILTER","url":"https:\/\/hifi-filter.com\/fr\/","logo":{"@type":"ImageObject","inLanguage":"fr-FR","@id":"https:\/\/hifi-filter.com\/fr\/#\/schema\/logo\/image\/","url":"https:\/\/hifi-filter.com\/wp-content\/uploads\/2021\/11\/cropped-Favicon-HIFI-FILTER-1.png","contentUrl":"https:\/\/hifi-filter.com\/wp-content\/uploads\/2021\/11\/cropped-Favicon-HIFI-FILTER-1.png","width":190,"height":190,"caption":"HIFI FILTER"},"image":{"@id":"https:\/\/hifi-filter.com\/fr\/#\/schema\/logo\/image\/"},"sameAs":["https:\/\/www.facebook.com\/hififilter.group","https:\/\/www.linkedin.com\/company\/hififilter\/"]}]}},"_links":{"self":[{"href":"https:\/\/hifi-filter.com\/fr\/wp-json\/wp\/v2\/pages\/12998"}],"collection":[{"href":"https:\/\/hifi-filter.com\/fr\/wp-json\/wp\/v2\/pages"}],"about":[{"href":"https:\/\/hifi-filter.com\/fr\/wp-json\/wp\/v2\/types\/page"}],"author":[{"embeddable":true,"href":"https:\/\/hifi-filter.com\/fr\/wp-json\/wp\/v2\/users\/1"}],"replies":[{"embeddable":true,"href":"https:\/\/hifi-filter.com\/fr\/wp-json\/wp\/v2\/comments?post=12998"}],"version-history":[{"count":22,"href":"https:\/\/hifi-filter.com\/fr\/wp-json\/wp\/v2\/pages\/12998\/revisions"}],"predecessor-version":[{"id":15351,"href":"https:\/\/hifi-filter.com\/fr\/wp-json\/wp\/v2\/pages\/12998\/revisions\/15351"}],"up":[{"embeddable":true,"href":"https:\/\/hifi-filter.com\/fr\/wp-json\/wp\/v2\/pages\/5152"}],"wp:attachment":[{"href":"https:\/\/hifi-filter.com\/fr\/wp-json\/wp\/v2\/media?parent=12998"}],"curies":[{"name":"wp","href":"https:\/\/api.w.org\/{rel}","templated":true}]}}