{"id":13108,"date":"2021-11-04T13:25:21","date_gmt":"2021-11-04T12:25:21","guid":{"rendered":"https:\/\/hifi-filter.sitendev.com\/?page_id=13108"},"modified":"2026-02-27T08:09:43","modified_gmt":"2026-02-27T07:09:43","slug":"mentions-legales","status":"publish","type":"page","link":"https:\/\/hifi-filter.com\/fr\/mentions-legales\/","title":{"rendered":"Mentions l\u00e9gales"},"content":{"rendered":"<div class=\"Text1Column\" data-component-id=\"Text1Column\">\r\n            <div class=\"Text1Column-text AppText\"><strong>\/\/\/ Si\u00e8ge social : <\/strong>\r\n\r\nHifi Group S.A.\r\nRue Comble-Emine 9 \u2013 CP46\r\n2053 Cernier \u2013 SUISSE\r\nTel\u00a0: +41 (0)32 854 20 10 \u2013 info@hifi-filter.ch\r\n\r\nCapital social de 100&rsquo;000 CHF\r\n\r\nNum\u00e9ro d&rsquo;identification fiscal : CHE-114.945.835\r\n\r\nNum\u00e9ro d\u2019inscription f\u00e9d\u00e9ral : CH-645.4.103.008-4\r\n\r\nDirecteur de la Publication\u00a0: Monsieur Pierre Hirschi\r\n\r\n&nbsp;\r\n\r\n<strong>\/\/\/ H\u00e9bergement : <\/strong>\r\n\r\nLe site hifi-filter.com est h\u00e9berg\u00e9 par\r\nInfomaniak\r\nRue Eug\u00e8ne-Marziano 25\r\n1227 Les Acacias, Suisse.\r\n\r\nLe site catalog.hifi-filter.com est h\u00e9berg\u00e9 par\r\nAmazon Web Services EMEA SARL\r\n5 rue Plaetis\r\n2338 Luxembourg &#8211; Luxembourg\r\n\r\n<strong>\u00a0<\/strong>\r\n\r\n<strong>\/\/\/ D\u00e9veloppement et maintenance :<\/strong>\r\nCe site a \u00e9t\u00e9 d\u00e9velopp\u00e9 et est maintenu par :\r\n<a href=\"http:\/\/www.digitz.fr\/\">DIGITZ<\/a>\r\n73 Cours Albert Thomas,\r\n69003 Lyon \u2013 France\r\nT\u00e9l. :\u00a0<a href=\"tel:0484350475\">04 82 53 32 01<\/a>\r\n\r\n<strong>\u00a0<\/strong>\r\n\r\n<strong>\/\/\/ R\u00e9f\u00e9rencement : <\/strong>\r\n\r\nCe site est r\u00e9f\u00e9renc\u00e9 par\u00a0:\r\nYumens\r\n8 av. Tony Garnier\r\n69007 Lyon &#8211; France\r\nTel.\u00a0: 04 57 70 00 24\r\n\r\n&nbsp;\r\n\r\n<strong>\/\/\/ Information conception : <\/strong>\r\n\r\nCe site a \u00e9t\u00e9 con\u00e7u et d\u00e9velopp\u00e9 par\u00a0:\r\n\r\n&nbsp;\r\n\r\n<a href=\"http:\/\/www.digitz.fr\/\">DIGITZ<\/a>\r\n73 Cours Albert Thomas,\r\n69003 Lyon \u2013 France\r\nT\u00e9l. :\u00a0<a href=\"tel:0484350475\">04 82 53 32 01<\/a>\r\n\r\nAKARU\r\n9 Quai Andr\u00e9 Lassagne\r\n69007 Lyon &#8211; France\r\nTel.\u00a0: 04 82 33 85 10\r\n\r\n&nbsp;\r\n\r\n<strong>\/\/\/ Index de l&rsquo;\u00e9galit\u00e9 professionnelle &#8211; HIFI FILTER France<\/strong>\r\n\r\nLa loi \u00ab\u00a0Pour la libert\u00e9 de choisir son avenir professionnel\u00a0\u00bb,\u00a0du 5 septembre 2018, a introduit l&rsquo;obligation\u00a0pour les entreprises de r\u00e9duire les \u00e9carts de r\u00e9mun\u00e9ration entre les femmes et les hommes en analysant 4 crit\u00e8res qui forment l\u2019index de l\u2019\u00e9galit\u00e9 professionnelle.\r\n\r\n<strong>Nous sommes ravis de partager notre index qui est de 87\/100 pour l\u2019ann\u00e9e civile 2025.<\/strong>\r\n<ul>\r\n \t<li>L\u2019\u00e9cart de r\u00e9mun\u00e9ration femmes-hommes = 37<\/li>\r\n \t<li>L\u2019\u00e9cart de r\u00e9partition des augmentations individuelles = 20<\/li>\r\n \t<li>L&rsquo;\u00e9cart de taux de promotions = 15<\/li>\r\n \t<li>Le nombre de salari\u00e9es augment\u00e9es \u00e0 leur retour de cong\u00e9 de maternit\u00e9 = 15<\/li>\r\n \t<li>La parit\u00e9 parmi les 10 plus hautes r\u00e9mun\u00e9rations = 0<\/li>\r\n<\/ul>\r\nNous sommes fiers de\u00a0<strong>notre r\u00e9sultat\u00a0<\/strong>qui\u00a0<strong>d\u00e9montre que la r\u00e9alit\u00e9 est conforme aux valeurs de notre entreprise.<\/strong>\r\n\r\n&nbsp;\r\n\r\n<strong>\/\/\/ Index de l&rsquo;\u00e9galit\u00e9 professionnelle &#8211; HIFI SOLUTIONS<\/strong>\r\n\r\nLa loi \u00ab\u00a0Pour la libert\u00e9 de choisir son avenir professionnel\u00a0\u00bb,\u00a0du 5 septembre 2018, a introduit l&rsquo;obligation\u00a0pour les entreprises de r\u00e9duire les \u00e9carts de r\u00e9mun\u00e9ration entre les femmes et les hommes en analysant 4 crit\u00e8res qui forment l\u2019index de l\u2019\u00e9galit\u00e9 professionnelle.\r\n\r\n<strong>L&rsquo;index \u00e9galit\u00e9 Femmes-Hommes pour HIFI SOLUTIONS est de 87\/100 pour l\u2019ann\u00e9e 2025<\/strong>\r\n<ul>\r\n \t<li>L\u2019\u00e9cart de r\u00e9mun\u00e9ration femmes-hommes = 39 \/ 40 points.<\/li>\r\n \t<li>L\u2019\u00e9cart de r\u00e9partition des augmentations individuelles = 35\u00a0\/ 35 points.<\/li>\r\n \t<li>Le nombre de salari\u00e9es augment\u00e9es \u00e0 leur retour de cong\u00e9 de maternit\u00e9 = non calculable.<\/li>\r\n \t<li>La parit\u00e9 parmi les 10 plus hautes r\u00e9mun\u00e9rations = 0 \/ 10 points<\/li>\r\n<\/ul>\r\n&nbsp;\r\n\r\n<strong>\/\/\/ Droits d\u2019auteurs \/ Copyright<\/strong>\r\n\r\nLes images comme les logos de la marque HIFI FILTER\u00ae et H-AIR FILTER\u00ae sont d\u00e9pos\u00e9s dans de nombreux pays par Hifi Group S.A. Leur mention n\u2019accorde en aucune mani\u00e8re une licence ou un droit d\u2019utilisation quelconque desdites marques, qui ne peuvent donc \u00eatre utilis\u00e9es sans le consentement pr\u00e9alable et \u00e9crit du propri\u00e9taire de la marque sous peine de contrefa\u00e7on.\r\n\r\nLes dessins 3D et les photos de gammes de filtres sont la propri\u00e9t\u00e9 du groupe HIFI FILTER. Toute repr\u00e9sentation totale ou partielle de ce site et de ces images, par quelque proc\u00e9d\u00e9 que ce soit, est strictement interdite sans autorisation pr\u00e9alable et \u00e9crite d\u2019HIFI FILTER\u00ae et constituerait une contrefa\u00e7on sanctionn\u00e9e par les articles L 355-2 et suivants du Code de la Propri\u00e9t\u00e9 Intellectuelle.\r\n\r\n<strong>\u00a0<\/strong>\r\n\r\n<strong>\/\/\/ Cr\u00e9dit photo\/vid\u00e9o<\/strong>\r\n\r\nMarc Jardot\r\nSmize production\r\nAdobe stock\r\n\r\n&nbsp;\r\n\r\n<strong>\/\/\/ Mention cookies<\/strong>\u00a0:\r\n\r\nNous utilisons diff\u00e9rents cookies sur le site pour am\u00e9liorer l\u2019interactivit\u00e9 du site et nos services.\r\n\r\nQu\u2019est-ce qu\u2019un \u00ab cookie \u00bb ?\r\nUn \u00ab cookie \u00bb est un fichier de taille limit\u00e9e, g\u00e9n\u00e9ralement constitu\u00e9 de lettres et de chiffres, envoy\u00e9 par le serveur internet au fichier cookie du navigateur situ\u00e9 sur le disque dur de votre ordinateur.\r\n\r\nObjectifs des cookies utilis\u00e9s sur le site\r\nLe site internet www.hifi-filter.com utilise des cookies dans l\u2019objectif principal de suivre les donn\u00e9es analytiques sur le site, l\u2019utilisation faite du site par les utilisateurs et pour am\u00e9liorer les services du site.\r\n\r\nPour en savoir plus rendez-vous sur la page\u00a0<span style=\"text-decoration: underline;\"><strong><a href=\"https:\/\/hifi-filter.com\/fr\/politique-de-confidentialite\/\">politique de confidentialit\u00e9<\/a><\/strong><\/span>\r\n\r\n&nbsp;\r\n\r\n<strong>\/\/\/ Mentions sur l\u2019utilisation des donn\u00e9es personnelles<\/strong>\u00a0:\r\n\r\nLe R\u00e8glement G\u00e9n\u00e9ral de Protection des donn\u00e9es (RGPD) entr\u00e9 en vigueur le 25 mai 2018, d\u00e9finit les principes \u00e0 respecter lors de la collecte, du traitement et de la conservation de donn\u00e9es personnelles. Il garantit aussi les droits pour les personnes concern\u00e9es.\r\n\r\nPour en savoir plus rendez-vous sur la page\u00a0<span style=\"text-decoration: underline;\"><strong><a href=\"https:\/\/hifi-filter.com\/fr\/politique-de-confidentialite\/\">politique de confidentialit\u00e9<\/a><\/strong><\/span>\r\n\r\n&nbsp;\r\n\r\n<strong>\/\/\/ Traduction des mentions l\u00e9gales<\/strong>\r\n\r\nNos mentions l\u00e9gales sont traduites avec le plus de fiabilit\u00e9 possible, n\u00e9anmoins seule la version fran\u00e7aise constitue la r\u00e9f\u00e9rence contractuellement applicable, notamment en cas de divergence d\u2019interpr\u00e9tation.            <\/div>\r\n<\/div>\r\n\r\n","protected":false},"excerpt":{"rendered":"","protected":false},"author":1,"featured_media":0,"parent":0,"menu_order":200,"comment_status":"closed","ping_status":"closed","template":"","meta":{"_acf_changed":false,"footnotes":""},"acf":[],"yoast_head":"<!-- This site is optimized with the Yoast SEO plugin v22.2 - https:\/\/yoast.com\/wordpress\/plugins\/seo\/ -->\n<title>Mentions l\u00e9gales | HIFI FILTER<\/title>\n<meta name=\"description\" content=\"Votre partenaire en filtration HIFI FILTER, la marque leader des filtres compatibles\" \/>\n<meta name=\"robots\" content=\"noindex, nofollow\" \/>\n<script type=\"application\/ld+json\" class=\"yoast-schema-graph\">{\"@context\":\"https:\/\/schema.org\",\"@graph\":[{\"@type\":\"WebPage\",\"@id\":\"https:\/\/hifi-filter.com\/fr\/mentions-legales\/\",\"url\":\"https:\/\/hifi-filter.com\/fr\/mentions-legales\/\",\"name\":\"Mentions l\u00e9gales | HIFI FILTER\",\"isPartOf\":{\"@id\":\"https:\/\/hifi-filter.com\/fr\/#website\"},\"datePublished\":\"2021-11-04T12:25:21+00:00\",\"dateModified\":\"2026-02-27T07:09:43+00:00\",\"breadcrumb\":{\"@id\":\"https:\/\/hifi-filter.com\/fr\/mentions-legales\/#breadcrumb\"},\"inLanguage\":\"fr-FR\",\"potentialAction\":[{\"@type\":\"ReadAction\",\"target\":[\"https:\/\/hifi-filter.com\/fr\/mentions-legales\/\"]}]},{\"@type\":\"BreadcrumbList\",\"@id\":\"https:\/\/hifi-filter.com\/fr\/mentions-legales\/#breadcrumb\",\"itemListElement\":[{\"@type\":\"ListItem\",\"position\":1,\"name\":\"Home\",\"item\":\"https:\/\/hifi-filter.com\/fr\/\"},{\"@type\":\"ListItem\",\"position\":2,\"name\":\"Mentions l\u00e9gales\"}]},{\"@type\":\"WebSite\",\"@id\":\"https:\/\/hifi-filter.com\/fr\/#website\",\"url\":\"https:\/\/hifi-filter.com\/fr\/\",\"name\":\"HIFI FILTER\",\"description\":\"Your partner in filtration &amp; separation\",\"publisher\":{\"@id\":\"https:\/\/hifi-filter.com\/fr\/#organization\"},\"potentialAction\":[{\"@type\":\"SearchAction\",\"target\":{\"@type\":\"EntryPoint\",\"urlTemplate\":\"https:\/\/hifi-filter.com\/fr\/?s={search_term_string}\"},\"query-input\":\"required name=search_term_string\"}],\"inLanguage\":\"fr-FR\"},{\"@type\":\"Organization\",\"@id\":\"https:\/\/hifi-filter.com\/fr\/#organization\",\"name\":\"HIFI FILTER\",\"url\":\"https:\/\/hifi-filter.com\/fr\/\",\"logo\":{\"@type\":\"ImageObject\",\"inLanguage\":\"fr-FR\",\"@id\":\"https:\/\/hifi-filter.com\/fr\/#\/schema\/logo\/image\/\",\"url\":\"https:\/\/hifi-filter.com\/wp-content\/uploads\/2021\/11\/cropped-Favicon-HIFI-FILTER-1.png\",\"contentUrl\":\"https:\/\/hifi-filter.com\/wp-content\/uploads\/2021\/11\/cropped-Favicon-HIFI-FILTER-1.png\",\"width\":190,\"height\":190,\"caption\":\"HIFI FILTER\"},\"image\":{\"@id\":\"https:\/\/hifi-filter.com\/fr\/#\/schema\/logo\/image\/\"},\"sameAs\":[\"https:\/\/www.facebook.com\/hififilter.group\",\"https:\/\/www.linkedin.com\/company\/hififilter\/\"]}]}<\/script>\n<!-- \/ Yoast SEO plugin. -->","yoast_head_json":{"title":"Mentions l\u00e9gales | HIFI FILTER","description":"Votre partenaire en filtration HIFI FILTER, la marque leader des filtres compatibles","robots":{"index":"noindex","follow":"nofollow"},"schema":{"@context":"https:\/\/schema.org","@graph":[{"@type":"WebPage","@id":"https:\/\/hifi-filter.com\/fr\/mentions-legales\/","url":"https:\/\/hifi-filter.com\/fr\/mentions-legales\/","name":"Mentions l\u00e9gales | HIFI FILTER","isPartOf":{"@id":"https:\/\/hifi-filter.com\/fr\/#website"},"datePublished":"2021-11-04T12:25:21+00:00","dateModified":"2026-02-27T07:09:43+00:00","breadcrumb":{"@id":"https:\/\/hifi-filter.com\/fr\/mentions-legales\/#breadcrumb"},"inLanguage":"fr-FR","potentialAction":[{"@type":"ReadAction","target":["https:\/\/hifi-filter.com\/fr\/mentions-legales\/"]}]},{"@type":"BreadcrumbList","@id":"https:\/\/hifi-filter.com\/fr\/mentions-legales\/#breadcrumb","itemListElement":[{"@type":"ListItem","position":1,"name":"Home","item":"https:\/\/hifi-filter.com\/fr\/"},{"@type":"ListItem","position":2,"name":"Mentions l\u00e9gales"}]},{"@type":"WebSite","@id":"https:\/\/hifi-filter.com\/fr\/#website","url":"https:\/\/hifi-filter.com\/fr\/","name":"HIFI FILTER","description":"Your partner in filtration &amp; separation","publisher":{"@id":"https:\/\/hifi-filter.com\/fr\/#organization"},"potentialAction":[{"@type":"SearchAction","target":{"@type":"EntryPoint","urlTemplate":"https:\/\/hifi-filter.com\/fr\/?s={search_term_string}"},"query-input":"required name=search_term_string"}],"inLanguage":"fr-FR"},{"@type":"Organization","@id":"https:\/\/hifi-filter.com\/fr\/#organization","name":"HIFI FILTER","url":"https:\/\/hifi-filter.com\/fr\/","logo":{"@type":"ImageObject","inLanguage":"fr-FR","@id":"https:\/\/hifi-filter.com\/fr\/#\/schema\/logo\/image\/","url":"https:\/\/hifi-filter.com\/wp-content\/uploads\/2021\/11\/cropped-Favicon-HIFI-FILTER-1.png","contentUrl":"https:\/\/hifi-filter.com\/wp-content\/uploads\/2021\/11\/cropped-Favicon-HIFI-FILTER-1.png","width":190,"height":190,"caption":"HIFI FILTER"},"image":{"@id":"https:\/\/hifi-filter.com\/fr\/#\/schema\/logo\/image\/"},"sameAs":["https:\/\/www.facebook.com\/hififilter.group","https:\/\/www.linkedin.com\/company\/hififilter\/"]}]}},"_links":{"self":[{"href":"https:\/\/hifi-filter.com\/fr\/wp-json\/wp\/v2\/pages\/13108"}],"collection":[{"href":"https:\/\/hifi-filter.com\/fr\/wp-json\/wp\/v2\/pages"}],"about":[{"href":"https:\/\/hifi-filter.com\/fr\/wp-json\/wp\/v2\/types\/page"}],"author":[{"embeddable":true,"href":"https:\/\/hifi-filter.com\/fr\/wp-json\/wp\/v2\/users\/1"}],"replies":[{"embeddable":true,"href":"https:\/\/hifi-filter.com\/fr\/wp-json\/wp\/v2\/comments?post=13108"}],"version-history":[{"count":63,"href":"https:\/\/hifi-filter.com\/fr\/wp-json\/wp\/v2\/pages\/13108\/revisions"}],"predecessor-version":[{"id":51674,"href":"https:\/\/hifi-filter.com\/fr\/wp-json\/wp\/v2\/pages\/13108\/revisions\/51674"}],"wp:attachment":[{"href":"https:\/\/hifi-filter.com\/fr\/wp-json\/wp\/v2\/media?parent=13108"}],"curies":[{"name":"wp","href":"https:\/\/api.w.org\/{rel}","templated":true}]}}