{"id":1735,"date":"2021-09-16T09:10:04","date_gmt":"2021-09-16T07:10:04","guid":{"rendered":"https:\/\/hifi-filter.sitendev.com\/?page_id=1735"},"modified":"2024-01-16T08:24:15","modified_gmt":"2024-01-16T07:24:15","slug":"one-stop-filter-shop","status":"publish","type":"page","link":"https:\/\/hifi-filter.com\/fr\/services\/one-stop-filter-shop\/","title":{"rendered":"One stop filter shop"},"content":{"rendered":"<div class=\"Introduction\" data-component-id=\"Introduction\">\n    <h3 class=\"AppTitle h1 theme-reverse\"><\/h3>\n    <h2 class=\"AppTitle h1 theme-highlight\">Simplifiez-vous la vie<\/h2>\n    <div class=\"AppText\">Avec HIFI FILTER\u00ae b\u00e9n\u00e9ficiez d&rsquo;un alli\u00e9 de confiance pour la gestion de l&rsquo;entretien de vos v\u00e9hicules, machines et \u00e9quipements. Et profitez des nombreux avantages de n&rsquo;avoir qu&rsquo;un seul interlocuteur pour toute votre filtration.<\/div>\n<\/div>\n\n<div class=\"Intro\" data-component-id=\"Intro\">\n    <div class=\"Intro-wrapper\">\n                <div class=\"Intro-image\">\n            <div class=\"Image\" data-component-id=\"image\">\n                <picture>\n                    <img class=\"lazyload\" data-src=\"https:\/\/hifi-filter.com\/wp-content\/uploads\/2021\/10\/One-Stop-Shop-Filters-Intro-1.jpg\" width=\"1440\"\n                        height=\"800\" alt=\"\" draggable=\"false\">\n                <\/picture>\n            <\/div>\n        <\/div>\n                    <\/div>\n<\/div>\n\n<div class=\"Text1Column\" data-component-id=\"Text1Column\">\r\n    <h2 class=\"Text1Column-title\">Toute la filtration au m\u00eame endroit c&rsquo;est plus pratique<\/h2>        <div class=\"Text1Column-text AppText\"><ul>\r\n \t<li>Filtration moteur, hydraulique, ou process de filtration industriels (liquides, traitement de l&rsquo;air, brouillard d&rsquo;huile, d\u00e9poussi\u00e9rage\u2026)<\/li>\r\n \t<li>Filtres anciens ou de derni\u00e8res g\u00e9n\u00e9rations<\/li>\r\n \t<li>Produits standards ou solutions sp\u00e9cifiques<\/li>\r\n<\/ul>\r\nNotre gamme riche de plus de 70 000 r\u00e9f\u00e9rences satisfera tous vos besoins pour vos mat\u00e9riels et process, sans n\u00e9cessiter le recours \u00e0 d&rsquo;autres fournisseurs. La garantie d&rsquo;une gestion simplifi\u00e9e, mais surtout un gain de temps consid\u00e9rable que vous pourrez consacrer pleinement \u00e0 votre activit\u00e9.        \r\n        <div class=\"Button\" data-component-id=\"Button\">\r\n            <a class=\"Button-component\" href=\"https:\/\/hifi-filter.com\/fr\/solutions\/\" aria-label=\"\" target=\"_self\" data-trk-other-cta=\"D\u00e9couvrez nos solutions\">\r\n                <span class=\"Button-text\">D\u00e9couvrez nos solutions<\/span>\r\n            <\/a>\r\n        <\/div>    <\/div>\r\n<\/div>\r\n\r\n\n\n<div class=\"ArticleEdito reverse --bg\" data-component-id=\"ArticleEdito\">\r\n    <div class=\"ArticleEdito-content\">\r\n        <h2 class=\"ArticleEdito-title\">Pour optimiser vos stocks, stoppez le multimarque !<\/h2>        <div class=\"ArticleEdito-text AppText AppScrollbar\">Votre stock de produits d\u00e9borde ? Vous avez une multitude de filtres de marques diff\u00e9rentes, et pourtant beaucoup sont identiques et d&rsquo;autres ne sont m\u00eame plus utilis\u00e9s ?\r\nChoisir HIFI FILTER\u00ae c&rsquo;est l&rsquo;assurance de rationnaliser vos stocks et de les maintenir actualis\u00e9s. C\u2019est aussi profiter d&rsquo;une seule marque et d&rsquo;une seule num\u00e9rotation favorisant l&rsquo;identification des produits et l&rsquo;harmonisation de vos rayonnages.<\/div>\r\n            <\/div>\r\n    <div class=\"Image ArticleEdito-image\" data-component-id=\"image\">\r\n        <picture>\r\n            <img class=\"lazyload\" data-src=\"https:\/\/hifi-filter.com\/wp-content\/uploads\/2021\/10\/Optimize-Stock-OEM.png\" width=\"1440\" height=\"800\"\r\n                alt=\"Image non trouv\u00e9e\" draggable=\"false\">\r\n        <\/picture>\r\n    <\/div>\r\n<\/div>\n\n<div class=\"ArticleEdito --bg\" data-component-id=\"ArticleEdito\">\r\n    <div class=\"ArticleEdito-content\">\r\n        <h2 class=\"ArticleEdito-title\">\u00c9conomisez<\/h2>        <div class=\"ArticleEdito-text AppText AppScrollbar\">En plus des co\u00fbts de stock fortement r\u00e9duits et du temps gagn\u00e9 dans votre gestion, travaillez avec une marque reconnue proposant des produits de qualit\u00e9 \u00e0 des prix comp\u00e9titifs.<\/div>\r\n            <\/div>\r\n    <div class=\"Image ArticleEdito-image\" data-component-id=\"image\">\r\n        <picture>\r\n            <img class=\"lazyload\" data-src=\"https:\/\/hifi-filter.com\/wp-content\/uploads\/2021\/10\/Economize.jpg\" width=\"1440\" height=\"800\"\r\n                alt=\"Image non trouv\u00e9e\" draggable=\"false\">\r\n        <\/picture>\r\n    <\/div>\r\n<\/div>\n\n<div class=\"Introduction\" data-component-id=\"Introduction\">\n    <h3 class=\"AppTitle h1 theme-reverse\">Quels types de produits puis-je trouver chez HIFI FILTER\u00ae ?<\/h3>\n    <h2 class=\"AppTitle h1 theme-highlight\"><\/h2>\n    <div class=\"AppText\">De la tondeuse \u00e0 gazon au bulldozer, en passant par les v\u00e9hicules routiers, les machines et les process industriels, toutes les solutions et accessoires pour traiter les liquides, les gaz et les brouillards d\u2019huile.<\/div>\n<\/div>\n\n<div class=\"ArticleEdito\" data-component-id=\"ArticleEdito\">\r\n    <div class=\"ArticleEdito-content\">\r\n        <h2 class=\"ArticleEdito-title\">Filtres &#038; s\u00e9parateurs<\/h2>        <div class=\"ArticleEdito-text AppText AppScrollbar\">Avec HIFI FILTER\u00ae vous disposez d&rsquo;une large gamme de filtres \u00e0 visser, complets, panneaux et cartouches. Compatibles avec vos \u00e9quipements et process, ils sont disponibles dans diff\u00e9rents types m\u00e9dias et seuil de filtration.<\/div>\r\n            <\/div>\r\n    <div class=\"Image ArticleEdito-image\" data-component-id=\"image\">\r\n        <picture>\r\n            <img class=\"lazyload\" data-src=\"https:\/\/hifi-filter.com\/wp-content\/uploads\/2021\/10\/Products-Range-Filters-Elements-LR.jpg\" width=\"1440\" height=\"800\"\r\n                alt=\"Image non trouv\u00e9e\" draggable=\"false\">\r\n        <\/picture>\r\n    <\/div>\r\n<\/div>\n\n<div class=\"ArticleEdito reverse\" data-component-id=\"ArticleEdito\">\r\n    <div class=\"ArticleEdito-content\">\r\n        <h2 class=\"ArticleEdito-title\">Accessoires<\/h2>        <div class=\"ArticleEdito-text AppText AppScrollbar\">En compl\u00e9ment des \u00e9l\u00e9ments filtrants, toute une s\u00e9rie d&rsquo;accessoires et de pi\u00e8ces d\u00e9tach\u00e9es sont disponibles : boitiers, t\u00eates de filtres, indicateurs de maintenance, cl\u00e9s, joints, raccords et bien d&rsquo;autres encore.<\/div>\r\n            <\/div>\r\n    <div class=\"Image ArticleEdito-image\" data-component-id=\"image\">\r\n        <picture>\r\n            <img class=\"lazyload\" data-src=\"https:\/\/hifi-filter.com\/wp-content\/uploads\/2021\/10\/Products-Range-Accessories-LR.jpg\" width=\"1440\" height=\"800\"\r\n                alt=\"Image non trouv\u00e9e\" draggable=\"false\">\r\n        <\/picture>\r\n    <\/div>\r\n<\/div>\n\n<div class=\"ArticleEdito\" data-component-id=\"ArticleEdito\">\r\n    <div class=\"ArticleEdito-content\">\r\n        <h2 class=\"ArticleEdito-title\">Gestion des fluides &#038; filtration industrielle<\/h2>        <div class=\"ArticleEdito-text AppText AppScrollbar\">Des syst\u00e8mes de filtration et s\u00e9paration sp\u00e9cifiques :\r\n<ul>\r\n \t<li>Groupes de filtration<\/li>\r\n \t<li>\u00c9purateurs de brouillard d&rsquo;huile<\/li>\r\n \t<li>Automates \u00e0 bande filtrantes, &#8230;<\/li>\r\n<\/ul><\/div>\r\n            <\/div>\r\n    <div class=\"Image ArticleEdito-image\" data-component-id=\"image\">\r\n        <picture>\r\n            <img class=\"lazyload\" data-src=\"https:\/\/hifi-filter.com\/wp-content\/uploads\/2021\/10\/Products-Range-Fluid-Management-Industrial-Filtration-LR.jpg\" width=\"1440\" height=\"800\"\r\n                alt=\"Image non trouv\u00e9e\" draggable=\"false\">\r\n        <\/picture>\r\n    <\/div>\r\n<\/div>\n\n<div class=\"ArticleEdito reverse\" data-component-id=\"ArticleEdito\">\r\n    <div class=\"ArticleEdito-content\">\r\n        <h2 class=\"ArticleEdito-title\">Kits de maintenance<\/h2>        <div class=\"ArticleEdito-text AppText AppScrollbar\">Retrouvez tout le n\u00e9cessaire pour l&rsquo;entretien de vos machines de chantier, compresseurs et poids-lourds avec nos kits de maintenance compos\u00e9s de filtres et autres pi\u00e8ces de rechange.<\/div>\r\n            <\/div>\r\n    <div class=\"Image ArticleEdito-image\" data-component-id=\"image\">\r\n        <picture>\r\n            <img class=\"lazyload\" data-src=\"https:\/\/hifi-filter.com\/wp-content\/uploads\/2021\/10\/Maintenance-Kit-Hifi-Filter.jpg\" width=\"1440\" height=\"800\"\r\n                alt=\"Image non trouv\u00e9e\" draggable=\"false\">\r\n        <\/picture>\r\n    <\/div>\r\n<\/div>\n\n<div class=\"ArticleEdito\" data-component-id=\"ArticleEdito\">\r\n    <div class=\"ArticleEdito-content\">\r\n        <h2 class=\"ArticleEdito-title\">D\u00e9coupe de m\u00e9dias<\/h2>        <div class=\"ArticleEdito-text AppText AppScrollbar\">Nous proposons \u00e9galement un service de d\u00e9coupe de diff\u00e9rents m\u00e9dias pour la filtration d&rsquo;air. Appuyez-vous sur nos \u00e9quipes pour d\u00e9finir les dimensions et param\u00e8tres techniques ad\u00e9quats.<\/div>\r\n            <\/div>\r\n    <div class=\"Image ArticleEdito-image\" data-component-id=\"image\">\r\n        <picture>\r\n            <img class=\"lazyload\" data-src=\"https:\/\/hifi-filter.com\/wp-content\/uploads\/2021\/10\/Products-Range-HVAC-Media-LR.jpg\" width=\"1440\" height=\"800\"\r\n                alt=\"Image non trouv\u00e9e\" draggable=\"false\">\r\n        <\/picture>\r\n    <\/div>\r\n<\/div>\n\n<div class=\"ArticleEdito reverse\" data-component-id=\"ArticleEdito\">\r\n    <div class=\"ArticleEdito-content\">\r\n        <h2 class=\"ArticleEdito-title\">Filtres, bo\u00eetes : personnalisez les !<\/h2>        <div class=\"ArticleEdito-text AppText AppScrollbar\">Vous souhaitez mettre en avant votre marque distributeur ?\r\nSuivant vos volumes de commandes, profitez d&rsquo;un marquage personnalis\u00e9 pour vos produits et packagings.<\/div>\r\n            <\/div>\r\n    <div class=\"Image ArticleEdito-image\" data-component-id=\"image\">\r\n        <picture>\r\n            <img class=\"lazyload\" data-src=\"https:\/\/hifi-filter.com\/wp-content\/uploads\/2021\/10\/Products-Range-Custom-Filters-LR.jpg\" width=\"1440\" height=\"800\"\r\n                alt=\"Image non trouv\u00e9e\" draggable=\"false\">\r\n        <\/picture>\r\n    <\/div>\r\n<\/div>\n\n\n\n<section class=\"KnowMore\" data-component-id=\"KnowMore\">\n    <div class=\"Image\" data-component-id=\"image\">\n        <picture>\n            <img class=\"lazyload\" data-src=\"https:\/\/hifi-filter.com\/wp-content\/uploads\/2021\/10\/CTA-Documentation-1.jpg\" width=\"1920\" height=\"642\" alt=\"\" draggable=\"false\">\n        <\/picture>\n    <\/div>\n    <div class=\"KnowMore-content\">\n        <p class=\"AppTitle h1\">En savoir plus<\/p>\n        <div class=\"KnowMore-subtitle\">Vous ne trouvez pas les informations d\u00e9sir\u00e9es ?<\/div>\n        <div class=\"KnowMore-buttons\">\n                        <div class=\"ButtonIcon\" data-component-id=\"ButtonIcon\">\n                <a class=\"ButtonIcon-component\" aria-label=\"Documentation\" href=\"https:\/\/hifi-filter.com\/fr\/documentation\/\" target=\"_self\" data-trk-other-cta=\"Documentation\">\n                    <div class=\"ButtonIcon-icon\"><svg id=\"Calque_1\" data-name=\"Calque 1\" xmlns=\"http:\/\/www.w3.org\/2000\/svg\" viewBox=\"0 0 283.46 283.46\"><path d=\"M177.83,36.59,224.3,85a5.42,5.42,0,0,1,1.49,3.76V243.1a5.44,5.44,0,0,1-1.5,3.77,5,5,0,0,1-3.62,1.57H67a5.06,5.06,0,0,1-3.63-1.57,5.44,5.44,0,0,1-1.5-3.77V40.36a5.45,5.45,0,0,1,1.5-3.77A5.05,5.05,0,0,1,67,35h107.2A5,5,0,0,1,177.83,36.59Zm2.75-22.9H61.89a20.08,20.08,0,0,0-14.48,6.25,21.8,21.8,0,0,0-6,15.09V248.44a21.8,21.8,0,0,0,6,15.09,20.08,20.08,0,0,0,14.48,6.25h163.9a20.08,20.08,0,0,0,14.49-6.25,21.8,21.8,0,0,0,6-15.09V82.13a10.91,10.91,0,0,0-3-7.55L187.82,16.81A10,10,0,0,0,180.58,13.69Z\"\/><path d=\"M184.82,131.06H92.63a10,10,0,0,1-7.25-3.12,11,11,0,0,1,0-15.09,10.06,10.06,0,0,1,7.25-3.13h92.19a10,10,0,0,1,7.24,3.13,11,11,0,0,1,0,15.09A10,10,0,0,1,184.82,131.06Z\"\/><path d=\"M184.82,173.74H92.63a10,10,0,0,1-7.25-3.12,11,11,0,0,1,0-15.09,10.06,10.06,0,0,1,7.25-3.13h92.19a10,10,0,0,1,7.24,3.13,11,11,0,0,1,0,15.09A10,10,0,0,1,184.82,173.74Z\"\/><path d=\"M138.72,216.43H92.63a10.06,10.06,0,0,1-7.25-3.13,11,11,0,0,1,0-15.09,10,10,0,0,1,7.25-3.12h46.09a10.06,10.06,0,0,1,7.25,3.12,11,11,0,0,1,0,15.09A10.07,10.07,0,0,1,138.72,216.43Z\"\/><\/svg><\/div>                    <span class=\"ButtonIcon-text\">Documentation<\/span>\n                <\/a>\n            <\/div>\n                        <div class=\"ButtonIcon\" data-component-id=\"ButtonIcon\">\n                <a class=\"ButtonIcon-component\" aria-label=\"Contactez-nous\" href=\"https:\/\/hifi-filter.com\/fr\/contact\/\" target=\"_self\" data-trk-other-cta=\"Contactez-nous\">\n                    <div class=\"ButtonIcon-icon\"><svg id=\"Calque_1\" data-name=\"Calque 1\" xmlns=\"http:\/\/www.w3.org\/2000\/svg\" viewBox=\"0 0 283.46 283.46\"><path d=\"M112.28,149.62h-5.89a12,12,0,0,0-4.87,1,11.81,11.81,0,0,0-4,2.92L77,176.72V161.19A11.46,11.46,0,0,0,73.5,153a11.9,11.9,0,0,0-8.33-3.39H59.28a35.67,35.67,0,0,1-25-10.16,34.39,34.39,0,0,1-10.35-24.54V68.65A34.37,34.37,0,0,1,34.29,44.11a35.68,35.68,0,0,1,25-10.17h111.9a35.68,35.68,0,0,1,25,10.17,34.41,34.41,0,0,1,10.35,24.54v40.49a11.48,11.48,0,0,0,3.45,8.18,12,12,0,0,0,16.66,0,11.48,11.48,0,0,0,3.45-8.18V68.65a57.39,57.39,0,0,0-17.27-40.88,59.57,59.57,0,0,0-41.63-17H59.28a59.54,59.54,0,0,0-41.63,17A57.39,57.39,0,0,0,.38,68.65v46.27a57.4,57.4,0,0,0,15.24,38.79,59.36,59.36,0,0,0,37.77,18.77v35a11.49,11.49,0,0,0,2.09,6.6A11.78,11.78,0,0,0,61,218.3a11.94,11.94,0,0,0,7,.39,11.8,11.8,0,0,0,6-3.6l37.69-42.33h.55a11.88,11.88,0,0,0,8.33-3.39,11.42,11.42,0,0,0,0-16.36A11.88,11.88,0,0,0,112.28,149.62Z\"\/><path d=\"M247.75,138.06H171.18a35.67,35.67,0,0,0-25,10.16,34.43,34.43,0,0,0-10.35,24.54v34.7A34.41,34.41,0,0,0,146.19,232a35.68,35.68,0,0,0,25,10.17h18.68l31.89,31.32a11.89,11.89,0,0,0,6,3.17,12.09,12.09,0,0,0,6.81-.66,11.71,11.71,0,0,0,5.28-4.27,11.38,11.38,0,0,0,2-6.43V242.17h5.89a35.64,35.64,0,0,0,25-10.17,34.37,34.37,0,0,0,10.35-24.54v-34.7a34.39,34.39,0,0,0-10.35-24.54A35.63,35.63,0,0,0,247.75,138.06Zm11.77,69.4a11.49,11.49,0,0,1-3.44,8.18,11.9,11.9,0,0,1-8.33,3.39H230.08a11.88,11.88,0,0,0-8.33,3.39,11.46,11.46,0,0,0-3.45,8.18v6.78l-15.23-15a11.9,11.9,0,0,0-8.33-3.39H171.18a11.9,11.9,0,0,1-8.33-3.39,11.46,11.46,0,0,1-3.45-8.18v-34.7a11.46,11.46,0,0,1,3.45-8.18,11.9,11.9,0,0,1,8.33-3.39h76.57a11.9,11.9,0,0,1,8.33,3.39,11.49,11.49,0,0,1,3.44,8.18Z\"\/><\/svg><\/div>                    <span class=\"ButtonIcon-text\">Contactez-nous<\/span>\n                <\/a>\n            <\/div>\n                    <\/div>\n    <\/div>\n<\/section>\n\n\n\r\n<section class=\"LeModole\" data-component-id=\"LeModole\">\r\n    <div class=\"LeModole-container\">\r\n        <div class=\"LeModole-images\">\r\n            <div class=\"LeModole-image\" ref=\"slides\">\r\n                <div class=\"Image\" data-component-id=\"image\">\r\n                    <picture>\r\n                        <img class=\"lazyload\" data-src=\"https:\/\/hifi-filter.com\/wp-content\/uploads\/2021\/10\/Quick-Access-Activities.jpg\" width=\"1440\" height=\"800\" alt=\"Image non trouv\u00e9e\" draggable=\"false\">\r\n                    <\/picture>\r\n                <\/div>\r\n            <\/div><div class=\"LeModole-image\" ref=\"slides\">\r\n                <div class=\"Image\" data-component-id=\"image\">\r\n                    <picture>\r\n                        <img class=\"lazyload\" data-src=\"https:\/\/hifi-filter.com\/wp-content\/uploads\/2021\/10\/Quick-Access-Solutions.jpg\" width=\"1440\" height=\"800\" alt=\"Image non trouv\u00e9e\" draggable=\"false\">\r\n                    <\/picture>\r\n                <\/div>\r\n            <\/div><div class=\"LeModole-image\" ref=\"slides\">\r\n                <div class=\"Image\" data-component-id=\"image\">\r\n                    <picture>\r\n                        <img class=\"lazyload\" data-src=\"https:\/\/hifi-filter.com\/wp-content\/uploads\/2021\/10\/Customer-Service-CTA.jpg\" width=\"1440\" height=\"800\" alt=\"Image non trouv\u00e9e\" draggable=\"false\">\r\n                    <\/picture>\r\n                <\/div>\r\n            <\/div>        <\/div>\r\n        <div class=\"LeModole-listContainer\">\r\n            <ul class=\"LeModole-list\">\r\n                <li class=\"LeModole-listItem AppBorder \" ref=\"titles\">\r\n                <a aria-label=\"Nos activit\u00e9s\" href=\"https:\/\/hifi-filter.com\/fr\/activites\/\" target=\"_self\" data-trk-other-cta=\"Nos activit\u00e9s\">\r\n                    <div class=\"AppTitle h2\">Nos activit\u00e9s<\/div>\r\n                    <div class=\"AppText\">\r\n                        <p><\/p>\r\n                    <\/div>\r\n                <\/a>\r\n            <\/li><li class=\"LeModole-listItem AppBorder \" ref=\"titles\">\r\n                <a aria-label=\"Nos solutions\" href=\"https:\/\/hifi-filter.com\/fr\/solutions\/\" target=\"_self\" data-trk-other-cta=\"Nos solutions\">\r\n                    <div class=\"AppTitle h2\">Nos solutions<\/div>\r\n                    <div class=\"AppText\">\r\n                        <p><\/p>\r\n                    <\/div>\r\n                <\/a>\r\n            <\/li><li class=\"LeModole-listItem AppBorder \" ref=\"titles\">\r\n                <a aria-label=\"Nos services\" href=\"https:\/\/hifi-filter.com\/fr\/services\/\" target=\"_self\" data-trk-other-cta=\"Nos services\">\r\n                    <div class=\"AppTitle h2\">Nos services<\/div>\r\n                    <div class=\"AppText\">\r\n                        <p><\/p>\r\n                    <\/div>\r\n                <\/a>\r\n            <\/li>            <\/ul>\r\n        <\/div>\r\n    <\/div>\r\n<\/section>\r\n","protected":false},"excerpt":{"rendered":"","protected":false},"author":1,"featured_media":12392,"parent":5769,"menu_order":52,"comment_status":"closed","ping_status":"closed","template":"","meta":{"_acf_changed":false,"footnotes":""},"acf":[],"yoast_head":"<!-- This site is optimized with the Yoast SEO plugin v22.2 - https:\/\/yoast.com\/wordpress\/plugins\/seo\/ -->\n<title>One stop filter shop : toute la filtration au m\u00eame endroit | HIFI FILTER<\/title>\n<meta name=\"description\" content=\"Avec HIFI FILTER b\u00e9n\u00e9ficiez d\u2019un alli\u00e9 de confiance pour la gestion de l\u2019entretien de vos v\u00e9hicules, machines et \u00e9quipements : l&#039;avantage d&#039;un interlocuteur unique.\" \/>\n<meta name=\"robots\" content=\"index, follow, max-snippet:-1, max-image-preview:large, max-video-preview:-1\" \/>\n<link rel=\"canonical\" href=\"https:\/\/hifi-filter.com\/fr\/services\/one-stop-filter-shop\/\" \/>\n<script type=\"application\/ld+json\" class=\"yoast-schema-graph\">{\"@context\":\"https:\/\/schema.org\",\"@graph\":[{\"@type\":\"WebPage\",\"@id\":\"https:\/\/hifi-filter.com\/fr\/services\/one-stop-filter-shop\/\",\"url\":\"https:\/\/hifi-filter.com\/fr\/services\/one-stop-filter-shop\/\",\"name\":\"One stop filter shop : toute la filtration au m\u00eame endroit | HIFI FILTER\",\"isPartOf\":{\"@id\":\"https:\/\/hifi-filter.com\/fr\/#website\"},\"primaryImageOfPage\":{\"@id\":\"https:\/\/hifi-filter.com\/fr\/services\/one-stop-filter-shop\/#primaryimage\"},\"image\":{\"@id\":\"https:\/\/hifi-filter.com\/fr\/services\/one-stop-filter-shop\/#primaryimage\"},\"thumbnailUrl\":\"https:\/\/hifi-filter.com\/wp-content\/uploads\/2021\/10\/One-Stop-Shop-Banner.jpg\",\"datePublished\":\"2021-09-16T07:10:04+00:00\",\"dateModified\":\"2024-01-16T07:24:15+00:00\",\"description\":\"Avec HIFI FILTER b\u00e9n\u00e9ficiez d\u2019un alli\u00e9 de confiance pour la gestion de l\u2019entretien de vos v\u00e9hicules, machines et \u00e9quipements : l'avantage d'un interlocuteur unique.\",\"breadcrumb\":{\"@id\":\"https:\/\/hifi-filter.com\/fr\/services\/one-stop-filter-shop\/#breadcrumb\"},\"inLanguage\":\"fr-FR\",\"potentialAction\":[{\"@type\":\"ReadAction\",\"target\":[\"https:\/\/hifi-filter.com\/fr\/services\/one-stop-filter-shop\/\"]}]},{\"@type\":\"ImageObject\",\"inLanguage\":\"fr-FR\",\"@id\":\"https:\/\/hifi-filter.com\/fr\/services\/one-stop-filter-shop\/#primaryimage\",\"url\":\"https:\/\/hifi-filter.com\/wp-content\/uploads\/2021\/10\/One-Stop-Shop-Banner.jpg\",\"contentUrl\":\"https:\/\/hifi-filter.com\/wp-content\/uploads\/2021\/10\/One-Stop-Shop-Banner.jpg\",\"width\":2560,\"height\":924},{\"@type\":\"BreadcrumbList\",\"@id\":\"https:\/\/hifi-filter.com\/fr\/services\/one-stop-filter-shop\/#breadcrumb\",\"itemListElement\":[{\"@type\":\"ListItem\",\"position\":1,\"name\":\"Home\",\"item\":\"https:\/\/hifi-filter.com\/fr\/\"},{\"@type\":\"ListItem\",\"position\":2,\"name\":\"Services\",\"item\":\"https:\/\/hifi-filter.com\/fr\/services\/\"},{\"@type\":\"ListItem\",\"position\":3,\"name\":\"One stop filter shop\"}]},{\"@type\":\"WebSite\",\"@id\":\"https:\/\/hifi-filter.com\/fr\/#website\",\"url\":\"https:\/\/hifi-filter.com\/fr\/\",\"name\":\"HIFI FILTER\",\"description\":\"Your partner in filtration &amp; separation\",\"publisher\":{\"@id\":\"https:\/\/hifi-filter.com\/fr\/#organization\"},\"potentialAction\":[{\"@type\":\"SearchAction\",\"target\":{\"@type\":\"EntryPoint\",\"urlTemplate\":\"https:\/\/hifi-filter.com\/fr\/?s={search_term_string}\"},\"query-input\":\"required name=search_term_string\"}],\"inLanguage\":\"fr-FR\"},{\"@type\":\"Organization\",\"@id\":\"https:\/\/hifi-filter.com\/fr\/#organization\",\"name\":\"HIFI FILTER\",\"url\":\"https:\/\/hifi-filter.com\/fr\/\",\"logo\":{\"@type\":\"ImageObject\",\"inLanguage\":\"fr-FR\",\"@id\":\"https:\/\/hifi-filter.com\/fr\/#\/schema\/logo\/image\/\",\"url\":\"https:\/\/hifi-filter.com\/wp-content\/uploads\/2021\/11\/cropped-Favicon-HIFI-FILTER-1.png\",\"contentUrl\":\"https:\/\/hifi-filter.com\/wp-content\/uploads\/2021\/11\/cropped-Favicon-HIFI-FILTER-1.png\",\"width\":190,\"height\":190,\"caption\":\"HIFI FILTER\"},\"image\":{\"@id\":\"https:\/\/hifi-filter.com\/fr\/#\/schema\/logo\/image\/\"},\"sameAs\":[\"https:\/\/www.facebook.com\/hififilter.group\",\"https:\/\/www.linkedin.com\/company\/hififilter\/\"]}]}<\/script>\n<!-- \/ Yoast SEO plugin. -->","yoast_head_json":{"title":"One stop filter shop : toute la filtration au m\u00eame endroit | HIFI FILTER","description":"Avec HIFI FILTER b\u00e9n\u00e9ficiez d\u2019un alli\u00e9 de confiance pour la gestion de l\u2019entretien de vos v\u00e9hicules, machines et \u00e9quipements : l'avantage d'un interlocuteur unique.","robots":{"index":"index","follow":"follow","max-snippet":"max-snippet:-1","max-image-preview":"max-image-preview:large","max-video-preview":"max-video-preview:-1"},"canonical":"https:\/\/hifi-filter.com\/fr\/services\/one-stop-filter-shop\/","schema":{"@context":"https:\/\/schema.org","@graph":[{"@type":"WebPage","@id":"https:\/\/hifi-filter.com\/fr\/services\/one-stop-filter-shop\/","url":"https:\/\/hifi-filter.com\/fr\/services\/one-stop-filter-shop\/","name":"One stop filter shop : toute la filtration au m\u00eame endroit | HIFI FILTER","isPartOf":{"@id":"https:\/\/hifi-filter.com\/fr\/#website"},"primaryImageOfPage":{"@id":"https:\/\/hifi-filter.com\/fr\/services\/one-stop-filter-shop\/#primaryimage"},"image":{"@id":"https:\/\/hifi-filter.com\/fr\/services\/one-stop-filter-shop\/#primaryimage"},"thumbnailUrl":"https:\/\/hifi-filter.com\/wp-content\/uploads\/2021\/10\/One-Stop-Shop-Banner.jpg","datePublished":"2021-09-16T07:10:04+00:00","dateModified":"2024-01-16T07:24:15+00:00","description":"Avec HIFI FILTER b\u00e9n\u00e9ficiez d\u2019un alli\u00e9 de confiance pour la gestion de l\u2019entretien de vos v\u00e9hicules, machines et \u00e9quipements : l'avantage d'un interlocuteur unique.","breadcrumb":{"@id":"https:\/\/hifi-filter.com\/fr\/services\/one-stop-filter-shop\/#breadcrumb"},"inLanguage":"fr-FR","potentialAction":[{"@type":"ReadAction","target":["https:\/\/hifi-filter.com\/fr\/services\/one-stop-filter-shop\/"]}]},{"@type":"ImageObject","inLanguage":"fr-FR","@id":"https:\/\/hifi-filter.com\/fr\/services\/one-stop-filter-shop\/#primaryimage","url":"https:\/\/hifi-filter.com\/wp-content\/uploads\/2021\/10\/One-Stop-Shop-Banner.jpg","contentUrl":"https:\/\/hifi-filter.com\/wp-content\/uploads\/2021\/10\/One-Stop-Shop-Banner.jpg","width":2560,"height":924},{"@type":"BreadcrumbList","@id":"https:\/\/hifi-filter.com\/fr\/services\/one-stop-filter-shop\/#breadcrumb","itemListElement":[{"@type":"ListItem","position":1,"name":"Home","item":"https:\/\/hifi-filter.com\/fr\/"},{"@type":"ListItem","position":2,"name":"Services","item":"https:\/\/hifi-filter.com\/fr\/services\/"},{"@type":"ListItem","position":3,"name":"One stop filter shop"}]},{"@type":"WebSite","@id":"https:\/\/hifi-filter.com\/fr\/#website","url":"https:\/\/hifi-filter.com\/fr\/","name":"HIFI FILTER","description":"Your partner in filtration &amp; separation","publisher":{"@id":"https:\/\/hifi-filter.com\/fr\/#organization"},"potentialAction":[{"@type":"SearchAction","target":{"@type":"EntryPoint","urlTemplate":"https:\/\/hifi-filter.com\/fr\/?s={search_term_string}"},"query-input":"required name=search_term_string"}],"inLanguage":"fr-FR"},{"@type":"Organization","@id":"https:\/\/hifi-filter.com\/fr\/#organization","name":"HIFI FILTER","url":"https:\/\/hifi-filter.com\/fr\/","logo":{"@type":"ImageObject","inLanguage":"fr-FR","@id":"https:\/\/hifi-filter.com\/fr\/#\/schema\/logo\/image\/","url":"https:\/\/hifi-filter.com\/wp-content\/uploads\/2021\/11\/cropped-Favicon-HIFI-FILTER-1.png","contentUrl":"https:\/\/hifi-filter.com\/wp-content\/uploads\/2021\/11\/cropped-Favicon-HIFI-FILTER-1.png","width":190,"height":190,"caption":"HIFI FILTER"},"image":{"@id":"https:\/\/hifi-filter.com\/fr\/#\/schema\/logo\/image\/"},"sameAs":["https:\/\/www.facebook.com\/hififilter.group","https:\/\/www.linkedin.com\/company\/hififilter\/"]}]}},"_links":{"self":[{"href":"https:\/\/hifi-filter.com\/fr\/wp-json\/wp\/v2\/pages\/1735"}],"collection":[{"href":"https:\/\/hifi-filter.com\/fr\/wp-json\/wp\/v2\/pages"}],"about":[{"href":"https:\/\/hifi-filter.com\/fr\/wp-json\/wp\/v2\/types\/page"}],"author":[{"embeddable":true,"href":"https:\/\/hifi-filter.com\/fr\/wp-json\/wp\/v2\/users\/1"}],"replies":[{"embeddable":true,"href":"https:\/\/hifi-filter.com\/fr\/wp-json\/wp\/v2\/comments?post=1735"}],"version-history":[{"count":27,"href":"https:\/\/hifi-filter.com\/fr\/wp-json\/wp\/v2\/pages\/1735\/revisions"}],"predecessor-version":[{"id":38092,"href":"https:\/\/hifi-filter.com\/fr\/wp-json\/wp\/v2\/pages\/1735\/revisions\/38092"}],"up":[{"embeddable":true,"href":"https:\/\/hifi-filter.com\/fr\/wp-json\/wp\/v2\/pages\/5769"}],"wp:featuredmedia":[{"embeddable":true,"href":"https:\/\/hifi-filter.com\/fr\/wp-json\/wp\/v2\/media\/12392"}],"wp:attachment":[{"href":"https:\/\/hifi-filter.com\/fr\/wp-json\/wp\/v2\/media?parent=1735"}],"curies":[{"name":"wp","href":"https:\/\/api.w.org\/{rel}","templated":true}]}}