{"id":2,"date":"2021-08-24T13:21:09","date_gmt":"2021-08-24T11:21:09","guid":{"rendered":"https:\/\/hifi-filter.sitendev.com\/?page_id=2"},"modified":"2023-05-17T09:01:47","modified_gmt":"2023-05-17T07:01:47","slug":"home-page","status":"publish","type":"page","link":"https:\/\/hifi-filter.com\/fr\/","title":{"rendered":"Home page"},"content":{"rendered":"","protected":false},"excerpt":{"rendered":"","protected":false},"author":1,"featured_media":0,"parent":0,"menu_order":8,"comment_status":"closed","ping_status":"closed","template":"pages\/homepage.php","meta":{"_acf_changed":false,"footnotes":""},"acf":[],"yoast_head":"<!-- This site is optimized with the Yoast SEO plugin v22.2 - https:\/\/yoast.com\/wordpress\/plugins\/seo\/ -->\n<title>HIFI FILTER | Votre partenaire en filtration &amp; s\u00e9paration<\/title>\n<meta name=\"description\" content=\"Marque leader des filtres compatibles, HIFI FILTER est votre partenaire en filtration et s\u00e9paration. Nous associons la gamme de filtres la plus diversifi\u00e9e au monde avec la performance de services adapt\u00e9s \u00e0 chaque besoin.\" \/>\n<meta name=\"robots\" content=\"index, follow, max-snippet:-1, max-image-preview:large, max-video-preview:-1\" \/>\n<link rel=\"canonical\" href=\"https:\/\/hifi-filter.com\/fr\/\" \/>\n<script type=\"application\/ld+json\" class=\"yoast-schema-graph\">{\"@context\":\"https:\/\/schema.org\",\"@graph\":[{\"@type\":\"WebPage\",\"@id\":\"https:\/\/hifi-filter.com\/fr\/\",\"url\":\"https:\/\/hifi-filter.com\/fr\/\",\"name\":\"HIFI FILTER | Votre partenaire en filtration & s\u00e9paration\",\"isPartOf\":{\"@id\":\"https:\/\/hifi-filter.com\/fr\/#website\"},\"datePublished\":\"2021-08-24T11:21:09+00:00\",\"dateModified\":\"2023-05-17T07:01:47+00:00\",\"description\":\"Marque leader des filtres compatibles, HIFI FILTER est votre partenaire en filtration et s\u00e9paration. Nous associons la gamme de filtres la plus diversifi\u00e9e au monde avec la performance de services adapt\u00e9s \u00e0 chaque besoin.\",\"breadcrumb\":{\"@id\":\"https:\/\/hifi-filter.com\/fr\/#breadcrumb\"},\"inLanguage\":\"fr-FR\",\"potentialAction\":[{\"@type\":\"ReadAction\",\"target\":[\"https:\/\/hifi-filter.com\/fr\/\"]}]},{\"@type\":\"BreadcrumbList\",\"@id\":\"https:\/\/hifi-filter.com\/fr\/#breadcrumb\",\"itemListElement\":[{\"@type\":\"ListItem\",\"position\":1,\"name\":\"Home\",\"item\":\"https:\/\/hifi-filter.com\/fr\/\"},{\"@type\":\"ListItem\",\"position\":2,\"name\":\"Home page\"}]},{\"@type\":\"WebSite\",\"@id\":\"https:\/\/hifi-filter.com\/fr\/#website\",\"url\":\"https:\/\/hifi-filter.com\/fr\/\",\"name\":\"HIFI FILTER\",\"description\":\"Your partner in filtration &amp; separation\",\"publisher\":{\"@id\":\"https:\/\/hifi-filter.com\/fr\/#organization\"},\"potentialAction\":[{\"@type\":\"SearchAction\",\"target\":{\"@type\":\"EntryPoint\",\"urlTemplate\":\"https:\/\/hifi-filter.com\/fr\/?s={search_term_string}\"},\"query-input\":\"required name=search_term_string\"}],\"inLanguage\":\"fr-FR\"},{\"@type\":\"Organization\",\"@id\":\"https:\/\/hifi-filter.com\/fr\/#organization\",\"name\":\"HIFI FILTER\",\"url\":\"https:\/\/hifi-filter.com\/fr\/\",\"logo\":{\"@type\":\"ImageObject\",\"inLanguage\":\"fr-FR\",\"@id\":\"https:\/\/hifi-filter.com\/fr\/#\/schema\/logo\/image\/\",\"url\":\"https:\/\/hifi-filter.com\/wp-content\/uploads\/2021\/11\/cropped-Favicon-HIFI-FILTER-1.png\",\"contentUrl\":\"https:\/\/hifi-filter.com\/wp-content\/uploads\/2021\/11\/cropped-Favicon-HIFI-FILTER-1.png\",\"width\":190,\"height\":190,\"caption\":\"HIFI FILTER\"},\"image\":{\"@id\":\"https:\/\/hifi-filter.com\/fr\/#\/schema\/logo\/image\/\"},\"sameAs\":[\"https:\/\/www.facebook.com\/hififilter.group\",\"https:\/\/www.linkedin.com\/company\/hififilter\/\"]}]}<\/script>\n<!-- \/ Yoast SEO plugin. -->","yoast_head_json":{"title":"HIFI FILTER | Votre partenaire en filtration & s\u00e9paration","description":"Marque leader des filtres compatibles, HIFI FILTER est votre partenaire en filtration et s\u00e9paration. Nous associons la gamme de filtres la plus diversifi\u00e9e au monde avec la performance de services adapt\u00e9s \u00e0 chaque besoin.","robots":{"index":"index","follow":"follow","max-snippet":"max-snippet:-1","max-image-preview":"max-image-preview:large","max-video-preview":"max-video-preview:-1"},"canonical":"https:\/\/hifi-filter.com\/fr\/","schema":{"@context":"https:\/\/schema.org","@graph":[{"@type":"WebPage","@id":"https:\/\/hifi-filter.com\/fr\/","url":"https:\/\/hifi-filter.com\/fr\/","name":"HIFI FILTER | Votre partenaire en filtration & s\u00e9paration","isPartOf":{"@id":"https:\/\/hifi-filter.com\/fr\/#website"},"datePublished":"2021-08-24T11:21:09+00:00","dateModified":"2023-05-17T07:01:47+00:00","description":"Marque leader des filtres compatibles, HIFI FILTER est votre partenaire en filtration et s\u00e9paration. Nous associons la gamme de filtres la plus diversifi\u00e9e au monde avec la performance de services adapt\u00e9s \u00e0 chaque besoin.","breadcrumb":{"@id":"https:\/\/hifi-filter.com\/fr\/#breadcrumb"},"inLanguage":"fr-FR","potentialAction":[{"@type":"ReadAction","target":["https:\/\/hifi-filter.com\/fr\/"]}]},{"@type":"BreadcrumbList","@id":"https:\/\/hifi-filter.com\/fr\/#breadcrumb","itemListElement":[{"@type":"ListItem","position":1,"name":"Home","item":"https:\/\/hifi-filter.com\/fr\/"},{"@type":"ListItem","position":2,"name":"Home page"}]},{"@type":"WebSite","@id":"https:\/\/hifi-filter.com\/fr\/#website","url":"https:\/\/hifi-filter.com\/fr\/","name":"HIFI FILTER","description":"Your partner in filtration &amp; separation","publisher":{"@id":"https:\/\/hifi-filter.com\/fr\/#organization"},"potentialAction":[{"@type":"SearchAction","target":{"@type":"EntryPoint","urlTemplate":"https:\/\/hifi-filter.com\/fr\/?s={search_term_string}"},"query-input":"required name=search_term_string"}],"inLanguage":"fr-FR"},{"@type":"Organization","@id":"https:\/\/hifi-filter.com\/fr\/#organization","name":"HIFI FILTER","url":"https:\/\/hifi-filter.com\/fr\/","logo":{"@type":"ImageObject","inLanguage":"fr-FR","@id":"https:\/\/hifi-filter.com\/fr\/#\/schema\/logo\/image\/","url":"https:\/\/hifi-filter.com\/wp-content\/uploads\/2021\/11\/cropped-Favicon-HIFI-FILTER-1.png","contentUrl":"https:\/\/hifi-filter.com\/wp-content\/uploads\/2021\/11\/cropped-Favicon-HIFI-FILTER-1.png","width":190,"height":190,"caption":"HIFI FILTER"},"image":{"@id":"https:\/\/hifi-filter.com\/fr\/#\/schema\/logo\/image\/"},"sameAs":["https:\/\/www.facebook.com\/hififilter.group","https:\/\/www.linkedin.com\/company\/hififilter\/"]}]}},"_links":{"self":[{"href":"https:\/\/hifi-filter.com\/fr\/wp-json\/wp\/v2\/pages\/2"}],"collection":[{"href":"https:\/\/hifi-filter.com\/fr\/wp-json\/wp\/v2\/pages"}],"about":[{"href":"https:\/\/hifi-filter.com\/fr\/wp-json\/wp\/v2\/types\/page"}],"author":[{"embeddable":true,"href":"https:\/\/hifi-filter.com\/fr\/wp-json\/wp\/v2\/users\/1"}],"replies":[{"embeddable":true,"href":"https:\/\/hifi-filter.com\/fr\/wp-json\/wp\/v2\/comments?post=2"}],"version-history":[{"count":32,"href":"https:\/\/hifi-filter.com\/fr\/wp-json\/wp\/v2\/pages\/2\/revisions"}],"predecessor-version":[{"id":29350,"href":"https:\/\/hifi-filter.com\/fr\/wp-json\/wp\/v2\/pages\/2\/revisions\/29350"}],"wp:attachment":[{"href":"https:\/\/hifi-filter.com\/fr\/wp-json\/wp\/v2\/media?parent=2"}],"curies":[{"name":"wp","href":"https:\/\/api.w.org\/{rel}","templated":true}]}}