{"id":46482,"date":"2025-06-23T15:04:09","date_gmt":"2025-06-23T13:04:09","guid":{"rendered":"https:\/\/hifi-filter.com\/?page_id=46482"},"modified":"2026-02-25T09:23:12","modified_gmt":"2026-02-25T08:23:12","slug":"nos-engagements","status":"publish","type":"page","link":"https:\/\/hifi-filter.com\/fr\/nos-engagements\/","title":{"rendered":"Nos engagements"},"content":{"rendered":"<div class=\"Quote red-background\" data-component-id=\"Quote\">\n    <div class=\"Quote-text\"><span class=\"Quote-sign\">\u201c<\/span>L&rsquo;am\u00e9lioration continue est au c\u0153ur de notre activit\u00e9. Elle guide notre organisation, nos m\u00e9thodes de travail et nos relations avec nos clients.<span class=\"Quote-sign\">\u201c<\/span><\/div>\n    <p class=\"Quote-author\">\/\/\/<\/p>\n<\/div>\n\n<div class=\"Introduction\" data-component-id=\"Introduction\">\n    <h3 class=\"AppTitle h1 theme-reverse\"><\/h3>\n    <h2 class=\"AppTitle h1 theme-highlight\">Management de la qualit\u00e9<\/h2>\n    <div class=\"AppText\">Notre organisation repose sur des <strong>processus clairs, \u00e9volutifs et harmonis\u00e9s<\/strong>, adapt\u00e9s aux sp\u00e9cificit\u00e9s locales de chaque entit\u00e9 HIFI FILTER\u00ae. Cette structuration nous permet d\u2019assurer la <strong>fiabilit\u00e9<\/strong> de nos services, une <strong>\u00e9coute attentive<\/strong> de nos clients et une <strong>am\u00e9lioration continue<\/strong> de nos activit\u00e9s.<\/div>\n<\/div>\n\n<div class=\"ArticleEdito reverse\" data-component-id=\"ArticleEdito\">\r\n    <div class=\"ArticleEdito-content\">\r\n        <h2 class=\"ArticleEdito-title\">Certification ISO 9001<\/h2>        <div class=\"ArticleEdito-text AppText AppScrollbar\">La certification <strong>ISO 9001<\/strong> refl\u00e8te notre volont\u00e9 de formaliser et d\u2019am\u00e9liorer en continu nos engagements qualit\u00e9. Elle atteste que notre organisation r\u00e9pond aux exigences internationales en mati\u00e8re de <strong>satisfaction client<\/strong>, de <strong>ma\u00eetrise des processus<\/strong> et de <strong>performance durable<\/strong>.\r\n\r\n<strong>Ce que cela vous apporte concr\u00e8tement\u00a0:<\/strong>\r\n<ul>\r\n \t<li><strong>Fiabilit\u00e9<\/strong> : des produits et services homog\u00e8nes, issus de processus ma\u00eetris\u00e9s<\/li>\r\n \t<li><strong>\u00c9coute<\/strong> : une attention constante port\u00e9e sur vos retours d\u2019exp\u00e9rience<\/li>\r\n \t<li><strong>S\u00e9curit\u00e9<\/strong> : des livraisons conformes et un suivi rigoureux<\/li>\r\n \t<li><strong>R\u00e9activit\u00e9<\/strong> : des \u00e9quipes mobilis\u00e9es pour r\u00e9pondre \u00e0 vos besoins<\/li>\r\n<\/ul><\/div>\r\n            <\/div>\r\n    <div class=\"Image ArticleEdito-image\" data-component-id=\"image\">\r\n        <picture>\r\n            <img class=\"lazyload\" data-src=\"https:\/\/hifi-filter.com\/wp-content\/uploads\/2025\/06\/ISO-9001-LR.jpg\" width=\"1440\" height=\"800\"\r\n                alt=\"Image non trouv\u00e9e\" draggable=\"false\">\r\n        <\/picture>\r\n    <\/div>\r\n<\/div>\n\n<div class=\"Text1Column\" data-component-id=\"Text1Column\">\r\n    <h2 class=\"Text1Column-title\">Sites certifi\u00e9s ISO 9001<\/h2>        <div class=\"Text1Column-text AppText\"><ul>\r\n \t<li><strong>HIFI GROUP SA <\/strong>\u2013 Si\u00e8ge social du groupe (Cernier, Suisse) : <a href=\"https:\/\/hifi-filter.com\/wp-content\/uploads\/2025\/07\/GROUP_Certificat-ISO-9001-2025-2028_EN_with-password.pdf\"><span style=\"text-decoration: underline;\">T\u00e9l\u00e9charger le certificat (EN)<\/span><\/a><span style=\"text-decoration: underline;\">, <\/span><span style=\"text-decoration: underline;\"><a href=\"https:\/\/hifi-filter.com\/wp-content\/uploads\/2025\/06\/GROUP_Certificat-ISO-9001-2025-2028_FR_-with-password.pdf\">T\u00e9l\u00e9charger le certificat (FR)<\/a><\/span><\/li>\r\n \t<li><strong>HIFI FILTER SA <\/strong>\u2013 Entit\u00e9 de distribution (Cernier, Suisse) : <a href=\"https:\/\/hifi-filter.com\/wp-content\/uploads\/2025\/07\/GROUP_Certificat-ISO-9001-2025-2028_EN_with-password.pdf\"><span style=\"text-decoration: underline;\">T\u00e9l\u00e9charger le certificat (EN)<\/span><\/a><span style=\"text-decoration: underline;\">, <\/span><span style=\"text-decoration: underline;\"><a href=\"https:\/\/hifi-filter.com\/wp-content\/uploads\/2025\/06\/GROUP_Certificat-ISO-9001-2025-2028_FR_-with-password.pdf\">T\u00e9l\u00e9charger le certificat (FR)<\/a><\/span><\/li>\r\n \t<li><strong>HIFI FILTER SA <\/strong>\u2013 Entit\u00e9 de distribution (Zurich, Suisse) : <span style=\"text-decoration: underline;\"><a href=\"https:\/\/hifi-filter.com\/wp-content\/uploads\/2025\/07\/GROUP_Certificat-ISO-9001-2025-2028_EN_with-password.pdf\">T\u00e9l\u00e9charger le certificat (EN)<\/a>,<\/span>\u00a0<span style=\"text-decoration: underline;\"><a href=\"https:\/\/hifi-filter.com\/wp-content\/uploads\/2025\/06\/GROUP_Certificat-ISO-9001-2025-2028_FR_-with-password.pdf\">T\u00e9l\u00e9charger le certificat (FR)<\/a><\/span><\/li>\r\n \t<li><strong>HIFI FILTER FRANCE SAS<\/strong> \u2013 Entit\u00e9 de distribution (Pontarlier, France) : <span style=\"text-decoration: underline;\"><a href=\"https:\/\/hifi-filter.com\/wp-content\/uploads\/2025\/07\/GROUP_Certificat-ISO-9001-2025-2028_EN_with-password.pdf\">T\u00e9l\u00e9charger le certificat (EN)<\/a>,<\/span> <a href=\"https:\/\/hifi-filter.com\/wp-content\/uploads\/2025\/06\/GROUP_Certificat-ISO-9001-2025-2028_FR_-with-password.pdf\"><span style=\"text-decoration: underline;\">T\u00e9l\u00e9charger le certificat (FR)<\/span><\/a><\/li>\r\n \t<li><strong>HIFI FILTER ROM S.R.L <\/strong>\u2013\u00a0Entit\u00e9 de distribution (Otopeni, Roumanie) : <a href=\"https:\/\/hifi-filter.com\/wp-content\/uploads\/2025\/06\/RO-ISO-9001_2015_valabil-21.11.2025-with-password.pdf\"><span style=\"text-decoration: underline;\">T\u00e9l\u00e9charger le certificat<\/span><\/a><\/li>\r\n \t<li><strong>HIFI FILTER IBERIA S.L.<\/strong> \u2013 Entit\u00e9 de distribution (Alcal\u00e1 de Henares, Espagne) : <span style=\"text-decoration: underline;\"><a href=\"https:\/\/hifi-filter.com\/wp-content\/uploads\/2025\/06\/ES_ISO9001-with-password.pdf\">T\u00e9l\u00e9charger le certificat<\/a><\/span><\/li>\r\n \t<li><strong>HIFI FILTER IBERIA S.L.<\/strong> \u2013 Entit\u00e9 de distribution (Calafell, Espagne) : <span style=\"text-decoration: underline;\"><a href=\"https:\/\/hifi-filter.com\/wp-content\/uploads\/2025\/06\/ES_ISO9001-with-password.pdf\">T\u00e9l\u00e9charger le certificat<\/a><\/span><\/li>\r\n \t<li><strong>HIFI FILTER IBERIA S.L.<\/strong> \u2013 Politique qualit\u00e9 et environnement : <a href=\"https:\/\/hifi-filter.com\/wp-content\/uploads\/2026\/02\/ES_Politica-de-calidad-y-medio-ambiente-with-password.pdf\">T\u00e9l\u00e9charger<\/a><\/li>\r\n \t<li><strong>FILVENT (PTY) LTD<\/strong> \u2013 Entit\u00e9 de distribution (Witbank, Afrique du Sud) : <span style=\"text-decoration: underline;\"><a href=\"https:\/\/hifi-filter.com\/wp-content\/uploads\/2025\/06\/ZA-FILVENT_ISO9001-with-password.pdf\">T\u00e9l\u00e9charger le certificat<\/a><\/span><\/li>\r\n<\/ul>            <\/div>\r\n<\/div>\r\n\r\n\n\n<div class=\"Introduction\" data-component-id=\"Introduction\">\n    <h3 class=\"AppTitle h1 theme-reverse\"><\/h3>\n    <h2 class=\"AppTitle h1 theme-highlight\">L&rsquo;environnement<\/h2>\n    <div class=\"AppText\">Notre engagement environnemental repose sur des <strong>actions concr\u00e8tes et mesurables<\/strong>, int\u00e9gr\u00e9es \u00e0 l\u2019ensemble de nos activit\u00e9s. En structurant notre d\u00e9marche autour de r\u00e9f\u00e9rentiels reconnus, nous veillons \u00e0 contribuer \u00e0 la <strong>pr\u00e9servation des ressources<\/strong>, \u00e0 la <strong>r\u00e9duction de notre empreinte \u00e9cologique<\/strong> et \u00e0 l\u2019<strong>am\u00e9lioration continue<\/strong> de notre performance environnementale.<\/div>\n<\/div>\n\n<div class=\"ArticleEdito\" data-component-id=\"ArticleEdito\">\r\n    <div class=\"ArticleEdito-content\">\r\n        <h2 class=\"ArticleEdito-title\">Certification ISO 14001<\/h2>        <div class=\"ArticleEdito-text AppText AppScrollbar\">La certification <strong>ISO 14001<\/strong> d\u00e9montre notre engagement en faveur de la protection de l\u2019environnement. Elle s\u2019inscrit dans une d\u00e9marche de <strong>management environnemental structur\u00e9<\/strong>, visant \u00e0 r\u00e9duire notre impact \u00e9cologique tout en am\u00e9liorant en continu nos pratiques internes.\r\n\r\nCette norme internationale fournit un cadre clair pour :\r\n<ul>\r\n \t<li>Identifier et r\u00e9duire les impacts environnementaux de nos activit\u00e9s,<\/li>\r\n \t<li>Utiliser efficacement les ressources,<\/li>\r\n \t<li>Limiter les d\u00e9chets,<\/li>\r\n \t<li>Anticiper les \u00e9volutions r\u00e9glementaires.<\/li>\r\n<\/ul>\r\nElle t\u00e9moigne de notre volont\u00e9 de contribuer activement \u00e0 la pr\u00e9servation des ressources naturelles, \u00e0 la lutte contre le changement climatique et \u00e0 la protection de la biodiversit\u00e9.<\/div>\r\n            <\/div>\r\n    <div class=\"Image ArticleEdito-image\" data-component-id=\"image\">\r\n        <picture>\r\n            <img class=\"lazyload\" data-src=\"https:\/\/hifi-filter.com\/wp-content\/uploads\/2025\/06\/ISO-14001-LR.jpg\" width=\"1440\" height=\"800\"\r\n                alt=\"Image non trouv\u00e9e\" draggable=\"false\">\r\n        <\/picture>\r\n    <\/div>\r\n<\/div>\n\n<div class=\"Text1Column\" data-component-id=\"Text1Column\">\r\n    <h2 class=\"Text1Column-title\">Sites certifi\u00e9s ISO 14001<\/h2>        <div class=\"Text1Column-text AppText\"><ul>\r\n \t<li><strong>HIFI FILTER ROM S.R.L <\/strong>\u2013\u00a0Entit\u00e9 de distribution (Otopeni, Roumanie) : <a href=\"https:\/\/hifi-filter.com\/wp-content\/uploads\/2025\/06\/RO-ISO-14001_2015_valabil-09.11.2025-with-password.pdf\"><span style=\"text-decoration: underline;\">T\u00e9l\u00e9charger le certificat<\/span><\/a><\/li>\r\n \t<li><strong>HIFI FILTER IBERIA S.L.<\/strong> \u2013 Entit\u00e9 de distribution (Alcal\u00e1 de Henares, Espagne) : <a href=\"https:\/\/hifi-filter.com\/wp-content\/uploads\/2025\/06\/ES_ISO14001-with-password.pdf\"><span style=\"text-decoration: underline;\">T\u00e9l\u00e9charger le certificat<\/span><\/a><\/li>\r\n \t<li><strong>HIFI FILTER IBERIA S.L.<\/strong> \u2013 Entit\u00e9 de distribution (Calafell, Espagne) : <a href=\"https:\/\/hifi-filter.com\/wp-content\/uploads\/2025\/06\/ES_ISO14001-with-password.pdf\"><span style=\"text-decoration: underline;\">T\u00e9l\u00e9charger le certificat<\/span><\/a><\/li>\r\n \t<li><strong>HIFI FILTER IBERIA S.L.<\/strong> \u2013 Politique qualit\u00e9 et environnement : <a href=\"https:\/\/hifi-filter.com\/wp-content\/uploads\/2026\/02\/ES_Politica-de-calidad-y-medio-ambiente-with-password.pdf\">T\u00e9l\u00e9charger<\/a><\/li>\r\n<\/ul>            <\/div>\r\n<\/div>\r\n\r\n","protected":false},"excerpt":{"rendered":"","protected":false},"author":7,"featured_media":46488,"parent":0,"menu_order":34,"comment_status":"closed","ping_status":"closed","template":"","meta":{"_acf_changed":false,"footnotes":""},"acf":[],"yoast_head":"<!-- This site is optimized with the Yoast SEO plugin v22.2 - https:\/\/yoast.com\/wordpress\/plugins\/seo\/ -->\n<title>Nos engagements | HIFI FILTER<\/title>\n<meta name=\"description\" content=\"Votre partenaire en filtration HIFI FILTER, la marque leader des filtres compatibles\" \/>\n<meta name=\"robots\" content=\"index, follow, max-snippet:-1, max-image-preview:large, max-video-preview:-1\" \/>\n<link rel=\"canonical\" href=\"https:\/\/hifi-filter.com\/fr\/nos-engagements\/\" \/>\n<meta name=\"twitter:label1\" content=\"Dur\u00e9e de lecture estim\u00e9e\" \/>\n\t<meta name=\"twitter:data1\" content=\"1 minute\" \/>\n<script type=\"application\/ld+json\" class=\"yoast-schema-graph\">{\"@context\":\"https:\/\/schema.org\",\"@graph\":[{\"@type\":\"WebPage\",\"@id\":\"https:\/\/hifi-filter.com\/fr\/nos-engagements\/\",\"url\":\"https:\/\/hifi-filter.com\/fr\/nos-engagements\/\",\"name\":\"Nos engagements | HIFI FILTER\",\"isPartOf\":{\"@id\":\"https:\/\/hifi-filter.com\/fr\/#website\"},\"primaryImageOfPage\":{\"@id\":\"https:\/\/hifi-filter.com\/fr\/nos-engagements\/#primaryimage\"},\"image\":{\"@id\":\"https:\/\/hifi-filter.com\/fr\/nos-engagements\/#primaryimage\"},\"thumbnailUrl\":\"https:\/\/hifi-filter.com\/wp-content\/uploads\/2025\/06\/Banner-Our-commitment.jpg\",\"datePublished\":\"2025-06-23T13:04:09+00:00\",\"dateModified\":\"2026-02-25T08:23:12+00:00\",\"breadcrumb\":{\"@id\":\"https:\/\/hifi-filter.com\/fr\/nos-engagements\/#breadcrumb\"},\"inLanguage\":\"fr-FR\",\"potentialAction\":[{\"@type\":\"ReadAction\",\"target\":[\"https:\/\/hifi-filter.com\/fr\/nos-engagements\/\"]}]},{\"@type\":\"ImageObject\",\"inLanguage\":\"fr-FR\",\"@id\":\"https:\/\/hifi-filter.com\/fr\/nos-engagements\/#primaryimage\",\"url\":\"https:\/\/hifi-filter.com\/wp-content\/uploads\/2025\/06\/Banner-Our-commitment.jpg\",\"contentUrl\":\"https:\/\/hifi-filter.com\/wp-content\/uploads\/2025\/06\/Banner-Our-commitment.jpg\",\"width\":1440,\"height\":520},{\"@type\":\"BreadcrumbList\",\"@id\":\"https:\/\/hifi-filter.com\/fr\/nos-engagements\/#breadcrumb\",\"itemListElement\":[{\"@type\":\"ListItem\",\"position\":1,\"name\":\"Home\",\"item\":\"https:\/\/hifi-filter.com\/fr\/\"},{\"@type\":\"ListItem\",\"position\":2,\"name\":\"Nos engagements\"}]},{\"@type\":\"WebSite\",\"@id\":\"https:\/\/hifi-filter.com\/fr\/#website\",\"url\":\"https:\/\/hifi-filter.com\/fr\/\",\"name\":\"HIFI FILTER\",\"description\":\"Your partner in filtration &amp; separation\",\"publisher\":{\"@id\":\"https:\/\/hifi-filter.com\/fr\/#organization\"},\"potentialAction\":[{\"@type\":\"SearchAction\",\"target\":{\"@type\":\"EntryPoint\",\"urlTemplate\":\"https:\/\/hifi-filter.com\/fr\/?s={search_term_string}\"},\"query-input\":\"required name=search_term_string\"}],\"inLanguage\":\"fr-FR\"},{\"@type\":\"Organization\",\"@id\":\"https:\/\/hifi-filter.com\/fr\/#organization\",\"name\":\"HIFI FILTER\",\"url\":\"https:\/\/hifi-filter.com\/fr\/\",\"logo\":{\"@type\":\"ImageObject\",\"inLanguage\":\"fr-FR\",\"@id\":\"https:\/\/hifi-filter.com\/fr\/#\/schema\/logo\/image\/\",\"url\":\"https:\/\/hifi-filter.com\/wp-content\/uploads\/2021\/11\/cropped-Favicon-HIFI-FILTER-1.png\",\"contentUrl\":\"https:\/\/hifi-filter.com\/wp-content\/uploads\/2021\/11\/cropped-Favicon-HIFI-FILTER-1.png\",\"width\":190,\"height\":190,\"caption\":\"HIFI FILTER\"},\"image\":{\"@id\":\"https:\/\/hifi-filter.com\/fr\/#\/schema\/logo\/image\/\"},\"sameAs\":[\"https:\/\/www.facebook.com\/hififilter.group\",\"https:\/\/www.linkedin.com\/company\/hififilter\/\"]}]}<\/script>\n<!-- \/ Yoast SEO plugin. -->","yoast_head_json":{"title":"Nos engagements | HIFI FILTER","description":"Votre partenaire en filtration HIFI FILTER, la marque leader des filtres compatibles","robots":{"index":"index","follow":"follow","max-snippet":"max-snippet:-1","max-image-preview":"max-image-preview:large","max-video-preview":"max-video-preview:-1"},"canonical":"https:\/\/hifi-filter.com\/fr\/nos-engagements\/","twitter_misc":{"Dur\u00e9e de lecture estim\u00e9e":"1 minute"},"schema":{"@context":"https:\/\/schema.org","@graph":[{"@type":"WebPage","@id":"https:\/\/hifi-filter.com\/fr\/nos-engagements\/","url":"https:\/\/hifi-filter.com\/fr\/nos-engagements\/","name":"Nos engagements | HIFI FILTER","isPartOf":{"@id":"https:\/\/hifi-filter.com\/fr\/#website"},"primaryImageOfPage":{"@id":"https:\/\/hifi-filter.com\/fr\/nos-engagements\/#primaryimage"},"image":{"@id":"https:\/\/hifi-filter.com\/fr\/nos-engagements\/#primaryimage"},"thumbnailUrl":"https:\/\/hifi-filter.com\/wp-content\/uploads\/2025\/06\/Banner-Our-commitment.jpg","datePublished":"2025-06-23T13:04:09+00:00","dateModified":"2026-02-25T08:23:12+00:00","breadcrumb":{"@id":"https:\/\/hifi-filter.com\/fr\/nos-engagements\/#breadcrumb"},"inLanguage":"fr-FR","potentialAction":[{"@type":"ReadAction","target":["https:\/\/hifi-filter.com\/fr\/nos-engagements\/"]}]},{"@type":"ImageObject","inLanguage":"fr-FR","@id":"https:\/\/hifi-filter.com\/fr\/nos-engagements\/#primaryimage","url":"https:\/\/hifi-filter.com\/wp-content\/uploads\/2025\/06\/Banner-Our-commitment.jpg","contentUrl":"https:\/\/hifi-filter.com\/wp-content\/uploads\/2025\/06\/Banner-Our-commitment.jpg","width":1440,"height":520},{"@type":"BreadcrumbList","@id":"https:\/\/hifi-filter.com\/fr\/nos-engagements\/#breadcrumb","itemListElement":[{"@type":"ListItem","position":1,"name":"Home","item":"https:\/\/hifi-filter.com\/fr\/"},{"@type":"ListItem","position":2,"name":"Nos engagements"}]},{"@type":"WebSite","@id":"https:\/\/hifi-filter.com\/fr\/#website","url":"https:\/\/hifi-filter.com\/fr\/","name":"HIFI FILTER","description":"Your partner in filtration &amp; separation","publisher":{"@id":"https:\/\/hifi-filter.com\/fr\/#organization"},"potentialAction":[{"@type":"SearchAction","target":{"@type":"EntryPoint","urlTemplate":"https:\/\/hifi-filter.com\/fr\/?s={search_term_string}"},"query-input":"required name=search_term_string"}],"inLanguage":"fr-FR"},{"@type":"Organization","@id":"https:\/\/hifi-filter.com\/fr\/#organization","name":"HIFI FILTER","url":"https:\/\/hifi-filter.com\/fr\/","logo":{"@type":"ImageObject","inLanguage":"fr-FR","@id":"https:\/\/hifi-filter.com\/fr\/#\/schema\/logo\/image\/","url":"https:\/\/hifi-filter.com\/wp-content\/uploads\/2021\/11\/cropped-Favicon-HIFI-FILTER-1.png","contentUrl":"https:\/\/hifi-filter.com\/wp-content\/uploads\/2021\/11\/cropped-Favicon-HIFI-FILTER-1.png","width":190,"height":190,"caption":"HIFI FILTER"},"image":{"@id":"https:\/\/hifi-filter.com\/fr\/#\/schema\/logo\/image\/"},"sameAs":["https:\/\/www.facebook.com\/hififilter.group","https:\/\/www.linkedin.com\/company\/hififilter\/"]}]}},"_links":{"self":[{"href":"https:\/\/hifi-filter.com\/fr\/wp-json\/wp\/v2\/pages\/46482"}],"collection":[{"href":"https:\/\/hifi-filter.com\/fr\/wp-json\/wp\/v2\/pages"}],"about":[{"href":"https:\/\/hifi-filter.com\/fr\/wp-json\/wp\/v2\/types\/page"}],"author":[{"embeddable":true,"href":"https:\/\/hifi-filter.com\/fr\/wp-json\/wp\/v2\/users\/7"}],"replies":[{"embeddable":true,"href":"https:\/\/hifi-filter.com\/fr\/wp-json\/wp\/v2\/comments?post=46482"}],"version-history":[{"count":35,"href":"https:\/\/hifi-filter.com\/fr\/wp-json\/wp\/v2\/pages\/46482\/revisions"}],"predecessor-version":[{"id":51639,"href":"https:\/\/hifi-filter.com\/fr\/wp-json\/wp\/v2\/pages\/46482\/revisions\/51639"}],"wp:featuredmedia":[{"embeddable":true,"href":"https:\/\/hifi-filter.com\/fr\/wp-json\/wp\/v2\/media\/46488"}],"wp:attachment":[{"href":"https:\/\/hifi-filter.com\/fr\/wp-json\/wp\/v2\/media?parent=46482"}],"curies":[{"name":"wp","href":"https:\/\/api.w.org\/{rel}","templated":true}]}}