{"id":5101,"date":"2021-10-15T14:55:12","date_gmt":"2021-10-15T12:55:12","guid":{"rendered":"https:\/\/hifi-filter.sitendev.com\/?page_id=5101"},"modified":"2024-09-23T13:27:06","modified_gmt":"2024-09-23T11:27:06","slug":"nos-metiers","status":"publish","type":"page","link":"https:\/\/hifi-filter.com\/fr\/travailler-chez-hifi\/nos-metiers\/","title":{"rendered":"Nos m\u00e9tiers"},"content":{"rendered":"<div class=\"ArticleEdito\" data-component-id=\"ArticleEdito\">\r\n    <div class=\"ArticleEdito-content\">\r\n        <h2 class=\"ArticleEdito-title\">Ventes &#038; Marketing<\/h2>        <div class=\"ArticleEdito-text AppText AppScrollbar\">Au plus proche du terrain, les \u00e9quipes Marketing et Commerciales d&rsquo;HIFI FILTER\u00ae analysent les besoins des utilisateurs et d\u00e9finissent, en fonction des activit\u00e9s et des zones g\u00e9ographiques, les moyens d\u2019actions pour consolider ou d\u00e9velopper de nouveaux march\u00e9s. Notre force de vente parcourt ainsi le monde entier en prospectant et en renfor\u00e7ant les liens avec nos clients, gr\u00e2ce \u00e0 des conseils sur mesure et un service de proximit\u00e9.<\/div>\r\n            <\/div>\r\n    <div class=\"Image ArticleEdito-image\" data-component-id=\"image\">\r\n        <picture>\r\n            <img class=\"lazyload\" data-src=\"https:\/\/hifi-filter.com\/wp-content\/uploads\/2021\/10\/Sales-Marketing-LR.jpg\" width=\"1440\" height=\"800\"\r\n                alt=\"Image non trouv\u00e9e\" draggable=\"false\">\r\n        <\/picture>\r\n    <\/div>\r\n<\/div>\n\n<div class=\"ArticleEdito reverse\" data-component-id=\"ArticleEdito\">\r\n    <div class=\"ArticleEdito-content\">\r\n        <h2 class=\"ArticleEdito-title\">Service clients<\/h2>        <div class=\"ArticleEdito-text AppText AppScrollbar\">De l\u2019offre \u00e0 la livraison en passant par la commande et l\u2019assistance technique des produits, le r\u00f4le du Service Clients est d\u2019apporter une r\u00e9ponse rapide et de qualit\u00e9 \u00e0 toutes les demandes de nos clients. Un seul mot d\u2019ordre : les satisfaire.<\/div>\r\n            <\/div>\r\n    <div class=\"Image ArticleEdito-image\" data-component-id=\"image\">\r\n        <picture>\r\n            <img class=\"lazyload\" data-src=\"https:\/\/hifi-filter.com\/wp-content\/uploads\/2021\/10\/Customer-Service-LR-1.jpg\" width=\"1440\" height=\"800\"\r\n                alt=\"Image non trouv\u00e9e\" draggable=\"false\">\r\n        <\/picture>\r\n    <\/div>\r\n<\/div>\n\n<div class=\"ArticleEdito\" data-component-id=\"ArticleEdito\">\r\n    <div class=\"ArticleEdito-content\">\r\n        <h2 class=\"ArticleEdito-title\">Produits<\/h2>        <div class=\"ArticleEdito-text AppText AppScrollbar\">Au c\u0153ur de la strat\u00e9gie du Groupe, l&rsquo;\u00e9quipe Produits imagine, dessine et d\u00e9veloppe les gammes de filtres d\u2019aujourd\u2019hui et de demain. Attentive aux \u00e9volutions du march\u00e9, sa mission est d\u2019anticiper les besoins de nos clients et de s\u00e9lectionner avec soin les fournisseurs de qualit\u00e9 pour chaque solution.<\/div>\r\n            <\/div>\r\n    <div class=\"Image ArticleEdito-image\" data-component-id=\"image\">\r\n        <picture>\r\n            <img class=\"lazyload\" data-src=\"https:\/\/hifi-filter.com\/wp-content\/uploads\/2021\/10\/Product-devlopment-LR.jpg\" width=\"1440\" height=\"800\"\r\n                alt=\"Image non trouv\u00e9e\" draggable=\"false\">\r\n        <\/picture>\r\n    <\/div>\r\n<\/div>\n\n<div class=\"ArticleEdito reverse\" data-component-id=\"ArticleEdito\">\r\n    <div class=\"ArticleEdito-content\">\r\n        <h2 class=\"ArticleEdito-title\">Qualit\u00e9<\/h2>        <div class=\"ArticleEdito-text AppText AppScrollbar\">Garantir et contr\u00f4ler la qualit\u00e9 de nos produits dans le respect des normes et des exigences que nous nous fixons. Mettre en place des proc\u00e9d\u00e9s qui optimisent notre organisation. G\u00e9rer les \u00e9quipements du Groupe pour maintenir un environnement de travail sain et s\u00e9curis\u00e9. Ceci n\u2019est qu\u2019un exemple des multiples missions du P\u00f4le Qualit\u00e9 qui contribuent \u00e0 am\u00e9liorer l\u2019exp\u00e9rience de nos clients et de nos collaborateurs.<\/div>\r\n            <\/div>\r\n    <div class=\"Image ArticleEdito-image\" data-component-id=\"image\">\r\n        <picture>\r\n            <img class=\"lazyload\" data-src=\"https:\/\/hifi-filter.com\/wp-content\/uploads\/2021\/10\/Ours-Jobs-LR.jpg\" width=\"1440\" height=\"800\"\r\n                alt=\"Image non trouv\u00e9e\" draggable=\"false\">\r\n        <\/picture>\r\n    <\/div>\r\n<\/div>\n\n<div class=\"ArticleEdito\" data-component-id=\"ArticleEdito\">\r\n    <div class=\"ArticleEdito-content\">\r\n        <h2 class=\"ArticleEdito-title\">Supply chain &#8211; Logistique<\/h2>        <div class=\"ArticleEdito-text AppText AppScrollbar\">En v\u00e9ritable chef d\u2019orchestre, la Supply Chain coordonne les flux entrants et sortants des produits. De l\u2019approvisionnement \u00e0 l\u2019exp\u00e9dition en passant par le stockage et la pr\u00e9paration des commandes, sa mission est d\u2019optimiser les co\u00fbts logistiques tout en respectant les contraintes commerciales. Son objectif final : garantir une livraison \u00e0 temps de chaque commande.<\/div>\r\n            <\/div>\r\n    <div class=\"Image ArticleEdito-image\" data-component-id=\"image\">\r\n        <picture>\r\n            <img class=\"lazyload\" data-src=\"https:\/\/hifi-filter.com\/wp-content\/uploads\/2021\/10\/Supply-Chain-LR.jpg\" width=\"1440\" height=\"800\"\r\n                alt=\"Image non trouv\u00e9e\" draggable=\"false\">\r\n        <\/picture>\r\n    <\/div>\r\n<\/div>\n\n<div class=\"ArticleEdito reverse\" data-component-id=\"ArticleEdito\">\r\n    <div class=\"ArticleEdito-content\">\r\n        <h2 class=\"ArticleEdito-title\">Fonctions supports<\/h2>        <div class=\"ArticleEdito-text AppText AppScrollbar\">Ressources Humaines, Comptabilit\u00e9, IT et Communication : les services Supports sont un rouage essentiel chez HIFI FILTER\u00ae. Que ce soit en recrutant nos futurs talents, en g\u00e9rant les investissements, en d\u00e9veloppant de nouvelles solutions digitales ou en valorisant l\u2019image de la marque, ils participent tous \u00e0 dynamiser l\u2019organisation du Groupe et \u00e0 fournir aux autres Services les outils pour r\u00e9ussir.<\/div>\r\n            <\/div>\r\n    <div class=\"Image ArticleEdito-image\" data-component-id=\"image\">\r\n        <picture>\r\n            <img class=\"lazyload\" data-src=\"https:\/\/hifi-filter.com\/wp-content\/uploads\/2021\/10\/Support-LR.jpg\" width=\"1440\" height=\"800\"\r\n                alt=\"Image non trouv\u00e9e\" draggable=\"false\">\r\n        <\/picture>\r\n    <\/div>\r\n<\/div>\n\n\n\n<section class=\"KnowMore\" data-component-id=\"KnowMore\">\n    <div class=\"Image\" data-component-id=\"image\">\n        <picture>\n            <img class=\"lazyload\" data-src=\"https:\/\/hifi-filter.com\/wp-content\/uploads\/2021\/10\/CTA-Join-Us-1.jpg\" width=\"1920\" height=\"642\" alt=\"\" draggable=\"false\">\n        <\/picture>\n    <\/div>\n    <div class=\"KnowMore-content\">\n        <p class=\"AppTitle h1\">Participez \u00e0 l&rsquo;aventure<\/p>\n        <div class=\"KnowMore-subtitle\">Consultez nos offres ou candidater spontan\u00e9ment<\/div>\n        <div class=\"KnowMore-buttons\">\n                        <div class=\"ButtonIcon\" data-component-id=\"ButtonIcon\">\n                <a class=\"ButtonIcon-component\" aria-label=\"Nous rejoindre\" href=\"https:\/\/hifi-filter.com\/fr\/travailler-chez-hifi\/nous-rejoindre\/\" target=\"_self\" data-trk-other-cta=\"Nous rejoindre\">\n                    <div class=\"ButtonIcon-icon\"><?xml version=\"1.0\" encoding=\"utf-8\"?>\r\n<!-- Generator: Adobe Illustrator 26.0.1, SVG Export Plug-In . SVG Version: 6.00 Build 0)  -->\r\n<svg version=\"1.1\" id=\"Calque_1\" xmlns=\"http:\/\/www.w3.org\/2000\/svg\" xmlns:xlink=\"http:\/\/www.w3.org\/1999\/xlink\" x=\"0px\" y=\"0px\"\r\n\t viewBox=\"0 0 283.5 283.5\" style=\"enable-background:new 0 0 283.5 283.5;\" xml:space=\"preserve\">\r\n<path d=\"M280.9,125.9l-97.1-97.2c-3.3-3.3-8.7-3.4-12.1,0c0,0,0,0,0,0l-23.5,23.5c-1.7,1.6-2.6,3.8-2.6,6.1c0,2.3,0.9,4.5,2.5,6.1\r\n\tl4.8,4.9h-22.5l4.9-4.9c3.3-3.3,3.3-8.7,0-12l-23.6-23.5c-1.6-1.6-3.8-2.5-6-2.5l0,0c-2.3,0-4.4,0.9-6,2.5L2.6,125.8\r\n\tc-3.3,3.3-3.4,8.7-0.1,12c0,0,0.1,0.1,0.1,0.1l23.5,23.5c3.3,3.3,8.7,3.4,12,0.1c0,0,0.1-0.1,0.1-0.1l3.1-3.1l9.5,9.5l-1.2,1.1\r\n\tc-8.8,8.8-8.8,23,0,31.8c3.6,3.6,8.3,5.9,13.3,6.4c1.2,10.4,9.4,18.6,19.8,19.8c0.5,5,2.8,9.7,6.4,13.3c3.6,3.7,8.4,5.9,13.6,6.5\r\n\tc0.5,5,2.7,9.7,6.2,13.3c8.8,8.8,23,8.8,31.8,0c0,0,0,0,0,0l1.1-1.1l1.1,1.1c8.8,8.8,23,8.8,31.8,0c3.6-3.6,5.9-8.3,6.5-13.3\r\n\tc10.3-1.2,18.5-9.4,19.7-19.8c10.4-1.2,18.6-9.4,19.8-19.8c12.3-1.4,21.2-12.5,19.8-24.9c-0.6-5.1-2.8-9.8-6.4-13.4l-1.1-1.1\r\n\tl9.5-9.5l3.1,3c1.6,1.6,3.7,2.5,6,2.5c2.3,0,4.4-0.9,6.1-2.5l23.5-23.5c3.3-3.3,3.4-8.7,0.1-12C281,125.9,281,125.8,280.9,125.9\r\n\tL280.9,125.9z M117.4,58.2l-85.2,85.2l-11.5-11.5l85.2-85.2L117.4,58.2z M202.2,200.8c2.1,2.1,2.1,5.5,0.1,7.7\r\n\tc-2.2,2.1-5.6,2.2-7.8,0.1c-1.6-1.6-3.7-2.5-5.9-2.5h-0.1c-4.7,0-8.5,3.9-8.5,8.6c0,2.2,0.9,4.4,2.5,6c1,1,1.6,2.4,1.6,3.8\r\n\tc0,3-2.3,5.4-5.3,5.5c-1.5,0-2.9-0.5-3.9-1.6c-1.6-1.6-3.8-2.5-6-2.5h-0.1c-2.2,0-4.4,0.9-6,2.5c-1.6,1.6-2.5,3.7-2.5,6\r\n\tc0,2.3,0.9,4.5,2.5,6c1,1,1.6,2.4,1.5,3.9c0,1.4-0.5,2.8-1.5,3.7c-2.1,2.1-5.5,2.2-7.7,0.1l-1.6-1.6c5.7-8.9,4.4-20.5-3.1-27.9\r\n\tc-2.3-2.3-5.1-4-8.2-5c0.3-1.4,0.4-2.8,0.4-4.1c0-6-2.4-11.7-6.6-16c-2.2-2.2-4.9-3.8-7.8-4.8c1.8-7.5-0.4-15.5-5.9-21\r\n\tc-5.6-5.3-13.4-7.4-20.8-5.6c-1-3-2.7-5.7-4.9-8c-4.2-4.2-10-6.5-15.9-6.4l0,0c-5.9,0-11.6,2.2-15.8,6.4l-1.9,1.9l-9.5-9.5\r\n\tl60.2-60.1h18.9l-21.6,21.6c-8.7,8.9-8.4,23.2,0.5,31.8c8.7,8.5,22.6,8.5,31.3,0l20.4-20.4c4.3,0.9,8.8,1,13.2,0.2\r\n\tc0.5,1.1,0.3,2.5-0.5,3.4c-3.3,3.3-3.3,8.7,0,12c0,0,0,0,0,0l46.2,46.2c1,1,1.6,2.4,1.6,3.8c0,1.4-0.6,2.8-1.6,3.9l0,0\r\n\tc-2.1,2.1-5.5,2.1-7.6-0.1c-3.4-3.3-8.8-3.3-12.1,0.1c-1.6,1.6-2.5,3.8-2.5,6C199.6,197,200.5,199.2,202.2,200.8L202.2,200.8z\r\n\t M130.6,230.6l0.3-0.4c1-0.8,2.3-1.2,3.6-1.2c1.4,0,2.7,0.6,3.7,1.6c1,1,1.6,2.4,1.6,3.8c0,1.4-0.5,2.8-1.5,3.8l-9.7,9.7\r\n\tc-2.1,2.1-5.6,2.2-7.7,0c-2.1-2.1-2.2-5.6,0-7.7L130.6,230.6z M220.7,155.8l-28.6-28.6c2.7-7.8,0.4-16.8-6.1-23.4\r\n\tc-2.2-2.2-5.4-3-8.4-2.1c-4.6,1.4-10.4,1.4-11.5,0.6c-3.4-2.5-8.1-2.2-11.1,0.8l-23.9,24l-0.5,0.4c-2.2,2.1-5.6,1.9-7.7-0.3\r\n\tc-2-2.1-2-5.4,0-7.5l33.6-33.7H170l60.2,60.2L220.7,155.8z M61.6,181.1L76.7,166c1-1,2.4-1.5,3.8-1.5l0,0c1.4,0,2.8,0.5,3.8,1.5\r\n\tc2.1,2.1,2.1,5.6,0,7.7l-14.9,15c-2.1,2.1-5.6,2.1-7.7,0C59.5,186.6,59.5,183.2,61.6,181.1L61.6,181.1z M79.8,204.6\r\n\tc0-1.4,0.6-2.8,1.6-3.8l21.2-21.2c1-1,2.3-1.6,3.8-1.5c1.4,0,2.8,0.5,3.8,1.5c2.1,2.1,2.1,5.6,0,7.7l-21.1,21.1\r\n\tc-1,1-2.4,1.6-3.8,1.6c-1.5,0-2.9-0.6-3.9-1.7C80.3,207.4,79.8,206,79.8,204.6L79.8,204.6z M101.1,228.2c-1-1-1.5-2.4-1.5-3.8\r\n\tc0-1.5,0.5-2.8,1.6-3.9l15-15c1-1,2.4-1.6,3.9-1.6c1.4,0,2.8,0.5,3.8,1.5c1,1,1.6,2.4,1.6,3.9c0,1.4-0.5,2.8-1.5,3.8l-15.1,15.1\r\n\tC106.6,230.4,103.2,230.3,101.1,228.2C101.1,228.2,101.1,228.2,101.1,228.2L101.1,228.2z M262.8,131.9l-11.5,11.5l-82-82.1l-1.3-1.3\r\n\tl0,0l-1.8-1.8l11.5-11.5L262.8,131.9z\"\/>\r\n<\/svg>\r\n<\/div>                    <span class=\"ButtonIcon-text\"><p style=\"text-align: left;\">Nous rejoindre<\/p><\/span>\n                <\/a>\n            <\/div>\n                    <\/div>\n    <\/div>\n<\/section>\n\n\n\r\n<section class=\"LeModole\" data-component-id=\"LeModole\">\r\n    <div class=\"LeModole-container\">\r\n        <div class=\"LeModole-images\">\r\n            <div class=\"LeModole-image\" ref=\"slides\">\r\n                <div class=\"Image\" data-component-id=\"image\">\r\n                    <picture>\r\n                        <img class=\"lazyload\" data-src=\"https:\/\/hifi-filter.com\/wp-content\/uploads\/2021\/10\/Work-With-HIFI-FILTER-LR.jpg\" width=\"1440\" height=\"800\" alt=\"Image non trouv\u00e9e\" draggable=\"false\">\r\n                    <\/picture>\r\n                <\/div>\r\n            <\/div><div class=\"LeModole-image\" ref=\"slides\">\r\n                <div class=\"Image\" data-component-id=\"image\">\r\n                    <picture>\r\n                        <img class=\"lazyload\" data-src=\"\" width=\"1440\" height=\"800\" alt=\"Image non trouv\u00e9e\" draggable=\"false\">\r\n                    <\/picture>\r\n                <\/div>\r\n            <\/div><div class=\"LeModole-image\" ref=\"slides\">\r\n                <div class=\"Image\" data-component-id=\"image\">\r\n                    <picture>\r\n                        <img class=\"lazyload\" data-src=\"https:\/\/hifi-filter.com\/wp-content\/uploads\/2021\/10\/HIFI-FILTER-History-AR.jpg\" width=\"1440\" height=\"800\" alt=\"Image non trouv\u00e9e\" draggable=\"false\">\r\n                    <\/picture>\r\n                <\/div>\r\n            <\/div>        <\/div>\r\n        <div class=\"LeModole-listContainer\">\r\n            <ul class=\"LeModole-list\">\r\n                <li class=\"LeModole-listItem AppBorder \" ref=\"titles\">\r\n                <a aria-label=\"Travailler chez HIFI\" href=\"https:\/\/hifi-filter.com\/fr\/travailler-chez-hifi\/\" target=\"_self\" data-trk-other-cta=\"Travailler chez HIFI\">\r\n                    <div class=\"AppTitle h2\">Travailler chez HIFI<\/div>\r\n                    <div class=\"AppText\">\r\n                        <p><\/p>\r\n                    <\/div>\r\n                <\/a>\r\n            <\/li><li class=\"LeModole-listItem AppBorder \" ref=\"titles\">\r\n                <a aria-label=\"Qui sommes-nous ?\" href=\"https:\/\/hifi-filter.com\/qui-sommes-nous\/\" target=\"_self\" data-trk-other-cta=\"Qui sommes-nous ?\">\r\n                    <div class=\"AppTitle h2\">Qui sommes-nous ?<\/div>\r\n                    <div class=\"AppText\">\r\n                        <p><\/p>\r\n                    <\/div>\r\n                <\/a>\r\n            <\/li><li class=\"LeModole-listItem AppBorder \" ref=\"titles\">\r\n                <a aria-label=\"Notre Histoire\" href=\"https:\/\/hifi-filter.com\/notre-histoire\/\" target=\"_self\" data-trk-other-cta=\"Notre Histoire\">\r\n                    <div class=\"AppTitle h2\">Notre Histoire<\/div>\r\n                    <div class=\"AppText\">\r\n                        <p><\/p>\r\n                    <\/div>\r\n                <\/a>\r\n            <\/li>            <\/ul>\r\n        <\/div>\r\n    <\/div>\r\n<\/section>\r\n","protected":false},"excerpt":{"rendered":"","protected":false},"author":1,"featured_media":0,"parent":5111,"menu_order":94,"comment_status":"closed","ping_status":"closed","template":"","meta":{"_acf_changed":false,"footnotes":""},"acf":[],"yoast_head":"<!-- This site is optimized with the Yoast SEO plugin v22.2 - https:\/\/yoast.com\/wordpress\/plugins\/seo\/ -->\n<title>Tous nos m\u00e9tiers : rejoignez le leader des filtres compatibles | HIFI FILTER<\/title>\n<meta name=\"description\" content=\"Marketing, Relation client\u00e8le, Conception produit, Contr\u00f4le qualit\u00e9, Supply Chain et Fonction support, les opportunit\u00e9s sont nombreuses. Rejoignez l&#039;aventure HIFI FILTER !\" \/>\n<meta name=\"robots\" content=\"index, follow, max-snippet:-1, max-image-preview:large, max-video-preview:-1\" \/>\n<link rel=\"canonical\" href=\"https:\/\/hifi-filter.com\/fr\/travailler-chez-hifi\/nos-metiers\/\" \/>\n<script type=\"application\/ld+json\" class=\"yoast-schema-graph\">{\"@context\":\"https:\/\/schema.org\",\"@graph\":[{\"@type\":\"WebPage\",\"@id\":\"https:\/\/hifi-filter.com\/fr\/travailler-chez-hifi\/nos-metiers\/\",\"url\":\"https:\/\/hifi-filter.com\/fr\/travailler-chez-hifi\/nos-metiers\/\",\"name\":\"Tous nos m\u00e9tiers : rejoignez le leader des filtres compatibles | HIFI FILTER\",\"isPartOf\":{\"@id\":\"https:\/\/hifi-filter.com\/fr\/#website\"},\"datePublished\":\"2021-10-15T12:55:12+00:00\",\"dateModified\":\"2024-09-23T11:27:06+00:00\",\"description\":\"Marketing, Relation client\u00e8le, Conception produit, Contr\u00f4le qualit\u00e9, Supply Chain et Fonction support, les opportunit\u00e9s sont nombreuses. Rejoignez l'aventure HIFI FILTER !\",\"breadcrumb\":{\"@id\":\"https:\/\/hifi-filter.com\/fr\/travailler-chez-hifi\/nos-metiers\/#breadcrumb\"},\"inLanguage\":\"fr-FR\",\"potentialAction\":[{\"@type\":\"ReadAction\",\"target\":[\"https:\/\/hifi-filter.com\/fr\/travailler-chez-hifi\/nos-metiers\/\"]}]},{\"@type\":\"BreadcrumbList\",\"@id\":\"https:\/\/hifi-filter.com\/fr\/travailler-chez-hifi\/nos-metiers\/#breadcrumb\",\"itemListElement\":[{\"@type\":\"ListItem\",\"position\":1,\"name\":\"Home\",\"item\":\"https:\/\/hifi-filter.com\/fr\/\"},{\"@type\":\"ListItem\",\"position\":2,\"name\":\"Travailler chez HIFI\",\"item\":\"https:\/\/hifi-filter.com\/fr\/travailler-chez-hifi\/\"},{\"@type\":\"ListItem\",\"position\":3,\"name\":\"Nos m\u00e9tiers\"}]},{\"@type\":\"WebSite\",\"@id\":\"https:\/\/hifi-filter.com\/fr\/#website\",\"url\":\"https:\/\/hifi-filter.com\/fr\/\",\"name\":\"HIFI FILTER\",\"description\":\"Your partner in filtration &amp; separation\",\"publisher\":{\"@id\":\"https:\/\/hifi-filter.com\/fr\/#organization\"},\"potentialAction\":[{\"@type\":\"SearchAction\",\"target\":{\"@type\":\"EntryPoint\",\"urlTemplate\":\"https:\/\/hifi-filter.com\/fr\/?s={search_term_string}\"},\"query-input\":\"required name=search_term_string\"}],\"inLanguage\":\"fr-FR\"},{\"@type\":\"Organization\",\"@id\":\"https:\/\/hifi-filter.com\/fr\/#organization\",\"name\":\"HIFI FILTER\",\"url\":\"https:\/\/hifi-filter.com\/fr\/\",\"logo\":{\"@type\":\"ImageObject\",\"inLanguage\":\"fr-FR\",\"@id\":\"https:\/\/hifi-filter.com\/fr\/#\/schema\/logo\/image\/\",\"url\":\"https:\/\/hifi-filter.com\/wp-content\/uploads\/2021\/11\/cropped-Favicon-HIFI-FILTER-1.png\",\"contentUrl\":\"https:\/\/hifi-filter.com\/wp-content\/uploads\/2021\/11\/cropped-Favicon-HIFI-FILTER-1.png\",\"width\":190,\"height\":190,\"caption\":\"HIFI FILTER\"},\"image\":{\"@id\":\"https:\/\/hifi-filter.com\/fr\/#\/schema\/logo\/image\/\"},\"sameAs\":[\"https:\/\/www.facebook.com\/hififilter.group\",\"https:\/\/www.linkedin.com\/company\/hififilter\/\"]}]}<\/script>\n<!-- \/ Yoast SEO plugin. -->","yoast_head_json":{"title":"Tous nos m\u00e9tiers : rejoignez le leader des filtres compatibles | HIFI FILTER","description":"Marketing, Relation client\u00e8le, Conception produit, Contr\u00f4le qualit\u00e9, Supply Chain et Fonction support, les opportunit\u00e9s sont nombreuses. Rejoignez l'aventure HIFI FILTER !","robots":{"index":"index","follow":"follow","max-snippet":"max-snippet:-1","max-image-preview":"max-image-preview:large","max-video-preview":"max-video-preview:-1"},"canonical":"https:\/\/hifi-filter.com\/fr\/travailler-chez-hifi\/nos-metiers\/","schema":{"@context":"https:\/\/schema.org","@graph":[{"@type":"WebPage","@id":"https:\/\/hifi-filter.com\/fr\/travailler-chez-hifi\/nos-metiers\/","url":"https:\/\/hifi-filter.com\/fr\/travailler-chez-hifi\/nos-metiers\/","name":"Tous nos m\u00e9tiers : rejoignez le leader des filtres compatibles | HIFI FILTER","isPartOf":{"@id":"https:\/\/hifi-filter.com\/fr\/#website"},"datePublished":"2021-10-15T12:55:12+00:00","dateModified":"2024-09-23T11:27:06+00:00","description":"Marketing, Relation client\u00e8le, Conception produit, Contr\u00f4le qualit\u00e9, Supply Chain et Fonction support, les opportunit\u00e9s sont nombreuses. Rejoignez l'aventure HIFI FILTER !","breadcrumb":{"@id":"https:\/\/hifi-filter.com\/fr\/travailler-chez-hifi\/nos-metiers\/#breadcrumb"},"inLanguage":"fr-FR","potentialAction":[{"@type":"ReadAction","target":["https:\/\/hifi-filter.com\/fr\/travailler-chez-hifi\/nos-metiers\/"]}]},{"@type":"BreadcrumbList","@id":"https:\/\/hifi-filter.com\/fr\/travailler-chez-hifi\/nos-metiers\/#breadcrumb","itemListElement":[{"@type":"ListItem","position":1,"name":"Home","item":"https:\/\/hifi-filter.com\/fr\/"},{"@type":"ListItem","position":2,"name":"Travailler chez HIFI","item":"https:\/\/hifi-filter.com\/fr\/travailler-chez-hifi\/"},{"@type":"ListItem","position":3,"name":"Nos m\u00e9tiers"}]},{"@type":"WebSite","@id":"https:\/\/hifi-filter.com\/fr\/#website","url":"https:\/\/hifi-filter.com\/fr\/","name":"HIFI FILTER","description":"Your partner in filtration &amp; separation","publisher":{"@id":"https:\/\/hifi-filter.com\/fr\/#organization"},"potentialAction":[{"@type":"SearchAction","target":{"@type":"EntryPoint","urlTemplate":"https:\/\/hifi-filter.com\/fr\/?s={search_term_string}"},"query-input":"required name=search_term_string"}],"inLanguage":"fr-FR"},{"@type":"Organization","@id":"https:\/\/hifi-filter.com\/fr\/#organization","name":"HIFI FILTER","url":"https:\/\/hifi-filter.com\/fr\/","logo":{"@type":"ImageObject","inLanguage":"fr-FR","@id":"https:\/\/hifi-filter.com\/fr\/#\/schema\/logo\/image\/","url":"https:\/\/hifi-filter.com\/wp-content\/uploads\/2021\/11\/cropped-Favicon-HIFI-FILTER-1.png","contentUrl":"https:\/\/hifi-filter.com\/wp-content\/uploads\/2021\/11\/cropped-Favicon-HIFI-FILTER-1.png","width":190,"height":190,"caption":"HIFI FILTER"},"image":{"@id":"https:\/\/hifi-filter.com\/fr\/#\/schema\/logo\/image\/"},"sameAs":["https:\/\/www.facebook.com\/hififilter.group","https:\/\/www.linkedin.com\/company\/hififilter\/"]}]}},"_links":{"self":[{"href":"https:\/\/hifi-filter.com\/fr\/wp-json\/wp\/v2\/pages\/5101"}],"collection":[{"href":"https:\/\/hifi-filter.com\/fr\/wp-json\/wp\/v2\/pages"}],"about":[{"href":"https:\/\/hifi-filter.com\/fr\/wp-json\/wp\/v2\/types\/page"}],"author":[{"embeddable":true,"href":"https:\/\/hifi-filter.com\/fr\/wp-json\/wp\/v2\/users\/1"}],"replies":[{"embeddable":true,"href":"https:\/\/hifi-filter.com\/fr\/wp-json\/wp\/v2\/comments?post=5101"}],"version-history":[{"count":12,"href":"https:\/\/hifi-filter.com\/fr\/wp-json\/wp\/v2\/pages\/5101\/revisions"}],"predecessor-version":[{"id":23950,"href":"https:\/\/hifi-filter.com\/fr\/wp-json\/wp\/v2\/pages\/5101\/revisions\/23950"}],"up":[{"embeddable":true,"href":"https:\/\/hifi-filter.com\/fr\/wp-json\/wp\/v2\/pages\/5111"}],"wp:attachment":[{"href":"https:\/\/hifi-filter.com\/fr\/wp-json\/wp\/v2\/media?parent=5101"}],"curies":[{"name":"wp","href":"https:\/\/api.w.org\/{rel}","templated":true}]}}