{"id":5111,"date":"2021-10-15T14:49:13","date_gmt":"2021-10-15T12:49:13","guid":{"rendered":"https:\/\/hifi-filter.sitendev.com\/?page_id=5111"},"modified":"2024-12-09T11:11:47","modified_gmt":"2024-12-09T10:11:47","slug":"travailler-chez-hifi","status":"publish","type":"page","link":"https:\/\/hifi-filter.com\/fr\/travailler-chez-hifi\/","title":{"rendered":"Travailler chez HIFI"},"content":{"rendered":"<div class=\"Quote 1\" data-component-id=\"Quote\">\n    <div class=\"Quote-text\"><span class=\"Quote-sign\">\u201c<\/span>Au c\u0153ur de notre groupe, plus de 850 collaboratrices et collaborateurs b\u00e2tissent avec nous, notre r\u00e9ussite et notre avenir. Ces hommes et ces femmes b\u00e9n\u00e9ficient de la stabilit\u00e9, du dynamisme et des possibilit\u00e9s offertes par nos 8 sites internationaux et notre pr\u00e9sence dans plus de 160 pays.<span class=\"Quote-sign\">\u201c<\/span><\/div>\n    <p class=\"Quote-author\">&#8211;<\/p>\n<\/div>\n\n\n\n<section class=\"KnowMore\" data-component-id=\"KnowMore\">\n    <div class=\"Image\" data-component-id=\"image\">\n        <picture>\n            <img class=\"lazyload\" data-src=\"https:\/\/hifi-filter.com\/wp-content\/uploads\/2021\/10\/CTA-Join-Us-1.jpg\" width=\"1920\" height=\"642\" alt=\"\" draggable=\"false\">\n        <\/picture>\n    <\/div>\n    <div class=\"KnowMore-content\">\n        <p class=\"AppTitle h1\">Participez \u00e0 l&rsquo;aventure<\/p>\n        <div class=\"KnowMore-subtitle\">Consultez nos offres ou candidater spontan\u00e9ment<\/div>\n        <div class=\"KnowMore-buttons\">\n                        <div class=\"ButtonIcon\" data-component-id=\"ButtonIcon\">\n                <a class=\"ButtonIcon-component\" aria-label=\"Nous rejoindre\" href=\"https:\/\/hifi-filter.com\/fr\/travailler-chez-hifi\/nous-rejoindre\/\" target=\"_self\" data-trk-other-cta=\"Nous rejoindre\">\n                    <div class=\"ButtonIcon-icon\"><?xml version=\"1.0\" encoding=\"utf-8\"?>\r\n<!-- Generator: Adobe Illustrator 26.0.1, SVG Export Plug-In . SVG Version: 6.00 Build 0)  -->\r\n<svg version=\"1.1\" id=\"Calque_1\" xmlns=\"http:\/\/www.w3.org\/2000\/svg\" xmlns:xlink=\"http:\/\/www.w3.org\/1999\/xlink\" x=\"0px\" y=\"0px\"\r\n\t viewBox=\"0 0 283.5 283.5\" style=\"enable-background:new 0 0 283.5 283.5;\" xml:space=\"preserve\">\r\n<path d=\"M280.9,125.9l-97.1-97.2c-3.3-3.3-8.7-3.4-12.1,0c0,0,0,0,0,0l-23.5,23.5c-1.7,1.6-2.6,3.8-2.6,6.1c0,2.3,0.9,4.5,2.5,6.1\r\n\tl4.8,4.9h-22.5l4.9-4.9c3.3-3.3,3.3-8.7,0-12l-23.6-23.5c-1.6-1.6-3.8-2.5-6-2.5l0,0c-2.3,0-4.4,0.9-6,2.5L2.6,125.8\r\n\tc-3.3,3.3-3.4,8.7-0.1,12c0,0,0.1,0.1,0.1,0.1l23.5,23.5c3.3,3.3,8.7,3.4,12,0.1c0,0,0.1-0.1,0.1-0.1l3.1-3.1l9.5,9.5l-1.2,1.1\r\n\tc-8.8,8.8-8.8,23,0,31.8c3.6,3.6,8.3,5.9,13.3,6.4c1.2,10.4,9.4,18.6,19.8,19.8c0.5,5,2.8,9.7,6.4,13.3c3.6,3.7,8.4,5.9,13.6,6.5\r\n\tc0.5,5,2.7,9.7,6.2,13.3c8.8,8.8,23,8.8,31.8,0c0,0,0,0,0,0l1.1-1.1l1.1,1.1c8.8,8.8,23,8.8,31.8,0c3.6-3.6,5.9-8.3,6.5-13.3\r\n\tc10.3-1.2,18.5-9.4,19.7-19.8c10.4-1.2,18.6-9.4,19.8-19.8c12.3-1.4,21.2-12.5,19.8-24.9c-0.6-5.1-2.8-9.8-6.4-13.4l-1.1-1.1\r\n\tl9.5-9.5l3.1,3c1.6,1.6,3.7,2.5,6,2.5c2.3,0,4.4-0.9,6.1-2.5l23.5-23.5c3.3-3.3,3.4-8.7,0.1-12C281,125.9,281,125.8,280.9,125.9\r\n\tL280.9,125.9z M117.4,58.2l-85.2,85.2l-11.5-11.5l85.2-85.2L117.4,58.2z M202.2,200.8c2.1,2.1,2.1,5.5,0.1,7.7\r\n\tc-2.2,2.1-5.6,2.2-7.8,0.1c-1.6-1.6-3.7-2.5-5.9-2.5h-0.1c-4.7,0-8.5,3.9-8.5,8.6c0,2.2,0.9,4.4,2.5,6c1,1,1.6,2.4,1.6,3.8\r\n\tc0,3-2.3,5.4-5.3,5.5c-1.5,0-2.9-0.5-3.9-1.6c-1.6-1.6-3.8-2.5-6-2.5h-0.1c-2.2,0-4.4,0.9-6,2.5c-1.6,1.6-2.5,3.7-2.5,6\r\n\tc0,2.3,0.9,4.5,2.5,6c1,1,1.6,2.4,1.5,3.9c0,1.4-0.5,2.8-1.5,3.7c-2.1,2.1-5.5,2.2-7.7,0.1l-1.6-1.6c5.7-8.9,4.4-20.5-3.1-27.9\r\n\tc-2.3-2.3-5.1-4-8.2-5c0.3-1.4,0.4-2.8,0.4-4.1c0-6-2.4-11.7-6.6-16c-2.2-2.2-4.9-3.8-7.8-4.8c1.8-7.5-0.4-15.5-5.9-21\r\n\tc-5.6-5.3-13.4-7.4-20.8-5.6c-1-3-2.7-5.7-4.9-8c-4.2-4.2-10-6.5-15.9-6.4l0,0c-5.9,0-11.6,2.2-15.8,6.4l-1.9,1.9l-9.5-9.5\r\n\tl60.2-60.1h18.9l-21.6,21.6c-8.7,8.9-8.4,23.2,0.5,31.8c8.7,8.5,22.6,8.5,31.3,0l20.4-20.4c4.3,0.9,8.8,1,13.2,0.2\r\n\tc0.5,1.1,0.3,2.5-0.5,3.4c-3.3,3.3-3.3,8.7,0,12c0,0,0,0,0,0l46.2,46.2c1,1,1.6,2.4,1.6,3.8c0,1.4-0.6,2.8-1.6,3.9l0,0\r\n\tc-2.1,2.1-5.5,2.1-7.6-0.1c-3.4-3.3-8.8-3.3-12.1,0.1c-1.6,1.6-2.5,3.8-2.5,6C199.6,197,200.5,199.2,202.2,200.8L202.2,200.8z\r\n\t M130.6,230.6l0.3-0.4c1-0.8,2.3-1.2,3.6-1.2c1.4,0,2.7,0.6,3.7,1.6c1,1,1.6,2.4,1.6,3.8c0,1.4-0.5,2.8-1.5,3.8l-9.7,9.7\r\n\tc-2.1,2.1-5.6,2.2-7.7,0c-2.1-2.1-2.2-5.6,0-7.7L130.6,230.6z M220.7,155.8l-28.6-28.6c2.7-7.8,0.4-16.8-6.1-23.4\r\n\tc-2.2-2.2-5.4-3-8.4-2.1c-4.6,1.4-10.4,1.4-11.5,0.6c-3.4-2.5-8.1-2.2-11.1,0.8l-23.9,24l-0.5,0.4c-2.2,2.1-5.6,1.9-7.7-0.3\r\n\tc-2-2.1-2-5.4,0-7.5l33.6-33.7H170l60.2,60.2L220.7,155.8z M61.6,181.1L76.7,166c1-1,2.4-1.5,3.8-1.5l0,0c1.4,0,2.8,0.5,3.8,1.5\r\n\tc2.1,2.1,2.1,5.6,0,7.7l-14.9,15c-2.1,2.1-5.6,2.1-7.7,0C59.5,186.6,59.5,183.2,61.6,181.1L61.6,181.1z M79.8,204.6\r\n\tc0-1.4,0.6-2.8,1.6-3.8l21.2-21.2c1-1,2.3-1.6,3.8-1.5c1.4,0,2.8,0.5,3.8,1.5c2.1,2.1,2.1,5.6,0,7.7l-21.1,21.1\r\n\tc-1,1-2.4,1.6-3.8,1.6c-1.5,0-2.9-0.6-3.9-1.7C80.3,207.4,79.8,206,79.8,204.6L79.8,204.6z M101.1,228.2c-1-1-1.5-2.4-1.5-3.8\r\n\tc0-1.5,0.5-2.8,1.6-3.9l15-15c1-1,2.4-1.6,3.9-1.6c1.4,0,2.8,0.5,3.8,1.5c1,1,1.6,2.4,1.6,3.9c0,1.4-0.5,2.8-1.5,3.8l-15.1,15.1\r\n\tC106.6,230.4,103.2,230.3,101.1,228.2C101.1,228.2,101.1,228.2,101.1,228.2L101.1,228.2z M262.8,131.9l-11.5,11.5l-82-82.1l-1.3-1.3\r\n\tl0,0l-1.8-1.8l11.5-11.5L262.8,131.9z\"\/>\r\n<\/svg>\r\n<\/div>                    <span class=\"ButtonIcon-text\"><p style=\"text-align: left;\">Nous rejoindre<\/p><\/span>\n                <\/a>\n            <\/div>\n                    <\/div>\n    <\/div>\n<\/section>\n\n\n<div class=\"ArticleEdito\" data-component-id=\"ArticleEdito\">\r\n    <div class=\"ArticleEdito-content\">\r\n        <h2 class=\"ArticleEdito-title\">Partager nos valeurs<\/h2>        <div class=\"ArticleEdito-text AppText AppScrollbar\">Entreprise familiale par essence, nous sommes attach\u00e9s \u00e0 l&rsquo;\u00e9panouissement de nos collaborateurs. Cela passe par l&rsquo;int\u00e9gration, la lutte contre toutes les discriminations et aussi la recherche d&rsquo;un meilleur \u00e9quilibre entre vie professionnelle et personnelle.\r\nUne philosophie collective guid\u00e9e par nos fondamentaux : <strong>\u00e9thique, respect, esprit d\u2019\u00e9quipe et responsabilit\u00e9.<\/strong><\/div>\r\n            <\/div>\r\n    <div class=\"Image ArticleEdito-image\" data-component-id=\"image\">\r\n        <picture>\r\n            <img class=\"lazyload\" data-src=\"https:\/\/hifi-filter.com\/wp-content\/uploads\/2021\/10\/ADN-HIFI-LR-1.jpg\" width=\"1440\" height=\"800\"\r\n                alt=\"Image non trouv\u00e9e\" draggable=\"false\">\r\n        <\/picture>\r\n    <\/div>\r\n<\/div>\n\n<div class=\"ArticleEdito reverse\" data-component-id=\"ArticleEdito\">\r\n    <div class=\"ArticleEdito-content\">\r\n        <h2 class=\"ArticleEdito-title\">D\u00e9velopper nos talents<\/h2>        <div class=\"ArticleEdito-text AppText AppScrollbar\">Ax\u00e9e sur la formation et l\u2019am\u00e9lioration continue, notre culture d\u2019entreprise encourage le d\u00e9veloppement professionnel.\r\nD\u2019o\u00f9 notre attachement \u00e0 l\u2019acquisition de nouvelles comp\u00e9tences, par la valorisation du savoir-faire des coll\u00e8gues-experts.\r\n\r\nCet engagement pour la transmission des connaissances est pleinement incarn\u00e9 par notre centre de ressources et de formation : la HIFI ACADEMY.<\/div>\r\n            <\/div>\r\n    <div class=\"Image ArticleEdito-image\" data-component-id=\"image\">\r\n        <picture>\r\n            <img class=\"lazyload\" data-src=\"https:\/\/hifi-filter.com\/wp-content\/uploads\/2021\/10\/HIFI-Academy-LR.jpg\" width=\"1440\" height=\"800\"\r\n                alt=\"Image non trouv\u00e9e\" draggable=\"false\">\r\n        <\/picture>\r\n    <\/div>\r\n<\/div>\n\n<div class=\"ArticleEdito\" data-component-id=\"ArticleEdito\">\r\n    <div class=\"ArticleEdito-content\">\r\n        <h2 class=\"ArticleEdito-title\">Satisfaire nos clients<\/h2>        <div class=\"ArticleEdito-text AppText AppScrollbar\">Quel que soit notre domaine d\u2019intervention ou d\u2019expertise, nous nous devons d\u2019atteindre les meilleures performances, afin d\u2019aider notre client\u00e8le \u00e0 g\u00e9n\u00e9rer de la valeur ajout\u00e9e.\r\n\r\nC\u2019est pourquoi nos relations avec nos clients sont si importantes et visent une satisfaction durable par l\u2019\u00e9coute, l&rsquo;efficacit\u00e9 et l\u2019anticipation des besoins. Si ces valeurs sont aussi les v\u00f4tres, votre r\u00e9ussite professionnelle est assur\u00e9e chez HIFI FILTER\u00ae.<\/div>\r\n            <\/div>\r\n    <div class=\"Image ArticleEdito-image\" data-component-id=\"image\">\r\n        <picture>\r\n            <img class=\"lazyload\" data-src=\"https:\/\/hifi-filter.com\/wp-content\/uploads\/2021\/10\/Support-Advice-LR-1.jpg\" width=\"1440\" height=\"800\"\r\n                alt=\"Image non trouv\u00e9e\" draggable=\"false\">\r\n        <\/picture>\r\n    <\/div>\r\n<\/div>\n\n<div class=\"ArticleEdito reverse\" data-component-id=\"ArticleEdito\">\r\n    <div class=\"ArticleEdito-content\">\r\n        <h2 class=\"ArticleEdito-title\">Nos m\u00e9tiers<\/h2>        <div class=\"ArticleEdito-text AppText AppScrollbar\">Ventes, produits, logistique\u2026 :\r\nD\u00e9couvrez les m\u00e9tiers et les missions du Groupe.<\/div>\r\n        \r\n        <div class=\"Button ArticleEdito-button\" data-component-id=\"Button\">\r\n            <a class=\"Button-component\" href=\"https:\/\/hifi-filter.com\/fr\/travailler-chez-hifi\/nos-metiers\/\" aria-label=\"\" target=\"_self\" data-trk-other-cta=\"D\u00e9couvrir\">\r\n                <span class=\"Button-text\">D\u00e9couvrir<\/span>\r\n            <\/a>\r\n        <\/div>    <\/div>\r\n    <div class=\"Image ArticleEdito-image\" data-component-id=\"image\">\r\n        <picture>\r\n            <img class=\"lazyload\" data-src=\"https:\/\/hifi-filter.com\/wp-content\/uploads\/2021\/11\/Ours-Jobs-Products-LR.jpg\" width=\"1440\" height=\"800\"\r\n                alt=\"Image non trouv\u00e9e\" draggable=\"false\">\r\n        <\/picture>\r\n    <\/div>\r\n<\/div>\n\n<div class=\"ArticleEdito\" data-component-id=\"ArticleEdito\">\r\n    <div class=\"ArticleEdito-content\">\r\n        <h2 class=\"ArticleEdito-title\">Rejoignez-nous !<\/h2>        <div class=\"ArticleEdito-text AppText AppScrollbar\">De nombreuses opportunit\u00e9s professionnelles vous attendent chez HIFI FILTER\u00ae : contactez-nous et parlons ensemble de notre avenir !<\/div>\r\n            <\/div>\r\n    <div class=\"Image ArticleEdito-image\" data-component-id=\"image\">\r\n        <picture>\r\n            <img class=\"lazyload\" data-src=\"https:\/\/hifi-filter.com\/wp-content\/uploads\/2021\/11\/Join-Us-LR.jpg\" width=\"1440\" height=\"800\"\r\n                alt=\"Image non trouv\u00e9e\" draggable=\"false\">\r\n        <\/picture>\r\n    <\/div>\r\n<\/div>\n\n\r\n<section class=\"LeModole\" data-component-id=\"LeModole\">\r\n    <div class=\"LeModole-container\">\r\n        <div class=\"LeModole-images\">\r\n            <div class=\"LeModole-image\" ref=\"slides\">\r\n                <div class=\"Image\" data-component-id=\"image\">\r\n                    <picture>\r\n                        <img class=\"lazyload\" data-src=\"https:\/\/hifi-filter.com\/wp-content\/uploads\/2021\/10\/HIFI-FILTER-Logo-AC-2.jpg\" width=\"1440\" height=\"800\" alt=\"Image non trouv\u00e9e\" draggable=\"false\">\r\n                    <\/picture>\r\n                <\/div>\r\n            <\/div><div class=\"LeModole-image\" ref=\"slides\">\r\n                <div class=\"Image\" data-component-id=\"image\">\r\n                    <picture>\r\n                        <img class=\"lazyload\" data-src=\"https:\/\/hifi-filter.com\/wp-content\/uploads\/2021\/10\/HIFI-FILTER-History-AR.jpg\" width=\"1440\" height=\"800\" alt=\"Image non trouv\u00e9e\" draggable=\"false\">\r\n                    <\/picture>\r\n                <\/div>\r\n            <\/div><div class=\"LeModole-image\" ref=\"slides\">\r\n                <div class=\"Image\" data-component-id=\"image\">\r\n                    <picture>\r\n                        <img class=\"lazyload\" data-src=\"https:\/\/hifi-filter.com\/wp-content\/uploads\/2021\/10\/Ours-Jobs-LR.jpg\" width=\"1440\" height=\"800\" alt=\"Image non trouv\u00e9e\" draggable=\"false\">\r\n                    <\/picture>\r\n                <\/div>\r\n            <\/div>        <\/div>\r\n        <div class=\"LeModole-listContainer\">\r\n            <ul class=\"LeModole-list\">\r\n                <li class=\"LeModole-listItem AppBorder \" ref=\"titles\">\r\n                <a aria-label=\"Qui sommes-nous ?\" href=\"https:\/\/hifi-filter.com\/qui-sommes-nous\/\" target=\"_self\" data-trk-other-cta=\"Qui sommes-nous ?\">\r\n                    <div class=\"AppTitle h2\">Qui sommes-nous ?<\/div>\r\n                    <div class=\"AppText\">\r\n                        <p><\/p>\r\n                    <\/div>\r\n                <\/a>\r\n            <\/li><li class=\"LeModole-listItem AppBorder \" ref=\"titles\">\r\n                <a aria-label=\"Notre Histoire\" href=\"https:\/\/hifi-filter.com\/notre-histoire\/\" target=\"_self\" data-trk-other-cta=\"Notre Histoire\">\r\n                    <div class=\"AppTitle h2\">Notre Histoire<\/div>\r\n                    <div class=\"AppText\">\r\n                        <p><\/p>\r\n                    <\/div>\r\n                <\/a>\r\n            <\/li><li class=\"LeModole-listItem AppBorder \" ref=\"titles\">\r\n                <a aria-label=\"Nos m\u00e9tiers\" href=\"https:\/\/hifi-filter.com\/fr\/travailler-chez-hifi\/nos-metiers\/\" target=\"_self\" data-trk-other-cta=\"Nos m\u00e9tiers\">\r\n                    <div class=\"AppTitle h2\">Nos m\u00e9tiers<\/div>\r\n                    <div class=\"AppText\">\r\n                        <p><\/p>\r\n                    <\/div>\r\n                <\/a>\r\n            <\/li>            <\/ul>\r\n        <\/div>\r\n    <\/div>\r\n<\/section>\r\n","protected":false},"excerpt":{"rendered":"","protected":false},"author":1,"featured_media":0,"parent":0,"menu_order":88,"comment_status":"closed","ping_status":"closed","template":"","meta":{"_acf_changed":false,"footnotes":""},"acf":[],"yoast_head":"<!-- This site is optimized with the Yoast SEO plugin v22.2 - https:\/\/yoast.com\/wordpress\/plugins\/seo\/ -->\n<title>Travailler chez HIFI | HIFI FILTER<\/title>\n<meta name=\"description\" content=\"De nombreuses opportunit\u00e9s professionnelles vous attendent chez HIFI FILTER : contactez-nous et parlons ensemble de notre avenir !\" \/>\n<meta name=\"robots\" content=\"index, follow, max-snippet:-1, max-image-preview:large, max-video-preview:-1\" \/>\n<link rel=\"canonical\" href=\"https:\/\/hifi-filter.com\/fr\/travailler-chez-hifi\/\" \/>\n<script type=\"application\/ld+json\" class=\"yoast-schema-graph\">{\"@context\":\"https:\/\/schema.org\",\"@graph\":[{\"@type\":\"WebPage\",\"@id\":\"https:\/\/hifi-filter.com\/fr\/travailler-chez-hifi\/\",\"url\":\"https:\/\/hifi-filter.com\/fr\/travailler-chez-hifi\/\",\"name\":\"Travailler chez HIFI | HIFI FILTER\",\"isPartOf\":{\"@id\":\"https:\/\/hifi-filter.com\/fr\/#website\"},\"datePublished\":\"2021-10-15T12:49:13+00:00\",\"dateModified\":\"2024-12-09T10:11:47+00:00\",\"description\":\"De nombreuses opportunit\u00e9s professionnelles vous attendent chez HIFI FILTER : contactez-nous et parlons ensemble de notre avenir !\",\"breadcrumb\":{\"@id\":\"https:\/\/hifi-filter.com\/fr\/travailler-chez-hifi\/#breadcrumb\"},\"inLanguage\":\"fr-FR\",\"potentialAction\":[{\"@type\":\"ReadAction\",\"target\":[\"https:\/\/hifi-filter.com\/fr\/travailler-chez-hifi\/\"]}]},{\"@type\":\"BreadcrumbList\",\"@id\":\"https:\/\/hifi-filter.com\/fr\/travailler-chez-hifi\/#breadcrumb\",\"itemListElement\":[{\"@type\":\"ListItem\",\"position\":1,\"name\":\"Home\",\"item\":\"https:\/\/hifi-filter.com\/fr\/\"},{\"@type\":\"ListItem\",\"position\":2,\"name\":\"Travailler chez HIFI\"}]},{\"@type\":\"WebSite\",\"@id\":\"https:\/\/hifi-filter.com\/fr\/#website\",\"url\":\"https:\/\/hifi-filter.com\/fr\/\",\"name\":\"HIFI FILTER\",\"description\":\"Your partner in filtration &amp; separation\",\"publisher\":{\"@id\":\"https:\/\/hifi-filter.com\/fr\/#organization\"},\"potentialAction\":[{\"@type\":\"SearchAction\",\"target\":{\"@type\":\"EntryPoint\",\"urlTemplate\":\"https:\/\/hifi-filter.com\/fr\/?s={search_term_string}\"},\"query-input\":\"required name=search_term_string\"}],\"inLanguage\":\"fr-FR\"},{\"@type\":\"Organization\",\"@id\":\"https:\/\/hifi-filter.com\/fr\/#organization\",\"name\":\"HIFI FILTER\",\"url\":\"https:\/\/hifi-filter.com\/fr\/\",\"logo\":{\"@type\":\"ImageObject\",\"inLanguage\":\"fr-FR\",\"@id\":\"https:\/\/hifi-filter.com\/fr\/#\/schema\/logo\/image\/\",\"url\":\"https:\/\/hifi-filter.com\/wp-content\/uploads\/2021\/11\/cropped-Favicon-HIFI-FILTER-1.png\",\"contentUrl\":\"https:\/\/hifi-filter.com\/wp-content\/uploads\/2021\/11\/cropped-Favicon-HIFI-FILTER-1.png\",\"width\":190,\"height\":190,\"caption\":\"HIFI FILTER\"},\"image\":{\"@id\":\"https:\/\/hifi-filter.com\/fr\/#\/schema\/logo\/image\/\"},\"sameAs\":[\"https:\/\/www.facebook.com\/hififilter.group\",\"https:\/\/www.linkedin.com\/company\/hififilter\/\"]}]}<\/script>\n<!-- \/ Yoast SEO plugin. -->","yoast_head_json":{"title":"Travailler chez HIFI | HIFI FILTER","description":"De nombreuses opportunit\u00e9s professionnelles vous attendent chez HIFI FILTER : contactez-nous et parlons ensemble de notre avenir !","robots":{"index":"index","follow":"follow","max-snippet":"max-snippet:-1","max-image-preview":"max-image-preview:large","max-video-preview":"max-video-preview:-1"},"canonical":"https:\/\/hifi-filter.com\/fr\/travailler-chez-hifi\/","schema":{"@context":"https:\/\/schema.org","@graph":[{"@type":"WebPage","@id":"https:\/\/hifi-filter.com\/fr\/travailler-chez-hifi\/","url":"https:\/\/hifi-filter.com\/fr\/travailler-chez-hifi\/","name":"Travailler chez HIFI | HIFI FILTER","isPartOf":{"@id":"https:\/\/hifi-filter.com\/fr\/#website"},"datePublished":"2021-10-15T12:49:13+00:00","dateModified":"2024-12-09T10:11:47+00:00","description":"De nombreuses opportunit\u00e9s professionnelles vous attendent chez HIFI FILTER : contactez-nous et parlons ensemble de notre avenir !","breadcrumb":{"@id":"https:\/\/hifi-filter.com\/fr\/travailler-chez-hifi\/#breadcrumb"},"inLanguage":"fr-FR","potentialAction":[{"@type":"ReadAction","target":["https:\/\/hifi-filter.com\/fr\/travailler-chez-hifi\/"]}]},{"@type":"BreadcrumbList","@id":"https:\/\/hifi-filter.com\/fr\/travailler-chez-hifi\/#breadcrumb","itemListElement":[{"@type":"ListItem","position":1,"name":"Home","item":"https:\/\/hifi-filter.com\/fr\/"},{"@type":"ListItem","position":2,"name":"Travailler chez HIFI"}]},{"@type":"WebSite","@id":"https:\/\/hifi-filter.com\/fr\/#website","url":"https:\/\/hifi-filter.com\/fr\/","name":"HIFI FILTER","description":"Your partner in filtration &amp; separation","publisher":{"@id":"https:\/\/hifi-filter.com\/fr\/#organization"},"potentialAction":[{"@type":"SearchAction","target":{"@type":"EntryPoint","urlTemplate":"https:\/\/hifi-filter.com\/fr\/?s={search_term_string}"},"query-input":"required name=search_term_string"}],"inLanguage":"fr-FR"},{"@type":"Organization","@id":"https:\/\/hifi-filter.com\/fr\/#organization","name":"HIFI FILTER","url":"https:\/\/hifi-filter.com\/fr\/","logo":{"@type":"ImageObject","inLanguage":"fr-FR","@id":"https:\/\/hifi-filter.com\/fr\/#\/schema\/logo\/image\/","url":"https:\/\/hifi-filter.com\/wp-content\/uploads\/2021\/11\/cropped-Favicon-HIFI-FILTER-1.png","contentUrl":"https:\/\/hifi-filter.com\/wp-content\/uploads\/2021\/11\/cropped-Favicon-HIFI-FILTER-1.png","width":190,"height":190,"caption":"HIFI FILTER"},"image":{"@id":"https:\/\/hifi-filter.com\/fr\/#\/schema\/logo\/image\/"},"sameAs":["https:\/\/www.facebook.com\/hififilter.group","https:\/\/www.linkedin.com\/company\/hififilter\/"]}]}},"_links":{"self":[{"href":"https:\/\/hifi-filter.com\/fr\/wp-json\/wp\/v2\/pages\/5111"}],"collection":[{"href":"https:\/\/hifi-filter.com\/fr\/wp-json\/wp\/v2\/pages"}],"about":[{"href":"https:\/\/hifi-filter.com\/fr\/wp-json\/wp\/v2\/types\/page"}],"author":[{"embeddable":true,"href":"https:\/\/hifi-filter.com\/fr\/wp-json\/wp\/v2\/users\/1"}],"replies":[{"embeddable":true,"href":"https:\/\/hifi-filter.com\/fr\/wp-json\/wp\/v2\/comments?post=5111"}],"version-history":[{"count":21,"href":"https:\/\/hifi-filter.com\/fr\/wp-json\/wp\/v2\/pages\/5111\/revisions"}],"predecessor-version":[{"id":42430,"href":"https:\/\/hifi-filter.com\/fr\/wp-json\/wp\/v2\/pages\/5111\/revisions\/42430"}],"wp:attachment":[{"href":"https:\/\/hifi-filter.com\/fr\/wp-json\/wp\/v2\/media?parent=5111"}],"curies":[{"name":"wp","href":"https:\/\/api.w.org\/{rel}","templated":true}]}}