{"id":5769,"date":"2021-10-18T15:13:08","date_gmt":"2021-10-18T13:13:08","guid":{"rendered":"https:\/\/hifi-filter.sitendev.com\/?page_id=5769"},"modified":"2022-05-27T09:14:37","modified_gmt":"2022-05-27T07:14:37","slug":"services","status":"publish","type":"page","link":"https:\/\/hifi-filter.com\/fr\/services\/","title":{"rendered":"Services"},"content":{"rendered":"<div class=\"ArticleEdito reverse\" data-component-id=\"ArticleEdito\">\r\n    <div class=\"ArticleEdito-content\">\r\n        <h2 class=\"ArticleEdito-title\">One stop filter shop<\/h2>        <div class=\"ArticleEdito-text AppText AppScrollbar\">Avec HIFI FILTER<sup>\u00ae<\/sup> b\u00e9n\u00e9ficiez d&rsquo;un alli\u00e9 de confiance pour la gestion de l&rsquo;entretien de vos v\u00e9hicules, machines et \u00e9quipements. Et profitez des nombreux avantages de n&rsquo;avoir qu&rsquo;un seul interlocuteur et qu&rsquo;une seule marque pour toute votre filtration.<\/div>\r\n        \r\n        <div class=\"Button ArticleEdito-button\" data-component-id=\"Button\">\r\n            <a class=\"Button-component\" href=\"https:\/\/hifi-filter.com\/services\/one-stop-filter-shop\/\" aria-label=\"\" target=\"_self\" data-trk-other-cta=\"D\u00e9couvrir\">\r\n                <span class=\"Button-text\">D\u00e9couvrir<\/span>\r\n            <\/a>\r\n        <\/div>    <\/div>\r\n    <div class=\"Image ArticleEdito-image\" data-component-id=\"image\">\r\n        <picture>\r\n            <img class=\"lazyload\" data-src=\"https:\/\/hifi-filter.com\/wp-content\/uploads\/2021\/10\/One-Stop-Shop-Filters-LR.jpg\" width=\"1440\" height=\"800\"\r\n                alt=\"Image non trouv\u00e9e\" draggable=\"false\">\r\n        <\/picture>\r\n    <\/div>\r\n<\/div>\n\n<div class=\"ArticleEdito\" data-component-id=\"ArticleEdito\">\r\n    <div class=\"ArticleEdito-content\">\r\n        <h2 class=\"ArticleEdito-title\">Stock et disponibilit\u00e9<\/h2>        <div class=\"ArticleEdito-text AppText AppScrollbar\">Chez HIFI FILTER<sup>\u00ae<\/sup> nous savons l&rsquo;impact que peut avoir un materiel immobilis\u00e9 pour une entreprise. C&rsquo;est pourquoi nous veillons \u00e0 assurer \u00e0 nos clients une disponibilit\u00e9 maximale gr\u00e2ce \u00e0 30 000 r\u00e9f\u00e9rences courantes stock\u00e9es et des livraisons rapides \u00e0 travers le monde.<\/div>\r\n        \r\n        <div class=\"Button ArticleEdito-button\" data-component-id=\"Button\">\r\n            <a class=\"Button-component\" href=\"https:\/\/hifi-filter.com\/services\/stock-et-disponibilite\/\" aria-label=\"\" target=\"_self\" data-trk-other-cta=\"D\u00e9couvrir\">\r\n                <span class=\"Button-text\">D\u00e9couvrir<\/span>\r\n            <\/a>\r\n        <\/div>    <\/div>\r\n    <div class=\"Image ArticleEdito-image\" data-component-id=\"image\">\r\n        <picture>\r\n            <img class=\"lazyload\" data-src=\"https:\/\/hifi-filter.com\/wp-content\/uploads\/2021\/10\/Stock-LR.jpg\" width=\"1440\" height=\"800\"\r\n                alt=\"Image non trouv\u00e9e\" draggable=\"false\">\r\n        <\/picture>\r\n    <\/div>\r\n<\/div>\n\n<div class=\"ArticleEdito reverse\" data-component-id=\"ArticleEdito\">\r\n    <div class=\"ArticleEdito-content\">\r\n        <h2 class=\"ArticleEdito-title\">Outils et donn\u00e9es<\/h2>        <div class=\"ArticleEdito-text AppText AppScrollbar\">Utilisez des outils et des supports digitaux pens\u00e9s pour vous. Syst\u00e8mes de recherches intuitifs, espace client personnalis\u00e9 ou encore catalogues produits vous apportent une aide pr\u00e9cieuse pour gagner en efficacit\u00e9.<\/div>\r\n        \r\n        <div class=\"Button ArticleEdito-button\" data-component-id=\"Button\">\r\n            <a class=\"Button-component\" href=\"https:\/\/hifi-filter.com\/services\/outils-et-donnees\/\" aria-label=\"\" target=\"_self\" data-trk-other-cta=\"D\u00e9couvrir\">\r\n                <span class=\"Button-text\">D\u00e9couvrir<\/span>\r\n            <\/a>\r\n        <\/div>    <\/div>\r\n    <div class=\"Image ArticleEdito-image\" data-component-id=\"image\">\r\n        <picture>\r\n            <img class=\"lazyload\" data-src=\"https:\/\/hifi-filter.com\/wp-content\/uploads\/2021\/10\/Tool-Data-LR.jpg\" width=\"1440\" height=\"800\"\r\n                alt=\"Image non trouv\u00e9e\" draggable=\"false\">\r\n        <\/picture>\r\n    <\/div>\r\n<\/div>\n\n<div class=\"ArticleEdito\" data-component-id=\"ArticleEdito\">\r\n    <div class=\"ArticleEdito-content\">\r\n        <h2 class=\"ArticleEdito-title\">Accompagnements et conseils<\/h2>        <div class=\"ArticleEdito-text AppText AppScrollbar\">Votre partenaire HIFI FILTER\u00ae met toutes ses \u00e9quipes \u00e0 votre disposition pour vous offrir une exp\u00e9rience unique et un service client de qualit\u00e9. Profitez des conseils et de l\u2019assistance d\u2019experts pour d\u00e9finir ensemble les solutions adapt\u00e9es \u00e0 vos besoins.<\/div>\r\n        \r\n        <div class=\"Button ArticleEdito-button\" data-component-id=\"Button\">\r\n            <a class=\"Button-component\" href=\"https:\/\/hifi-filter.com\/services\/accompagnements-et-conseils\/\" aria-label=\"\" target=\"_self\" data-trk-other-cta=\"D\u00e9couvrir\">\r\n                <span class=\"Button-text\">D\u00e9couvrir<\/span>\r\n            <\/a>\r\n        <\/div>    <\/div>\r\n    <div class=\"Image ArticleEdito-image\" data-component-id=\"image\">\r\n        <picture>\r\n            <img class=\"lazyload\" data-src=\"https:\/\/hifi-filter.com\/wp-content\/uploads\/2021\/10\/Support-Advice-LR-1.jpg\" width=\"1440\" height=\"800\"\r\n                alt=\"Image non trouv\u00e9e\" draggable=\"false\">\r\n        <\/picture>\r\n    <\/div>\r\n<\/div>\n\n<div class=\"ArticleEdito reverse\" data-component-id=\"ArticleEdito\">\r\n    <div class=\"ArticleEdito-content\">\r\n        <h2 class=\"ArticleEdito-title\">Qualit\u00e9<\/h2>        <div class=\"ArticleEdito-text AppText AppScrollbar\">Lorsqu&rsquo;il s&rsquo;agit de filtration, la qualit\u00e9 et les performances sont essentielles pour prot\u00e9ger les personnes, les \u00e9quipements et les environnements. Des pr\u00e9occupations qui sont au c\u0153ur de notre m\u00e9tier et de notre d\u00e9marche.<\/div>\r\n        \r\n        <div class=\"Button ArticleEdito-button\" data-component-id=\"Button\">\r\n            <a class=\"Button-component\" href=\"https:\/\/hifi-filter.com\/services\/qualite\/\" aria-label=\"\" target=\"_self\" data-trk-other-cta=\"D\u00e9couvrir\">\r\n                <span class=\"Button-text\">D\u00e9couvrir<\/span>\r\n            <\/a>\r\n        <\/div>    <\/div>\r\n    <div class=\"Image ArticleEdito-image\" data-component-id=\"image\">\r\n        <picture>\r\n            <img class=\"lazyload\" data-src=\"https:\/\/hifi-filter.com\/wp-content\/uploads\/2021\/10\/Quality-Check-LR.jpg\" width=\"1440\" height=\"800\"\r\n                alt=\"Image non trouv\u00e9e\" draggable=\"false\">\r\n        <\/picture>\r\n    <\/div>\r\n<\/div>\n\n\n<p><\/p>\n","protected":false},"excerpt":{"rendered":"","protected":false},"author":1,"featured_media":0,"parent":0,"menu_order":45,"comment_status":"closed","ping_status":"closed","template":"","meta":{"_acf_changed":false,"footnotes":""},"acf":[],"yoast_head":"<!-- This site is optimized with the Yoast SEO plugin v22.2 - https:\/\/yoast.com\/wordpress\/plugins\/seo\/ -->\n<title>Tous les services d&#039;HIFI FILTER : votre partenaire en filtration<\/title>\n<meta name=\"description\" content=\"Les outils et services adapt\u00e9s, la disponibilit\u00e9 et l&#039;assitance des \u00e9quipes expertes qui vous conseillent, font d&#039;HIFI FILTER votre meilleur partenaire en filtration !\" \/>\n<meta name=\"robots\" content=\"index, follow, max-snippet:-1, max-image-preview:large, max-video-preview:-1\" \/>\n<link rel=\"canonical\" href=\"https:\/\/hifi-filter.com\/fr\/services\/\" \/>\n<script type=\"application\/ld+json\" class=\"yoast-schema-graph\">{\"@context\":\"https:\/\/schema.org\",\"@graph\":[{\"@type\":\"WebPage\",\"@id\":\"https:\/\/hifi-filter.com\/fr\/services\/\",\"url\":\"https:\/\/hifi-filter.com\/fr\/services\/\",\"name\":\"Tous les services d'HIFI FILTER : votre partenaire en filtration\",\"isPartOf\":{\"@id\":\"https:\/\/hifi-filter.com\/fr\/#website\"},\"datePublished\":\"2021-10-18T13:13:08+00:00\",\"dateModified\":\"2022-05-27T07:14:37+00:00\",\"description\":\"Les outils et services adapt\u00e9s, la disponibilit\u00e9 et l'assitance des \u00e9quipes expertes qui vous conseillent, font d'HIFI FILTER votre meilleur partenaire en filtration !\",\"breadcrumb\":{\"@id\":\"https:\/\/hifi-filter.com\/fr\/services\/#breadcrumb\"},\"inLanguage\":\"fr-FR\",\"potentialAction\":[{\"@type\":\"ReadAction\",\"target\":[\"https:\/\/hifi-filter.com\/fr\/services\/\"]}]},{\"@type\":\"BreadcrumbList\",\"@id\":\"https:\/\/hifi-filter.com\/fr\/services\/#breadcrumb\",\"itemListElement\":[{\"@type\":\"ListItem\",\"position\":1,\"name\":\"Home\",\"item\":\"https:\/\/hifi-filter.com\/fr\/\"},{\"@type\":\"ListItem\",\"position\":2,\"name\":\"Services\"}]},{\"@type\":\"WebSite\",\"@id\":\"https:\/\/hifi-filter.com\/fr\/#website\",\"url\":\"https:\/\/hifi-filter.com\/fr\/\",\"name\":\"HIFI FILTER\",\"description\":\"Your partner in filtration &amp; separation\",\"publisher\":{\"@id\":\"https:\/\/hifi-filter.com\/fr\/#organization\"},\"potentialAction\":[{\"@type\":\"SearchAction\",\"target\":{\"@type\":\"EntryPoint\",\"urlTemplate\":\"https:\/\/hifi-filter.com\/fr\/?s={search_term_string}\"},\"query-input\":\"required name=search_term_string\"}],\"inLanguage\":\"fr-FR\"},{\"@type\":\"Organization\",\"@id\":\"https:\/\/hifi-filter.com\/fr\/#organization\",\"name\":\"HIFI FILTER\",\"url\":\"https:\/\/hifi-filter.com\/fr\/\",\"logo\":{\"@type\":\"ImageObject\",\"inLanguage\":\"fr-FR\",\"@id\":\"https:\/\/hifi-filter.com\/fr\/#\/schema\/logo\/image\/\",\"url\":\"https:\/\/hifi-filter.com\/wp-content\/uploads\/2021\/11\/cropped-Favicon-HIFI-FILTER-1.png\",\"contentUrl\":\"https:\/\/hifi-filter.com\/wp-content\/uploads\/2021\/11\/cropped-Favicon-HIFI-FILTER-1.png\",\"width\":190,\"height\":190,\"caption\":\"HIFI FILTER\"},\"image\":{\"@id\":\"https:\/\/hifi-filter.com\/fr\/#\/schema\/logo\/image\/\"},\"sameAs\":[\"https:\/\/www.facebook.com\/hififilter.group\",\"https:\/\/www.linkedin.com\/company\/hififilter\/\"]}]}<\/script>\n<!-- \/ Yoast SEO plugin. -->","yoast_head_json":{"title":"Tous les services d'HIFI FILTER : votre partenaire en filtration","description":"Les outils et services adapt\u00e9s, la disponibilit\u00e9 et l'assitance des \u00e9quipes expertes qui vous conseillent, font d'HIFI FILTER votre meilleur partenaire en filtration !","robots":{"index":"index","follow":"follow","max-snippet":"max-snippet:-1","max-image-preview":"max-image-preview:large","max-video-preview":"max-video-preview:-1"},"canonical":"https:\/\/hifi-filter.com\/fr\/services\/","schema":{"@context":"https:\/\/schema.org","@graph":[{"@type":"WebPage","@id":"https:\/\/hifi-filter.com\/fr\/services\/","url":"https:\/\/hifi-filter.com\/fr\/services\/","name":"Tous les services d'HIFI FILTER : votre partenaire en filtration","isPartOf":{"@id":"https:\/\/hifi-filter.com\/fr\/#website"},"datePublished":"2021-10-18T13:13:08+00:00","dateModified":"2022-05-27T07:14:37+00:00","description":"Les outils et services adapt\u00e9s, la disponibilit\u00e9 et l'assitance des \u00e9quipes expertes qui vous conseillent, font d'HIFI FILTER votre meilleur partenaire en filtration !","breadcrumb":{"@id":"https:\/\/hifi-filter.com\/fr\/services\/#breadcrumb"},"inLanguage":"fr-FR","potentialAction":[{"@type":"ReadAction","target":["https:\/\/hifi-filter.com\/fr\/services\/"]}]},{"@type":"BreadcrumbList","@id":"https:\/\/hifi-filter.com\/fr\/services\/#breadcrumb","itemListElement":[{"@type":"ListItem","position":1,"name":"Home","item":"https:\/\/hifi-filter.com\/fr\/"},{"@type":"ListItem","position":2,"name":"Services"}]},{"@type":"WebSite","@id":"https:\/\/hifi-filter.com\/fr\/#website","url":"https:\/\/hifi-filter.com\/fr\/","name":"HIFI FILTER","description":"Your partner in filtration &amp; separation","publisher":{"@id":"https:\/\/hifi-filter.com\/fr\/#organization"},"potentialAction":[{"@type":"SearchAction","target":{"@type":"EntryPoint","urlTemplate":"https:\/\/hifi-filter.com\/fr\/?s={search_term_string}"},"query-input":"required name=search_term_string"}],"inLanguage":"fr-FR"},{"@type":"Organization","@id":"https:\/\/hifi-filter.com\/fr\/#organization","name":"HIFI FILTER","url":"https:\/\/hifi-filter.com\/fr\/","logo":{"@type":"ImageObject","inLanguage":"fr-FR","@id":"https:\/\/hifi-filter.com\/fr\/#\/schema\/logo\/image\/","url":"https:\/\/hifi-filter.com\/wp-content\/uploads\/2021\/11\/cropped-Favicon-HIFI-FILTER-1.png","contentUrl":"https:\/\/hifi-filter.com\/wp-content\/uploads\/2021\/11\/cropped-Favicon-HIFI-FILTER-1.png","width":190,"height":190,"caption":"HIFI FILTER"},"image":{"@id":"https:\/\/hifi-filter.com\/fr\/#\/schema\/logo\/image\/"},"sameAs":["https:\/\/www.facebook.com\/hififilter.group","https:\/\/www.linkedin.com\/company\/hififilter\/"]}]}},"_links":{"self":[{"href":"https:\/\/hifi-filter.com\/fr\/wp-json\/wp\/v2\/pages\/5769"}],"collection":[{"href":"https:\/\/hifi-filter.com\/fr\/wp-json\/wp\/v2\/pages"}],"about":[{"href":"https:\/\/hifi-filter.com\/fr\/wp-json\/wp\/v2\/types\/page"}],"author":[{"embeddable":true,"href":"https:\/\/hifi-filter.com\/fr\/wp-json\/wp\/v2\/users\/1"}],"replies":[{"embeddable":true,"href":"https:\/\/hifi-filter.com\/fr\/wp-json\/wp\/v2\/comments?post=5769"}],"version-history":[{"count":11,"href":"https:\/\/hifi-filter.com\/fr\/wp-json\/wp\/v2\/pages\/5769\/revisions"}],"predecessor-version":[{"id":23943,"href":"https:\/\/hifi-filter.com\/fr\/wp-json\/wp\/v2\/pages\/5769\/revisions\/23943"}],"wp:attachment":[{"href":"https:\/\/hifi-filter.com\/fr\/wp-json\/wp\/v2\/media?parent=5769"}],"curies":[{"name":"wp","href":"https:\/\/api.w.org\/{rel}","templated":true}]}}