{"id":14951,"date":"2021-10-15T15:58:22","date_gmt":"2021-10-15T13:58:22","guid":{"rendered":"https:\/\/hifi-filter.sitendev.com\/cgv-hifi-filter-france\/"},"modified":"2025-08-04T10:15:24","modified_gmt":"2025-08-04T08:15:24","slug":"hifi-filter-france","status":"publish","type":"page","link":"https:\/\/hifi-filter.com\/it\/condizioni-generali-di-vendita\/hifi-filter-france\/","title":{"rendered":"Condizioni generali di vendita &#8211; HIFI FILTER France"},"content":{"rendered":"<div class=\"Text1Column\" data-component-id=\"Text1Column\">\r\n            <div class=\"Text1Column-text AppText\"><strong>1 &#8211; OPPOSIZIONE ALLE CONDIZIONI GENERALI DI VENDITA<\/strong>\r\n\r\nLe nostre condizioni generali di vendita riguardano solo le nostre vendite e non prendono in considerazione le condizioni generali d\u2019acquisto del cliente o di qualsiasi altro documento da questo redatto con le disposizioni incluse, che saranno annullate di pieno diritto e senza alcuna formalit\u00e0. Il semplice fatto di entrare in possesso della merce prevede l\u2019accettazione di queste condizioni.\r\nLo stesso vale per le ordinazioni successive che rientrano in questo contesto giuridico.\r\n\r\n<strong>2 &#8211; ORDINI<\/strong>\r\n\r\nGli ordini devono indicare il nome del cliente, la data, il prodotto, le quantit\u00e0 ed i prezzi.\r\nL\u2019ordine dell\u2019acquirente \u00e8 considerato definitivo dopo essere stato accettato dal venditore, sia per telefono, via telex, via fax, o con altro sistema.\r\nGli ordini trasmessi dal cliente lo sono sotto la sua responsabilit\u00e0 in quanto solo il cliente conosce la destinazione finale del prodotto e le condizioni d\u2019utilizzo che noi siamo riputati ignorare in modo assoluto. Per gli ordini trasmessi a partire da documenti forniti su CD-ROM o supporto cartaceo, le informazioni, immagini, fotografie e notizie, sono fornite solo a titolo indicativo e sono passibili di modifiche da parte del costruttore, da un\u2019edizione all\u2019altra o per errori stampa. Queste informazioni non si devono, in alcun caso, sostituire al controllo delle referenze del costruttore.\r\nIn caso di dubbio, \u00e8 obbligatorio prendere contatto con noi.\r\n\r\n<strong>3 &#8211; CAMBIO DI SITUAZIONE DELL\u2019ACQUIRENTE<\/strong>\r\n\r\nIn caso di cambio nella situazione dell\u2019acquirente, ed in modo particolare in caso di decesso, di liquidazione di beni, di dissoluzione o di modifica di societ\u00e0, ci riserviamo il diritto, anche dopo esecuzione parziale di un ordine, di esigere garanzie o di annullare il saldo degli ordini non ancora consegnati.\r\n\r\n<strong>4 &#8211; CONSEGNA<\/strong>\r\n\r\nLe consegne del venditore avvengono conformemente alla tolleranza dei fabbricanti, su tutte le caratteristiche riguardanti il prodotto, ma soprattutto per quanto riguarda le dimensioni e gli spessori. L\u2019acquirente, dopo aver preso conoscenza di questo principio, deve verificare, prima di ogni installazione, l\u2019adattamento del prodotto fornito, ai suoi bisogni.\r\nLe nostre merci, anche se spedite franco, viaggiano a rischio e pericolo del destinatario che dovr\u00e0, in caso di contestazione, prendere tutte le riserve nei confronti dei trasportatori, a ricezione della merce. Tali riserve dovranno essere confermate con Lettera Raccomandata e Ricevuta di Ritorno, entro e non oltre tre giorni dalla data di ricezione (articolo 105 del codice commerciale). Ognuna delle nostre consegne \u00e8 considerata fatta in esecuzione ad un contratto distinto. In alcun caso, una pluralit\u00e0 di consegne successive, non costituisce un contratto continuo. Le dimensioni ed i pesi indicati sul nostro tariffario, sui cataloghi, sulle fatture e sui border\u00f2, hanno solo un valore indicativo e non possono essere impugnati alla consegna della merce.\r\n\r\n<strong>5 &#8211; RECLAMI<\/strong>\r\n\r\nI termini di consegna sono rispettati nella misura del possibile in quanto forniti solo a titolo indicativo e senza garanzia da parte del venditore.\r\nI reclami non inoltrati con Lettera Raccomandata entro e non oltre otto giorni dalla ricezione della merce, non saranno presi in considerazione.\r\nTutte le situazioni particolari che riguardano il venditore, i suoi fornitori o i suoi prestatori, che presentino o no caratteri giuridici di forza maggiore o di caso fortuito, come: interruzione del lavoro, lock-out, guerre, inondazioni, incendi, incidenti materiali, penuria totale o parziale di prodotti o di servizi e che si sono verificate nel locale del venditore o dei fornitori e che impediscono l\u2019esecuzione totale o parziale del ordine da parte del venditore, sospendono, di pieno diritto e senza formalit\u00e0, gli obblighi del venditore anche quando la sua responsabilit\u00e0 appare coinvolta.\r\n\r\n<strong>6 &#8211; PAGAMENTI E CLAUSOLA DI RISERVA DI PROPRIET\u00c0<\/strong>\r\n\r\nNon verr\u00e0 concesso alcuno sconto. I nostri prezzi si intendono al netto per pagamento immediato al ricevimento della fattura, salvo diversa disposizione scritta. Le nostre fatture sono pagabili presso la sede legale della nostra societ\u00e0. La nostra societ\u00e0 conserva la propriet\u00e0 dei beni venduti fino all\u2019effettivo pagamento integrale del prezzo. Il mancato pagamento pu\u00f2 comportare la restituzione dei beni a rischio e spese dell\u2019acquirente.\r\nTali disposizioni non pregiudicano il trasferimento all\u2019acquirente dei rischi di perdita o deterioramento della merce venduta al momento della consegna. L\u2019acquirente sosterr\u00e0 tutte le spese legali e giudiziarie derivanti da un\u2019azione legale.\r\nIn caso di ritardo o mancato pagamento, sono dovute penali a partire dal giorno successivo alla data di scadenza indicata in fattura. Tali penali sono calcolate applicando il tasso di interesse utilizzato dalla Banca Centrale Europea per la sua pi\u00f9 recente operazione di rifinanziamento, maggiorato di 10 punti percentuali, nonch\u00e9 un\u2019indennit\u00e0 forfettaria per spese di recupero crediti pari a 40 euro (Decreto n. 2012-1115 del 02\/10\/2012), senza necessit\u00e0 di sollecito (Art. L441-9 del Codice di Commercio francese).\r\nIl mancato pagamento di una consegna ci autorizza a sospendere le spedizioni e rende immediatamente esigibile il valore dei prodotti speciali ordinati, disponibili o in corso di fabbricazione. Il mancato pagamento alla scadenza rende immediatamente esigibili anche tutte le altre somme in sospeso e autorizza il recupero dei beni non pagati.\r\nIn caso di recupero del credito per via giudiziaria, le somme dovute al venditore saranno automaticamente aumentate del 15% a titolo di penale, al netto di qualsiasi diritto o tassa.\r\n\r\n<strong>7 &#8211; PREZZI E MODIFICHE<\/strong>\r\n\r\nI nostri prezzi sono quelli in vigore al momento della ricezione dell\u2019ordine, per una consegna immediata. I nostri prezzi s\u2019intendono: partenza officina, salvo accordo contrario per iscritto da parte nostra. La nostra ditt\u00e0 si riserva il diritto di modificare prezzi e tariffario, senza preavviso.\r\n\r\n<strong>8 &#8211; GARANZIE<\/strong>\r\n\r\nGarantiamo la qualit\u00e0 del nostro materiale contro ogni difetto occulto di fabbricazione per la durata dell\u2019utilizzo raccomandata dal costruttore del materiale e, in ogni circostanza, per un massimo di dodici mesi a partire dalla data della consegna, se vengono rispettate le condizioni seguenti.\r\nLa garanzia \u00e8 annullata immediatamente e completamente, se l\u2019uso non \u00e8 conforme alle specifiche tecniche o se il cliente modifica, ripara o fa riparare, senza il nostro accordo il materiale fornito o riparato. Prima del posizionamento \u00e8 obbligatoria una verifica visiva per controllare la similitudine con il filtro cambiato. Ogni vizio apparente \u00e8 coperto, di pieno diritto, dal collaudo effettuato dal venditore sulla merce, senza alcuna riserva. Dopo il posizionamento di un nuovo filtro, si deve controllare l\u2019impermeabilit\u00e0 ed il buon funzionamento del motore.\r\nIl venditore non sar\u00e0 ritenuto responsabile della destinazione e\/o delle condizioni di utilizzo specifiche della merce, fino a quando tali prerogative non gli verranno indicate per scritto nell\u2019ordinazione.\r\nLe nostre garanzie, di qualsiasi natura, sono strettamente limitate, prima del montaggio alla sola sostituzione dei filtri riconosciuti difettosi e, dopo il montaggio, alla riparazione dei danni fisici o materiali sopravvenuti direttamente a causa di un difetto occulto del prodotto consegnato, con l\u2019esclusione di qualsiasi reclamo di natura immateriale, indiretta o conseguente.\r\nL\u2019acquirente ha l\u2019onere di provare il difetto occulto. Notifica del sinistro deve pervenire alla nostra ditt\u00e0 immediatamente dopo il verificarsi dello stesso. Il filtro responsabile del danno deve essere spedito alla nostra sede entro 15 giorni, corredato di un campione di lubrificante.\r\n\r\n<strong>9 &#8211; DEFINIZIONE DEL GRUPPO HIFI E DELLE DITT\u00c0<\/strong>\r\n\r\nHIFI \u00e8 una marca depositata. Per gruppo HIFI s\u2019intendono le societ\u00e0 che detengono e\/o commercializzano direttamente la marca HIFI, eccezione fatta per i rivenditori. Queste condizioni generali sono applicabili all\u2019interno della nostra ditt\u00e0, cos\u00ec come all\u2019interno di tutte le societ\u00e0 del nostro gruppo e figurano nelle nostre documentazioni e nelle nostre fatture. Per fabbricante s\u2019intendono le ditt\u00e0 industriali che fabbricano i filtri per conto del nostro gruppo, prima dell\u2019apposizione del nostro marchio.\r\n\r\n<strong>10 &#8211; OBBLIGO DI AZIONE DIRETTA PRELIMINARE CONTRO IL FABBRICANTE<\/strong>\r\n\r\nOgni azione giudiziaria o reclamo, presentato in via amichevole, e basato su un vizio nascosto del prodotto consegnato e che riguarda direttamente la qualit\u00e0 di fabbricazione del prodotto venduto, si orienter\u00e0 obbligatoriamente contro il fabbricante del detto prodotto ed il suo assicuratore. E\u2019 solo in caso d\u2019inadempienza del fabbricante che si potr\u00e0 intraprendere un\u2019azione giudiziaria contro una ditt\u00e0 del gruppo HIFI e contro l\u2019assicuratore, secondo le condizioni di responsabilit\u00e0 descritte all\u2019articolo 8. In caso di non rispetto di quest\u2019articolo 10, le spese sostenute per assicurare la nostra difesa (avvocati, periti, ufficiali giudiziari), o previste per un\u2019eventuale condanna sulla base dell\u2019articolo 700 del NCPC (Nuovo Codice di Procedura Civile), dovranno essere rimborsate per intero.\r\n\r\n<strong>11 &#8211; ATTRIBUTO DI COMPETENZA GIURISDIZIONALE \u2013 DIVISIBILIT\u00c0 DELLE CONDIZIONI GENERALI<\/strong>\r\n\r\nIl diritto francese dirige solo le vendite della nostra ditt\u00e0, eccezione fatta per la convenzione di Vienna sulle vendite internazionali di merce e per l\u2019esclusione di tutte le norme di conflitto di legge o altro, in grado di provocare l\u2019applicazione di disposizioni di qualunque genere, differenti dalla legge francese. Le nostre condizioni generali sono state tradotte con la massima cura; ci\u00f2 nonostante, solamente la versione francese delle stesse costituisce il quadro di riferimento contrattualmente applicabile, in particolare in caso d\u2019interpretazione divergente di una o pi\u00f9 clausole in esse contenute.\r\nTutte le contestazioni relative alle nostre merci o al loro regolamento, appartengono esclusivamente alla competenza del Tribunale del luogo ove risiede la sede sociale della nostra ditt\u00e0. Lo stesso vale in caso di pluralit\u00e0 di difensori o di appello in garanzia. Ogni ordine prevede l\u2019adesione, senza riserve, alle presenti condizioni generali. Tali condizioni non possono essere modificate da clausole contrarie che figurano sul Buono d\u2019Ordine o nelle condizioni generali del cliente.\r\nSe, per un qualsiasi motivo, una clausola di queste condizioni generali fosse dichiarata inapplicabile, ci\u00f2 non inficer\u00e0 in alcun modo l\u2019applicazione delle altre clausole; alla clausola dichiarata inapplicabile subentrer\u00e0 allora quella pi\u00f9 simile in termini contrattuali e legali.\r\n\r\n<strong>12 \u2013 PERSONALIZZAZIONE DEL VEICOLO \u2013 UTILIZZO SU STRADE APERTE ALLA CIRCOLAZIONE<\/strong>\r\n\r\nLa nostra gamma di prodotti H-AIR FILTER possiede caratteristiche tecniche di filtraggio misurate su apposito banco di prova e non in funzione di un utilizzo o di una motorizzazione predeterminata.\r\nGli adattamenti meccanici dei nostri prodotti devono quindi imperativamente essere eseguiti e convalidati sotto la responsabilit\u00e0 di un professionista della motorizzazione e possono necessitare un\u2019omolo\u00acgazione nel caso in cui si tratti di un veicolo terrestre a motore destinato a un utilizzo stradale su carreggiate aperte alla circolazione.\r\nLe condizioni di manutenzione raccomandate dalle istruzioni o dai manuali che accompagnano i nostri prodotti devono imperativamente essere rispettate per evitare una degradazione del prodotto e delle prestazioni descritte nelle caratteristiche tecniche.\r\nLa nostra societ\u00e0 non potr\u00e0 in nessun caso essere considerata responsabile del non rispetto delle condizioni soprastanti n\u00e9 dei danni risultanti da un utilizzo non corretto, da una modifica non\r\nomologata o da un utilizzo in corsa, competizione, fuoristrada, nautico, aereo o industriale.        \r\n        <div class=\"Button\" data-component-id=\"Button\">\r\n            <a class=\"Button-component\" href=\"https:\/\/hifi-filter.com\/it\/condizioni-generali-di-vendita\/\" aria-label=\"\" target=\"_self\" data-trk-other-cta=\"Torna indietro\">\r\n                <span class=\"Button-text\">Torna indietro<\/span>\r\n            <\/a>\r\n        <\/div>    <\/div>\r\n<\/div>\r\n\r\n","protected":false},"excerpt":{"rendered":"","protected":false},"author":1,"featured_media":0,"parent":15304,"menu_order":216,"comment_status":"closed","ping_status":"closed","template":"","meta":{"_acf_changed":false,"footnotes":""},"acf":[],"yoast_head":"<!-- This site is optimized with the Yoast SEO plugin v22.2 - https:\/\/yoast.com\/wordpress\/plugins\/seo\/ -->\n<title>Condizioni generali di vendita - HIFI FILTER France | HIFI FILTER<\/title>\n<meta name=\"description\" content=\"Votre partenaire en filtration HIFI FILTER, la marque leader des filtres compatibles\" \/>\n<meta name=\"robots\" content=\"noindex, follow\" \/>\n<script type=\"application\/ld+json\" class=\"yoast-schema-graph\">{\"@context\":\"https:\/\/schema.org\",\"@graph\":[{\"@type\":\"WebPage\",\"@id\":\"https:\/\/hifi-filter.com\/it\/condizioni-generali-di-vendita\/hifi-filter-france\/\",\"url\":\"https:\/\/hifi-filter.com\/it\/condizioni-generali-di-vendita\/hifi-filter-france\/\",\"name\":\"Condizioni generali di vendita - HIFI FILTER France | HIFI FILTER\",\"isPartOf\":{\"@id\":\"https:\/\/hifi-filter.com\/it\/#website\"},\"datePublished\":\"2021-10-15T13:58:22+00:00\",\"dateModified\":\"2025-08-04T08:15:24+00:00\",\"breadcrumb\":{\"@id\":\"https:\/\/hifi-filter.com\/it\/condizioni-generali-di-vendita\/hifi-filter-france\/#breadcrumb\"},\"inLanguage\":\"it-IT\",\"potentialAction\":[{\"@type\":\"ReadAction\",\"target\":[\"https:\/\/hifi-filter.com\/it\/condizioni-generali-di-vendita\/hifi-filter-france\/\"]}]},{\"@type\":\"BreadcrumbList\",\"@id\":\"https:\/\/hifi-filter.com\/it\/condizioni-generali-di-vendita\/hifi-filter-france\/#breadcrumb\",\"itemListElement\":[{\"@type\":\"ListItem\",\"position\":1,\"name\":\"Home\",\"item\":\"https:\/\/hifi-filter.com\/it\/\"},{\"@type\":\"ListItem\",\"position\":2,\"name\":\"Condizioni generali di vendita\",\"item\":\"https:\/\/hifi-filter.com\/it\/condizioni-generali-di-vendita\/\"},{\"@type\":\"ListItem\",\"position\":3,\"name\":\"Condizioni generali di vendita &#8211; HIFI FILTER France\"}]},{\"@type\":\"WebSite\",\"@id\":\"https:\/\/hifi-filter.com\/it\/#website\",\"url\":\"https:\/\/hifi-filter.com\/it\/\",\"name\":\"HIFI FILTER\",\"description\":\"Your partner in filtration &amp; separation\",\"publisher\":{\"@id\":\"https:\/\/hifi-filter.com\/it\/#organization\"},\"potentialAction\":[{\"@type\":\"SearchAction\",\"target\":{\"@type\":\"EntryPoint\",\"urlTemplate\":\"https:\/\/hifi-filter.com\/it\/?s={search_term_string}\"},\"query-input\":\"required name=search_term_string\"}],\"inLanguage\":\"it-IT\"},{\"@type\":\"Organization\",\"@id\":\"https:\/\/hifi-filter.com\/it\/#organization\",\"name\":\"HIFI FILTER\",\"url\":\"https:\/\/hifi-filter.com\/it\/\",\"logo\":{\"@type\":\"ImageObject\",\"inLanguage\":\"it-IT\",\"@id\":\"https:\/\/hifi-filter.com\/it\/#\/schema\/logo\/image\/\",\"url\":\"https:\/\/hifi-filter.com\/wp-content\/uploads\/2021\/11\/cropped-Favicon-HIFI-FILTER-1.png\",\"contentUrl\":\"https:\/\/hifi-filter.com\/wp-content\/uploads\/2021\/11\/cropped-Favicon-HIFI-FILTER-1.png\",\"width\":190,\"height\":190,\"caption\":\"HIFI FILTER\"},\"image\":{\"@id\":\"https:\/\/hifi-filter.com\/it\/#\/schema\/logo\/image\/\"},\"sameAs\":[\"https:\/\/www.facebook.com\/hififilter.group\",\"https:\/\/www.linkedin.com\/company\/hififilter\/\"]}]}<\/script>\n<!-- \/ Yoast SEO plugin. -->","yoast_head_json":{"title":"Condizioni generali di vendita - HIFI FILTER France | HIFI FILTER","description":"Votre partenaire en filtration HIFI FILTER, la marque leader des filtres compatibles","robots":{"index":"noindex","follow":"follow"},"schema":{"@context":"https:\/\/schema.org","@graph":[{"@type":"WebPage","@id":"https:\/\/hifi-filter.com\/it\/condizioni-generali-di-vendita\/hifi-filter-france\/","url":"https:\/\/hifi-filter.com\/it\/condizioni-generali-di-vendita\/hifi-filter-france\/","name":"Condizioni generali di vendita - HIFI FILTER France | HIFI FILTER","isPartOf":{"@id":"https:\/\/hifi-filter.com\/it\/#website"},"datePublished":"2021-10-15T13:58:22+00:00","dateModified":"2025-08-04T08:15:24+00:00","breadcrumb":{"@id":"https:\/\/hifi-filter.com\/it\/condizioni-generali-di-vendita\/hifi-filter-france\/#breadcrumb"},"inLanguage":"it-IT","potentialAction":[{"@type":"ReadAction","target":["https:\/\/hifi-filter.com\/it\/condizioni-generali-di-vendita\/hifi-filter-france\/"]}]},{"@type":"BreadcrumbList","@id":"https:\/\/hifi-filter.com\/it\/condizioni-generali-di-vendita\/hifi-filter-france\/#breadcrumb","itemListElement":[{"@type":"ListItem","position":1,"name":"Home","item":"https:\/\/hifi-filter.com\/it\/"},{"@type":"ListItem","position":2,"name":"Condizioni generali di vendita","item":"https:\/\/hifi-filter.com\/it\/condizioni-generali-di-vendita\/"},{"@type":"ListItem","position":3,"name":"Condizioni generali di vendita &#8211; HIFI FILTER France"}]},{"@type":"WebSite","@id":"https:\/\/hifi-filter.com\/it\/#website","url":"https:\/\/hifi-filter.com\/it\/","name":"HIFI FILTER","description":"Your partner in filtration &amp; separation","publisher":{"@id":"https:\/\/hifi-filter.com\/it\/#organization"},"potentialAction":[{"@type":"SearchAction","target":{"@type":"EntryPoint","urlTemplate":"https:\/\/hifi-filter.com\/it\/?s={search_term_string}"},"query-input":"required name=search_term_string"}],"inLanguage":"it-IT"},{"@type":"Organization","@id":"https:\/\/hifi-filter.com\/it\/#organization","name":"HIFI FILTER","url":"https:\/\/hifi-filter.com\/it\/","logo":{"@type":"ImageObject","inLanguage":"it-IT","@id":"https:\/\/hifi-filter.com\/it\/#\/schema\/logo\/image\/","url":"https:\/\/hifi-filter.com\/wp-content\/uploads\/2021\/11\/cropped-Favicon-HIFI-FILTER-1.png","contentUrl":"https:\/\/hifi-filter.com\/wp-content\/uploads\/2021\/11\/cropped-Favicon-HIFI-FILTER-1.png","width":190,"height":190,"caption":"HIFI FILTER"},"image":{"@id":"https:\/\/hifi-filter.com\/it\/#\/schema\/logo\/image\/"},"sameAs":["https:\/\/www.facebook.com\/hififilter.group","https:\/\/www.linkedin.com\/company\/hififilter\/"]}]}},"_links":{"self":[{"href":"https:\/\/hifi-filter.com\/it\/wp-json\/wp\/v2\/pages\/14951"}],"collection":[{"href":"https:\/\/hifi-filter.com\/it\/wp-json\/wp\/v2\/pages"}],"about":[{"href":"https:\/\/hifi-filter.com\/it\/wp-json\/wp\/v2\/types\/page"}],"author":[{"embeddable":true,"href":"https:\/\/hifi-filter.com\/it\/wp-json\/wp\/v2\/users\/1"}],"replies":[{"embeddable":true,"href":"https:\/\/hifi-filter.com\/it\/wp-json\/wp\/v2\/comments?post=14951"}],"version-history":[{"count":11,"href":"https:\/\/hifi-filter.com\/it\/wp-json\/wp\/v2\/pages\/14951\/revisions"}],"predecessor-version":[{"id":46970,"href":"https:\/\/hifi-filter.com\/it\/wp-json\/wp\/v2\/pages\/14951\/revisions\/46970"}],"up":[{"embeddable":true,"href":"https:\/\/hifi-filter.com\/it\/wp-json\/wp\/v2\/pages\/15304"}],"wp:attachment":[{"href":"https:\/\/hifi-filter.com\/it\/wp-json\/wp\/v2\/media?parent=14951"}],"curies":[{"name":"wp","href":"https:\/\/api.w.org\/{rel}","templated":true}]}}