{"id":17793,"date":"2021-10-18T15:13:08","date_gmt":"2021-10-18T13:13:08","guid":{"rendered":"https:\/\/hifi-filter.sitendev.com\/services\/"},"modified":"2022-05-30T14:47:16","modified_gmt":"2022-05-30T12:47:16","slug":"servizi","status":"publish","type":"page","link":"https:\/\/hifi-filter.com\/it\/servizi\/","title":{"rendered":"Servizi"},"content":{"rendered":"<div class=\"ArticleEdito reverse\" data-component-id=\"ArticleEdito\">\r\n    <div class=\"ArticleEdito-content\">\r\n        <h2 class=\"ArticleEdito-title\">One stop filter shop<\/h2>        <div class=\"ArticleEdito-text AppText AppScrollbar\">Con HIFI FILTER\u00ae avete un partner fidato per la gestione della manutenzione dei vostri veicoli, macchine e attrezzature. E godetevi i molti vantaggi di avere un solo contatto e una sola marca per tutta la vostra filtrazione.<\/div>\r\n        \r\n        <div class=\"Button ArticleEdito-button\" data-component-id=\"Button\">\r\n            <a class=\"Button-component\" href=\"https:\/\/hifi-filter.com\/it\/servizi\/one-stop-filter-shop\/\" aria-label=\"\" target=\"_self\" data-trk-other-cta=\"Scoprire\">\r\n                <span class=\"Button-text\">Scoprire<\/span>\r\n            <\/a>\r\n        <\/div>    <\/div>\r\n    <div class=\"Image ArticleEdito-image\" data-component-id=\"image\">\r\n        <picture>\r\n            <img class=\"lazyload\" data-src=\"https:\/\/hifi-filter.com\/wp-content\/uploads\/2021\/10\/One-Stop-Shop-Filters-LR.jpg\" width=\"1440\" height=\"800\"\r\n                alt=\"Image non trouv\u00e9e\" draggable=\"false\">\r\n        <\/picture>\r\n    <\/div>\r\n<\/div>\n\n<div class=\"ArticleEdito\" data-component-id=\"ArticleEdito\">\r\n    <div class=\"ArticleEdito-content\">\r\n        <h2 class=\"ArticleEdito-title\">Stoccaggio e disponibilit\u00e0<\/h2>        <div class=\"ArticleEdito-text AppText AppScrollbar\">Alla HIFI FILTER\u00ae sappiamo l&#8217;impatto che i tempi di inattivit\u00e0 possono avere su un&#8217;azienda. Ecco perch\u00e9 assicuriamo la massima disponibilit\u00e0 per i nostri clienti con 30.000 articoli attuali in magazzino e consegne veloci in tutto il mondo.<\/div>\r\n        \r\n        <div class=\"Button ArticleEdito-button\" data-component-id=\"Button\">\r\n            <a class=\"Button-component\" href=\"https:\/\/hifi-filter.com\/it\/servizi\/stoccaggio-e-disponibilita\/\" aria-label=\"\" target=\"_self\" data-trk-other-cta=\"Scoprire\">\r\n                <span class=\"Button-text\">Scoprire<\/span>\r\n            <\/a>\r\n        <\/div>    <\/div>\r\n    <div class=\"Image ArticleEdito-image\" data-component-id=\"image\">\r\n        <picture>\r\n            <img class=\"lazyload\" data-src=\"https:\/\/hifi-filter.com\/wp-content\/uploads\/2021\/10\/Stock-LR.jpg\" width=\"1440\" height=\"800\"\r\n                alt=\"Image non trouv\u00e9e\" draggable=\"false\">\r\n        <\/picture>\r\n    <\/div>\r\n<\/div>\n\n<div class=\"ArticleEdito reverse\" data-component-id=\"ArticleEdito\">\r\n    <div class=\"ArticleEdito-content\">\r\n        <h2 class=\"ArticleEdito-title\">Strumenti e dati<\/h2>        <div class=\"ArticleEdito-text AppText AppScrollbar\">Strumenti e supporti digitali sono stati pensati per te. Sistemi di ricerca intuitivi, un&#8217;area clienti personalizzata o cataloghi di prodotti sono tutti aiuti preziosi per aumentare l&#8217;efficienza.<\/div>\r\n        \r\n        <div class=\"Button ArticleEdito-button\" data-component-id=\"Button\">\r\n            <a class=\"Button-component\" href=\"https:\/\/hifi-filter.com\/it\/servizi\/strumenti-e-dati\/\" aria-label=\"\" target=\"_self\" data-trk-other-cta=\"Scoprire\">\r\n                <span class=\"Button-text\">Scoprire<\/span>\r\n            <\/a>\r\n        <\/div>    <\/div>\r\n    <div class=\"Image ArticleEdito-image\" data-component-id=\"image\">\r\n        <picture>\r\n            <img class=\"lazyload\" data-src=\"https:\/\/hifi-filter.com\/wp-content\/uploads\/2021\/10\/Tool-Data-LR.jpg\" width=\"1440\" height=\"800\"\r\n                alt=\"Image non trouv\u00e9e\" draggable=\"false\">\r\n        <\/picture>\r\n    <\/div>\r\n<\/div>\n\n<div class=\"ArticleEdito\" data-component-id=\"ArticleEdito\">\r\n    <div class=\"ArticleEdito-content\">\r\n        <h2 class=\"ArticleEdito-title\">Sostegno e consigli<\/h2>        <div class=\"ArticleEdito-text AppText AppScrollbar\">Il tuo partner HIFI FILTER\u00ae mette tutti i suoi team a tua disposizione per offrirti un&#8217;esperienza unica e un servizio clienti di qualit\u00e0. Approfittate della consulenza e dell&#8217;assistenza di esperti per definire insieme le soluzioni adatte ai vostri bisogni.<\/div>\r\n        \r\n        <div class=\"Button ArticleEdito-button\" data-component-id=\"Button\">\r\n            <a class=\"Button-component\" href=\"https:\/\/hifi-filter.com\/it\/servizi\/sostegno-e-consigli\/\" aria-label=\"\" target=\"_self\" data-trk-other-cta=\"Scoprire\">\r\n                <span class=\"Button-text\">Scoprire<\/span>\r\n            <\/a>\r\n        <\/div>    <\/div>\r\n    <div class=\"Image ArticleEdito-image\" data-component-id=\"image\">\r\n        <picture>\r\n            <img class=\"lazyload\" data-src=\"https:\/\/hifi-filter.com\/wp-content\/uploads\/2021\/10\/Support-Advice-LR-1.jpg\" width=\"1440\" height=\"800\"\r\n                alt=\"Image non trouv\u00e9e\" draggable=\"false\">\r\n        <\/picture>\r\n    <\/div>\r\n<\/div>\n\n<div class=\"ArticleEdito reverse\" data-component-id=\"ArticleEdito\">\r\n    <div class=\"ArticleEdito-content\">\r\n        <h2 class=\"ArticleEdito-title\">Qualit\u00e0<\/h2>        <div class=\"ArticleEdito-text AppText AppScrollbar\">Quando si tratta di filtrazione, la qualit\u00e0 e le prestazioni sono essenziali per proteggere le persone, le attrezzature e gli ambienti. Queste preoccupazioni sono al centro della nostra attivit\u00e0 e del nostro approccio.<\/div>\r\n        \r\n        <div class=\"Button ArticleEdito-button\" data-component-id=\"Button\">\r\n            <a class=\"Button-component\" href=\"https:\/\/hifi-filter.com\/it\/servizi\/qualita\/\" aria-label=\"\" target=\"_self\" data-trk-other-cta=\"Scoprire\">\r\n                <span class=\"Button-text\">Scoprire<\/span>\r\n            <\/a>\r\n        <\/div>    <\/div>\r\n    <div class=\"Image ArticleEdito-image\" data-component-id=\"image\">\r\n        <picture>\r\n            <img class=\"lazyload\" data-src=\"https:\/\/hifi-filter.com\/wp-content\/uploads\/2021\/10\/Quality-Check-LR.jpg\" width=\"1440\" height=\"800\"\r\n                alt=\"Image non trouv\u00e9e\" draggable=\"false\">\r\n        <\/picture>\r\n    <\/div>\r\n<\/div>\n\n\n<p><\/p>\n","protected":false},"excerpt":{"rendered":"","protected":false},"author":1,"featured_media":0,"parent":0,"menu_order":54,"comment_status":"closed","ping_status":"closed","template":"","meta":{"_acf_changed":false,"footnotes":""},"acf":[],"yoast_head":"<!-- This site is optimized with the Yoast SEO plugin v22.2 - https:\/\/yoast.com\/wordpress\/plugins\/seo\/ -->\n<title>Tutti i servizi di HIFI FILTER: il tuo partner filtrazione | HIFI FILTER<\/title>\n<meta name=\"description\" content=\"Gli strumenti e i servizi adeguati, la disponibilit\u00e0 e l\u2019assistenza di staff di esperti che ti consigliano rendono HIFI FILTER il tuo miglior partner per la filtrazione!\" \/>\n<meta name=\"robots\" content=\"index, follow, max-snippet:-1, max-image-preview:large, max-video-preview:-1\" \/>\n<link rel=\"canonical\" href=\"https:\/\/hifi-filter.com\/it\/servizi\/\" \/>\n<script type=\"application\/ld+json\" class=\"yoast-schema-graph\">{\"@context\":\"https:\/\/schema.org\",\"@graph\":[{\"@type\":\"WebPage\",\"@id\":\"https:\/\/hifi-filter.com\/it\/servizi\/\",\"url\":\"https:\/\/hifi-filter.com\/it\/servizi\/\",\"name\":\"Tutti i servizi di HIFI FILTER: il tuo partner filtrazione | HIFI FILTER\",\"isPartOf\":{\"@id\":\"https:\/\/hifi-filter.com\/it\/#website\"},\"datePublished\":\"2021-10-18T13:13:08+00:00\",\"dateModified\":\"2022-05-30T12:47:16+00:00\",\"description\":\"Gli strumenti e i servizi adeguati, la disponibilit\u00e0 e l\u2019assistenza di staff di esperti che ti consigliano rendono HIFI FILTER il tuo miglior partner per la filtrazione!\",\"breadcrumb\":{\"@id\":\"https:\/\/hifi-filter.com\/it\/servizi\/#breadcrumb\"},\"inLanguage\":\"it-IT\",\"potentialAction\":[{\"@type\":\"ReadAction\",\"target\":[\"https:\/\/hifi-filter.com\/it\/servizi\/\"]}]},{\"@type\":\"BreadcrumbList\",\"@id\":\"https:\/\/hifi-filter.com\/it\/servizi\/#breadcrumb\",\"itemListElement\":[{\"@type\":\"ListItem\",\"position\":1,\"name\":\"Home\",\"item\":\"https:\/\/hifi-filter.com\/it\/\"},{\"@type\":\"ListItem\",\"position\":2,\"name\":\"Servizi\"}]},{\"@type\":\"WebSite\",\"@id\":\"https:\/\/hifi-filter.com\/it\/#website\",\"url\":\"https:\/\/hifi-filter.com\/it\/\",\"name\":\"HIFI FILTER\",\"description\":\"Your partner in filtration &amp; separation\",\"publisher\":{\"@id\":\"https:\/\/hifi-filter.com\/it\/#organization\"},\"potentialAction\":[{\"@type\":\"SearchAction\",\"target\":{\"@type\":\"EntryPoint\",\"urlTemplate\":\"https:\/\/hifi-filter.com\/it\/?s={search_term_string}\"},\"query-input\":\"required name=search_term_string\"}],\"inLanguage\":\"it-IT\"},{\"@type\":\"Organization\",\"@id\":\"https:\/\/hifi-filter.com\/it\/#organization\",\"name\":\"HIFI FILTER\",\"url\":\"https:\/\/hifi-filter.com\/it\/\",\"logo\":{\"@type\":\"ImageObject\",\"inLanguage\":\"it-IT\",\"@id\":\"https:\/\/hifi-filter.com\/it\/#\/schema\/logo\/image\/\",\"url\":\"https:\/\/hifi-filter.com\/wp-content\/uploads\/2021\/11\/cropped-Favicon-HIFI-FILTER-1.png\",\"contentUrl\":\"https:\/\/hifi-filter.com\/wp-content\/uploads\/2021\/11\/cropped-Favicon-HIFI-FILTER-1.png\",\"width\":190,\"height\":190,\"caption\":\"HIFI FILTER\"},\"image\":{\"@id\":\"https:\/\/hifi-filter.com\/it\/#\/schema\/logo\/image\/\"},\"sameAs\":[\"https:\/\/www.facebook.com\/hififilter.group\",\"https:\/\/www.linkedin.com\/company\/hififilter\/\"]}]}<\/script>\n<!-- \/ Yoast SEO plugin. -->","yoast_head_json":{"title":"Tutti i servizi di HIFI FILTER: il tuo partner filtrazione | HIFI FILTER","description":"Gli strumenti e i servizi adeguati, la disponibilit\u00e0 e l\u2019assistenza di staff di esperti che ti consigliano rendono HIFI FILTER il tuo miglior partner per la filtrazione!","robots":{"index":"index","follow":"follow","max-snippet":"max-snippet:-1","max-image-preview":"max-image-preview:large","max-video-preview":"max-video-preview:-1"},"canonical":"https:\/\/hifi-filter.com\/it\/servizi\/","schema":{"@context":"https:\/\/schema.org","@graph":[{"@type":"WebPage","@id":"https:\/\/hifi-filter.com\/it\/servizi\/","url":"https:\/\/hifi-filter.com\/it\/servizi\/","name":"Tutti i servizi di HIFI FILTER: il tuo partner filtrazione | HIFI FILTER","isPartOf":{"@id":"https:\/\/hifi-filter.com\/it\/#website"},"datePublished":"2021-10-18T13:13:08+00:00","dateModified":"2022-05-30T12:47:16+00:00","description":"Gli strumenti e i servizi adeguati, la disponibilit\u00e0 e l\u2019assistenza di staff di esperti che ti consigliano rendono HIFI FILTER il tuo miglior partner per la filtrazione!","breadcrumb":{"@id":"https:\/\/hifi-filter.com\/it\/servizi\/#breadcrumb"},"inLanguage":"it-IT","potentialAction":[{"@type":"ReadAction","target":["https:\/\/hifi-filter.com\/it\/servizi\/"]}]},{"@type":"BreadcrumbList","@id":"https:\/\/hifi-filter.com\/it\/servizi\/#breadcrumb","itemListElement":[{"@type":"ListItem","position":1,"name":"Home","item":"https:\/\/hifi-filter.com\/it\/"},{"@type":"ListItem","position":2,"name":"Servizi"}]},{"@type":"WebSite","@id":"https:\/\/hifi-filter.com\/it\/#website","url":"https:\/\/hifi-filter.com\/it\/","name":"HIFI FILTER","description":"Your partner in filtration &amp; separation","publisher":{"@id":"https:\/\/hifi-filter.com\/it\/#organization"},"potentialAction":[{"@type":"SearchAction","target":{"@type":"EntryPoint","urlTemplate":"https:\/\/hifi-filter.com\/it\/?s={search_term_string}"},"query-input":"required name=search_term_string"}],"inLanguage":"it-IT"},{"@type":"Organization","@id":"https:\/\/hifi-filter.com\/it\/#organization","name":"HIFI FILTER","url":"https:\/\/hifi-filter.com\/it\/","logo":{"@type":"ImageObject","inLanguage":"it-IT","@id":"https:\/\/hifi-filter.com\/it\/#\/schema\/logo\/image\/","url":"https:\/\/hifi-filter.com\/wp-content\/uploads\/2021\/11\/cropped-Favicon-HIFI-FILTER-1.png","contentUrl":"https:\/\/hifi-filter.com\/wp-content\/uploads\/2021\/11\/cropped-Favicon-HIFI-FILTER-1.png","width":190,"height":190,"caption":"HIFI FILTER"},"image":{"@id":"https:\/\/hifi-filter.com\/it\/#\/schema\/logo\/image\/"},"sameAs":["https:\/\/www.facebook.com\/hififilter.group","https:\/\/www.linkedin.com\/company\/hififilter\/"]}]}},"_links":{"self":[{"href":"https:\/\/hifi-filter.com\/it\/wp-json\/wp\/v2\/pages\/17793"}],"collection":[{"href":"https:\/\/hifi-filter.com\/it\/wp-json\/wp\/v2\/pages"}],"about":[{"href":"https:\/\/hifi-filter.com\/it\/wp-json\/wp\/v2\/types\/page"}],"author":[{"embeddable":true,"href":"https:\/\/hifi-filter.com\/it\/wp-json\/wp\/v2\/users\/1"}],"replies":[{"embeddable":true,"href":"https:\/\/hifi-filter.com\/it\/wp-json\/wp\/v2\/comments?post=17793"}],"version-history":[{"count":10,"href":"https:\/\/hifi-filter.com\/it\/wp-json\/wp\/v2\/pages\/17793\/revisions"}],"predecessor-version":[{"id":24068,"href":"https:\/\/hifi-filter.com\/it\/wp-json\/wp\/v2\/pages\/17793\/revisions\/24068"}],"wp:attachment":[{"href":"https:\/\/hifi-filter.com\/it\/wp-json\/wp\/v2\/media?parent=17793"}],"curies":[{"name":"wp","href":"https:\/\/api.w.org\/{rel}","templated":true}]}}