{"id":15006,"date":"2021-11-04T10:48:40","date_gmt":"2021-11-04T09:48:40","guid":{"rendered":"https:\/\/hifi-filter.sitendev.com\/cgv-hifi-filter-s-a\/"},"modified":"2022-01-05T09:26:42","modified_gmt":"2022-01-05T08:26:42","slug":"hifi-filter-sa","status":"publish","type":"page","link":"https:\/\/hifi-filter.com\/pl\/ogolne-warunki-sprzedazy\/hifi-filter-sa\/","title":{"rendered":"Og\u00f3lne warunki sprzeda\u017cy &#8211; HIFI FILTER S.A."},"content":{"rendered":"<div class=\"Text1Column\" data-component-id=\"Text1Column\">\r\n            <div class=\"Text1Column-text AppText\"><strong>1 \u2013 MO\u017bLIWO\u015a\u0106 POWO\u0141ANIA SI\u0118 NA OG\u00d3LNE WARUNKI SPRZEDA\u017bY<\/strong>\r\n\r\nNasze og\u00f3lne warunki sprzeda\u017cy reguluj\u0105 tylko nasze operacje sprzeda\u017cy z wy\u0142\u0105czeniem og\u00f3lnych warunk\u00f3w zakupu klienta i wszelkich innych dokument\u00f3w klienta, a postanowienia w nich zawarte zostaj\u0105 uniewa\u017cnione z mocy prawa i bez \u017cadnych formalno\u015bci. Przej\u0119cie towaru oznacza akceptacj\u0119 niniejszych warunk\u00f3w. Te same ramy prawne b\u0119d\u0105 mia\u0142y zastosowanie do ka\u017cdego nowego zam\u00f3wienia.\r\n\r\n<strong>2 &#8211; ZAM\u00d3WIENIA<\/strong>\r\n\r\nKa\u017cde zam\u00f3wienie musi zawiera\u0107 nazwisko klienta, dat\u0119, produkt, ilo\u015b\u0107 i cen\u0119.\r\nZam\u00f3wienie kupuj\u0105cego uznaje si\u0119 za ostateczne po zaakceptowaniu go przez sprzedaj\u0105cego drog\u0105 telefoniczn\u0105, faksem lub w ka\u017cdy inny spos\u00f3b.\r\nKlient sk\u0142ada zam\u00f3wienia na swoj\u0105 odpowiedzialno\u015b\u0107 i jako jedyny zna ko\u0144cowe przeznaczenie produktu i jego warunki u\u017cytkowania. Oczywistym jest, \u017ce nie posiadamy informacji na ten temat.\r\nW przypadku zam\u00f3wie\u0144 na podstawie dokumentacji dostarczonej na no\u015bniku CD-ROM lub w formie papierowej informacje, obrazy, zdj\u0119cia lub instrukcje maj\u0105 charakter informacyjny i mog\u0105 zawiera\u0107 b\u0142\u0119dy w druku lub ulec zmianie w wyniku modyfikacji wprowadzonych przez producenta w kolejnych wydaniach. Informacje te nie zast\u0119puj\u0105 sprawdzenia referencji producenta. W razie w\u0105tpliwo\u015bci prosimy o kontakt.\r\n\r\n<strong>3 \u2013 ZMIANA SYTUACJI KUPUJ\u0104CEGO<\/strong>\r\n\r\nW razie zmiany sytuacji kupuj\u0105cego, a w szczeg\u00f3lno\u015bci w razie \u015bmierci, post\u0119powania uk\u0142adowego, likwidacji maj\u0105tku, rozwi\u0105zania lub zmiany sp\u00f3\u0142ki zastrzegamy sobie prawo, nawet po cz\u0119\u015bciowej realizacji zam\u00f3wienia, do za\u017c\u0105dania gwarancji lub anulowania pozosta\u0142ych, jeszcze niedostarczonych zam\u00f3wie\u0144.\r\n\r\n<strong>4 &#8211; DOSTAWY<\/strong>\r\n\r\nSprzedaj\u0105cy realizuje dostawy z zachowaniem tolerancji producent\u00f3w w odniesieniu do wszystkich w\u0142a\u015bciwo\u015bci produktu, a w szczeg\u00f3lno\u015bci wymiar\u00f3w i g\u0142\u0119boko\u015bci. Maj\u0105c \u015bwiadomo\u015b\u0107 tej zasady, kupuj\u0105cy musi sprawdzi\u0107 dostosowanie dostarczonego produktu do jego potrzeb przed instalacj\u0105.\r\nNasze towary, nawet w przypadku dostawy franco, s\u0105 przewo\u017cone na ryzyko odbiorcy, kt\u00f3ry w razie sporu powinien przedstawi\u0107 wszelkie zastrze\u017cenia przewo\u017anikom w momencie odbioru towaru. Zastrze\u017cenia nale\u017cy potwierdzi\u0107 listem poleconym z potwierdzeniem odbioru w ci\u0105gu trzech dni od daty odbioru (art. 105 kodeksu handlowego). Ka\u017cda dostawa odbywa si\u0119 na podstawie oddzielnej umowy. W \u017cadnym razie wielokrotno\u015b\u0107 nast\u0119puj\u0105cych po sobie dostaw nie stanowi ci\u0105g\u0142o\u015bci umowy. Rozmiary i ci\u0119\u017car podane w naszych cennikach, katalogach, na fakturach i w wykazach maj\u0105 jedynie charakter informacyjny. Nie mo\u017cna powo\u0142ywa\u0107 si\u0119 na nie w momencie dostawy towaru.\r\n\r\n<strong>5 &#8211; REKLAMACJE<\/strong>\r\n\r\nDok\u0142adamy wszelkich stara\u0144, aby dostarczy\u0107 towar w podanym terminie, kt\u00f3ry ma jednak charakter informacyjny i nie jest obj\u0119ty gwarancj\u0105 sprzedaj\u0105cego. Op\u00f3\u017anienia nie stanowi\u0105 podstawy do anulowania zam\u00f3wienia ani wyp\u0142aty odszkodowania przez sprzedaj\u0105cego.\r\nReklamacje, kt\u00f3re nie zostan\u0105 przes\u0142ane listem poleconym w ci\u0105gu o\u015bmiu dni od daty odbioru towaru, nie b\u0119d\u0105 akceptowane.\r\nWszelkie wydarzenia oddzia\u0142uj\u0105ce na sprzedaj\u0105cego, jego dostawc\u00f3w lub us\u0142ugodawc\u00f3w, maj\u0105ce lub nie znamiona dzia\u0142ania si\u0142y wy\u017cszej lub nieprzewidzianych przypadk\u00f3w takich jak: przerwa w pracy, lock-out, wojna, pow\u00f3d\u017a, po\u017car, wypadek materialny, ca\u0142kowity lub cz\u0119\u015bciowy brak produkt\u00f3w lub us\u0142ug, kt\u00f3re wyst\u0105pi\u0142y w pomieszczeniach sprzedaj\u0105cego lub jego dostawc\u00f3w i uniemo\u017cliwiaj\u0105 realizacj\u0119 ca\u0142o\u015bci lub cz\u0119\u015bci zam\u00f3wienia przez sprzedaj\u0105cego, zawieszaj\u0105 z mocy prawa i bez \u017cadnych formalno\u015bci obowi\u0105zki sprzedaj\u0105cego, kt\u00f3ry zgodnie z prawem nie ponosi \u017cadnej odpowiedzialno\u015bci.\r\n\r\n<strong>6 \u2013 P\u0141ATNO\u015aCI I KLAUZULA ZASTRZE\u017bENIA W\u0141ASNO\u015aCI<\/strong>\r\n\r\nNasze ceny to ceny netto p\u0142atne got\u00f3wk\u0105 przy odbiorze faktury, o ile nie przyj\u0119to innych pisemnych postanowie\u0144. Nasze faktury s\u0105 p\u0142atne w siedzibie naszej sp\u00f3\u0142ki. Nasza sp\u00f3\u0142ka zachowuje w\u0142asno\u015b\u0107 sprzedanych towar\u00f3w do czasu faktycznej zap\u0142aty ca\u0142ej ceny. Brak p\u0142atno\u015bci mo\u017ce prowadzi\u0107 do odebrania towaru na ryzyko kupuj\u0105cego. Niniejsze postanowienia nie stanowi\u0105 uszczerbku dla przeniesienia na kupuj\u0105cego ryzyka utraty i zniszczenia sprzedanych towar\u00f3w od momentu ich dostawy. Kupuj\u0105cy ponosi wszelkie koszty prawne i s\u0105dowe powsta\u0142e w wyniku sporu. Wszystkie faktury lub rachunki nieuregulowane w terminie zostan\u0105 powi\u0119kszone o odsetki za zw\u0142ok\u0119 wynosz\u0105ce trzykrotno\u015b\u0107 odsetek ustawowych powi\u0119kszonych o dwa punkty. Ponadto zostanie r\u00f3wnie\u017c pobrana zrycza\u0142towana kwota 40 euro tytu\u0142em koszt\u00f3w windykacji (art. D 441-5 Kodeksu Handlowego). Brak p\u0142atno\u015bci za dostaw\u0119 upowa\u017cnia nas do zawieszenia wysy\u0142ki towar\u00f3w i skutkuje wymagalno\u015bci\u0105 warto\u015bci zam\u00f3wionych produkt\u00f3w specjalnych, kt\u00f3re s\u0105 dost\u0119pne lub s\u0105 w trakcie produkcji. Brak p\u0142atno\u015bci w terminie wi\u0105\u017ce si\u0119 z automatyczn\u0105 wymagalno\u015bci\u0105 wszystkich innych bie\u017c\u0105cych wierzytelno\u015bci i odzyskaniem nieop\u0142aconych towar\u00f3w.\r\nW razie odzyskania nale\u017cno\u015bci w drodze post\u0119powania spornego kwota nale\u017cna sprzedawcy zostanie powi\u0119kszona z mocy prawa o 15% tytu\u0142em odsetek karnych opr\u00f3cz innych op\u0142at i podatk\u00f3w.\r\n\r\n<strong>7 \u2013 CENY I ZMIANY<\/strong>\r\n\r\nNasze ceny to ceny obowi\u0105zuj\u0105ce w momencie przyj\u0119cia zam\u00f3wienia do natychmiastowej dostawy. Nasze ceny oznaczaj\u0105 ceny towar\u00f3w udost\u0119pnionych w naszych plac\u00f3wkach z wyj\u0105tkiem innego pisemnego ustalenia z naszej strony. Nasza sp\u00f3\u0142ka zastrzega sobie prawo do zmiany cen i stawek bez uprzedzenia.\r\n\r\n<strong>8 \u2013 GWARANCJE<\/strong>\r\n\r\nGwarantujemy, \u017ce nasz sprz\u0119t jest wolny od ukrytych wad produkcyjnych i zapewniamy jego jako\u015b\u0107 przez okres u\u017cytkowania zalecany przez producenta, a w ka\u017cdych okoliczno\u015bciach \u2013 przez 12 miesi\u0119cy od daty dostawy pod warunkiem przestrzegania poni\u017cszych wymog\u00f3w.\r\nU\u017cytkowanie niezgodne ze specyfikacjami technicznymi powoduje bezzw\u0142oczn\u0105 i ca\u0142kowit\u0105 utrat\u0119 gwarancji. Dotyczy to r\u00f3wnie\u017c zmian i napraw dostarczonego lub naprawionego sprz\u0119tu dokonywanych lub zlecanych przez klienta bez naszej zgody. Przed za\u0142o\u017ceniem filtra nale\u017cy sprawdzi\u0107 wizualne podobie\u0144stwo do wymienionego filtra. Ka\u017cda widoczna wada jest obj\u0119ta z mocy prawa odbiorem towaru sprzedaj\u0105cego bez \u017cadnych zastrze\u017ce\u0144. Po za\u0142o\u017ceniu nowego filtra nale\u017cy sprawdzi\u0107 szczelno\u015b\u0107 i prawid\u0142owe funkcjonowanie silnika.\r\nSprzedaj\u0105cy nie ponosi odpowiedzialno\u015bci za przeznaczenie towar\u00f3w ani specjalne warunki u\u017cytkowania, co oznacza \u017ce nie mo\u017cna na niego na\u0142o\u017cy\u0107 takiego przymusu w formie pisemnej w zam\u00f3wieniu.\r\nNasza gwarancja, bez wzgl\u0119du na charakter, jest \u015bci\u015ble ograniczona, przed monta\u017cem, do wymiany filtr\u00f3w uznanych za wadliwe, a po monta\u017cu \u2013 do naprawy szk\u00f3d materialnych lub cielesnych poniesionych bezpo\u015brednio w wyniku ukrytej wady dostarczonego produktu, z wy\u0142\u0105czeniem reklamacji o charakterze niematerialnym, po\u015brednim lub p\u00f3\u017aniejszym.\r\nKupuj\u0105cy odpowiada za udowodnienie wady ukrytej. Zg\u0142oszenie szkody nale\u017cy przes\u0142a\u0107 naszej Sp\u00f3\u0142ce bezzw\u0142ocznie po jej powstaniu. Filtr uznany za wadliwy nale\u017cy przes\u0142a\u0107 do naszej siedziby w ci\u0105gu 15 dni wraz z pr\u00f3bk\u0105 oleju.\r\n\r\n<strong>9 \u2013 DEFINICJA GRUPY HIFI I SP\u00d3\u0141EK<\/strong>\r\n\r\nHIFI jest zastrze\u017conym znakiem towarowym. Grup\u0119 HIFI tworz\u0105 sp\u00f3\u0142ki, kt\u00f3re posiadaj\u0105 lub bezpo\u015brednio sprzedaj\u0105 produkty opatrzone znakiem towarowym HIFI na wy\u0142\u0105czno\u015b\u0107 odsprzedaj\u0105cych.\r\nNiniejsze warunki og\u00f3lne s\u0105 stosowane w naszej sp\u00f3\u0142ce oraz we wszystkich sp\u00f3\u0142kach naszej grupy oraz widniej\u0105 w naszych dokumentach i na naszych fakturach. Producenci oznaczaj\u0105 sp\u00f3\u0142ki przemys\u0142owe, kt\u00f3re wytwarzaj\u0105 filtry na rzecz naszej grupy przed umieszczeniem na nich naszego znaku towarowego.\r\n\r\n<strong>10 \u2013 OBOWI\u0104ZEK WNIESIENIA SKARGI BEZPO\u015aREDNIEJ PRZECIWKO PRODUCENTOWI<\/strong>\r\n\r\nWszelkie pow\u00f3dztwa lub polubowne reklamacje wynikaj\u0105ce z wady ukrytej dostarczonego produktu, dotycz\u0105ce bezpo\u015brednio jako\u015bci wytworzenia sprzedawanego produktu nale\u017cy wnosi\u0107 bezpo\u015brednio przeciwko producentowi takiego produktu i jego ubezpieczycielowi. Dopiero w razie niewykonania zobowi\u0105zania przez producenta mo\u017cna wnie\u015b\u0107 pow\u00f3dztwo przeciwko jednej ze sp\u00f3\u0142ek grupy HIFI I jej ubezpieczycielowi, zgodnie z warunkami odpowiedzialno\u015bci opisanymi w art. 8. W razie nie przestrzegania art. 10 mamy prawo do zwrotu wszystkich koszt\u00f3w poniesionych na obron\u0119 (w szczeg\u00f3lno\u015bci adwokat\u00f3w, ekspert\u00f3w, dor\u0119czycieli s\u0105dowych), a tak\u017ce w zwi\u0105zku z ewentualnym wyrokiem skazuj\u0105cym na podstawie art. 700 nkpc.\r\n\r\n<strong>11 \u2013 KLAUZULA W\u0141A\u015aCIWO\u015aCI S\u0104DU \u2013 PODZIELNO\u015a\u0106 WARUNK\u00d3W OG\u00d3LNYCH<\/strong>\r\n\r\nOperacje sprzeda\u017cy przeprowadzane przez nasz\u0105 sp\u00f3\u0142k\u0119 podlegaj\u0105 jedynie prawu francuskiemu, z wyra\u017anym wy\u0142\u0105czeniem konwencji wiede\u0144skiej o umowach mi\u0119dzynarodowej sprzeda\u017cy towar\u00f3w, a tak\u017ce z wy\u0142\u0105czeniem wszelkich norm kolizyjnych lub innych, kt\u00f3re mog\u0105 prowadzi\u0107 do stosowania wszelkich innych przepis\u00f3w ni\u017c przepisy prawa francuskiego. Nasze og\u00f3lne warunki sprzeda\u017cy s\u0105 przet\u0142umaczone z jak najwi\u0119ksz\u0105 mo\u017cliw\u0105 dok\u0142adno\u015bci\u0105, tym niemniej jedynie wersja francuska stanowi podstaw\u0119 do stosowania w umowie, w szczeg\u00f3lno\u015bci w przypadku r\u00f3\u017cnic interpretacyjnych.\r\nWszelkie spory dotycz\u0105ce naszych towar\u00f3w lub ich rozstrzyganie nale\u017c\u0105 do wy\u0142\u0105cznej kompetencji s\u0105du w\u0142a\u015bciwego dla miejsca siedziby naszej sp\u00f3\u0142ki, r\u00f3wnie\u017c w przypadku kilku pozwanych lub roszczenia regresowego. Z\u0142o\u017cenie zam\u00f3wienia oznacza przyst\u0105pienie do niniejszych warunk\u00f3w og\u00f3lnych bez zastrze\u017ce\u0144. Postanowienia o przeciwnym brzmieniu znajduj\u0105ce si\u0119 na formularzach zam\u00f3wie\u0144 klienta lub w jego warunkach og\u00f3lnych nie skutkuj\u0105 zmian\u0105 niniejszych og\u00f3lnych warunk\u00f3w sprzeda\u017cy.\r\nJe\u017celi z jakiegokolwiek powodu kt\u00f3ry\u015b z niniejszych og\u00f3lnych warunk\u00f3w sprzeda\u017cy zosta\u0142by uznany za niemo\u017cliwy do zastosowania, owa niemo\u017cno\u015b\u0107 stosowania nie b\u0119dzie mie\u0107 wp\u0142ywu na stosowanie innych klauzul og\u00f3lnych warunk\u00f3w sprzeda\u017cy, a warunek uznany za niemo\u017cliwy do zastosowania zostanie zast\u0105piony klauzul\u0105 o najbardziej zbli\u017conej tre\u015bci.\r\n\r\n<strong>12 &#8211; TUNING POJAZDU &#8211; U\u017bYTKOWANIE NA DROGACH PUBLICZNYCH<\/strong>\r\n\r\nParametry techniczne filtracji gamy produkt\u00f3w H-AIR FILTER sprawdza si\u0119 na specjalnym stanowisku pr\u00f3b, a nie w zale\u017cno\u015bci od warunk\u00f3w eksploatacji lub silnika. Prawid\u0142owy dob\u00f3r naszych produkt\u00f3w musi by\u0107 zawsze przeprowadzony pod nadzorem wykwalifikowanego specjalisty z zakresu filtracji. W przypadku pojazd\u00f3w silnikowych przeznaczonych do ruchu na drogach publicznych wymagane jest dopuszczenie przez doz\u00f3r homologacyjny.\r\nTylko bezwzgl\u0119dne przestrzeganie wymaga\u0144 serwisowych i parametr\u00f3w techniczno-eksploatacyjnych zalecanych w instrukcjach i podr\u0119cznikach dostarczanych wraz z produktami umo\u017cliwi skuteczn\u0105 i d\u0142ugotrwa\u0142\u0105 prac\u0119 urz\u0105dze\u0144.\r\nNasza firma nie mo\u017ce w \u017cadnym wypadku by\u0107 poci\u0105gana do odpowiedzialno\u015bci za nieprzestrzeganie ww. warunk\u00f3w oraz za szkody wynikaj\u0105ce z niew\u0142a\u015bciwego u\u017cytkowania, za zmiany przeprowadzone bez odpowiedniej homologacji oraz u\u017cytkowanie w warunkach wyczynowych, takich jak wy\u015bcigi, rajdy, pr\u00f3by terenowe, sporty wodne, powietrzne lub przeci\u0105\u017cenia przemys\u0142owe.        \r\n        <div class=\"Button\" data-component-id=\"Button\">\r\n            <a class=\"Button-component\" href=\"https:\/\/hifi-filter.com\/pl\/ogolne-warunki-sprzedazy\/\" aria-label=\"\" target=\"_self\" data-trk-other-cta=\"Powr\u00f3t\">\r\n                <span class=\"Button-text\">Powr\u00f3t<\/span>\r\n            <\/a>\r\n        <\/div>    <\/div>\r\n<\/div>\r\n\r\n","protected":false},"excerpt":{"rendered":"","protected":false},"author":1,"featured_media":0,"parent":15310,"menu_order":240,"comment_status":"closed","ping_status":"closed","template":"","meta":{"_acf_changed":false,"footnotes":""},"acf":[],"yoast_head":"<!-- This site is optimized with the Yoast SEO plugin v22.2 - https:\/\/yoast.com\/wordpress\/plugins\/seo\/ -->\n<title>Og\u00f3lne warunki sprzeda\u017cy - HIFI FILTER S.A. | HIFI FILTER<\/title>\n<meta name=\"description\" content=\"Votre partenaire en filtration HIFI FILTER, la marque leader des filtres compatibles\" \/>\n<meta name=\"robots\" content=\"noindex, follow\" \/>\n<script type=\"application\/ld+json\" class=\"yoast-schema-graph\">{\"@context\":\"https:\/\/schema.org\",\"@graph\":[{\"@type\":\"WebPage\",\"@id\":\"https:\/\/hifi-filter.com\/pl\/ogolne-warunki-sprzedazy\/hifi-filter-sa\/\",\"url\":\"https:\/\/hifi-filter.com\/pl\/ogolne-warunki-sprzedazy\/hifi-filter-sa\/\",\"name\":\"Og\u00f3lne warunki sprzeda\u017cy - HIFI FILTER S.A. | HIFI FILTER\",\"isPartOf\":{\"@id\":\"https:\/\/hifi-filter.com\/pl\/#website\"},\"datePublished\":\"2021-11-04T09:48:40+00:00\",\"dateModified\":\"2022-01-05T08:26:42+00:00\",\"breadcrumb\":{\"@id\":\"https:\/\/hifi-filter.com\/pl\/ogolne-warunki-sprzedazy\/hifi-filter-sa\/#breadcrumb\"},\"inLanguage\":\"pl-PL\",\"potentialAction\":[{\"@type\":\"ReadAction\",\"target\":[\"https:\/\/hifi-filter.com\/pl\/ogolne-warunki-sprzedazy\/hifi-filter-sa\/\"]}]},{\"@type\":\"BreadcrumbList\",\"@id\":\"https:\/\/hifi-filter.com\/pl\/ogolne-warunki-sprzedazy\/hifi-filter-sa\/#breadcrumb\",\"itemListElement\":[{\"@type\":\"ListItem\",\"position\":1,\"name\":\"Home\",\"item\":\"https:\/\/hifi-filter.com\/pl\/\"},{\"@type\":\"ListItem\",\"position\":2,\"name\":\"Og\u00f3lne warunki sprzeda\u017cy\",\"item\":\"https:\/\/hifi-filter.com\/pl\/ogolne-warunki-sprzedazy\/\"},{\"@type\":\"ListItem\",\"position\":3,\"name\":\"Og\u00f3lne warunki sprzeda\u017cy &#8211; HIFI FILTER S.A.\"}]},{\"@type\":\"WebSite\",\"@id\":\"https:\/\/hifi-filter.com\/pl\/#website\",\"url\":\"https:\/\/hifi-filter.com\/pl\/\",\"name\":\"HIFI FILTER\",\"description\":\"Your partner in filtration &amp; separation\",\"publisher\":{\"@id\":\"https:\/\/hifi-filter.com\/pl\/#organization\"},\"potentialAction\":[{\"@type\":\"SearchAction\",\"target\":{\"@type\":\"EntryPoint\",\"urlTemplate\":\"https:\/\/hifi-filter.com\/pl\/?s={search_term_string}\"},\"query-input\":\"required name=search_term_string\"}],\"inLanguage\":\"pl-PL\"},{\"@type\":\"Organization\",\"@id\":\"https:\/\/hifi-filter.com\/pl\/#organization\",\"name\":\"HIFI FILTER\",\"url\":\"https:\/\/hifi-filter.com\/pl\/\",\"logo\":{\"@type\":\"ImageObject\",\"inLanguage\":\"pl-PL\",\"@id\":\"https:\/\/hifi-filter.com\/pl\/#\/schema\/logo\/image\/\",\"url\":\"https:\/\/hifi-filter.com\/wp-content\/uploads\/2021\/11\/cropped-Favicon-HIFI-FILTER-1.png\",\"contentUrl\":\"https:\/\/hifi-filter.com\/wp-content\/uploads\/2021\/11\/cropped-Favicon-HIFI-FILTER-1.png\",\"width\":190,\"height\":190,\"caption\":\"HIFI FILTER\"},\"image\":{\"@id\":\"https:\/\/hifi-filter.com\/pl\/#\/schema\/logo\/image\/\"},\"sameAs\":[\"https:\/\/www.facebook.com\/hififilter.group\",\"https:\/\/www.linkedin.com\/company\/hififilter\/\"]}]}<\/script>\n<!-- \/ Yoast SEO plugin. -->","yoast_head_json":{"title":"Og\u00f3lne warunki sprzeda\u017cy - HIFI FILTER S.A. | HIFI FILTER","description":"Votre partenaire en filtration HIFI FILTER, la marque leader des filtres compatibles","robots":{"index":"noindex","follow":"follow"},"schema":{"@context":"https:\/\/schema.org","@graph":[{"@type":"WebPage","@id":"https:\/\/hifi-filter.com\/pl\/ogolne-warunki-sprzedazy\/hifi-filter-sa\/","url":"https:\/\/hifi-filter.com\/pl\/ogolne-warunki-sprzedazy\/hifi-filter-sa\/","name":"Og\u00f3lne warunki sprzeda\u017cy - HIFI FILTER S.A. | HIFI FILTER","isPartOf":{"@id":"https:\/\/hifi-filter.com\/pl\/#website"},"datePublished":"2021-11-04T09:48:40+00:00","dateModified":"2022-01-05T08:26:42+00:00","breadcrumb":{"@id":"https:\/\/hifi-filter.com\/pl\/ogolne-warunki-sprzedazy\/hifi-filter-sa\/#breadcrumb"},"inLanguage":"pl-PL","potentialAction":[{"@type":"ReadAction","target":["https:\/\/hifi-filter.com\/pl\/ogolne-warunki-sprzedazy\/hifi-filter-sa\/"]}]},{"@type":"BreadcrumbList","@id":"https:\/\/hifi-filter.com\/pl\/ogolne-warunki-sprzedazy\/hifi-filter-sa\/#breadcrumb","itemListElement":[{"@type":"ListItem","position":1,"name":"Home","item":"https:\/\/hifi-filter.com\/pl\/"},{"@type":"ListItem","position":2,"name":"Og\u00f3lne warunki sprzeda\u017cy","item":"https:\/\/hifi-filter.com\/pl\/ogolne-warunki-sprzedazy\/"},{"@type":"ListItem","position":3,"name":"Og\u00f3lne warunki sprzeda\u017cy &#8211; HIFI FILTER S.A."}]},{"@type":"WebSite","@id":"https:\/\/hifi-filter.com\/pl\/#website","url":"https:\/\/hifi-filter.com\/pl\/","name":"HIFI FILTER","description":"Your partner in filtration &amp; separation","publisher":{"@id":"https:\/\/hifi-filter.com\/pl\/#organization"},"potentialAction":[{"@type":"SearchAction","target":{"@type":"EntryPoint","urlTemplate":"https:\/\/hifi-filter.com\/pl\/?s={search_term_string}"},"query-input":"required name=search_term_string"}],"inLanguage":"pl-PL"},{"@type":"Organization","@id":"https:\/\/hifi-filter.com\/pl\/#organization","name":"HIFI FILTER","url":"https:\/\/hifi-filter.com\/pl\/","logo":{"@type":"ImageObject","inLanguage":"pl-PL","@id":"https:\/\/hifi-filter.com\/pl\/#\/schema\/logo\/image\/","url":"https:\/\/hifi-filter.com\/wp-content\/uploads\/2021\/11\/cropped-Favicon-HIFI-FILTER-1.png","contentUrl":"https:\/\/hifi-filter.com\/wp-content\/uploads\/2021\/11\/cropped-Favicon-HIFI-FILTER-1.png","width":190,"height":190,"caption":"HIFI FILTER"},"image":{"@id":"https:\/\/hifi-filter.com\/pl\/#\/schema\/logo\/image\/"},"sameAs":["https:\/\/www.facebook.com\/hififilter.group","https:\/\/www.linkedin.com\/company\/hififilter\/"]}]}},"_links":{"self":[{"href":"https:\/\/hifi-filter.com\/pl\/wp-json\/wp\/v2\/pages\/15006"}],"collection":[{"href":"https:\/\/hifi-filter.com\/pl\/wp-json\/wp\/v2\/pages"}],"about":[{"href":"https:\/\/hifi-filter.com\/pl\/wp-json\/wp\/v2\/types\/page"}],"author":[{"embeddable":true,"href":"https:\/\/hifi-filter.com\/pl\/wp-json\/wp\/v2\/users\/1"}],"replies":[{"embeddable":true,"href":"https:\/\/hifi-filter.com\/pl\/wp-json\/wp\/v2\/comments?post=15006"}],"version-history":[{"count":19,"href":"https:\/\/hifi-filter.com\/pl\/wp-json\/wp\/v2\/pages\/15006\/revisions"}],"predecessor-version":[{"id":21606,"href":"https:\/\/hifi-filter.com\/pl\/wp-json\/wp\/v2\/pages\/15006\/revisions\/21606"}],"up":[{"embeddable":true,"href":"https:\/\/hifi-filter.com\/pl\/wp-json\/wp\/v2\/pages\/15310"}],"wp:attachment":[{"href":"https:\/\/hifi-filter.com\/pl\/wp-json\/wp\/v2\/media?parent=15006"}],"curies":[{"name":"wp","href":"https:\/\/api.w.org\/{rel}","templated":true}]}}