{"id":16998,"date":"2021-09-16T09:10:04","date_gmt":"2021-09-16T07:10:04","guid":{"rendered":"https:\/\/hifi-filter.sitendev.com\/one-stop-filter-shop\/"},"modified":"2023-08-08T10:46:10","modified_gmt":"2023-08-08T08:46:10","slug":"one-stop-filter-shop","status":"publish","type":"page","link":"https:\/\/hifi-filter.com\/pl\/uslugi\/one-stop-filter-shop\/","title":{"rendered":"One stop filter shop"},"content":{"rendered":"<div class=\"Introduction\" data-component-id=\"Introduction\">\n    <h3 class=\"AppTitle h1 theme-reverse\"><\/h3>\n    <h2 class=\"AppTitle h1 theme-highlight\">U\u0142atwiaj sobie \u017cycie<\/h2>\n    <div class=\"AppText\">W HIFI FILTER\u00ae masz znajdziesz sprzymierze\u0144ca w zarz\u0105dzaniu konserwacj\u0105 pojazd\u00f3w, maszyn i urz\u0105dze\u0144. Ciesz si\u0119 wieloma korzy\u015bciami p\u0142yn\u0105cymi z posiadania tylko jednego dostawcy dla ca\u0142ej filtracji.<\/div>\n<\/div>\n\n<div class=\"Intro\" data-component-id=\"Intro\">\n    <div class=\"Intro-wrapper\">\n                <div class=\"Intro-image\">\n            <div class=\"Image\" data-component-id=\"image\">\n                <picture>\n                    <img class=\"lazyload\" data-src=\"https:\/\/hifi-filter.com\/wp-content\/uploads\/2021\/10\/One-Stop-Shop-Filters-Intro-1.jpg\" width=\"1440\"\n                        height=\"800\" alt=\"\" draggable=\"false\">\n                <\/picture>\n            <\/div>\n        <\/div>\n                    <\/div>\n<\/div>\n\n<div class=\"Text1Column\" data-component-id=\"Text1Column\">\r\n    <h2 class=\"Text1Column-title\">Ca\u0142a filtracja w jednym miejscu jest wygodniejsza<\/h2>        <div class=\"Text1Column-text AppText\"><ul>\r\n \t<li>Filtracja silnika, filtracja hydrauliczna lub przemys\u0142owe procesy filtracji (ciecze, oczyszczanie powietrza, mg\u0142a olejowa, usuwanie py\u0142u&#8230;)<\/li>\r\n \t<li>Filtry starej lub nowej generacji<\/li>\r\n \t<li>Produkty standardowe lub rozwi\u0105zania specjalne<\/li>\r\n<\/ul>\r\nNasz bogaty asortyment ponad 70.000 referencji zaspokoi wszystkie Pa\u0144stwa potrzeby w zakresie urz\u0105dze\u0144 i proces\u00f3w, bez konieczno\u015bci zwracania si\u0119 do innych dostawc\u00f3w. Gwarancja u\u0142atwionego zarz\u0105dzania, ale przede wszystkim znaczna oszcz\u0119dno\u015b\u0107 czasu, kt\u00f3ry mo\u017cesz w pe\u0142ni po\u015bwi\u0119ci\u0107 swojej dzia\u0142alno\u015bci.        \r\n        <div class=\"Button\" data-component-id=\"Button\">\r\n            <a class=\"Button-component\" href=\"https:\/\/hifi-filter.com\/pl\/zastosowania\/\" aria-label=\"\" target=\"_self\" data-trk-other-cta=\"Odkryj nasze rozwi\u0105zania\">\r\n                <span class=\"Button-text\">Odkryj nasze rozwi\u0105zania<\/span>\r\n            <\/a>\r\n        <\/div>    <\/div>\r\n<\/div>\r\n\r\n\n\n<div class=\"ArticleEdito reverse --bg\" data-component-id=\"ArticleEdito\">\r\n    <div class=\"ArticleEdito-content\">\r\n        <h2 class=\"ArticleEdito-title\">Aby zoptymalizowa\u0107 swoje zapasy, ogranicz zam\u00f3wienia do marki Hifi!<\/h2>        <div class=\"ArticleEdito-text AppText AppScrollbar\">Czy Tw\u00f3j magazyn jest przepe\u0142niony? Czy posiadasz wiele filtr\u00f3w r\u00f3\u017cnych marek, a mimo to wiele z nich jest identycznych, a inne nie s\u0105 ju\u017c u\u017cywane?\r\nWyb\u00f3r HIFI FILTER\u00ae to pewno\u015b\u0107 racjonalizacji zapas\u00f3w i utrzymania ich w stanie aktualnym. Skorzystasz r\u00f3wnie\u017c z jednej marki i jednego systemu numeracji, kt\u00f3ry pomo\u017ce Ci zidentyfikowa\u0107 i ujednolici\u0107 produkty na p\u00f3\u0142kach w magazynie.<\/div>\r\n            <\/div>\r\n    <div class=\"Image ArticleEdito-image\" data-component-id=\"image\">\r\n        <picture>\r\n            <img class=\"lazyload\" data-src=\"https:\/\/hifi-filter.com\/wp-content\/uploads\/2021\/10\/Optimize-Stock-OEM.png\" width=\"1440\" height=\"800\"\r\n                alt=\"Image non trouv\u00e9e\" draggable=\"false\">\r\n        <\/picture>\r\n    <\/div>\r\n<\/div>\n\n<div class=\"ArticleEdito --bg\" data-component-id=\"ArticleEdito\">\r\n    <div class=\"ArticleEdito-content\">\r\n        <h2 class=\"ArticleEdito-title\">Oszcz\u0119dzaj pieni\u0105dze<\/h2>        <div class=\"ArticleEdito-text AppText AppScrollbar\">Opr\u00f3cz znacznie zmniejszonych koszt\u00f3w magazynowania i oszcz\u0119dno\u015bci czasu w zarz\u0105dzaniu, wsp\u00f3\u0142pracuj z uznan\u0105 mark\u0105 oferuj\u0105c\u0105 wysokiej jako\u015bci produkty w konkurencyjnych cenach.<\/div>\r\n            <\/div>\r\n    <div class=\"Image ArticleEdito-image\" data-component-id=\"image\">\r\n        <picture>\r\n            <img class=\"lazyload\" data-src=\"https:\/\/hifi-filter.com\/wp-content\/uploads\/2021\/10\/Economize.jpg\" width=\"1440\" height=\"800\"\r\n                alt=\"Image non trouv\u00e9e\" draggable=\"false\">\r\n        <\/picture>\r\n    <\/div>\r\n<\/div>\n\n<div class=\"Introduction\" data-component-id=\"Introduction\">\n    <h3 class=\"AppTitle h1 theme-reverse\">Jakie rodzaje produkt\u00f3w mo\u017cna znale\u017a\u0107 w HIFI FILTER\u00ae?<\/h3>\n    <h2 class=\"AppTitle h1 theme-highlight\"><\/h2>\n    <div class=\"AppText\">Od kosiarek do buldo\u017cer\u00f3w, pojazd\u00f3w drogowych, maszyn i proces\u00f3w przemys\u0142owych &#8211; wszystkie rozwi\u0105zania i akcesoria do radzenia sobie z cieczami, gazami i mg\u0142ami olejowymi.<\/div>\n<\/div>\n\n<div class=\"ArticleEdito\" data-component-id=\"ArticleEdito\">\r\n    <div class=\"ArticleEdito-content\">\r\n        <h2 class=\"ArticleEdito-title\">Filtry i separatory<\/h2>        <div class=\"ArticleEdito-text AppText AppScrollbar\">HIFI FILTER\u00ae oferuje szerok\u0105 gam\u0119 filtr\u00f3w spin-on, filtr\u00f3w kompletnych, paneli i wk\u0142ad\u00f3w. S\u0105 one kompatybilne z Pa\u0144stwa urz\u0105dzeniami i procesami, dost\u0119pne w r\u00f3\u017cnych typach medi\u00f3w i klasach filtracji.<\/div>\r\n            <\/div>\r\n    <div class=\"Image ArticleEdito-image\" data-component-id=\"image\">\r\n        <picture>\r\n            <img class=\"lazyload\" data-src=\"https:\/\/hifi-filter.com\/wp-content\/uploads\/2021\/10\/Products-Range-Filters-Elements-LR.jpg\" width=\"1440\" height=\"800\"\r\n                alt=\"Image non trouv\u00e9e\" draggable=\"false\">\r\n        <\/picture>\r\n    <\/div>\r\n<\/div>\n\n<div class=\"ArticleEdito reverse\" data-component-id=\"ArticleEdito\">\r\n    <div class=\"ArticleEdito-content\">\r\n        <h2 class=\"ArticleEdito-title\">Akcesoria<\/h2>        <div class=\"ArticleEdito-text AppText AppScrollbar\">Opr\u00f3cz wk\u0142ad\u00f3w filtracyjnych dost\u0119pny jest ca\u0142y szereg akcesori\u00f3w i cz\u0119\u015bci zamiennych: obudowy, g\u0142owice filtracyjne, wska\u017aniki konserwacji, klucze, uszczelki, z\u0142\u0105czki i wiele innych.<\/div>\r\n            <\/div>\r\n    <div class=\"Image ArticleEdito-image\" data-component-id=\"image\">\r\n        <picture>\r\n            <img class=\"lazyload\" data-src=\"https:\/\/hifi-filter.com\/wp-content\/uploads\/2021\/10\/Products-Range-Accessories-LR.jpg\" width=\"1440\" height=\"800\"\r\n                alt=\"Image non trouv\u00e9e\" draggable=\"false\">\r\n        <\/picture>\r\n    <\/div>\r\n<\/div>\n\n<div class=\"ArticleEdito\" data-component-id=\"ArticleEdito\">\r\n    <div class=\"ArticleEdito-content\">\r\n        <h2 class=\"ArticleEdito-title\">Zarz\u0105dzanie p\u0142ynami i filtracja przemys\u0142owa<\/h2>        <div class=\"ArticleEdito-text AppText AppScrollbar\">Specyficzne systemy filtracji i separacji:\r\n<ul>\r\n \t<li>Jednostki filtruj\u0105ce<\/li>\r\n \t<li>Kolektory mg\u0142y olejowej<\/li>\r\n \t<li>Automatyczne filtry ta\u015bmowe&#8230;<\/li>\r\n<\/ul><\/div>\r\n            <\/div>\r\n    <div class=\"Image ArticleEdito-image\" data-component-id=\"image\">\r\n        <picture>\r\n            <img class=\"lazyload\" data-src=\"https:\/\/hifi-filter.com\/wp-content\/uploads\/2021\/10\/Products-Range-Fluid-Management-Industrial-Filtration-LR.jpg\" width=\"1440\" height=\"800\"\r\n                alt=\"Image non trouv\u00e9e\" draggable=\"false\">\r\n        <\/picture>\r\n    <\/div>\r\n<\/div>\n\n<div class=\"ArticleEdito reverse\" data-component-id=\"ArticleEdito\">\r\n    <div class=\"ArticleEdito-content\">\r\n        <h2 class=\"ArticleEdito-title\">Zestawy konserwacyjne<\/h2>        <div class=\"ArticleEdito-text AppText AppScrollbar\">Znajdziesz wszystko, czego potrzebujesz do konserwacji maszyn budowlanych, spr\u0119\u017carek i samochod\u00f3w ci\u0119\u017carowych, dzi\u0119ki naszym zestawom konserwacyjnym sk\u0142adaj\u0105cym si\u0119 z filtr\u00f3w i innych cz\u0119\u015bci zamiennych.<\/div>\r\n            <\/div>\r\n    <div class=\"Image ArticleEdito-image\" data-component-id=\"image\">\r\n        <picture>\r\n            <img class=\"lazyload\" data-src=\"https:\/\/hifi-filter.com\/wp-content\/uploads\/2021\/10\/Maintenance-Kit-Hifi-Filter.jpg\" width=\"1440\" height=\"800\"\r\n                alt=\"Image non trouv\u00e9e\" draggable=\"false\">\r\n        <\/picture>\r\n    <\/div>\r\n<\/div>\n\n<div class=\"ArticleEdito\" data-component-id=\"ArticleEdito\">\r\n    <div class=\"ArticleEdito-content\">\r\n        <h2 class=\"ArticleEdito-title\">Przycinanie medi\u00f3w<\/h2>        <div class=\"ArticleEdito-text AppText AppScrollbar\">Oferujemy r\u00f3wnie\u017c us\u0142ug\u0119 ci\u0119cia r\u00f3\u017cnych medi\u00f3w do filtracji powietrza. Mo\u017cecie Pa\u0144stwo polega\u0107 na naszych zespo\u0142ach, kt\u00f3re okre\u015bl\u0105 odpowiednie wymiary i parametry techniczne.<\/div>\r\n            <\/div>\r\n    <div class=\"Image ArticleEdito-image\" data-component-id=\"image\">\r\n        <picture>\r\n            <img class=\"lazyload\" data-src=\"https:\/\/hifi-filter.com\/wp-content\/uploads\/2021\/10\/Products-Range-HVAC-Media-LR.jpg\" width=\"1440\" height=\"800\"\r\n                alt=\"Image non trouv\u00e9e\" draggable=\"false\">\r\n        <\/picture>\r\n    <\/div>\r\n<\/div>\n\n<div class=\"ArticleEdito reverse\" data-component-id=\"ArticleEdito\">\r\n    <div class=\"ArticleEdito-content\">\r\n        <h2 class=\"ArticleEdito-title\">Filtry, pude\u0142ka: spersonalizuj je!<\/h2>        <div class=\"ArticleEdito-text AppText AppScrollbar\">Czy chcesz wyr\u00f3\u017cni\u0107 swoj\u0105 mark\u0119 w\u0142asn\u0105?\r\nW zale\u017cno\u015bci od wielko\u015bci zam\u00f3wienia, skorzystajcie Pa\u0144stwo z mo\u017cliwo\u015bci indywidualnego znakowania produkt\u00f3w i opakowa\u0144.<\/div>\r\n            <\/div>\r\n    <div class=\"Image ArticleEdito-image\" data-component-id=\"image\">\r\n        <picture>\r\n            <img class=\"lazyload\" data-src=\"https:\/\/hifi-filter.com\/wp-content\/uploads\/2021\/10\/Products-Range-Custom-Filters-LR.jpg\" width=\"1440\" height=\"800\"\r\n                alt=\"Image non trouv\u00e9e\" draggable=\"false\">\r\n        <\/picture>\r\n    <\/div>\r\n<\/div>\n\n\n\n<section class=\"KnowMore\" data-component-id=\"KnowMore\">\n    <div class=\"Image\" data-component-id=\"image\">\n        <picture>\n            <img class=\"lazyload\" data-src=\"https:\/\/hifi-filter.com\/wp-content\/uploads\/2021\/10\/CTA-Documentation-1.jpg\" width=\"1920\" height=\"642\" alt=\"\" draggable=\"false\">\n        <\/picture>\n    <\/div>\n    <div class=\"KnowMore-content\">\n        <p class=\"AppTitle h1\">Czytaj wi\u0119cej<\/p>\n        <div class=\"KnowMore-subtitle\">Nie mo\u017cesz znale\u017a\u0107 potrzebnych informacji?<\/div>\n        <div class=\"KnowMore-buttons\">\n                        <div class=\"ButtonIcon\" data-component-id=\"ButtonIcon\">\n                <a class=\"ButtonIcon-component\" aria-label=\"Dokumentacja\" href=\"https:\/\/hifi-filter.com\/pl\/dokumentacja\/\" target=\"_self\" data-trk-other-cta=\"Dokumentacja\">\n                    <div class=\"ButtonIcon-icon\"><svg id=\"Calque_1\" data-name=\"Calque 1\" xmlns=\"http:\/\/www.w3.org\/2000\/svg\" viewBox=\"0 0 283.46 283.46\"><path d=\"M177.83,36.59,224.3,85a5.42,5.42,0,0,1,1.49,3.76V243.1a5.44,5.44,0,0,1-1.5,3.77,5,5,0,0,1-3.62,1.57H67a5.06,5.06,0,0,1-3.63-1.57,5.44,5.44,0,0,1-1.5-3.77V40.36a5.45,5.45,0,0,1,1.5-3.77A5.05,5.05,0,0,1,67,35h107.2A5,5,0,0,1,177.83,36.59Zm2.75-22.9H61.89a20.08,20.08,0,0,0-14.48,6.25,21.8,21.8,0,0,0-6,15.09V248.44a21.8,21.8,0,0,0,6,15.09,20.08,20.08,0,0,0,14.48,6.25h163.9a20.08,20.08,0,0,0,14.49-6.25,21.8,21.8,0,0,0,6-15.09V82.13a10.91,10.91,0,0,0-3-7.55L187.82,16.81A10,10,0,0,0,180.58,13.69Z\"\/><path d=\"M184.82,131.06H92.63a10,10,0,0,1-7.25-3.12,11,11,0,0,1,0-15.09,10.06,10.06,0,0,1,7.25-3.13h92.19a10,10,0,0,1,7.24,3.13,11,11,0,0,1,0,15.09A10,10,0,0,1,184.82,131.06Z\"\/><path d=\"M184.82,173.74H92.63a10,10,0,0,1-7.25-3.12,11,11,0,0,1,0-15.09,10.06,10.06,0,0,1,7.25-3.13h92.19a10,10,0,0,1,7.24,3.13,11,11,0,0,1,0,15.09A10,10,0,0,1,184.82,173.74Z\"\/><path d=\"M138.72,216.43H92.63a10.06,10.06,0,0,1-7.25-3.13,11,11,0,0,1,0-15.09,10,10,0,0,1,7.25-3.12h46.09a10.06,10.06,0,0,1,7.25,3.12,11,11,0,0,1,0,15.09A10.07,10.07,0,0,1,138.72,216.43Z\"\/><\/svg><\/div>                    <span class=\"ButtonIcon-text\">Dokumentacja<\/span>\n                <\/a>\n            <\/div>\n                        <div class=\"ButtonIcon\" data-component-id=\"ButtonIcon\">\n                <a class=\"ButtonIcon-component\" aria-label=\"Kontakt z nami\" href=\"https:\/\/hifi-filter.com\/pl\/kontakt\/\" target=\"_self\" data-trk-other-cta=\"Kontakt z nami\">\n                    <div class=\"ButtonIcon-icon\"><svg id=\"Calque_1\" data-name=\"Calque 1\" xmlns=\"http:\/\/www.w3.org\/2000\/svg\" viewBox=\"0 0 283.46 283.46\"><path d=\"M112.28,149.62h-5.89a12,12,0,0,0-4.87,1,11.81,11.81,0,0,0-4,2.92L77,176.72V161.19A11.46,11.46,0,0,0,73.5,153a11.9,11.9,0,0,0-8.33-3.39H59.28a35.67,35.67,0,0,1-25-10.16,34.39,34.39,0,0,1-10.35-24.54V68.65A34.37,34.37,0,0,1,34.29,44.11a35.68,35.68,0,0,1,25-10.17h111.9a35.68,35.68,0,0,1,25,10.17,34.41,34.41,0,0,1,10.35,24.54v40.49a11.48,11.48,0,0,0,3.45,8.18,12,12,0,0,0,16.66,0,11.48,11.48,0,0,0,3.45-8.18V68.65a57.39,57.39,0,0,0-17.27-40.88,59.57,59.57,0,0,0-41.63-17H59.28a59.54,59.54,0,0,0-41.63,17A57.39,57.39,0,0,0,.38,68.65v46.27a57.4,57.4,0,0,0,15.24,38.79,59.36,59.36,0,0,0,37.77,18.77v35a11.49,11.49,0,0,0,2.09,6.6A11.78,11.78,0,0,0,61,218.3a11.94,11.94,0,0,0,7,.39,11.8,11.8,0,0,0,6-3.6l37.69-42.33h.55a11.88,11.88,0,0,0,8.33-3.39,11.42,11.42,0,0,0,0-16.36A11.88,11.88,0,0,0,112.28,149.62Z\"\/><path d=\"M247.75,138.06H171.18a35.67,35.67,0,0,0-25,10.16,34.43,34.43,0,0,0-10.35,24.54v34.7A34.41,34.41,0,0,0,146.19,232a35.68,35.68,0,0,0,25,10.17h18.68l31.89,31.32a11.89,11.89,0,0,0,6,3.17,12.09,12.09,0,0,0,6.81-.66,11.71,11.71,0,0,0,5.28-4.27,11.38,11.38,0,0,0,2-6.43V242.17h5.89a35.64,35.64,0,0,0,25-10.17,34.37,34.37,0,0,0,10.35-24.54v-34.7a34.39,34.39,0,0,0-10.35-24.54A35.63,35.63,0,0,0,247.75,138.06Zm11.77,69.4a11.49,11.49,0,0,1-3.44,8.18,11.9,11.9,0,0,1-8.33,3.39H230.08a11.88,11.88,0,0,0-8.33,3.39,11.46,11.46,0,0,0-3.45,8.18v6.78l-15.23-15a11.9,11.9,0,0,0-8.33-3.39H171.18a11.9,11.9,0,0,1-8.33-3.39,11.46,11.46,0,0,1-3.45-8.18v-34.7a11.46,11.46,0,0,1,3.45-8.18,11.9,11.9,0,0,1,8.33-3.39h76.57a11.9,11.9,0,0,1,8.33,3.39,11.49,11.49,0,0,1,3.44,8.18Z\"\/><\/svg><\/div>                    <span class=\"ButtonIcon-text\">Kontakt z nami<\/span>\n                <\/a>\n            <\/div>\n                    <\/div>\n    <\/div>\n<\/section>\n\n\n\r\n<section class=\"LeModole\" data-component-id=\"LeModole\">\r\n    <div class=\"LeModole-container\">\r\n        <div class=\"LeModole-images\">\r\n            <div class=\"LeModole-image\" ref=\"slides\">\r\n                <div class=\"Image\" data-component-id=\"image\">\r\n                    <picture>\r\n                        <img class=\"lazyload\" data-src=\"https:\/\/hifi-filter.com\/wp-content\/uploads\/2021\/10\/Quick-Access-Activities.jpg\" width=\"1440\" height=\"800\" alt=\"Image non trouv\u00e9e\" draggable=\"false\">\r\n                    <\/picture>\r\n                <\/div>\r\n            <\/div><div class=\"LeModole-image\" ref=\"slides\">\r\n                <div class=\"Image\" data-component-id=\"image\">\r\n                    <picture>\r\n                        <img class=\"lazyload\" data-src=\"https:\/\/hifi-filter.com\/wp-content\/uploads\/2021\/10\/Quick-Access-Solutions.jpg\" width=\"1440\" height=\"800\" alt=\"Image non trouv\u00e9e\" draggable=\"false\">\r\n                    <\/picture>\r\n                <\/div>\r\n            <\/div><div class=\"LeModole-image\" ref=\"slides\">\r\n                <div class=\"Image\" data-component-id=\"image\">\r\n                    <picture>\r\n                        <img class=\"lazyload\" data-src=\"https:\/\/hifi-filter.com\/wp-content\/uploads\/2021\/10\/Customer-Service-CTA.jpg\" width=\"1440\" height=\"800\" alt=\"Image non trouv\u00e9e\" draggable=\"false\">\r\n                    <\/picture>\r\n                <\/div>\r\n            <\/div>        <\/div>\r\n        <div class=\"LeModole-listContainer\">\r\n            <ul class=\"LeModole-list\">\r\n                <li class=\"LeModole-listItem AppBorder \" ref=\"titles\">\r\n                <a aria-label=\"Nasze Bran\u017ce\" href=\"https:\/\/hifi-filter.com\/pl\/branze\/\" target=\"_self\" data-trk-other-cta=\"Nasze Bran\u017ce\">\r\n                    <div class=\"AppTitle h2\">Nasze Bran\u017ce<\/div>\r\n                    <div class=\"AppText\">\r\n                        <p><\/p>\r\n                    <\/div>\r\n                <\/a>\r\n            <\/li><li class=\"LeModole-listItem AppBorder \" ref=\"titles\">\r\n                <a aria-label=\"Nasze zastosowania\" href=\"https:\/\/hifi-filter.com\/pl\/zastosowania\/\" target=\"_self\" data-trk-other-cta=\"Nasze zastosowania\">\r\n                    <div class=\"AppTitle h2\">Nasze zastosowania<\/div>\r\n                    <div class=\"AppText\">\r\n                        <p><\/p>\r\n                    <\/div>\r\n                <\/a>\r\n            <\/li><li class=\"LeModole-listItem AppBorder \" ref=\"titles\">\r\n                <a aria-label=\"Nasze us\u0142ugi\" href=\"https:\/\/hifi-filter.com\/pl\/uslugi\/\" target=\"_self\" data-trk-other-cta=\"Nasze us\u0142ugi\">\r\n                    <div class=\"AppTitle h2\">Nasze us\u0142ugi<\/div>\r\n                    <div class=\"AppText\">\r\n                        <p><\/p>\r\n                    <\/div>\r\n                <\/a>\r\n            <\/li>            <\/ul>\r\n        <\/div>\r\n    <\/div>\r\n<\/section>\r\n","protected":false},"excerpt":{"rendered":"","protected":false},"author":1,"featured_media":12392,"parent":17138,"menu_order":70,"comment_status":"closed","ping_status":"closed","template":"","meta":{"_acf_changed":false,"footnotes":""},"acf":[],"yoast_head":"<!-- This site is optimized with the Yoast SEO plugin v22.2 - https:\/\/yoast.com\/wordpress\/plugins\/seo\/ -->\n<title>One stop filter shop: wszystkie artyku\u0142y do filtracji w jednym miejscu | HIFI FILTER<\/title>\n<meta name=\"description\" content=\"HIFI FILTER jest zaufanym partnerem w kwestii utrzymania Twoich pojazd\u00f3w, maszyn i sprz\u0119tu: to zaleta posiadania jednego dostawcy.\" \/>\n<meta name=\"robots\" content=\"index, follow, max-snippet:-1, max-image-preview:large, max-video-preview:-1\" \/>\n<link rel=\"canonical\" href=\"https:\/\/hifi-filter.com\/pl\/uslugi\/one-stop-filter-shop\/\" \/>\n<script type=\"application\/ld+json\" class=\"yoast-schema-graph\">{\"@context\":\"https:\/\/schema.org\",\"@graph\":[{\"@type\":\"WebPage\",\"@id\":\"https:\/\/hifi-filter.com\/pl\/uslugi\/one-stop-filter-shop\/\",\"url\":\"https:\/\/hifi-filter.com\/pl\/uslugi\/one-stop-filter-shop\/\",\"name\":\"One stop filter shop: wszystkie artyku\u0142y do filtracji w jednym miejscu | HIFI FILTER\",\"isPartOf\":{\"@id\":\"https:\/\/hifi-filter.com\/pl\/#website\"},\"primaryImageOfPage\":{\"@id\":\"https:\/\/hifi-filter.com\/pl\/uslugi\/one-stop-filter-shop\/#primaryimage\"},\"image\":{\"@id\":\"https:\/\/hifi-filter.com\/pl\/uslugi\/one-stop-filter-shop\/#primaryimage\"},\"thumbnailUrl\":\"https:\/\/hifi-filter.com\/wp-content\/uploads\/2021\/10\/One-Stop-Shop-Banner.jpg\",\"datePublished\":\"2021-09-16T07:10:04+00:00\",\"dateModified\":\"2023-08-08T08:46:10+00:00\",\"description\":\"HIFI FILTER jest zaufanym partnerem w kwestii utrzymania Twoich pojazd\u00f3w, maszyn i sprz\u0119tu: to zaleta posiadania jednego dostawcy.\",\"breadcrumb\":{\"@id\":\"https:\/\/hifi-filter.com\/pl\/uslugi\/one-stop-filter-shop\/#breadcrumb\"},\"inLanguage\":\"pl-PL\",\"potentialAction\":[{\"@type\":\"ReadAction\",\"target\":[\"https:\/\/hifi-filter.com\/pl\/uslugi\/one-stop-filter-shop\/\"]}]},{\"@type\":\"ImageObject\",\"inLanguage\":\"pl-PL\",\"@id\":\"https:\/\/hifi-filter.com\/pl\/uslugi\/one-stop-filter-shop\/#primaryimage\",\"url\":\"https:\/\/hifi-filter.com\/wp-content\/uploads\/2021\/10\/One-Stop-Shop-Banner.jpg\",\"contentUrl\":\"https:\/\/hifi-filter.com\/wp-content\/uploads\/2021\/10\/One-Stop-Shop-Banner.jpg\",\"width\":2560,\"height\":924},{\"@type\":\"BreadcrumbList\",\"@id\":\"https:\/\/hifi-filter.com\/pl\/uslugi\/one-stop-filter-shop\/#breadcrumb\",\"itemListElement\":[{\"@type\":\"ListItem\",\"position\":1,\"name\":\"Home\",\"item\":\"https:\/\/hifi-filter.com\/pl\/\"},{\"@type\":\"ListItem\",\"position\":2,\"name\":\"Us\u0142ugi\",\"item\":\"https:\/\/hifi-filter.com\/pl\/uslugi\/\"},{\"@type\":\"ListItem\",\"position\":3,\"name\":\"One stop filter shop\"}]},{\"@type\":\"WebSite\",\"@id\":\"https:\/\/hifi-filter.com\/pl\/#website\",\"url\":\"https:\/\/hifi-filter.com\/pl\/\",\"name\":\"HIFI FILTER\",\"description\":\"Your partner in filtration &amp; separation\",\"publisher\":{\"@id\":\"https:\/\/hifi-filter.com\/pl\/#organization\"},\"potentialAction\":[{\"@type\":\"SearchAction\",\"target\":{\"@type\":\"EntryPoint\",\"urlTemplate\":\"https:\/\/hifi-filter.com\/pl\/?s={search_term_string}\"},\"query-input\":\"required name=search_term_string\"}],\"inLanguage\":\"pl-PL\"},{\"@type\":\"Organization\",\"@id\":\"https:\/\/hifi-filter.com\/pl\/#organization\",\"name\":\"HIFI FILTER\",\"url\":\"https:\/\/hifi-filter.com\/pl\/\",\"logo\":{\"@type\":\"ImageObject\",\"inLanguage\":\"pl-PL\",\"@id\":\"https:\/\/hifi-filter.com\/pl\/#\/schema\/logo\/image\/\",\"url\":\"https:\/\/hifi-filter.com\/wp-content\/uploads\/2021\/11\/cropped-Favicon-HIFI-FILTER-1.png\",\"contentUrl\":\"https:\/\/hifi-filter.com\/wp-content\/uploads\/2021\/11\/cropped-Favicon-HIFI-FILTER-1.png\",\"width\":190,\"height\":190,\"caption\":\"HIFI FILTER\"},\"image\":{\"@id\":\"https:\/\/hifi-filter.com\/pl\/#\/schema\/logo\/image\/\"},\"sameAs\":[\"https:\/\/www.facebook.com\/hififilter.group\",\"https:\/\/www.linkedin.com\/company\/hififilter\/\"]}]}<\/script>\n<!-- \/ Yoast SEO plugin. -->","yoast_head_json":{"title":"One stop filter shop: wszystkie artyku\u0142y do filtracji w jednym miejscu | HIFI FILTER","description":"HIFI FILTER jest zaufanym partnerem w kwestii utrzymania Twoich pojazd\u00f3w, maszyn i sprz\u0119tu: to zaleta posiadania jednego dostawcy.","robots":{"index":"index","follow":"follow","max-snippet":"max-snippet:-1","max-image-preview":"max-image-preview:large","max-video-preview":"max-video-preview:-1"},"canonical":"https:\/\/hifi-filter.com\/pl\/uslugi\/one-stop-filter-shop\/","schema":{"@context":"https:\/\/schema.org","@graph":[{"@type":"WebPage","@id":"https:\/\/hifi-filter.com\/pl\/uslugi\/one-stop-filter-shop\/","url":"https:\/\/hifi-filter.com\/pl\/uslugi\/one-stop-filter-shop\/","name":"One stop filter shop: wszystkie artyku\u0142y do filtracji w jednym miejscu | HIFI FILTER","isPartOf":{"@id":"https:\/\/hifi-filter.com\/pl\/#website"},"primaryImageOfPage":{"@id":"https:\/\/hifi-filter.com\/pl\/uslugi\/one-stop-filter-shop\/#primaryimage"},"image":{"@id":"https:\/\/hifi-filter.com\/pl\/uslugi\/one-stop-filter-shop\/#primaryimage"},"thumbnailUrl":"https:\/\/hifi-filter.com\/wp-content\/uploads\/2021\/10\/One-Stop-Shop-Banner.jpg","datePublished":"2021-09-16T07:10:04+00:00","dateModified":"2023-08-08T08:46:10+00:00","description":"HIFI FILTER jest zaufanym partnerem w kwestii utrzymania Twoich pojazd\u00f3w, maszyn i sprz\u0119tu: to zaleta posiadania jednego dostawcy.","breadcrumb":{"@id":"https:\/\/hifi-filter.com\/pl\/uslugi\/one-stop-filter-shop\/#breadcrumb"},"inLanguage":"pl-PL","potentialAction":[{"@type":"ReadAction","target":["https:\/\/hifi-filter.com\/pl\/uslugi\/one-stop-filter-shop\/"]}]},{"@type":"ImageObject","inLanguage":"pl-PL","@id":"https:\/\/hifi-filter.com\/pl\/uslugi\/one-stop-filter-shop\/#primaryimage","url":"https:\/\/hifi-filter.com\/wp-content\/uploads\/2021\/10\/One-Stop-Shop-Banner.jpg","contentUrl":"https:\/\/hifi-filter.com\/wp-content\/uploads\/2021\/10\/One-Stop-Shop-Banner.jpg","width":2560,"height":924},{"@type":"BreadcrumbList","@id":"https:\/\/hifi-filter.com\/pl\/uslugi\/one-stop-filter-shop\/#breadcrumb","itemListElement":[{"@type":"ListItem","position":1,"name":"Home","item":"https:\/\/hifi-filter.com\/pl\/"},{"@type":"ListItem","position":2,"name":"Us\u0142ugi","item":"https:\/\/hifi-filter.com\/pl\/uslugi\/"},{"@type":"ListItem","position":3,"name":"One stop filter shop"}]},{"@type":"WebSite","@id":"https:\/\/hifi-filter.com\/pl\/#website","url":"https:\/\/hifi-filter.com\/pl\/","name":"HIFI FILTER","description":"Your partner in filtration &amp; separation","publisher":{"@id":"https:\/\/hifi-filter.com\/pl\/#organization"},"potentialAction":[{"@type":"SearchAction","target":{"@type":"EntryPoint","urlTemplate":"https:\/\/hifi-filter.com\/pl\/?s={search_term_string}"},"query-input":"required name=search_term_string"}],"inLanguage":"pl-PL"},{"@type":"Organization","@id":"https:\/\/hifi-filter.com\/pl\/#organization","name":"HIFI FILTER","url":"https:\/\/hifi-filter.com\/pl\/","logo":{"@type":"ImageObject","inLanguage":"pl-PL","@id":"https:\/\/hifi-filter.com\/pl\/#\/schema\/logo\/image\/","url":"https:\/\/hifi-filter.com\/wp-content\/uploads\/2021\/11\/cropped-Favicon-HIFI-FILTER-1.png","contentUrl":"https:\/\/hifi-filter.com\/wp-content\/uploads\/2021\/11\/cropped-Favicon-HIFI-FILTER-1.png","width":190,"height":190,"caption":"HIFI FILTER"},"image":{"@id":"https:\/\/hifi-filter.com\/pl\/#\/schema\/logo\/image\/"},"sameAs":["https:\/\/www.facebook.com\/hififilter.group","https:\/\/www.linkedin.com\/company\/hififilter\/"]}]}},"_links":{"self":[{"href":"https:\/\/hifi-filter.com\/pl\/wp-json\/wp\/v2\/pages\/16998"}],"collection":[{"href":"https:\/\/hifi-filter.com\/pl\/wp-json\/wp\/v2\/pages"}],"about":[{"href":"https:\/\/hifi-filter.com\/pl\/wp-json\/wp\/v2\/types\/page"}],"author":[{"embeddable":true,"href":"https:\/\/hifi-filter.com\/pl\/wp-json\/wp\/v2\/users\/1"}],"replies":[{"embeddable":true,"href":"https:\/\/hifi-filter.com\/pl\/wp-json\/wp\/v2\/comments?post=16998"}],"version-history":[{"count":15,"href":"https:\/\/hifi-filter.com\/pl\/wp-json\/wp\/v2\/pages\/16998\/revisions"}],"predecessor-version":[{"id":35576,"href":"https:\/\/hifi-filter.com\/pl\/wp-json\/wp\/v2\/pages\/16998\/revisions\/35576"}],"up":[{"embeddable":true,"href":"https:\/\/hifi-filter.com\/pl\/wp-json\/wp\/v2\/pages\/17138"}],"wp:featuredmedia":[{"embeddable":true,"href":"https:\/\/hifi-filter.com\/pl\/wp-json\/wp\/v2\/media\/12392"}],"wp:attachment":[{"href":"https:\/\/hifi-filter.com\/pl\/wp-json\/wp\/v2\/media?parent=16998"}],"curies":[{"name":"wp","href":"https:\/\/api.w.org\/{rel}","templated":true}]}}