{"id":17084,"date":"2021-10-18T16:34:45","date_gmt":"2021-10-18T14:34:45","guid":{"rendered":"https:\/\/hifi-filter.sitendev.com\/outils-et-donnees\/"},"modified":"2026-02-09T16:49:28","modified_gmt":"2026-02-09T15:49:28","slug":"narzedzia-i-dane","status":"publish","type":"page","link":"https:\/\/hifi-filter.com\/pl\/uslugi\/narzedzia-i-dane\/","title":{"rendered":"Narz\u0119dzia i dane"},"content":{"rendered":"<div class=\"Introduction\" data-component-id=\"Introduction\">\n    <h3 class=\"AppTitle h1 theme-reverse\"><\/h3>\n    <h2 class=\"AppTitle h1 theme-highlight\">Narz\u0119dzia, kt\u00f3re u\u0142atwi\u0105 Ci \u017cycie<\/h2>\n    <div class=\"AppText\">Korzystaj z narz\u0119dzi cyfrowych i wsparcia zaprojektowanego dla Ciebie. Intuicyjne systemy wyszukiwania, spersonalizowana strefa klienta czy katalogi produkt\u00f3w, to cenne pomoce zwi\u0119kszaj\u0105ce efektywno\u015b\u0107.<\/div>\n<\/div>\n\n<div class=\"ArticleEdito reverse\" data-component-id=\"ArticleEdito\">\r\n    <div class=\"ArticleEdito-content\">\r\n        <h2 class=\"ArticleEdito-title\">Wyszukiwanie  i katalog online<\/h2>        <div class=\"ArticleEdito-text AppText AppScrollbar\">Dzi\u0119ki E-Katalogowi HIFI\u00ae masz dost\u0119p do niezawodnej, aktualnej bazy danych z ponad <strong>450.000 dopasowa\u0144<\/strong> i <strong>100.000 aplikacji<\/strong>. Pewno\u015b\u0107 szybkiego znalezienia w\u0142a\u015bciwego rozwi\u0105zania dla Twojego urz\u0105dzenia lub procesu.<\/div>\r\n        \r\n        <div class=\"Button ArticleEdito-button\" data-component-id=\"Button\">\r\n            <a class=\"Button-component\" href=\"https:\/\/catalog.hifi-filter.com\/pl-PL\" aria-label=\"\" target=\"_self\" data-trk-other-cta=\"E-Catalog\">\r\n                <span class=\"Button-text\">E-Catalog<\/span>\r\n            <\/a>\r\n        <\/div>    <\/div>\r\n    <div class=\"Image ArticleEdito-image\" data-component-id=\"image\">\r\n        <picture>\r\n            <img class=\"lazyload\" data-src=\"https:\/\/hifi-filter.com\/wp-content\/uploads\/2021\/10\/Search-E-Catalog-Hifi-Filter.jpg\" width=\"1440\" height=\"800\"\r\n                alt=\"Image non trouv\u00e9e\" draggable=\"false\">\r\n        <\/picture>\r\n    <\/div>\r\n<\/div>\n\n<div class=\"Text1Column\" data-component-id=\"Text1Column\">\r\n    <h2 class=\"Text1Column-title\">My HIFI, strefa klienta<\/h2>        <div class=\"Text1Column-text AppText\"><p style=\"text-align: left;\">My HIFI to przestrze\u0144 online, kt\u00f3rej potrzebujesz, aby zarz\u0105dza\u0107 ca\u0142\u0105 swoj\u0105 filtracj\u0105.<\/p>            <\/div>\r\n<\/div>\r\n\r\n\n\n<div class=\"ImageSlider\" data-component-id=\"ImageSlider\">\r\n    <div class=\"ImageSlider-wrapper\" ref=\"container\">\r\n        <div class=\"ImageSlider-images\">\r\n                        <div class=\"ImageSlider-image\" ref=\"images\">\r\n                <div class=\"Image\" data-component-id=\"image\">\r\n                                        <picture>\r\n                        <img class=\"lazyload\" data-src=\"https:\/\/hifi-filter.com\/wp-content\/uploads\/2021\/10\/Customer-portal-screen.jpg\" width=\"1440\"\r\n                            height=\"800\" alt=\"\" draggable=\"false\">\r\n                    <\/picture>\r\n                <\/div>\r\n            <\/div>\r\n                    <\/div>\r\n        <div class=\"ImageSlider-nav\" ref=\"nav\">\r\n            <button class=\"ImageSlider-navButton --is-previous\" ref=\"previousButton\"\r\n                aria-label=\"Pr\u00e9c\u00e9dant\"><\/button>\r\n            <button class=\"ImageSlider-navButton --is-next\" ref=\"nextButton\" aria-label=\"Suivant\"><\/button>\r\n        <\/div>\r\n    <\/div>\r\n<\/div>\r\n\n\n<div class=\"DiptychText\" data-component-id=\"DiptychText\">\r\n    <div class=\"DiptychText-wrapper\">\r\n        <div class=\"DiptychText-content\">\r\n            <h4 class=\"AppTitle\">Korzy\u015bci<\/h4>\r\n            <div class=\"AppText\"><ul>\r\n \t<li>Ca\u0142a filtracja za jednym klikni\u0119ciem<\/li>\r\n \t<li>Proste, kompletne i wydajne narz\u0119dzia wyszukiwania.<\/li>\r\n \t<li>Dost\u0119p 24\/7<\/li>\r\n \t<li>Historia i \u015bledzenie zam\u00f3wie\u0144<\/li>\r\n \t<li>Wszystkie informacje zwi\u0105zane z produktami (ceny, dost\u0119pno\u015b\u0107, dane techniczne, materia\u0142y towarzysz\u0105ce, itp.)<\/li>\r\n \t<li>Pomoc i wsparcie<\/li>\r\n<\/ul><\/div>\r\n        <\/div>\r\n    <\/div>\r\n<\/div>\n\n<div class=\"ArticleEdito --bg\" data-component-id=\"ArticleEdito\">\r\n    <div class=\"ArticleEdito-content\">\r\n        <h2 class=\"ArticleEdito-title\">Narz\u0119dzie, kt\u00f3re doprecyzuj\u0105 Twoje potrzeby w zakresie filtr\u00f3w<\/h2>        <div class=\"ArticleEdito-text AppText AppScrollbar\">Dzi\u0119ki naszemu indywidualnie dostosowywanemu katalogowi aplikacji, mo\u017cna szybko zwizualizowa\u0107 referencje filtr\u00f3w zainstalowanych na wybranych maszynach lub pojazdach. Na podstawie Twojego wyboru, polecimy Ci produkty, kt\u00f3re musisz mie\u0107 na sta\u0142e na swoich p\u00f3\u0142kach, zachowuj\u0105c kontrol\u0119 nad zapasami.<\/div>\r\n            <\/div>\r\n    <div class=\"Image ArticleEdito-image\" data-component-id=\"image\">\r\n        <picture>\r\n            <img class=\"lazyload\" data-src=\"https:\/\/hifi-filter.com\/wp-content\/uploads\/2021\/10\/Applications-Catalog.jpg\" width=\"1440\" height=\"800\"\r\n                alt=\"Image non trouv\u00e9e\" draggable=\"false\">\r\n        <\/picture>\r\n    <\/div>\r\n<\/div>\n\n<div class=\"ArticleEdito reverse --bg\" data-component-id=\"ArticleEdito\">\r\n    <div class=\"ArticleEdito-content\">\r\n        <h2 class=\"ArticleEdito-title\">Katalogi produkt\u00f3w<\/h2>        <div class=\"ArticleEdito-text AppText AppScrollbar\">Nasze katalogi, dost\u0119pne online, daj\u0105 Pa\u0144stwu przegl\u0105d naszych produkt\u00f3w i s\u0105 rzetelnym \u017ar\u00f3d\u0142em informacji technicznych dla ka\u017cdego asortymentu.<\/div>\r\n        \r\n        <div class=\"Button ArticleEdito-button\" data-component-id=\"Button\">\r\n            <a class=\"Button-component\" href=\"https:\/\/hifi-filter.com\/pl\/dokumentacja\/\" aria-label=\"\" target=\"_self\" data-trk-other-cta=\"Dokumentacja\">\r\n                <span class=\"Button-text\">Dokumentacja<\/span>\r\n            <\/a>\r\n        <\/div>    <\/div>\r\n    <div class=\"Image ArticleEdito-image\" data-component-id=\"image\">\r\n        <picture>\r\n            <img class=\"lazyload\" data-src=\"https:\/\/hifi-filter.com\/wp-content\/uploads\/2021\/10\/Catalogs-LR-3.jpg\" width=\"1440\" height=\"800\"\r\n                alt=\"Image non trouv\u00e9e\" draggable=\"false\">\r\n        <\/picture>\r\n    <\/div>\r\n<\/div>\n\n\n\n<section class=\"KnowMore\" data-component-id=\"KnowMore\">\n    <div class=\"Image\" data-component-id=\"image\">\n        <picture>\n            <img class=\"lazyload\" data-src=\"https:\/\/hifi-filter.com\/wp-content\/uploads\/2021\/10\/CTA-Documentation-1.jpg\" width=\"1920\" height=\"642\" alt=\"\" draggable=\"false\">\n        <\/picture>\n    <\/div>\n    <div class=\"KnowMore-content\">\n        <p class=\"AppTitle h1\">Czytaj wi\u0119cej<\/p>\n        <div class=\"KnowMore-subtitle\">Nie mo\u017cesz znale\u017a\u0107 potrzebnych informacji?<\/div>\n        <div class=\"KnowMore-buttons\">\n                        <div class=\"ButtonIcon\" data-component-id=\"ButtonIcon\">\n                <a class=\"ButtonIcon-component\" aria-label=\"Dokumentacja\" href=\"https:\/\/hifi-filter.com\/pl\/dokumentacja\/\" target=\"_self\" data-trk-other-cta=\"Dokumentacja\">\n                    <div class=\"ButtonIcon-icon\"><svg id=\"Calque_1\" data-name=\"Calque 1\" xmlns=\"http:\/\/www.w3.org\/2000\/svg\" viewBox=\"0 0 283.46 283.46\"><path d=\"M177.83,36.59,224.3,85a5.42,5.42,0,0,1,1.49,3.76V243.1a5.44,5.44,0,0,1-1.5,3.77,5,5,0,0,1-3.62,1.57H67a5.06,5.06,0,0,1-3.63-1.57,5.44,5.44,0,0,1-1.5-3.77V40.36a5.45,5.45,0,0,1,1.5-3.77A5.05,5.05,0,0,1,67,35h107.2A5,5,0,0,1,177.83,36.59Zm2.75-22.9H61.89a20.08,20.08,0,0,0-14.48,6.25,21.8,21.8,0,0,0-6,15.09V248.44a21.8,21.8,0,0,0,6,15.09,20.08,20.08,0,0,0,14.48,6.25h163.9a20.08,20.08,0,0,0,14.49-6.25,21.8,21.8,0,0,0,6-15.09V82.13a10.91,10.91,0,0,0-3-7.55L187.82,16.81A10,10,0,0,0,180.58,13.69Z\"\/><path d=\"M184.82,131.06H92.63a10,10,0,0,1-7.25-3.12,11,11,0,0,1,0-15.09,10.06,10.06,0,0,1,7.25-3.13h92.19a10,10,0,0,1,7.24,3.13,11,11,0,0,1,0,15.09A10,10,0,0,1,184.82,131.06Z\"\/><path d=\"M184.82,173.74H92.63a10,10,0,0,1-7.25-3.12,11,11,0,0,1,0-15.09,10.06,10.06,0,0,1,7.25-3.13h92.19a10,10,0,0,1,7.24,3.13,11,11,0,0,1,0,15.09A10,10,0,0,1,184.82,173.74Z\"\/><path d=\"M138.72,216.43H92.63a10.06,10.06,0,0,1-7.25-3.13,11,11,0,0,1,0-15.09,10,10,0,0,1,7.25-3.12h46.09a10.06,10.06,0,0,1,7.25,3.12,11,11,0,0,1,0,15.09A10.07,10.07,0,0,1,138.72,216.43Z\"\/><\/svg><\/div>                    <span class=\"ButtonIcon-text\">Dokumentacja<\/span>\n                <\/a>\n            <\/div>\n                        <div class=\"ButtonIcon\" data-component-id=\"ButtonIcon\">\n                <a class=\"ButtonIcon-component\" aria-label=\"Kontakt z nami\" href=\"https:\/\/hifi-filter.com\/pl\/kontakt\/\" target=\"_self\" data-trk-other-cta=\"Kontakt z nami\">\n                    <div class=\"ButtonIcon-icon\"><svg id=\"Calque_1\" data-name=\"Calque 1\" xmlns=\"http:\/\/www.w3.org\/2000\/svg\" viewBox=\"0 0 283.46 283.46\"><path d=\"M112.28,149.62h-5.89a12,12,0,0,0-4.87,1,11.81,11.81,0,0,0-4,2.92L77,176.72V161.19A11.46,11.46,0,0,0,73.5,153a11.9,11.9,0,0,0-8.33-3.39H59.28a35.67,35.67,0,0,1-25-10.16,34.39,34.39,0,0,1-10.35-24.54V68.65A34.37,34.37,0,0,1,34.29,44.11a35.68,35.68,0,0,1,25-10.17h111.9a35.68,35.68,0,0,1,25,10.17,34.41,34.41,0,0,1,10.35,24.54v40.49a11.48,11.48,0,0,0,3.45,8.18,12,12,0,0,0,16.66,0,11.48,11.48,0,0,0,3.45-8.18V68.65a57.39,57.39,0,0,0-17.27-40.88,59.57,59.57,0,0,0-41.63-17H59.28a59.54,59.54,0,0,0-41.63,17A57.39,57.39,0,0,0,.38,68.65v46.27a57.4,57.4,0,0,0,15.24,38.79,59.36,59.36,0,0,0,37.77,18.77v35a11.49,11.49,0,0,0,2.09,6.6A11.78,11.78,0,0,0,61,218.3a11.94,11.94,0,0,0,7,.39,11.8,11.8,0,0,0,6-3.6l37.69-42.33h.55a11.88,11.88,0,0,0,8.33-3.39,11.42,11.42,0,0,0,0-16.36A11.88,11.88,0,0,0,112.28,149.62Z\"\/><path d=\"M247.75,138.06H171.18a35.67,35.67,0,0,0-25,10.16,34.43,34.43,0,0,0-10.35,24.54v34.7A34.41,34.41,0,0,0,146.19,232a35.68,35.68,0,0,0,25,10.17h18.68l31.89,31.32a11.89,11.89,0,0,0,6,3.17,12.09,12.09,0,0,0,6.81-.66,11.71,11.71,0,0,0,5.28-4.27,11.38,11.38,0,0,0,2-6.43V242.17h5.89a35.64,35.64,0,0,0,25-10.17,34.37,34.37,0,0,0,10.35-24.54v-34.7a34.39,34.39,0,0,0-10.35-24.54A35.63,35.63,0,0,0,247.75,138.06Zm11.77,69.4a11.49,11.49,0,0,1-3.44,8.18,11.9,11.9,0,0,1-8.33,3.39H230.08a11.88,11.88,0,0,0-8.33,3.39,11.46,11.46,0,0,0-3.45,8.18v6.78l-15.23-15a11.9,11.9,0,0,0-8.33-3.39H171.18a11.9,11.9,0,0,1-8.33-3.39,11.46,11.46,0,0,1-3.45-8.18v-34.7a11.46,11.46,0,0,1,3.45-8.18,11.9,11.9,0,0,1,8.33-3.39h76.57a11.9,11.9,0,0,1,8.33,3.39,11.49,11.49,0,0,1,3.44,8.18Z\"\/><\/svg><\/div>                    <span class=\"ButtonIcon-text\">Kontakt z nami<\/span>\n                <\/a>\n            <\/div>\n                    <\/div>\n    <\/div>\n<\/section>\n\n\n\r\n<section class=\"LeModole\" data-component-id=\"LeModole\">\r\n    <div class=\"LeModole-container\">\r\n        <div class=\"LeModole-images\">\r\n            <div class=\"LeModole-image\" ref=\"slides\">\r\n                <div class=\"Image\" data-component-id=\"image\">\r\n                    <picture>\r\n                        <img class=\"lazyload\" data-src=\"https:\/\/hifi-filter.com\/wp-content\/uploads\/2021\/10\/Quick-Access-Activities.jpg\" width=\"1440\" height=\"800\" alt=\"Image non trouv\u00e9e\" draggable=\"false\">\r\n                    <\/picture>\r\n                <\/div>\r\n            <\/div><div class=\"LeModole-image\" ref=\"slides\">\r\n                <div class=\"Image\" data-component-id=\"image\">\r\n                    <picture>\r\n                        <img class=\"lazyload\" data-src=\"https:\/\/hifi-filter.com\/wp-content\/uploads\/2021\/10\/Quick-Access-Solutions.jpg\" width=\"1440\" height=\"800\" alt=\"Image non trouv\u00e9e\" draggable=\"false\">\r\n                    <\/picture>\r\n                <\/div>\r\n            <\/div><div class=\"LeModole-image\" ref=\"slides\">\r\n                <div class=\"Image\" data-component-id=\"image\">\r\n                    <picture>\r\n                        <img class=\"lazyload\" data-src=\"https:\/\/hifi-filter.com\/wp-content\/uploads\/2021\/10\/Customer-Service-CTA.jpg\" width=\"1440\" height=\"800\" alt=\"Image non trouv\u00e9e\" draggable=\"false\">\r\n                    <\/picture>\r\n                <\/div>\r\n            <\/div>        <\/div>\r\n        <div class=\"LeModole-listContainer\">\r\n            <ul class=\"LeModole-list\">\r\n                <li class=\"LeModole-listItem AppBorder \" ref=\"titles\">\r\n                <a aria-label=\"Nasze Bran\u017ce\" href=\"https:\/\/hifi-filter.com\/pl\/branze\/\" target=\"_self\" data-trk-other-cta=\"Nasze Bran\u017ce\">\r\n                    <div class=\"AppTitle h2\">Nasze Bran\u017ce<\/div>\r\n                    <div class=\"AppText\">\r\n                        <p><\/p>\r\n                    <\/div>\r\n                <\/a>\r\n            <\/li><li class=\"LeModole-listItem AppBorder \" ref=\"titles\">\r\n                <a aria-label=\"Nasze zastosowania\" href=\"https:\/\/hifi-filter.com\/pl\/zastosowania\/\" target=\"_self\" data-trk-other-cta=\"Nasze zastosowania\">\r\n                    <div class=\"AppTitle h2\">Nasze zastosowania<\/div>\r\n                    <div class=\"AppText\">\r\n                        <p><\/p>\r\n                    <\/div>\r\n                <\/a>\r\n            <\/li><li class=\"LeModole-listItem AppBorder \" ref=\"titles\">\r\n                <a aria-label=\"Nasze us\u0142ugi\" href=\"https:\/\/hifi-filter.com\/pl\/uslugi\/\" target=\"_self\" data-trk-other-cta=\"Nasze us\u0142ugi\">\r\n                    <div class=\"AppTitle h2\">Nasze us\u0142ugi<\/div>\r\n                    <div class=\"AppText\">\r\n                        <p><\/p>\r\n                    <\/div>\r\n                <\/a>\r\n            <\/li>            <\/ul>\r\n        <\/div>\r\n    <\/div>\r\n<\/section>\r\n","protected":false},"excerpt":{"rendered":"","protected":false},"author":1,"featured_media":6372,"parent":17138,"menu_order":74,"comment_status":"closed","ping_status":"closed","template":"","meta":{"_acf_changed":false,"footnotes":""},"acf":[],"yoast_head":"<!-- This site is optimized with the Yoast SEO plugin v22.2 - https:\/\/yoast.com\/wordpress\/plugins\/seo\/ -->\n<title>Wyszukiwanie filtr\u00f3w: nasze narz\u0119dzia u\u0142atwi\u0105 Ci \u017cycie | HIFI FILTER<\/title>\n<meta name=\"description\" content=\"Wszystkie nasze rozwi\u0105zania filtruj\u0105ce w zasi\u0119gu r\u0119ki: intuicyjne systemy wyszukiwania, spersonalizowana strefa klienta i katalogi produkt\u00f3w przyspieszaj\u0105ce wyszukiwanie.\" \/>\n<meta name=\"robots\" content=\"index, follow, max-snippet:-1, max-image-preview:large, max-video-preview:-1\" \/>\n<link rel=\"canonical\" href=\"https:\/\/hifi-filter.com\/pl\/uslugi\/narzedzia-i-dane\/\" \/>\n<meta name=\"twitter:label1\" content=\"Szacowany czas czytania\" \/>\n\t<meta name=\"twitter:data1\" content=\"1 minuta\" \/>\n<script type=\"application\/ld+json\" class=\"yoast-schema-graph\">{\"@context\":\"https:\/\/schema.org\",\"@graph\":[{\"@type\":\"WebPage\",\"@id\":\"https:\/\/hifi-filter.com\/pl\/uslugi\/narzedzia-i-dane\/\",\"url\":\"https:\/\/hifi-filter.com\/pl\/uslugi\/narzedzia-i-dane\/\",\"name\":\"Wyszukiwanie filtr\u00f3w: nasze narz\u0119dzia u\u0142atwi\u0105 Ci \u017cycie | HIFI FILTER\",\"isPartOf\":{\"@id\":\"https:\/\/hifi-filter.com\/pl\/#website\"},\"primaryImageOfPage\":{\"@id\":\"https:\/\/hifi-filter.com\/pl\/uslugi\/narzedzia-i-dane\/#primaryimage\"},\"image\":{\"@id\":\"https:\/\/hifi-filter.com\/pl\/uslugi\/narzedzia-i-dane\/#primaryimage\"},\"thumbnailUrl\":\"https:\/\/hifi-filter.com\/wp-content\/uploads\/2021\/10\/Banner-Tools-Data-1.jpg\",\"datePublished\":\"2021-10-18T14:34:45+00:00\",\"dateModified\":\"2026-02-09T15:49:28+00:00\",\"description\":\"Wszystkie nasze rozwi\u0105zania filtruj\u0105ce w zasi\u0119gu r\u0119ki: intuicyjne systemy wyszukiwania, spersonalizowana strefa klienta i katalogi produkt\u00f3w przyspieszaj\u0105ce wyszukiwanie.\",\"breadcrumb\":{\"@id\":\"https:\/\/hifi-filter.com\/pl\/uslugi\/narzedzia-i-dane\/#breadcrumb\"},\"inLanguage\":\"pl-PL\",\"potentialAction\":[{\"@type\":\"ReadAction\",\"target\":[\"https:\/\/hifi-filter.com\/pl\/uslugi\/narzedzia-i-dane\/\"]}]},{\"@type\":\"ImageObject\",\"inLanguage\":\"pl-PL\",\"@id\":\"https:\/\/hifi-filter.com\/pl\/uslugi\/narzedzia-i-dane\/#primaryimage\",\"url\":\"https:\/\/hifi-filter.com\/wp-content\/uploads\/2021\/10\/Banner-Tools-Data-1.jpg\",\"contentUrl\":\"https:\/\/hifi-filter.com\/wp-content\/uploads\/2021\/10\/Banner-Tools-Data-1.jpg\",\"width\":2560,\"height\":924,\"caption\":\"African Businesswoman Using Analytics Data KPI Dashboard Tech\"},{\"@type\":\"BreadcrumbList\",\"@id\":\"https:\/\/hifi-filter.com\/pl\/uslugi\/narzedzia-i-dane\/#breadcrumb\",\"itemListElement\":[{\"@type\":\"ListItem\",\"position\":1,\"name\":\"Home\",\"item\":\"https:\/\/hifi-filter.com\/pl\/\"},{\"@type\":\"ListItem\",\"position\":2,\"name\":\"Us\u0142ugi\",\"item\":\"https:\/\/hifi-filter.com\/pl\/uslugi\/\"},{\"@type\":\"ListItem\",\"position\":3,\"name\":\"Narz\u0119dzia i dane\"}]},{\"@type\":\"WebSite\",\"@id\":\"https:\/\/hifi-filter.com\/pl\/#website\",\"url\":\"https:\/\/hifi-filter.com\/pl\/\",\"name\":\"HIFI FILTER\",\"description\":\"Your partner in filtration &amp; separation\",\"publisher\":{\"@id\":\"https:\/\/hifi-filter.com\/pl\/#organization\"},\"potentialAction\":[{\"@type\":\"SearchAction\",\"target\":{\"@type\":\"EntryPoint\",\"urlTemplate\":\"https:\/\/hifi-filter.com\/pl\/?s={search_term_string}\"},\"query-input\":\"required name=search_term_string\"}],\"inLanguage\":\"pl-PL\"},{\"@type\":\"Organization\",\"@id\":\"https:\/\/hifi-filter.com\/pl\/#organization\",\"name\":\"HIFI FILTER\",\"url\":\"https:\/\/hifi-filter.com\/pl\/\",\"logo\":{\"@type\":\"ImageObject\",\"inLanguage\":\"pl-PL\",\"@id\":\"https:\/\/hifi-filter.com\/pl\/#\/schema\/logo\/image\/\",\"url\":\"https:\/\/hifi-filter.com\/wp-content\/uploads\/2021\/11\/cropped-Favicon-HIFI-FILTER-1.png\",\"contentUrl\":\"https:\/\/hifi-filter.com\/wp-content\/uploads\/2021\/11\/cropped-Favicon-HIFI-FILTER-1.png\",\"width\":190,\"height\":190,\"caption\":\"HIFI FILTER\"},\"image\":{\"@id\":\"https:\/\/hifi-filter.com\/pl\/#\/schema\/logo\/image\/\"},\"sameAs\":[\"https:\/\/www.facebook.com\/hififilter.group\",\"https:\/\/www.linkedin.com\/company\/hififilter\/\"]}]}<\/script>\n<!-- \/ Yoast SEO plugin. -->","yoast_head_json":{"title":"Wyszukiwanie filtr\u00f3w: nasze narz\u0119dzia u\u0142atwi\u0105 Ci \u017cycie | HIFI FILTER","description":"Wszystkie nasze rozwi\u0105zania filtruj\u0105ce w zasi\u0119gu r\u0119ki: intuicyjne systemy wyszukiwania, spersonalizowana strefa klienta i katalogi produkt\u00f3w przyspieszaj\u0105ce wyszukiwanie.","robots":{"index":"index","follow":"follow","max-snippet":"max-snippet:-1","max-image-preview":"max-image-preview:large","max-video-preview":"max-video-preview:-1"},"canonical":"https:\/\/hifi-filter.com\/pl\/uslugi\/narzedzia-i-dane\/","twitter_misc":{"Szacowany czas czytania":"1 minuta"},"schema":{"@context":"https:\/\/schema.org","@graph":[{"@type":"WebPage","@id":"https:\/\/hifi-filter.com\/pl\/uslugi\/narzedzia-i-dane\/","url":"https:\/\/hifi-filter.com\/pl\/uslugi\/narzedzia-i-dane\/","name":"Wyszukiwanie filtr\u00f3w: nasze narz\u0119dzia u\u0142atwi\u0105 Ci \u017cycie | HIFI FILTER","isPartOf":{"@id":"https:\/\/hifi-filter.com\/pl\/#website"},"primaryImageOfPage":{"@id":"https:\/\/hifi-filter.com\/pl\/uslugi\/narzedzia-i-dane\/#primaryimage"},"image":{"@id":"https:\/\/hifi-filter.com\/pl\/uslugi\/narzedzia-i-dane\/#primaryimage"},"thumbnailUrl":"https:\/\/hifi-filter.com\/wp-content\/uploads\/2021\/10\/Banner-Tools-Data-1.jpg","datePublished":"2021-10-18T14:34:45+00:00","dateModified":"2026-02-09T15:49:28+00:00","description":"Wszystkie nasze rozwi\u0105zania filtruj\u0105ce w zasi\u0119gu r\u0119ki: intuicyjne systemy wyszukiwania, spersonalizowana strefa klienta i katalogi produkt\u00f3w przyspieszaj\u0105ce wyszukiwanie.","breadcrumb":{"@id":"https:\/\/hifi-filter.com\/pl\/uslugi\/narzedzia-i-dane\/#breadcrumb"},"inLanguage":"pl-PL","potentialAction":[{"@type":"ReadAction","target":["https:\/\/hifi-filter.com\/pl\/uslugi\/narzedzia-i-dane\/"]}]},{"@type":"ImageObject","inLanguage":"pl-PL","@id":"https:\/\/hifi-filter.com\/pl\/uslugi\/narzedzia-i-dane\/#primaryimage","url":"https:\/\/hifi-filter.com\/wp-content\/uploads\/2021\/10\/Banner-Tools-Data-1.jpg","contentUrl":"https:\/\/hifi-filter.com\/wp-content\/uploads\/2021\/10\/Banner-Tools-Data-1.jpg","width":2560,"height":924,"caption":"African Businesswoman Using Analytics Data KPI Dashboard Tech"},{"@type":"BreadcrumbList","@id":"https:\/\/hifi-filter.com\/pl\/uslugi\/narzedzia-i-dane\/#breadcrumb","itemListElement":[{"@type":"ListItem","position":1,"name":"Home","item":"https:\/\/hifi-filter.com\/pl\/"},{"@type":"ListItem","position":2,"name":"Us\u0142ugi","item":"https:\/\/hifi-filter.com\/pl\/uslugi\/"},{"@type":"ListItem","position":3,"name":"Narz\u0119dzia i dane"}]},{"@type":"WebSite","@id":"https:\/\/hifi-filter.com\/pl\/#website","url":"https:\/\/hifi-filter.com\/pl\/","name":"HIFI FILTER","description":"Your partner in filtration &amp; separation","publisher":{"@id":"https:\/\/hifi-filter.com\/pl\/#organization"},"potentialAction":[{"@type":"SearchAction","target":{"@type":"EntryPoint","urlTemplate":"https:\/\/hifi-filter.com\/pl\/?s={search_term_string}"},"query-input":"required name=search_term_string"}],"inLanguage":"pl-PL"},{"@type":"Organization","@id":"https:\/\/hifi-filter.com\/pl\/#organization","name":"HIFI FILTER","url":"https:\/\/hifi-filter.com\/pl\/","logo":{"@type":"ImageObject","inLanguage":"pl-PL","@id":"https:\/\/hifi-filter.com\/pl\/#\/schema\/logo\/image\/","url":"https:\/\/hifi-filter.com\/wp-content\/uploads\/2021\/11\/cropped-Favicon-HIFI-FILTER-1.png","contentUrl":"https:\/\/hifi-filter.com\/wp-content\/uploads\/2021\/11\/cropped-Favicon-HIFI-FILTER-1.png","width":190,"height":190,"caption":"HIFI FILTER"},"image":{"@id":"https:\/\/hifi-filter.com\/pl\/#\/schema\/logo\/image\/"},"sameAs":["https:\/\/www.facebook.com\/hififilter.group","https:\/\/www.linkedin.com\/company\/hififilter\/"]}]}},"_links":{"self":[{"href":"https:\/\/hifi-filter.com\/pl\/wp-json\/wp\/v2\/pages\/17084"}],"collection":[{"href":"https:\/\/hifi-filter.com\/pl\/wp-json\/wp\/v2\/pages"}],"about":[{"href":"https:\/\/hifi-filter.com\/pl\/wp-json\/wp\/v2\/types\/page"}],"author":[{"embeddable":true,"href":"https:\/\/hifi-filter.com\/pl\/wp-json\/wp\/v2\/users\/1"}],"replies":[{"embeddable":true,"href":"https:\/\/hifi-filter.com\/pl\/wp-json\/wp\/v2\/comments?post=17084"}],"version-history":[{"count":14,"href":"https:\/\/hifi-filter.com\/pl\/wp-json\/wp\/v2\/pages\/17084\/revisions"}],"predecessor-version":[{"id":24098,"href":"https:\/\/hifi-filter.com\/pl\/wp-json\/wp\/v2\/pages\/17084\/revisions\/24098"}],"up":[{"embeddable":true,"href":"https:\/\/hifi-filter.com\/pl\/wp-json\/wp\/v2\/pages\/17138"}],"wp:featuredmedia":[{"embeddable":true,"href":"https:\/\/hifi-filter.com\/pl\/wp-json\/wp\/v2\/media\/6372"}],"wp:attachment":[{"href":"https:\/\/hifi-filter.com\/pl\/wp-json\/wp\/v2\/media?parent=17084"}],"curies":[{"name":"wp","href":"https:\/\/api.w.org\/{rel}","templated":true}]}}