{"id":17138,"date":"2021-10-18T15:13:08","date_gmt":"2021-10-18T13:13:08","guid":{"rendered":"https:\/\/hifi-filter.sitendev.com\/services\/"},"modified":"2022-06-13T16:42:35","modified_gmt":"2022-06-13T14:42:35","slug":"uslugi","status":"publish","type":"page","link":"https:\/\/hifi-filter.com\/pl\/uslugi\/","title":{"rendered":"Us\u0142ugi"},"content":{"rendered":"<div class=\"ArticleEdito reverse\" data-component-id=\"ArticleEdito\">\r\n    <div class=\"ArticleEdito-content\">\r\n        <h2 class=\"ArticleEdito-title\">One stop filter shop<\/h2>        <div class=\"ArticleEdito-text AppText AppScrollbar\">W HIFI FILTER\u00ae zyskasz zaufanego sprzymierze\u0144ca w zarz\u0105dzaniu konserwacj\u0105 pojazd\u00f3w, maszyn i urz\u0105dze\u0144. Ciesz si\u0119 wieloma korzy\u015bciami p\u0142yn\u0105cymi z posiadania tylko jednego dostawcy i jednej marki do wszystkich filtr\u00f3w.<\/div>\r\n        \r\n        <div class=\"Button ArticleEdito-button\" data-component-id=\"Button\">\r\n            <a class=\"Button-component\" href=\"https:\/\/hifi-filter.com\/pl\/uslugi\/one-stop-filter-shop\/\" aria-label=\"\" target=\"_self\" data-trk-other-cta=\"Odkryj\">\r\n                <span class=\"Button-text\">Odkryj<\/span>\r\n            <\/a>\r\n        <\/div>    <\/div>\r\n    <div class=\"Image ArticleEdito-image\" data-component-id=\"image\">\r\n        <picture>\r\n            <img class=\"lazyload\" data-src=\"https:\/\/hifi-filter.com\/wp-content\/uploads\/2021\/10\/One-Stop-Shop-Filters-LR.jpg\" width=\"1440\" height=\"800\"\r\n                alt=\"Image non trouv\u00e9e\" draggable=\"false\">\r\n        <\/picture>\r\n    <\/div>\r\n<\/div>\n\n<div class=\"ArticleEdito\" data-component-id=\"ArticleEdito\">\r\n    <div class=\"ArticleEdito-content\">\r\n        <h2 class=\"ArticleEdito-title\">Zapasy  i dost\u0119pno\u015b\u0107<\/h2>        <div class=\"ArticleEdito-text AppText AppScrollbar\">W HIFI FILTER\u00ae rozumiemy wp\u0142yw, jaki przest\u00f3j mo\u017ce mie\u0107 na firm\u0119. Dlatego te\u017c zapewniamy naszym klientom maksymaln\u0105 dost\u0119pno\u015b\u0107 30.000 aktualnych pozycji w magazynie i szybk\u0105 dostaw\u0119 na ca\u0142ym \u015bwiecie.<\/div>\r\n        \r\n        <div class=\"Button ArticleEdito-button\" data-component-id=\"Button\">\r\n            <a class=\"Button-component\" href=\"https:\/\/hifi-filter.com\/pl\/uslugi\/zapasy-i-dostepnosc\/\" aria-label=\"\" target=\"_self\" data-trk-other-cta=\"Odkryj\">\r\n                <span class=\"Button-text\">Odkryj<\/span>\r\n            <\/a>\r\n        <\/div>    <\/div>\r\n    <div class=\"Image ArticleEdito-image\" data-component-id=\"image\">\r\n        <picture>\r\n            <img class=\"lazyload\" data-src=\"https:\/\/hifi-filter.com\/wp-content\/uploads\/2021\/10\/Stock-LR.jpg\" width=\"1440\" height=\"800\"\r\n                alt=\"Image non trouv\u00e9e\" draggable=\"false\">\r\n        <\/picture>\r\n    <\/div>\r\n<\/div>\n\n<div class=\"ArticleEdito reverse\" data-component-id=\"ArticleEdito\">\r\n    <div class=\"ArticleEdito-content\">\r\n        <h2 class=\"ArticleEdito-title\">Narz\u0119dzia i dane<\/h2>        <div class=\"ArticleEdito-text AppText AppScrollbar\">Korzystaj z narz\u0119dzi cyfrowych i wsparcia zaprojektowanego dla Ciebie. Intuicyjne systemy wyszukiwania, spersonalizowana strefa klienta, czy katalogi produkt\u00f3w, to cenne pomoce zwi\u0119kszaj\u0105ce efektywno\u015b\u0107.<\/div>\r\n        \r\n        <div class=\"Button ArticleEdito-button\" data-component-id=\"Button\">\r\n            <a class=\"Button-component\" href=\"https:\/\/hifi-filter.com\/pl\/uslugi\/narzedzia-i-dane\/\" aria-label=\"\" target=\"_self\" data-trk-other-cta=\"Odkryj\">\r\n                <span class=\"Button-text\">Odkryj<\/span>\r\n            <\/a>\r\n        <\/div>    <\/div>\r\n    <div class=\"Image ArticleEdito-image\" data-component-id=\"image\">\r\n        <picture>\r\n            <img class=\"lazyload\" data-src=\"https:\/\/hifi-filter.com\/wp-content\/uploads\/2021\/10\/Tool-Data-LR.jpg\" width=\"1440\" height=\"800\"\r\n                alt=\"Image non trouv\u00e9e\" draggable=\"false\">\r\n        <\/picture>\r\n    <\/div>\r\n<\/div>\n\n<div class=\"ArticleEdito\" data-component-id=\"ArticleEdito\">\r\n    <div class=\"ArticleEdito-content\">\r\n        <h2 class=\"ArticleEdito-title\">Wsparcie  i doradztwo<\/h2>        <div class=\"ArticleEdito-text AppText AppScrollbar\">Tw\u00f3j partner HIFI FILTER\u00ae oddaje do Twojej dyspozycji wszystkie swoje zespo\u0142y, aby zaoferowa\u0107 Ci unikalne do\u015bwiadczenie i wysokiej jako\u015bci obs\u0142ug\u0119 klienta. Skorzystaj z porad i pomocy ekspert\u00f3w, aby wsp\u00f3lnie zdefiniowa\u0107 rozwi\u0105zania dostosowane do Twoich potrzeb.<\/div>\r\n        \r\n        <div class=\"Button ArticleEdito-button\" data-component-id=\"Button\">\r\n            <a class=\"Button-component\" href=\"https:\/\/hifi-filter.com\/pl\/uslugi\/wsparcie-i-doradztwo\/\" aria-label=\"\" target=\"_self\" data-trk-other-cta=\"Odkryj\">\r\n                <span class=\"Button-text\">Odkryj<\/span>\r\n            <\/a>\r\n        <\/div>    <\/div>\r\n    <div class=\"Image ArticleEdito-image\" data-component-id=\"image\">\r\n        <picture>\r\n            <img class=\"lazyload\" data-src=\"https:\/\/hifi-filter.com\/wp-content\/uploads\/2021\/10\/Support-Advice-LR-1.jpg\" width=\"1440\" height=\"800\"\r\n                alt=\"Image non trouv\u00e9e\" draggable=\"false\">\r\n        <\/picture>\r\n    <\/div>\r\n<\/div>\n\n<div class=\"ArticleEdito reverse\" data-component-id=\"ArticleEdito\">\r\n    <div class=\"ArticleEdito-content\">\r\n        <h2 class=\"ArticleEdito-title\">Jako\u015b\u0107<\/h2>        <div class=\"ArticleEdito-text AppText AppScrollbar\">Je\u015bli chodzi o filtracj\u0119, jako\u015b\u0107 i wydajno\u015b\u0107 s\u0105 niezb\u0119dne do ochrony ludzi, sprz\u0119tu\u00a0 i \u015brodowiska. Obawy te le\u017c\u0105 u podstaw naszej dzia\u0142alno\u015bci i naszego podej\u015bcia.<\/div>\r\n        \r\n        <div class=\"Button ArticleEdito-button\" data-component-id=\"Button\">\r\n            <a class=\"Button-component\" href=\"https:\/\/hifi-filter.com\/pl\/uslugi\/jakosc\/\" aria-label=\"\" target=\"_self\" data-trk-other-cta=\"Odkryj\">\r\n                <span class=\"Button-text\">Odkryj<\/span>\r\n            <\/a>\r\n        <\/div>    <\/div>\r\n    <div class=\"Image ArticleEdito-image\" data-component-id=\"image\">\r\n        <picture>\r\n            <img class=\"lazyload\" data-src=\"https:\/\/hifi-filter.com\/wp-content\/uploads\/2021\/10\/Quality-Check-LR.jpg\" width=\"1440\" height=\"800\"\r\n                alt=\"Image non trouv\u00e9e\" draggable=\"false\">\r\n        <\/picture>\r\n    <\/div>\r\n<\/div>\n\n\n<p><\/p>\n","protected":false},"excerpt":{"rendered":"","protected":false},"author":1,"featured_media":12423,"parent":0,"menu_order":56,"comment_status":"closed","ping_status":"closed","template":"","meta":{"_acf_changed":false,"footnotes":""},"acf":[],"yoast_head":"<!-- This site is optimized with the Yoast SEO plugin v22.2 - https:\/\/yoast.com\/wordpress\/plugins\/seo\/ -->\n<title>Us\u0142ugi HIFI FILTER: Tw\u00f3j partner w dziedzinie filtracji<\/title>\n<meta name=\"description\" content=\"Dostosowane do potrzeb narz\u0119dzia i us\u0142ugi, dost\u0119pno\u015b\u0107 i pomoc ekspert\u00f3w, kt\u00f3rzy potrafi\u0105 doradzi\u0107 w wyborze produkt\u00f3w sprawiaj\u0105, \u017ce HIFI FILTER jest Twoim najlepszym partnerem w dziedzinie filtracji!\" \/>\n<meta name=\"robots\" content=\"index, follow, max-snippet:-1, max-image-preview:large, max-video-preview:-1\" \/>\n<link rel=\"canonical\" href=\"https:\/\/hifi-filter.com\/pl\/uslugi\/\" \/>\n<script type=\"application\/ld+json\" class=\"yoast-schema-graph\">{\"@context\":\"https:\/\/schema.org\",\"@graph\":[{\"@type\":\"WebPage\",\"@id\":\"https:\/\/hifi-filter.com\/pl\/uslugi\/\",\"url\":\"https:\/\/hifi-filter.com\/pl\/uslugi\/\",\"name\":\"Us\u0142ugi HIFI FILTER: Tw\u00f3j partner w dziedzinie filtracji\",\"isPartOf\":{\"@id\":\"https:\/\/hifi-filter.com\/pl\/#website\"},\"primaryImageOfPage\":{\"@id\":\"https:\/\/hifi-filter.com\/pl\/uslugi\/#primaryimage\"},\"image\":{\"@id\":\"https:\/\/hifi-filter.com\/pl\/uslugi\/#primaryimage\"},\"thumbnailUrl\":\"https:\/\/hifi-filter.com\/wp-content\/uploads\/2021\/10\/Services-Banner.jpg\",\"datePublished\":\"2021-10-18T13:13:08+00:00\",\"dateModified\":\"2022-06-13T14:42:35+00:00\",\"description\":\"Dostosowane do potrzeb narz\u0119dzia i us\u0142ugi, dost\u0119pno\u015b\u0107 i pomoc ekspert\u00f3w, kt\u00f3rzy potrafi\u0105 doradzi\u0107 w wyborze produkt\u00f3w sprawiaj\u0105, \u017ce HIFI FILTER jest Twoim najlepszym partnerem w dziedzinie filtracji!\",\"breadcrumb\":{\"@id\":\"https:\/\/hifi-filter.com\/pl\/uslugi\/#breadcrumb\"},\"inLanguage\":\"pl-PL\",\"potentialAction\":[{\"@type\":\"ReadAction\",\"target\":[\"https:\/\/hifi-filter.com\/pl\/uslugi\/\"]}]},{\"@type\":\"ImageObject\",\"inLanguage\":\"pl-PL\",\"@id\":\"https:\/\/hifi-filter.com\/pl\/uslugi\/#primaryimage\",\"url\":\"https:\/\/hifi-filter.com\/wp-content\/uploads\/2021\/10\/Services-Banner.jpg\",\"contentUrl\":\"https:\/\/hifi-filter.com\/wp-content\/uploads\/2021\/10\/Services-Banner.jpg\",\"width\":2560,\"height\":924,\"caption\":\"construction equipment in construction new warehouse background\"},{\"@type\":\"BreadcrumbList\",\"@id\":\"https:\/\/hifi-filter.com\/pl\/uslugi\/#breadcrumb\",\"itemListElement\":[{\"@type\":\"ListItem\",\"position\":1,\"name\":\"Home\",\"item\":\"https:\/\/hifi-filter.com\/pl\/\"},{\"@type\":\"ListItem\",\"position\":2,\"name\":\"Us\u0142ugi\"}]},{\"@type\":\"WebSite\",\"@id\":\"https:\/\/hifi-filter.com\/pl\/#website\",\"url\":\"https:\/\/hifi-filter.com\/pl\/\",\"name\":\"HIFI FILTER\",\"description\":\"Your partner in filtration &amp; separation\",\"publisher\":{\"@id\":\"https:\/\/hifi-filter.com\/pl\/#organization\"},\"potentialAction\":[{\"@type\":\"SearchAction\",\"target\":{\"@type\":\"EntryPoint\",\"urlTemplate\":\"https:\/\/hifi-filter.com\/pl\/?s={search_term_string}\"},\"query-input\":\"required name=search_term_string\"}],\"inLanguage\":\"pl-PL\"},{\"@type\":\"Organization\",\"@id\":\"https:\/\/hifi-filter.com\/pl\/#organization\",\"name\":\"HIFI FILTER\",\"url\":\"https:\/\/hifi-filter.com\/pl\/\",\"logo\":{\"@type\":\"ImageObject\",\"inLanguage\":\"pl-PL\",\"@id\":\"https:\/\/hifi-filter.com\/pl\/#\/schema\/logo\/image\/\",\"url\":\"https:\/\/hifi-filter.com\/wp-content\/uploads\/2021\/11\/cropped-Favicon-HIFI-FILTER-1.png\",\"contentUrl\":\"https:\/\/hifi-filter.com\/wp-content\/uploads\/2021\/11\/cropped-Favicon-HIFI-FILTER-1.png\",\"width\":190,\"height\":190,\"caption\":\"HIFI FILTER\"},\"image\":{\"@id\":\"https:\/\/hifi-filter.com\/pl\/#\/schema\/logo\/image\/\"},\"sameAs\":[\"https:\/\/www.facebook.com\/hififilter.group\",\"https:\/\/www.linkedin.com\/company\/hififilter\/\"]}]}<\/script>\n<!-- \/ Yoast SEO plugin. -->","yoast_head_json":{"title":"Us\u0142ugi HIFI FILTER: Tw\u00f3j partner w dziedzinie filtracji","description":"Dostosowane do potrzeb narz\u0119dzia i us\u0142ugi, dost\u0119pno\u015b\u0107 i pomoc ekspert\u00f3w, kt\u00f3rzy potrafi\u0105 doradzi\u0107 w wyborze produkt\u00f3w sprawiaj\u0105, \u017ce HIFI FILTER jest Twoim najlepszym partnerem w dziedzinie filtracji!","robots":{"index":"index","follow":"follow","max-snippet":"max-snippet:-1","max-image-preview":"max-image-preview:large","max-video-preview":"max-video-preview:-1"},"canonical":"https:\/\/hifi-filter.com\/pl\/uslugi\/","schema":{"@context":"https:\/\/schema.org","@graph":[{"@type":"WebPage","@id":"https:\/\/hifi-filter.com\/pl\/uslugi\/","url":"https:\/\/hifi-filter.com\/pl\/uslugi\/","name":"Us\u0142ugi HIFI FILTER: Tw\u00f3j partner w dziedzinie filtracji","isPartOf":{"@id":"https:\/\/hifi-filter.com\/pl\/#website"},"primaryImageOfPage":{"@id":"https:\/\/hifi-filter.com\/pl\/uslugi\/#primaryimage"},"image":{"@id":"https:\/\/hifi-filter.com\/pl\/uslugi\/#primaryimage"},"thumbnailUrl":"https:\/\/hifi-filter.com\/wp-content\/uploads\/2021\/10\/Services-Banner.jpg","datePublished":"2021-10-18T13:13:08+00:00","dateModified":"2022-06-13T14:42:35+00:00","description":"Dostosowane do potrzeb narz\u0119dzia i us\u0142ugi, dost\u0119pno\u015b\u0107 i pomoc ekspert\u00f3w, kt\u00f3rzy potrafi\u0105 doradzi\u0107 w wyborze produkt\u00f3w sprawiaj\u0105, \u017ce HIFI FILTER jest Twoim najlepszym partnerem w dziedzinie filtracji!","breadcrumb":{"@id":"https:\/\/hifi-filter.com\/pl\/uslugi\/#breadcrumb"},"inLanguage":"pl-PL","potentialAction":[{"@type":"ReadAction","target":["https:\/\/hifi-filter.com\/pl\/uslugi\/"]}]},{"@type":"ImageObject","inLanguage":"pl-PL","@id":"https:\/\/hifi-filter.com\/pl\/uslugi\/#primaryimage","url":"https:\/\/hifi-filter.com\/wp-content\/uploads\/2021\/10\/Services-Banner.jpg","contentUrl":"https:\/\/hifi-filter.com\/wp-content\/uploads\/2021\/10\/Services-Banner.jpg","width":2560,"height":924,"caption":"construction equipment in construction new warehouse background"},{"@type":"BreadcrumbList","@id":"https:\/\/hifi-filter.com\/pl\/uslugi\/#breadcrumb","itemListElement":[{"@type":"ListItem","position":1,"name":"Home","item":"https:\/\/hifi-filter.com\/pl\/"},{"@type":"ListItem","position":2,"name":"Us\u0142ugi"}]},{"@type":"WebSite","@id":"https:\/\/hifi-filter.com\/pl\/#website","url":"https:\/\/hifi-filter.com\/pl\/","name":"HIFI FILTER","description":"Your partner in filtration &amp; separation","publisher":{"@id":"https:\/\/hifi-filter.com\/pl\/#organization"},"potentialAction":[{"@type":"SearchAction","target":{"@type":"EntryPoint","urlTemplate":"https:\/\/hifi-filter.com\/pl\/?s={search_term_string}"},"query-input":"required name=search_term_string"}],"inLanguage":"pl-PL"},{"@type":"Organization","@id":"https:\/\/hifi-filter.com\/pl\/#organization","name":"HIFI FILTER","url":"https:\/\/hifi-filter.com\/pl\/","logo":{"@type":"ImageObject","inLanguage":"pl-PL","@id":"https:\/\/hifi-filter.com\/pl\/#\/schema\/logo\/image\/","url":"https:\/\/hifi-filter.com\/wp-content\/uploads\/2021\/11\/cropped-Favicon-HIFI-FILTER-1.png","contentUrl":"https:\/\/hifi-filter.com\/wp-content\/uploads\/2021\/11\/cropped-Favicon-HIFI-FILTER-1.png","width":190,"height":190,"caption":"HIFI FILTER"},"image":{"@id":"https:\/\/hifi-filter.com\/pl\/#\/schema\/logo\/image\/"},"sameAs":["https:\/\/www.facebook.com\/hififilter.group","https:\/\/www.linkedin.com\/company\/hififilter\/"]}]}},"_links":{"self":[{"href":"https:\/\/hifi-filter.com\/pl\/wp-json\/wp\/v2\/pages\/17138"}],"collection":[{"href":"https:\/\/hifi-filter.com\/pl\/wp-json\/wp\/v2\/pages"}],"about":[{"href":"https:\/\/hifi-filter.com\/pl\/wp-json\/wp\/v2\/types\/page"}],"author":[{"embeddable":true,"href":"https:\/\/hifi-filter.com\/pl\/wp-json\/wp\/v2\/users\/1"}],"replies":[{"embeddable":true,"href":"https:\/\/hifi-filter.com\/pl\/wp-json\/wp\/v2\/comments?post=17138"}],"version-history":[{"count":9,"href":"https:\/\/hifi-filter.com\/pl\/wp-json\/wp\/v2\/pages\/17138\/revisions"}],"predecessor-version":[{"id":25942,"href":"https:\/\/hifi-filter.com\/pl\/wp-json\/wp\/v2\/pages\/17138\/revisions\/25942"}],"wp:featuredmedia":[{"embeddable":true,"href":"https:\/\/hifi-filter.com\/pl\/wp-json\/wp\/v2\/media\/12423"}],"wp:attachment":[{"href":"https:\/\/hifi-filter.com\/pl\/wp-json\/wp\/v2\/media?parent=17138"}],"curies":[{"name":"wp","href":"https:\/\/api.w.org\/{rel}","templated":true}]}}