{"id":17161,"date":"2021-10-15T14:55:12","date_gmt":"2021-10-15T12:55:12","guid":{"rendered":"https:\/\/hifi-filter.sitendev.com\/praca-w-hifi\/nos-metiers\/"},"modified":"2022-06-13T16:58:24","modified_gmt":"2022-06-13T14:58:24","slug":"nasza-dzialalnosc","status":"publish","type":"page","link":"https:\/\/hifi-filter.com\/pl\/praca-w-hifi\/nasza-dzialalnosc\/","title":{"rendered":"Nasza dzia\u0142alno\u015b\u0107"},"content":{"rendered":"<div class=\"ArticleEdito\" data-component-id=\"ArticleEdito\">\r\n    <div class=\"ArticleEdito-content\">\r\n        <h2 class=\"ArticleEdito-title\">Sprzeda\u017c i marketing<\/h2>        <div class=\"ArticleEdito-text AppText AppScrollbar\">Zespo\u0142y Marketingu i Sprzeda\u017cy HIFI FILTER\u00ae s\u0105 blisko klienta, w terenie, analizuj\u0105c potrzeby u\u017cytkownik\u00f3w i definiuj\u0105c, w zale\u017cno\u015bci od dzia\u0142alno\u015bci i obszar\u00f3w geograficznych, \u015brodki dzia\u0142ania w celu konsolidacji lub rozwoju nowych rynk\u00f3w. Nasi handlowcy podr\u00f3\u017cuj\u0105 po \u015bwiecie, poszukuj\u0105c i zacie\u015bniaj\u0105c wi\u0119zi z naszymi klientami, dzi\u0119ki indywidualnemu doradztwu i obs\u0142udze na miejscu.<\/div>\r\n            <\/div>\r\n    <div class=\"Image ArticleEdito-image\" data-component-id=\"image\">\r\n        <picture>\r\n            <img class=\"lazyload\" data-src=\"https:\/\/hifi-filter.com\/wp-content\/uploads\/2021\/10\/Sales-Marketing-LR.jpg\" width=\"1440\" height=\"800\"\r\n                alt=\"Image non trouv\u00e9e\" draggable=\"false\">\r\n        <\/picture>\r\n    <\/div>\r\n<\/div>\n\n<div class=\"ArticleEdito reverse\" data-component-id=\"ArticleEdito\">\r\n    <div class=\"ArticleEdito-content\">\r\n        <h2 class=\"ArticleEdito-title\">Obs\u0142uga klienta<\/h2>        <div class=\"ArticleEdito-text AppText AppScrollbar\">Od oferty do dostawy, poprzez zam\u00f3wienie i wsparcie techniczne produkt\u00f3w. Rol\u0105 Dzia\u0142u Obs\u0142ugi Klienta jest szybkie i jako\u015bciowe odpowiadanie na wszystkie zapytania. Jedyne has\u0142o przewodnie: zadowolenie klienta.<\/div>\r\n            <\/div>\r\n    <div class=\"Image ArticleEdito-image\" data-component-id=\"image\">\r\n        <picture>\r\n            <img class=\"lazyload\" data-src=\"https:\/\/hifi-filter.com\/wp-content\/uploads\/2021\/10\/Customer-Service-LR-1.jpg\" width=\"1440\" height=\"800\"\r\n                alt=\"Image non trouv\u00e9e\" draggable=\"false\">\r\n        <\/picture>\r\n    <\/div>\r\n<\/div>\n\n<div class=\"ArticleEdito\" data-component-id=\"ArticleEdito\">\r\n    <div class=\"ArticleEdito-content\">\r\n        <h2 class=\"ArticleEdito-title\">Produkty<\/h2>        <div class=\"ArticleEdito-text AppText AppScrollbar\">Zesp\u00f3\u0142 ds. produkt\u00f3w, b\u0119d\u0105cy sercem strategii Grupy, wymy\u015bla, projektuje i rozwija ofert\u0119 filtr\u00f3w na dzi\u015b i na przysz\u0142o\u015b\u0107. Uwa\u017cnie \u015bledz\u0105c rozw\u00f3j rynku. Jego misj\u0105 jest przewidywanie potrzeb naszych klient\u00f3w i staranny dob\u00f3r dostawc\u00f3w wysokiej jako\u015bci dla ka\u017cdego rozwi\u0105zania.<\/div>\r\n            <\/div>\r\n    <div class=\"Image ArticleEdito-image\" data-component-id=\"image\">\r\n        <picture>\r\n            <img class=\"lazyload\" data-src=\"https:\/\/hifi-filter.com\/wp-content\/uploads\/2021\/10\/Product-devlopment-LR.jpg\" width=\"1440\" height=\"800\"\r\n                alt=\"Image non trouv\u00e9e\" draggable=\"false\">\r\n        <\/picture>\r\n    <\/div>\r\n<\/div>\n\n<div class=\"ArticleEdito reverse\" data-component-id=\"ArticleEdito\">\r\n    <div class=\"ArticleEdito-content\">\r\n        <h2 class=\"ArticleEdito-title\">Jako\u015b\u0107<\/h2>        <div class=\"ArticleEdito-text AppText AppScrollbar\">Gwarantujemy i kontrolujemy jako\u015b\u0107 naszych produkt\u00f3w zgodnie z normami i wymaganiami, kt\u00f3re sami ustalamy. Wdra\u017camy procesy, kt\u00f3re optymalizuj\u0105 nasz\u0105 organizacj\u0119. Zarz\u0105dzamy wyposa\u017ceniem Grupy w celu utrzymania zdrowego i bezpiecznego \u015brodowiska pracy. Jest to tylko jeden z wielu przyk\u0142ad\u00f3w, w jaki spos\u00f3b Dzia\u0142 Jako\u015bci przyczynia si\u0119 do poprawy do\u015bwiadcze\u0144 naszych klient\u00f3w i pracownik\u00f3w.<\/div>\r\n            <\/div>\r\n    <div class=\"Image ArticleEdito-image\" data-component-id=\"image\">\r\n        <picture>\r\n            <img class=\"lazyload\" data-src=\"https:\/\/hifi-filter.com\/wp-content\/uploads\/2021\/10\/Ours-Jobs-LR.jpg\" width=\"1440\" height=\"800\"\r\n                alt=\"Image non trouv\u00e9e\" draggable=\"false\">\r\n        <\/picture>\r\n    <\/div>\r\n<\/div>\n\n<div class=\"ArticleEdito\" data-component-id=\"ArticleEdito\">\r\n    <div class=\"ArticleEdito-content\">\r\n        <h2 class=\"ArticleEdito-title\">\u0141a\u0144cuch dostaw &#8211; Logistyka<\/h2>        <div class=\"ArticleEdito-text AppText AppScrollbar\">Jak prawdziwy dyrygent orkiestry, Dzia\u0142 Logistyki koordynuje przychodz\u0105ce i wychodz\u0105ce przep\u0142ywy produkt\u00f3w. Od dostaw po wysy\u0142k\u0119, magazynowanie i przygotowanie zam\u00f3wie\u0144, jego misj\u0105 jest optymalizacja koszt\u00f3w przy jednoczesnym poszanowaniu ogranicze\u0144 handlowych. Jego ostatecznym celem jest zagwarantowanie terminowej dostawy ka\u017cdego zam\u00f3wienia.<\/div>\r\n            <\/div>\r\n    <div class=\"Image ArticleEdito-image\" data-component-id=\"image\">\r\n        <picture>\r\n            <img class=\"lazyload\" data-src=\"https:\/\/hifi-filter.com\/wp-content\/uploads\/2021\/10\/Supply-Chain-LR.jpg\" width=\"1440\" height=\"800\"\r\n                alt=\"Image non trouv\u00e9e\" draggable=\"false\">\r\n        <\/picture>\r\n    <\/div>\r\n<\/div>\n\n<div class=\"ArticleEdito reverse\" data-component-id=\"ArticleEdito\">\r\n    <div class=\"ArticleEdito-content\">\r\n        <h2 class=\"ArticleEdito-title\">Funkcje pomocnicze<\/h2>        <div class=\"ArticleEdito-text AppText AppScrollbar\">Kadry, ksi\u0119gowo\u015b\u0107, IT i komunikacja: dzia\u0142y wsparcia s\u0105 istotn\u0105 cz\u0119\u015bci\u0105 HIFI FILTER\u00ae. Niezale\u017cnie od tego, czy chodzi o rekrutacj\u0119 przysz\u0142ych talent\u00f3w, zarz\u0105dzanie inwestycjami, opracowywanie nowych rozwi\u0105za\u0144 cyfrowych, czy te\u017c wzmacnianie wizerunku marki, wszyscy oni przyczyniaj\u0105 si\u0119 do zwi\u0119kszenia dynamiki organizacji Grupy i zapewniaj\u0105 pozosta\u0142ym dzia\u0142om narz\u0119dzia do osi\u0105gni\u0119cia sukcesu.<\/div>\r\n            <\/div>\r\n    <div class=\"Image ArticleEdito-image\" data-component-id=\"image\">\r\n        <picture>\r\n            <img class=\"lazyload\" data-src=\"https:\/\/hifi-filter.com\/wp-content\/uploads\/2021\/10\/Support-LR.jpg\" width=\"1440\" height=\"800\"\r\n                alt=\"Image non trouv\u00e9e\" draggable=\"false\">\r\n        <\/picture>\r\n    <\/div>\r\n<\/div>\n\n\n\n<section class=\"KnowMore\" data-component-id=\"KnowMore\">\n    <div class=\"Image\" data-component-id=\"image\">\n        <picture>\n            <img class=\"lazyload\" data-src=\"https:\/\/hifi-filter.com\/wp-content\/uploads\/2021\/10\/CTA-Join-Us-1.jpg\" width=\"1920\" height=\"642\" alt=\"\" draggable=\"false\">\n        <\/picture>\n    <\/div>\n    <div class=\"KnowMore-content\">\n        <p class=\"AppTitle h1\">We\u017a udzia\u0142 w przygodzie<\/p>\n        <div class=\"KnowMore-subtitle\">Zapoznaj si\u0119 z naszymi ofertami pracy.<\/div>\n        <div class=\"KnowMore-buttons\">\n                        <div class=\"ButtonIcon\" data-component-id=\"ButtonIcon\">\n                <a class=\"ButtonIcon-component\" aria-label=\"Do\u0142\u0105cz do nas\" href=\"https:\/\/hifi-filter.com\/pl\/praca-w-hifi\/dolacz-do-nas\/\" target=\"_self\" data-trk-other-cta=\"Do\u0142\u0105cz do nas\">\n                    <div class=\"ButtonIcon-icon\"><?xml version=\"1.0\" encoding=\"utf-8\"?>\r\n<!-- Generator: Adobe Illustrator 26.0.1, SVG Export Plug-In . SVG Version: 6.00 Build 0)  -->\r\n<svg version=\"1.1\" id=\"Calque_1\" xmlns=\"http:\/\/www.w3.org\/2000\/svg\" xmlns:xlink=\"http:\/\/www.w3.org\/1999\/xlink\" x=\"0px\" y=\"0px\"\r\n\t viewBox=\"0 0 283.5 283.5\" style=\"enable-background:new 0 0 283.5 283.5;\" xml:space=\"preserve\">\r\n<path d=\"M280.9,125.9l-97.1-97.2c-3.3-3.3-8.7-3.4-12.1,0c0,0,0,0,0,0l-23.5,23.5c-1.7,1.6-2.6,3.8-2.6,6.1c0,2.3,0.9,4.5,2.5,6.1\r\n\tl4.8,4.9h-22.5l4.9-4.9c3.3-3.3,3.3-8.7,0-12l-23.6-23.5c-1.6-1.6-3.8-2.5-6-2.5l0,0c-2.3,0-4.4,0.9-6,2.5L2.6,125.8\r\n\tc-3.3,3.3-3.4,8.7-0.1,12c0,0,0.1,0.1,0.1,0.1l23.5,23.5c3.3,3.3,8.7,3.4,12,0.1c0,0,0.1-0.1,0.1-0.1l3.1-3.1l9.5,9.5l-1.2,1.1\r\n\tc-8.8,8.8-8.8,23,0,31.8c3.6,3.6,8.3,5.9,13.3,6.4c1.2,10.4,9.4,18.6,19.8,19.8c0.5,5,2.8,9.7,6.4,13.3c3.6,3.7,8.4,5.9,13.6,6.5\r\n\tc0.5,5,2.7,9.7,6.2,13.3c8.8,8.8,23,8.8,31.8,0c0,0,0,0,0,0l1.1-1.1l1.1,1.1c8.8,8.8,23,8.8,31.8,0c3.6-3.6,5.9-8.3,6.5-13.3\r\n\tc10.3-1.2,18.5-9.4,19.7-19.8c10.4-1.2,18.6-9.4,19.8-19.8c12.3-1.4,21.2-12.5,19.8-24.9c-0.6-5.1-2.8-9.8-6.4-13.4l-1.1-1.1\r\n\tl9.5-9.5l3.1,3c1.6,1.6,3.7,2.5,6,2.5c2.3,0,4.4-0.9,6.1-2.5l23.5-23.5c3.3-3.3,3.4-8.7,0.1-12C281,125.9,281,125.8,280.9,125.9\r\n\tL280.9,125.9z M117.4,58.2l-85.2,85.2l-11.5-11.5l85.2-85.2L117.4,58.2z M202.2,200.8c2.1,2.1,2.1,5.5,0.1,7.7\r\n\tc-2.2,2.1-5.6,2.2-7.8,0.1c-1.6-1.6-3.7-2.5-5.9-2.5h-0.1c-4.7,0-8.5,3.9-8.5,8.6c0,2.2,0.9,4.4,2.5,6c1,1,1.6,2.4,1.6,3.8\r\n\tc0,3-2.3,5.4-5.3,5.5c-1.5,0-2.9-0.5-3.9-1.6c-1.6-1.6-3.8-2.5-6-2.5h-0.1c-2.2,0-4.4,0.9-6,2.5c-1.6,1.6-2.5,3.7-2.5,6\r\n\tc0,2.3,0.9,4.5,2.5,6c1,1,1.6,2.4,1.5,3.9c0,1.4-0.5,2.8-1.5,3.7c-2.1,2.1-5.5,2.2-7.7,0.1l-1.6-1.6c5.7-8.9,4.4-20.5-3.1-27.9\r\n\tc-2.3-2.3-5.1-4-8.2-5c0.3-1.4,0.4-2.8,0.4-4.1c0-6-2.4-11.7-6.6-16c-2.2-2.2-4.9-3.8-7.8-4.8c1.8-7.5-0.4-15.5-5.9-21\r\n\tc-5.6-5.3-13.4-7.4-20.8-5.6c-1-3-2.7-5.7-4.9-8c-4.2-4.2-10-6.5-15.9-6.4l0,0c-5.9,0-11.6,2.2-15.8,6.4l-1.9,1.9l-9.5-9.5\r\n\tl60.2-60.1h18.9l-21.6,21.6c-8.7,8.9-8.4,23.2,0.5,31.8c8.7,8.5,22.6,8.5,31.3,0l20.4-20.4c4.3,0.9,8.8,1,13.2,0.2\r\n\tc0.5,1.1,0.3,2.5-0.5,3.4c-3.3,3.3-3.3,8.7,0,12c0,0,0,0,0,0l46.2,46.2c1,1,1.6,2.4,1.6,3.8c0,1.4-0.6,2.8-1.6,3.9l0,0\r\n\tc-2.1,2.1-5.5,2.1-7.6-0.1c-3.4-3.3-8.8-3.3-12.1,0.1c-1.6,1.6-2.5,3.8-2.5,6C199.6,197,200.5,199.2,202.2,200.8L202.2,200.8z\r\n\t M130.6,230.6l0.3-0.4c1-0.8,2.3-1.2,3.6-1.2c1.4,0,2.7,0.6,3.7,1.6c1,1,1.6,2.4,1.6,3.8c0,1.4-0.5,2.8-1.5,3.8l-9.7,9.7\r\n\tc-2.1,2.1-5.6,2.2-7.7,0c-2.1-2.1-2.2-5.6,0-7.7L130.6,230.6z M220.7,155.8l-28.6-28.6c2.7-7.8,0.4-16.8-6.1-23.4\r\n\tc-2.2-2.2-5.4-3-8.4-2.1c-4.6,1.4-10.4,1.4-11.5,0.6c-3.4-2.5-8.1-2.2-11.1,0.8l-23.9,24l-0.5,0.4c-2.2,2.1-5.6,1.9-7.7-0.3\r\n\tc-2-2.1-2-5.4,0-7.5l33.6-33.7H170l60.2,60.2L220.7,155.8z M61.6,181.1L76.7,166c1-1,2.4-1.5,3.8-1.5l0,0c1.4,0,2.8,0.5,3.8,1.5\r\n\tc2.1,2.1,2.1,5.6,0,7.7l-14.9,15c-2.1,2.1-5.6,2.1-7.7,0C59.5,186.6,59.5,183.2,61.6,181.1L61.6,181.1z M79.8,204.6\r\n\tc0-1.4,0.6-2.8,1.6-3.8l21.2-21.2c1-1,2.3-1.6,3.8-1.5c1.4,0,2.8,0.5,3.8,1.5c2.1,2.1,2.1,5.6,0,7.7l-21.1,21.1\r\n\tc-1,1-2.4,1.6-3.8,1.6c-1.5,0-2.9-0.6-3.9-1.7C80.3,207.4,79.8,206,79.8,204.6L79.8,204.6z M101.1,228.2c-1-1-1.5-2.4-1.5-3.8\r\n\tc0-1.5,0.5-2.8,1.6-3.9l15-15c1-1,2.4-1.6,3.9-1.6c1.4,0,2.8,0.5,3.8,1.5c1,1,1.6,2.4,1.6,3.9c0,1.4-0.5,2.8-1.5,3.8l-15.1,15.1\r\n\tC106.6,230.4,103.2,230.3,101.1,228.2C101.1,228.2,101.1,228.2,101.1,228.2L101.1,228.2z M262.8,131.9l-11.5,11.5l-82-82.1l-1.3-1.3\r\n\tl0,0l-1.8-1.8l11.5-11.5L262.8,131.9z\"\/>\r\n<\/svg>\r\n<\/div>                    <span class=\"ButtonIcon-text\"><p style=\"text-align: left;\">Do\u0142\u0105cz do nas<\/p><\/span>\n                <\/a>\n            <\/div>\n                    <\/div>\n    <\/div>\n<\/section>\n\n\n\r\n<section class=\"LeModole\" data-component-id=\"LeModole\">\r\n    <div class=\"LeModole-container\">\r\n        <div class=\"LeModole-images\">\r\n            <div class=\"LeModole-image\" ref=\"slides\">\r\n                <div class=\"Image\" data-component-id=\"image\">\r\n                    <picture>\r\n                        <img class=\"lazyload\" data-src=\"https:\/\/hifi-filter.com\/wp-content\/uploads\/2021\/10\/Work-With-HIFI-FILTER-LR.jpg\" width=\"1440\" height=\"800\" alt=\"Image non trouv\u00e9e\" draggable=\"false\">\r\n                    <\/picture>\r\n                <\/div>\r\n            <\/div><div class=\"LeModole-image\" ref=\"slides\">\r\n                <div class=\"Image\" data-component-id=\"image\">\r\n                    <picture>\r\n                        <img class=\"lazyload\" data-src=\"https:\/\/hifi-filter.com\/wp-content\/uploads\/2021\/10\/HIFI-FILTER-Logo-AC-2.jpg\" width=\"1440\" height=\"800\" alt=\"Image non trouv\u00e9e\" draggable=\"false\">\r\n                    <\/picture>\r\n                <\/div>\r\n            <\/div><div class=\"LeModole-image\" ref=\"slides\">\r\n                <div class=\"Image\" data-component-id=\"image\">\r\n                    <picture>\r\n                        <img class=\"lazyload\" data-src=\"https:\/\/hifi-filter.com\/wp-content\/uploads\/2021\/10\/HIFI-FILTER-History-AR.jpg\" width=\"1440\" height=\"800\" alt=\"Image non trouv\u00e9e\" draggable=\"false\">\r\n                    <\/picture>\r\n                <\/div>\r\n            <\/div>        <\/div>\r\n        <div class=\"LeModole-listContainer\">\r\n            <ul class=\"LeModole-list\">\r\n                <li class=\"LeModole-listItem AppBorder \" ref=\"titles\">\r\n                <a aria-label=\"Praca w HIFI\" href=\"https:\/\/hifi-filter.com\/pl\/praca-w-hifi\/\" target=\"_self\" data-trk-other-cta=\"Praca w HIFI\">\r\n                    <div class=\"AppTitle h2\">Praca w HIFI<\/div>\r\n                    <div class=\"AppText\">\r\n                        <p><\/p>\r\n                    <\/div>\r\n                <\/a>\r\n            <\/li><li class=\"LeModole-listItem AppBorder \" ref=\"titles\">\r\n                <a aria-label=\"Kim jeste\u015bmy?\" href=\"https:\/\/hifi-filter.com\/pl\/kim-jestesmy\/\" target=\"_self\" data-trk-other-cta=\"Kim jeste\u015bmy?\">\r\n                    <div class=\"AppTitle h2\">Kim jeste\u015bmy?<\/div>\r\n                    <div class=\"AppText\">\r\n                        <p><\/p>\r\n                    <\/div>\r\n                <\/a>\r\n            <\/li><li class=\"LeModole-listItem AppBorder \" ref=\"titles\">\r\n                <a aria-label=\"Nasza historia\" href=\"https:\/\/hifi-filter.com\/pl\/nasza-historia\/\" target=\"_self\" data-trk-other-cta=\"Nasza historia\">\r\n                    <div class=\"AppTitle h2\">Nasza historia<\/div>\r\n                    <div class=\"AppText\">\r\n                        <p><\/p>\r\n                    <\/div>\r\n                <\/a>\r\n            <\/li>            <\/ul>\r\n        <\/div>\r\n    <\/div>\r\n<\/section>\r\n","protected":false},"excerpt":{"rendered":"","protected":false},"author":1,"featured_media":12073,"parent":17150,"menu_order":110,"comment_status":"closed","ping_status":"closed","template":"","meta":{"_acf_changed":false,"footnotes":""},"acf":[],"yoast_head":"<!-- This site is optimized with the Yoast SEO plugin v22.2 - https:\/\/yoast.com\/wordpress\/plugins\/seo\/ -->\n<title>Nasze zawody: do\u0142\u0105cz do firmy-lidera kompatybilnych filtr\u00f3w | HIFI FILTER<\/title>\n<meta name=\"description\" content=\"Marketing, Obs\u0142uga klienta, Projektowanie produkt\u00f3w, Kontrola jako\u015bci, Supply Chain i funkcje wsparcia - okazji jest wiele. Do\u0142\u0105cz do nas i buduj przysz\u0142o\u015b\u0107 HIFI FILTER!\" \/>\n<meta name=\"robots\" content=\"index, follow, max-snippet:-1, max-image-preview:large, max-video-preview:-1\" \/>\n<link rel=\"canonical\" href=\"https:\/\/hifi-filter.com\/pl\/praca-w-hifi\/nasza-dzialalnosc\/\" \/>\n<script type=\"application\/ld+json\" class=\"yoast-schema-graph\">{\"@context\":\"https:\/\/schema.org\",\"@graph\":[{\"@type\":\"WebPage\",\"@id\":\"https:\/\/hifi-filter.com\/pl\/praca-w-hifi\/nasza-dzialalnosc\/\",\"url\":\"https:\/\/hifi-filter.com\/pl\/praca-w-hifi\/nasza-dzialalnosc\/\",\"name\":\"Nasze zawody: do\u0142\u0105cz do firmy-lidera kompatybilnych filtr\u00f3w | HIFI FILTER\",\"isPartOf\":{\"@id\":\"https:\/\/hifi-filter.com\/pl\/#website\"},\"primaryImageOfPage\":{\"@id\":\"https:\/\/hifi-filter.com\/pl\/praca-w-hifi\/nasza-dzialalnosc\/#primaryimage\"},\"image\":{\"@id\":\"https:\/\/hifi-filter.com\/pl\/praca-w-hifi\/nasza-dzialalnosc\/#primaryimage\"},\"thumbnailUrl\":\"https:\/\/hifi-filter.com\/wp-content\/uploads\/2021\/10\/Ours-Jobs-Banner.jpg\",\"datePublished\":\"2021-10-15T12:55:12+00:00\",\"dateModified\":\"2022-06-13T14:58:24+00:00\",\"description\":\"Marketing, Obs\u0142uga klienta, Projektowanie produkt\u00f3w, Kontrola jako\u015bci, Supply Chain i funkcje wsparcia - okazji jest wiele. Do\u0142\u0105cz do nas i buduj przysz\u0142o\u015b\u0107 HIFI FILTER!\",\"breadcrumb\":{\"@id\":\"https:\/\/hifi-filter.com\/pl\/praca-w-hifi\/nasza-dzialalnosc\/#breadcrumb\"},\"inLanguage\":\"pl-PL\",\"potentialAction\":[{\"@type\":\"ReadAction\",\"target\":[\"https:\/\/hifi-filter.com\/pl\/praca-w-hifi\/nasza-dzialalnosc\/\"]}]},{\"@type\":\"ImageObject\",\"inLanguage\":\"pl-PL\",\"@id\":\"https:\/\/hifi-filter.com\/pl\/praca-w-hifi\/nasza-dzialalnosc\/#primaryimage\",\"url\":\"https:\/\/hifi-filter.com\/wp-content\/uploads\/2021\/10\/Ours-Jobs-Banner.jpg\",\"contentUrl\":\"https:\/\/hifi-filter.com\/wp-content\/uploads\/2021\/10\/Ours-Jobs-Banner.jpg\",\"width\":2560,\"height\":924,\"caption\":\"construction equipment in construction new warehouse background\"},{\"@type\":\"BreadcrumbList\",\"@id\":\"https:\/\/hifi-filter.com\/pl\/praca-w-hifi\/nasza-dzialalnosc\/#breadcrumb\",\"itemListElement\":[{\"@type\":\"ListItem\",\"position\":1,\"name\":\"Home\",\"item\":\"https:\/\/hifi-filter.com\/pl\/\"},{\"@type\":\"ListItem\",\"position\":2,\"name\":\"Praca w HIFI\",\"item\":\"https:\/\/hifi-filter.com\/pl\/praca-w-hifi\/\"},{\"@type\":\"ListItem\",\"position\":3,\"name\":\"Nasza dzia\u0142alno\u015b\u0107\"}]},{\"@type\":\"WebSite\",\"@id\":\"https:\/\/hifi-filter.com\/pl\/#website\",\"url\":\"https:\/\/hifi-filter.com\/pl\/\",\"name\":\"HIFI FILTER\",\"description\":\"Your partner in filtration &amp; separation\",\"publisher\":{\"@id\":\"https:\/\/hifi-filter.com\/pl\/#organization\"},\"potentialAction\":[{\"@type\":\"SearchAction\",\"target\":{\"@type\":\"EntryPoint\",\"urlTemplate\":\"https:\/\/hifi-filter.com\/pl\/?s={search_term_string}\"},\"query-input\":\"required name=search_term_string\"}],\"inLanguage\":\"pl-PL\"},{\"@type\":\"Organization\",\"@id\":\"https:\/\/hifi-filter.com\/pl\/#organization\",\"name\":\"HIFI FILTER\",\"url\":\"https:\/\/hifi-filter.com\/pl\/\",\"logo\":{\"@type\":\"ImageObject\",\"inLanguage\":\"pl-PL\",\"@id\":\"https:\/\/hifi-filter.com\/pl\/#\/schema\/logo\/image\/\",\"url\":\"https:\/\/hifi-filter.com\/wp-content\/uploads\/2021\/11\/cropped-Favicon-HIFI-FILTER-1.png\",\"contentUrl\":\"https:\/\/hifi-filter.com\/wp-content\/uploads\/2021\/11\/cropped-Favicon-HIFI-FILTER-1.png\",\"width\":190,\"height\":190,\"caption\":\"HIFI FILTER\"},\"image\":{\"@id\":\"https:\/\/hifi-filter.com\/pl\/#\/schema\/logo\/image\/\"},\"sameAs\":[\"https:\/\/www.facebook.com\/hififilter.group\",\"https:\/\/www.linkedin.com\/company\/hififilter\/\"]}]}<\/script>\n<!-- \/ Yoast SEO plugin. -->","yoast_head_json":{"title":"Nasze zawody: do\u0142\u0105cz do firmy-lidera kompatybilnych filtr\u00f3w | HIFI FILTER","description":"Marketing, Obs\u0142uga klienta, Projektowanie produkt\u00f3w, Kontrola jako\u015bci, Supply Chain i funkcje wsparcia - okazji jest wiele. Do\u0142\u0105cz do nas i buduj przysz\u0142o\u015b\u0107 HIFI FILTER!","robots":{"index":"index","follow":"follow","max-snippet":"max-snippet:-1","max-image-preview":"max-image-preview:large","max-video-preview":"max-video-preview:-1"},"canonical":"https:\/\/hifi-filter.com\/pl\/praca-w-hifi\/nasza-dzialalnosc\/","schema":{"@context":"https:\/\/schema.org","@graph":[{"@type":"WebPage","@id":"https:\/\/hifi-filter.com\/pl\/praca-w-hifi\/nasza-dzialalnosc\/","url":"https:\/\/hifi-filter.com\/pl\/praca-w-hifi\/nasza-dzialalnosc\/","name":"Nasze zawody: do\u0142\u0105cz do firmy-lidera kompatybilnych filtr\u00f3w | HIFI FILTER","isPartOf":{"@id":"https:\/\/hifi-filter.com\/pl\/#website"},"primaryImageOfPage":{"@id":"https:\/\/hifi-filter.com\/pl\/praca-w-hifi\/nasza-dzialalnosc\/#primaryimage"},"image":{"@id":"https:\/\/hifi-filter.com\/pl\/praca-w-hifi\/nasza-dzialalnosc\/#primaryimage"},"thumbnailUrl":"https:\/\/hifi-filter.com\/wp-content\/uploads\/2021\/10\/Ours-Jobs-Banner.jpg","datePublished":"2021-10-15T12:55:12+00:00","dateModified":"2022-06-13T14:58:24+00:00","description":"Marketing, Obs\u0142uga klienta, Projektowanie produkt\u00f3w, Kontrola jako\u015bci, Supply Chain i funkcje wsparcia - okazji jest wiele. Do\u0142\u0105cz do nas i buduj przysz\u0142o\u015b\u0107 HIFI FILTER!","breadcrumb":{"@id":"https:\/\/hifi-filter.com\/pl\/praca-w-hifi\/nasza-dzialalnosc\/#breadcrumb"},"inLanguage":"pl-PL","potentialAction":[{"@type":"ReadAction","target":["https:\/\/hifi-filter.com\/pl\/praca-w-hifi\/nasza-dzialalnosc\/"]}]},{"@type":"ImageObject","inLanguage":"pl-PL","@id":"https:\/\/hifi-filter.com\/pl\/praca-w-hifi\/nasza-dzialalnosc\/#primaryimage","url":"https:\/\/hifi-filter.com\/wp-content\/uploads\/2021\/10\/Ours-Jobs-Banner.jpg","contentUrl":"https:\/\/hifi-filter.com\/wp-content\/uploads\/2021\/10\/Ours-Jobs-Banner.jpg","width":2560,"height":924,"caption":"construction equipment in construction new warehouse background"},{"@type":"BreadcrumbList","@id":"https:\/\/hifi-filter.com\/pl\/praca-w-hifi\/nasza-dzialalnosc\/#breadcrumb","itemListElement":[{"@type":"ListItem","position":1,"name":"Home","item":"https:\/\/hifi-filter.com\/pl\/"},{"@type":"ListItem","position":2,"name":"Praca w HIFI","item":"https:\/\/hifi-filter.com\/pl\/praca-w-hifi\/"},{"@type":"ListItem","position":3,"name":"Nasza dzia\u0142alno\u015b\u0107"}]},{"@type":"WebSite","@id":"https:\/\/hifi-filter.com\/pl\/#website","url":"https:\/\/hifi-filter.com\/pl\/","name":"HIFI FILTER","description":"Your partner in filtration &amp; separation","publisher":{"@id":"https:\/\/hifi-filter.com\/pl\/#organization"},"potentialAction":[{"@type":"SearchAction","target":{"@type":"EntryPoint","urlTemplate":"https:\/\/hifi-filter.com\/pl\/?s={search_term_string}"},"query-input":"required name=search_term_string"}],"inLanguage":"pl-PL"},{"@type":"Organization","@id":"https:\/\/hifi-filter.com\/pl\/#organization","name":"HIFI FILTER","url":"https:\/\/hifi-filter.com\/pl\/","logo":{"@type":"ImageObject","inLanguage":"pl-PL","@id":"https:\/\/hifi-filter.com\/pl\/#\/schema\/logo\/image\/","url":"https:\/\/hifi-filter.com\/wp-content\/uploads\/2021\/11\/cropped-Favicon-HIFI-FILTER-1.png","contentUrl":"https:\/\/hifi-filter.com\/wp-content\/uploads\/2021\/11\/cropped-Favicon-HIFI-FILTER-1.png","width":190,"height":190,"caption":"HIFI FILTER"},"image":{"@id":"https:\/\/hifi-filter.com\/pl\/#\/schema\/logo\/image\/"},"sameAs":["https:\/\/www.facebook.com\/hififilter.group","https:\/\/www.linkedin.com\/company\/hififilter\/"]}]}},"_links":{"self":[{"href":"https:\/\/hifi-filter.com\/pl\/wp-json\/wp\/v2\/pages\/17161"}],"collection":[{"href":"https:\/\/hifi-filter.com\/pl\/wp-json\/wp\/v2\/pages"}],"about":[{"href":"https:\/\/hifi-filter.com\/pl\/wp-json\/wp\/v2\/types\/page"}],"author":[{"embeddable":true,"href":"https:\/\/hifi-filter.com\/pl\/wp-json\/wp\/v2\/users\/1"}],"replies":[{"embeddable":true,"href":"https:\/\/hifi-filter.com\/pl\/wp-json\/wp\/v2\/comments?post=17161"}],"version-history":[{"count":9,"href":"https:\/\/hifi-filter.com\/pl\/wp-json\/wp\/v2\/pages\/17161\/revisions"}],"predecessor-version":[{"id":25948,"href":"https:\/\/hifi-filter.com\/pl\/wp-json\/wp\/v2\/pages\/17161\/revisions\/25948"}],"up":[{"embeddable":true,"href":"https:\/\/hifi-filter.com\/pl\/wp-json\/wp\/v2\/pages\/17150"}],"wp:featuredmedia":[{"embeddable":true,"href":"https:\/\/hifi-filter.com\/pl\/wp-json\/wp\/v2\/media\/12073"}],"wp:attachment":[{"href":"https:\/\/hifi-filter.com\/pl\/wp-json\/wp\/v2\/media?parent=17161"}],"curies":[{"name":"wp","href":"https:\/\/api.w.org\/{rel}","templated":true}]}}