{"id":17462,"date":"2021-09-05T02:08:14","date_gmt":"2021-09-05T00:08:14","guid":{"rendered":"https:\/\/hifi-filter.sitendev.com\/faq\/"},"modified":"2024-02-13T08:28:34","modified_gmt":"2024-02-13T07:28:34","slug":"faq","status":"publish","type":"page","link":"https:\/\/hifi-filter.com\/pl\/faq\/","title":{"rendered":"FAQ"},"content":{"rendered":"\t\t<div class=\"FaqList\" data-component-id=\"FaqList\">\r\n\t\t\t<div class=\"FaqListWrapper\">\r\n\t\t\t\t<h2 class=\"FaqList-title AppTitle h2\"><strong>Najcz\u0119\u015bciej<\/strong> zadawane pytania<\/h2>\r\n\t\t\t\t<div class=\"FaqListContainer\">\r\n\t\t\t\t\t<ul class=\"FaqThemeList\">\r\n\t\t\t\t\t\t\t\t\t\t\t\t\t<li class=\"FaqTheme opened\">\r\n\t\t\t\t\t\t\t\t<button class=\"FaqThemeHeading AppTitle h4\" ref=\"themeButton\" aria-label=\"Basculer\"><h3>Handlowe<\/h3>\r\n\t\t\t\t\t\t\t\t\t<div class=\"FaqHeading-cross\"><\/div>\r\n\t\t\t\t\t\t\t\t<\/button>\r\n\t\t\t\t\t\t\t\t<div class=\"FaqThemeInfosWrapper\">\r\n\t\t\t\t\t\t\t\t\t<ul class=\"FaqThemeInfos\" ref=\"themeContainer\">\r\n\t\t\t\t\t\t\t\t\t\t\t\t\t\t\t\t\t\t\t\t\t\t\t\t\t\t\t\t\t\t\t\t\t<li class=\"FaqInfo opened\">\r\n\t\t\t\t\t\t\t\t\t\t\t\t\t<button class=\"FaqInfoHeading AppTitle h5\" ref=\"infoButton\" aria-label=\"Basculer\"><h4>Czy mog\u0119 zam\u00f3wi\u0107 bezpo\u015brednio w HIFI FILTER\u00ae jako osoba prywatna?<\/h4><\/button>\r\n\t\t\t\t\t\t\t\t\t\t\t\t\t<div class=\"FaqAnswerWrapper AppText\">\r\n\t\t\t\t\t\t\t\t\t\t\t\t\t\t<p>Tak, nasza firma sprzedaje swoje produkty nie tylko profesjonalistom.<\/p>\r\n\t\t\t\t\t\t\t\t\t\t\t\t\t<\/div>\r\n\t\t\t\t\t\t\t\t\t\t\t\t<\/li>\r\n\t\t\t\t\t\t\t\t\t\t\t\t\t\t\t\t\t\t\t\t\t\t\t\t\t\t\t\t\t\t<\/ul>\r\n\t\t\t\t\t\t\t\t<\/div>\r\n\t\t\t\t\t\t\t<\/li>\r\n\t\t\t\t\t\t\t\t\t\t\t\t\t<li class=\"FaqTheme\">\r\n\t\t\t\t\t\t\t\t<button class=\"FaqThemeHeading AppTitle h4\" ref=\"themeButton\" aria-label=\"Basculer\"><h3>Gwarancja<\/h3>\r\n\t\t\t\t\t\t\t\t\t<div class=\"FaqHeading-cross\"><\/div>\r\n\t\t\t\t\t\t\t\t<\/button>\r\n\t\t\t\t\t\t\t\t<div class=\"FaqThemeInfosWrapper\">\r\n\t\t\t\t\t\t\t\t\t<ul class=\"FaqThemeInfos\" ref=\"themeContainer\">\r\n\t\t\t\t\t\t\t\t\t\t\t\t\t\t\t\t\t\t\t\t\t\t\t\t\t\t\t\t\t\t\t\t\t<li class=\"FaqInfo\">\r\n\t\t\t\t\t\t\t\t\t\t\t\t\t<button class=\"FaqInfoHeading AppTitle h5\" ref=\"infoButton\" aria-label=\"Basculer\"><h4>Czy produkty HIFI FILTER s\u0105 obj\u0119te gwarancj\u0105?<\/h4><\/button>\r\n\t\t\t\t\t\t\t\t\t\t\t\t\t<div class=\"FaqAnswerWrapper AppText\">\r\n\t\t\t\t\t\t\t\t\t\t\t\t\t\t<p>Tak, filtry HIFI FILTER\u00ae s\u0105 ubezpieczone przez mi\u0119dzynarodow\u0105 grup\u0119 ubezpieczeniow\u0105.\u00a0W przypadku uszkodze\u0144 silnika lub szk\u00f3d materialnych spowodowanych awari\u0105 naszych filtr\u00f3w, przejmujemy za nie odpowiedzialno\u015b\u0107, pod warunkiem, \u017ce s\u0105 one prawid\u0142owo zainstalowane i u\u017cytkowane.<\/p>\r\n\t\t\t\t\t\t\t\t\t\t\t\t\t<\/div>\r\n\t\t\t\t\t\t\t\t\t\t\t\t<\/li>\r\n\t\t\t\t\t\t\t\t\t\t\t\t\t\t\t\t\t\t\t\t\t\t\t\t\t\t\t\t\t\t<\/ul>\r\n\t\t\t\t\t\t\t\t<\/div>\r\n\t\t\t\t\t\t\t<\/li>\r\n\t\t\t\t\t\t\t\t\t\t\t\t\t<li class=\"FaqTheme\">\r\n\t\t\t\t\t\t\t\t<button class=\"FaqThemeHeading AppTitle h4\" ref=\"themeButton\" aria-label=\"Basculer\"><h3>Techniczne<\/h3>\r\n\t\t\t\t\t\t\t\t\t<div class=\"FaqHeading-cross\"><\/div>\r\n\t\t\t\t\t\t\t\t<\/button>\r\n\t\t\t\t\t\t\t\t<div class=\"FaqThemeInfosWrapper\">\r\n\t\t\t\t\t\t\t\t\t<ul class=\"FaqThemeInfos\" ref=\"themeContainer\">\r\n\t\t\t\t\t\t\t\t\t\t\t\t\t\t\t\t\t\t\t\t\t\t\t\t\t\t\t\t\t\t\t\t\t<li class=\"FaqInfo\">\r\n\t\t\t\t\t\t\t\t\t\t\t\t\t<button class=\"FaqInfoHeading AppTitle h5\" ref=\"infoButton\" aria-label=\"Basculer\"><h4>Jak znale\u017a\u0107 filtr?<\/h4><\/button>\r\n\t\t\t\t\t\t\t\t\t\t\t\t\t<div class=\"FaqAnswerWrapper AppText\">\r\n\t\t\t\t\t\t\t\t\t\t\t\t\t\t<p>E-Catalog HIFI FILTER\u00ae pozwala na wyszukiwanie filtr\u00f3w kompatybilnych z Pa\u0144stwa sprz\u0119tem lub wyszukiwanie referencji HIFI\u00ae odpowiadaj\u0105cej konkurencyjnej referencji.\r\nJe\u015bli nie znajdziecie Pa\u0144stwo tego, czego szukacie, zalecamy kontakt z naszymi doradcami technicznymi. Prosimy o dostarczenie jak najwi\u0119cej informacji (wymiary, zastosowanie, referencje, zdj\u0119cia, itp.), kt\u00f3re pozwol\u0105 naszym zespo\u0142om na szybk\u0105 identyfikacj\u0119.<\/p>\r\n\t\t\t\t\t\t\t\t\t\t\t\t\t<\/div>\r\n\t\t\t\t\t\t\t\t\t\t\t\t<\/li>\r\n\t\t\t\t\t\t\t\t\t\t\t\t\t\t\t\t\t\t\t\t\t\t\t\t\t\t\t\t\t\t<\/ul>\r\n\t\t\t\t\t\t\t\t<\/div>\r\n\t\t\t\t\t\t\t<\/li>\r\n\t\t\t\t\t\t\t\t\t\t\t\t\t<li class=\"FaqTheme\">\r\n\t\t\t\t\t\t\t\t<button class=\"FaqThemeHeading AppTitle h4\" ref=\"themeButton\" aria-label=\"Basculer\"><h3>Jako\u015b\u0107<\/h3>\r\n\t\t\t\t\t\t\t\t\t<div class=\"FaqHeading-cross\"><\/div>\r\n\t\t\t\t\t\t\t\t<\/button>\r\n\t\t\t\t\t\t\t\t<div class=\"FaqThemeInfosWrapper\">\r\n\t\t\t\t\t\t\t\t\t<ul class=\"FaqThemeInfos\" ref=\"themeContainer\">\r\n\t\t\t\t\t\t\t\t\t\t\t\t\t\t\t\t\t\t\t\t\t\t\t\t\t\t\t\t\t\t\t\t\t<li class=\"FaqInfo\">\r\n\t\t\t\t\t\t\t\t\t\t\t\t\t<button class=\"FaqInfoHeading AppTitle h5\" ref=\"infoButton\" aria-label=\"Basculer\"><h4>Co nale\u017cy zrobi\u0107 w przypadku stwierdzenia niezgodno\u015bci w zakupionym produkcie?<\/h4><\/button>\r\n\t\t\t\t\t\t\t\t\t\t\t\t\t<div class=\"FaqAnswerWrapper AppText\">\r\n\t\t\t\t\t\t\t\t\t\t\t\t\t\t<p>Skontaktuj si\u0119 z nami za pomoc\u0105 formularza kontaktowego, podaj\u0105c szczeg\u00f3\u0142y dotycz\u0105ce niezgodno\u015bci (problem z wymiarami, wygl\u0105dem, monta\u017cem, podczas u\u017cytkowania, itp.\r\n<ul>\r\n \t<li>Numer cz\u0119\u015bci HIFI\u00ae, kt\u00f3ra nie jest zgodna, oznaczenie\/numer partii, ilo\u015b\u0107, kt\u00f3rej to dotyczy, ilo\u015b\u0107 godzin\/km u\u017cytkowania i oryginaln\u0105 mark\u0119 referencyjn\u0105.<\/li>\r\n \t<li>Urz\u0105dzenie, w kt\u00f3rym zainstalowano filtr: marka, rok produkcji marka i model silnika oraz \u0142\u0105czna liczba godzin pracy\/km urz\u0105dzenia.<\/li>\r\n<\/ul>\r\nZesp\u00f3\u0142 techniczny odpowie tak szybko, jak to b\u0119dzie mo\u017cliwe.<\/p>\r\n\t\t\t\t\t\t\t\t\t\t\t\t\t<\/div>\r\n\t\t\t\t\t\t\t\t\t\t\t\t<\/li>\r\n\t\t\t\t\t\t\t\t\t\t\t\t\t\t\t\t\t\t\t\t\t\t\t<li class=\"FaqInfo\">\r\n\t\t\t\t\t\t\t\t\t\t\t\t\t<button class=\"FaqInfoHeading AppTitle h5\" ref=\"infoButton\" aria-label=\"Basculer\"><h4>Czy mog\u0119 by\u0107 pewny jako\u015bci filtr\u00f3w HIFI FILTER\u00ae?<\/h4><\/button>\r\n\t\t\t\t\t\t\t\t\t\t\t\t\t<div class=\"FaqAnswerWrapper AppText\">\r\n\t\t\t\t\t\t\t\t\t\t\t\t\t\t<p>Od projektu produktu, do jego produkcji, w\u0142\u0105cznie z kontrol\u0105 zapas\u00f3w, nic nie jest pozostawione przypadkowi. Przez ca\u0142y czas grupa HIFI FILTER (R)zwraca szczeg\u00f3ln\u0105 uwag\u0119 na zapewnienie najwy\u017cszej jako\u015bci oferowanych produkt\u00f3w..<\/p>\r\n\t\t\t\t\t\t\t\t\t\t\t\t\t<\/div>\r\n\t\t\t\t\t\t\t\t\t\t\t\t<\/li>\r\n\t\t\t\t\t\t\t\t\t\t\t\t\t\t\t\t\t\t\t\t\t\t\t\t\t\t\t\t\t\t<\/ul>\r\n\t\t\t\t\t\t\t\t<\/div>\r\n\t\t\t\t\t\t\t<\/li>\r\n\t\t\t\t\t\t\t\t\t\t\t<\/ul>\r\n\t\t\t\t<\/div>\r\n\t\t\t<\/div>\r\n\t\t<\/div>\r\n\t\n\n\r\n    <div class=\"WideTextBanner\" data-component-id=\"WideTextBanner\">\r\n        <div class=\"WideTextBanner-wrapper\">\r\n            <div class=\"WideTextBanner-content\">\r\n                <p class=\"AppTitle h2\">Brak Odpowiedzi?<\/p>                <p class=\"WideTextBanner-subtitle\">Napisz do nas.<\/p>                                <div class=\"WideTextBanner-buttons\">\r\n                    <div class=\"Button\" data-component-id=\"Button\">\r\n                        <a class=\"Button-component\" href=\"https:\/\/hifi-filter.com\/pl\/kontakt\/\" target=\"_self\" aria-label=\"Kontakt\" data-trk-other-cta=\"Kontakt\">\r\n                            <span class=\"Button-text\">Kontakt<\/span>\r\n                        <\/a>\r\n                    <\/div>\r\n                <\/div>\r\n                            <\/div>\r\n        <\/div>\r\n    <\/div>\r\n","protected":false},"excerpt":{"rendered":"","protected":false},"author":1,"featured_media":0,"parent":0,"menu_order":154,"comment_status":"closed","ping_status":"closed","template":"pages\/hero_avec_accroche.php","meta":{"_acf_changed":false,"footnotes":""},"acf":[],"yoast_head":"<!-- This site is optimized with the Yoast SEO plugin v22.2 - https:\/\/yoast.com\/wordpress\/plugins\/seo\/ -->\n<title>Pytania\/Odpowiedzi w kwestii naszego katalogu filtr\u00f3w i naszych us\u0142ug | HIFI FILTER<\/title>\n<meta name=\"description\" content=\"Masz pytanie co do katalogu czy us\u0142ug HIFI FILTER? Mo\u017ce znajdziesz odpowied\u017a tutaj.\" \/>\n<meta name=\"robots\" content=\"index, follow, max-snippet:-1, max-image-preview:large, max-video-preview:-1\" \/>\n<link rel=\"canonical\" href=\"https:\/\/hifi-filter.com\/pl\/faq\/\" \/>\n<script type=\"application\/ld+json\" class=\"yoast-schema-graph\">{\"@context\":\"https:\/\/schema.org\",\"@graph\":[{\"@type\":\"WebPage\",\"@id\":\"https:\/\/hifi-filter.com\/pl\/faq\/\",\"url\":\"https:\/\/hifi-filter.com\/pl\/faq\/\",\"name\":\"Pytania\/Odpowiedzi w kwestii naszego katalogu filtr\u00f3w i naszych us\u0142ug | HIFI FILTER\",\"isPartOf\":{\"@id\":\"https:\/\/hifi-filter.com\/pl\/#website\"},\"datePublished\":\"2021-09-05T00:08:14+00:00\",\"dateModified\":\"2024-02-13T07:28:34+00:00\",\"description\":\"Masz pytanie co do katalogu czy us\u0142ug HIFI FILTER? Mo\u017ce znajdziesz odpowied\u017a tutaj.\",\"breadcrumb\":{\"@id\":\"https:\/\/hifi-filter.com\/pl\/faq\/#breadcrumb\"},\"inLanguage\":\"pl-PL\",\"potentialAction\":[{\"@type\":\"ReadAction\",\"target\":[\"https:\/\/hifi-filter.com\/pl\/faq\/\"]}]},{\"@type\":\"BreadcrumbList\",\"@id\":\"https:\/\/hifi-filter.com\/pl\/faq\/#breadcrumb\",\"itemListElement\":[{\"@type\":\"ListItem\",\"position\":1,\"name\":\"Home\",\"item\":\"https:\/\/hifi-filter.com\/pl\/\"},{\"@type\":\"ListItem\",\"position\":2,\"name\":\"FAQ\"}]},{\"@type\":\"WebSite\",\"@id\":\"https:\/\/hifi-filter.com\/pl\/#website\",\"url\":\"https:\/\/hifi-filter.com\/pl\/\",\"name\":\"HIFI FILTER\",\"description\":\"Your partner in filtration &amp; separation\",\"publisher\":{\"@id\":\"https:\/\/hifi-filter.com\/pl\/#organization\"},\"potentialAction\":[{\"@type\":\"SearchAction\",\"target\":{\"@type\":\"EntryPoint\",\"urlTemplate\":\"https:\/\/hifi-filter.com\/pl\/?s={search_term_string}\"},\"query-input\":\"required name=search_term_string\"}],\"inLanguage\":\"pl-PL\"},{\"@type\":\"Organization\",\"@id\":\"https:\/\/hifi-filter.com\/pl\/#organization\",\"name\":\"HIFI FILTER\",\"url\":\"https:\/\/hifi-filter.com\/pl\/\",\"logo\":{\"@type\":\"ImageObject\",\"inLanguage\":\"pl-PL\",\"@id\":\"https:\/\/hifi-filter.com\/pl\/#\/schema\/logo\/image\/\",\"url\":\"https:\/\/hifi-filter.com\/wp-content\/uploads\/2021\/11\/cropped-Favicon-HIFI-FILTER-1.png\",\"contentUrl\":\"https:\/\/hifi-filter.com\/wp-content\/uploads\/2021\/11\/cropped-Favicon-HIFI-FILTER-1.png\",\"width\":190,\"height\":190,\"caption\":\"HIFI FILTER\"},\"image\":{\"@id\":\"https:\/\/hifi-filter.com\/pl\/#\/schema\/logo\/image\/\"},\"sameAs\":[\"https:\/\/www.facebook.com\/hififilter.group\",\"https:\/\/www.linkedin.com\/company\/hififilter\/\"]}]}<\/script>\n<!-- \/ Yoast SEO plugin. -->","yoast_head_json":{"title":"Pytania\/Odpowiedzi w kwestii naszego katalogu filtr\u00f3w i naszych us\u0142ug | HIFI FILTER","description":"Masz pytanie co do katalogu czy us\u0142ug HIFI FILTER? Mo\u017ce znajdziesz odpowied\u017a tutaj.","robots":{"index":"index","follow":"follow","max-snippet":"max-snippet:-1","max-image-preview":"max-image-preview:large","max-video-preview":"max-video-preview:-1"},"canonical":"https:\/\/hifi-filter.com\/pl\/faq\/","schema":{"@context":"https:\/\/schema.org","@graph":[{"@type":"WebPage","@id":"https:\/\/hifi-filter.com\/pl\/faq\/","url":"https:\/\/hifi-filter.com\/pl\/faq\/","name":"Pytania\/Odpowiedzi w kwestii naszego katalogu filtr\u00f3w i naszych us\u0142ug | HIFI FILTER","isPartOf":{"@id":"https:\/\/hifi-filter.com\/pl\/#website"},"datePublished":"2021-09-05T00:08:14+00:00","dateModified":"2024-02-13T07:28:34+00:00","description":"Masz pytanie co do katalogu czy us\u0142ug HIFI FILTER? Mo\u017ce znajdziesz odpowied\u017a tutaj.","breadcrumb":{"@id":"https:\/\/hifi-filter.com\/pl\/faq\/#breadcrumb"},"inLanguage":"pl-PL","potentialAction":[{"@type":"ReadAction","target":["https:\/\/hifi-filter.com\/pl\/faq\/"]}]},{"@type":"BreadcrumbList","@id":"https:\/\/hifi-filter.com\/pl\/faq\/#breadcrumb","itemListElement":[{"@type":"ListItem","position":1,"name":"Home","item":"https:\/\/hifi-filter.com\/pl\/"},{"@type":"ListItem","position":2,"name":"FAQ"}]},{"@type":"WebSite","@id":"https:\/\/hifi-filter.com\/pl\/#website","url":"https:\/\/hifi-filter.com\/pl\/","name":"HIFI FILTER","description":"Your partner in filtration &amp; separation","publisher":{"@id":"https:\/\/hifi-filter.com\/pl\/#organization"},"potentialAction":[{"@type":"SearchAction","target":{"@type":"EntryPoint","urlTemplate":"https:\/\/hifi-filter.com\/pl\/?s={search_term_string}"},"query-input":"required name=search_term_string"}],"inLanguage":"pl-PL"},{"@type":"Organization","@id":"https:\/\/hifi-filter.com\/pl\/#organization","name":"HIFI FILTER","url":"https:\/\/hifi-filter.com\/pl\/","logo":{"@type":"ImageObject","inLanguage":"pl-PL","@id":"https:\/\/hifi-filter.com\/pl\/#\/schema\/logo\/image\/","url":"https:\/\/hifi-filter.com\/wp-content\/uploads\/2021\/11\/cropped-Favicon-HIFI-FILTER-1.png","contentUrl":"https:\/\/hifi-filter.com\/wp-content\/uploads\/2021\/11\/cropped-Favicon-HIFI-FILTER-1.png","width":190,"height":190,"caption":"HIFI FILTER"},"image":{"@id":"https:\/\/hifi-filter.com\/pl\/#\/schema\/logo\/image\/"},"sameAs":["https:\/\/www.facebook.com\/hififilter.group","https:\/\/www.linkedin.com\/company\/hififilter\/"]}]}},"_links":{"self":[{"href":"https:\/\/hifi-filter.com\/pl\/wp-json\/wp\/v2\/pages\/17462"}],"collection":[{"href":"https:\/\/hifi-filter.com\/pl\/wp-json\/wp\/v2\/pages"}],"about":[{"href":"https:\/\/hifi-filter.com\/pl\/wp-json\/wp\/v2\/types\/page"}],"author":[{"embeddable":true,"href":"https:\/\/hifi-filter.com\/pl\/wp-json\/wp\/v2\/users\/1"}],"replies":[{"embeddable":true,"href":"https:\/\/hifi-filter.com\/pl\/wp-json\/wp\/v2\/comments?post=17462"}],"version-history":[{"count":6,"href":"https:\/\/hifi-filter.com\/pl\/wp-json\/wp\/v2\/pages\/17462\/revisions"}],"predecessor-version":[{"id":25951,"href":"https:\/\/hifi-filter.com\/pl\/wp-json\/wp\/v2\/pages\/17462\/revisions\/25951"}],"wp:attachment":[{"href":"https:\/\/hifi-filter.com\/pl\/wp-json\/wp\/v2\/media?parent=17462"}],"curies":[{"name":"wp","href":"https:\/\/api.w.org\/{rel}","templated":true}]}}