{"id":18379,"date":"2021-11-04T13:25:21","date_gmt":"2021-11-04T12:25:21","guid":{"rendered":"https:\/\/hifi-filter.sitendev.com\/mentions-legales\/"},"modified":"2026-02-27T08:13:48","modified_gmt":"2026-02-27T07:13:48","slug":"informacje-prawne","status":"publish","type":"page","link":"https:\/\/hifi-filter.com\/pl\/informacje-prawne\/","title":{"rendered":"Informacje prawne"},"content":{"rendered":"<div class=\"Text1Column\" data-component-id=\"Text1Column\">\r\n            <div class=\"Text1Column-text AppText\"><p><strong>\/\/\/ Siedziba g\u0142\u00f3wna :<\/strong><\/p>\r\n<p>HIFI FILTER S.A.<br \/>\r\nRue Comble-Emine 9 \u2013 CP46<br \/>\r\n2053 Cernier \u2013 SUISSE<br \/>\r\nTel\u00a0: +41 (0)32 854 20 10 \u2013 info@hifi-filter.ch<\/p>\r\n<p>Kapita\u0142 zak\u0142adowy w wysoko\u015bci 100&#8217;000 CHF<br \/>\r\nNumer identyfikacji podatkowej : CHE-114.945.835<br \/>\r\nFederalny numer rejestracyjny : CH-645.4.103.008-4<\/p>\r\n<p>Dyrektor ds. publikacji : Pan. Pierre Hirschi<\/p>\r\n<p><strong>\u00a0<\/strong><\/p>\r\n<p><strong>\/\/\/ Hosting : <\/strong><\/p>\r\n<p>Strona hifi-filter.com jest obs\u0142ugiwana przez<br \/>\r\nInfomaniak<br \/>\r\nRue Eug\u00e8ne-Marziano 25<br \/>\r\n1227 Les Acacias, Switzerland<\/p>\r\n<p>Strona catalog.hifi-filter.com jest hostowana przez<br \/>\r\nAmazon Web Services EMEA SARL<br \/>\r\n5 rue Plaetis<br \/>\r\n2338 Luxembourg &#8211; Luxembourg<\/p>\r\n<p><strong>\u00a0<\/strong><\/p>\r\n<p><strong>\/\/\/ Rozw\u00f3j i utrzymanie :<br \/>\r\n<\/strong>Ta strona zosta\u0142a opracowana i jest utrzymywana przez :<br \/>\r\n<a href=\"http:\/\/www.digitz.fr\/\">DIGITZ<\/a><br \/>\r\n73 Cours Albert Thomas,<br \/>\r\n69003 Lyon &#8211; France<br \/>\r\nT\u00e9l. :\u00a0<a href=\"tel:0484350475\">04 82 53 32 01<\/a><\/p>\r\n<p><strong>\u00a0<\/strong><\/p>\r\n<p><strong>\/\/\/ Odniesienie do strony: <\/strong><\/p>\r\n<p>Do tej strony odwo\u0142uj\u0105 si\u0119:<br \/>\r\nYumens<br \/>\r\n8 av. Tony Garnier<br \/>\r\n69007 Lyon &#8211; France<br \/>\r\nTel.\u00a0: 04 57 70 00 24<\/p>\r\n<p>&nbsp;<\/p>\r\n<p><strong>\/\/\/ Informacje dotycz\u0105ce projektu: <\/strong><\/p>\r\n<p>Ta strona zosta\u0142a zaprojektowana i opracowana przez :<br \/>\r\nAKARU<br \/>\r\n9 Quai Andr\u00e9 Lassagne<br \/>\r\n69007 Lyon &#8211; France<br \/>\r\nTel.\u00a0: 04 82 33 85 10<\/p>\r\n<p>&nbsp;<\/p>\r\n<p><strong>\/\/\/ Prawa autorskie \/ Copyright<\/strong><\/p>\r\n<p>Zdj\u0119cia oraz loga marek HIFI FILTER\u00ae i H-AIR FILTER\u00ae s\u0105 zastrze\u017cone w wielu krajach przez Hifi Group S.A. Ich wymienienie w \u017caden spos\u00f3b nie daje licencji ani prawa do u\u017cywania tych marek, kt\u00f3re nie mog\u0105 by\u0107 u\u017cywane bez uprzedniej pisemnej zgody w\u0142a\u015bciciela marki, pod gro\u017ab\u0105 naruszenia prawa.<\/p>\r\n<p>Rysunki 3D i zdj\u0119cia zakres\u00f3w filtr\u00f3w s\u0105 w\u0142asno\u015bci\u0105 grupy HIFI FILTER. Jakiekolwiek ca\u0142kowite lub cz\u0119\u015bciowe przedstawianie tej strony i tych obraz\u00f3w, w jakikolwiek spos\u00f3b, jest surowo zabronione bez uprzedniej pisemnej zgody HIFI FILTER\u00ae i stanowi\u0142oby naruszenie sankcjonowane przez artyku\u0142y L 355-2 i nast\u0119pne Kodeksu W\u0142asno\u015bci Intelektualnej.<\/p>\r\n<p><strong>\u00a0<\/strong><\/p>\r\n<p><strong>\/\/\/ Zdj\u0119cia\/wideo<\/strong><\/p>\r\n<p>Marc Jardot<br \/>\r\nSmize production<br \/>\r\nAdobe stock<\/p>\r\n<p>&nbsp;<\/p>\r\n<p><strong>\/\/\/ Wspomnij o ciasteczkach<\/strong>\u00a0:<\/p>\r\n<p>U\u017cywamy r\u00f3\u017cnych plik\u00f3w cookie na stronie, aby poprawi\u0107 interaktywno\u015b\u0107 strony i naszych us\u0142ug.<\/p>\r\n<p>Co to jest &#8222;ciasteczko&#8221;?<br \/>\r\nCookie&#8221; to plik o ograniczonej wielko\u015bci, sk\u0142adaj\u0105cy si\u0119 zazwyczaj z liter i cyfr, wysy\u0142any przez serwer internetowy do pliku cookie przegl\u0105darki znajduj\u0105cej si\u0119 na dysku twardym komputera u\u017cytkownika.<\/p>\r\n<p>Cel plik\u00f3w cookie u\u017cywanych na stronie<br \/>\r\nStrona internetowa www.hifi-filter.com u\u017cywa plik\u00f3w cookie przede wszystkim w celu \u015bledzenia danych analitycznych dotycz\u0105cych strony, korzystania z niej przez u\u017cytkownik\u00f3w oraz w celu poprawy jako\u015bci us\u0142ug na stronie.<\/p>\r\n<p>Wi\u0119cej informacji mo\u017cna znale\u017a\u0107 na stronie : <span style=\"text-decoration: underline;\"><strong><a href=\"https:\/\/hifi-filter.com\/pl\/polityka-prywatnosci\/\">polityka prywatno\u015bci<\/a><\/strong><\/span><\/p>\r\n<p>&nbsp;<\/p>\r\n<p><strong>\/\/\/ Informacje na temat wykorzystania danych osobowych\u00a0<\/strong>:<\/p>\r\n<p>Og\u00f3lne rozporz\u0105dzenie o ochronie danych (GDPR), kt\u00f3re wesz\u0142o w \u017cycie 25 maja 2018 r., okre\u015bla zasady, kt\u00f3rych nale\u017cy przestrzega\u0107 podczas gromadzenia, przetwarzania i przechowywania danych osobowych. Gwarantuje ona r\u00f3wnie\u017c prawa osobom, kt\u00f3rych dane dotycz\u0105.<\/p>\r\n<p>Wi\u0119cej informacji mo\u017cna znale\u017a\u0107 na stronie : <a href=\"https:\/\/hifi-filter.com\/pl\/polityka-prywatnosci\/\"><span style=\"text-decoration: underline;\"><strong>polityka prywatno\u015bci<\/strong><\/span><\/a><\/p>\r\n<p>&nbsp;<\/p>\r\n<p><strong>\/\/\/ T\u0142umaczenie komunikat\u00f3w prawnych<\/strong><\/p>\r\n<p>Nasze informacje prawne s\u0105 t\u0142umaczone w spos\u00f3b jak najbardziej wiarygodny, ale tylko wersja francuska jest wi\u0105\u017c\u0105ca dla umowy, zw\u0142aszcza w przypadku r\u00f3\u017cnic w interpretacji.<\/p>            <\/div>\r\n<\/div>\r\n\r\n","protected":false},"excerpt":{"rendered":"","protected":false},"author":1,"featured_media":0,"parent":0,"menu_order":198,"comment_status":"closed","ping_status":"closed","template":"","meta":{"_acf_changed":false,"footnotes":""},"acf":[],"yoast_head":"<!-- This site is optimized with the Yoast SEO plugin v22.2 - https:\/\/yoast.com\/wordpress\/plugins\/seo\/ -->\n<title>Informacje prawne | HIFI FILTER<\/title>\n<meta name=\"description\" content=\"Votre partenaire en filtration HIFI FILTER, la marque leader des filtres compatibles\" \/>\n<meta name=\"robots\" content=\"noindex, nofollow\" \/>\n<script type=\"application\/ld+json\" class=\"yoast-schema-graph\">{\"@context\":\"https:\/\/schema.org\",\"@graph\":[{\"@type\":\"WebPage\",\"@id\":\"https:\/\/hifi-filter.com\/pl\/informacje-prawne\/\",\"url\":\"https:\/\/hifi-filter.com\/pl\/informacje-prawne\/\",\"name\":\"Informacje prawne | HIFI FILTER\",\"isPartOf\":{\"@id\":\"https:\/\/hifi-filter.com\/pl\/#website\"},\"datePublished\":\"2021-11-04T12:25:21+00:00\",\"dateModified\":\"2026-02-27T07:13:48+00:00\",\"breadcrumb\":{\"@id\":\"https:\/\/hifi-filter.com\/pl\/informacje-prawne\/#breadcrumb\"},\"inLanguage\":\"pl-PL\",\"potentialAction\":[{\"@type\":\"ReadAction\",\"target\":[\"https:\/\/hifi-filter.com\/pl\/informacje-prawne\/\"]}]},{\"@type\":\"BreadcrumbList\",\"@id\":\"https:\/\/hifi-filter.com\/pl\/informacje-prawne\/#breadcrumb\",\"itemListElement\":[{\"@type\":\"ListItem\",\"position\":1,\"name\":\"Home\",\"item\":\"https:\/\/hifi-filter.com\/pl\/\"},{\"@type\":\"ListItem\",\"position\":2,\"name\":\"Informacje prawne\"}]},{\"@type\":\"WebSite\",\"@id\":\"https:\/\/hifi-filter.com\/pl\/#website\",\"url\":\"https:\/\/hifi-filter.com\/pl\/\",\"name\":\"HIFI FILTER\",\"description\":\"Your partner in filtration &amp; separation\",\"publisher\":{\"@id\":\"https:\/\/hifi-filter.com\/pl\/#organization\"},\"potentialAction\":[{\"@type\":\"SearchAction\",\"target\":{\"@type\":\"EntryPoint\",\"urlTemplate\":\"https:\/\/hifi-filter.com\/pl\/?s={search_term_string}\"},\"query-input\":\"required name=search_term_string\"}],\"inLanguage\":\"pl-PL\"},{\"@type\":\"Organization\",\"@id\":\"https:\/\/hifi-filter.com\/pl\/#organization\",\"name\":\"HIFI FILTER\",\"url\":\"https:\/\/hifi-filter.com\/pl\/\",\"logo\":{\"@type\":\"ImageObject\",\"inLanguage\":\"pl-PL\",\"@id\":\"https:\/\/hifi-filter.com\/pl\/#\/schema\/logo\/image\/\",\"url\":\"https:\/\/hifi-filter.com\/wp-content\/uploads\/2021\/11\/cropped-Favicon-HIFI-FILTER-1.png\",\"contentUrl\":\"https:\/\/hifi-filter.com\/wp-content\/uploads\/2021\/11\/cropped-Favicon-HIFI-FILTER-1.png\",\"width\":190,\"height\":190,\"caption\":\"HIFI FILTER\"},\"image\":{\"@id\":\"https:\/\/hifi-filter.com\/pl\/#\/schema\/logo\/image\/\"},\"sameAs\":[\"https:\/\/www.facebook.com\/hififilter.group\",\"https:\/\/www.linkedin.com\/company\/hififilter\/\"]}]}<\/script>\n<!-- \/ Yoast SEO plugin. -->","yoast_head_json":{"title":"Informacje prawne | HIFI FILTER","description":"Votre partenaire en filtration HIFI FILTER, la marque leader des filtres compatibles","robots":{"index":"noindex","follow":"nofollow"},"schema":{"@context":"https:\/\/schema.org","@graph":[{"@type":"WebPage","@id":"https:\/\/hifi-filter.com\/pl\/informacje-prawne\/","url":"https:\/\/hifi-filter.com\/pl\/informacje-prawne\/","name":"Informacje prawne | HIFI FILTER","isPartOf":{"@id":"https:\/\/hifi-filter.com\/pl\/#website"},"datePublished":"2021-11-04T12:25:21+00:00","dateModified":"2026-02-27T07:13:48+00:00","breadcrumb":{"@id":"https:\/\/hifi-filter.com\/pl\/informacje-prawne\/#breadcrumb"},"inLanguage":"pl-PL","potentialAction":[{"@type":"ReadAction","target":["https:\/\/hifi-filter.com\/pl\/informacje-prawne\/"]}]},{"@type":"BreadcrumbList","@id":"https:\/\/hifi-filter.com\/pl\/informacje-prawne\/#breadcrumb","itemListElement":[{"@type":"ListItem","position":1,"name":"Home","item":"https:\/\/hifi-filter.com\/pl\/"},{"@type":"ListItem","position":2,"name":"Informacje prawne"}]},{"@type":"WebSite","@id":"https:\/\/hifi-filter.com\/pl\/#website","url":"https:\/\/hifi-filter.com\/pl\/","name":"HIFI FILTER","description":"Your partner in filtration &amp; separation","publisher":{"@id":"https:\/\/hifi-filter.com\/pl\/#organization"},"potentialAction":[{"@type":"SearchAction","target":{"@type":"EntryPoint","urlTemplate":"https:\/\/hifi-filter.com\/pl\/?s={search_term_string}"},"query-input":"required name=search_term_string"}],"inLanguage":"pl-PL"},{"@type":"Organization","@id":"https:\/\/hifi-filter.com\/pl\/#organization","name":"HIFI FILTER","url":"https:\/\/hifi-filter.com\/pl\/","logo":{"@type":"ImageObject","inLanguage":"pl-PL","@id":"https:\/\/hifi-filter.com\/pl\/#\/schema\/logo\/image\/","url":"https:\/\/hifi-filter.com\/wp-content\/uploads\/2021\/11\/cropped-Favicon-HIFI-FILTER-1.png","contentUrl":"https:\/\/hifi-filter.com\/wp-content\/uploads\/2021\/11\/cropped-Favicon-HIFI-FILTER-1.png","width":190,"height":190,"caption":"HIFI FILTER"},"image":{"@id":"https:\/\/hifi-filter.com\/pl\/#\/schema\/logo\/image\/"},"sameAs":["https:\/\/www.facebook.com\/hififilter.group","https:\/\/www.linkedin.com\/company\/hififilter\/"]}]}},"_links":{"self":[{"href":"https:\/\/hifi-filter.com\/pl\/wp-json\/wp\/v2\/pages\/18379"}],"collection":[{"href":"https:\/\/hifi-filter.com\/pl\/wp-json\/wp\/v2\/pages"}],"about":[{"href":"https:\/\/hifi-filter.com\/pl\/wp-json\/wp\/v2\/types\/page"}],"author":[{"embeddable":true,"href":"https:\/\/hifi-filter.com\/pl\/wp-json\/wp\/v2\/users\/1"}],"replies":[{"embeddable":true,"href":"https:\/\/hifi-filter.com\/pl\/wp-json\/wp\/v2\/comments?post=18379"}],"version-history":[{"count":25,"href":"https:\/\/hifi-filter.com\/pl\/wp-json\/wp\/v2\/pages\/18379\/revisions"}],"predecessor-version":[{"id":34659,"href":"https:\/\/hifi-filter.com\/pl\/wp-json\/wp\/v2\/pages\/18379\/revisions\/34659"}],"wp:attachment":[{"href":"https:\/\/hifi-filter.com\/pl\/wp-json\/wp\/v2\/media?parent=18379"}],"curies":[{"name":"wp","href":"https:\/\/api.w.org\/{rel}","templated":true}]}}