{"id":18786,"date":"2021-08-24T13:21:09","date_gmt":"2021-08-24T11:21:09","guid":{"rendered":"https:\/\/hifi-filter.sitendev.com\/home-page\/"},"modified":"2022-11-15T15:55:31","modified_gmt":"2022-11-15T14:55:31","slug":"home-page","status":"publish","type":"page","link":"https:\/\/hifi-filter.com\/pl\/","title":{"rendered":"Homepage"},"content":{"rendered":"","protected":false},"excerpt":{"rendered":"","protected":false},"author":1,"featured_media":0,"parent":0,"menu_order":26,"comment_status":"closed","ping_status":"closed","template":"pages\/homepage.php","meta":{"_acf_changed":false,"footnotes":""},"acf":[],"yoast_head":"<!-- This site is optimized with the Yoast SEO plugin v22.2 - https:\/\/yoast.com\/wordpress\/plugins\/seo\/ -->\n<title>HIFI FILTER | Tw\u00f3j partner w dziedzinie filtracji i separacji<\/title>\n<meta name=\"description\" content=\"HIFI FILTER, wiod\u0105ca marka kompatybilnych filtr\u00f3w, jest Twoim partnerem w dziedzinie filtracji i separacji. \u0141\u0105czymy najbardziej zr\u00f3\u017cnicowan\u0105 na \u015bwiecie gam\u0119 filtr\u00f3w z wysokiej jako\u015bci us\u0142ugami dopasowanymi do ka\u017cdych potrzeb.\" \/>\n<meta name=\"robots\" content=\"index, follow, max-snippet:-1, max-image-preview:large, max-video-preview:-1\" \/>\n<link rel=\"canonical\" href=\"https:\/\/hifi-filter.com\/pl\/\" \/>\n<script type=\"application\/ld+json\" class=\"yoast-schema-graph\">{\"@context\":\"https:\/\/schema.org\",\"@graph\":[{\"@type\":\"WebPage\",\"@id\":\"https:\/\/hifi-filter.com\/pl\/\",\"url\":\"https:\/\/hifi-filter.com\/pl\/\",\"name\":\"HIFI FILTER | Tw\u00f3j partner w dziedzinie filtracji i separacji\",\"isPartOf\":{\"@id\":\"https:\/\/hifi-filter.com\/pl\/#website\"},\"datePublished\":\"2021-08-24T11:21:09+00:00\",\"dateModified\":\"2022-11-15T14:55:31+00:00\",\"description\":\"HIFI FILTER, wiod\u0105ca marka kompatybilnych filtr\u00f3w, jest Twoim partnerem w dziedzinie filtracji i separacji. \u0141\u0105czymy najbardziej zr\u00f3\u017cnicowan\u0105 na \u015bwiecie gam\u0119 filtr\u00f3w z wysokiej jako\u015bci us\u0142ugami dopasowanymi do ka\u017cdych potrzeb.\",\"breadcrumb\":{\"@id\":\"https:\/\/hifi-filter.com\/pl\/#breadcrumb\"},\"inLanguage\":\"pl-PL\",\"potentialAction\":[{\"@type\":\"ReadAction\",\"target\":[\"https:\/\/hifi-filter.com\/pl\/\"]}]},{\"@type\":\"BreadcrumbList\",\"@id\":\"https:\/\/hifi-filter.com\/pl\/#breadcrumb\",\"itemListElement\":[{\"@type\":\"ListItem\",\"position\":1,\"name\":\"Home\",\"item\":\"https:\/\/hifi-filter.com\/pl\/\"},{\"@type\":\"ListItem\",\"position\":2,\"name\":\"Homepage\"}]},{\"@type\":\"WebSite\",\"@id\":\"https:\/\/hifi-filter.com\/pl\/#website\",\"url\":\"https:\/\/hifi-filter.com\/pl\/\",\"name\":\"HIFI FILTER\",\"description\":\"Your partner in filtration &amp; separation\",\"publisher\":{\"@id\":\"https:\/\/hifi-filter.com\/pl\/#organization\"},\"potentialAction\":[{\"@type\":\"SearchAction\",\"target\":{\"@type\":\"EntryPoint\",\"urlTemplate\":\"https:\/\/hifi-filter.com\/pl\/?s={search_term_string}\"},\"query-input\":\"required name=search_term_string\"}],\"inLanguage\":\"pl-PL\"},{\"@type\":\"Organization\",\"@id\":\"https:\/\/hifi-filter.com\/pl\/#organization\",\"name\":\"HIFI FILTER\",\"url\":\"https:\/\/hifi-filter.com\/pl\/\",\"logo\":{\"@type\":\"ImageObject\",\"inLanguage\":\"pl-PL\",\"@id\":\"https:\/\/hifi-filter.com\/pl\/#\/schema\/logo\/image\/\",\"url\":\"https:\/\/hifi-filter.com\/wp-content\/uploads\/2021\/11\/cropped-Favicon-HIFI-FILTER-1.png\",\"contentUrl\":\"https:\/\/hifi-filter.com\/wp-content\/uploads\/2021\/11\/cropped-Favicon-HIFI-FILTER-1.png\",\"width\":190,\"height\":190,\"caption\":\"HIFI FILTER\"},\"image\":{\"@id\":\"https:\/\/hifi-filter.com\/pl\/#\/schema\/logo\/image\/\"},\"sameAs\":[\"https:\/\/www.facebook.com\/hififilter.group\",\"https:\/\/www.linkedin.com\/company\/hififilter\/\"]}]}<\/script>\n<!-- \/ Yoast SEO plugin. -->","yoast_head_json":{"title":"HIFI FILTER | Tw\u00f3j partner w dziedzinie filtracji i separacji","description":"HIFI FILTER, wiod\u0105ca marka kompatybilnych filtr\u00f3w, jest Twoim partnerem w dziedzinie filtracji i separacji. \u0141\u0105czymy najbardziej zr\u00f3\u017cnicowan\u0105 na \u015bwiecie gam\u0119 filtr\u00f3w z wysokiej jako\u015bci us\u0142ugami dopasowanymi do ka\u017cdych potrzeb.","robots":{"index":"index","follow":"follow","max-snippet":"max-snippet:-1","max-image-preview":"max-image-preview:large","max-video-preview":"max-video-preview:-1"},"canonical":"https:\/\/hifi-filter.com\/pl\/","schema":{"@context":"https:\/\/schema.org","@graph":[{"@type":"WebPage","@id":"https:\/\/hifi-filter.com\/pl\/","url":"https:\/\/hifi-filter.com\/pl\/","name":"HIFI FILTER | Tw\u00f3j partner w dziedzinie filtracji i separacji","isPartOf":{"@id":"https:\/\/hifi-filter.com\/pl\/#website"},"datePublished":"2021-08-24T11:21:09+00:00","dateModified":"2022-11-15T14:55:31+00:00","description":"HIFI FILTER, wiod\u0105ca marka kompatybilnych filtr\u00f3w, jest Twoim partnerem w dziedzinie filtracji i separacji. \u0141\u0105czymy najbardziej zr\u00f3\u017cnicowan\u0105 na \u015bwiecie gam\u0119 filtr\u00f3w z wysokiej jako\u015bci us\u0142ugami dopasowanymi do ka\u017cdych potrzeb.","breadcrumb":{"@id":"https:\/\/hifi-filter.com\/pl\/#breadcrumb"},"inLanguage":"pl-PL","potentialAction":[{"@type":"ReadAction","target":["https:\/\/hifi-filter.com\/pl\/"]}]},{"@type":"BreadcrumbList","@id":"https:\/\/hifi-filter.com\/pl\/#breadcrumb","itemListElement":[{"@type":"ListItem","position":1,"name":"Home","item":"https:\/\/hifi-filter.com\/pl\/"},{"@type":"ListItem","position":2,"name":"Homepage"}]},{"@type":"WebSite","@id":"https:\/\/hifi-filter.com\/pl\/#website","url":"https:\/\/hifi-filter.com\/pl\/","name":"HIFI FILTER","description":"Your partner in filtration &amp; separation","publisher":{"@id":"https:\/\/hifi-filter.com\/pl\/#organization"},"potentialAction":[{"@type":"SearchAction","target":{"@type":"EntryPoint","urlTemplate":"https:\/\/hifi-filter.com\/pl\/?s={search_term_string}"},"query-input":"required name=search_term_string"}],"inLanguage":"pl-PL"},{"@type":"Organization","@id":"https:\/\/hifi-filter.com\/pl\/#organization","name":"HIFI FILTER","url":"https:\/\/hifi-filter.com\/pl\/","logo":{"@type":"ImageObject","inLanguage":"pl-PL","@id":"https:\/\/hifi-filter.com\/pl\/#\/schema\/logo\/image\/","url":"https:\/\/hifi-filter.com\/wp-content\/uploads\/2021\/11\/cropped-Favicon-HIFI-FILTER-1.png","contentUrl":"https:\/\/hifi-filter.com\/wp-content\/uploads\/2021\/11\/cropped-Favicon-HIFI-FILTER-1.png","width":190,"height":190,"caption":"HIFI FILTER"},"image":{"@id":"https:\/\/hifi-filter.com\/pl\/#\/schema\/logo\/image\/"},"sameAs":["https:\/\/www.facebook.com\/hififilter.group","https:\/\/www.linkedin.com\/company\/hififilter\/"]}]}},"_links":{"self":[{"href":"https:\/\/hifi-filter.com\/pl\/wp-json\/wp\/v2\/pages\/18786"}],"collection":[{"href":"https:\/\/hifi-filter.com\/pl\/wp-json\/wp\/v2\/pages"}],"about":[{"href":"https:\/\/hifi-filter.com\/pl\/wp-json\/wp\/v2\/types\/page"}],"author":[{"embeddable":true,"href":"https:\/\/hifi-filter.com\/pl\/wp-json\/wp\/v2\/users\/1"}],"replies":[{"embeddable":true,"href":"https:\/\/hifi-filter.com\/pl\/wp-json\/wp\/v2\/comments?post=18786"}],"version-history":[{"count":13,"href":"https:\/\/hifi-filter.com\/pl\/wp-json\/wp\/v2\/pages\/18786\/revisions"}],"predecessor-version":[{"id":29354,"href":"https:\/\/hifi-filter.com\/pl\/wp-json\/wp\/v2\/pages\/18786\/revisions\/29354"}],"wp:attachment":[{"href":"https:\/\/hifi-filter.com\/pl\/wp-json\/wp\/v2\/media?parent=18786"}],"curies":[{"name":"wp","href":"https:\/\/api.w.org\/{rel}","templated":true}]}}