{"id":46691,"date":"2025-06-23T15:04:09","date_gmt":"2025-06-23T13:04:09","guid":{"rendered":"https:\/\/hifi-filter.com\/nos-engagements\/"},"modified":"2026-02-25T09:28:18","modified_gmt":"2026-02-25T08:28:18","slug":"nasze-zobowiazania","status":"publish","type":"page","link":"https:\/\/hifi-filter.com\/pl\/nasze-zobowiazania\/","title":{"rendered":"Nasze zobowi\u0105zania"},"content":{"rendered":"<div class=\"Quote red-background\" data-component-id=\"Quote\">\n    <div class=\"Quote-text\"><span class=\"Quote-sign\">\u201c<\/span>Ci\u0105g\u0142e doskonalenie jest podstaw\u0105 naszej dzia\u0142alno\u015bci. Kieruje nasz\u0105 organizacj\u0105, metodami pracy i relacjami z klientami.<span class=\"Quote-sign\">\u201c<\/span><\/div>\n    <p class=\"Quote-author\">\/\/\/<\/p>\n<\/div>\n\n<div class=\"Introduction\" data-component-id=\"Introduction\">\n    <h3 class=\"AppTitle h1 theme-reverse\"><\/h3>\n    <h2 class=\"AppTitle h1 theme-highlight\">Zarz\u0105dzanie jako\u015bci\u0105<\/h2>\n    <div class=\"AppText\">Nasza organizacja opiera si\u0119 na <strong>jasnych, ewoluuj\u0105cych i zharmonizowanych procesach<\/strong>, dostosowanych do lokalnej specyfiki ka\u017cdego podmiotu HIFI FILTER\u00ae. Taka struktura pozwala nam <strong>zapewni\u0107 niezawodno\u015b\u0107 naszych us\u0142ug, uwa\u017cnie s\u0142ucha\u0107 naszych klient\u00f3w i stale ulepsza\u0107 nasze dzia\u0142ania<\/strong>.<\/div>\n<\/div>\n\n<div class=\"ArticleEdito reverse\" data-component-id=\"ArticleEdito\">\r\n    <div class=\"ArticleEdito-content\">\r\n        <h2 class=\"ArticleEdito-title\">Certyfikat ISO 9001<\/h2>        <div class=\"ArticleEdito-text AppText AppScrollbar\">Certyfikat <strong>ISO 9001<\/strong> odzwierciedla nasze d\u0105\u017cenie do sformalizowania i ci\u0105g\u0142ego doskonalenia naszych zobowi\u0105za\u0144 w zakresie jako\u015bci. Za\u015bwiadcza on, \u017ce nasza organizacja spe\u0142nia mi\u0119dzynarodowe wymagania w zakresie <strong>satysfakcji klienta, kontroli proces\u00f3w i zr\u00f3wnowa\u017conej wydajno\u015bci<\/strong>.\r\n\r\nCo z tego b\u0119dziesz mia\u0142?\r\n<ul>\r\n \t<li><strong>Niezawodno\u015b\u0107:<\/strong> sp\u00f3jne produkty i us\u0142ugi oparte na kontrolowanych procesach<\/li>\r\n \t<li><strong>Otwarto\u015b\u0107:<\/strong> ci\u0105g\u0142e zwracanie uwagi na informacje zwrotne<\/li>\r\n \t<li><strong>Bezpiecze\u0144stwo:<\/strong> dostawy zgodne z przepisami i rygorystyczne monitorowanie<\/li>\r\n \t<li><strong>Responsywno\u015b\u0107:<\/strong> zespo\u0142y zmobilizowane do spe\u0142nienia Twoich potrzeb<\/li>\r\n<\/ul><\/div>\r\n            <\/div>\r\n    <div class=\"Image ArticleEdito-image\" data-component-id=\"image\">\r\n        <picture>\r\n            <img class=\"lazyload\" data-src=\"https:\/\/hifi-filter.com\/wp-content\/uploads\/2025\/06\/ISO-9001-LR.jpg\" width=\"1440\" height=\"800\"\r\n                alt=\"Image non trouv\u00e9e\" draggable=\"false\">\r\n        <\/picture>\r\n    <\/div>\r\n<\/div>\n\n<div class=\"Text1Column\" data-component-id=\"Text1Column\">\r\n    <h2 class=\"Text1Column-title\">Zak\u0142ady posiadaj\u0105ce certyfikat ISO 9001<\/h2>        <div class=\"Text1Column-text AppText\"><ul>\r\n \t<li><strong>HIFI GROUP SA<\/strong> \u2013 Siedziba Grupy (Cernier, Szwajcaria): <span style=\"text-decoration: underline;\"><a href=\"https:\/\/hifi-filter.com\/wp-content\/uploads\/2025\/07\/GROUP_Certificat-ISO-9001-2025-2028_EN_with-password.pdf\">Pobierz certyfikat (EN)<\/a>,<\/span> <span style=\"text-decoration: underline;\"><a href=\"https:\/\/hifi-filter.com\/wp-content\/uploads\/2025\/06\/GROUP_Certificat-ISO-9001-2025-2028_FR_-with-password.pdf\">Pobierz certyfikat (FR)<\/a><\/span><\/li>\r\n \t<li><strong>HIFI FILTER SA<\/strong> \u2013 Sp\u00f3\u0142ka dystrybucyjna (Cernier, Szwajcaria): <span style=\"text-decoration: underline;\"><a href=\"https:\/\/hifi-filter.com\/wp-content\/uploads\/2025\/07\/GROUP_Certificat-ISO-9001-2025-2028_EN_with-password.pdf\">Pobierz certyfikat (EN)<\/a>,<\/span> <a href=\"https:\/\/hifi-filter.com\/wp-content\/uploads\/2025\/06\/GROUP_Certificat-ISO-9001-2025-2028_FR_-with-password.pdf\"><span style=\"text-decoration: underline;\">Pobierz certyfikat (FR)<\/span><\/a><\/li>\r\n \t<li><strong>HIFI FILTER SA<\/strong> \u2013 Sp\u00f3\u0142ka dystrybucyjna (Zurych, Szwajcaria): <span style=\"text-decoration: underline;\"><a href=\"https:\/\/hifi-filter.com\/wp-content\/uploads\/2025\/07\/GROUP_Certificat-ISO-9001-2025-2028_EN_with-password.pdf\">Pobierz certyfikat (EN)<\/a>,<\/span> <a href=\"https:\/\/hifi-filter.com\/wp-content\/uploads\/2025\/06\/GROUP_Certificat-ISO-9001-2025-2028_FR_-with-password.pdf\"><span style=\"text-decoration: underline;\">Pobierz certyfikat (FR)<\/span><\/a><\/li>\r\n \t<li><strong>HIFI FILTER FRANCE SAS<\/strong> \u2013 Sp\u00f3\u0142ka dystrybucyjna (Pontarlier, Francja): <span style=\"text-decoration: underline;\"><a href=\"https:\/\/hifi-filter.com\/wp-content\/uploads\/2025\/07\/GROUP_Certificat-ISO-9001-2025-2028_EN_with-password.pdf\">Pobierz certyfikat (EN)<\/a>,<\/span> <span style=\"text-decoration: underline;\"><a href=\"https:\/\/hifi-filter.com\/wp-content\/uploads\/2025\/06\/GROUP_Certificat-ISO-9001-2025-2028_FR_-with-password.pdf\">Pobierz certyfikat (FR)<\/a><\/span><\/li>\r\n \t<li><strong>HIFI FILTER ROM S.R.L<\/strong> \u2013 Sp\u00f3\u0142ka dystrybucyjna (Otopeni, Rumunia): <a href=\"https:\/\/hifi-filter.com\/wp-content\/uploads\/2025\/06\/RO-ISO-9001_2015_valabil-21.11.2025-with-password.pdf\"><span style=\"text-decoration: underline;\">Pobierz certyfikat<\/span><\/a><\/li>\r\n \t<li><strong>HIFI FILTER IBERIA S.L.<\/strong> \u2013 Sp\u00f3\u0142ka dystrybucyjna (Alcal\u00e1 de Henares, Hiszpania) : <a href=\"https:\/\/hifi-filter.com\/wp-content\/uploads\/2025\/06\/ES_ISO9001-with-password.pdf\"><span style=\"text-decoration: underline;\">Pobierz certyfikat<\/span><\/a><\/li>\r\n \t<li><strong>HIFI FILTER IBERIA S.L.<\/strong> \u2013 Sp\u00f3\u0142ka dystrybucyjna (Calafell, Hiszpania) : <a href=\"https:\/\/hifi-filter.com\/wp-content\/uploads\/2025\/06\/ES_ISO9001-with-password.pdf\"><span style=\"text-decoration: underline;\">Pobierz certyfikat<\/span><\/a><\/li>\r\n \t<li><b>HIFI FILTER IBERIA S.L.<\/b> \u2013 Polityka jako\u015bci i ochrony \u015brodowiska: <a href=\"https:\/\/hifi-filter.com\/wp-content\/uploads\/2026\/02\/ES_Politica-de-calidad-y-medio-ambiente-with-password.pdf\">Pobierz<\/a><\/li>\r\n \t<li><strong>FILVENT (PTY) LTD<\/strong> \u2013 Sp\u00f3\u0142ka dystrybucyjna (Witbank, Republika Po\u0142udniowej Afryki) : <a href=\"https:\/\/hifi-filter.com\/wp-content\/uploads\/2025\/06\/ZA-FILVENT_ISO9001-with-password.pdf\"><span style=\"text-decoration: underline;\">Pobierz certyfikat<\/span><\/a><\/li>\r\n<\/ul>            <\/div>\r\n<\/div>\r\n\r\n\n\n<div class=\"Introduction\" data-component-id=\"Introduction\">\n    <h3 class=\"AppTitle h1 theme-reverse\"><\/h3>\n    <h2 class=\"AppTitle h1 theme-highlight\">\u015arodowisko<\/h2>\n    <div class=\"AppText\">Nasze zaanga\u017cowanie w ochron\u0119 \u015brodowiska opiera si\u0119 na <strong>konkretnych, wymiernych dzia\u0142aniach<\/strong>, kt\u00f3re s\u0105 zintegrowane ze wszystkimi naszymi procesami. Poprzez ustrukturyzowanie naszego podej\u015bcia wok\u00f3\u0142 uznanych wzorc\u00f3w, zapewniamy, <strong>\u017ce przyczyniamy si\u0119 do ochrony zasob\u00f3w, zmniejszenia naszego \u015bladu ekologicznego i ci\u0105g\u0142ej poprawy naszych wynik\u00f3w w zakresie ochrony \u015brodowiska.<\/strong><\/div>\n<\/div>\n\n<div class=\"ArticleEdito\" data-component-id=\"ArticleEdito\">\r\n    <div class=\"ArticleEdito-content\">\r\n        <h2 class=\"ArticleEdito-title\">Certyfikat ISO 14001<\/h2>        <div class=\"ArticleEdito-text AppText AppScrollbar\">Certyfikat<strong> ISO 14001<\/strong> potwierdza nasze zaanga\u017cowanie w ochron\u0119 \u015brodowiska. Jest on cz\u0119\u015bci\u0105 <strong>ustrukturyzowanego podej\u015bcia do zarz\u0105dzania \u015brodowiskowego<\/strong>, maj\u0105cego na celu zmniejszenie naszego wp\u0142ywu na \u015brodowisko przy jednoczesnym ci\u0105g\u0142ym doskonaleniu naszych wewn\u0119trznych praktyk.\r\n\r\nTen mi\u0119dzynarodowy standard zapewnia jasne ramy dla :\r\n<ul>\r\n \t<li>Identyfikowania i zmniejszania wp\u0142ywu naszych dzia\u0142a\u0144 na \u015brodowisko,<\/li>\r\n \t<li>Efektywngo wykorzystania zasob\u00f3w,<\/li>\r\n \t<li>Ograniczania ilo\u015bci odpad\u00f3w,<\/li>\r\n \t<li>Przewidywania zmian regulacyjnych.<\/li>\r\n<\/ul>\r\n\u015awiadczy to o naszej determinacji, by aktywnie przyczynia\u0107 si\u0119 do ochrony zasob\u00f3w naturalnych, przeciwdzia\u0142ania zmianom klimatycznym i ochrony bior\u00f3\u017cnorodno\u015bci.<\/div>\r\n            <\/div>\r\n    <div class=\"Image ArticleEdito-image\" data-component-id=\"image\">\r\n        <picture>\r\n            <img class=\"lazyload\" data-src=\"https:\/\/hifi-filter.com\/wp-content\/uploads\/2025\/06\/ISO-14001-LR.jpg\" width=\"1440\" height=\"800\"\r\n                alt=\"Image non trouv\u00e9e\" draggable=\"false\">\r\n        <\/picture>\r\n    <\/div>\r\n<\/div>\n\n<div class=\"Text1Column\" data-component-id=\"Text1Column\">\r\n    <h2 class=\"Text1Column-title\">Zak\u0142ady posiadaj\u0105ce certyfikat ISO 14001<\/h2>        <div class=\"Text1Column-text AppText\"><ul>\r\n \t<li><strong>HIFI FILTER ROM S.R.L<\/strong> \u2013 Firma dystrybucyjna (Otopeni, Rumunia): <a href=\"https:\/\/hifi-filter.com\/wp-content\/uploads\/2025\/06\/RO-ISO-14001_2015_valabil-09.11.2025-with-password.pdf\"><span style=\"text-decoration: underline;\">Pobierz certyfikat<\/span><\/a><\/li>\r\n \t<li><strong>HIFI FILTER IBERIA S.L.<\/strong> \u2013 Sp\u00f3\u0142ka dystrybucyjna (Alcal\u00e1 de Henares, Hiszpania): <a href=\"https:\/\/hifi-filter.com\/wp-content\/uploads\/2025\/06\/ES_ISO14001-with-password.pdf\"><span style=\"text-decoration: underline;\">Pobierz certyfikat<\/span><\/a><\/li>\r\n \t<li><strong>HIFI FILTER IBERIA S.L.<\/strong> \u2013 Jednostka dystrybucyjna (Calafell, Hiszpania) : <a href=\"https:\/\/hifi-filter.com\/wp-content\/uploads\/2025\/06\/ES_ISO14001-with-password.pdf\"><span style=\"text-decoration: underline;\">Pobierz certyfikat<\/span><\/a><\/li>\r\n \t<li><b>HIFI FILTER IBERIA S.L.<\/b> \u2013 Polityka jako\u015bci i ochrony \u015brodowiska: <a href=\"https:\/\/hifi-filter.com\/wp-content\/uploads\/2026\/02\/ES_Politica-de-calidad-y-medio-ambiente-with-password.pdf\">Pobierz<\/a><\/li>\r\n<\/ul>            <\/div>\r\n<\/div>\r\n\r\n","protected":false},"excerpt":{"rendered":"","protected":false},"author":7,"featured_media":46488,"parent":0,"menu_order":33,"comment_status":"closed","ping_status":"closed","template":"","meta":{"_acf_changed":false,"footnotes":""},"acf":[],"yoast_head":"<!-- This site is optimized with the Yoast SEO plugin v22.2 - https:\/\/yoast.com\/wordpress\/plugins\/seo\/ -->\n<title>Nasze zobowi\u0105zania | HIFI FILTER<\/title>\n<meta name=\"description\" content=\"Votre partenaire en filtration HIFI FILTER, la marque leader des filtres compatibles\" \/>\n<meta name=\"robots\" content=\"index, follow, max-snippet:-1, max-image-preview:large, max-video-preview:-1\" \/>\n<link rel=\"canonical\" href=\"https:\/\/hifi-filter.com\/pl\/nasze-zobowiazania\/\" \/>\n<meta name=\"twitter:label1\" content=\"Szacowany czas czytania\" \/>\n\t<meta name=\"twitter:data1\" content=\"1 minuta\" \/>\n<script type=\"application\/ld+json\" class=\"yoast-schema-graph\">{\"@context\":\"https:\/\/schema.org\",\"@graph\":[{\"@type\":\"WebPage\",\"@id\":\"https:\/\/hifi-filter.com\/pl\/nasze-zobowiazania\/\",\"url\":\"https:\/\/hifi-filter.com\/pl\/nasze-zobowiazania\/\",\"name\":\"Nasze zobowi\u0105zania | HIFI FILTER\",\"isPartOf\":{\"@id\":\"https:\/\/hifi-filter.com\/pl\/#website\"},\"primaryImageOfPage\":{\"@id\":\"https:\/\/hifi-filter.com\/pl\/nasze-zobowiazania\/#primaryimage\"},\"image\":{\"@id\":\"https:\/\/hifi-filter.com\/pl\/nasze-zobowiazania\/#primaryimage\"},\"thumbnailUrl\":\"https:\/\/hifi-filter.com\/wp-content\/uploads\/2025\/06\/Banner-Our-commitment.jpg\",\"datePublished\":\"2025-06-23T13:04:09+00:00\",\"dateModified\":\"2026-02-25T08:28:18+00:00\",\"breadcrumb\":{\"@id\":\"https:\/\/hifi-filter.com\/pl\/nasze-zobowiazania\/#breadcrumb\"},\"inLanguage\":\"pl-PL\",\"potentialAction\":[{\"@type\":\"ReadAction\",\"target\":[\"https:\/\/hifi-filter.com\/pl\/nasze-zobowiazania\/\"]}]},{\"@type\":\"ImageObject\",\"inLanguage\":\"pl-PL\",\"@id\":\"https:\/\/hifi-filter.com\/pl\/nasze-zobowiazania\/#primaryimage\",\"url\":\"https:\/\/hifi-filter.com\/wp-content\/uploads\/2025\/06\/Banner-Our-commitment.jpg\",\"contentUrl\":\"https:\/\/hifi-filter.com\/wp-content\/uploads\/2025\/06\/Banner-Our-commitment.jpg\",\"width\":1440,\"height\":520},{\"@type\":\"BreadcrumbList\",\"@id\":\"https:\/\/hifi-filter.com\/pl\/nasze-zobowiazania\/#breadcrumb\",\"itemListElement\":[{\"@type\":\"ListItem\",\"position\":1,\"name\":\"Home\",\"item\":\"https:\/\/hifi-filter.com\/pl\/\"},{\"@type\":\"ListItem\",\"position\":2,\"name\":\"Nasze zobowi\u0105zania\"}]},{\"@type\":\"WebSite\",\"@id\":\"https:\/\/hifi-filter.com\/pl\/#website\",\"url\":\"https:\/\/hifi-filter.com\/pl\/\",\"name\":\"HIFI FILTER\",\"description\":\"Your partner in filtration &amp; separation\",\"publisher\":{\"@id\":\"https:\/\/hifi-filter.com\/pl\/#organization\"},\"potentialAction\":[{\"@type\":\"SearchAction\",\"target\":{\"@type\":\"EntryPoint\",\"urlTemplate\":\"https:\/\/hifi-filter.com\/pl\/?s={search_term_string}\"},\"query-input\":\"required name=search_term_string\"}],\"inLanguage\":\"pl-PL\"},{\"@type\":\"Organization\",\"@id\":\"https:\/\/hifi-filter.com\/pl\/#organization\",\"name\":\"HIFI FILTER\",\"url\":\"https:\/\/hifi-filter.com\/pl\/\",\"logo\":{\"@type\":\"ImageObject\",\"inLanguage\":\"pl-PL\",\"@id\":\"https:\/\/hifi-filter.com\/pl\/#\/schema\/logo\/image\/\",\"url\":\"https:\/\/hifi-filter.com\/wp-content\/uploads\/2021\/11\/cropped-Favicon-HIFI-FILTER-1.png\",\"contentUrl\":\"https:\/\/hifi-filter.com\/wp-content\/uploads\/2021\/11\/cropped-Favicon-HIFI-FILTER-1.png\",\"width\":190,\"height\":190,\"caption\":\"HIFI FILTER\"},\"image\":{\"@id\":\"https:\/\/hifi-filter.com\/pl\/#\/schema\/logo\/image\/\"},\"sameAs\":[\"https:\/\/www.facebook.com\/hififilter.group\",\"https:\/\/www.linkedin.com\/company\/hififilter\/\"]}]}<\/script>\n<!-- \/ Yoast SEO plugin. -->","yoast_head_json":{"title":"Nasze zobowi\u0105zania | HIFI FILTER","description":"Votre partenaire en filtration HIFI FILTER, la marque leader des filtres compatibles","robots":{"index":"index","follow":"follow","max-snippet":"max-snippet:-1","max-image-preview":"max-image-preview:large","max-video-preview":"max-video-preview:-1"},"canonical":"https:\/\/hifi-filter.com\/pl\/nasze-zobowiazania\/","twitter_misc":{"Szacowany czas czytania":"1 minuta"},"schema":{"@context":"https:\/\/schema.org","@graph":[{"@type":"WebPage","@id":"https:\/\/hifi-filter.com\/pl\/nasze-zobowiazania\/","url":"https:\/\/hifi-filter.com\/pl\/nasze-zobowiazania\/","name":"Nasze zobowi\u0105zania | HIFI FILTER","isPartOf":{"@id":"https:\/\/hifi-filter.com\/pl\/#website"},"primaryImageOfPage":{"@id":"https:\/\/hifi-filter.com\/pl\/nasze-zobowiazania\/#primaryimage"},"image":{"@id":"https:\/\/hifi-filter.com\/pl\/nasze-zobowiazania\/#primaryimage"},"thumbnailUrl":"https:\/\/hifi-filter.com\/wp-content\/uploads\/2025\/06\/Banner-Our-commitment.jpg","datePublished":"2025-06-23T13:04:09+00:00","dateModified":"2026-02-25T08:28:18+00:00","breadcrumb":{"@id":"https:\/\/hifi-filter.com\/pl\/nasze-zobowiazania\/#breadcrumb"},"inLanguage":"pl-PL","potentialAction":[{"@type":"ReadAction","target":["https:\/\/hifi-filter.com\/pl\/nasze-zobowiazania\/"]}]},{"@type":"ImageObject","inLanguage":"pl-PL","@id":"https:\/\/hifi-filter.com\/pl\/nasze-zobowiazania\/#primaryimage","url":"https:\/\/hifi-filter.com\/wp-content\/uploads\/2025\/06\/Banner-Our-commitment.jpg","contentUrl":"https:\/\/hifi-filter.com\/wp-content\/uploads\/2025\/06\/Banner-Our-commitment.jpg","width":1440,"height":520},{"@type":"BreadcrumbList","@id":"https:\/\/hifi-filter.com\/pl\/nasze-zobowiazania\/#breadcrumb","itemListElement":[{"@type":"ListItem","position":1,"name":"Home","item":"https:\/\/hifi-filter.com\/pl\/"},{"@type":"ListItem","position":2,"name":"Nasze zobowi\u0105zania"}]},{"@type":"WebSite","@id":"https:\/\/hifi-filter.com\/pl\/#website","url":"https:\/\/hifi-filter.com\/pl\/","name":"HIFI FILTER","description":"Your partner in filtration &amp; separation","publisher":{"@id":"https:\/\/hifi-filter.com\/pl\/#organization"},"potentialAction":[{"@type":"SearchAction","target":{"@type":"EntryPoint","urlTemplate":"https:\/\/hifi-filter.com\/pl\/?s={search_term_string}"},"query-input":"required name=search_term_string"}],"inLanguage":"pl-PL"},{"@type":"Organization","@id":"https:\/\/hifi-filter.com\/pl\/#organization","name":"HIFI FILTER","url":"https:\/\/hifi-filter.com\/pl\/","logo":{"@type":"ImageObject","inLanguage":"pl-PL","@id":"https:\/\/hifi-filter.com\/pl\/#\/schema\/logo\/image\/","url":"https:\/\/hifi-filter.com\/wp-content\/uploads\/2021\/11\/cropped-Favicon-HIFI-FILTER-1.png","contentUrl":"https:\/\/hifi-filter.com\/wp-content\/uploads\/2021\/11\/cropped-Favicon-HIFI-FILTER-1.png","width":190,"height":190,"caption":"HIFI FILTER"},"image":{"@id":"https:\/\/hifi-filter.com\/pl\/#\/schema\/logo\/image\/"},"sameAs":["https:\/\/www.facebook.com\/hififilter.group","https:\/\/www.linkedin.com\/company\/hififilter\/"]}]}},"_links":{"self":[{"href":"https:\/\/hifi-filter.com\/pl\/wp-json\/wp\/v2\/pages\/46691"}],"collection":[{"href":"https:\/\/hifi-filter.com\/pl\/wp-json\/wp\/v2\/pages"}],"about":[{"href":"https:\/\/hifi-filter.com\/pl\/wp-json\/wp\/v2\/types\/page"}],"author":[{"embeddable":true,"href":"https:\/\/hifi-filter.com\/pl\/wp-json\/wp\/v2\/users\/7"}],"replies":[{"embeddable":true,"href":"https:\/\/hifi-filter.com\/pl\/wp-json\/wp\/v2\/comments?post=46691"}],"version-history":[{"count":14,"href":"https:\/\/hifi-filter.com\/pl\/wp-json\/wp\/v2\/pages\/46691\/revisions"}],"predecessor-version":[{"id":51635,"href":"https:\/\/hifi-filter.com\/pl\/wp-json\/wp\/v2\/pages\/46691\/revisions\/51635"}],"wp:featuredmedia":[{"embeddable":true,"href":"https:\/\/hifi-filter.com\/pl\/wp-json\/wp\/v2\/media\/46488"}],"wp:attachment":[{"href":"https:\/\/hifi-filter.com\/pl\/wp-json\/wp\/v2\/media?parent=46691"}],"curies":[{"name":"wp","href":"https:\/\/api.w.org\/{rel}","templated":true}]}}