{"id":15046,"date":"2021-11-04T10:48:40","date_gmt":"2021-11-04T09:48:40","guid":{"rendered":"https:\/\/hifi-filter.sitendev.com\/cgv-hifi-filter-s-a\/"},"modified":"2021-12-06T09:10:46","modified_gmt":"2021-12-06T08:10:46","slug":"hifi-filter-sa","status":"publish","type":"page","link":"https:\/\/hifi-filter.com\/ro\/conditii-generale-de-vanzare\/hifi-filter-sa\/","title":{"rendered":"Condi\u021bii generale de v\u00e2nzare &#8211; HIFI FILTER S.A."},"content":{"rendered":"<div class=\"Text1Column\" data-component-id=\"Text1Column\">\r\n            <div class=\"Text1Column-text AppText\"><strong>1 &#8211; OPOZABILITATEA CONDI\u0162IILOR GENERALE DE V\u00c2NZARE<\/strong>\r\n\r\nNumai vor guverna v\u00e2nz\u0103rile, cu excluderea condi\u0163iilor generale de cump\u0103rare ale clientului \u015fi toate documentele care eman\u0103 de la acesta, dispozi\u0163iile care figureaz\u0103 \u00een documentele respective fiind anulate de drept \u015fi f\u0103r\u0103 alte formalit\u0103\u0163i. Intrarea \u00een posesia m\u0103rfii implic\u0103 acceptarea acestor condi\u0163ii \u015fi toate comenzile viitoare vor fi supuse acestui cadru juridic.\r\n\r\n<strong>2 &#8211; COMENZILE<\/strong>\r\n\r\nPe toate comenzile trebuie s\u0103 apar\u0103 numele clientului, data, produsul solicitat, cantit\u0103\u0163ile \u015fi pre\u0163urile.\r\nComanda din partea cump\u0103r\u0103torului se consider\u0103 definitiv\u0103 dup\u0103 acceptarea sa de c\u0103tre v\u00e2nz\u0103tor, indiferent dac\u0103 aceasta s-a efectuat telefonic, prin telex, fax sau orice alt\u0103 form\u0103 de comunicare.\r\nClientul este singurul responsabil pentru comenzile lansate, deoarece numai el cunoa\u015fte destina\u0163ia final\u0103 a produsului \u015fi condi\u0163iile de utilizare ale acestuia, probleme pe care, \u00een mod incontestabil, noi nu le putem cunoa\u015fte. \u00cen cazul comenzilor lansate pe baza documenta\u0163iilor puse la dispozi\u0163ia noastr\u0103 pe CD-ROM sau pe h\u00e2rtie, informa\u0163iile, imaginile, fotografiile sau alte nota\u0163ii sunt date doar cu titlu informativ, dat fiind c\u0103 vor putea fi modificate de c\u0103tre fabricant \u00eentre dou\u0103 edi\u0163ii succesive sau pot con\u0163ine gre\u015feli de tip\u0103rire. Aceste informa\u0163ii nu trebuie s\u0103 \u00eenlocuiasc\u0103 \u00eens\u0103 controlul asupra datelor de referin\u0163\u0103 ale fabricantului. \u00cen caz de \u00eendoieli, trebuie s\u0103 ne contacta\u0163i \u00een mod obligatoriu.\r\n\r\n<strong>3 &#8211; SCHIMB\u0102RI INTERVENITE LA CUMP\u0102R\u0102TOR<\/strong>\r\n\r\n\u00cen cazul unor schimb\u0103ri intervenite \u00een situa\u0163ia cump\u0103r\u0103torului, mai ales \u00een caz de deces, de probleme judiciare, lichidare de bunuri, dizolvare sau de modificare a statutului societ\u0103\u0163ii comerciale, ne rezerv\u0103m dreptul, chiar \u015fi \u00een cazul unei execut\u0103ri par\u0163iale a comenzii, de a pretinde garan\u0163ii, sau de a anula soldul comenzilor nelivrate \u00eenc\u0103.\r\n\r\n<strong>4 &#8211; LIVR\u0102RILE<\/strong>\r\n\r\nM\u0103rfurile livrate de v\u00e2nz\u0103tor respect\u0103 toleran\u0163ele fabrican\u0163ilor la toate caracteristicile produsului, \u00een special cele privind dimensiunile \u015fi grosimile. Cunosc\u00e2nd acest principiu, \u00eenainte de instalare, cump\u0103r\u0103torul trebuie s\u0103 verifice adecvarea produsului livrat la nevoile sale.\r\nChiar dac\u0103 sunt expediate franco, m\u0103rfurile noastre c\u0103l\u0103toresc pe riscul \u015fi pe eventualele pierderi ale destinatarului, care, \u00een caz de litigiu, trebuie s\u0103 fac\u0103 toate obiec\u0163iunile necesare vizavi de transportatori, la recep\u0163ia m\u0103rfurilor. Aceste obiec\u0163iuni trebuie confirmate la trei zile dup\u0103 recep\u0163ia m\u0103rfurilor (articolul 105 din Codul comercial), prin scrisoare recomandat\u0103 cu confirmare de primire. Toate livr\u0103rile noastre sunt considerate a fi efectuate pe baza unui contract distinct. \u00cen niciun caz, mai multe livr\u0103ri succesive nu pot constitui un contract continuu. Dimensiunile \u015fi greut\u0103\u0163ile indicate pe listele noastre de pre\u0163uri, cataloage, facturi \u015fi borderouri sunt date doar cu titlu informativ \u015fi nu pot fi invocate la livrarea m\u0103rfii.\r\n\r\n<strong>5 &#8211; RECLAMA\u0162IILE<\/strong>\r\n\r\nTermenele de livrare sunt respectate pe c\u00e2t posibil, dar ele sunt date doar cu titlu informativ \u015fi f\u0103r\u0103 garantarea lor de c\u0103tre v\u00e2nz\u0103tor. \u00cent\u00e2rzierile nu pot justifica \u00een niciun caz anularea comenzii \u015fi nici plata unei desp\u0103gubiri din partea v\u00e2nz\u0103torului.\r\nReclama\u0163iile care nu sunt \u00eenaintate prin scrisoare recomandat\u0103, emis\u0103 la cel mult opt zile de la data recep\u0163ion\u0103rii m\u0103rfii, nu vor fi luate \u00een considerare.\r\nToate evenimentele care afecteaz\u0103 v\u00e2nz\u0103torul, furnizorii sau prestatorii acestuia, prezent\u00e2nd sau nu caracterul juridic al unei for\u0163e majore sau al unui caz fortuit, cum ar fi: oprirea produc\u0163iei, \u00eenchiderea fabricii, r\u0103zboi, inunda\u0163ie, incendiu, accident cu pagube materiale, penurie total\u0103 sau par\u0163ial\u0103 de produse sau de servicii, survenit\u0103 \u00een loca\u0163iile v\u00e2nz\u0103torului sau ale furnizorilor s\u0103i \u015fi care \u00eempiedic\u0103 executarea complet\u0103 sau par\u0163ial\u0103 a comenzii de c\u0103tre v\u00e2nz\u0103tor, suspend\u0103 de drept \u015fi f\u0103r\u0103 alte formalit\u0103\u0163i, obliga\u0163iile v\u00e2nz\u0103torului, el fiind exonerat de drept de orice responsabilitate.\r\n\r\n<strong>6 &#8211; PL\u0102\u0162ILE \u015eI CLAUZA DE P\u0102STRARE A PROPRIET\u0102\u0162II<\/strong>\r\n\r\nPrin pre\u0163urile noastre se \u00een\u0163elege plata imediat\u0103 la recep\u0163ia facturii, \u00een afara cazului c\u00e2nd se stipuleaz\u0103 altfel \u00een scris. Facturile se pot pl\u0103ti la sediul social al societ\u0103\u0163ii noastre. Societatea noastr\u0103 p\u0103streaz\u0103 dreptul de proprietate asupra m\u0103rfurilor v\u00e2ndute p\u00e2n\u0103 la achitarea integral\u0103 a pre\u0163ului. Neplata m\u0103rfurilor poate antrena cererea de restituire a m\u0103rfurilor, pe riscul \u015fi pe eventualele pierderi ale cump\u0103r\u0103torului. Aceste dispozi\u0163ii nu vor \u00eempiedica \u00eens\u0103 transferul riscurilor c\u0103tre cump\u0103r\u0103tor, respectiv riscul de pierdere \u015fi de deteriorare a m\u0103rfurilor v\u00e2ndute, imediat dup\u0103 livrarea lor.\r\nCump\u0103r\u0103torul va suporta toate cheltuielile legale \u015fi judiciare legate de o ac\u0163iune \u00een contencios. Toate facturile \u015fi extrasele neachitate la scaden\u0163\u0103 vor avea suma majorat\u0103 cu penalit\u0103\u0163i de \u00eent\u00e2rziere, calculate la dob\u00e2nda bancar\u0103 de baz\u0103, \u00een vigoare la data factur\u0103rii, majorate cu 2 procente, \u00cen plus, se va percepe o sum\u0103 fix\u0103 de 40 de euro, reprezent\u00e2nd cheltuieli de recuperare (art. D 441-5 din Codul Comercial). Neplata unei livr\u0103ri ne autorizeaz\u0103 la suspendarea expedierilor \u015fi face exigibil\u0103 valoarea produselor speciale, comandate, disponibile sau \u00een curs de fabrica\u0163ie. Neplata la scaden\u0163\u0103 face exigibile imediat toate celelalte crean\u0163e \u00een curs \u015fi conduce la recuperarea m\u0103rfurilor nepl\u0103tite.\r\nDac\u0103 recuperarea pagubelor se face pe calea unei ac\u0163iuni \u00een contencios, sumele datorate v\u00e2nz\u0103torului vor fi majorate de drept cu 15%, cu titlu de penalit\u0103\u0163i, \u00een afar\u0103 de alte drepturi \u015fi taxe cuvenite.\r\n\r\n<strong>7 &#8211; PRE\u0162URI \u015eI MODIFIC\u0102RI<\/strong>\r\n\r\nPre\u0163urile noastre sunt cele \u00een vigoare \u00een momentul recep\u0163iei comenzii lansate pentru o livrare imediat\u0103. Stabilirea pre\u0163urilor ia \u00een cont plecarea de la sediile noastre, cu excep\u0163ia acordului nostru scris. Societatea noastr\u0103 \u00ee\u015fi rezerv\u0103 dreptul de a efectua modificarea pre\u0163urilor \u015fi a tarifelor, f\u0103r\u0103 niciun preaviz.\r\n\r\n<strong>8 &#8211; GARAN\u0162II<\/strong>\r\n\r\nGarant\u0103m calitatea produselor noastre \u00eempotriva oric\u0103rui defect ascuns de fabrica\u0163ie, pe toat\u0103 durata de utilizare recomandat\u0103 de fabricant, dar indiferent de situa\u0163ie, doar maxim 12 luni de la data livr\u0103rii, dac\u0103 se respect\u0103 condi\u0163iile de mai jos.\r\nGaran\u0163ia este anulat\u0103 imediat \u015fi \u00een totalitate dac\u0103 utilizarea produsului este neconform\u0103 cu specifica\u0163iile tehnice sau dac\u0103 clientul modific\u0103, repar\u0103 sau d\u0103 la reparat, f\u0103r\u0103 consim\u0163\u0103m\u00e2ntul nostru, produsul furnizat sau reparat. \u00cenainte de montare se va face \u00een mod obligatoriu o verificare vizual\u0103, pentru a avea convingerea c\u0103 noul filtru este similar cu cel \u00eenlocuit. Toate defec\u0163iunile aparente sunt acoperite de drept prin recep\u0163ia f\u0103r\u0103 obiec\u0163ii a m\u0103rfii de c\u0103tre v\u00e2nz\u0103tor. Dup\u0103 instalarea noului filtru trebuie verificat\u0103 etan\u015feitatea filtrului \u015fi func\u0163ionarea corespunz\u0103toare a motorului.\r\nV\u00e2nz\u0103torul nu poate fi f\u0103cut r\u0103spunz\u0103tor pentru destina\u0163ia \u015fi\/sau condi\u0163iile de utilizare specifice ale m\u0103rfii, c\u00e2t\u0103 vreme acestea nu i-au fost eviden\u0163iate \u00een scris \u00een cadrul comenzii lansate.\r\nGaran\u0163iile noastre, indiferent de natura lor, sunt strict limitate, \u00eenainte de montare, la \u00eenlocuirea filtrelor recunoscute ca fiind defecte, iar dup\u0103 montare, la repararea daunelor materiale sau corporale ap\u0103rute \u00een mod direct din cauza unui defect ascuns al produsului livrat, excluz\u00e2nd de aici toate reclama\u0163iile de natur\u0103 nematerial\u0103, indirect\u0103 sau ap\u0103rute ulterior.\r\nSarcina probei defectului ascuns revine cump\u0103r\u0103torului. Avizarea incident trebuie s\u0103 soseasc\u0103 la societatea noastr\u0103 imediat dup\u0103 apari\u0163ia acestuia. Filtrul incriminat trebuie expediat \u00een maxim 15 zile la sediile noastre \u015fi trebuie s\u0103 fie \u00eenso\u0163it de o mostr\u0103 de ulei.\r\n\r\n<strong>9 &#8211; DEFINIREA GRUPULUI HIFI \u015eI A SOCIET\u0102\u0162ILOR<\/strong>\r\n\r\nMarca HIFI este o marc\u0103 \u00eenregistrat\u0103, prin grupul HIFI \u00een\u0163eleg\u00e2ndu-se societ\u0103\u0163ile care de\u0163in \u015fi\/sau comercializez\u0103 \u00een mod direct marca HIFI, excluz\u00e2nd intermediarii. Aceste condi\u0163iii generale sunt aplicabile at\u00e2t \u00een societatea noastr\u0103, c\u00e2t \u015fi \u00een toate societ\u0103\u0163ile care compun grupul nostru \u015fi ele apar \u00een toate documentele \u015fi pe toate facturile noastre. Prin fabricant se \u00een\u0163eleg toate societ\u0103\u0163ile industriale care produc filtre pentru grupul nostru, \u00eenainte de a li se aplica marca noastr\u0103.\r\n\r\n<strong>10 &#8211; OBLIGATIVITATEA UNEI AC\u0162IUNI DIRECTE PREALABILE \u00ceMPOTRIVA FABRICANTULUI<\/strong>\r\n\r\nToate ac\u0163iunile judiciare sau reclama\u0163iile amiabile bazate pe un defect ascuns al produsului livrat \u015fi care privesc \u00een mod direct calitatea de fabrica\u0163ie a produsului v\u00e2ndut trebuie orientat\u0103 \u00een mod obligatoriu \u00eempotriva fabricantul produsului \u015fi a asiguratorului s\u0103u. Ac\u0163iunea judiciar\u0103 poate fi intentat\u0103 \u00eempotriva unei societ\u0103\u0163i din cadrul grupului HIFI \u015fi a asiguratorului s\u0103u doar \u00een cazul absen\u0163ei fabricantului, potrivit condi\u0163iilor de responsabilitate descrise \u00een articolul 8. \u00cen cazul nerespect\u0103rii articolului 10, cheltuielile pentru ap\u0103rarea noastr\u0103 (de exemplu: avoca\u0163i, exper\u0163i, executori judec\u0103tore\u015fti) ca \u015fi o eventual\u0103 condamnare pe baza articolului 700 din NCPC (Trad. : \u201cNoul Cod de Procedur\u0103 Civil\u0103\u201d), vor trebui s\u0103 ni se ramburseze integral.\r\n\r\n<strong>11 &#8211; STABILIREA COMPETEN\u0162EI JURIDICE &#8211; DIVIZIBILITAEA CONDI\u0162IILOR GENERALE<\/strong>\r\n\r\nNumai legisla\u0163ia rom\u00e2na guverneaz\u0103 v\u00e2nz\u0103rile societ\u0103\u0163ii noastre, cu excluderea expres\u0103 a Conven\u0163iei de la Viena referitoare la v\u00e2nzarea interna\u0163ional\u0103 a m\u0103rfurilor, precum \u015fi cu excluderea tuturor regulilor care guverneaz\u0103 conflictul dintre legi sau orice ar putea antrena aplicarea dispozi\u0163iilor care contravin legisla\u0163iei franceze. Condi\u0163iile noastre generale sunt traduse cu cea mai mare acurate\u0163e posibil\u0103, \u00eens\u0103 doar versiunea francez\u0103 reprezint\u0103 referin\u0163a contractual\u0103 aplicabil\u0103 \u00een cazul unor diferen\u0163e \u00een interpretare.\r\nToate contesta\u0163iile legate de m\u0103rfurile noastre sau de reglementarea problemelor sunt de competen\u0163a exclusiv\u0103 a tribunalului \u00een a c\u0103rui jurisdic\u0163ie intr\u0103 sediul social al societ\u0103\u0163ii noastre, chiar \u015fi \u00een caz de pluralitate de p\u0103r\u00e2\u0163i sau a unei chem\u0103ri \u00een garan\u0163ie. Orice comand\u0103 implic\u0103 acceptarea necondi\u0163ionat\u0103 a acestor condi\u0163ii generale. Acestea nu vor putea fi modificate prin clauze contrare, figur\u00e2nd pe bonurile de comand\u0103 ale clientului sau \u00een condi\u0163iile sale generale.\r\nDac\u0103, dintr-un anumit motiv, una dintre prezentele condi\u0163ii generale este declarat\u0103 ca fiind inaplicabil\u0103, acest caracter inaplicabil nu va afecta aplicarea celorlalte dispozi\u0163ii din condi\u0163iile generale, iar cea considerat\u0103 inaplicabil\u0103 va fi \u00eenlocuit\u0103 de dispozi\u0163ia cea mai apropiat\u0103.\r\n\r\n<strong>12 &#8211; PERSONALIZAREA VEHICULULUI &#8211; UTILIZAREA PE DRUMURI DESCHISE TRAFICULUI<\/strong>\r\n\r\nGama noastr\u0103 de produse H-AIR FILTER are caracteristici tehnice de filtrare m\u0103surate pe bancul de prob\u0103 a filtr\u0103rii \u0219i nu \u00een func\u021bie de o utilizare sau o motorizare predeterminat\u0103. \u00cen consecin\u0163\u0103, adapt\u0103rile mecanice ale produselor noastre trebuie s\u0103 fie efectuate \u0219i validate, \u00een mod imperativ, de c\u0103tre un specialist \u00een motoriz\u0103ri \u0219i pot necesita o omologare \u00een cazul \u00een care este vorba despre un vehicul terestru cu motor destinat utiliz\u0103rii rutiere pe drumuri deschise traficului.\r\nCondi\u021biile de \u00eentre\u021binere recomandate \u00een instruc\u021biunile sau manualele care \u00eenso\u021besc produsele noastre trebuie imperativ respectate, pentru a evita degradarea produsului \u0219i a performan\u021belor descrise \u00een caracteristicile tehnice.\r\nSocietatea noastr\u0103 nu va putea fi tras\u0103 la r\u0103spundere \u00een niciun caz pentru nerespectarea condi\u021biilor de mai sus \u015fi nici pentru daunele rezultate din utilizarea necorespunz\u0103toare, din modificarea neomologat\u0103 sau dintr-o utilizare pentru curse, competi\u0163ii, off-road, nautic\u0103, aerian\u0103 sau industrial\u0103.        \r\n        <div class=\"Button\" data-component-id=\"Button\">\r\n            <a class=\"Button-component\" href=\"https:\/\/hifi-filter.com\/ro\/conditii-generale-de-vanzare\/\" aria-label=\"\" target=\"_self\" data-trk-other-cta=\"\u00cenapoi\">\r\n                <span class=\"Button-text\">\u00cenapoi<\/span>\r\n            <\/a>\r\n        <\/div>    <\/div>\r\n<\/div>\r\n\r\n","protected":false},"excerpt":{"rendered":"","protected":false},"author":1,"featured_media":0,"parent":15316,"menu_order":239,"comment_status":"closed","ping_status":"closed","template":"","meta":{"_acf_changed":false,"footnotes":""},"acf":[],"yoast_head":"<!-- This site is optimized with the Yoast SEO plugin v22.2 - https:\/\/yoast.com\/wordpress\/plugins\/seo\/ -->\n<title>Condi\u021bii generale de v\u00e2nzare - HIFI FILTER S.A. | HIFI FILTER<\/title>\n<meta name=\"description\" content=\"Votre partenaire en filtration HIFI FILTER, la marque leader des filtres compatibles\" \/>\n<meta name=\"robots\" content=\"noindex, follow\" \/>\n<script type=\"application\/ld+json\" class=\"yoast-schema-graph\">{\"@context\":\"https:\/\/schema.org\",\"@graph\":[{\"@type\":\"WebPage\",\"@id\":\"https:\/\/hifi-filter.com\/ro\/conditii-generale-de-vanzare\/hifi-filter-sa\/\",\"url\":\"https:\/\/hifi-filter.com\/ro\/conditii-generale-de-vanzare\/hifi-filter-sa\/\",\"name\":\"Condi\u021bii generale de v\u00e2nzare - HIFI FILTER S.A. | HIFI FILTER\",\"isPartOf\":{\"@id\":\"https:\/\/hifi-filter.com\/ro\/#website\"},\"datePublished\":\"2021-11-04T09:48:40+00:00\",\"dateModified\":\"2021-12-06T08:10:46+00:00\",\"breadcrumb\":{\"@id\":\"https:\/\/hifi-filter.com\/ro\/conditii-generale-de-vanzare\/hifi-filter-sa\/#breadcrumb\"},\"inLanguage\":\"ro-RO\",\"potentialAction\":[{\"@type\":\"ReadAction\",\"target\":[\"https:\/\/hifi-filter.com\/ro\/conditii-generale-de-vanzare\/hifi-filter-sa\/\"]}]},{\"@type\":\"BreadcrumbList\",\"@id\":\"https:\/\/hifi-filter.com\/ro\/conditii-generale-de-vanzare\/hifi-filter-sa\/#breadcrumb\",\"itemListElement\":[{\"@type\":\"ListItem\",\"position\":1,\"name\":\"Home\",\"item\":\"https:\/\/hifi-filter.com\/ro\/\"},{\"@type\":\"ListItem\",\"position\":2,\"name\":\"Condi\u021bii generale de v\u00e2nzare\",\"item\":\"https:\/\/hifi-filter.com\/ro\/conditii-generale-de-vanzare\/\"},{\"@type\":\"ListItem\",\"position\":3,\"name\":\"Condi\u021bii generale de v\u00e2nzare &#8211; HIFI FILTER S.A.\"}]},{\"@type\":\"WebSite\",\"@id\":\"https:\/\/hifi-filter.com\/ro\/#website\",\"url\":\"https:\/\/hifi-filter.com\/ro\/\",\"name\":\"HIFI FILTER\",\"description\":\"Your partner in filtration &amp; separation\",\"publisher\":{\"@id\":\"https:\/\/hifi-filter.com\/ro\/#organization\"},\"potentialAction\":[{\"@type\":\"SearchAction\",\"target\":{\"@type\":\"EntryPoint\",\"urlTemplate\":\"https:\/\/hifi-filter.com\/ro\/?s={search_term_string}\"},\"query-input\":\"required name=search_term_string\"}],\"inLanguage\":\"ro-RO\"},{\"@type\":\"Organization\",\"@id\":\"https:\/\/hifi-filter.com\/ro\/#organization\",\"name\":\"HIFI FILTER\",\"url\":\"https:\/\/hifi-filter.com\/ro\/\",\"logo\":{\"@type\":\"ImageObject\",\"inLanguage\":\"ro-RO\",\"@id\":\"https:\/\/hifi-filter.com\/ro\/#\/schema\/logo\/image\/\",\"url\":\"https:\/\/hifi-filter.com\/wp-content\/uploads\/2021\/11\/cropped-Favicon-HIFI-FILTER-1.png\",\"contentUrl\":\"https:\/\/hifi-filter.com\/wp-content\/uploads\/2021\/11\/cropped-Favicon-HIFI-FILTER-1.png\",\"width\":190,\"height\":190,\"caption\":\"HIFI FILTER\"},\"image\":{\"@id\":\"https:\/\/hifi-filter.com\/ro\/#\/schema\/logo\/image\/\"},\"sameAs\":[\"https:\/\/www.facebook.com\/hififilter.group\",\"https:\/\/www.linkedin.com\/company\/hififilter\/\"]}]}<\/script>\n<!-- \/ Yoast SEO plugin. -->","yoast_head_json":{"title":"Condi\u021bii generale de v\u00e2nzare - HIFI FILTER S.A. | HIFI FILTER","description":"Votre partenaire en filtration HIFI FILTER, la marque leader des filtres compatibles","robots":{"index":"noindex","follow":"follow"},"schema":{"@context":"https:\/\/schema.org","@graph":[{"@type":"WebPage","@id":"https:\/\/hifi-filter.com\/ro\/conditii-generale-de-vanzare\/hifi-filter-sa\/","url":"https:\/\/hifi-filter.com\/ro\/conditii-generale-de-vanzare\/hifi-filter-sa\/","name":"Condi\u021bii generale de v\u00e2nzare - HIFI FILTER S.A. | HIFI FILTER","isPartOf":{"@id":"https:\/\/hifi-filter.com\/ro\/#website"},"datePublished":"2021-11-04T09:48:40+00:00","dateModified":"2021-12-06T08:10:46+00:00","breadcrumb":{"@id":"https:\/\/hifi-filter.com\/ro\/conditii-generale-de-vanzare\/hifi-filter-sa\/#breadcrumb"},"inLanguage":"ro-RO","potentialAction":[{"@type":"ReadAction","target":["https:\/\/hifi-filter.com\/ro\/conditii-generale-de-vanzare\/hifi-filter-sa\/"]}]},{"@type":"BreadcrumbList","@id":"https:\/\/hifi-filter.com\/ro\/conditii-generale-de-vanzare\/hifi-filter-sa\/#breadcrumb","itemListElement":[{"@type":"ListItem","position":1,"name":"Home","item":"https:\/\/hifi-filter.com\/ro\/"},{"@type":"ListItem","position":2,"name":"Condi\u021bii generale de v\u00e2nzare","item":"https:\/\/hifi-filter.com\/ro\/conditii-generale-de-vanzare\/"},{"@type":"ListItem","position":3,"name":"Condi\u021bii generale de v\u00e2nzare &#8211; HIFI FILTER S.A."}]},{"@type":"WebSite","@id":"https:\/\/hifi-filter.com\/ro\/#website","url":"https:\/\/hifi-filter.com\/ro\/","name":"HIFI FILTER","description":"Your partner in filtration &amp; separation","publisher":{"@id":"https:\/\/hifi-filter.com\/ro\/#organization"},"potentialAction":[{"@type":"SearchAction","target":{"@type":"EntryPoint","urlTemplate":"https:\/\/hifi-filter.com\/ro\/?s={search_term_string}"},"query-input":"required name=search_term_string"}],"inLanguage":"ro-RO"},{"@type":"Organization","@id":"https:\/\/hifi-filter.com\/ro\/#organization","name":"HIFI FILTER","url":"https:\/\/hifi-filter.com\/ro\/","logo":{"@type":"ImageObject","inLanguage":"ro-RO","@id":"https:\/\/hifi-filter.com\/ro\/#\/schema\/logo\/image\/","url":"https:\/\/hifi-filter.com\/wp-content\/uploads\/2021\/11\/cropped-Favicon-HIFI-FILTER-1.png","contentUrl":"https:\/\/hifi-filter.com\/wp-content\/uploads\/2021\/11\/cropped-Favicon-HIFI-FILTER-1.png","width":190,"height":190,"caption":"HIFI FILTER"},"image":{"@id":"https:\/\/hifi-filter.com\/ro\/#\/schema\/logo\/image\/"},"sameAs":["https:\/\/www.facebook.com\/hififilter.group","https:\/\/www.linkedin.com\/company\/hififilter\/"]}]}},"_links":{"self":[{"href":"https:\/\/hifi-filter.com\/ro\/wp-json\/wp\/v2\/pages\/15046"}],"collection":[{"href":"https:\/\/hifi-filter.com\/ro\/wp-json\/wp\/v2\/pages"}],"about":[{"href":"https:\/\/hifi-filter.com\/ro\/wp-json\/wp\/v2\/types\/page"}],"author":[{"embeddable":true,"href":"https:\/\/hifi-filter.com\/ro\/wp-json\/wp\/v2\/users\/1"}],"replies":[{"embeddable":true,"href":"https:\/\/hifi-filter.com\/ro\/wp-json\/wp\/v2\/comments?post=15046"}],"version-history":[{"count":8,"href":"https:\/\/hifi-filter.com\/ro\/wp-json\/wp\/v2\/pages\/15046\/revisions"}],"predecessor-version":[{"id":19394,"href":"https:\/\/hifi-filter.com\/ro\/wp-json\/wp\/v2\/pages\/15046\/revisions\/19394"}],"up":[{"embeddable":true,"href":"https:\/\/hifi-filter.com\/ro\/wp-json\/wp\/v2\/pages\/15316"}],"wp:attachment":[{"href":"https:\/\/hifi-filter.com\/ro\/wp-json\/wp\/v2\/media?parent=15046"}],"curies":[{"name":"wp","href":"https:\/\/api.w.org\/{rel}","templated":true}]}}