{"id":16278,"date":"2021-09-16T09:10:04","date_gmt":"2021-09-16T07:10:04","guid":{"rendered":"https:\/\/hifi-filter.sitendev.com\/one-stop-filter-shop\/"},"modified":"2023-08-08T10:47:45","modified_gmt":"2023-08-08T08:47:45","slug":"one-stop-filter-shop","status":"publish","type":"page","link":"https:\/\/hifi-filter.com\/ro\/servicii\/one-stop-filter-shop\/","title":{"rendered":"One stop filter shop"},"content":{"rendered":"<div class=\"Introduction\" data-component-id=\"Introduction\">\n    <h3 class=\"AppTitle h1 theme-reverse\"><\/h3>\n    <h2 class=\"AppTitle h1 theme-highlight\">Faci via\u021ba mai u\u0219oar\u0103 pentru tine<\/h2>\n    <div class=\"AppText\">Cu HIFI FILTER\u00ae ave\u021bi un aliat de \u00eencredere pentru gestionarea \u00eentre\u021binerii vehiculelor, ma\u0219inilor \u0219i echipamentelor dumneavoastr\u0103. \u0218i bucura\u021bi-v\u0103 de numeroasele avantaje de a avea un singur contact pentru toat\u0103 filtrarea.<\/div>\n<\/div>\n\n<div class=\"Intro\" data-component-id=\"Intro\">\n    <div class=\"Intro-wrapper\">\n                <div class=\"Intro-image\">\n            <div class=\"Image\" data-component-id=\"image\">\n                <picture>\n                    <img class=\"lazyload\" data-src=\"https:\/\/hifi-filter.com\/wp-content\/uploads\/2021\/10\/One-Stop-Shop-Filters-Intro-1.jpg\" width=\"1440\"\n                        height=\"800\" alt=\"\" draggable=\"false\">\n                <\/picture>\n            <\/div>\n        <\/div>\n                    <\/div>\n<\/div>\n\n<div class=\"Text1Column\" data-component-id=\"Text1Column\">\r\n    <h2 class=\"Text1Column-title\">Toat\u0103 filtrarea \u00eentr-un singur loc este mai convenabil\u0103<\/h2>        <div class=\"Text1Column-text AppText\"><ul>\r\n \t<li>Filtrarea motoarelor, filtrarea hidraulic\u0103 sau procesele de filtrare industrial\u0103 (lichide, tratarea aerului, cea\u021b\u0103 de ulei, \u00eendep\u0103rtarea prafului&#8230;)<\/li>\r\n \t<li>Filtre de genera\u021bie veche sau nou\u0103<\/li>\r\n \t<li>Produse standard sau solu\u021bii specifice<\/li>\r\n<\/ul>\r\nGama noastr\u0103 bogat\u0103 de peste 70.000 de referin\u021be v\u0103 va satisface toate nevoile pentru echipamentele \u0219i procesele dumneavoastr\u0103, f\u0103r\u0103 a fi nevoie s\u0103 v\u0103 adresa\u021bi altor furnizori. Garan\u021bia unei gestion\u0103ri simplificate, dar mai ales o economie considerabil\u0103 de timp pe care o pute\u021bi dedica pe deplin activit\u0103\u021bii dumneavoastr\u0103.        \r\n        <div class=\"Button\" data-component-id=\"Button\">\r\n            <a class=\"Button-component\" href=\"https:\/\/hifi-filter.com\/ro\/solutii\/\" aria-label=\"\" target=\"_self\" data-trk-other-cta=\"Descoperi\u021bi solu\u021biile noastre\">\r\n                <span class=\"Button-text\">Descoperi\u021bi solu\u021biile noastre<\/span>\r\n            <\/a>\r\n        <\/div>    <\/div>\r\n<\/div>\r\n\r\n\n\n<div class=\"ArticleEdito reverse --bg\" data-component-id=\"ArticleEdito\">\r\n    <div class=\"ArticleEdito-content\">\r\n        <h2 class=\"ArticleEdito-title\">Pentru a v\u0103 optimiza stocurile, nu mai face\u021bi multibranding!<\/h2>        <div class=\"ArticleEdito-text AppText AppScrollbar\">Stocul dvs. de produse este supraaglomerat? Ave\u021bi o multitudine de filtre de diferite m\u0103rci, dar multe dintre ele sunt identice, iar altele nu mai sunt folosite?\r\nAlegerea HIFI FILTER\u00ae este garan\u021bia ra\u021bionaliz\u0103rii \u0219i actualiz\u0103rii stocurilor dumneavoastr\u0103. Ve\u021bi beneficia, de asemenea, de un singur brand \u0219i de un singur sistem de numerotare pentru a v\u0103 ajuta s\u0103 v\u0103 identifica\u021bi produsele \u0219i s\u0103 v\u0103 armoniza\u021bi rafturile.<\/div>\r\n            <\/div>\r\n    <div class=\"Image ArticleEdito-image\" data-component-id=\"image\">\r\n        <picture>\r\n            <img class=\"lazyload\" data-src=\"https:\/\/hifi-filter.com\/wp-content\/uploads\/2021\/10\/Optimize-Stock-OEM.png\" width=\"1440\" height=\"800\"\r\n                alt=\"Image non trouv\u00e9e\" draggable=\"false\">\r\n        <\/picture>\r\n    <\/div>\r\n<\/div>\n\n<div class=\"ArticleEdito --bg\" data-component-id=\"ArticleEdito\">\r\n    <div class=\"ArticleEdito-content\">\r\n        <h2 class=\"ArticleEdito-title\">Economisi\u021bi bani<\/h2>        <div class=\"ArticleEdito-text AppText AppScrollbar\">Pe l\u00e2ng\u0103 reducerea semnificativ\u0103 a costurilor cu stocurile \u0219i economisirea timpului de gestionare, lucra\u021bi cu o marc\u0103 recunoscut\u0103 care ofer\u0103 produse de calitate la pre\u021buri competitive.<\/div>\r\n            <\/div>\r\n    <div class=\"Image ArticleEdito-image\" data-component-id=\"image\">\r\n        <picture>\r\n            <img class=\"lazyload\" data-src=\"https:\/\/hifi-filter.com\/wp-content\/uploads\/2021\/10\/Economize.jpg\" width=\"1440\" height=\"800\"\r\n                alt=\"Image non trouv\u00e9e\" draggable=\"false\">\r\n        <\/picture>\r\n    <\/div>\r\n<\/div>\n\n<div class=\"Introduction\" data-component-id=\"Introduction\">\n    <h3 class=\"AppTitle h1 theme-reverse\">Ce tipuri de produse pot g\u0103si la HIFI FILTER\u00ae?<\/h3>\n    <h2 class=\"AppTitle h1 theme-highlight\"><\/h2>\n    <div class=\"AppText\">De la ma\u0219ini de tuns iarba la buldozere, vehicule rutiere, utilaje \u0219i procese industriale, toate solu\u021biile \u0219i accesoriile pentru a face fa\u021b\u0103 lichidelor, gazelor \u0219i vaporilor de ulei.<\/div>\n<\/div>\n\n<div class=\"ArticleEdito\" data-component-id=\"ArticleEdito\">\r\n    <div class=\"ArticleEdito-content\">\r\n        <h2 class=\"ArticleEdito-title\">Filtre \u0219i separatoare<\/h2>        <div class=\"ArticleEdito-text AppText AppScrollbar\">Cu HIFI FILTER\u00ae ave\u021bi la dispozi\u021bie o gam\u0103 larg\u0103 de filtre \u00een\u0219urubate, filtre complete, panouri \u0219i cartu\u0219e. Compatibile cu echipamentul \u0219i procesul dumneavoastr\u0103, acestea sunt disponibile \u00een diferite tipuri de medii \u0219i praguri de filtrare.<\/div>\r\n            <\/div>\r\n    <div class=\"Image ArticleEdito-image\" data-component-id=\"image\">\r\n        <picture>\r\n            <img class=\"lazyload\" data-src=\"https:\/\/hifi-filter.com\/wp-content\/uploads\/2021\/10\/Products-Range-Filters-Elements-LR.jpg\" width=\"1440\" height=\"800\"\r\n                alt=\"Image non trouv\u00e9e\" draggable=\"false\">\r\n        <\/picture>\r\n    <\/div>\r\n<\/div>\n\n<div class=\"ArticleEdito reverse\" data-component-id=\"ArticleEdito\">\r\n    <div class=\"ArticleEdito-content\">\r\n        <h2 class=\"ArticleEdito-title\">Accesorii<\/h2>        <div class=\"ArticleEdito-text AppText AppScrollbar\">\u00cen plus fa\u021b\u0103 de elementele de filtrare, este disponibil\u0103 o gam\u0103 de accesorii \u0219i piese de schimb: carcase, capete de filtrare, indicatori de \u00eentre\u021binere, chei, garnituri, fitinguri \u0219i multe altele.<\/div>\r\n            <\/div>\r\n    <div class=\"Image ArticleEdito-image\" data-component-id=\"image\">\r\n        <picture>\r\n            <img class=\"lazyload\" data-src=\"https:\/\/hifi-filter.com\/wp-content\/uploads\/2021\/10\/Products-Range-Accessories-LR.jpg\" width=\"1440\" height=\"800\"\r\n                alt=\"Image non trouv\u00e9e\" draggable=\"false\">\r\n        <\/picture>\r\n    <\/div>\r\n<\/div>\n\n<div class=\"ArticleEdito\" data-component-id=\"ArticleEdito\">\r\n    <div class=\"ArticleEdito-content\">\r\n        <h2 class=\"ArticleEdito-title\">Managementul fluidelor \u0219i filtrare industrial\u0103<\/h2>        <div class=\"ArticleEdito-text AppText AppScrollbar\">Sisteme specifice de filtrare \u0219i separare:\r\n<ul>\r\n \t<li>Unit\u0103\u021bi de filtrare<\/li>\r\n \t<li>Colectori de vapori de ulei<\/li>\r\n \t<li>Filtre automate cu band\u0103, &#8230;<\/li>\r\n<\/ul><\/div>\r\n            <\/div>\r\n    <div class=\"Image ArticleEdito-image\" data-component-id=\"image\">\r\n        <picture>\r\n            <img class=\"lazyload\" data-src=\"https:\/\/hifi-filter.com\/wp-content\/uploads\/2021\/10\/Products-Range-Fluid-Management-Industrial-Filtration-LR.jpg\" width=\"1440\" height=\"800\"\r\n                alt=\"Image non trouv\u00e9e\" draggable=\"false\">\r\n        <\/picture>\r\n    <\/div>\r\n<\/div>\n\n<div class=\"ArticleEdito reverse\" data-component-id=\"ArticleEdito\">\r\n    <div class=\"ArticleEdito-content\">\r\n        <h2 class=\"ArticleEdito-title\">Kituri de \u00eentre\u021binere<\/h2>        <div class=\"ArticleEdito-text AppText AppScrollbar\">G\u0103si\u021bi tot ce ave\u021bi nevoie pentru a v\u0103 \u00eentre\u021bine utilajele de construc\u021bii, compresoarele \u0219i camioanele cu ajutorul kiturilor noastre de \u00eentre\u021binere, care constau \u00een filtre \u0219i alte piese de schimb.<\/div>\r\n            <\/div>\r\n    <div class=\"Image ArticleEdito-image\" data-component-id=\"image\">\r\n        <picture>\r\n            <img class=\"lazyload\" data-src=\"https:\/\/hifi-filter.com\/wp-content\/uploads\/2021\/10\/Maintenance-Kit-Hifi-Filter.jpg\" width=\"1440\" height=\"800\"\r\n                alt=\"Image non trouv\u00e9e\" draggable=\"false\">\r\n        <\/picture>\r\n    <\/div>\r\n<\/div>\n\n<div class=\"ArticleEdito\" data-component-id=\"ArticleEdito\">\r\n    <div class=\"ArticleEdito-content\">\r\n        <h2 class=\"ArticleEdito-title\">T\u0103ierea media<\/h2>        <div class=\"ArticleEdito-text AppText AppScrollbar\">Oferim, de asemenea, un serviciu de t\u0103iere pentru diferite medii de filtrare a aerului. V\u0103 pute\u021bi baza pe echipele noastre pentru a defini dimensiunile \u0219i parametrii tehnici corespunz\u0103tori.<\/div>\r\n            <\/div>\r\n    <div class=\"Image ArticleEdito-image\" data-component-id=\"image\">\r\n        <picture>\r\n            <img class=\"lazyload\" data-src=\"https:\/\/hifi-filter.com\/wp-content\/uploads\/2021\/10\/Products-Range-HVAC-Media-LR.jpg\" width=\"1440\" height=\"800\"\r\n                alt=\"Image non trouv\u00e9e\" draggable=\"false\">\r\n        <\/picture>\r\n    <\/div>\r\n<\/div>\n\n<div class=\"ArticleEdito reverse\" data-component-id=\"ArticleEdito\">\r\n    <div class=\"ArticleEdito-content\">\r\n        <h2 class=\"ArticleEdito-title\">Filtre, cutii: personaliza\u021bi-le!<\/h2>        <div class=\"ArticleEdito-text AppText AppScrollbar\">Dori\u021bi s\u0103 v\u0103 eviden\u021bia\u021bi marca privat\u0103?\r\n\u00cen func\u021bie de volumul comenzilor dumneavoastr\u0103, profita\u021bi de marcarea personalizat\u0103 a produselor \u0219i ambalajelor dumneavoastr\u0103.<\/div>\r\n            <\/div>\r\n    <div class=\"Image ArticleEdito-image\" data-component-id=\"image\">\r\n        <picture>\r\n            <img class=\"lazyload\" data-src=\"https:\/\/hifi-filter.com\/wp-content\/uploads\/2021\/10\/Products-Range-Custom-Filters-LR.jpg\" width=\"1440\" height=\"800\"\r\n                alt=\"Image non trouv\u00e9e\" draggable=\"false\">\r\n        <\/picture>\r\n    <\/div>\r\n<\/div>\n\n\n\n<section class=\"KnowMore\" data-component-id=\"KnowMore\">\n    <div class=\"Image\" data-component-id=\"image\">\n        <picture>\n            <img class=\"lazyload\" data-src=\"https:\/\/hifi-filter.com\/wp-content\/uploads\/2021\/10\/CTA-Documentation-1.jpg\" width=\"1920\" height=\"642\" alt=\"\" draggable=\"false\">\n        <\/picture>\n    <\/div>\n    <div class=\"KnowMore-content\">\n        <p class=\"AppTitle h1\">Cite\u0219te mai mult<\/p>\n        <div class=\"KnowMore-subtitle\">Nu g\u0103si\u021bi informa\u021biile de care ave\u021bi nevoie?<\/div>\n        <div class=\"KnowMore-buttons\">\n                        <div class=\"ButtonIcon\" data-component-id=\"ButtonIcon\">\n                <a class=\"ButtonIcon-component\" aria-label=\"Documenta\u021bie\" href=\"https:\/\/hifi-filter.com\/ro\/documentatie\/\" target=\"_self\" data-trk-other-cta=\"Documenta\u021bie\">\n                    <div class=\"ButtonIcon-icon\"><svg id=\"Calque_1\" data-name=\"Calque 1\" xmlns=\"http:\/\/www.w3.org\/2000\/svg\" viewBox=\"0 0 283.46 283.46\"><path d=\"M177.83,36.59,224.3,85a5.42,5.42,0,0,1,1.49,3.76V243.1a5.44,5.44,0,0,1-1.5,3.77,5,5,0,0,1-3.62,1.57H67a5.06,5.06,0,0,1-3.63-1.57,5.44,5.44,0,0,1-1.5-3.77V40.36a5.45,5.45,0,0,1,1.5-3.77A5.05,5.05,0,0,1,67,35h107.2A5,5,0,0,1,177.83,36.59Zm2.75-22.9H61.89a20.08,20.08,0,0,0-14.48,6.25,21.8,21.8,0,0,0-6,15.09V248.44a21.8,21.8,0,0,0,6,15.09,20.08,20.08,0,0,0,14.48,6.25h163.9a20.08,20.08,0,0,0,14.49-6.25,21.8,21.8,0,0,0,6-15.09V82.13a10.91,10.91,0,0,0-3-7.55L187.82,16.81A10,10,0,0,0,180.58,13.69Z\"\/><path d=\"M184.82,131.06H92.63a10,10,0,0,1-7.25-3.12,11,11,0,0,1,0-15.09,10.06,10.06,0,0,1,7.25-3.13h92.19a10,10,0,0,1,7.24,3.13,11,11,0,0,1,0,15.09A10,10,0,0,1,184.82,131.06Z\"\/><path d=\"M184.82,173.74H92.63a10,10,0,0,1-7.25-3.12,11,11,0,0,1,0-15.09,10.06,10.06,0,0,1,7.25-3.13h92.19a10,10,0,0,1,7.24,3.13,11,11,0,0,1,0,15.09A10,10,0,0,1,184.82,173.74Z\"\/><path d=\"M138.72,216.43H92.63a10.06,10.06,0,0,1-7.25-3.13,11,11,0,0,1,0-15.09,10,10,0,0,1,7.25-3.12h46.09a10.06,10.06,0,0,1,7.25,3.12,11,11,0,0,1,0,15.09A10.07,10.07,0,0,1,138.72,216.43Z\"\/><\/svg><\/div>                    <span class=\"ButtonIcon-text\">Documenta\u021bie<\/span>\n                <\/a>\n            <\/div>\n                        <div class=\"ButtonIcon\" data-component-id=\"ButtonIcon\">\n                <a class=\"ButtonIcon-component\" aria-label=\"Contacta\u021bi-ne\" href=\"https:\/\/hifi-filter.com\/ro\/contact\/\" target=\"_self\" data-trk-other-cta=\"Contacta\u021bi-ne\">\n                    <div class=\"ButtonIcon-icon\"><svg id=\"Calque_1\" data-name=\"Calque 1\" xmlns=\"http:\/\/www.w3.org\/2000\/svg\" viewBox=\"0 0 283.46 283.46\"><path d=\"M112.28,149.62h-5.89a12,12,0,0,0-4.87,1,11.81,11.81,0,0,0-4,2.92L77,176.72V161.19A11.46,11.46,0,0,0,73.5,153a11.9,11.9,0,0,0-8.33-3.39H59.28a35.67,35.67,0,0,1-25-10.16,34.39,34.39,0,0,1-10.35-24.54V68.65A34.37,34.37,0,0,1,34.29,44.11a35.68,35.68,0,0,1,25-10.17h111.9a35.68,35.68,0,0,1,25,10.17,34.41,34.41,0,0,1,10.35,24.54v40.49a11.48,11.48,0,0,0,3.45,8.18,12,12,0,0,0,16.66,0,11.48,11.48,0,0,0,3.45-8.18V68.65a57.39,57.39,0,0,0-17.27-40.88,59.57,59.57,0,0,0-41.63-17H59.28a59.54,59.54,0,0,0-41.63,17A57.39,57.39,0,0,0,.38,68.65v46.27a57.4,57.4,0,0,0,15.24,38.79,59.36,59.36,0,0,0,37.77,18.77v35a11.49,11.49,0,0,0,2.09,6.6A11.78,11.78,0,0,0,61,218.3a11.94,11.94,0,0,0,7,.39,11.8,11.8,0,0,0,6-3.6l37.69-42.33h.55a11.88,11.88,0,0,0,8.33-3.39,11.42,11.42,0,0,0,0-16.36A11.88,11.88,0,0,0,112.28,149.62Z\"\/><path d=\"M247.75,138.06H171.18a35.67,35.67,0,0,0-25,10.16,34.43,34.43,0,0,0-10.35,24.54v34.7A34.41,34.41,0,0,0,146.19,232a35.68,35.68,0,0,0,25,10.17h18.68l31.89,31.32a11.89,11.89,0,0,0,6,3.17,12.09,12.09,0,0,0,6.81-.66,11.71,11.71,0,0,0,5.28-4.27,11.38,11.38,0,0,0,2-6.43V242.17h5.89a35.64,35.64,0,0,0,25-10.17,34.37,34.37,0,0,0,10.35-24.54v-34.7a34.39,34.39,0,0,0-10.35-24.54A35.63,35.63,0,0,0,247.75,138.06Zm11.77,69.4a11.49,11.49,0,0,1-3.44,8.18,11.9,11.9,0,0,1-8.33,3.39H230.08a11.88,11.88,0,0,0-8.33,3.39,11.46,11.46,0,0,0-3.45,8.18v6.78l-15.23-15a11.9,11.9,0,0,0-8.33-3.39H171.18a11.9,11.9,0,0,1-8.33-3.39,11.46,11.46,0,0,1-3.45-8.18v-34.7a11.46,11.46,0,0,1,3.45-8.18,11.9,11.9,0,0,1,8.33-3.39h76.57a11.9,11.9,0,0,1,8.33,3.39,11.49,11.49,0,0,1,3.44,8.18Z\"\/><\/svg><\/div>                    <span class=\"ButtonIcon-text\">Contacta\u021bi-ne<\/span>\n                <\/a>\n            <\/div>\n                    <\/div>\n    <\/div>\n<\/section>\n\n\n\r\n<section class=\"LeModole\" data-component-id=\"LeModole\">\r\n    <div class=\"LeModole-container\">\r\n        <div class=\"LeModole-images\">\r\n            <div class=\"LeModole-image\" ref=\"slides\">\r\n                <div class=\"Image\" data-component-id=\"image\">\r\n                    <picture>\r\n                        <img class=\"lazyload\" data-src=\"https:\/\/hifi-filter.com\/wp-content\/uploads\/2021\/10\/Quick-Access-Activities.jpg\" width=\"1440\" height=\"800\" alt=\"Image non trouv\u00e9e\" draggable=\"false\">\r\n                    <\/picture>\r\n                <\/div>\r\n            <\/div><div class=\"LeModole-image\" ref=\"slides\">\r\n                <div class=\"Image\" data-component-id=\"image\">\r\n                    <picture>\r\n                        <img class=\"lazyload\" data-src=\"https:\/\/hifi-filter.com\/wp-content\/uploads\/2021\/10\/Quick-Access-Solutions.jpg\" width=\"1440\" height=\"800\" alt=\"Image non trouv\u00e9e\" draggable=\"false\">\r\n                    <\/picture>\r\n                <\/div>\r\n            <\/div><div class=\"LeModole-image\" ref=\"slides\">\r\n                <div class=\"Image\" data-component-id=\"image\">\r\n                    <picture>\r\n                        <img class=\"lazyload\" data-src=\"https:\/\/hifi-filter.com\/wp-content\/uploads\/2021\/10\/Customer-Service-CTA.jpg\" width=\"1440\" height=\"800\" alt=\"Image non trouv\u00e9e\" draggable=\"false\">\r\n                    <\/picture>\r\n                <\/div>\r\n            <\/div>        <\/div>\r\n        <div class=\"LeModole-listContainer\">\r\n            <ul class=\"LeModole-list\">\r\n                <li class=\"LeModole-listItem AppBorder \" ref=\"titles\">\r\n                <a aria-label=\"Activit\u0103\u021bile noastre\" href=\"https:\/\/hifi-filter.com\/ro\/activitati\/\" target=\"_self\" data-trk-other-cta=\"Activit\u0103\u021bile noastre\">\r\n                    <div class=\"AppTitle h2\">Activit\u0103\u021bile noastre<\/div>\r\n                    <div class=\"AppText\">\r\n                        <p><\/p>\r\n                    <\/div>\r\n                <\/a>\r\n            <\/li><li class=\"LeModole-listItem AppBorder \" ref=\"titles\">\r\n                <a aria-label=\"Solu\u021biile noastre\" href=\"https:\/\/hifi-filter.com\/ro\/solutii\/\" target=\"_self\" data-trk-other-cta=\"Solu\u021biile noastre\">\r\n                    <div class=\"AppTitle h2\">Solu\u021biile noastre<\/div>\r\n                    <div class=\"AppText\">\r\n                        <p><\/p>\r\n                    <\/div>\r\n                <\/a>\r\n            <\/li><li class=\"LeModole-listItem AppBorder \" ref=\"titles\">\r\n                <a aria-label=\"Serviciile noastre\" href=\"https:\/\/hifi-filter.com\/ro\/servicii\/\" target=\"_self\" data-trk-other-cta=\"Serviciile noastre\">\r\n                    <div class=\"AppTitle h2\">Serviciile noastre<\/div>\r\n                    <div class=\"AppText\">\r\n                        <p><\/p>\r\n                    <\/div>\r\n                <\/a>\r\n            <\/li>            <\/ul>\r\n        <\/div>\r\n    <\/div>\r\n<\/section>\r\n","protected":false},"excerpt":{"rendered":"","protected":false},"author":1,"featured_media":0,"parent":16367,"menu_order":71,"comment_status":"closed","ping_status":"closed","template":"","meta":{"_acf_changed":false,"footnotes":""},"acf":[],"yoast_head":"<!-- This site is optimized with the Yoast SEO plugin v22.2 - https:\/\/yoast.com\/wordpress\/plugins\/seo\/ -->\n<title>One stop filter shop: toate tipurile de filtrare \u00eentr-un singur loc | HIFI FILTER<\/title>\n<meta name=\"description\" content=\"Cu HIFI FILTER beneficia\u021bi de un aliat de \u00eencredere pentru gestionarea \u00eentre\u021binerii vehiculelor, ma\u0219inilor \u0219i echipamentelor dumneavoastr\u0103: avantajul unui interlocutor unic.\" \/>\n<meta name=\"robots\" content=\"index, follow, max-snippet:-1, max-image-preview:large, max-video-preview:-1\" \/>\n<link rel=\"canonical\" href=\"https:\/\/hifi-filter.com\/ro\/servicii\/one-stop-filter-shop\/\" \/>\n<script type=\"application\/ld+json\" class=\"yoast-schema-graph\">{\"@context\":\"https:\/\/schema.org\",\"@graph\":[{\"@type\":\"WebPage\",\"@id\":\"https:\/\/hifi-filter.com\/ro\/servicii\/one-stop-filter-shop\/\",\"url\":\"https:\/\/hifi-filter.com\/ro\/servicii\/one-stop-filter-shop\/\",\"name\":\"One stop filter shop: toate tipurile de filtrare \u00eentr-un singur loc | HIFI FILTER\",\"isPartOf\":{\"@id\":\"https:\/\/hifi-filter.com\/ro\/#website\"},\"datePublished\":\"2021-09-16T07:10:04+00:00\",\"dateModified\":\"2023-08-08T08:47:45+00:00\",\"description\":\"Cu HIFI FILTER beneficia\u021bi de un aliat de \u00eencredere pentru gestionarea \u00eentre\u021binerii vehiculelor, ma\u0219inilor \u0219i echipamentelor dumneavoastr\u0103: avantajul unui interlocutor unic.\",\"breadcrumb\":{\"@id\":\"https:\/\/hifi-filter.com\/ro\/servicii\/one-stop-filter-shop\/#breadcrumb\"},\"inLanguage\":\"ro-RO\",\"potentialAction\":[{\"@type\":\"ReadAction\",\"target\":[\"https:\/\/hifi-filter.com\/ro\/servicii\/one-stop-filter-shop\/\"]}]},{\"@type\":\"BreadcrumbList\",\"@id\":\"https:\/\/hifi-filter.com\/ro\/servicii\/one-stop-filter-shop\/#breadcrumb\",\"itemListElement\":[{\"@type\":\"ListItem\",\"position\":1,\"name\":\"Home\",\"item\":\"https:\/\/hifi-filter.com\/ro\/\"},{\"@type\":\"ListItem\",\"position\":2,\"name\":\"Servicii\",\"item\":\"https:\/\/hifi-filter.com\/ro\/servicii\/\"},{\"@type\":\"ListItem\",\"position\":3,\"name\":\"One stop filter shop\"}]},{\"@type\":\"WebSite\",\"@id\":\"https:\/\/hifi-filter.com\/ro\/#website\",\"url\":\"https:\/\/hifi-filter.com\/ro\/\",\"name\":\"HIFI FILTER\",\"description\":\"Your partner in filtration &amp; separation\",\"publisher\":{\"@id\":\"https:\/\/hifi-filter.com\/ro\/#organization\"},\"potentialAction\":[{\"@type\":\"SearchAction\",\"target\":{\"@type\":\"EntryPoint\",\"urlTemplate\":\"https:\/\/hifi-filter.com\/ro\/?s={search_term_string}\"},\"query-input\":\"required name=search_term_string\"}],\"inLanguage\":\"ro-RO\"},{\"@type\":\"Organization\",\"@id\":\"https:\/\/hifi-filter.com\/ro\/#organization\",\"name\":\"HIFI FILTER\",\"url\":\"https:\/\/hifi-filter.com\/ro\/\",\"logo\":{\"@type\":\"ImageObject\",\"inLanguage\":\"ro-RO\",\"@id\":\"https:\/\/hifi-filter.com\/ro\/#\/schema\/logo\/image\/\",\"url\":\"https:\/\/hifi-filter.com\/wp-content\/uploads\/2021\/11\/cropped-Favicon-HIFI-FILTER-1.png\",\"contentUrl\":\"https:\/\/hifi-filter.com\/wp-content\/uploads\/2021\/11\/cropped-Favicon-HIFI-FILTER-1.png\",\"width\":190,\"height\":190,\"caption\":\"HIFI FILTER\"},\"image\":{\"@id\":\"https:\/\/hifi-filter.com\/ro\/#\/schema\/logo\/image\/\"},\"sameAs\":[\"https:\/\/www.facebook.com\/hififilter.group\",\"https:\/\/www.linkedin.com\/company\/hififilter\/\"]}]}<\/script>\n<!-- \/ Yoast SEO plugin. -->","yoast_head_json":{"title":"One stop filter shop: toate tipurile de filtrare \u00eentr-un singur loc | HIFI FILTER","description":"Cu HIFI FILTER beneficia\u021bi de un aliat de \u00eencredere pentru gestionarea \u00eentre\u021binerii vehiculelor, ma\u0219inilor \u0219i echipamentelor dumneavoastr\u0103: avantajul unui interlocutor unic.","robots":{"index":"index","follow":"follow","max-snippet":"max-snippet:-1","max-image-preview":"max-image-preview:large","max-video-preview":"max-video-preview:-1"},"canonical":"https:\/\/hifi-filter.com\/ro\/servicii\/one-stop-filter-shop\/","schema":{"@context":"https:\/\/schema.org","@graph":[{"@type":"WebPage","@id":"https:\/\/hifi-filter.com\/ro\/servicii\/one-stop-filter-shop\/","url":"https:\/\/hifi-filter.com\/ro\/servicii\/one-stop-filter-shop\/","name":"One stop filter shop: toate tipurile de filtrare \u00eentr-un singur loc | HIFI FILTER","isPartOf":{"@id":"https:\/\/hifi-filter.com\/ro\/#website"},"datePublished":"2021-09-16T07:10:04+00:00","dateModified":"2023-08-08T08:47:45+00:00","description":"Cu HIFI FILTER beneficia\u021bi de un aliat de \u00eencredere pentru gestionarea \u00eentre\u021binerii vehiculelor, ma\u0219inilor \u0219i echipamentelor dumneavoastr\u0103: avantajul unui interlocutor unic.","breadcrumb":{"@id":"https:\/\/hifi-filter.com\/ro\/servicii\/one-stop-filter-shop\/#breadcrumb"},"inLanguage":"ro-RO","potentialAction":[{"@type":"ReadAction","target":["https:\/\/hifi-filter.com\/ro\/servicii\/one-stop-filter-shop\/"]}]},{"@type":"BreadcrumbList","@id":"https:\/\/hifi-filter.com\/ro\/servicii\/one-stop-filter-shop\/#breadcrumb","itemListElement":[{"@type":"ListItem","position":1,"name":"Home","item":"https:\/\/hifi-filter.com\/ro\/"},{"@type":"ListItem","position":2,"name":"Servicii","item":"https:\/\/hifi-filter.com\/ro\/servicii\/"},{"@type":"ListItem","position":3,"name":"One stop filter shop"}]},{"@type":"WebSite","@id":"https:\/\/hifi-filter.com\/ro\/#website","url":"https:\/\/hifi-filter.com\/ro\/","name":"HIFI FILTER","description":"Your partner in filtration &amp; separation","publisher":{"@id":"https:\/\/hifi-filter.com\/ro\/#organization"},"potentialAction":[{"@type":"SearchAction","target":{"@type":"EntryPoint","urlTemplate":"https:\/\/hifi-filter.com\/ro\/?s={search_term_string}"},"query-input":"required name=search_term_string"}],"inLanguage":"ro-RO"},{"@type":"Organization","@id":"https:\/\/hifi-filter.com\/ro\/#organization","name":"HIFI FILTER","url":"https:\/\/hifi-filter.com\/ro\/","logo":{"@type":"ImageObject","inLanguage":"ro-RO","@id":"https:\/\/hifi-filter.com\/ro\/#\/schema\/logo\/image\/","url":"https:\/\/hifi-filter.com\/wp-content\/uploads\/2021\/11\/cropped-Favicon-HIFI-FILTER-1.png","contentUrl":"https:\/\/hifi-filter.com\/wp-content\/uploads\/2021\/11\/cropped-Favicon-HIFI-FILTER-1.png","width":190,"height":190,"caption":"HIFI FILTER"},"image":{"@id":"https:\/\/hifi-filter.com\/ro\/#\/schema\/logo\/image\/"},"sameAs":["https:\/\/www.facebook.com\/hififilter.group","https:\/\/www.linkedin.com\/company\/hififilter\/"]}]}},"_links":{"self":[{"href":"https:\/\/hifi-filter.com\/ro\/wp-json\/wp\/v2\/pages\/16278"}],"collection":[{"href":"https:\/\/hifi-filter.com\/ro\/wp-json\/wp\/v2\/pages"}],"about":[{"href":"https:\/\/hifi-filter.com\/ro\/wp-json\/wp\/v2\/types\/page"}],"author":[{"embeddable":true,"href":"https:\/\/hifi-filter.com\/ro\/wp-json\/wp\/v2\/users\/1"}],"replies":[{"embeddable":true,"href":"https:\/\/hifi-filter.com\/ro\/wp-json\/wp\/v2\/comments?post=16278"}],"version-history":[{"count":24,"href":"https:\/\/hifi-filter.com\/ro\/wp-json\/wp\/v2\/pages\/16278\/revisions"}],"predecessor-version":[{"id":35579,"href":"https:\/\/hifi-filter.com\/ro\/wp-json\/wp\/v2\/pages\/16278\/revisions\/35579"}],"up":[{"embeddable":true,"href":"https:\/\/hifi-filter.com\/ro\/wp-json\/wp\/v2\/pages\/16367"}],"wp:attachment":[{"href":"https:\/\/hifi-filter.com\/ro\/wp-json\/wp\/v2\/media?parent=16278"}],"curies":[{"name":"wp","href":"https:\/\/api.w.org\/{rel}","templated":true}]}}