{"id":16339,"date":"2021-10-18T17:00:11","date_gmt":"2021-10-18T15:00:11","guid":{"rendered":"https:\/\/hifi-filter.sitendev.com\/accompagnements-et-conseils\/"},"modified":"2024-02-07T14:08:48","modified_gmt":"2024-02-07T13:08:48","slug":"sprijin-si-consiliere","status":"publish","type":"page","link":"https:\/\/hifi-filter.com\/ro\/servicii\/sprijin-si-consiliere\/","title":{"rendered":"Sprijin \u0219i consiliere"},"content":{"rendered":"<div class=\"Introduction\" data-component-id=\"Introduction\">\n    <h3 class=\"AppTitle h1 theme-reverse\"><\/h3>\n    <h2 class=\"AppTitle h1 theme-highlight\">Suntem al\u0103turi de tine<\/h2>\n    <div class=\"AppText\">Partenerul dumneavoastr\u0103 HIFI FILTER\u00ae v\u0103 pune la dispozi\u021bie toate echipele sale pentru a v\u0103 oferi o experien\u021b\u0103 unic\u0103 \u0219i un serviciu de calitate pentru clien\u021bi. Profita\u021bi de sfaturile \u0219i asisten\u021ba exper\u021bilor pentru a defini \u00eempreun\u0103 solu\u021biile adaptate nevoilor dumneavoastr\u0103.<\/div>\n<\/div>\n\n<div class=\"ArticleEdito --bg\" data-component-id=\"ArticleEdito\">\r\n    <div class=\"ArticleEdito-content\">\r\n        <h2 class=\"ArticleEdito-title\">Asisten\u021b\u0103 personalizat\u0103 pentru clien\u021bi<\/h2>        <div class=\"ArticleEdito-text AppText AppScrollbar\">De la ofert\u0103 p\u00e2n\u0103 la livrare, trec\u00e2nd prin comand\u0103 \u0219i asisten\u021b\u0103, beneficia\u021bi de o echip\u0103 multilingv\u0103 dedicat\u0103 \u0219i u\u0219or de contactat, pe care v\u0103 pute\u021bi baza pentru toate solicit\u0103rile dumneavoastr\u0103.\r\nReactivitatea, calitatea r\u0103spunsurilor \u0219i, mai ales, flexibilitatea serviciilor oferite vor sta la baza unei rela\u021bii de \u00eencredere \u0219i de proximitate.<\/div>\r\n            <\/div>\r\n    <div class=\"Image ArticleEdito-image\" data-component-id=\"image\">\r\n        <picture>\r\n            <img class=\"lazyload\" data-src=\"https:\/\/hifi-filter.com\/wp-content\/uploads\/2021\/10\/Personalized-Customer-Service_LR.jpg\" width=\"1440\" height=\"800\"\r\n                alt=\"Image non trouv\u00e9e\" draggable=\"false\">\r\n        <\/picture>\r\n    <\/div>\r\n<\/div>\n\n<div class=\"ArticleEdito reverse --bg\" data-component-id=\"ArticleEdito\">\r\n    <div class=\"ArticleEdito-content\">\r\n        <h2 class=\"ArticleEdito-title\">Expertiza tehnic\u0103<\/h2>        <div class=\"ArticleEdito-text AppText AppScrollbar\">Dori\u021bi s\u0103 identifica\u021bi un produs, s\u0103 ob\u021bine\u021bi sfaturi pentru un proiect sau s\u0103 g\u0103si\u021bi solu\u021bii la problemele dumneavoastr\u0103 de filtrare?\r\nEchipele noastre de exper\u021bi v\u0103 ofer\u0103 asisten\u021b\u0103 tehnic\u0103 eficient\u0103 pentru echipamentele \u0219i procesele dumneavoastr\u0103.<\/div>\r\n            <\/div>\r\n    <div class=\"Image ArticleEdito-image\" data-component-id=\"image\">\r\n        <picture>\r\n            <img class=\"lazyload\" data-src=\"https:\/\/hifi-filter.com\/wp-content\/uploads\/2021\/10\/Technical-Expertise-LR.jpg\" width=\"1440\" height=\"800\"\r\n                alt=\"Image non trouv\u00e9e\" draggable=\"false\">\r\n        <\/picture>\r\n    <\/div>\r\n<\/div>\n\n<div class=\"ArticleEdito --bg\" data-component-id=\"ArticleEdito\">\r\n    <div class=\"ArticleEdito-content\">\r\n        <h2 class=\"ArticleEdito-title\">Dezvoltarea produsului<\/h2>        <div class=\"ArticleEdito-text AppText AppScrollbar\">Atente la evolu\u021biile pie\u021bei \u0219i, mai presus de toate, la nevoile clien\u021bilor no\u0219tri, echipele noastre de produs dezvolt\u0103 zilnic solu\u021bii care r\u0103spund cerin\u021belor tot mai specifice ale filtr\u0103rii.<\/div>\r\n            <\/div>\r\n    <div class=\"Image ArticleEdito-image\" data-component-id=\"image\">\r\n        <picture>\r\n            <img class=\"lazyload\" data-src=\"https:\/\/hifi-filter.com\/wp-content\/uploads\/2021\/10\/Product-devlopment-LRR.jpg\" width=\"1440\" height=\"800\"\r\n                alt=\"Image non trouv\u00e9e\" draggable=\"false\">\r\n        <\/picture>\r\n    <\/div>\r\n<\/div>\n\n<div class=\"ArticleEdito reverse --bg\" data-component-id=\"ArticleEdito\">\r\n    <div class=\"ArticleEdito-content\">\r\n        <h2 class=\"ArticleEdito-title\">Comunicare dinamic\u0103<\/h2>        <div class=\"ArticleEdito-text AppText AppScrollbar\">\u00cen calitate de distribuitor, beneficia\u021bi de influen\u021ba unui brand recunoscut la nivel interna\u021bional. De asemenea, v\u0103 sprijinim \u00een promovarea \u0219i eviden\u021bierea produselor dumneavoastr\u0103 pentru a v\u0103 construi succesul \u00eempreun\u0103.<\/div>\r\n            <\/div>\r\n    <div class=\"Image ArticleEdito-image\" data-component-id=\"image\">\r\n        <picture>\r\n            <img class=\"lazyload\" data-src=\"https:\/\/hifi-filter.com\/wp-content\/uploads\/2021\/10\/Communication-LR-1.jpg\" width=\"1440\" height=\"800\"\r\n                alt=\"Image non trouv\u00e9e\" draggable=\"false\">\r\n        <\/picture>\r\n    <\/div>\r\n<\/div>\n\n\r\n<section class=\"Chiffres\" data-component-id=\"Chiffres\">\r\n    <div class=\"Chiffres-wrapper\">\r\n            <div class=\"Chiffres-container\">\r\n                        <svg version=\"1.1\" id=\"Calque_1\" xmlns=\"http:\/\/www.w3.org\/2000\/svg\" xmlns:xlink=\"http:\/\/www.w3.org\/1999\/xlink\" x=\"0px\" y=\"0px\" viewBox=\"0 0 24 16\" style=\"enable-background:new 0 0 24 16;\" xml:space=\"preserve\" class=\"Icon logo-small\"><path d=\"M4.7,0h5.7L5.7,16H0L4.7,0z\" \/><path d=\"M17.2,0h-5.7L7.8,12.8h5.7L17.2,0z\" \/><path d=\"M24,0h-5.7l-2.8,9.6h5.7L24,0z\" \/><\/svg>\r\n                        <p class=\"Chiffres-text\">15<\/p>\r\n            <p class=\"Chiffres-details\">Limbile vorbite \u00een cadrul grupului<\/p>\r\n        <\/div>\r\n            <div class=\"Chiffres-container\">\r\n                        <svg version=\"1.1\" id=\"Calque_1\" xmlns=\"http:\/\/www.w3.org\/2000\/svg\" xmlns:xlink=\"http:\/\/www.w3.org\/1999\/xlink\" x=\"0px\" y=\"0px\" viewBox=\"0 0 24 16\" style=\"enable-background:new 0 0 24 16;\" xml:space=\"preserve\" class=\"Icon logo-small\"><path d=\"M4.7,0h5.7L5.7,16H0L4.7,0z\" \/><path d=\"M17.2,0h-5.7L7.8,12.8h5.7L17.2,0z\" \/><path d=\"M24,0h-5.7l-2.8,9.6h5.7L24,0z\" \/><\/svg>\r\n                        <p class=\"Chiffres-text\">700<\/p>\r\n            <p class=\"Chiffres-details\">Speciali\u0219ti la dispozi\u021bia dumneavoastr\u0103<\/p>\r\n        <\/div>\r\n            <\/div>\r\n<\/section>\n\n\n\n<section class=\"KnowMore\" data-component-id=\"KnowMore\">\n    <div class=\"Image\" data-component-id=\"image\">\n        <picture>\n            <img class=\"lazyload\" data-src=\"https:\/\/hifi-filter.com\/wp-content\/uploads\/2021\/10\/CTA-Documentation-1.jpg\" width=\"1920\" height=\"642\" alt=\"\" draggable=\"false\">\n        <\/picture>\n    <\/div>\n    <div class=\"KnowMore-content\">\n        <p class=\"AppTitle h1\">Cite\u0219te mai mult<\/p>\n        <div class=\"KnowMore-subtitle\">Nu g\u0103si\u021bi informa\u021biile de care ave\u021bi nevoie?<\/div>\n        <div class=\"KnowMore-buttons\">\n                        <div class=\"ButtonIcon\" data-component-id=\"ButtonIcon\">\n                <a class=\"ButtonIcon-component\" aria-label=\"Documenta\u021bie\" href=\"https:\/\/hifi-filter.com\/ro\/documentatie\/\" target=\"_self\" data-trk-other-cta=\"Documenta\u021bie\">\n                    <div class=\"ButtonIcon-icon\"><svg id=\"Calque_1\" data-name=\"Calque 1\" xmlns=\"http:\/\/www.w3.org\/2000\/svg\" viewBox=\"0 0 283.46 283.46\"><path d=\"M177.83,36.59,224.3,85a5.42,5.42,0,0,1,1.49,3.76V243.1a5.44,5.44,0,0,1-1.5,3.77,5,5,0,0,1-3.62,1.57H67a5.06,5.06,0,0,1-3.63-1.57,5.44,5.44,0,0,1-1.5-3.77V40.36a5.45,5.45,0,0,1,1.5-3.77A5.05,5.05,0,0,1,67,35h107.2A5,5,0,0,1,177.83,36.59Zm2.75-22.9H61.89a20.08,20.08,0,0,0-14.48,6.25,21.8,21.8,0,0,0-6,15.09V248.44a21.8,21.8,0,0,0,6,15.09,20.08,20.08,0,0,0,14.48,6.25h163.9a20.08,20.08,0,0,0,14.49-6.25,21.8,21.8,0,0,0,6-15.09V82.13a10.91,10.91,0,0,0-3-7.55L187.82,16.81A10,10,0,0,0,180.58,13.69Z\"\/><path d=\"M184.82,131.06H92.63a10,10,0,0,1-7.25-3.12,11,11,0,0,1,0-15.09,10.06,10.06,0,0,1,7.25-3.13h92.19a10,10,0,0,1,7.24,3.13,11,11,0,0,1,0,15.09A10,10,0,0,1,184.82,131.06Z\"\/><path d=\"M184.82,173.74H92.63a10,10,0,0,1-7.25-3.12,11,11,0,0,1,0-15.09,10.06,10.06,0,0,1,7.25-3.13h92.19a10,10,0,0,1,7.24,3.13,11,11,0,0,1,0,15.09A10,10,0,0,1,184.82,173.74Z\"\/><path d=\"M138.72,216.43H92.63a10.06,10.06,0,0,1-7.25-3.13,11,11,0,0,1,0-15.09,10,10,0,0,1,7.25-3.12h46.09a10.06,10.06,0,0,1,7.25,3.12,11,11,0,0,1,0,15.09A10.07,10.07,0,0,1,138.72,216.43Z\"\/><\/svg><\/div>                    <span class=\"ButtonIcon-text\">Documenta\u021bie<\/span>\n                <\/a>\n            <\/div>\n                        <div class=\"ButtonIcon\" data-component-id=\"ButtonIcon\">\n                <a class=\"ButtonIcon-component\" aria-label=\"Contacta\u021bi-ne\" href=\"https:\/\/hifi-filter.com\/ro\/contact\/\" target=\"_self\" data-trk-other-cta=\"Contacta\u021bi-ne\">\n                    <div class=\"ButtonIcon-icon\"><svg id=\"Calque_1\" data-name=\"Calque 1\" xmlns=\"http:\/\/www.w3.org\/2000\/svg\" viewBox=\"0 0 283.46 283.46\"><path d=\"M112.28,149.62h-5.89a12,12,0,0,0-4.87,1,11.81,11.81,0,0,0-4,2.92L77,176.72V161.19A11.46,11.46,0,0,0,73.5,153a11.9,11.9,0,0,0-8.33-3.39H59.28a35.67,35.67,0,0,1-25-10.16,34.39,34.39,0,0,1-10.35-24.54V68.65A34.37,34.37,0,0,1,34.29,44.11a35.68,35.68,0,0,1,25-10.17h111.9a35.68,35.68,0,0,1,25,10.17,34.41,34.41,0,0,1,10.35,24.54v40.49a11.48,11.48,0,0,0,3.45,8.18,12,12,0,0,0,16.66,0,11.48,11.48,0,0,0,3.45-8.18V68.65a57.39,57.39,0,0,0-17.27-40.88,59.57,59.57,0,0,0-41.63-17H59.28a59.54,59.54,0,0,0-41.63,17A57.39,57.39,0,0,0,.38,68.65v46.27a57.4,57.4,0,0,0,15.24,38.79,59.36,59.36,0,0,0,37.77,18.77v35a11.49,11.49,0,0,0,2.09,6.6A11.78,11.78,0,0,0,61,218.3a11.94,11.94,0,0,0,7,.39,11.8,11.8,0,0,0,6-3.6l37.69-42.33h.55a11.88,11.88,0,0,0,8.33-3.39,11.42,11.42,0,0,0,0-16.36A11.88,11.88,0,0,0,112.28,149.62Z\"\/><path d=\"M247.75,138.06H171.18a35.67,35.67,0,0,0-25,10.16,34.43,34.43,0,0,0-10.35,24.54v34.7A34.41,34.41,0,0,0,146.19,232a35.68,35.68,0,0,0,25,10.17h18.68l31.89,31.32a11.89,11.89,0,0,0,6,3.17,12.09,12.09,0,0,0,6.81-.66,11.71,11.71,0,0,0,5.28-4.27,11.38,11.38,0,0,0,2-6.43V242.17h5.89a35.64,35.64,0,0,0,25-10.17,34.37,34.37,0,0,0,10.35-24.54v-34.7a34.39,34.39,0,0,0-10.35-24.54A35.63,35.63,0,0,0,247.75,138.06Zm11.77,69.4a11.49,11.49,0,0,1-3.44,8.18,11.9,11.9,0,0,1-8.33,3.39H230.08a11.88,11.88,0,0,0-8.33,3.39,11.46,11.46,0,0,0-3.45,8.18v6.78l-15.23-15a11.9,11.9,0,0,0-8.33-3.39H171.18a11.9,11.9,0,0,1-8.33-3.39,11.46,11.46,0,0,1-3.45-8.18v-34.7a11.46,11.46,0,0,1,3.45-8.18,11.9,11.9,0,0,1,8.33-3.39h76.57a11.9,11.9,0,0,1,8.33,3.39,11.49,11.49,0,0,1,3.44,8.18Z\"\/><\/svg><\/div>                    <span class=\"ButtonIcon-text\">Contacta\u021bi-ne<\/span>\n                <\/a>\n            <\/div>\n                    <\/div>\n    <\/div>\n<\/section>\n\n\n\r\n<section class=\"LeModole\" data-component-id=\"LeModole\">\r\n    <div class=\"LeModole-container\">\r\n        <div class=\"LeModole-images\">\r\n            <div class=\"LeModole-image\" ref=\"slides\">\r\n                <div class=\"Image\" data-component-id=\"image\">\r\n                    <picture>\r\n                        <img class=\"lazyload\" data-src=\"https:\/\/hifi-filter.com\/wp-content\/uploads\/2021\/10\/Quick-Access-Activities.jpg\" width=\"1440\" height=\"800\" alt=\"Image non trouv\u00e9e\" draggable=\"false\">\r\n                    <\/picture>\r\n                <\/div>\r\n            <\/div><div class=\"LeModole-image\" ref=\"slides\">\r\n                <div class=\"Image\" data-component-id=\"image\">\r\n                    <picture>\r\n                        <img class=\"lazyload\" data-src=\"https:\/\/hifi-filter.com\/wp-content\/uploads\/2021\/10\/Quick-Access-Solutions.jpg\" width=\"1440\" height=\"800\" alt=\"Image non trouv\u00e9e\" draggable=\"false\">\r\n                    <\/picture>\r\n                <\/div>\r\n            <\/div><div class=\"LeModole-image\" ref=\"slides\">\r\n                <div class=\"Image\" data-component-id=\"image\">\r\n                    <picture>\r\n                        <img class=\"lazyload\" data-src=\"https:\/\/hifi-filter.com\/wp-content\/uploads\/2021\/10\/Customer-Service-CTA.jpg\" width=\"1440\" height=\"800\" alt=\"Image non trouv\u00e9e\" draggable=\"false\">\r\n                    <\/picture>\r\n                <\/div>\r\n            <\/div>        <\/div>\r\n        <div class=\"LeModole-listContainer\">\r\n            <ul class=\"LeModole-list\">\r\n                <li class=\"LeModole-listItem AppBorder \" ref=\"titles\">\r\n                <a aria-label=\"Activit\u0103\u021bile noastre\" href=\"https:\/\/hifi-filter.com\/ro\/activitati\/\" target=\"_self\" data-trk-other-cta=\"Activit\u0103\u021bile noastre\">\r\n                    <div class=\"AppTitle h2\">Activit\u0103\u021bile noastre<\/div>\r\n                    <div class=\"AppText\">\r\n                        <p><\/p>\r\n                    <\/div>\r\n                <\/a>\r\n            <\/li><li class=\"LeModole-listItem AppBorder \" ref=\"titles\">\r\n                <a aria-label=\"Solu\u021biile noastre\" href=\"https:\/\/hifi-filter.com\/ro\/solutii\/\" target=\"_self\" data-trk-other-cta=\"Solu\u021biile noastre\">\r\n                    <div class=\"AppTitle h2\">Solu\u021biile noastre<\/div>\r\n                    <div class=\"AppText\">\r\n                        <p><\/p>\r\n                    <\/div>\r\n                <\/a>\r\n            <\/li><li class=\"LeModole-listItem AppBorder \" ref=\"titles\">\r\n                <a aria-label=\"Serviciile noastre\" href=\"https:\/\/hifi-filter.com\/ro\/servicii\/\" target=\"_self\" data-trk-other-cta=\"Serviciile noastre\">\r\n                    <div class=\"AppTitle h2\">Serviciile noastre<\/div>\r\n                    <div class=\"AppText\">\r\n                        <p><\/p>\r\n                    <\/div>\r\n                <\/a>\r\n            <\/li>            <\/ul>\r\n        <\/div>\r\n    <\/div>\r\n<\/section>\r\n","protected":false},"excerpt":{"rendered":"","protected":false},"author":1,"featured_media":0,"parent":16367,"menu_order":87,"comment_status":"closed","ping_status":"closed","template":"","meta":{"_acf_changed":false,"footnotes":""},"acf":[],"yoast_head":"<!-- This site is optimized with the Yoast SEO plugin v22.2 - https:\/\/yoast.com\/wordpress\/plugins\/seo\/ -->\n<title>Asisten\u021b\u0103 \u0219i sfaturi pentru toate problemele de filtrare | HIFI FILTER<\/title>\n<meta name=\"description\" content=\"Bucura\u021bi-v\u0103 de sfaturile \u0219i asisten\u021ba exper\u021bilor: HIFI FILTER v\u0103 pune la dispozi\u021bie toate echipele sale pentru a v\u0103 oferi o experien\u021b\u0103 unic\u0103 \u0219i serviciu client de calitate.\" \/>\n<meta name=\"robots\" content=\"index, follow, max-snippet:-1, max-image-preview:large, max-video-preview:-1\" \/>\n<link rel=\"canonical\" href=\"https:\/\/hifi-filter.com\/ro\/servicii\/sprijin-si-consiliere\/\" \/>\n<script type=\"application\/ld+json\" class=\"yoast-schema-graph\">{\"@context\":\"https:\/\/schema.org\",\"@graph\":[{\"@type\":\"WebPage\",\"@id\":\"https:\/\/hifi-filter.com\/ro\/servicii\/sprijin-si-consiliere\/\",\"url\":\"https:\/\/hifi-filter.com\/ro\/servicii\/sprijin-si-consiliere\/\",\"name\":\"Asisten\u021b\u0103 \u0219i sfaturi pentru toate problemele de filtrare | HIFI FILTER\",\"isPartOf\":{\"@id\":\"https:\/\/hifi-filter.com\/ro\/#website\"},\"datePublished\":\"2021-10-18T15:00:11+00:00\",\"dateModified\":\"2024-02-07T13:08:48+00:00\",\"description\":\"Bucura\u021bi-v\u0103 de sfaturile \u0219i asisten\u021ba exper\u021bilor: HIFI FILTER v\u0103 pune la dispozi\u021bie toate echipele sale pentru a v\u0103 oferi o experien\u021b\u0103 unic\u0103 \u0219i serviciu client de calitate.\",\"breadcrumb\":{\"@id\":\"https:\/\/hifi-filter.com\/ro\/servicii\/sprijin-si-consiliere\/#breadcrumb\"},\"inLanguage\":\"ro-RO\",\"potentialAction\":[{\"@type\":\"ReadAction\",\"target\":[\"https:\/\/hifi-filter.com\/ro\/servicii\/sprijin-si-consiliere\/\"]}]},{\"@type\":\"BreadcrumbList\",\"@id\":\"https:\/\/hifi-filter.com\/ro\/servicii\/sprijin-si-consiliere\/#breadcrumb\",\"itemListElement\":[{\"@type\":\"ListItem\",\"position\":1,\"name\":\"Home\",\"item\":\"https:\/\/hifi-filter.com\/ro\/\"},{\"@type\":\"ListItem\",\"position\":2,\"name\":\"Servicii\",\"item\":\"https:\/\/hifi-filter.com\/ro\/servicii\/\"},{\"@type\":\"ListItem\",\"position\":3,\"name\":\"Sprijin \u0219i consiliere\"}]},{\"@type\":\"WebSite\",\"@id\":\"https:\/\/hifi-filter.com\/ro\/#website\",\"url\":\"https:\/\/hifi-filter.com\/ro\/\",\"name\":\"HIFI FILTER\",\"description\":\"Your partner in filtration &amp; separation\",\"publisher\":{\"@id\":\"https:\/\/hifi-filter.com\/ro\/#organization\"},\"potentialAction\":[{\"@type\":\"SearchAction\",\"target\":{\"@type\":\"EntryPoint\",\"urlTemplate\":\"https:\/\/hifi-filter.com\/ro\/?s={search_term_string}\"},\"query-input\":\"required name=search_term_string\"}],\"inLanguage\":\"ro-RO\"},{\"@type\":\"Organization\",\"@id\":\"https:\/\/hifi-filter.com\/ro\/#organization\",\"name\":\"HIFI FILTER\",\"url\":\"https:\/\/hifi-filter.com\/ro\/\",\"logo\":{\"@type\":\"ImageObject\",\"inLanguage\":\"ro-RO\",\"@id\":\"https:\/\/hifi-filter.com\/ro\/#\/schema\/logo\/image\/\",\"url\":\"https:\/\/hifi-filter.com\/wp-content\/uploads\/2021\/11\/cropped-Favicon-HIFI-FILTER-1.png\",\"contentUrl\":\"https:\/\/hifi-filter.com\/wp-content\/uploads\/2021\/11\/cropped-Favicon-HIFI-FILTER-1.png\",\"width\":190,\"height\":190,\"caption\":\"HIFI FILTER\"},\"image\":{\"@id\":\"https:\/\/hifi-filter.com\/ro\/#\/schema\/logo\/image\/\"},\"sameAs\":[\"https:\/\/www.facebook.com\/hififilter.group\",\"https:\/\/www.linkedin.com\/company\/hififilter\/\"]}]}<\/script>\n<!-- \/ Yoast SEO plugin. -->","yoast_head_json":{"title":"Asisten\u021b\u0103 \u0219i sfaturi pentru toate problemele de filtrare | HIFI FILTER","description":"Bucura\u021bi-v\u0103 de sfaturile \u0219i asisten\u021ba exper\u021bilor: HIFI FILTER v\u0103 pune la dispozi\u021bie toate echipele sale pentru a v\u0103 oferi o experien\u021b\u0103 unic\u0103 \u0219i serviciu client de calitate.","robots":{"index":"index","follow":"follow","max-snippet":"max-snippet:-1","max-image-preview":"max-image-preview:large","max-video-preview":"max-video-preview:-1"},"canonical":"https:\/\/hifi-filter.com\/ro\/servicii\/sprijin-si-consiliere\/","schema":{"@context":"https:\/\/schema.org","@graph":[{"@type":"WebPage","@id":"https:\/\/hifi-filter.com\/ro\/servicii\/sprijin-si-consiliere\/","url":"https:\/\/hifi-filter.com\/ro\/servicii\/sprijin-si-consiliere\/","name":"Asisten\u021b\u0103 \u0219i sfaturi pentru toate problemele de filtrare | HIFI FILTER","isPartOf":{"@id":"https:\/\/hifi-filter.com\/ro\/#website"},"datePublished":"2021-10-18T15:00:11+00:00","dateModified":"2024-02-07T13:08:48+00:00","description":"Bucura\u021bi-v\u0103 de sfaturile \u0219i asisten\u021ba exper\u021bilor: HIFI FILTER v\u0103 pune la dispozi\u021bie toate echipele sale pentru a v\u0103 oferi o experien\u021b\u0103 unic\u0103 \u0219i serviciu client de calitate.","breadcrumb":{"@id":"https:\/\/hifi-filter.com\/ro\/servicii\/sprijin-si-consiliere\/#breadcrumb"},"inLanguage":"ro-RO","potentialAction":[{"@type":"ReadAction","target":["https:\/\/hifi-filter.com\/ro\/servicii\/sprijin-si-consiliere\/"]}]},{"@type":"BreadcrumbList","@id":"https:\/\/hifi-filter.com\/ro\/servicii\/sprijin-si-consiliere\/#breadcrumb","itemListElement":[{"@type":"ListItem","position":1,"name":"Home","item":"https:\/\/hifi-filter.com\/ro\/"},{"@type":"ListItem","position":2,"name":"Servicii","item":"https:\/\/hifi-filter.com\/ro\/servicii\/"},{"@type":"ListItem","position":3,"name":"Sprijin \u0219i consiliere"}]},{"@type":"WebSite","@id":"https:\/\/hifi-filter.com\/ro\/#website","url":"https:\/\/hifi-filter.com\/ro\/","name":"HIFI FILTER","description":"Your partner in filtration &amp; separation","publisher":{"@id":"https:\/\/hifi-filter.com\/ro\/#organization"},"potentialAction":[{"@type":"SearchAction","target":{"@type":"EntryPoint","urlTemplate":"https:\/\/hifi-filter.com\/ro\/?s={search_term_string}"},"query-input":"required name=search_term_string"}],"inLanguage":"ro-RO"},{"@type":"Organization","@id":"https:\/\/hifi-filter.com\/ro\/#organization","name":"HIFI FILTER","url":"https:\/\/hifi-filter.com\/ro\/","logo":{"@type":"ImageObject","inLanguage":"ro-RO","@id":"https:\/\/hifi-filter.com\/ro\/#\/schema\/logo\/image\/","url":"https:\/\/hifi-filter.com\/wp-content\/uploads\/2021\/11\/cropped-Favicon-HIFI-FILTER-1.png","contentUrl":"https:\/\/hifi-filter.com\/wp-content\/uploads\/2021\/11\/cropped-Favicon-HIFI-FILTER-1.png","width":190,"height":190,"caption":"HIFI FILTER"},"image":{"@id":"https:\/\/hifi-filter.com\/ro\/#\/schema\/logo\/image\/"},"sameAs":["https:\/\/www.facebook.com\/hififilter.group","https:\/\/www.linkedin.com\/company\/hififilter\/"]}]}},"_links":{"self":[{"href":"https:\/\/hifi-filter.com\/ro\/wp-json\/wp\/v2\/pages\/16339"}],"collection":[{"href":"https:\/\/hifi-filter.com\/ro\/wp-json\/wp\/v2\/pages"}],"about":[{"href":"https:\/\/hifi-filter.com\/ro\/wp-json\/wp\/v2\/types\/page"}],"author":[{"embeddable":true,"href":"https:\/\/hifi-filter.com\/ro\/wp-json\/wp\/v2\/users\/1"}],"replies":[{"embeddable":true,"href":"https:\/\/hifi-filter.com\/ro\/wp-json\/wp\/v2\/comments?post=16339"}],"version-history":[{"count":7,"href":"https:\/\/hifi-filter.com\/ro\/wp-json\/wp\/v2\/pages\/16339\/revisions"}],"predecessor-version":[{"id":38774,"href":"https:\/\/hifi-filter.com\/ro\/wp-json\/wp\/v2\/pages\/16339\/revisions\/38774"}],"up":[{"embeddable":true,"href":"https:\/\/hifi-filter.com\/ro\/wp-json\/wp\/v2\/pages\/16367"}],"wp:attachment":[{"href":"https:\/\/hifi-filter.com\/ro\/wp-json\/wp\/v2\/media?parent=16339"}],"curies":[{"name":"wp","href":"https:\/\/api.w.org\/{rel}","templated":true}]}}