{"id":16367,"date":"2021-10-18T15:13:08","date_gmt":"2021-10-18T13:13:08","guid":{"rendered":"https:\/\/hifi-filter.sitendev.com\/services\/"},"modified":"2022-03-25T09:12:00","modified_gmt":"2022-03-25T08:12:00","slug":"servicii","status":"publish","type":"page","link":"https:\/\/hifi-filter.com\/ro\/servicii\/","title":{"rendered":"Servicii"},"content":{"rendered":"<div class=\"ArticleEdito reverse\" data-component-id=\"ArticleEdito\">\r\n    <div class=\"ArticleEdito-content\">\r\n        <h2 class=\"ArticleEdito-title\">One stop filter shop<\/h2>        <div class=\"ArticleEdito-text AppText AppScrollbar\">Cu HIFI FILTER\u00ae ave\u021bi un aliat de \u00eencredere pentru gestionarea \u00eentre\u021binerii vehiculelor, ma\u0219inilor \u0219i echipamentelor dumneavoastr\u0103. \u0218i bucura\u021bi-v\u0103 de numeroasele avantaje de a avea un singur contact \u0219i o singur\u0103 marc\u0103 pentru toat\u0103 filtrarea.<\/div>\r\n        \r\n        <div class=\"Button ArticleEdito-button\" data-component-id=\"Button\">\r\n            <a class=\"Button-component\" href=\"https:\/\/hifi-filter.com\/ro\/servicii\/one-stop-filter-shop\/\" aria-label=\"\" target=\"_self\" data-trk-other-cta=\"Descoperi\u021bi\">\r\n                <span class=\"Button-text\">Descoperi\u021bi<\/span>\r\n            <\/a>\r\n        <\/div>    <\/div>\r\n    <div class=\"Image ArticleEdito-image\" data-component-id=\"image\">\r\n        <picture>\r\n            <img class=\"lazyload\" data-src=\"https:\/\/hifi-filter.com\/wp-content\/uploads\/2021\/10\/One-Stop-Shop-Filters-LR.jpg\" width=\"1440\" height=\"800\"\r\n                alt=\"Image non trouv\u00e9e\" draggable=\"false\">\r\n        <\/picture>\r\n    <\/div>\r\n<\/div>\n\n<div class=\"ArticleEdito\" data-component-id=\"ArticleEdito\">\r\n    <div class=\"ArticleEdito-content\">\r\n        <h2 class=\"ArticleEdito-title\">Stoc \u0219i disponibilitate<\/h2>        <div class=\"ArticleEdito-text AppText AppScrollbar\">La HIFI FILTER\u00ae \u00een\u021belegem impactul pe care \u00eel poate avea timpul de nefunc\u021bionare asupra unei afaceri. De aceea, asigur\u0103m o disponibilitate maxim\u0103 pentru clien\u021bii no\u0219tri cu 30.000 de articole curente \u00een stoc \u0219i livr\u0103ri rapide \u00een \u00eentreaga lume.<\/div>\r\n        \r\n        <div class=\"Button ArticleEdito-button\" data-component-id=\"Button\">\r\n            <a class=\"Button-component\" href=\"https:\/\/hifi-filter.com\/ro\/servicii\/stoc-si-disponibilitate\/\" aria-label=\"\" target=\"_self\" data-trk-other-cta=\"Descoperi\u021bi\">\r\n                <span class=\"Button-text\">Descoperi\u021bi<\/span>\r\n            <\/a>\r\n        <\/div>    <\/div>\r\n    <div class=\"Image ArticleEdito-image\" data-component-id=\"image\">\r\n        <picture>\r\n            <img class=\"lazyload\" data-src=\"https:\/\/hifi-filter.com\/wp-content\/uploads\/2021\/10\/Stock-LR.jpg\" width=\"1440\" height=\"800\"\r\n                alt=\"Image non trouv\u00e9e\" draggable=\"false\">\r\n        <\/picture>\r\n    <\/div>\r\n<\/div>\n\n<div class=\"ArticleEdito reverse\" data-component-id=\"ArticleEdito\">\r\n    <div class=\"ArticleEdito-content\">\r\n        <h2 class=\"ArticleEdito-title\">Instrumente \u0219i date<\/h2>        <div class=\"ArticleEdito-text AppText AppScrollbar\">Folosi\u021bi instrumente \u0219i suporturi digitale concepute pentru dumneavoastr\u0103. Sistemele de c\u0103utare intuitiv\u0103, o zon\u0103 personalizat\u0103 pentru clien\u021bi sau cataloagele de produse sunt toate ajutoare valoroase pentru cre\u0219terea eficien\u021bei.<\/div>\r\n        \r\n        <div class=\"Button ArticleEdito-button\" data-component-id=\"Button\">\r\n            <a class=\"Button-component\" href=\"https:\/\/hifi-filter.com\/ro\/servicii\/instrumente-si-date\/\" aria-label=\"\" target=\"_self\" data-trk-other-cta=\"Descoperi\u021bi\">\r\n                <span class=\"Button-text\">Descoperi\u021bi<\/span>\r\n            <\/a>\r\n        <\/div>    <\/div>\r\n    <div class=\"Image ArticleEdito-image\" data-component-id=\"image\">\r\n        <picture>\r\n            <img class=\"lazyload\" data-src=\"https:\/\/hifi-filter.com\/wp-content\/uploads\/2021\/10\/Tool-Data-LR.jpg\" width=\"1440\" height=\"800\"\r\n                alt=\"Image non trouv\u00e9e\" draggable=\"false\">\r\n        <\/picture>\r\n    <\/div>\r\n<\/div>\n\n<div class=\"ArticleEdito\" data-component-id=\"ArticleEdito\">\r\n    <div class=\"ArticleEdito-content\">\r\n        <h2 class=\"ArticleEdito-title\">Sprijin \u0219i consiliere<\/h2>        <div class=\"ArticleEdito-text AppText AppScrollbar\">Partenerul dumneavoastr\u0103 HIFI FILTER\u00ae v\u0103 pune la dispozi\u021bie toate echipele sale pentru a v\u0103 oferi o experien\u021b\u0103 unic\u0103 \u0219i un serviciu de calitate pentru clien\u021bi. Profita\u021bi de sfaturile \u0219i asisten\u021ba exper\u021bilor pentru a defini \u00eempreun\u0103 solu\u021biile adaptate nevoilor dumneavoastr\u0103.<\/div>\r\n        \r\n        <div class=\"Button ArticleEdito-button\" data-component-id=\"Button\">\r\n            <a class=\"Button-component\" href=\"https:\/\/hifi-filter.com\/ro\/servicii\/sprijin-si-consiliere\/\" aria-label=\"\" target=\"_self\" data-trk-other-cta=\"Descoperi\u021bi\">\r\n                <span class=\"Button-text\">Descoperi\u021bi<\/span>\r\n            <\/a>\r\n        <\/div>    <\/div>\r\n    <div class=\"Image ArticleEdito-image\" data-component-id=\"image\">\r\n        <picture>\r\n            <img class=\"lazyload\" data-src=\"https:\/\/hifi-filter.com\/wp-content\/uploads\/2021\/10\/Support-Advice-LR-1.jpg\" width=\"1440\" height=\"800\"\r\n                alt=\"Image non trouv\u00e9e\" draggable=\"false\">\r\n        <\/picture>\r\n    <\/div>\r\n<\/div>\n\n<div class=\"ArticleEdito reverse\" data-component-id=\"ArticleEdito\">\r\n    <div class=\"ArticleEdito-content\">\r\n        <h2 class=\"ArticleEdito-title\">Calitate<\/h2>        <div class=\"ArticleEdito-text AppText AppScrollbar\">C\u00e2nd vine vorba de filtrare, calitatea \u0219i performan\u021ba sunt esen\u021biale pentru a proteja oamenii, echipamentele \u0219i mediile. Aceste preocup\u0103ri se afl\u0103 \u00een centrul activit\u0103\u021bii noastre \u0219i al abord\u0103rii noastre.<\/div>\r\n        \r\n        <div class=\"Button ArticleEdito-button\" data-component-id=\"Button\">\r\n            <a class=\"Button-component\" href=\"https:\/\/hifi-filter.com\/ro\/servicii\/calitate\/\" aria-label=\"\" target=\"_self\" data-trk-other-cta=\"Descoperi\u021bi\">\r\n                <span class=\"Button-text\">Descoperi\u021bi<\/span>\r\n            <\/a>\r\n        <\/div>    <\/div>\r\n    <div class=\"Image ArticleEdito-image\" data-component-id=\"image\">\r\n        <picture>\r\n            <img class=\"lazyload\" data-src=\"https:\/\/hifi-filter.com\/wp-content\/uploads\/2021\/10\/Quality-Check-LR.jpg\" width=\"1440\" height=\"800\"\r\n                alt=\"Image non trouv\u00e9e\" draggable=\"false\">\r\n        <\/picture>\r\n    <\/div>\r\n<\/div>\n\n\n<p><\/p>\n","protected":false},"excerpt":{"rendered":"","protected":false},"author":1,"featured_media":0,"parent":0,"menu_order":57,"comment_status":"closed","ping_status":"closed","template":"","meta":{"_acf_changed":false,"footnotes":""},"acf":[],"yoast_head":"<!-- This site is optimized with the Yoast SEO plugin v22.2 - https:\/\/yoast.com\/wordpress\/plugins\/seo\/ -->\n<title>Toate serviciile HIFI FILTER: partenerul dumneavoastr\u0103 \u00een filtrare<\/title>\n<meta name=\"description\" content=\"Datorit\u0103 instrumentelor \u0219i serviciilor personalizate, disponibilit\u0103\u021bii \u0219i asisten\u021bei echipelor de exper\u021bi care v\u0103 ofer\u0103 sfaturi, HIFI FILTER este cel mai bun partener pentru dumneavoastr\u0103 \u00een domeniul filtr\u0103rii!\" \/>\n<meta name=\"robots\" content=\"index, follow, max-snippet:-1, max-image-preview:large, max-video-preview:-1\" \/>\n<link rel=\"canonical\" href=\"https:\/\/hifi-filter.com\/ro\/servicii\/\" \/>\n<script type=\"application\/ld+json\" class=\"yoast-schema-graph\">{\"@context\":\"https:\/\/schema.org\",\"@graph\":[{\"@type\":\"WebPage\",\"@id\":\"https:\/\/hifi-filter.com\/ro\/servicii\/\",\"url\":\"https:\/\/hifi-filter.com\/ro\/servicii\/\",\"name\":\"Toate serviciile HIFI FILTER: partenerul dumneavoastr\u0103 \u00een filtrare\",\"isPartOf\":{\"@id\":\"https:\/\/hifi-filter.com\/ro\/#website\"},\"datePublished\":\"2021-10-18T13:13:08+00:00\",\"dateModified\":\"2022-03-25T08:12:00+00:00\",\"description\":\"Datorit\u0103 instrumentelor \u0219i serviciilor personalizate, disponibilit\u0103\u021bii \u0219i asisten\u021bei echipelor de exper\u021bi care v\u0103 ofer\u0103 sfaturi, HIFI FILTER este cel mai bun partener pentru dumneavoastr\u0103 \u00een domeniul filtr\u0103rii!\",\"breadcrumb\":{\"@id\":\"https:\/\/hifi-filter.com\/ro\/servicii\/#breadcrumb\"},\"inLanguage\":\"ro-RO\",\"potentialAction\":[{\"@type\":\"ReadAction\",\"target\":[\"https:\/\/hifi-filter.com\/ro\/servicii\/\"]}]},{\"@type\":\"BreadcrumbList\",\"@id\":\"https:\/\/hifi-filter.com\/ro\/servicii\/#breadcrumb\",\"itemListElement\":[{\"@type\":\"ListItem\",\"position\":1,\"name\":\"Home\",\"item\":\"https:\/\/hifi-filter.com\/ro\/\"},{\"@type\":\"ListItem\",\"position\":2,\"name\":\"Servicii\"}]},{\"@type\":\"WebSite\",\"@id\":\"https:\/\/hifi-filter.com\/ro\/#website\",\"url\":\"https:\/\/hifi-filter.com\/ro\/\",\"name\":\"HIFI FILTER\",\"description\":\"Your partner in filtration &amp; separation\",\"publisher\":{\"@id\":\"https:\/\/hifi-filter.com\/ro\/#organization\"},\"potentialAction\":[{\"@type\":\"SearchAction\",\"target\":{\"@type\":\"EntryPoint\",\"urlTemplate\":\"https:\/\/hifi-filter.com\/ro\/?s={search_term_string}\"},\"query-input\":\"required name=search_term_string\"}],\"inLanguage\":\"ro-RO\"},{\"@type\":\"Organization\",\"@id\":\"https:\/\/hifi-filter.com\/ro\/#organization\",\"name\":\"HIFI FILTER\",\"url\":\"https:\/\/hifi-filter.com\/ro\/\",\"logo\":{\"@type\":\"ImageObject\",\"inLanguage\":\"ro-RO\",\"@id\":\"https:\/\/hifi-filter.com\/ro\/#\/schema\/logo\/image\/\",\"url\":\"https:\/\/hifi-filter.com\/wp-content\/uploads\/2021\/11\/cropped-Favicon-HIFI-FILTER-1.png\",\"contentUrl\":\"https:\/\/hifi-filter.com\/wp-content\/uploads\/2021\/11\/cropped-Favicon-HIFI-FILTER-1.png\",\"width\":190,\"height\":190,\"caption\":\"HIFI FILTER\"},\"image\":{\"@id\":\"https:\/\/hifi-filter.com\/ro\/#\/schema\/logo\/image\/\"},\"sameAs\":[\"https:\/\/www.facebook.com\/hififilter.group\",\"https:\/\/www.linkedin.com\/company\/hififilter\/\"]}]}<\/script>\n<!-- \/ Yoast SEO plugin. -->","yoast_head_json":{"title":"Toate serviciile HIFI FILTER: partenerul dumneavoastr\u0103 \u00een filtrare","description":"Datorit\u0103 instrumentelor \u0219i serviciilor personalizate, disponibilit\u0103\u021bii \u0219i asisten\u021bei echipelor de exper\u021bi care v\u0103 ofer\u0103 sfaturi, HIFI FILTER este cel mai bun partener pentru dumneavoastr\u0103 \u00een domeniul filtr\u0103rii!","robots":{"index":"index","follow":"follow","max-snippet":"max-snippet:-1","max-image-preview":"max-image-preview:large","max-video-preview":"max-video-preview:-1"},"canonical":"https:\/\/hifi-filter.com\/ro\/servicii\/","schema":{"@context":"https:\/\/schema.org","@graph":[{"@type":"WebPage","@id":"https:\/\/hifi-filter.com\/ro\/servicii\/","url":"https:\/\/hifi-filter.com\/ro\/servicii\/","name":"Toate serviciile HIFI FILTER: partenerul dumneavoastr\u0103 \u00een filtrare","isPartOf":{"@id":"https:\/\/hifi-filter.com\/ro\/#website"},"datePublished":"2021-10-18T13:13:08+00:00","dateModified":"2022-03-25T08:12:00+00:00","description":"Datorit\u0103 instrumentelor \u0219i serviciilor personalizate, disponibilit\u0103\u021bii \u0219i asisten\u021bei echipelor de exper\u021bi care v\u0103 ofer\u0103 sfaturi, HIFI FILTER este cel mai bun partener pentru dumneavoastr\u0103 \u00een domeniul filtr\u0103rii!","breadcrumb":{"@id":"https:\/\/hifi-filter.com\/ro\/servicii\/#breadcrumb"},"inLanguage":"ro-RO","potentialAction":[{"@type":"ReadAction","target":["https:\/\/hifi-filter.com\/ro\/servicii\/"]}]},{"@type":"BreadcrumbList","@id":"https:\/\/hifi-filter.com\/ro\/servicii\/#breadcrumb","itemListElement":[{"@type":"ListItem","position":1,"name":"Home","item":"https:\/\/hifi-filter.com\/ro\/"},{"@type":"ListItem","position":2,"name":"Servicii"}]},{"@type":"WebSite","@id":"https:\/\/hifi-filter.com\/ro\/#website","url":"https:\/\/hifi-filter.com\/ro\/","name":"HIFI FILTER","description":"Your partner in filtration &amp; separation","publisher":{"@id":"https:\/\/hifi-filter.com\/ro\/#organization"},"potentialAction":[{"@type":"SearchAction","target":{"@type":"EntryPoint","urlTemplate":"https:\/\/hifi-filter.com\/ro\/?s={search_term_string}"},"query-input":"required name=search_term_string"}],"inLanguage":"ro-RO"},{"@type":"Organization","@id":"https:\/\/hifi-filter.com\/ro\/#organization","name":"HIFI FILTER","url":"https:\/\/hifi-filter.com\/ro\/","logo":{"@type":"ImageObject","inLanguage":"ro-RO","@id":"https:\/\/hifi-filter.com\/ro\/#\/schema\/logo\/image\/","url":"https:\/\/hifi-filter.com\/wp-content\/uploads\/2021\/11\/cropped-Favicon-HIFI-FILTER-1.png","contentUrl":"https:\/\/hifi-filter.com\/wp-content\/uploads\/2021\/11\/cropped-Favicon-HIFI-FILTER-1.png","width":190,"height":190,"caption":"HIFI FILTER"},"image":{"@id":"https:\/\/hifi-filter.com\/ro\/#\/schema\/logo\/image\/"},"sameAs":["https:\/\/www.facebook.com\/hififilter.group","https:\/\/www.linkedin.com\/company\/hififilter\/"]}]}},"_links":{"self":[{"href":"https:\/\/hifi-filter.com\/ro\/wp-json\/wp\/v2\/pages\/16367"}],"collection":[{"href":"https:\/\/hifi-filter.com\/ro\/wp-json\/wp\/v2\/pages"}],"about":[{"href":"https:\/\/hifi-filter.com\/ro\/wp-json\/wp\/v2\/types\/page"}],"author":[{"embeddable":true,"href":"https:\/\/hifi-filter.com\/ro\/wp-json\/wp\/v2\/users\/1"}],"replies":[{"embeddable":true,"href":"https:\/\/hifi-filter.com\/ro\/wp-json\/wp\/v2\/comments?post=16367"}],"version-history":[{"count":13,"href":"https:\/\/hifi-filter.com\/ro\/wp-json\/wp\/v2\/pages\/16367\/revisions"}],"predecessor-version":[{"id":23960,"href":"https:\/\/hifi-filter.com\/ro\/wp-json\/wp\/v2\/pages\/16367\/revisions\/23960"}],"wp:attachment":[{"href":"https:\/\/hifi-filter.com\/ro\/wp-json\/wp\/v2\/media?parent=16367"}],"curies":[{"name":"wp","href":"https:\/\/api.w.org\/{rel}","templated":true}]}}