{"id":17467,"date":"2021-09-05T02:08:14","date_gmt":"2021-09-05T00:08:14","guid":{"rendered":"https:\/\/hifi-filter.sitendev.com\/faq\/"},"modified":"2024-02-13T08:34:14","modified_gmt":"2024-02-13T07:34:14","slug":"faq","status":"publish","type":"page","link":"https:\/\/hifi-filter.com\/ro\/faq\/","title":{"rendered":"FAQ"},"content":{"rendered":"\t\t<div class=\"FaqList\" data-component-id=\"FaqList\">\r\n\t\t\t<div class=\"FaqListWrapper\">\r\n\t\t\t\t<h2 class=\"FaqList-title AppTitle h2\"><strong>Cele mai frecvente<\/strong> \u00eentreb\u0103ri<\/h2>\r\n\t\t\t\t<div class=\"FaqListContainer\">\r\n\t\t\t\t\t<ul class=\"FaqThemeList\">\r\n\t\t\t\t\t\t\t\t\t\t\t\t\t<li class=\"FaqTheme opened\">\r\n\t\t\t\t\t\t\t\t<button class=\"FaqThemeHeading AppTitle h4\" ref=\"themeButton\" aria-label=\"Basculer\"><h3>Comercial<\/h3>\r\n\t\t\t\t\t\t\t\t\t<div class=\"FaqHeading-cross\"><\/div>\r\n\t\t\t\t\t\t\t\t<\/button>\r\n\t\t\t\t\t\t\t\t<div class=\"FaqThemeInfosWrapper\">\r\n\t\t\t\t\t\t\t\t\t<ul class=\"FaqThemeInfos\" ref=\"themeContainer\">\r\n\t\t\t\t\t\t\t\t\t\t\t\t\t\t\t\t\t\t\t\t\t\t\t\t\t\t\t\t\t\t\t\t\t<li class=\"FaqInfo opened\">\r\n\t\t\t\t\t\t\t\t\t\t\t\t\t<button class=\"FaqInfoHeading AppTitle h5\" ref=\"infoButton\" aria-label=\"Basculer\"><h4>Pot s\u0103 comand direct de la HIFI FILTER\u00ae ca persoan\u0103 fizic\u0103?<\/h4><\/button>\r\n\t\t\t\t\t\t\t\t\t\t\t\t\t<div class=\"FaqAnswerWrapper AppText\">\r\n\t\t\t\t\t\t\t\t\t\t\t\t\t\t<p>Compania noastr\u0103 \u00ee\u0219i vinde produsele doar profesioni\u0219tilor.<\/p>\r\n\t\t\t\t\t\t\t\t\t\t\t\t\t<\/div>\r\n\t\t\t\t\t\t\t\t\t\t\t\t<\/li>\r\n\t\t\t\t\t\t\t\t\t\t\t\t\t\t\t\t\t\t\t\t\t\t\t\t\t\t\t\t\t\t<\/ul>\r\n\t\t\t\t\t\t\t\t<\/div>\r\n\t\t\t\t\t\t\t<\/li>\r\n\t\t\t\t\t\t\t\t\t\t\t\t\t<li class=\"FaqTheme\">\r\n\t\t\t\t\t\t\t\t<button class=\"FaqThemeHeading AppTitle h4\" ref=\"themeButton\" aria-label=\"Basculer\"><h3>Garan\u021bie<\/h3>\r\n\t\t\t\t\t\t\t\t\t<div class=\"FaqHeading-cross\"><\/div>\r\n\t\t\t\t\t\t\t\t<\/button>\r\n\t\t\t\t\t\t\t\t<div class=\"FaqThemeInfosWrapper\">\r\n\t\t\t\t\t\t\t\t\t<ul class=\"FaqThemeInfos\" ref=\"themeContainer\">\r\n\t\t\t\t\t\t\t\t\t\t\t\t\t\t\t\t\t\t\t\t\t\t\t\t\t\t\t\t\t\t\t\t\t<li class=\"FaqInfo\">\r\n\t\t\t\t\t\t\t\t\t\t\t\t\t<button class=\"FaqInfoHeading AppTitle h5\" ref=\"infoButton\" aria-label=\"Basculer\"><h4>Sunt garantate produsele HIFI FILTER?<\/h4><\/button>\r\n\t\t\t\t\t\t\t\t\t\t\t\t\t<div class=\"FaqAnswerWrapper AppText\">\r\n\t\t\t\t\t\t\t\t\t\t\t\t\t\t<p>Da, filtrele HIFI FILTER\u00ae sunt acoperite de un grup interna\u021bional de asigur\u0103ri.\u00a0\u00cen cazul unor daune la motor sau materiale cauzate de defectarea filtrelor noastre, ne asum\u0103m responsabilitatea pentru acestea, cu condi\u021bia ca acestea s\u0103 fie instalate \u0219i utilizate corect.<\/p>\r\n\t\t\t\t\t\t\t\t\t\t\t\t\t<\/div>\r\n\t\t\t\t\t\t\t\t\t\t\t\t<\/li>\r\n\t\t\t\t\t\t\t\t\t\t\t\t\t\t\t\t\t\t\t\t\t\t\t\t\t\t\t\t\t\t<\/ul>\r\n\t\t\t\t\t\t\t\t<\/div>\r\n\t\t\t\t\t\t\t<\/li>\r\n\t\t\t\t\t\t\t\t\t\t\t\t\t<li class=\"FaqTheme\">\r\n\t\t\t\t\t\t\t\t<button class=\"FaqThemeHeading AppTitle h4\" ref=\"themeButton\" aria-label=\"Basculer\"><h3>Tehnic<\/h3>\r\n\t\t\t\t\t\t\t\t\t<div class=\"FaqHeading-cross\"><\/div>\r\n\t\t\t\t\t\t\t\t<\/button>\r\n\t\t\t\t\t\t\t\t<div class=\"FaqThemeInfosWrapper\">\r\n\t\t\t\t\t\t\t\t\t<ul class=\"FaqThemeInfos\" ref=\"themeContainer\">\r\n\t\t\t\t\t\t\t\t\t\t\t\t\t\t\t\t\t\t\t\t\t\t\t\t\t\t\t\t\t\t\t\t\t<li class=\"FaqInfo\">\r\n\t\t\t\t\t\t\t\t\t\t\t\t\t<button class=\"FaqInfoHeading AppTitle h5\" ref=\"infoButton\" aria-label=\"Basculer\"><h4>Cum se identific\u0103 un filtru?<\/h4><\/button>\r\n\t\t\t\t\t\t\t\t\t\t\t\t\t<div class=\"FaqAnswerWrapper AppText\">\r\n\t\t\t\t\t\t\t\t\t\t\t\t\t\t<p>E-Catalog HIFI FILTER\u00ae v\u0103 permite s\u0103 c\u0103uta\u021bi filtre compatibile cu echipamentul dumneavoastr\u0103 sau s\u0103 c\u0103uta\u021bi referin\u021ba HIFI\u00ae corespunz\u0103toare unei referin\u021be concurente.\r\n\u00cen cazul \u00een care nu g\u0103si\u021bi ceea ce c\u0103uta\u021bi, v\u0103 recomand\u0103m s\u0103 ne contacta\u021bi, av\u00e2nd grij\u0103 s\u0103 nota\u021bi c\u00e2t mai multe informa\u021bii (dimensiuni, aplica\u021bii, referin\u021be, fotografii etc.) care vor permite echipelor noastre s\u0103 identifice rapid.<\/p>\r\n\t\t\t\t\t\t\t\t\t\t\t\t\t<\/div>\r\n\t\t\t\t\t\t\t\t\t\t\t\t<\/li>\r\n\t\t\t\t\t\t\t\t\t\t\t\t\t\t\t\t\t\t\t\t\t\t\t\t\t\t\t\t\t\t<\/ul>\r\n\t\t\t\t\t\t\t\t<\/div>\r\n\t\t\t\t\t\t\t<\/li>\r\n\t\t\t\t\t\t\t\t\t\t\t\t\t<li class=\"FaqTheme\">\r\n\t\t\t\t\t\t\t\t<button class=\"FaqThemeHeading AppTitle h4\" ref=\"themeButton\" aria-label=\"Basculer\"><h3>Calitate<\/h3>\r\n\t\t\t\t\t\t\t\t\t<div class=\"FaqHeading-cross\"><\/div>\r\n\t\t\t\t\t\t\t\t<\/button>\r\n\t\t\t\t\t\t\t\t<div class=\"FaqThemeInfosWrapper\">\r\n\t\t\t\t\t\t\t\t\t<ul class=\"FaqThemeInfos\" ref=\"themeContainer\">\r\n\t\t\t\t\t\t\t\t\t\t\t\t\t\t\t\t\t\t\t\t\t\t\t\t\t\t\t\t\t\t\t\t\t<li class=\"FaqInfo\">\r\n\t\t\t\t\t\t\t\t\t\t\t\t\t<button class=\"FaqInfoHeading AppTitle h5\" ref=\"infoButton\" aria-label=\"Basculer\"><h4>Ce ar trebui s\u0103 fac dac\u0103 g\u0103sesc o neconformitate \u00een produsul meu?<\/h4><\/button>\r\n\t\t\t\t\t\t\t\t\t\t\t\t\t<div class=\"FaqAnswerWrapper AppText\">\r\n\t\t\t\t\t\t\t\t\t\t\t\t\t\t<p>Contacta\u021bi-ne prin intermediul formularului de contact, oferind detalii despre neconformitate (problem\u0103 dimensional\u0103, aspect, asamblare \u00een timpul utiliz\u0103rii etc.) \u0219i furniz\u00e2ndu-ne urm\u0103toarele informa\u021bii:\r\n<ul>\r\n \t<li>Num\u0103rul piesei HIFI\u00ae care nu este conform\u0103, marcajul\/num\u0103rul lotului, cantitatea \u00een cauz\u0103, cantitatea din stocul clientului, num\u0103rul de ore\/km de utilizare \u0219i marca original\u0103 de referin\u021b\u0103.<\/li>\r\n \t<li>Echipamentul care este afectat de instalarea filtrului, marca, anul, marca \u0219i num\u0103rul de model al motorului \u0219i num\u0103rul total de ore\/km ale echipamentului.<\/li>\r\n<\/ul>\r\nEchipa tehnic\u0103 v\u0103 va r\u0103spunde \u00een cel mai scurt timp posibil.<\/p>\r\n\t\t\t\t\t\t\t\t\t\t\t\t\t<\/div>\r\n\t\t\t\t\t\t\t\t\t\t\t\t<\/li>\r\n\t\t\t\t\t\t\t\t\t\t\t\t\t\t\t\t\t\t\t\t\t\t\t<li class=\"FaqInfo\">\r\n\t\t\t\t\t\t\t\t\t\t\t\t\t<button class=\"FaqInfoHeading AppTitle h5\" ref=\"infoButton\" aria-label=\"Basculer\"><h4>Cum pot fi sigur de calitatea filtrelor HIFI FILTER\u00ae?<\/h4><\/button>\r\n\t\t\t\t\t\t\t\t\t\t\t\t\t<div class=\"FaqAnswerWrapper AppText\">\r\n\t\t\t\t\t\t\t\t\t\t\t\t\t\t<p>Produsele noastre sunt supuse unei aten\u021bii speciale pe tot parcursul procesului de calitate implementat de grupul HIFI FILTER\u00ae. De la proiectarea produsului p\u00e2n\u0103 la fabricarea acestuia, inclusiv controlul stocurilor, nimic nu este l\u0103sat la voia \u00eent\u00e2mpl\u0103rii pentru a certifica calitatea filtrelor HIFI\u00ae.<\/p>\r\n\t\t\t\t\t\t\t\t\t\t\t\t\t<\/div>\r\n\t\t\t\t\t\t\t\t\t\t\t\t<\/li>\r\n\t\t\t\t\t\t\t\t\t\t\t\t\t\t\t\t\t\t\t\t\t\t\t\t\t\t\t\t\t\t<\/ul>\r\n\t\t\t\t\t\t\t\t<\/div>\r\n\t\t\t\t\t\t\t<\/li>\r\n\t\t\t\t\t\t\t\t\t\t\t<\/ul>\r\n\t\t\t\t<\/div>\r\n\t\t\t<\/div>\r\n\t\t<\/div>\r\n\t\n\n\r\n    <div class=\"WideTextBanner\" data-component-id=\"WideTextBanner\">\r\n        <div class=\"WideTextBanner-wrapper\">\r\n            <div class=\"WideTextBanner-content\">\r\n                <p class=\"AppTitle h2\">Nici un r\u0103spuns<\/p>                <p class=\"WideTextBanner-subtitle\">Scrie\u021bi-ne,\r\nechipele noastre v\u0103 vor r\u0103spunde.<\/p>                                <div class=\"WideTextBanner-buttons\">\r\n                    <div class=\"Button\" data-component-id=\"Button\">\r\n                        <a class=\"Button-component\" href=\"https:\/\/hifi-filter.com\/ro\/contact\/\" target=\"_self\" aria-label=\"Contacta\u021bi\" data-trk-other-cta=\"Contacta\u021bi\">\r\n                            <span class=\"Button-text\">Contacta\u021bi<\/span>\r\n                        <\/a>\r\n                    <\/div>\r\n                <\/div>\r\n                            <\/div>\r\n        <\/div>\r\n    <\/div>\r\n","protected":false},"excerpt":{"rendered":"","protected":false},"author":1,"featured_media":0,"parent":0,"menu_order":155,"comment_status":"closed","ping_status":"closed","template":"pages\/hero_avec_accroche.php","meta":{"_acf_changed":false,"footnotes":""},"acf":[],"yoast_head":"<!-- This site is optimized with the Yoast SEO plugin v22.2 - https:\/\/yoast.com\/wordpress\/plugins\/seo\/ -->\n<title>\u00centreb\u0103ri\/R\u0103spunsuri cu privire la catalogul de filtre \u0219i servicii | HIFI FILTER<\/title>\n<meta name=\"description\" content=\"Ave\u021bi o \u00eentrebare legat\u0103 de catalogul sau serviciile HIFI FILTER? Este posibil s\u0103 g\u0103si\u021bi r\u0103spunsul aici.\" \/>\n<meta name=\"robots\" content=\"index, follow, max-snippet:-1, max-image-preview:large, max-video-preview:-1\" \/>\n<link rel=\"canonical\" href=\"https:\/\/hifi-filter.com\/ro\/faq\/\" \/>\n<script type=\"application\/ld+json\" class=\"yoast-schema-graph\">{\"@context\":\"https:\/\/schema.org\",\"@graph\":[{\"@type\":\"WebPage\",\"@id\":\"https:\/\/hifi-filter.com\/ro\/faq\/\",\"url\":\"https:\/\/hifi-filter.com\/ro\/faq\/\",\"name\":\"\u00centreb\u0103ri\/R\u0103spunsuri cu privire la catalogul de filtre \u0219i servicii | HIFI FILTER\",\"isPartOf\":{\"@id\":\"https:\/\/hifi-filter.com\/ro\/#website\"},\"datePublished\":\"2021-09-05T00:08:14+00:00\",\"dateModified\":\"2024-02-13T07:34:14+00:00\",\"description\":\"Ave\u021bi o \u00eentrebare legat\u0103 de catalogul sau serviciile HIFI FILTER? Este posibil s\u0103 g\u0103si\u021bi r\u0103spunsul aici.\",\"breadcrumb\":{\"@id\":\"https:\/\/hifi-filter.com\/ro\/faq\/#breadcrumb\"},\"inLanguage\":\"ro-RO\",\"potentialAction\":[{\"@type\":\"ReadAction\",\"target\":[\"https:\/\/hifi-filter.com\/ro\/faq\/\"]}]},{\"@type\":\"BreadcrumbList\",\"@id\":\"https:\/\/hifi-filter.com\/ro\/faq\/#breadcrumb\",\"itemListElement\":[{\"@type\":\"ListItem\",\"position\":1,\"name\":\"Home\",\"item\":\"https:\/\/hifi-filter.com\/ro\/\"},{\"@type\":\"ListItem\",\"position\":2,\"name\":\"FAQ\"}]},{\"@type\":\"WebSite\",\"@id\":\"https:\/\/hifi-filter.com\/ro\/#website\",\"url\":\"https:\/\/hifi-filter.com\/ro\/\",\"name\":\"HIFI FILTER\",\"description\":\"Your partner in filtration &amp; separation\",\"publisher\":{\"@id\":\"https:\/\/hifi-filter.com\/ro\/#organization\"},\"potentialAction\":[{\"@type\":\"SearchAction\",\"target\":{\"@type\":\"EntryPoint\",\"urlTemplate\":\"https:\/\/hifi-filter.com\/ro\/?s={search_term_string}\"},\"query-input\":\"required name=search_term_string\"}],\"inLanguage\":\"ro-RO\"},{\"@type\":\"Organization\",\"@id\":\"https:\/\/hifi-filter.com\/ro\/#organization\",\"name\":\"HIFI FILTER\",\"url\":\"https:\/\/hifi-filter.com\/ro\/\",\"logo\":{\"@type\":\"ImageObject\",\"inLanguage\":\"ro-RO\",\"@id\":\"https:\/\/hifi-filter.com\/ro\/#\/schema\/logo\/image\/\",\"url\":\"https:\/\/hifi-filter.com\/wp-content\/uploads\/2021\/11\/cropped-Favicon-HIFI-FILTER-1.png\",\"contentUrl\":\"https:\/\/hifi-filter.com\/wp-content\/uploads\/2021\/11\/cropped-Favicon-HIFI-FILTER-1.png\",\"width\":190,\"height\":190,\"caption\":\"HIFI FILTER\"},\"image\":{\"@id\":\"https:\/\/hifi-filter.com\/ro\/#\/schema\/logo\/image\/\"},\"sameAs\":[\"https:\/\/www.facebook.com\/hififilter.group\",\"https:\/\/www.linkedin.com\/company\/hififilter\/\"]}]}<\/script>\n<!-- \/ Yoast SEO plugin. -->","yoast_head_json":{"title":"\u00centreb\u0103ri\/R\u0103spunsuri cu privire la catalogul de filtre \u0219i servicii | HIFI FILTER","description":"Ave\u021bi o \u00eentrebare legat\u0103 de catalogul sau serviciile HIFI FILTER? Este posibil s\u0103 g\u0103si\u021bi r\u0103spunsul aici.","robots":{"index":"index","follow":"follow","max-snippet":"max-snippet:-1","max-image-preview":"max-image-preview:large","max-video-preview":"max-video-preview:-1"},"canonical":"https:\/\/hifi-filter.com\/ro\/faq\/","schema":{"@context":"https:\/\/schema.org","@graph":[{"@type":"WebPage","@id":"https:\/\/hifi-filter.com\/ro\/faq\/","url":"https:\/\/hifi-filter.com\/ro\/faq\/","name":"\u00centreb\u0103ri\/R\u0103spunsuri cu privire la catalogul de filtre \u0219i servicii | HIFI FILTER","isPartOf":{"@id":"https:\/\/hifi-filter.com\/ro\/#website"},"datePublished":"2021-09-05T00:08:14+00:00","dateModified":"2024-02-13T07:34:14+00:00","description":"Ave\u021bi o \u00eentrebare legat\u0103 de catalogul sau serviciile HIFI FILTER? Este posibil s\u0103 g\u0103si\u021bi r\u0103spunsul aici.","breadcrumb":{"@id":"https:\/\/hifi-filter.com\/ro\/faq\/#breadcrumb"},"inLanguage":"ro-RO","potentialAction":[{"@type":"ReadAction","target":["https:\/\/hifi-filter.com\/ro\/faq\/"]}]},{"@type":"BreadcrumbList","@id":"https:\/\/hifi-filter.com\/ro\/faq\/#breadcrumb","itemListElement":[{"@type":"ListItem","position":1,"name":"Home","item":"https:\/\/hifi-filter.com\/ro\/"},{"@type":"ListItem","position":2,"name":"FAQ"}]},{"@type":"WebSite","@id":"https:\/\/hifi-filter.com\/ro\/#website","url":"https:\/\/hifi-filter.com\/ro\/","name":"HIFI FILTER","description":"Your partner in filtration &amp; separation","publisher":{"@id":"https:\/\/hifi-filter.com\/ro\/#organization"},"potentialAction":[{"@type":"SearchAction","target":{"@type":"EntryPoint","urlTemplate":"https:\/\/hifi-filter.com\/ro\/?s={search_term_string}"},"query-input":"required name=search_term_string"}],"inLanguage":"ro-RO"},{"@type":"Organization","@id":"https:\/\/hifi-filter.com\/ro\/#organization","name":"HIFI FILTER","url":"https:\/\/hifi-filter.com\/ro\/","logo":{"@type":"ImageObject","inLanguage":"ro-RO","@id":"https:\/\/hifi-filter.com\/ro\/#\/schema\/logo\/image\/","url":"https:\/\/hifi-filter.com\/wp-content\/uploads\/2021\/11\/cropped-Favicon-HIFI-FILTER-1.png","contentUrl":"https:\/\/hifi-filter.com\/wp-content\/uploads\/2021\/11\/cropped-Favicon-HIFI-FILTER-1.png","width":190,"height":190,"caption":"HIFI FILTER"},"image":{"@id":"https:\/\/hifi-filter.com\/ro\/#\/schema\/logo\/image\/"},"sameAs":["https:\/\/www.facebook.com\/hififilter.group","https:\/\/www.linkedin.com\/company\/hififilter\/"]}]}},"_links":{"self":[{"href":"https:\/\/hifi-filter.com\/ro\/wp-json\/wp\/v2\/pages\/17467"}],"collection":[{"href":"https:\/\/hifi-filter.com\/ro\/wp-json\/wp\/v2\/pages"}],"about":[{"href":"https:\/\/hifi-filter.com\/ro\/wp-json\/wp\/v2\/types\/page"}],"author":[{"embeddable":true,"href":"https:\/\/hifi-filter.com\/ro\/wp-json\/wp\/v2\/users\/1"}],"replies":[{"embeddable":true,"href":"https:\/\/hifi-filter.com\/ro\/wp-json\/wp\/v2\/comments?post=17467"}],"version-history":[{"count":5,"href":"https:\/\/hifi-filter.com\/ro\/wp-json\/wp\/v2\/pages\/17467\/revisions"}],"predecessor-version":[{"id":23971,"href":"https:\/\/hifi-filter.com\/ro\/wp-json\/wp\/v2\/pages\/17467\/revisions\/23971"}],"wp:attachment":[{"href":"https:\/\/hifi-filter.com\/ro\/wp-json\/wp\/v2\/media?parent=17467"}],"curies":[{"name":"wp","href":"https:\/\/api.w.org\/{rel}","templated":true}]}}