{"id":17912,"date":"2021-11-04T13:25:21","date_gmt":"2021-11-04T12:25:21","guid":{"rendered":"https:\/\/hifi-filter.sitendev.com\/mentions-legales\/"},"modified":"2026-02-27T08:14:46","modified_gmt":"2026-02-27T07:14:46","slug":"informatii-juridice","status":"publish","type":"page","link":"https:\/\/hifi-filter.com\/ro\/informatii-juridice\/","title":{"rendered":"Informa\u021bii juridice"},"content":{"rendered":"<div class=\"Text1Column\" data-component-id=\"Text1Column\">\r\n            <div class=\"Text1Column-text AppText\"><p><strong>\/\/\/ Sediul central :<\/strong><\/p>\r\n<p>HIFI FILTER S.A.<br \/>\r\nRue Comble-Emine 9 \u2013 CP46<br \/>\r\n2053 Cernier \u2013 SUISSE<br \/>\r\nTel\u00a0: +41 (0)32 854 20 10 \u2013 info@hifi-filter.ch<\/p>\r\n<p>Capital social de 100.000 CHF<br \/>\r\nNum\u0103r de identificare fiscal\u0103 : CHE-114.945.835<br \/>\r\nNum\u0103r de \u00eenregistrare federal : CH-645.4.103.008-4<\/p>\r\n<p>Director de publicare: dl. Pierre Hirschi<\/p>\r\n<p><strong>\u00a0<\/strong><\/p>\r\n<p><strong>\/\/\/ G\u0103zduire: <\/strong><\/p>\r\n<p>Site-ul hifi-filter.com este g\u0103zduit de<br \/>\r\nInfomaniak<br \/>\r\nRue Eug\u00e8ne-Marziano 25<br \/>\r\n1227 Les Acacias, Switzerland<\/p>\r\n<p>Site-ul catalog.hifi-filter.com este g\u0103zduit de<br \/>\r\nAmazon Web Services EMEA SARL<br \/>\r\n5 rue Plaetis<br \/>\r\n2338 Luxembourg &#8211; Luxembourg<\/p>\r\n<p><strong>\u00a0<\/strong><\/p>\r\n<p><strong>\/\/\/ Dezvoltare \u0219i \u00eentre\u021binere :<br \/>\r\n<\/strong>Acest site a fost dezvoltat \u0219i este \u00eentre\u021binut de :<br \/>\r\n<a href=\"http:\/\/www.digitz.fr\/\">DIGITZ<\/a><br \/>\r\n73 Cours Albert Thomas,<br \/>\r\n69003 Lyon &#8211; France<br \/>\r\nT\u00e9l. :\u00a0<a href=\"tel:0484350475\">04 82 53 32 01<\/a><\/p>\r\n<p><strong>\u00a0<\/strong><\/p>\r\n<p><strong>\/\/\/ Referin\u021be: <\/strong><\/p>\r\n<p>Acest site este men\u021bionat de :<br \/>\r\nYumens<br \/>\r\n8 av. Tony Garnier<br \/>\r\n69007 Lyon &#8211; France<br \/>\r\nTel.\u00a0: 04 57 70 00 24<\/p>\r\n<p>&nbsp;<\/p>\r\n<p><strong>\/\/\/ Informa\u021bii de proiectare : <\/strong><\/p>\r\n<p>Acest site a fost proiectat \u0219i dezvoltat de :<br \/>\r\nAKARU<br \/>\r\n9 Quai Andr\u00e9 Lassagne<br \/>\r\n69007 Lyon &#8211; France<br \/>\r\nTel.\u00a0: 04 82 33 85 10<\/p>\r\n<p>&nbsp;<\/p>\r\n<p><strong>\/\/\/ Drepturi de autor \/ Copyright<\/strong><\/p>\r\n<p>Imaginile, precum \u0219i logo-urile m\u0103rcilor HIFI FILTER\u00ae \u0219i H-AIR FILTER\u00ae sunt \u00eenregistrate \u00een numeroase \u021b\u0103ri de c\u0103tre Hifi Group S.A. Men\u021bionarea acestora nu acord\u0103 \u00een niciun caz o licen\u021b\u0103 sau vreun drept de utilizare a m\u0103rcilor men\u021bionate, care, prin urmare, nu pot fi utilizate f\u0103r\u0103 acordul prealabil scris al proprietarului m\u0103rcii, sub sanc\u021biunea \u00eenc\u0103lc\u0103rii acestora.<\/p>\r\n<p>Desenele \u0219i fotografiile 3D ale gamei de filtre sunt proprietatea grupului HIFI FILTER. Orice reprezentare total\u0103 sau par\u021bial\u0103 a acestui site \u0219i a acestor imagini, prin orice mijloace, este strict interzis\u0103 f\u0103r\u0103 o autoriza\u021bie prealabil\u0103 scris\u0103 din partea HIFI FILTER\u00ae \u0219i ar constitui o contraven\u021bie sanc\u021bionat\u0103 de articolele L 355-2 \u0219i urm\u0103toarele din Codul propriet\u0103\u021bii intelectuale.<\/p>\r\n<p><strong>\u00a0<\/strong><\/p>\r\n<p><strong>\/\/\/ Credit foto\/video<\/strong><\/p>\r\n<p>Marc Jardot<br \/>\r\nSmize production<br \/>\r\nAdobe stock<\/p>\r\n<p>&nbsp;<\/p>\r\n<p><strong>\/\/\/ Men\u021biona\u021bi cookie-urile<\/strong>\u00a0:<\/p>\r\n<p>Utiliz\u0103m diverse module cookie pe site pentru a \u00eembun\u0103t\u0103\u021bi interactivitatea site-ului \u0219i a serviciilor noastre.<\/p>\r\n<p>Ce este un &#8222;cookie&#8221;?<br \/>\r\nUn &#8222;cookie&#8221; este un fi\u0219ier de dimensiuni limitate, format de obicei din litere \u0219i numere, trimis de serverul web la fi\u0219ierul cookie al browserului aflat pe hard disk-ul computerului dumneavoastr\u0103.<\/p>\r\n<p>Scopul cookie-urilor utilizate pe site<br \/>\r\nSite-ul www.hifi-filter.com utilizeaz\u0103 cookie-uri \u00een scopul principal de a urm\u0103ri datele analitice de pe site, utilizarea site-ului de c\u0103tre utilizatori \u0219i pentru a \u00eembun\u0103t\u0103\u021bi serviciile site-ului.<\/p>\r\n<p>Pentru mai multe informa\u021bii, v\u0103 rug\u0103m s\u0103 vizita\u021bi site-ul <a href=\"https:\/\/hifi-filter.com\/ro\/politica-de-confidentilitate\/\"><span style=\"text-decoration: underline;\"><strong>politica de confiden\u021bialitate<\/strong><\/span><\/a><\/p>\r\n<p>&nbsp;<\/p>\r\n<p><strong>\/\/\/ Informa\u021bii privind utilizarea datelor cu caracter personal<\/strong>\u00a0:<\/p>\r\n<p>Regulamentul general privind protec\u021bia datelor (GDPR), care a intrat \u00een vigoare la 25 mai 2018, stabile\u0219te principiile care trebuie respectate la colectarea, prelucrarea \u0219i stocarea datelor cu caracter personal. De asemenea, acesta garanteaz\u0103 drepturile persoanelor vizate.<\/p>\r\n<p>Pentru mai multe informa\u021bii, v\u0103 rug\u0103m s\u0103 vizita\u021bi <a href=\"https:\/\/hifi-filter.com\/ro\/politica-de-confidentilitate\/\"><span style=\"text-decoration: underline;\"><strong>politica de confiden\u021bialitate<\/strong><\/span><\/a><\/p>\r\n<p>&nbsp;<\/p>\r\n<p><strong>\/\/\/ Traducerea anun\u021burilor juridice<\/strong><\/p>\r\n<p>Anun\u021burile noastre juridice sunt traduse c\u00e2t se poate de fiabil, dar numai versiunea francez\u0103 este obligatorie din punct de vedere contractual, \u00een special \u00een cazul unor diferen\u021be de interpretare.<\/p>            <\/div>\r\n<\/div>\r\n\r\n","protected":false},"excerpt":{"rendered":"","protected":false},"author":1,"featured_media":0,"parent":0,"menu_order":197,"comment_status":"closed","ping_status":"closed","template":"","meta":{"_acf_changed":false,"footnotes":""},"acf":[],"yoast_head":"<!-- This site is optimized with the Yoast SEO plugin v22.2 - https:\/\/yoast.com\/wordpress\/plugins\/seo\/ -->\n<title>Informa\u021bii juridice | HIFI FILTER<\/title>\n<meta name=\"description\" content=\"Votre partenaire en filtration HIFI FILTER, la marque leader des filtres compatibles\" \/>\n<meta name=\"robots\" content=\"noindex, nofollow\" \/>\n<script type=\"application\/ld+json\" class=\"yoast-schema-graph\">{\"@context\":\"https:\/\/schema.org\",\"@graph\":[{\"@type\":\"WebPage\",\"@id\":\"https:\/\/hifi-filter.com\/ro\/informatii-juridice\/\",\"url\":\"https:\/\/hifi-filter.com\/ro\/informatii-juridice\/\",\"name\":\"Informa\u021bii juridice | HIFI FILTER\",\"isPartOf\":{\"@id\":\"https:\/\/hifi-filter.com\/ro\/#website\"},\"datePublished\":\"2021-11-04T12:25:21+00:00\",\"dateModified\":\"2026-02-27T07:14:46+00:00\",\"breadcrumb\":{\"@id\":\"https:\/\/hifi-filter.com\/ro\/informatii-juridice\/#breadcrumb\"},\"inLanguage\":\"ro-RO\",\"potentialAction\":[{\"@type\":\"ReadAction\",\"target\":[\"https:\/\/hifi-filter.com\/ro\/informatii-juridice\/\"]}]},{\"@type\":\"BreadcrumbList\",\"@id\":\"https:\/\/hifi-filter.com\/ro\/informatii-juridice\/#breadcrumb\",\"itemListElement\":[{\"@type\":\"ListItem\",\"position\":1,\"name\":\"Home\",\"item\":\"https:\/\/hifi-filter.com\/ro\/\"},{\"@type\":\"ListItem\",\"position\":2,\"name\":\"Informa\u021bii juridice\"}]},{\"@type\":\"WebSite\",\"@id\":\"https:\/\/hifi-filter.com\/ro\/#website\",\"url\":\"https:\/\/hifi-filter.com\/ro\/\",\"name\":\"HIFI FILTER\",\"description\":\"Your partner in filtration &amp; separation\",\"publisher\":{\"@id\":\"https:\/\/hifi-filter.com\/ro\/#organization\"},\"potentialAction\":[{\"@type\":\"SearchAction\",\"target\":{\"@type\":\"EntryPoint\",\"urlTemplate\":\"https:\/\/hifi-filter.com\/ro\/?s={search_term_string}\"},\"query-input\":\"required name=search_term_string\"}],\"inLanguage\":\"ro-RO\"},{\"@type\":\"Organization\",\"@id\":\"https:\/\/hifi-filter.com\/ro\/#organization\",\"name\":\"HIFI FILTER\",\"url\":\"https:\/\/hifi-filter.com\/ro\/\",\"logo\":{\"@type\":\"ImageObject\",\"inLanguage\":\"ro-RO\",\"@id\":\"https:\/\/hifi-filter.com\/ro\/#\/schema\/logo\/image\/\",\"url\":\"https:\/\/hifi-filter.com\/wp-content\/uploads\/2021\/11\/cropped-Favicon-HIFI-FILTER-1.png\",\"contentUrl\":\"https:\/\/hifi-filter.com\/wp-content\/uploads\/2021\/11\/cropped-Favicon-HIFI-FILTER-1.png\",\"width\":190,\"height\":190,\"caption\":\"HIFI FILTER\"},\"image\":{\"@id\":\"https:\/\/hifi-filter.com\/ro\/#\/schema\/logo\/image\/\"},\"sameAs\":[\"https:\/\/www.facebook.com\/hififilter.group\",\"https:\/\/www.linkedin.com\/company\/hififilter\/\"]}]}<\/script>\n<!-- \/ Yoast SEO plugin. -->","yoast_head_json":{"title":"Informa\u021bii juridice | HIFI FILTER","description":"Votre partenaire en filtration HIFI FILTER, la marque leader des filtres compatibles","robots":{"index":"noindex","follow":"nofollow"},"schema":{"@context":"https:\/\/schema.org","@graph":[{"@type":"WebPage","@id":"https:\/\/hifi-filter.com\/ro\/informatii-juridice\/","url":"https:\/\/hifi-filter.com\/ro\/informatii-juridice\/","name":"Informa\u021bii juridice | HIFI FILTER","isPartOf":{"@id":"https:\/\/hifi-filter.com\/ro\/#website"},"datePublished":"2021-11-04T12:25:21+00:00","dateModified":"2026-02-27T07:14:46+00:00","breadcrumb":{"@id":"https:\/\/hifi-filter.com\/ro\/informatii-juridice\/#breadcrumb"},"inLanguage":"ro-RO","potentialAction":[{"@type":"ReadAction","target":["https:\/\/hifi-filter.com\/ro\/informatii-juridice\/"]}]},{"@type":"BreadcrumbList","@id":"https:\/\/hifi-filter.com\/ro\/informatii-juridice\/#breadcrumb","itemListElement":[{"@type":"ListItem","position":1,"name":"Home","item":"https:\/\/hifi-filter.com\/ro\/"},{"@type":"ListItem","position":2,"name":"Informa\u021bii juridice"}]},{"@type":"WebSite","@id":"https:\/\/hifi-filter.com\/ro\/#website","url":"https:\/\/hifi-filter.com\/ro\/","name":"HIFI FILTER","description":"Your partner in filtration &amp; separation","publisher":{"@id":"https:\/\/hifi-filter.com\/ro\/#organization"},"potentialAction":[{"@type":"SearchAction","target":{"@type":"EntryPoint","urlTemplate":"https:\/\/hifi-filter.com\/ro\/?s={search_term_string}"},"query-input":"required name=search_term_string"}],"inLanguage":"ro-RO"},{"@type":"Organization","@id":"https:\/\/hifi-filter.com\/ro\/#organization","name":"HIFI FILTER","url":"https:\/\/hifi-filter.com\/ro\/","logo":{"@type":"ImageObject","inLanguage":"ro-RO","@id":"https:\/\/hifi-filter.com\/ro\/#\/schema\/logo\/image\/","url":"https:\/\/hifi-filter.com\/wp-content\/uploads\/2021\/11\/cropped-Favicon-HIFI-FILTER-1.png","contentUrl":"https:\/\/hifi-filter.com\/wp-content\/uploads\/2021\/11\/cropped-Favicon-HIFI-FILTER-1.png","width":190,"height":190,"caption":"HIFI FILTER"},"image":{"@id":"https:\/\/hifi-filter.com\/ro\/#\/schema\/logo\/image\/"},"sameAs":["https:\/\/www.facebook.com\/hififilter.group","https:\/\/www.linkedin.com\/company\/hififilter\/"]}]}},"_links":{"self":[{"href":"https:\/\/hifi-filter.com\/ro\/wp-json\/wp\/v2\/pages\/17912"}],"collection":[{"href":"https:\/\/hifi-filter.com\/ro\/wp-json\/wp\/v2\/pages"}],"about":[{"href":"https:\/\/hifi-filter.com\/ro\/wp-json\/wp\/v2\/types\/page"}],"author":[{"embeddable":true,"href":"https:\/\/hifi-filter.com\/ro\/wp-json\/wp\/v2\/users\/1"}],"replies":[{"embeddable":true,"href":"https:\/\/hifi-filter.com\/ro\/wp-json\/wp\/v2\/comments?post=17912"}],"version-history":[{"count":22,"href":"https:\/\/hifi-filter.com\/ro\/wp-json\/wp\/v2\/pages\/17912\/revisions"}],"predecessor-version":[{"id":34661,"href":"https:\/\/hifi-filter.com\/ro\/wp-json\/wp\/v2\/pages\/17912\/revisions\/34661"}],"wp:attachment":[{"href":"https:\/\/hifi-filter.com\/ro\/wp-json\/wp\/v2\/media?parent=17912"}],"curies":[{"name":"wp","href":"https:\/\/api.w.org\/{rel}","templated":true}]}}