{"id":46708,"date":"2025-06-23T15:04:09","date_gmt":"2025-06-23T13:04:09","guid":{"rendered":"https:\/\/hifi-filter.com\/nos-engagements\/"},"modified":"2026-02-25T09:30:46","modified_gmt":"2026-02-25T08:30:46","slug":"angajamentele-noastre","status":"publish","type":"page","link":"https:\/\/hifi-filter.com\/ro\/angajamentele-noastre\/","title":{"rendered":"Angajamentele noastre"},"content":{"rendered":"<div class=\"Quote red-background\" data-component-id=\"Quote\">\n    <div class=\"Quote-text\"><span class=\"Quote-sign\">\u201c<\/span>\u00cembun\u0103t\u0103\u021birea continu\u0103 se afl\u0103 \u00een centrul activit\u0103\u021bii noastre. Aceasta ne ghideaz\u0103 organizarea, metodele de lucru \u0219i rela\u021biile cu clien\u021bii no\u0219tri.<span class=\"Quote-sign\">\u201c<\/span><\/div>\n    <p class=\"Quote-author\">\/\/\/<\/p>\n<\/div>\n\n<div class=\"Introduction\" data-component-id=\"Introduction\">\n    <h3 class=\"AppTitle h1 theme-reverse\"><\/h3>\n    <h2 class=\"AppTitle h1 theme-highlight\">Managementul calit\u0103\u021bii<\/h2>\n    <div class=\"AppText\">Organizarea noastr\u0103 se bazeaz\u0103 pe <strong>procese clare, evolutive \u0219i armonizate<\/strong>, adaptate la specificit\u0103\u021bile locale ale fiec\u0103rei entit\u0103\u021bi HIFI FILTER\u00ae. Aceast\u0103 structur\u0103 ne permite s\u0103 asigur\u0103m <strong>fiabilitatea<\/strong> <strong>serviciilor noastre, s\u0103 ne ascult\u0103m cu aten\u021bie clien\u021bii \u0219i s\u0103 ne \u00eembun\u0103t\u0103\u021bim continuu activit\u0103\u021bile<\/strong>.<\/div>\n<\/div>\n\n<div class=\"ArticleEdito reverse\" data-component-id=\"ArticleEdito\">\r\n    <div class=\"ArticleEdito-content\">\r\n        <h2 class=\"ArticleEdito-title\">Certificare ISO 9001<\/h2>        <div class=\"ArticleEdito-text AppText AppScrollbar\">Certificarea <strong>ISO 9001<\/strong> reflect\u0103 dorin\u021ba noastr\u0103 de a ne formaliza \u0219i de a ne \u00eembun\u0103t\u0103\u021bi continuu angajamentele privind calitatea. Aceasta certific\u0103 faptul c\u0103 organiza\u021bia noastr\u0103 \u00eendepline\u0219te cerin\u021bele interna\u021bionale \u00een ceea ce prive\u0219te <strong>satisfac\u021bia clien\u021bilor, controlul proceselor \u0219i performan\u021ba durabil\u0103<\/strong>.\r\n\r\nCare este aportul concret :\r\n<ul>\r\n \t<li><strong>Fiabilitate:<\/strong> produse \u0219i servicii constante bazate pe procese controlate<\/li>\r\n \t<li><strong>Ascultare:<\/strong> aten\u021bie constant\u0103 la feedback-ul dumneavoastr\u0103<\/li>\r\n \t<li><strong>Siguran\u021b\u0103:<\/strong> livr\u0103ri conforme \u0219i monitorizare riguroas\u0103<\/li>\r\n \t<li><strong>Receptivitate:<\/strong> echipe mobilizate pentru a r\u0103spunde nevoilor dumneavoastr\u0103<\/li>\r\n<\/ul><\/div>\r\n            <\/div>\r\n    <div class=\"Image ArticleEdito-image\" data-component-id=\"image\">\r\n        <picture>\r\n            <img class=\"lazyload\" data-src=\"https:\/\/hifi-filter.com\/wp-content\/uploads\/2025\/06\/ISO-9001-LR.jpg\" width=\"1440\" height=\"800\"\r\n                alt=\"Image non trouv\u00e9e\" draggable=\"false\">\r\n        <\/picture>\r\n    <\/div>\r\n<\/div>\n\n<div class=\"Text1Column\" data-component-id=\"Text1Column\">\r\n    <h2 class=\"Text1Column-title\">Site-uri certificate ISO 9001<\/h2>        <div class=\"Text1Column-text AppText\"><ul>\r\n \t<li><strong>HIFI GROUP SA<\/strong> \u2013 Sediul grupului (Cernier, Elve\u021bia): <span style=\"text-decoration: underline;\"><a href=\"https:\/\/hifi-filter.com\/wp-content\/uploads\/2025\/07\/GROUP_Certificat-ISO-9001-2025-2028_EN_with-password.pdf\">Desc\u0103rca\u021bi certificatul (EN)<\/a>,<\/span> <span style=\"text-decoration: underline;\"><a href=\"https:\/\/hifi-filter.com\/wp-content\/uploads\/2025\/06\/GROUP_Certificat-ISO-9001-2025-2028_FR_-with-password.pdf\">Desc\u0103rca\u021bi certificatul (FR)<\/a><\/span><\/li>\r\n \t<li><strong>HIFI FILTER SA<\/strong> \u2013 Societate de distribu\u021bie (Cernier, Elve\u021bia): <span style=\"text-decoration: underline;\"><a href=\"https:\/\/hifi-filter.com\/wp-content\/uploads\/2025\/07\/GROUP_Certificat-ISO-9001-2025-2028_EN_with-password.pdf\">Desc\u0103rca\u021bi certificatul (EN)<\/a>,<\/span> <span style=\"text-decoration: underline;\"><a href=\"https:\/\/hifi-filter.com\/wp-content\/uploads\/2025\/06\/GROUP_Certificat-ISO-9001-2025-2028_FR_-with-password.pdf\">Desc\u0103rca\u021bi certificatul (FR)<\/a><\/span><\/li>\r\n \t<li><strong>HIFI FILTER SA<\/strong> \u2013 Societate de distribu\u021bie (Zurich, Elve\u021bia): <span style=\"text-decoration: underline;\"><a href=\"https:\/\/hifi-filter.com\/wp-content\/uploads\/2025\/07\/GROUP_Certificat-ISO-9001-2025-2028_EN_with-password.pdf\">Desc\u0103rca\u021bi certificatul (EN)<\/a>,<\/span> <span style=\"text-decoration: underline;\"><a href=\"https:\/\/hifi-filter.com\/wp-content\/uploads\/2025\/06\/GROUP_Certificat-ISO-9001-2025-2028_FR_-with-password.pdf\">Desc\u0103rca\u021bi certificatul (FR)<\/a><\/span><\/li>\r\n \t<li><strong>HIFI FILTER FRANCE SAS<\/strong> \u2013 Entitate de distribu\u021bie (Pontarlier, Fran\u021ba): <span style=\"text-decoration: underline;\"><a href=\"https:\/\/hifi-filter.com\/wp-content\/uploads\/2025\/07\/GROUP_Certificat-ISO-9001-2025-2028_EN_with-password.pdf\">Desc\u0103rca\u021bi certificatul (EN)<\/a>,<\/span> <a href=\"https:\/\/hifi-filter.com\/wp-content\/uploads\/2025\/06\/GROUP_Certificat-ISO-9001-2025-2028_FR_-with-password.pdf\"><span style=\"text-decoration: underline;\">Desc\u0103rca\u021bi certificatul (FR)<\/span><\/a><\/li>\r\n \t<li><strong>HIFI FILTER ROM S.R.L<\/strong> \u2013 Societate de distribu\u021bie (Otopeni, Rom\u00e2nia): <a href=\"https:\/\/hifi-filter.com\/wp-content\/uploads\/2025\/06\/RO-ISO-9001_2015_valabil-21.11.2025-with-password.pdf\"><span style=\"text-decoration: underline;\">Descarc\u0103 certificatul<\/span><\/a><\/li>\r\n \t<li><strong>HIFI FILTER IBERIA S.L.<\/strong> \u2013 Entitate de distribu\u021bie (Alcal\u00e1 de Henares, Spania): <span style=\"text-decoration: underline;\"><a href=\"https:\/\/hifi-filter.com\/wp-content\/uploads\/2025\/06\/ES_ISO9001-with-password.pdf\">Desc\u0103rca\u021bi certificatul<\/a><\/span><\/li>\r\n \t<li><strong>HIFI FILTER IBERIA S.L.<\/strong> \u2013 Entitate de distribu\u021bie (Calafell, Spania): <span style=\"text-decoration: underline;\"><a href=\"https:\/\/hifi-filter.com\/wp-content\/uploads\/2025\/06\/ES_ISO9001-with-password.pdf\">Desc\u0103rca\u021bi certificatul<\/a><\/span><\/li>\r\n \t<li><b>HIFI FILTER IBERIA S.L.<\/b> \u2013 Politica de calitate \u0219i protec\u021bie a mediului: <a href=\"https:\/\/hifi-filter.com\/wp-content\/uploads\/2026\/02\/ES_Politica-de-calidad-y-medio-ambiente-with-password.pdf\">Desc\u0103rca\u021bi<\/a><\/li>\r\n \t<li><strong>FILVENT (PTY) LTD<\/strong> \u2013 Entitate de distribu\u021bie (Witbank, Africa de Sud) : <span style=\"text-decoration: underline;\"><a href=\"https:\/\/hifi-filter.com\/wp-content\/uploads\/2025\/06\/ZA-FILVENT_ISO9001-with-password.pdf\">Desc\u0103rca\u021bi certificatul<\/a><\/span><\/li>\r\n<\/ul>            <\/div>\r\n<\/div>\r\n\r\n\n\n<div class=\"Introduction\" data-component-id=\"Introduction\">\n    <h3 class=\"AppTitle h1 theme-reverse\"><\/h3>\n    <h2 class=\"AppTitle h1 theme-highlight\">Mediul \u00eenconjur\u0103tor<\/h2>\n    <div class=\"AppText\">Angajamentul nostru fa\u021b\u0103 de mediu se bazeaz\u0103 pe <strong>ac\u021biuni concrete, m\u0103surabile,<\/strong> care sunt integrate \u00een toate activit\u0103\u021bile noastre. Prin structurarea abord\u0103rii noastre \u00een jurul unor repere recunoscute, ne asigur\u0103m c\u0103 contribuim <strong>la<\/strong> <strong>conservarea resurselor, la reducerea amprentei noastre ecologice \u0219i la \u00eembun\u0103t\u0103\u021birea continu\u0103 a performan\u021bei noastre de mediu.<\/strong><\/div>\n<\/div>\n\n<div class=\"ArticleEdito\" data-component-id=\"ArticleEdito\">\r\n    <div class=\"ArticleEdito-content\">\r\n        <h2 class=\"ArticleEdito-title\">Certificare ISO 14001<\/h2>        <div class=\"ArticleEdito-text AppText AppScrollbar\">Certificarea <strong>ISO 14001<\/strong> demonstreaz\u0103 angajamentul nostru fa\u021b\u0103 de protec\u021bia mediului. Aceasta face parte dintr-o abordare <strong>structurat\u0103 a managementului de mediu<\/strong>, care vizeaz\u0103 reducerea impactului nostru ecologic \u0219i \u00eembun\u0103t\u0103\u021birea continu\u0103 a practicilor noastre interne.\r\n\r\nAcest standard interna\u021bional ofer\u0103 un cadru clar pentru :\r\n<ul>\r\n \t<li>Identificarea \u0219i reducerea impactului activit\u0103\u021bilor noastre asupra mediului,<\/li>\r\n \t<li>Utilizarea eficient\u0103 a resurselor,<\/li>\r\n \t<li>Limitarea risipei,<\/li>\r\n \t<li>Anticiparea modific\u0103rilor de reglementare.<\/li>\r\n<\/ul>\r\nAceasta demonstreaz\u0103 hot\u0103r\u00e2rea noastr\u0103 de a contribui activ la conservarea resurselor naturale, la combaterea schimb\u0103rilor climatice \u0219i la protejarea biodiversit\u0103\u021bii.<\/div>\r\n            <\/div>\r\n    <div class=\"Image ArticleEdito-image\" data-component-id=\"image\">\r\n        <picture>\r\n            <img class=\"lazyload\" data-src=\"https:\/\/hifi-filter.com\/wp-content\/uploads\/2025\/06\/ISO-14001-LR.jpg\" width=\"1440\" height=\"800\"\r\n                alt=\"Image non trouv\u00e9e\" draggable=\"false\">\r\n        <\/picture>\r\n    <\/div>\r\n<\/div>\n\n<div class=\"Text1Column\" data-component-id=\"Text1Column\">\r\n    <h2 class=\"Text1Column-title\">Site-uri certificate ISO 14001<\/h2>        <div class=\"Text1Column-text AppText\"><ul>\r\n \t<li><strong>HIFI FILTER ROM S.R.L<\/strong> \u2013 Societate de distribu\u021bie (Otopeni, Rom\u00e2nia): <a href=\"https:\/\/hifi-filter.com\/wp-content\/uploads\/2025\/06\/RO-ISO-14001_2015_valabil-09.11.2025-with-password.pdf\"><span style=\"text-decoration: underline;\">Descarc\u0103 certificatul<\/span><\/a><\/li>\r\n \t<li><strong>HIFI FILTER IBERIA S.L.<\/strong> \u2013 Entitate de distribu\u021bie (Alcal\u00e1 de Henares, Spania): <a href=\"https:\/\/hifi-filter.com\/wp-content\/uploads\/2025\/06\/ES_ISO14001-with-password.pdf\"><span style=\"text-decoration: underline;\">Desc\u0103rca\u021bi certificatul<\/span><\/a><\/li>\r\n \t<li><strong>HIFI FILTER IBERIA S.L.<\/strong> \u2013 Entitate de distribu\u021bie (Calafell, Spania): <a href=\"https:\/\/hifi-filter.com\/wp-content\/uploads\/2025\/06\/ES_ISO14001-with-password.pdf\"><span style=\"text-decoration: underline;\">Desc\u0103rca\u021bi certificatul<\/span><\/a><\/li>\r\n \t<li><b>HIFI FILTER IBERIA S.L.<\/b> \u2013 Politica de calitate \u0219i protec\u021bie a mediului: <a href=\"https:\/\/hifi-filter.com\/wp-content\/uploads\/2026\/02\/ES_Politica-de-calidad-y-medio-ambiente-with-password.pdf\">Desc\u0103rca\u021bi<\/a><\/li>\r\n<\/ul>            <\/div>\r\n<\/div>\r\n\r\n","protected":false},"excerpt":{"rendered":"","protected":false},"author":7,"featured_media":46488,"parent":0,"menu_order":31,"comment_status":"closed","ping_status":"closed","template":"","meta":{"_acf_changed":false,"footnotes":""},"acf":[],"yoast_head":"<!-- This site is optimized with the Yoast SEO plugin v22.2 - https:\/\/yoast.com\/wordpress\/plugins\/seo\/ -->\n<title>Angajamentele noastre | HIFI FILTER<\/title>\n<meta name=\"description\" content=\"Votre partenaire en filtration HIFI FILTER, la marque leader des filtres compatibles\" \/>\n<meta name=\"robots\" content=\"index, follow, max-snippet:-1, max-image-preview:large, max-video-preview:-1\" \/>\n<link rel=\"canonical\" href=\"https:\/\/hifi-filter.com\/ro\/angajamentele-noastre\/\" \/>\n<meta name=\"twitter:label1\" content=\"Timp estimat pentru citire\" \/>\n\t<meta name=\"twitter:data1\" content=\"1 minut\" \/>\n<script type=\"application\/ld+json\" class=\"yoast-schema-graph\">{\"@context\":\"https:\/\/schema.org\",\"@graph\":[{\"@type\":\"WebPage\",\"@id\":\"https:\/\/hifi-filter.com\/ro\/angajamentele-noastre\/\",\"url\":\"https:\/\/hifi-filter.com\/ro\/angajamentele-noastre\/\",\"name\":\"Angajamentele noastre | HIFI FILTER\",\"isPartOf\":{\"@id\":\"https:\/\/hifi-filter.com\/ro\/#website\"},\"primaryImageOfPage\":{\"@id\":\"https:\/\/hifi-filter.com\/ro\/angajamentele-noastre\/#primaryimage\"},\"image\":{\"@id\":\"https:\/\/hifi-filter.com\/ro\/angajamentele-noastre\/#primaryimage\"},\"thumbnailUrl\":\"https:\/\/hifi-filter.com\/wp-content\/uploads\/2025\/06\/Banner-Our-commitment.jpg\",\"datePublished\":\"2025-06-23T13:04:09+00:00\",\"dateModified\":\"2026-02-25T08:30:46+00:00\",\"breadcrumb\":{\"@id\":\"https:\/\/hifi-filter.com\/ro\/angajamentele-noastre\/#breadcrumb\"},\"inLanguage\":\"ro-RO\",\"potentialAction\":[{\"@type\":\"ReadAction\",\"target\":[\"https:\/\/hifi-filter.com\/ro\/angajamentele-noastre\/\"]}]},{\"@type\":\"ImageObject\",\"inLanguage\":\"ro-RO\",\"@id\":\"https:\/\/hifi-filter.com\/ro\/angajamentele-noastre\/#primaryimage\",\"url\":\"https:\/\/hifi-filter.com\/wp-content\/uploads\/2025\/06\/Banner-Our-commitment.jpg\",\"contentUrl\":\"https:\/\/hifi-filter.com\/wp-content\/uploads\/2025\/06\/Banner-Our-commitment.jpg\",\"width\":1440,\"height\":520},{\"@type\":\"BreadcrumbList\",\"@id\":\"https:\/\/hifi-filter.com\/ro\/angajamentele-noastre\/#breadcrumb\",\"itemListElement\":[{\"@type\":\"ListItem\",\"position\":1,\"name\":\"Home\",\"item\":\"https:\/\/hifi-filter.com\/ro\/\"},{\"@type\":\"ListItem\",\"position\":2,\"name\":\"Angajamentele noastre\"}]},{\"@type\":\"WebSite\",\"@id\":\"https:\/\/hifi-filter.com\/ro\/#website\",\"url\":\"https:\/\/hifi-filter.com\/ro\/\",\"name\":\"HIFI FILTER\",\"description\":\"Your partner in filtration &amp; separation\",\"publisher\":{\"@id\":\"https:\/\/hifi-filter.com\/ro\/#organization\"},\"potentialAction\":[{\"@type\":\"SearchAction\",\"target\":{\"@type\":\"EntryPoint\",\"urlTemplate\":\"https:\/\/hifi-filter.com\/ro\/?s={search_term_string}\"},\"query-input\":\"required name=search_term_string\"}],\"inLanguage\":\"ro-RO\"},{\"@type\":\"Organization\",\"@id\":\"https:\/\/hifi-filter.com\/ro\/#organization\",\"name\":\"HIFI FILTER\",\"url\":\"https:\/\/hifi-filter.com\/ro\/\",\"logo\":{\"@type\":\"ImageObject\",\"inLanguage\":\"ro-RO\",\"@id\":\"https:\/\/hifi-filter.com\/ro\/#\/schema\/logo\/image\/\",\"url\":\"https:\/\/hifi-filter.com\/wp-content\/uploads\/2021\/11\/cropped-Favicon-HIFI-FILTER-1.png\",\"contentUrl\":\"https:\/\/hifi-filter.com\/wp-content\/uploads\/2021\/11\/cropped-Favicon-HIFI-FILTER-1.png\",\"width\":190,\"height\":190,\"caption\":\"HIFI FILTER\"},\"image\":{\"@id\":\"https:\/\/hifi-filter.com\/ro\/#\/schema\/logo\/image\/\"},\"sameAs\":[\"https:\/\/www.facebook.com\/hififilter.group\",\"https:\/\/www.linkedin.com\/company\/hififilter\/\"]}]}<\/script>\n<!-- \/ Yoast SEO plugin. -->","yoast_head_json":{"title":"Angajamentele noastre | HIFI FILTER","description":"Votre partenaire en filtration HIFI FILTER, la marque leader des filtres compatibles","robots":{"index":"index","follow":"follow","max-snippet":"max-snippet:-1","max-image-preview":"max-image-preview:large","max-video-preview":"max-video-preview:-1"},"canonical":"https:\/\/hifi-filter.com\/ro\/angajamentele-noastre\/","twitter_misc":{"Timp estimat pentru citire":"1 minut"},"schema":{"@context":"https:\/\/schema.org","@graph":[{"@type":"WebPage","@id":"https:\/\/hifi-filter.com\/ro\/angajamentele-noastre\/","url":"https:\/\/hifi-filter.com\/ro\/angajamentele-noastre\/","name":"Angajamentele noastre | HIFI FILTER","isPartOf":{"@id":"https:\/\/hifi-filter.com\/ro\/#website"},"primaryImageOfPage":{"@id":"https:\/\/hifi-filter.com\/ro\/angajamentele-noastre\/#primaryimage"},"image":{"@id":"https:\/\/hifi-filter.com\/ro\/angajamentele-noastre\/#primaryimage"},"thumbnailUrl":"https:\/\/hifi-filter.com\/wp-content\/uploads\/2025\/06\/Banner-Our-commitment.jpg","datePublished":"2025-06-23T13:04:09+00:00","dateModified":"2026-02-25T08:30:46+00:00","breadcrumb":{"@id":"https:\/\/hifi-filter.com\/ro\/angajamentele-noastre\/#breadcrumb"},"inLanguage":"ro-RO","potentialAction":[{"@type":"ReadAction","target":["https:\/\/hifi-filter.com\/ro\/angajamentele-noastre\/"]}]},{"@type":"ImageObject","inLanguage":"ro-RO","@id":"https:\/\/hifi-filter.com\/ro\/angajamentele-noastre\/#primaryimage","url":"https:\/\/hifi-filter.com\/wp-content\/uploads\/2025\/06\/Banner-Our-commitment.jpg","contentUrl":"https:\/\/hifi-filter.com\/wp-content\/uploads\/2025\/06\/Banner-Our-commitment.jpg","width":1440,"height":520},{"@type":"BreadcrumbList","@id":"https:\/\/hifi-filter.com\/ro\/angajamentele-noastre\/#breadcrumb","itemListElement":[{"@type":"ListItem","position":1,"name":"Home","item":"https:\/\/hifi-filter.com\/ro\/"},{"@type":"ListItem","position":2,"name":"Angajamentele noastre"}]},{"@type":"WebSite","@id":"https:\/\/hifi-filter.com\/ro\/#website","url":"https:\/\/hifi-filter.com\/ro\/","name":"HIFI FILTER","description":"Your partner in filtration &amp; separation","publisher":{"@id":"https:\/\/hifi-filter.com\/ro\/#organization"},"potentialAction":[{"@type":"SearchAction","target":{"@type":"EntryPoint","urlTemplate":"https:\/\/hifi-filter.com\/ro\/?s={search_term_string}"},"query-input":"required name=search_term_string"}],"inLanguage":"ro-RO"},{"@type":"Organization","@id":"https:\/\/hifi-filter.com\/ro\/#organization","name":"HIFI FILTER","url":"https:\/\/hifi-filter.com\/ro\/","logo":{"@type":"ImageObject","inLanguage":"ro-RO","@id":"https:\/\/hifi-filter.com\/ro\/#\/schema\/logo\/image\/","url":"https:\/\/hifi-filter.com\/wp-content\/uploads\/2021\/11\/cropped-Favicon-HIFI-FILTER-1.png","contentUrl":"https:\/\/hifi-filter.com\/wp-content\/uploads\/2021\/11\/cropped-Favicon-HIFI-FILTER-1.png","width":190,"height":190,"caption":"HIFI FILTER"},"image":{"@id":"https:\/\/hifi-filter.com\/ro\/#\/schema\/logo\/image\/"},"sameAs":["https:\/\/www.facebook.com\/hififilter.group","https:\/\/www.linkedin.com\/company\/hififilter\/"]}]}},"_links":{"self":[{"href":"https:\/\/hifi-filter.com\/ro\/wp-json\/wp\/v2\/pages\/46708"}],"collection":[{"href":"https:\/\/hifi-filter.com\/ro\/wp-json\/wp\/v2\/pages"}],"about":[{"href":"https:\/\/hifi-filter.com\/ro\/wp-json\/wp\/v2\/types\/page"}],"author":[{"embeddable":true,"href":"https:\/\/hifi-filter.com\/ro\/wp-json\/wp\/v2\/users\/7"}],"replies":[{"embeddable":true,"href":"https:\/\/hifi-filter.com\/ro\/wp-json\/wp\/v2\/comments?post=46708"}],"version-history":[{"count":9,"href":"https:\/\/hifi-filter.com\/ro\/wp-json\/wp\/v2\/pages\/46708\/revisions"}],"predecessor-version":[{"id":51637,"href":"https:\/\/hifi-filter.com\/ro\/wp-json\/wp\/v2\/pages\/46708\/revisions\/51637"}],"wp:featuredmedia":[{"embeddable":true,"href":"https:\/\/hifi-filter.com\/ro\/wp-json\/wp\/v2\/media\/46488"}],"wp:attachment":[{"href":"https:\/\/hifi-filter.com\/ro\/wp-json\/wp\/v2\/media?parent=46708"}],"curies":[{"name":"wp","href":"https:\/\/api.w.org\/{rel}","templated":true}]}}